{"id":2161,"date":"2018-11-13T08:22:45","date_gmt":"2018-11-13T06:22:45","guid":{"rendered":"https:\/\/landioustravel.com\/product\/excursion-isla-giftun-hurghada\/"},"modified":"2025-10-01T20:20:47","modified_gmt":"2025-10-01T17:20:47","slug":"excursion-isla-giftun-hurghada","status":"publish","type":"product","link":"https:\/\/landioustravel.com\/es\/shop\/excursion-isla-giftun-hurghada\/","title":{"rendered":"Excursi\u00f3n a la isla de Giftun en Hurghada"},"content":{"rendered":"<p>\u00a1Un maravilloso viaje en barco a la isla Giftun en Hurghada! \u00a1Recomendamos el viaje porque permite a los turistas pasar un buen rato en el mar! El viaje te da la oportunidad de ver hermosos corales y una variedad de peces. Puede, sin embargo, disfrutar del picnic en el mar a lo largo de la costa del Mar Rojo y desembarcar en la isla de Giftun. La isla se encuentra cerca de la costa del mar Read en Hurghada.<\/p>\n<h2>Los principales puntos del programa de excursiones a Isla Giftun<\/h2>\n<ul>\n<li>Nadar dos veces en mar abierto desde el yate.<\/li>\n<li>Snorkel con m\u00e1scaras y aletas en mar abierto.<\/li>\n<li>Comida<\/li>\n<li>Aterrizando en la isla de Giftun<\/li>\n<\/ul>\n<h3>El programa de excursiones a la Isla Giftun en Hurghada<\/h3>\n<ul>\n<li>Recojo del hotel aproximadamente a las 08:00 am<\/li>\n<li>Despu\u00e9s de tomar todos los interesados, el autob\u00fas va al puerto. El camino hacia el puerto tiene 30 minutos.<\/li>\n<li>Encontrar\u00e1s tu yate en el puerto. \u00a1Es grande y elegante! Este yate consta de dos plantas. Tan pronto como suba al yate, es necesario quitarse el calzado y subir al segundo piso para broncearse en la terraza superior.<\/li>\n<li>El yate se mueve a trav\u00e9s del Mar Rojo, tan pronto como el grupo se re\u00fane. Y en un hermoso mar de corales, har\u00e1s una parada en mar abierto. All\u00ed podr\u00e1s nadar y bucear con m\u00e1scaras y aletas.<\/li>\n<li>A continuaci\u00f3n, te llevamos a la Isla Giftun en una lancha a motor.<\/li>\n<li>Desde la propia isla, ser\u00e1 posible ir al mar, o simplemente, a revolcarse en la suave arena de la playa.<\/li>\n<li>Despu\u00e9s de esta parada incre\u00edble, regresa al yate para el almuerzo. Durante el almuerzo, el buffet estar\u00e1 abierto.<\/li>\n<li>Adem\u00e1s, tendr\u00e1 tiempo para ir a nadar y hacer snorkeling con m\u00e1scaras y aletas en otro lugar marino.<\/li>\n<li>Esta excursi\u00f3n a la Isla Giftun termina aproximadamente a las 16:30 pm<\/li>\n<\/ul>\n<h4>Lo que est\u00e1 incluido en el precio del viaje<\/h4>\n<ul>\n<li>Mascaras y aletas<\/li>\n<li>Comida y bebidas<\/li>\n<li>Traslado al puerto y regreso al hotel.<\/li>\n<\/ul>\n<h5>Lo que no est\u00e1 incluido en el precio del viaje<\/h5>\n<ul>\n<li>Video DVD<\/li>\n<li>CD de fotos<\/li>\n<\/ul>\n<h6>Que llevar contigo para el viaje<\/h6>\n<ul>\n<li>Toalla<\/li>\n<li>Protector solar<\/li>\n<\/ul>\n<h6>D\u00cdAS DE LA ORGANIZACI\u00d3N DE EXCURSIONES<\/h6>\n<ul>\n<li>Todos los d\u00edas de 08:00 a 17:00.<\/li>\n<\/ul>\n","protected":false},"excerpt":{"rendered":"<p>Te mereces un tiempo para desconectar y relajarte, y \u00bfqu\u00e9 mejor manera de hacerlo que con un viaje a la isla Giftun en Hurghada? Cuando llegue a la isla, ser\u00e1 recibido por arenas doradas y aguas cristalinas, perfectas para nadar y tomar fotograf\u00edas impresionantes. Tendr\u00e1 un d\u00eda completo para tomar el sol y disfrutar de la tranquilidad de Paradise Island. Para hacer que su d\u00eda sea a\u00fan m\u00e1s agradable, el almuerzo y los refrescos est\u00e1n incluidos en el precio del viaje.<\/p>\n<p>Esta excursi\u00f3n de d\u00eda completo se ocupa de todo para que pueda concentrarse en aprovechar al m\u00e1ximo su tiempo. Tendr\u00e1 la oportunidad de experimentar m\u00faltiples espect\u00e1culos culturales, que incluyen danza del vientre y espect\u00e1culos folcl\u00f3ricos, todo mientras explora hermosos lugares para practicar snorkel y disfruta de actividades acu\u00e1ticas como bananas y sof\u00e1s flotantes. No tendr\u00e1 que preocuparse por planificar nada: todos los arreglos se han hecho por usted, incluidos los traslados de ida y vuelta desde y hacia su alojamiento en Hurghada.<\/p>\n<p>Despu\u00e9s de que lo recojan de su hotel, lo trasladar\u00e1n a un bote atracado en el Mar Rojo. Mientras navega hacia Paradise Island, tendr\u00e1 la oportunidad de admirar las impresionantes playas y arrecifes submarinos. Pase el d\u00eda en la isla explorando, haciendo esn\u00f3rquel y disfrutando de un delicioso almuerzo preparado y servido directamente en el barco. Luego, regrese al Mar Rojo para realizar m\u00e1s actividades acu\u00e1ticas y de esn\u00f3rquel antes de ser trasladado de regreso a su hotel.<\/p>\n<p>Entendemos lo importante que es tomarse un descanso del ajetreo y el bullicio de la vida cotidiana, y queremos asegurarnos de que su d\u00eda sea lo m\u00e1s libre de estr\u00e9s y agradable posible. Es por eso que nos hemos ocupado de todos los detalles por usted, para que pueda sentarse, relajarse y disfrutar de la belleza de la isla Giftun.<\/p>\n","protected":false},"featured_media":2162,"comment_status":"open","ping_status":"closed","template":"","meta":{"_coblocks_attr":"","_coblocks_dimensions":"","_coblocks_responsive_height":"","_coblocks_accordion_ie_support":"","_uag_custom_page_level_css":"","jetpack_post_was_ever_published":false,"jetpack_publicize_message":"","jetpack_publicize_feature_enabled":true,"jetpack_social_post_already_shared":false,"jetpack_social_options":{"image_generator_settings":{"template":"highway","default_image_id":0,"font":"","enabled":false},"version":2},"_wpas_customize_per_network":false},"product_brand":[],"product_cat":[1785,1791],"product_tag":[1799,1797,1808,1803,2258,1798,1802],"class_list":{"0":"post-2161","1":"product","2":"type-product","3":"status-publish","4":"has-post-thumbnail","6":"product_cat-excursiones-en-hurghada","7":"product_cat-excursiones-marinas-hurghada","8":"product_tag-snorkel","9":"product_tag-excursion-es","10":"product_tag-hurghada-es","11":"product_tag-isla","12":"product_tag-paraiso-ailand","13":"product_tag-mar","14":"product_tag-paseos-en-barco","16":"first","17":"instock","18":"sale","19":"virtual","20":"purchasable","21":"product-type-simple"},"yoast_head":"<!-- This site is optimized with the Yoast SEO Premium plugin v26.9 (Yoast SEO v27.3) - https:\/\/yoast.com\/product\/yoast-seo-premium-wordpress\/ -->\n<title>Excursi\u00f3n a la isla de Giftun en Hurghada<\/title>\n<meta name=\"description\" content=\"Excursi\u00f3n a la isla de Giftun en Hurghada har\u00e1 un picnic en el Mar Rojo, dos paradas en mar abierto y desembarcar\u00e1 en la isla para nadar.\" \/>\n<meta name=\"robots\" content=\"index, follow, max-snippet:-1, max-image-preview:large, max-video-preview:-1\" \/>\n<link rel=\"canonical\" href=\"https:\/\/landioustravel.com\/es\/shop\/excursion-isla-giftun-hurghada\/\" \/>\n<meta property=\"og:locale\" content=\"es_ES\" \/>\n<meta property=\"og:type\" content=\"article\" \/>\n<meta property=\"og:title\" content=\"Excursi\u00f3n a la isla de Giftun en Hurghada\" \/>\n<meta property=\"og:description\" content=\"Landious Travel\" \/>\n<meta property=\"og:url\" content=\"https:\/\/landioustravel.com\/es\/shop\/excursion-isla-giftun-hurghada\/\" \/>\n<meta property=\"og:site_name\" content=\"Landious Travel\" \/>\n<meta property=\"article:publisher\" content=\"https:\/\/web.facebook.com\/landiousEgypt\" \/>\n<meta property=\"article:modified_time\" content=\"2025-10-01T17:20:47+00:00\" \/>\n<meta property=\"og:image\" content=\"https:\/\/landioustravel.com\/wp-content\/uploads\/2019\/03\/Excursi\u00f3n_a_la_isla_de_Giftun_en_Hurghada-1024x577.jpg\" \/>\n\t<meta property=\"og:image:width\" content=\"1024\" \/>\n\t<meta property=\"og:image:height\" content=\"577\" \/>\n\t<meta property=\"og:image:type\" content=\"image\/jpeg\" \/>\n<meta name=\"twitter:card\" content=\"summary_large_image\" \/>\n<meta name=\"twitter:site\" content=\"@LandiousTours\" \/>\n<meta name=\"twitter:label1\" content=\"Tiempo de lectura\" \/>\n\t<meta name=\"twitter:data1\" content=\"2 minutos\" \/>\n<script type=\"application\/ld+json\" class=\"yoast-schema-graph\">{\"@context\":\"https:\\\/\\\/schema.org\",\"@graph\":[{\"@type\":\"WebPage\",\"@id\":\"https:\\\/\\\/landioustravel.com\\\/es\\\/shop\\\/excursion-isla-giftun-hurghada\\\/\",\"url\":\"https:\\\/\\\/landioustravel.com\\\/es\\\/shop\\\/excursion-isla-giftun-hurghada\\\/\",\"name\":\"Excursi\u00f3n a la isla de Giftun en Hurghada\",\"isPartOf\":{\"@id\":\"https:\\\/\\\/landioustravel.com\\\/es\\\/#website\"},\"primaryImageOfPage\":{\"@id\":\"https:\\\/\\\/landioustravel.com\\\/es\\\/shop\\\/excursion-isla-giftun-hurghada\\\/#primaryimage\"},\"image\":{\"@id\":\"https:\\\/\\\/landioustravel.com\\\/es\\\/shop\\\/excursion-isla-giftun-hurghada\\\/#primaryimage\"},\"thumbnailUrl\":\"https:\\\/\\\/i0.wp.com\\\/landioustravel.com\\\/wp-content\\\/uploads\\\/2019\\\/03\\\/Excursi%C3%B3n_a_la_isla_de_Giftun_en_Hurghada.jpg?fit=4694%2C2646&ssl=1\",\"datePublished\":\"2018-11-13T06:22:45+00:00\",\"dateModified\":\"2025-10-01T17:20:47+00:00\",\"description\":\"Excursi\u00f3n a la isla de Giftun en Hurghada har\u00e1 un picnic en el Mar Rojo, dos paradas en mar abierto y desembarcar\u00e1 en la isla para nadar.\",\"breadcrumb\":{\"@id\":\"https:\\\/\\\/landioustravel.com\\\/es\\\/shop\\\/excursion-isla-giftun-hurghada\\\/#breadcrumb\"},\"inLanguage\":\"es\",\"potentialAction\":[{\"@type\":\"ReadAction\",\"target\":[\"https:\\\/\\\/landioustravel.com\\\/es\\\/shop\\\/excursion-isla-giftun-hurghada\\\/\"]}]},{\"@type\":\"ImageObject\",\"inLanguage\":\"es\",\"@id\":\"https:\\\/\\\/landioustravel.com\\\/es\\\/shop\\\/excursion-isla-giftun-hurghada\\\/#primaryimage\",\"url\":\"https:\\\/\\\/i0.wp.com\\\/landioustravel.com\\\/wp-content\\\/uploads\\\/2019\\\/03\\\/Excursi%C3%B3n_a_la_isla_de_Giftun_en_Hurghada.jpg?fit=4694%2C2646&ssl=1\",\"contentUrl\":\"https:\\\/\\\/i0.wp.com\\\/landioustravel.com\\\/wp-content\\\/uploads\\\/2019\\\/03\\\/Excursi%C3%B3n_a_la_isla_de_Giftun_en_Hurghada.jpg?fit=4694%2C2646&ssl=1\",\"width\":4694,\"height\":2646,\"caption\":\"Excursion \u00e0 l'\u00eele Giftun \u00e0 Hurghada\"},{\"@type\":\"BreadcrumbList\",\"@id\":\"https:\\\/\\\/landioustravel.com\\\/es\\\/shop\\\/excursion-isla-giftun-hurghada\\\/#breadcrumb\",\"itemListElement\":[{\"@type\":\"ListItem\",\"position\":1,\"name\":\"Home\",\"item\":\"https:\\\/\\\/landioustravel.com\\\/es\\\/\"},{\"@type\":\"ListItem\",\"position\":2,\"name\":\"Servicios y Tours\",\"item\":\"https:\\\/\\\/landioustravel.com\\\/es\\\/\"},{\"@type\":\"ListItem\",\"position\":3,\"name\":\"Excursi\u00f3n a la isla de Giftun en Hurghada\"}]},{\"@type\":\"WebSite\",\"@id\":\"https:\\\/\\\/landioustravel.com\\\/es\\\/#website\",\"url\":\"https:\\\/\\\/landioustravel.com\\\/es\\\/\",\"name\":\"Landious Travel\",\"description\":\"Tours and Excursions in Egypt\",\"publisher\":{\"@id\":\"https:\\\/\\\/landioustravel.com\\\/es\\\/#organization\"},\"potentialAction\":[{\"@type\":\"SearchAction\",\"target\":{\"@type\":\"EntryPoint\",\"urlTemplate\":\"https:\\\/\\\/landioustravel.com\\\/es\\\/?s={search_term_string}\"},\"query-input\":{\"@type\":\"PropertyValueSpecification\",\"valueRequired\":true,\"valueName\":\"search_term_string\"}}],\"inLanguage\":\"es\"},{\"@type\":[\"Organization\",\"Place\"],\"@id\":\"https:\\\/\\\/landioustravel.com\\\/es\\\/#organization\",\"name\":\"Landious Travel\",\"alternateName\":\"Landious Travel\",\"url\":\"https:\\\/\\\/landioustravel.com\\\/es\\\/\",\"logo\":{\"@id\":\"https:\\\/\\\/landioustravel.com\\\/es\\\/shop\\\/excursion-isla-giftun-hurghada\\\/#local-main-organization-logo\"},\"image\":{\"@id\":\"https:\\\/\\\/landioustravel.com\\\/es\\\/shop\\\/excursion-isla-giftun-hurghada\\\/#local-main-organization-logo\"},\"sameAs\":[\"https:\\\/\\\/web.facebook.com\\\/landiousEgypt\",\"https:\\\/\\\/x.com\\\/LandiousTours\",\"https:\\\/\\\/mastodon.social\\\/@landious\"],\"legalName\":\"Landious Travel\",\"telephone\":[],\"openingHoursSpecification\":[{\"@type\":\"OpeningHoursSpecification\",\"dayOfWeek\":[\"Monday\",\"Tuesday\",\"Wednesday\",\"Thursday\",\"Friday\",\"Saturday\",\"Sunday\"],\"opens\":\"09:00\",\"closes\":\"17:00\"}]},{\"@type\":\"ImageObject\",\"inLanguage\":\"es\",\"@id\":\"https:\\\/\\\/landioustravel.com\\\/es\\\/shop\\\/excursion-isla-giftun-hurghada\\\/#local-main-organization-logo\",\"url\":\"https:\\\/\\\/i0.wp.com\\\/landioustravel.com\\\/wp-content\\\/uploads\\\/2021\\\/06\\\/Landious-T.png?fit=500%2C500&ssl=1\",\"contentUrl\":\"https:\\\/\\\/i0.wp.com\\\/landioustravel.com\\\/wp-content\\\/uploads\\\/2021\\\/06\\\/Landious-T.png?fit=500%2C500&ssl=1\",\"width\":500,\"height\":500,\"caption\":\"Landious Travel\"}]}<\/script>\n<!-- \/ Yoast SEO Premium plugin. -->","yoast_head_json":{"title":"Excursi\u00f3n a la isla de Giftun en Hurghada","description":"Excursi\u00f3n a la isla de Giftun en Hurghada har\u00e1 un picnic en el Mar Rojo, dos paradas en mar abierto y desembarcar\u00e1 en la isla para nadar.","robots":{"index":"index","follow":"follow","max-snippet":"max-snippet:-1","max-image-preview":"max-image-preview:large","max-video-preview":"max-video-preview:-1"},"canonical":"https:\/\/landioustravel.com\/es\/shop\/excursion-isla-giftun-hurghada\/","og_locale":"es_ES","og_type":"article","og_title":"Excursi\u00f3n a la isla de Giftun en Hurghada","og_description":"Landious Travel","og_url":"https:\/\/landioustravel.com\/es\/shop\/excursion-isla-giftun-hurghada\/","og_site_name":"Landious Travel","article_publisher":"https:\/\/web.facebook.com\/landiousEgypt","article_modified_time":"2025-10-01T17:20:47+00:00","og_image":[{"width":1024,"height":577,"url":"https:\/\/landioustravel.com\/wp-content\/uploads\/2019\/03\/Excursi\u00f3n_a_la_isla_de_Giftun_en_Hurghada-1024x577.jpg","type":"image\/jpeg"}],"twitter_card":"summary_large_image","twitter_site":"@LandiousTours","twitter_misc":{"Tiempo de lectura":"2 minutos"},"schema":{"@context":"https:\/\/schema.org","@graph":[{"@type":"WebPage","@id":"https:\/\/landioustravel.com\/es\/shop\/excursion-isla-giftun-hurghada\/","url":"https:\/\/landioustravel.com\/es\/shop\/excursion-isla-giftun-hurghada\/","name":"Excursi\u00f3n a la isla de Giftun en Hurghada","isPartOf":{"@id":"https:\/\/landioustravel.com\/es\/#website"},"primaryImageOfPage":{"@id":"https:\/\/landioustravel.com\/es\/shop\/excursion-isla-giftun-hurghada\/#primaryimage"},"image":{"@id":"https:\/\/landioustravel.com\/es\/shop\/excursion-isla-giftun-hurghada\/#primaryimage"},"thumbnailUrl":"https:\/\/i0.wp.com\/landioustravel.com\/wp-content\/uploads\/2019\/03\/Excursi%C3%B3n_a_la_isla_de_Giftun_en_Hurghada.jpg?fit=4694%2C2646&ssl=1","datePublished":"2018-11-13T06:22:45+00:00","dateModified":"2025-10-01T17:20:47+00:00","description":"Excursi\u00f3n a la isla de Giftun en Hurghada har\u00e1 un picnic en el Mar Rojo, dos paradas en mar abierto y desembarcar\u00e1 en la isla para nadar.","breadcrumb":{"@id":"https:\/\/landioustravel.com\/es\/shop\/excursion-isla-giftun-hurghada\/#breadcrumb"},"inLanguage":"es","potentialAction":[{"@type":"ReadAction","target":["https:\/\/landioustravel.com\/es\/shop\/excursion-isla-giftun-hurghada\/"]}]},{"@type":"ImageObject","inLanguage":"es","@id":"https:\/\/landioustravel.com\/es\/shop\/excursion-isla-giftun-hurghada\/#primaryimage","url":"https:\/\/i0.wp.com\/landioustravel.com\/wp-content\/uploads\/2019\/03\/Excursi%C3%B3n_a_la_isla_de_Giftun_en_Hurghada.jpg?fit=4694%2C2646&ssl=1","contentUrl":"https:\/\/i0.wp.com\/landioustravel.com\/wp-content\/uploads\/2019\/03\/Excursi%C3%B3n_a_la_isla_de_Giftun_en_Hurghada.jpg?fit=4694%2C2646&ssl=1","width":4694,"height":2646,"caption":"Excursion \u00e0 l'\u00eele Giftun \u00e0 Hurghada"},{"@type":"BreadcrumbList","@id":"https:\/\/landioustravel.com\/es\/shop\/excursion-isla-giftun-hurghada\/#breadcrumb","itemListElement":[{"@type":"ListItem","position":1,"name":"Home","item":"https:\/\/landioustravel.com\/es\/"},{"@type":"ListItem","position":2,"name":"Servicios y Tours","item":"https:\/\/landioustravel.com\/es\/"},{"@type":"ListItem","position":3,"name":"Excursi\u00f3n a la isla de Giftun en Hurghada"}]},{"@type":"WebSite","@id":"https:\/\/landioustravel.com\/es\/#website","url":"https:\/\/landioustravel.com\/es\/","name":"Landious Travel","description":"Tours and Excursions in Egypt","publisher":{"@id":"https:\/\/landioustravel.com\/es\/#organization"},"potentialAction":[{"@type":"SearchAction","target":{"@type":"EntryPoint","urlTemplate":"https:\/\/landioustravel.com\/es\/?s={search_term_string}"},"query-input":{"@type":"PropertyValueSpecification","valueRequired":true,"valueName":"search_term_string"}}],"inLanguage":"es"},{"@type":["Organization","Place"],"@id":"https:\/\/landioustravel.com\/es\/#organization","name":"Landious Travel","alternateName":"Landious Travel","url":"https:\/\/landioustravel.com\/es\/","logo":{"@id":"https:\/\/landioustravel.com\/es\/shop\/excursion-isla-giftun-hurghada\/#local-main-organization-logo"},"image":{"@id":"https:\/\/landioustravel.com\/es\/shop\/excursion-isla-giftun-hurghada\/#local-main-organization-logo"},"sameAs":["https:\/\/web.facebook.com\/landiousEgypt","https:\/\/x.com\/LandiousTours","https:\/\/mastodon.social\/@landious"],"legalName":"Landious Travel","telephone":[],"openingHoursSpecification":[{"@type":"OpeningHoursSpecification","dayOfWeek":["Monday","Tuesday","Wednesday","Thursday","Friday","Saturday","Sunday"],"opens":"09:00","closes":"17:00"}]},{"@type":"ImageObject","inLanguage":"es","@id":"https:\/\/landioustravel.com\/es\/shop\/excursion-isla-giftun-hurghada\/#local-main-organization-logo","url":"https:\/\/i0.wp.com\/landioustravel.com\/wp-content\/uploads\/2021\/06\/Landious-T.png?fit=500%2C500&ssl=1","contentUrl":"https:\/\/i0.wp.com\/landioustravel.com\/wp-content\/uploads\/2021\/06\/Landious-T.png?fit=500%2C500&ssl=1","width":500,"height":500,"caption":"Landious Travel"}]}},"jetpack_publicize_connections":[],"uagb_featured_image_src":{"full":["https:\/\/i0.wp.com\/landioustravel.com\/wp-content\/uploads\/2019\/03\/Excursi%C3%B3n_a_la_isla_de_Giftun_en_Hurghada.jpg?fit=4694%2C2646&ssl=1",4694,2646,false],"thumbnail":["https:\/\/i0.wp.com\/landioustravel.com\/wp-content\/uploads\/2019\/03\/Excursi%C3%B3n_a_la_isla_de_Giftun_en_Hurghada.jpg?resize=150%2C150&ssl=1",150,150,true],"medium":["https:\/\/i0.wp.com\/landioustravel.com\/wp-content\/uploads\/2019\/03\/Excursi%C3%B3n_a_la_isla_de_Giftun_en_Hurghada.jpg?fit=300%2C169&ssl=1",300,169,true],"medium_large":["https:\/\/i0.wp.com\/landioustravel.com\/wp-content\/uploads\/2019\/03\/Excursi%C3%B3n_a_la_isla_de_Giftun_en_Hurghada.jpg?fit=768%2C433&ssl=1",768,433,true],"large":["https:\/\/i0.wp.com\/landioustravel.com\/wp-content\/uploads\/2019\/03\/Excursi%C3%B3n_a_la_isla_de_Giftun_en_Hurghada.jpg?fit=980%2C552&ssl=1",980,552,true],"1536x1536":["https:\/\/i0.wp.com\/landioustravel.com\/wp-content\/uploads\/2019\/03\/Excursi%C3%B3n_a_la_isla_de_Giftun_en_Hurghada.jpg?fit=1536%2C866&ssl=1",1536,866,true],"2048x2048":["https:\/\/i0.wp.com\/landioustravel.com\/wp-content\/uploads\/2019\/03\/Excursi%C3%B3n_a_la_isla_de_Giftun_en_Hurghada.jpg?fit=2048%2C1154&ssl=1",2048,1154,true],"newspack-article-block-landscape-large":["https:\/\/i0.wp.com\/landioustravel.com\/wp-content\/uploads\/2019\/03\/Excursi%C3%B3n_a_la_isla_de_Giftun_en_Hurghada.jpg?resize=1200%2C900&ssl=1",1200,900,true],"newspack-article-block-portrait-large":["https:\/\/i0.wp.com\/landioustravel.com\/wp-content\/uploads\/2019\/03\/Excursi%C3%B3n_a_la_isla_de_Giftun_en_Hurghada.jpg?resize=900%2C1200&ssl=1",900,1200,true],"newspack-article-block-square-large":["https:\/\/i0.wp.com\/landioustravel.com\/wp-content\/uploads\/2019\/03\/Excursi%C3%B3n_a_la_isla_de_Giftun_en_Hurghada.jpg?resize=1200%2C1200&ssl=1",1200,1200,true],"newspack-article-block-landscape-medium":["https:\/\/i0.wp.com\/landioustravel.com\/wp-content\/uploads\/2019\/03\/Excursi%C3%B3n_a_la_isla_de_Giftun_en_Hurghada.jpg?resize=800%2C600&ssl=1",800,600,true],"newspack-article-block-portrait-medium":["https:\/\/i0.wp.com\/landioustravel.com\/wp-content\/uploads\/2019\/03\/Excursi%C3%B3n_a_la_isla_de_Giftun_en_Hurghada.jpg?resize=600%2C800&ssl=1",600,800,true],"newspack-article-block-square-medium":["https:\/\/i0.wp.com\/landioustravel.com\/wp-content\/uploads\/2019\/03\/Excursi%C3%B3n_a_la_isla_de_Giftun_en_Hurghada.jpg?resize=800%2C800&ssl=1",800,800,true],"newspack-article-block-landscape-intermediate":["https:\/\/i0.wp.com\/landioustravel.com\/wp-content\/uploads\/2019\/03\/Excursi%C3%B3n_a_la_isla_de_Giftun_en_Hurghada.jpg?resize=600%2C450&ssl=1",600,450,true],"newspack-article-block-portrait-intermediate":["https:\/\/i0.wp.com\/landioustravel.com\/wp-content\/uploads\/2019\/03\/Excursi%C3%B3n_a_la_isla_de_Giftun_en_Hurghada.jpg?resize=450%2C600&ssl=1",450,600,true],"newspack-article-block-square-intermediate":["https:\/\/i0.wp.com\/landioustravel.com\/wp-content\/uploads\/2019\/03\/Excursi%C3%B3n_a_la_isla_de_Giftun_en_Hurghada.jpg?resize=600%2C600&ssl=1",600,600,true],"newspack-article-block-landscape-small":["https:\/\/i0.wp.com\/landioustravel.com\/wp-content\/uploads\/2019\/03\/Excursi%C3%B3n_a_la_isla_de_Giftun_en_Hurghada.jpg?resize=400%2C300&ssl=1",400,300,true],"newspack-article-block-portrait-small":["https:\/\/i0.wp.com\/landioustravel.com\/wp-content\/uploads\/2019\/03\/Excursi%C3%B3n_a_la_isla_de_Giftun_en_Hurghada.jpg?resize=300%2C400&ssl=1",300,400,true],"newspack-article-block-square-small":["https:\/\/i0.wp.com\/landioustravel.com\/wp-content\/uploads\/2019\/03\/Excursi%C3%B3n_a_la_isla_de_Giftun_en_Hurghada.jpg?resize=400%2C400&ssl=1",400,400,true],"newspack-article-block-landscape-tiny":["https:\/\/i0.wp.com\/landioustravel.com\/wp-content\/uploads\/2019\/03\/Excursi%C3%B3n_a_la_isla_de_Giftun_en_Hurghada.jpg?resize=200%2C150&ssl=1",200,150,true],"newspack-article-block-portrait-tiny":["https:\/\/i0.wp.com\/landioustravel.com\/wp-content\/uploads\/2019\/03\/Excursi%C3%B3n_a_la_isla_de_Giftun_en_Hurghada.jpg?resize=150%2C200&ssl=1",150,200,true],"newspack-article-block-square-tiny":["https:\/\/i0.wp.com\/landioustravel.com\/wp-content\/uploads\/2019\/03\/Excursi%C3%B3n_a_la_isla_de_Giftun_en_Hurghada.jpg?resize=200%2C200&ssl=1",200,200,true],"newspack-article-block-uncropped":["https:\/\/i0.wp.com\/landioustravel.com\/wp-content\/uploads\/2019\/03\/Excursi%C3%B3n_a_la_isla_de_Giftun_en_Hurghada.jpg?fit=1200%2C676&ssl=1",1200,676,true],"woocommerce_thumbnail":["https:\/\/i0.wp.com\/landioustravel.com\/wp-content\/uploads\/2019\/03\/Excursi%C3%B3n_a_la_isla_de_Giftun_en_Hurghada.jpg?resize=324%2C324&ssl=1",324,324,true],"woocommerce_single":["https:\/\/i0.wp.com\/landioustravel.com\/wp-content\/uploads\/2019\/03\/Excursi%C3%B3n_a_la_isla_de_Giftun_en_Hurghada.jpg?fit=416%2C234&ssl=1",416,234,true],"woocommerce_gallery_thumbnail":["https:\/\/i0.wp.com\/landioustravel.com\/wp-content\/uploads\/2019\/03\/Excursi%C3%B3n_a_la_isla_de_Giftun_en_Hurghada.jpg?resize=100%2C100&ssl=1",100,100,true]},"uagb_author_info":{"display_name":"Mofreh Landious","author_link":"https:\/\/landioustravel.com\/es\/author\/"},"uagb_comment_info":7,"uagb_excerpt":"Te mereces un tiempo para desconectar y relajarte, y \u00bfqu\u00e9 mejor manera de hacerlo que con un viaje a la isla Giftun en Hurghada? Cuando llegue a la isla, ser\u00e1 recibido por arenas doradas y aguas cristalinas, perfectas para nadar y tomar fotograf\u00edas impresionantes. Tendr\u00e1 un d\u00eda completo para tomar el sol y disfrutar de&hellip;","jetpack_sharing_enabled":true,"jetpack_likes_enabled":true,"amp_enabled":true,"_links":{"self":[{"href":"https:\/\/landioustravel.com\/es\/wp-json\/wp\/v2\/product\/2161","targetHints":{"allow":["GET"]}}],"collection":[{"href":"https:\/\/landioustravel.com\/es\/wp-json\/wp\/v2\/product"}],"about":[{"href":"https:\/\/landioustravel.com\/es\/wp-json\/wp\/v2\/types\/product"}],"replies":[{"embeddable":true,"href":"https:\/\/landioustravel.com\/es\/wp-json\/wp\/v2\/comments?post=2161"}],"wp:featuredmedia":[{"embeddable":true,"href":"https:\/\/landioustravel.com\/es\/wp-json\/wp\/v2\/media\/2162"}],"wp:attachment":[{"href":"https:\/\/landioustravel.com\/es\/wp-json\/wp\/v2\/media?parent=2161"}],"wp:term":[{"taxonomy":"product_brand","embeddable":true,"href":"https:\/\/landioustravel.com\/es\/wp-json\/wp\/v2\/product_brand?post=2161"},{"taxonomy":"product_cat","embeddable":true,"href":"https:\/\/landioustravel.com\/es\/wp-json\/wp\/v2\/product_cat?post=2161"},{"taxonomy":"product_tag","embeddable":true,"href":"https:\/\/landioustravel.com\/es\/wp-json\/wp\/v2\/product_tag?post=2161"}],"curies":[{"name":"wp","href":"https:\/\/api.w.org\/{rel}","templated":true}]}}