{"id":2169,"date":"2018-11-12T08:00:37","date_gmt":"2018-11-12T06:00:37","guid":{"rendered":"https:\/\/landioustravel.com\/product\/excursion-utopia-de-hurghada\/"},"modified":"2026-01-03T19:24:52","modified_gmt":"2026-01-03T17:24:52","slug":"excursion-utopia-de-hurghada","status":"publish","type":"product","link":"https:\/\/landioustravel.com\/es\/shop\/excursion-utopia-de-hurghada\/","title":{"rendered":"Excursi\u00f3n Super utop\u00eda de Hurghada"},"content":{"rendered":"<p>\u00a1Un maravilloso viaje por mar a la isla de Utop\u00eda desde el centro tur\u00edstico de Hurghada! Recomendamos la excursi\u00f3n porque permite a los turistas pasar un buen rato en el mar viendo corales hermosos y varios peces, disfrutando de un picnic en el mar Rojo y subiendo a la Isla Utop\u00eda.<\/p>\n<h2>Principales puntos del programa de viaje en Super Utopia<\/h2>\n<ul>\n<li>Nadar en mar abierto desde el yate.<\/li>\n<li>Actividad de pesca<\/li>\n<li>Almuerzo<\/li>\n<li>Paseos en banano y sofa<\/li>\n<li>Desembarco en la isla de la utop\u00eda.<\/li>\n<\/ul>\n<h3>Programa de excursi\u00f3n a la isla Utop\u00eda desde Hurghada<\/h3>\n<ul>\n<li>Recogiendo desde el hotel aproximadamente a las 08:00<\/li>\n<li>Despu\u00e9s de tomar todos los interesados, el autob\u00fas va al puerto. El trayecto hasta el puerto dura aproximadamente 45 minutos.<\/li>\n<li>Encontrar\u00e1s tu yate en el puerto. \u00a1Es grande y elegante! El yate tiene dos pisos. Tan pronto como para entrar en el yate, es necesario quitarse el calzado y subir al segundo piso para broncearse en la terraza superior.<\/li>\n<li>El yate se mueve a trav\u00e9s del Mar Rojo, tan pronto como el grupo se re\u00fane. En los hermosos corales, har\u00e1s una parada en mar abierto. All\u00ed podr\u00e1s nadar y bucear con m\u00e1scaras y aletas.<\/li>\n<li>A continuaci\u00f3n, haremos una parada en otro lugar para ir a pescar.<\/li>\n<li>Despu\u00e9s de pescar, subes en un bote de fondo transparente a la isla de la utop\u00eda.<\/li>\n<li>Desde la isla, podr\u00e1s adentrarte en el mar o revolcarte en la suave arena de la playa.<\/li>\n<li>Luego, te llevamos de vuelta al barco para almorzar. Durante el almuerzo, el buffet estar\u00e1 abierto.<\/li>\n<li>Despu\u00e9s del almuerzo, puedes montar juguetes acu\u00e1ticos de banana y sof\u00e1.<\/li>\n<li>Este programa de excursiones a la isla de Utop\u00eda termina aproximadamente a las 16:30.<\/li>\n<\/ul>\n<h4>Lo que est\u00e1 incluido en el precio del viaje<\/h4>\n<ul>\n<li>Equipo de snorkel<\/li>\n<li>Comida y bebidas<\/li>\n<li>Traslado al puerto y regreso al hotel.<\/li>\n<\/ul>\n<h5>Lo que no est\u00e1 incluido en el precio del viaje<\/h5>\n<ul>\n<li>Video DVD<\/li>\n<li>CD de fotos<\/li>\n<\/ul>\n<h6>Que llevar contigo para el viaje<\/h6>\n<ul>\n<li>Toalla<\/li>\n<li>Protector solar<\/li>\n<\/ul>\n<h6>D\u00cdAS DE LA ORGANIZACI\u00d3N DE EXCURSIONES<\/h6>\n<ul>\n<li>Todos los d\u00edas de 08:00 a 17:00.<\/li>\n<\/ul>\n","protected":false},"excerpt":{"rendered":"<p>\u00a1Estamos encantados de ofrecerle un viaje inolvidable por mar a la isla de Utop\u00eda! Nuestro programa est\u00e1 dise\u00f1ado para brindarle una variedad de emocionantes actividades de deportes acu\u00e1ticos y la oportunidad de explorar la isla. Desde nadar y hacer esn\u00f3rquel hasta pescar y montar en juguetes acu\u00e1ticos tipo banana y sof\u00e1, este programa promete ser un d\u00eda lleno de aventuras y diversi\u00f3n. Entendemos la importancia de la seguridad y la comodidad para nuestros hu\u00e9spedes, por lo que ofrecemos traslados, almuerzos y bebidas gratuitos para garantizar una experiencia sin preocupaciones. Este viaje es perfecto para cualquiera que busque una experiencia conmovedora y rejuvenecedora en medio de las aguas cristalinas del Mar Rojo.<\/p>\n<p>Durante la traves\u00eda os proporcionamos todo el material necesario para adultos y ni\u00f1os para que pod\u00e1is disfrutar de las dos paradas de snorkel de una hora cada una. Tendr\u00e1 la oportunidad de presenciar de cerca una variedad de especies de corales y peces, lo que lo convierte en una experiencia verdaderamente m\u00e1gica. Despu\u00e9s de hacer snorkel, te obsequiamos con un delicioso almuerzo oriental que incluye pasta, arroz, patatas, carne, pescado, ensaladas y fruta. Para saciar su sed, le ofrecemos una selecci\u00f3n de refrescos.<\/p>\n<p>Despu\u00e9s del almuerzo, tendr\u00e1s 1:30 horas para explorar la isla y sumergirte en su belleza. Lo tenemos cubierto si est\u00e1 de humor para pescar. Proporcionamos todo el equipo necesario para que su experiencia de pesca sea memorable. Para aumentar la emoci\u00f3n, ofrecemos paseos gratuitos en bote banana y en un sof\u00e1 loco, junto con un viaje en bote de vidrio.<\/p>\n<p>Entendemos que la seguridad es una prioridad m\u00e1xima, por eso nos hemos asegurado de que el barco est\u00e9 equipado con todas las medidas de seguridad necesarias. Queremos que disfrutes al m\u00e1ximo de tu viaje sin preocupaciones. Recomendamos este viaje a todos los entusiastas de los deportes acu\u00e1ticos que deseen rejuvenecer su mente, cuerpo y alma en medio de las aguas m\u00e1gicas de la Isla Utop\u00eda.<\/p>\n","protected":false},"featured_media":29162,"comment_status":"open","ping_status":"closed","template":"","meta":{"_coblocks_attr":"","_coblocks_dimensions":"","_coblocks_responsive_height":"","_coblocks_accordion_ie_support":"","_uag_custom_page_level_css":"","jetpack_publicize_message":"","jetpack_publicize_feature_enabled":true,"jetpack_social_post_already_shared":false,"jetpack_social_options":{"image_generator_settings":{"template":"highway","default_image_id":0,"font":"","enabled":false},"version":2},"_wpas_customize_per_network":false},"product_brand":[],"product_cat":[1785,1791],"product_tag":[1799,1797,2147,1808,1803,1798,1802],"class_list":{"0":"post-2169","1":"product","2":"type-product","3":"status-publish","4":"has-post-thumbnail","6":"product_cat-excursiones-en-hurghada","7":"product_cat-excursiones-marinas-hurghada","8":"product_tag-snorkel","9":"product_tag-excursion-es","10":"product_tag-excursiones-desde-hurghada","11":"product_tag-hurghada-es","12":"product_tag-isla","13":"product_tag-mar","14":"product_tag-paseos-en-barco","15":"pa_age-el-adulto","16":"pa_age-nino-1-4-anos","17":"pa_age-nino-5-11-anos","19":"first","20":"instock","21":"sale","22":"purchasable","23":"product-type-variable"},"yoast_head":"<!-- This site is optimized with the Yoast SEO Premium plugin v26.9 (Yoast SEO v27.5) - https:\/\/yoast.com\/product\/yoast-seo-premium-wordpress\/ -->\n<title>Excursi\u00f3n Super utop\u00eda de Hurghada<\/title>\n<meta name=\"description\" content=\"Excursi\u00f3n Super utop\u00eda de Hurghada incluye nadar con m\u00e1scaras y aletas en alta mar, pescar, desembarcar en la isla de la utop\u00eda y montar en juguetes\" \/>\n<meta name=\"robots\" content=\"index, follow, max-snippet:-1, max-image-preview:large, max-video-preview:-1\" \/>\n<link rel=\"canonical\" href=\"https:\/\/landioustravel.com\/es\/shop\/excursion-utopia-de-hurghada\/\" \/>\n<meta property=\"og:locale\" content=\"es_ES\" \/>\n<meta property=\"og:type\" content=\"article\" \/>\n<meta property=\"og:title\" content=\"Excursi\u00f3n Super utop\u00eda de Hurghada\" \/>\n<meta property=\"og:description\" content=\"Landious Travel\" \/>\n<meta property=\"og:url\" content=\"https:\/\/landioustravel.com\/es\/shop\/excursion-utopia-de-hurghada\/\" \/>\n<meta property=\"og:site_name\" content=\"Landious Travel\" \/>\n<meta property=\"article:publisher\" content=\"https:\/\/web.facebook.com\/landiousEgypt\" \/>\n<meta property=\"article:modified_time\" content=\"2026-01-03T17:24:52+00:00\" \/>\n<meta property=\"og:image\" content=\"https:\/\/i0.wp.com\/landioustravel.com\/wp-content\/uploads\/2021\/03\/Utopia_snprkelling_trip-e1615595681766.jpg?fit=1200%2C675&ssl=1\" \/>\n\t<meta property=\"og:image:width\" content=\"1200\" \/>\n\t<meta property=\"og:image:height\" content=\"675\" \/>\n\t<meta property=\"og:image:type\" content=\"image\/jpeg\" \/>\n<meta name=\"twitter:card\" content=\"summary_large_image\" \/>\n<meta name=\"twitter:site\" content=\"@LandiousTours\" \/>\n<meta name=\"twitter:label1\" content=\"Tiempo de lectura\" \/>\n\t<meta name=\"twitter:data1\" content=\"2 minutos\" \/>\n<script type=\"application\/ld+json\" class=\"yoast-schema-graph\">{\"@context\":\"https:\\\/\\\/schema.org\",\"@graph\":[{\"@type\":\"WebPage\",\"@id\":\"https:\\\/\\\/landioustravel.com\\\/es\\\/shop\\\/excursion-utopia-de-hurghada\\\/\",\"url\":\"https:\\\/\\\/landioustravel.com\\\/es\\\/shop\\\/excursion-utopia-de-hurghada\\\/\",\"name\":\"Excursi\u00f3n Super utop\u00eda de Hurghada\",\"isPartOf\":{\"@id\":\"https:\\\/\\\/landioustravel.com\\\/es\\\/#website\"},\"primaryImageOfPage\":{\"@id\":\"https:\\\/\\\/landioustravel.com\\\/es\\\/shop\\\/excursion-utopia-de-hurghada\\\/#primaryimage\"},\"image\":{\"@id\":\"https:\\\/\\\/landioustravel.com\\\/es\\\/shop\\\/excursion-utopia-de-hurghada\\\/#primaryimage\"},\"thumbnailUrl\":\"https:\\\/\\\/i0.wp.com\\\/landioustravel.com\\\/wp-content\\\/uploads\\\/2021\\\/03\\\/Utopia_snprkelling_trip-e1615595681766.jpg?fit=1200%2C675&ssl=1\",\"datePublished\":\"2018-11-12T06:00:37+00:00\",\"dateModified\":\"2026-01-03T17:24:52+00:00\",\"description\":\"Excursi\u00f3n Super utop\u00eda de Hurghada incluye nadar con m\u00e1scaras y aletas en alta mar, pescar, desembarcar en la isla de la utop\u00eda y montar en juguetes\",\"breadcrumb\":{\"@id\":\"https:\\\/\\\/landioustravel.com\\\/es\\\/shop\\\/excursion-utopia-de-hurghada\\\/#breadcrumb\"},\"inLanguage\":\"es\",\"potentialAction\":[{\"@type\":\"ReadAction\",\"target\":[\"https:\\\/\\\/landioustravel.com\\\/es\\\/shop\\\/excursion-utopia-de-hurghada\\\/\"]}]},{\"@type\":\"ImageObject\",\"inLanguage\":\"es\",\"@id\":\"https:\\\/\\\/landioustravel.com\\\/es\\\/shop\\\/excursion-utopia-de-hurghada\\\/#primaryimage\",\"url\":\"https:\\\/\\\/i0.wp.com\\\/landioustravel.com\\\/wp-content\\\/uploads\\\/2021\\\/03\\\/Utopia_snprkelling_trip-e1615595681766.jpg?fit=1200%2C675&ssl=1\",\"contentUrl\":\"https:\\\/\\\/i0.wp.com\\\/landioustravel.com\\\/wp-content\\\/uploads\\\/2021\\\/03\\\/Utopia_snprkelling_trip-e1615595681766.jpg?fit=1200%2C675&ssl=1\",\"width\":1200,\"height\":675,\"caption\":\"\u042d\u043a\u0441\u043a\u0443\u0440\u0441\u0438\u044f \u0421\u0443\u043f\u0435\u0440 \u0423\u0442\u043e\u043f\u0438\u044f \u0438\u0437 \u0425\u0443\u0440\u0433\u0430\u0434\u044b\"},{\"@type\":\"BreadcrumbList\",\"@id\":\"https:\\\/\\\/landioustravel.com\\\/es\\\/shop\\\/excursion-utopia-de-hurghada\\\/#breadcrumb\",\"itemListElement\":[{\"@type\":\"ListItem\",\"position\":1,\"name\":\"Home\",\"item\":\"https:\\\/\\\/landioustravel.com\\\/es\\\/\"},{\"@type\":\"ListItem\",\"position\":2,\"name\":\"Servicios y Tours\",\"item\":\"https:\\\/\\\/landioustravel.com\\\/es\\\/\"},{\"@type\":\"ListItem\",\"position\":3,\"name\":\"Excursi\u00f3n Super utop\u00eda de Hurghada\"}]},{\"@type\":\"WebSite\",\"@id\":\"https:\\\/\\\/landioustravel.com\\\/es\\\/#website\",\"url\":\"https:\\\/\\\/landioustravel.com\\\/es\\\/\",\"name\":\"Landious Travel\",\"description\":\"Tours and Excursions in Egypt\",\"publisher\":{\"@id\":\"https:\\\/\\\/landioustravel.com\\\/es\\\/#organization\"},\"potentialAction\":[{\"@type\":\"SearchAction\",\"target\":{\"@type\":\"EntryPoint\",\"urlTemplate\":\"https:\\\/\\\/landioustravel.com\\\/es\\\/?s={search_term_string}\"},\"query-input\":{\"@type\":\"PropertyValueSpecification\",\"valueRequired\":true,\"valueName\":\"search_term_string\"}}],\"inLanguage\":\"es\"},{\"@type\":[\"Organization\",\"Place\"],\"@id\":\"https:\\\/\\\/landioustravel.com\\\/es\\\/#organization\",\"name\":\"Landious Travel\",\"alternateName\":\"Landious Travel\",\"url\":\"https:\\\/\\\/landioustravel.com\\\/es\\\/\",\"logo\":{\"@id\":\"https:\\\/\\\/landioustravel.com\\\/es\\\/shop\\\/excursion-utopia-de-hurghada\\\/#local-main-organization-logo\"},\"image\":{\"@id\":\"https:\\\/\\\/landioustravel.com\\\/es\\\/shop\\\/excursion-utopia-de-hurghada\\\/#local-main-organization-logo\"},\"sameAs\":[\"https:\\\/\\\/web.facebook.com\\\/landiousEgypt\",\"https:\\\/\\\/x.com\\\/LandiousTours\",\"https:\\\/\\\/mastodon.social\\\/@landious\"],\"legalName\":\"Landious Travel\",\"telephone\":[],\"openingHoursSpecification\":[{\"@type\":\"OpeningHoursSpecification\",\"dayOfWeek\":[\"Monday\",\"Tuesday\",\"Wednesday\",\"Thursday\",\"Friday\",\"Saturday\",\"Sunday\"],\"opens\":\"09:00\",\"closes\":\"17:00\"}]},{\"@type\":\"ImageObject\",\"inLanguage\":\"es\",\"@id\":\"https:\\\/\\\/landioustravel.com\\\/es\\\/shop\\\/excursion-utopia-de-hurghada\\\/#local-main-organization-logo\",\"url\":\"https:\\\/\\\/i0.wp.com\\\/landioustravel.com\\\/wp-content\\\/uploads\\\/2021\\\/06\\\/Landious-T.png?fit=500%2C500&ssl=1\",\"contentUrl\":\"https:\\\/\\\/i0.wp.com\\\/landioustravel.com\\\/wp-content\\\/uploads\\\/2021\\\/06\\\/Landious-T.png?fit=500%2C500&ssl=1\",\"width\":500,\"height\":500,\"caption\":\"Landious Travel\"}]}<\/script>\n<!-- \/ Yoast SEO Premium plugin. -->","yoast_head_json":{"title":"Excursi\u00f3n Super utop\u00eda de Hurghada","description":"Excursi\u00f3n Super utop\u00eda de Hurghada incluye nadar con m\u00e1scaras y aletas en alta mar, pescar, desembarcar en la isla de la utop\u00eda y montar en juguetes","robots":{"index":"index","follow":"follow","max-snippet":"max-snippet:-1","max-image-preview":"max-image-preview:large","max-video-preview":"max-video-preview:-1"},"canonical":"https:\/\/landioustravel.com\/es\/shop\/excursion-utopia-de-hurghada\/","og_locale":"es_ES","og_type":"article","og_title":"Excursi\u00f3n Super utop\u00eda de Hurghada","og_description":"Landious Travel","og_url":"https:\/\/landioustravel.com\/es\/shop\/excursion-utopia-de-hurghada\/","og_site_name":"Landious Travel","article_publisher":"https:\/\/web.facebook.com\/landiousEgypt","article_modified_time":"2026-01-03T17:24:52+00:00","og_image":[{"width":1200,"height":675,"url":"https:\/\/i0.wp.com\/landioustravel.com\/wp-content\/uploads\/2021\/03\/Utopia_snprkelling_trip-e1615595681766.jpg?fit=1200%2C675&ssl=1","type":"image\/jpeg"}],"twitter_card":"summary_large_image","twitter_site":"@LandiousTours","twitter_misc":{"Tiempo de lectura":"2 minutos"},"schema":{"@context":"https:\/\/schema.org","@graph":[{"@type":"WebPage","@id":"https:\/\/landioustravel.com\/es\/shop\/excursion-utopia-de-hurghada\/","url":"https:\/\/landioustravel.com\/es\/shop\/excursion-utopia-de-hurghada\/","name":"Excursi\u00f3n Super utop\u00eda de Hurghada","isPartOf":{"@id":"https:\/\/landioustravel.com\/es\/#website"},"primaryImageOfPage":{"@id":"https:\/\/landioustravel.com\/es\/shop\/excursion-utopia-de-hurghada\/#primaryimage"},"image":{"@id":"https:\/\/landioustravel.com\/es\/shop\/excursion-utopia-de-hurghada\/#primaryimage"},"thumbnailUrl":"https:\/\/i0.wp.com\/landioustravel.com\/wp-content\/uploads\/2021\/03\/Utopia_snprkelling_trip-e1615595681766.jpg?fit=1200%2C675&ssl=1","datePublished":"2018-11-12T06:00:37+00:00","dateModified":"2026-01-03T17:24:52+00:00","description":"Excursi\u00f3n Super utop\u00eda de Hurghada incluye nadar con m\u00e1scaras y aletas en alta mar, pescar, desembarcar en la isla de la utop\u00eda y montar en juguetes","breadcrumb":{"@id":"https:\/\/landioustravel.com\/es\/shop\/excursion-utopia-de-hurghada\/#breadcrumb"},"inLanguage":"es","potentialAction":[{"@type":"ReadAction","target":["https:\/\/landioustravel.com\/es\/shop\/excursion-utopia-de-hurghada\/"]}]},{"@type":"ImageObject","inLanguage":"es","@id":"https:\/\/landioustravel.com\/es\/shop\/excursion-utopia-de-hurghada\/#primaryimage","url":"https:\/\/i0.wp.com\/landioustravel.com\/wp-content\/uploads\/2021\/03\/Utopia_snprkelling_trip-e1615595681766.jpg?fit=1200%2C675&ssl=1","contentUrl":"https:\/\/i0.wp.com\/landioustravel.com\/wp-content\/uploads\/2021\/03\/Utopia_snprkelling_trip-e1615595681766.jpg?fit=1200%2C675&ssl=1","width":1200,"height":675,"caption":"\u042d\u043a\u0441\u043a\u0443\u0440\u0441\u0438\u044f \u0421\u0443\u043f\u0435\u0440 \u0423\u0442\u043e\u043f\u0438\u044f \u0438\u0437 \u0425\u0443\u0440\u0433\u0430\u0434\u044b"},{"@type":"BreadcrumbList","@id":"https:\/\/landioustravel.com\/es\/shop\/excursion-utopia-de-hurghada\/#breadcrumb","itemListElement":[{"@type":"ListItem","position":1,"name":"Home","item":"https:\/\/landioustravel.com\/es\/"},{"@type":"ListItem","position":2,"name":"Servicios y Tours","item":"https:\/\/landioustravel.com\/es\/"},{"@type":"ListItem","position":3,"name":"Excursi\u00f3n Super utop\u00eda de Hurghada"}]},{"@type":"WebSite","@id":"https:\/\/landioustravel.com\/es\/#website","url":"https:\/\/landioustravel.com\/es\/","name":"Landious Travel","description":"Tours and Excursions in Egypt","publisher":{"@id":"https:\/\/landioustravel.com\/es\/#organization"},"potentialAction":[{"@type":"SearchAction","target":{"@type":"EntryPoint","urlTemplate":"https:\/\/landioustravel.com\/es\/?s={search_term_string}"},"query-input":{"@type":"PropertyValueSpecification","valueRequired":true,"valueName":"search_term_string"}}],"inLanguage":"es"},{"@type":["Organization","Place"],"@id":"https:\/\/landioustravel.com\/es\/#organization","name":"Landious Travel","alternateName":"Landious Travel","url":"https:\/\/landioustravel.com\/es\/","logo":{"@id":"https:\/\/landioustravel.com\/es\/shop\/excursion-utopia-de-hurghada\/#local-main-organization-logo"},"image":{"@id":"https:\/\/landioustravel.com\/es\/shop\/excursion-utopia-de-hurghada\/#local-main-organization-logo"},"sameAs":["https:\/\/web.facebook.com\/landiousEgypt","https:\/\/x.com\/LandiousTours","https:\/\/mastodon.social\/@landious"],"legalName":"Landious Travel","telephone":[],"openingHoursSpecification":[{"@type":"OpeningHoursSpecification","dayOfWeek":["Monday","Tuesday","Wednesday","Thursday","Friday","Saturday","Sunday"],"opens":"09:00","closes":"17:00"}]},{"@type":"ImageObject","inLanguage":"es","@id":"https:\/\/landioustravel.com\/es\/shop\/excursion-utopia-de-hurghada\/#local-main-organization-logo","url":"https:\/\/i0.wp.com\/landioustravel.com\/wp-content\/uploads\/2021\/06\/Landious-T.png?fit=500%2C500&ssl=1","contentUrl":"https:\/\/i0.wp.com\/landioustravel.com\/wp-content\/uploads\/2021\/06\/Landious-T.png?fit=500%2C500&ssl=1","width":500,"height":500,"caption":"Landious Travel"}]}},"jetpack_publicize_connections":[],"uagb_featured_image_src":{"full":["https:\/\/i0.wp.com\/landioustravel.com\/wp-content\/uploads\/2021\/03\/Utopia_snprkelling_trip-e1615595681766.jpg?fit=1200%2C675&ssl=1",1200,675,false],"thumbnail":["https:\/\/i0.wp.com\/landioustravel.com\/wp-content\/uploads\/2021\/03\/Utopia_snprkelling_trip-e1615595681766.jpg?resize=150%2C150&ssl=1",150,150,true],"medium":["https:\/\/i0.wp.com\/landioustravel.com\/wp-content\/uploads\/2021\/03\/Utopia_snprkelling_trip-e1615595681766.jpg?fit=300%2C169&ssl=1",300,169,true],"medium_large":["https:\/\/i0.wp.com\/landioustravel.com\/wp-content\/uploads\/2021\/03\/Utopia_snprkelling_trip-e1615595681766.jpg?fit=768%2C432&ssl=1",768,432,true],"large":["https:\/\/i0.wp.com\/landioustravel.com\/wp-content\/uploads\/2021\/03\/Utopia_snprkelling_trip-e1615595681766.jpg?fit=980%2C551&ssl=1",980,551,true],"1536x1536":["https:\/\/i0.wp.com\/landioustravel.com\/wp-content\/uploads\/2021\/03\/Utopia_snprkelling_trip-e1615595681766.jpg?fit=1536%2C864&ssl=1",1536,864,true],"2048x2048":["https:\/\/i0.wp.com\/landioustravel.com\/wp-content\/uploads\/2021\/03\/Utopia_snprkelling_trip-e1615595681766.jpg?fit=2048%2C1152&ssl=1",2048,1152,true],"newspack-article-block-landscape-large":["https:\/\/i0.wp.com\/landioustravel.com\/wp-content\/uploads\/2021\/03\/Utopia_snprkelling_trip-e1615595681766.jpg?resize=1200%2C675&ssl=1",1200,900,true],"newspack-article-block-portrait-large":["https:\/\/i0.wp.com\/landioustravel.com\/wp-content\/uploads\/2021\/03\/Utopia_snprkelling_trip-e1615595681766.jpg?resize=900%2C675&ssl=1",900,675,true],"newspack-article-block-square-large":["https:\/\/i0.wp.com\/landioustravel.com\/wp-content\/uploads\/2021\/03\/Utopia_snprkelling_trip-e1615595681766.jpg?resize=1200%2C675&ssl=1",1200,1200,true],"newspack-article-block-landscape-medium":["https:\/\/i0.wp.com\/landioustravel.com\/wp-content\/uploads\/2021\/03\/Utopia_snprkelling_trip-e1615595681766.jpg?resize=800%2C600&ssl=1",800,600,true],"newspack-article-block-portrait-medium":["https:\/\/i0.wp.com\/landioustravel.com\/wp-content\/uploads\/2021\/03\/Utopia_snprkelling_trip-e1615595681766.jpg?resize=600%2C675&ssl=1",600,675,true],"newspack-article-block-square-medium":["https:\/\/i0.wp.com\/landioustravel.com\/wp-content\/uploads\/2021\/03\/Utopia_snprkelling_trip-e1615595681766.jpg?resize=800%2C675&ssl=1",800,675,true],"newspack-article-block-landscape-intermediate":["https:\/\/i0.wp.com\/landioustravel.com\/wp-content\/uploads\/2021\/03\/Utopia_snprkelling_trip-e1615595681766.jpg?resize=600%2C450&ssl=1",600,450,true],"newspack-article-block-portrait-intermediate":["https:\/\/i0.wp.com\/landioustravel.com\/wp-content\/uploads\/2021\/03\/Utopia_snprkelling_trip-e1615595681766.jpg?resize=450%2C600&ssl=1",450,600,true],"newspack-article-block-square-intermediate":["https:\/\/i0.wp.com\/landioustravel.com\/wp-content\/uploads\/2021\/03\/Utopia_snprkelling_trip-e1615595681766.jpg?resize=600%2C600&ssl=1",600,600,true],"newspack-article-block-landscape-small":["https:\/\/i0.wp.com\/landioustravel.com\/wp-content\/uploads\/2021\/03\/Utopia_snprkelling_trip-e1615595681766.jpg?resize=400%2C300&ssl=1",400,300,true],"newspack-article-block-portrait-small":["https:\/\/i0.wp.com\/landioustravel.com\/wp-content\/uploads\/2021\/03\/Utopia_snprkelling_trip-e1615595681766.jpg?resize=300%2C400&ssl=1",300,400,true],"newspack-article-block-square-small":["https:\/\/i0.wp.com\/landioustravel.com\/wp-content\/uploads\/2021\/03\/Utopia_snprkelling_trip-e1615595681766.jpg?resize=400%2C400&ssl=1",400,400,true],"newspack-article-block-landscape-tiny":["https:\/\/i0.wp.com\/landioustravel.com\/wp-content\/uploads\/2021\/03\/Utopia_snprkelling_trip-e1615595681766.jpg?resize=200%2C150&ssl=1",200,150,true],"newspack-article-block-portrait-tiny":["https:\/\/i0.wp.com\/landioustravel.com\/wp-content\/uploads\/2021\/03\/Utopia_snprkelling_trip-e1615595681766.jpg?resize=150%2C200&ssl=1",150,200,true],"newspack-article-block-square-tiny":["https:\/\/i0.wp.com\/landioustravel.com\/wp-content\/uploads\/2021\/03\/Utopia_snprkelling_trip-e1615595681766.jpg?resize=200%2C200&ssl=1",200,200,true],"newspack-article-block-uncropped":["https:\/\/i0.wp.com\/landioustravel.com\/wp-content\/uploads\/2021\/03\/Utopia_snprkelling_trip-e1615595681766.jpg?fit=1200%2C675&ssl=1",1200,675,true],"woocommerce_thumbnail":["https:\/\/i0.wp.com\/landioustravel.com\/wp-content\/uploads\/2021\/03\/Utopia_snprkelling_trip-e1615595681766.jpg?resize=324%2C324&ssl=1",324,324,true],"woocommerce_single":["https:\/\/i0.wp.com\/landioustravel.com\/wp-content\/uploads\/2021\/03\/Utopia_snprkelling_trip-e1615595681766.jpg?fit=416%2C234&ssl=1",416,234,true],"woocommerce_gallery_thumbnail":["https:\/\/i0.wp.com\/landioustravel.com\/wp-content\/uploads\/2021\/03\/Utopia_snprkelling_trip-e1615595681766.jpg?resize=100%2C100&ssl=1",100,100,true]},"uagb_author_info":{"display_name":"Mofreh Landious","author_link":"https:\/\/landioustravel.com\/es\/author\/"},"uagb_comment_info":8,"uagb_excerpt":"\u00a1Estamos encantados de ofrecerle un viaje inolvidable por mar a la isla de Utop\u00eda! Nuestro programa est\u00e1 dise\u00f1ado para brindarle una variedad de emocionantes actividades de deportes acu\u00e1ticos y la oportunidad de explorar la isla. Desde nadar y hacer esn\u00f3rquel hasta pescar y montar en juguetes acu\u00e1ticos tipo banana y sof\u00e1, este programa promete ser&hellip;","jetpack_sharing_enabled":true,"jetpack_likes_enabled":true,"amp_enabled":true,"_links":{"self":[{"href":"https:\/\/landioustravel.com\/es\/wp-json\/wp\/v2\/product\/2169","targetHints":{"allow":["GET"]}}],"collection":[{"href":"https:\/\/landioustravel.com\/es\/wp-json\/wp\/v2\/product"}],"about":[{"href":"https:\/\/landioustravel.com\/es\/wp-json\/wp\/v2\/types\/product"}],"replies":[{"embeddable":true,"href":"https:\/\/landioustravel.com\/es\/wp-json\/wp\/v2\/comments?post=2169"}],"wp:featuredmedia":[{"embeddable":true,"href":"https:\/\/landioustravel.com\/es\/wp-json\/wp\/v2\/media\/29162"}],"wp:attachment":[{"href":"https:\/\/landioustravel.com\/es\/wp-json\/wp\/v2\/media?parent=2169"}],"wp:term":[{"taxonomy":"product_brand","embeddable":true,"href":"https:\/\/landioustravel.com\/es\/wp-json\/wp\/v2\/product_brand?post=2169"},{"taxonomy":"product_cat","embeddable":true,"href":"https:\/\/landioustravel.com\/es\/wp-json\/wp\/v2\/product_cat?post=2169"},{"taxonomy":"product_tag","embeddable":true,"href":"https:\/\/landioustravel.com\/es\/wp-json\/wp\/v2\/product_tag?post=2169"}],"curies":[{"name":"wp","href":"https:\/\/api.w.org\/{rel}","templated":true}]}}