{"id":2171,"date":"2018-11-12T00:52:50","date_gmt":"2018-11-11T22:52:50","guid":{"rendered":"https:\/\/landioustravel.com\/product\/excursion-cairo-giza-desde-hurghada\/"},"modified":"2024-09-17T20:14:03","modified_gmt":"2024-09-17T17:14:03","slug":"excursion-cairo-giza-desde-hurghada","status":"publish","type":"product","link":"https:\/\/landioustravel.com\/es\/shop\/excursion-cairo-giza-desde-hurghada\/","title":{"rendered":"Excursi\u00f3n a El Cairo-Giza desde Hurghada"},"content":{"rendered":"<p>Un maravilloso viaje a El Cairo desde la localidad de Hurghada! Recomendamos la excursi\u00f3n debido a que permite a los turistas ver las vistas m\u00e1s impresionantes, construidas durante el antiguo Egipto, y aprender m\u00e1s sobre la historia del pa\u00eds.<\/p>\n<h2>Principales puntos del programa de excursiones en el Cairo<\/h2>\n<ul>\n<li>Visita al Museo Egipcio de El Cairo.<\/li>\n<li>Almuerzo<\/li>\n<li>Visita las tres pir\u00e1mides en Giza<\/li>\n<li>Visita la Gran Esfinge en el complejo piramidal.<\/li>\n<\/ul>\n<h3>Programa de excursi\u00f3n a El Cairo-Giza desde Hurghada<\/h3>\n<ul>\n<li>Recojo del hotel alrededor de las 02:00 de la ma\u00f1ana.<\/li>\n<li>Despu\u00e9s de tomar a todos los interesados, el autob\u00fas sale de El Cairo y pasa por la ciudad de Ras Ghareb, Zafaran, Ain Sozno y Suez. Todas estas ciudades est\u00e1n al norte de Hurghada, en la costa del Mar Rojo. El camino, desde el centro de Hurghada a El Cairo, toma aproximadamente 6 horas.<\/li>\n<\/ul>\n<h4>Programa en el Cairo<\/h4>\n<ul>\n<li>Apenas llegas a El Cairo, te mostramos el Museo Egipcio. Su gu\u00eda tendr\u00e1 la tarea de mostrar todos estos templos y dar tiempo libre para tomar fotograf\u00edas.<\/li>\n<li>Despu\u00e9s de visitar el Museo Egipcio en El Cairo, comienza el viaje en barco por el Nilo. Este es un programa adicional y se debe solicitar con anticipaci\u00f3n a trav\u00e9s de nosotros. Tan pronto como termina el paseo en bote por el Nilo, se dirigir\u00e1 a otra ciudad _ Giza<\/li>\n<\/ul>\n<h4>Programa de giza<\/h4>\n<ul>\n<li>El recorrido contin\u00faa en Giza. La primera parada all\u00ed ser\u00e1 en el restaurante. Ofrece un buffet<\/li>\n<li>Despu\u00e9s del almuerzo, hacer compras por un poco de tiempo.<\/li>\n<li>Luego, el grupo va al complejo piramidal, donde hay tres grandes pir\u00e1mides y la Esfinge. Tu gu\u00eda los muestra y les da una foto.<\/li>\n<li>Antes del final del programa en Giza, los turistas tienen tiempo para comprar en la sala de perfumes.<\/li>\n<li>Nuestro autob\u00fas sale despu\u00e9s de un programa de este tipo en las maravillosas ciudades de El Cairo y Giza.<\/li>\n<\/ul>\n<h4>Lo que est\u00e1 incluido en el precio del tour<\/h4>\n<ul>\n<li>Entradas para visitar los templos.<\/li>\n<li>Almuerzo<\/li>\n<li>Gu\u00eda<\/li>\n<li>Traslado a El Cairo y regreso al hotel<\/li>\n<\/ul>\n<h5>Lo que no est\u00e1 incluido en el precio del tour<\/h5>\n<ul>\n<li>Programas adicionales de excursiones<\/li>\n<li>Las bebidas<\/li>\n<\/ul>\n<h6>QU\u00c9 TOMAR CON USTED PARA EL VIAJE<\/h6>\n<ul>\n<li>Caja de desayuno<\/li>\n<li>Ropa para la temporada.<\/li>\n<\/ul>\n<h6>D\u00cdAS DE LA ORGANIZACI\u00d3N DE EXCURSIONES<\/h6>\n<ul>\n<li>S\u00e1bado de 02: 00-22: 00.<\/li>\n<li>Domingo de 02: 00-22: 00.<\/li>\n<li>Lunes de 02: 00-22: 00.<\/li>\n<li>Martes de 02: 00-22: 00.<\/li>\n<li>Mi\u00e9rcoles de 02: 00-22: 00<\/li>\n<li>Jueves de 02: 00-22: 00<\/li>\n<\/ul>\n","protected":false},"excerpt":{"rendered":"<p>Emb\u00e1rcate en un viaje a El Cairo y d\u00e9janos cuidar de tu comodidad y seguridad. Nuestro autob\u00fas con aire acondicionado lo recoger\u00e1 de su hotel en Hurghada y lo llevar\u00e1 a trav\u00e9s del impresionante Mar Rojo y el paisaje des\u00e9rtico. Una vez que llegue a El Cairo, su gu\u00eda tur\u00edstico lo estar\u00e1 esperando para llevarlo en un recorrido en autob\u00fas. Entendemos que viajar a un nuevo lugar puede ser abrumador, por lo que estaremos all\u00ed para ayudarlo en cada paso del camino.<\/p>\n<p>El Museo Nacional Egipcio es una atracci\u00f3n imperdible, y nuestro recorrido lo llevar\u00e1 all\u00ed para maravillarse con los tesoros fara\u00f3nicos, incluido el tesoro dorado de Tutankam\u00f3n y los fascinantes sarc\u00f3fagos. Tambi\u00e9n podr\u00e1 visitar las famosas pir\u00e1mides, que se consideran una de las Siete Maravillas del Mundo. Su gu\u00eda le dar\u00e1 suficiente tiempo para admirar las pir\u00e1mides y contemplar la impresionante vista desde la meseta. Y, por supuesto, ninguna visita a las pir\u00e1mides est\u00e1 completa sin ver la Esfinge.<\/p>\n<p>Si a\u00fan le queda algo de energ\u00eda, ofrecemos un viaje opcional por el Nilo por un cargo adicional.<\/p>\n<p>Entendemos que no quiere perderse las antiguas maravillas de El Cairo solo porque est\u00e1 en Hurghada. Es por eso que nuestra misi\u00f3n es brindarle una manera c\u00f3moda y conveniente de experimentar los aspectos m\u00e1s destacados de El Cairo. Nuestro conductor-gu\u00eda te llevar\u00e1 en un veh\u00edculo con aire acondicionado, e incluso te incluiremos un delicioso almuerzo y una visita al bazar local. Tendr\u00e1s todo lo que necesitas para crear recuerdos que durar\u00e1n toda la vida.<\/p>\n<p>Sabemos que viajar puede ser estresante, por eso queremos hac\u00e9rtelo lo m\u00e1s f\u00e1cil posible. Por eso, pasaremos a recogerte por tu hotel a la hora que m\u00e1s te convenga y nos encargaremos de todos los detalles. Puede sentarse, relajarse y dejar que le mostremos las maravillas de El Cairo.<\/p>\n","protected":false},"featured_media":46717,"comment_status":"open","ping_status":"closed","template":"","meta":{"_coblocks_attr":"","_coblocks_dimensions":"","_coblocks_responsive_height":"","_coblocks_accordion_ie_support":"","_uag_custom_page_level_css":"","jetpack_post_was_ever_published":false,"jetpack_publicize_message":"","jetpack_publicize_feature_enabled":true,"jetpack_social_post_already_shared":false,"jetpack_social_options":{"image_generator_settings":{"template":"highway","default_image_id":0,"font":"","enabled":false},"version":2},"_wpas_customize_per_network":false},"product_brand":[],"product_cat":[1789,1785],"product_tag":[1804,1806,1797,2147,1808,1805,9907],"class_list":{"0":"post-2171","1":"product","2":"type-product","3":"status-publish","4":"has-post-thumbnail","6":"product_cat-excursiones-historicas-hurghada","7":"product_cat-excursiones-en-hurghada","8":"product_tag-el-cairo","9":"product_tag-esfinge","10":"product_tag-excursion-es","11":"product_tag-excursiones-desde-hurghada","12":"product_tag-hurghada-es","13":"product_tag-piramides","14":"product_tag-turismo","15":"pa_age-el-adulto","16":"pa_age-nino-1-4-anos","17":"pa_age-nino-5-11-anos","19":"first","20":"instock","21":"sale","22":"purchasable","23":"product-type-variable"},"yoast_head":"<!-- This site is optimized with the Yoast SEO Premium plugin v26.9 (Yoast SEO v27.3) - https:\/\/yoast.com\/product\/yoast-seo-premium-wordpress\/ -->\n<title>Excursi\u00f3n a El Cairo-Giza desde Hurghada<\/title>\n<meta name=\"description\" content=\"Excursi\u00f3n a El Cairo-Giza desde Hurghada Se dirige a las tres grandes pir\u00e1mides, y la Gran Esfinge en Giza, y el Museo Egipcio en El Cairo.\" \/>\n<meta name=\"robots\" content=\"index, follow, max-snippet:-1, max-image-preview:large, max-video-preview:-1\" \/>\n<link rel=\"canonical\" href=\"https:\/\/landioustravel.com\/es\/shop\/excursion-cairo-giza-desde-hurghada\/\" \/>\n<meta property=\"og:locale\" content=\"es_ES\" \/>\n<meta property=\"og:type\" content=\"article\" \/>\n<meta property=\"og:title\" content=\"Excursi\u00f3n a El Cairo-Giza desde Hurghada\" \/>\n<meta property=\"og:description\" content=\"Landious Travel\" \/>\n<meta property=\"og:url\" content=\"https:\/\/landioustravel.com\/es\/shop\/excursion-cairo-giza-desde-hurghada\/\" \/>\n<meta property=\"og:site_name\" content=\"Landious Travel\" \/>\n<meta property=\"article:publisher\" content=\"https:\/\/web.facebook.com\/landiousEgypt\" \/>\n<meta property=\"article:modified_time\" content=\"2024-09-17T17:14:03+00:00\" \/>\n<meta property=\"og:image\" content=\"https:\/\/i0.wp.com\/landioustravel.com\/wp-content\/uploads\/2018\/11\/Giza-Cairo-Excursion-Hurghada-e1617832610155.jpg?fit=1200%2C674&ssl=1\" \/>\n\t<meta property=\"og:image:width\" content=\"1200\" \/>\n\t<meta property=\"og:image:height\" content=\"674\" \/>\n\t<meta property=\"og:image:type\" content=\"image\/jpeg\" \/>\n<meta name=\"twitter:card\" content=\"summary_large_image\" \/>\n<meta name=\"twitter:site\" content=\"@LandiousTours\" \/>\n<meta name=\"twitter:label1\" content=\"Tiempo de lectura\" \/>\n\t<meta name=\"twitter:data1\" content=\"2 minutos\" \/>\n<script type=\"application\/ld+json\" class=\"yoast-schema-graph\">{\"@context\":\"https:\\\/\\\/schema.org\",\"@graph\":[{\"@type\":\"WebPage\",\"@id\":\"https:\\\/\\\/landioustravel.com\\\/es\\\/shop\\\/excursion-cairo-giza-desde-hurghada\\\/\",\"url\":\"https:\\\/\\\/landioustravel.com\\\/es\\\/shop\\\/excursion-cairo-giza-desde-hurghada\\\/\",\"name\":\"Excursi\u00f3n a El Cairo-Giza desde Hurghada\",\"isPartOf\":{\"@id\":\"https:\\\/\\\/landioustravel.com\\\/es\\\/#website\"},\"primaryImageOfPage\":{\"@id\":\"https:\\\/\\\/landioustravel.com\\\/es\\\/shop\\\/excursion-cairo-giza-desde-hurghada\\\/#primaryimage\"},\"image\":{\"@id\":\"https:\\\/\\\/landioustravel.com\\\/es\\\/shop\\\/excursion-cairo-giza-desde-hurghada\\\/#primaryimage\"},\"thumbnailUrl\":\"https:\\\/\\\/i0.wp.com\\\/landioustravel.com\\\/wp-content\\\/uploads\\\/2018\\\/11\\\/Giza-Cairo-Excursion-Hurghada-e1617832610155.jpg?fit=1200%2C674&ssl=1\",\"datePublished\":\"2018-11-11T22:52:50+00:00\",\"dateModified\":\"2024-09-17T17:14:03+00:00\",\"description\":\"Excursi\u00f3n a El Cairo-Giza desde Hurghada Se dirige a las tres grandes pir\u00e1mides, y la Gran Esfinge en Giza, y el Museo Egipcio en El Cairo.\",\"breadcrumb\":{\"@id\":\"https:\\\/\\\/landioustravel.com\\\/es\\\/shop\\\/excursion-cairo-giza-desde-hurghada\\\/#breadcrumb\"},\"inLanguage\":\"es\",\"potentialAction\":[{\"@type\":\"ReadAction\",\"target\":[\"https:\\\/\\\/landioustravel.com\\\/es\\\/shop\\\/excursion-cairo-giza-desde-hurghada\\\/\"]}]},{\"@type\":\"ImageObject\",\"inLanguage\":\"es\",\"@id\":\"https:\\\/\\\/landioustravel.com\\\/es\\\/shop\\\/excursion-cairo-giza-desde-hurghada\\\/#primaryimage\",\"url\":\"https:\\\/\\\/i0.wp.com\\\/landioustravel.com\\\/wp-content\\\/uploads\\\/2018\\\/11\\\/Giza-Cairo-Excursion-Hurghada-e1617832610155.jpg?fit=1200%2C674&ssl=1\",\"contentUrl\":\"https:\\\/\\\/i0.wp.com\\\/landioustravel.com\\\/wp-content\\\/uploads\\\/2018\\\/11\\\/Giza-Cairo-Excursion-Hurghada-e1617832610155.jpg?fit=1200%2C674&ssl=1\",\"width\":1200,\"height\":674,\"caption\":\"Giza Cairo Excursion Hurghada\"},{\"@type\":\"BreadcrumbList\",\"@id\":\"https:\\\/\\\/landioustravel.com\\\/es\\\/shop\\\/excursion-cairo-giza-desde-hurghada\\\/#breadcrumb\",\"itemListElement\":[{\"@type\":\"ListItem\",\"position\":1,\"name\":\"Home\",\"item\":\"https:\\\/\\\/landioustravel.com\\\/es\\\/\"},{\"@type\":\"ListItem\",\"position\":2,\"name\":\"Servicios y Tours\",\"item\":\"https:\\\/\\\/landioustravel.com\\\/es\\\/\"},{\"@type\":\"ListItem\",\"position\":3,\"name\":\"Excursi\u00f3n a El Cairo-Giza desde Hurghada\"}]},{\"@type\":\"WebSite\",\"@id\":\"https:\\\/\\\/landioustravel.com\\\/es\\\/#website\",\"url\":\"https:\\\/\\\/landioustravel.com\\\/es\\\/\",\"name\":\"Landious Travel\",\"description\":\"Tours and Excursions in Egypt\",\"publisher\":{\"@id\":\"https:\\\/\\\/landioustravel.com\\\/es\\\/#organization\"},\"potentialAction\":[{\"@type\":\"SearchAction\",\"target\":{\"@type\":\"EntryPoint\",\"urlTemplate\":\"https:\\\/\\\/landioustravel.com\\\/es\\\/?s={search_term_string}\"},\"query-input\":{\"@type\":\"PropertyValueSpecification\",\"valueRequired\":true,\"valueName\":\"search_term_string\"}}],\"inLanguage\":\"es\"},{\"@type\":[\"Organization\",\"Place\"],\"@id\":\"https:\\\/\\\/landioustravel.com\\\/es\\\/#organization\",\"name\":\"Landious Travel\",\"alternateName\":\"Landious Travel\",\"url\":\"https:\\\/\\\/landioustravel.com\\\/es\\\/\",\"logo\":{\"@id\":\"https:\\\/\\\/landioustravel.com\\\/es\\\/shop\\\/excursion-cairo-giza-desde-hurghada\\\/#local-main-organization-logo\"},\"image\":{\"@id\":\"https:\\\/\\\/landioustravel.com\\\/es\\\/shop\\\/excursion-cairo-giza-desde-hurghada\\\/#local-main-organization-logo\"},\"sameAs\":[\"https:\\\/\\\/web.facebook.com\\\/landiousEgypt\",\"https:\\\/\\\/x.com\\\/LandiousTours\",\"https:\\\/\\\/mastodon.social\\\/@landious\"],\"legalName\":\"Landious Travel\",\"telephone\":[],\"openingHoursSpecification\":[{\"@type\":\"OpeningHoursSpecification\",\"dayOfWeek\":[\"Monday\",\"Tuesday\",\"Wednesday\",\"Thursday\",\"Friday\",\"Saturday\",\"Sunday\"],\"opens\":\"09:00\",\"closes\":\"17:00\"}]},{\"@type\":\"ImageObject\",\"inLanguage\":\"es\",\"@id\":\"https:\\\/\\\/landioustravel.com\\\/es\\\/shop\\\/excursion-cairo-giza-desde-hurghada\\\/#local-main-organization-logo\",\"url\":\"https:\\\/\\\/i0.wp.com\\\/landioustravel.com\\\/wp-content\\\/uploads\\\/2021\\\/06\\\/Landious-T.png?fit=500%2C500&ssl=1\",\"contentUrl\":\"https:\\\/\\\/i0.wp.com\\\/landioustravel.com\\\/wp-content\\\/uploads\\\/2021\\\/06\\\/Landious-T.png?fit=500%2C500&ssl=1\",\"width\":500,\"height\":500,\"caption\":\"Landious Travel\"}]}<\/script>\n<!-- \/ Yoast SEO Premium plugin. -->","yoast_head_json":{"title":"Excursi\u00f3n a El Cairo-Giza desde Hurghada","description":"Excursi\u00f3n a El Cairo-Giza desde Hurghada Se dirige a las tres grandes pir\u00e1mides, y la Gran Esfinge en Giza, y el Museo Egipcio en El Cairo.","robots":{"index":"index","follow":"follow","max-snippet":"max-snippet:-1","max-image-preview":"max-image-preview:large","max-video-preview":"max-video-preview:-1"},"canonical":"https:\/\/landioustravel.com\/es\/shop\/excursion-cairo-giza-desde-hurghada\/","og_locale":"es_ES","og_type":"article","og_title":"Excursi\u00f3n a El Cairo-Giza desde Hurghada","og_description":"Landious Travel","og_url":"https:\/\/landioustravel.com\/es\/shop\/excursion-cairo-giza-desde-hurghada\/","og_site_name":"Landious Travel","article_publisher":"https:\/\/web.facebook.com\/landiousEgypt","article_modified_time":"2024-09-17T17:14:03+00:00","og_image":[{"width":1200,"height":674,"url":"https:\/\/i0.wp.com\/landioustravel.com\/wp-content\/uploads\/2018\/11\/Giza-Cairo-Excursion-Hurghada-e1617832610155.jpg?fit=1200%2C674&ssl=1","type":"image\/jpeg"}],"twitter_card":"summary_large_image","twitter_site":"@LandiousTours","twitter_misc":{"Tiempo de lectura":"2 minutos"},"schema":{"@context":"https:\/\/schema.org","@graph":[{"@type":"WebPage","@id":"https:\/\/landioustravel.com\/es\/shop\/excursion-cairo-giza-desde-hurghada\/","url":"https:\/\/landioustravel.com\/es\/shop\/excursion-cairo-giza-desde-hurghada\/","name":"Excursi\u00f3n a El Cairo-Giza desde Hurghada","isPartOf":{"@id":"https:\/\/landioustravel.com\/es\/#website"},"primaryImageOfPage":{"@id":"https:\/\/landioustravel.com\/es\/shop\/excursion-cairo-giza-desde-hurghada\/#primaryimage"},"image":{"@id":"https:\/\/landioustravel.com\/es\/shop\/excursion-cairo-giza-desde-hurghada\/#primaryimage"},"thumbnailUrl":"https:\/\/i0.wp.com\/landioustravel.com\/wp-content\/uploads\/2018\/11\/Giza-Cairo-Excursion-Hurghada-e1617832610155.jpg?fit=1200%2C674&ssl=1","datePublished":"2018-11-11T22:52:50+00:00","dateModified":"2024-09-17T17:14:03+00:00","description":"Excursi\u00f3n a El Cairo-Giza desde Hurghada Se dirige a las tres grandes pir\u00e1mides, y la Gran Esfinge en Giza, y el Museo Egipcio en El Cairo.","breadcrumb":{"@id":"https:\/\/landioustravel.com\/es\/shop\/excursion-cairo-giza-desde-hurghada\/#breadcrumb"},"inLanguage":"es","potentialAction":[{"@type":"ReadAction","target":["https:\/\/landioustravel.com\/es\/shop\/excursion-cairo-giza-desde-hurghada\/"]}]},{"@type":"ImageObject","inLanguage":"es","@id":"https:\/\/landioustravel.com\/es\/shop\/excursion-cairo-giza-desde-hurghada\/#primaryimage","url":"https:\/\/i0.wp.com\/landioustravel.com\/wp-content\/uploads\/2018\/11\/Giza-Cairo-Excursion-Hurghada-e1617832610155.jpg?fit=1200%2C674&ssl=1","contentUrl":"https:\/\/i0.wp.com\/landioustravel.com\/wp-content\/uploads\/2018\/11\/Giza-Cairo-Excursion-Hurghada-e1617832610155.jpg?fit=1200%2C674&ssl=1","width":1200,"height":674,"caption":"Giza Cairo Excursion Hurghada"},{"@type":"BreadcrumbList","@id":"https:\/\/landioustravel.com\/es\/shop\/excursion-cairo-giza-desde-hurghada\/#breadcrumb","itemListElement":[{"@type":"ListItem","position":1,"name":"Home","item":"https:\/\/landioustravel.com\/es\/"},{"@type":"ListItem","position":2,"name":"Servicios y Tours","item":"https:\/\/landioustravel.com\/es\/"},{"@type":"ListItem","position":3,"name":"Excursi\u00f3n a El Cairo-Giza desde Hurghada"}]},{"@type":"WebSite","@id":"https:\/\/landioustravel.com\/es\/#website","url":"https:\/\/landioustravel.com\/es\/","name":"Landious Travel","description":"Tours and Excursions in Egypt","publisher":{"@id":"https:\/\/landioustravel.com\/es\/#organization"},"potentialAction":[{"@type":"SearchAction","target":{"@type":"EntryPoint","urlTemplate":"https:\/\/landioustravel.com\/es\/?s={search_term_string}"},"query-input":{"@type":"PropertyValueSpecification","valueRequired":true,"valueName":"search_term_string"}}],"inLanguage":"es"},{"@type":["Organization","Place"],"@id":"https:\/\/landioustravel.com\/es\/#organization","name":"Landious Travel","alternateName":"Landious Travel","url":"https:\/\/landioustravel.com\/es\/","logo":{"@id":"https:\/\/landioustravel.com\/es\/shop\/excursion-cairo-giza-desde-hurghada\/#local-main-organization-logo"},"image":{"@id":"https:\/\/landioustravel.com\/es\/shop\/excursion-cairo-giza-desde-hurghada\/#local-main-organization-logo"},"sameAs":["https:\/\/web.facebook.com\/landiousEgypt","https:\/\/x.com\/LandiousTours","https:\/\/mastodon.social\/@landious"],"legalName":"Landious Travel","telephone":[],"openingHoursSpecification":[{"@type":"OpeningHoursSpecification","dayOfWeek":["Monday","Tuesday","Wednesday","Thursday","Friday","Saturday","Sunday"],"opens":"09:00","closes":"17:00"}]},{"@type":"ImageObject","inLanguage":"es","@id":"https:\/\/landioustravel.com\/es\/shop\/excursion-cairo-giza-desde-hurghada\/#local-main-organization-logo","url":"https:\/\/i0.wp.com\/landioustravel.com\/wp-content\/uploads\/2021\/06\/Landious-T.png?fit=500%2C500&ssl=1","contentUrl":"https:\/\/i0.wp.com\/landioustravel.com\/wp-content\/uploads\/2021\/06\/Landious-T.png?fit=500%2C500&ssl=1","width":500,"height":500,"caption":"Landious Travel"}]}},"jetpack_publicize_connections":[],"uagb_featured_image_src":{"full":["https:\/\/i0.wp.com\/landioustravel.com\/wp-content\/uploads\/2018\/11\/Giza-Cairo-Excursion-Hurghada-e1617832610155.jpg?fit=1200%2C674&ssl=1",1200,674,false],"thumbnail":["https:\/\/i0.wp.com\/landioustravel.com\/wp-content\/uploads\/2018\/11\/Giza-Cairo-Excursion-Hurghada-e1617832610155.jpg?resize=150%2C150&ssl=1",150,150,true],"medium":["https:\/\/i0.wp.com\/landioustravel.com\/wp-content\/uploads\/2018\/11\/Giza-Cairo-Excursion-Hurghada-e1617832610155.jpg?fit=300%2C169&ssl=1",300,169,true],"medium_large":["https:\/\/i0.wp.com\/landioustravel.com\/wp-content\/uploads\/2018\/11\/Giza-Cairo-Excursion-Hurghada-e1617832610155.jpg?fit=768%2C432&ssl=1",768,432,true],"large":["https:\/\/i0.wp.com\/landioustravel.com\/wp-content\/uploads\/2018\/11\/Giza-Cairo-Excursion-Hurghada-e1617832610155.jpg?fit=980%2C550&ssl=1",980,550,true],"1536x1536":["https:\/\/i0.wp.com\/landioustravel.com\/wp-content\/uploads\/2018\/11\/Giza-Cairo-Excursion-Hurghada-e1617832610155.jpg?fit=1536%2C863&ssl=1",1536,863,true],"2048x2048":["https:\/\/i0.wp.com\/landioustravel.com\/wp-content\/uploads\/2018\/11\/Giza-Cairo-Excursion-Hurghada-e1617832610155.jpg?fit=1200%2C674&ssl=1",1200,674,true],"newspack-article-block-landscape-large":["https:\/\/i0.wp.com\/landioustravel.com\/wp-content\/uploads\/2018\/11\/Giza-Cairo-Excursion-Hurghada-e1617832610155.jpg?resize=1200%2C674&ssl=1",1200,900,true],"newspack-article-block-portrait-large":["https:\/\/i0.wp.com\/landioustravel.com\/wp-content\/uploads\/2018\/11\/Giza-Cairo-Excursion-Hurghada-e1617832610155.jpg?resize=900%2C674&ssl=1",900,921,true],"newspack-article-block-square-large":["https:\/\/i0.wp.com\/landioustravel.com\/wp-content\/uploads\/2018\/11\/Giza-Cairo-Excursion-Hurghada-e1617832610155.jpg?resize=1200%2C674&ssl=1",1200,921,true],"newspack-article-block-landscape-medium":["https:\/\/i0.wp.com\/landioustravel.com\/wp-content\/uploads\/2018\/11\/Giza-Cairo-Excursion-Hurghada-e1617832610155.jpg?resize=800%2C600&ssl=1",800,600,true],"newspack-article-block-portrait-medium":["https:\/\/i0.wp.com\/landioustravel.com\/wp-content\/uploads\/2018\/11\/Giza-Cairo-Excursion-Hurghada-e1617832610155.jpg?resize=600%2C674&ssl=1",600,800,true],"newspack-article-block-square-medium":["https:\/\/i0.wp.com\/landioustravel.com\/wp-content\/uploads\/2018\/11\/Giza-Cairo-Excursion-Hurghada-e1617832610155.jpg?resize=800%2C674&ssl=1",800,800,true],"newspack-article-block-landscape-intermediate":["https:\/\/i0.wp.com\/landioustravel.com\/wp-content\/uploads\/2018\/11\/Giza-Cairo-Excursion-Hurghada-e1617832610155.jpg?resize=600%2C450&ssl=1",600,450,true],"newspack-article-block-portrait-intermediate":["https:\/\/i0.wp.com\/landioustravel.com\/wp-content\/uploads\/2018\/11\/Giza-Cairo-Excursion-Hurghada-e1617832610155.jpg?resize=450%2C600&ssl=1",450,600,true],"newspack-article-block-square-intermediate":["https:\/\/i0.wp.com\/landioustravel.com\/wp-content\/uploads\/2018\/11\/Giza-Cairo-Excursion-Hurghada-e1617832610155.jpg?resize=600%2C600&ssl=1",600,600,true],"newspack-article-block-landscape-small":["https:\/\/i0.wp.com\/landioustravel.com\/wp-content\/uploads\/2018\/11\/Giza-Cairo-Excursion-Hurghada-e1617832610155.jpg?resize=400%2C300&ssl=1",400,300,true],"newspack-article-block-portrait-small":["https:\/\/i0.wp.com\/landioustravel.com\/wp-content\/uploads\/2018\/11\/Giza-Cairo-Excursion-Hurghada-e1617832610155.jpg?resize=300%2C400&ssl=1",300,400,true],"newspack-article-block-square-small":["https:\/\/i0.wp.com\/landioustravel.com\/wp-content\/uploads\/2018\/11\/Giza-Cairo-Excursion-Hurghada-e1617832610155.jpg?resize=400%2C400&ssl=1",400,400,true],"newspack-article-block-landscape-tiny":["https:\/\/i0.wp.com\/landioustravel.com\/wp-content\/uploads\/2018\/11\/Giza-Cairo-Excursion-Hurghada-e1617832610155.jpg?resize=200%2C150&ssl=1",200,150,true],"newspack-article-block-portrait-tiny":["https:\/\/i0.wp.com\/landioustravel.com\/wp-content\/uploads\/2018\/11\/Giza-Cairo-Excursion-Hurghada-e1617832610155.jpg?resize=150%2C200&ssl=1",150,200,true],"newspack-article-block-square-tiny":["https:\/\/i0.wp.com\/landioustravel.com\/wp-content\/uploads\/2018\/11\/Giza-Cairo-Excursion-Hurghada-e1617832610155.jpg?resize=200%2C200&ssl=1",200,200,true],"newspack-article-block-uncropped":["https:\/\/i0.wp.com\/landioustravel.com\/wp-content\/uploads\/2018\/11\/Giza-Cairo-Excursion-Hurghada-e1617832610155.jpg?fit=1200%2C674&ssl=1",1200,674,true],"woocommerce_thumbnail":["https:\/\/i0.wp.com\/landioustravel.com\/wp-content\/uploads\/2018\/11\/Giza-Cairo-Excursion-Hurghada-e1617832610155.jpg?resize=324%2C324&ssl=1",324,324,true],"woocommerce_single":["https:\/\/i0.wp.com\/landioustravel.com\/wp-content\/uploads\/2018\/11\/Giza-Cairo-Excursion-Hurghada-e1617832610155.jpg?fit=416%2C234&ssl=1",416,234,true],"woocommerce_gallery_thumbnail":["https:\/\/i0.wp.com\/landioustravel.com\/wp-content\/uploads\/2018\/11\/Giza-Cairo-Excursion-Hurghada-e1617832610155.jpg?resize=100%2C100&ssl=1",100,100,true]},"uagb_author_info":{"display_name":"Mofreh Landious","author_link":"https:\/\/landioustravel.com\/es\/author\/"},"uagb_comment_info":6,"uagb_excerpt":"Emb\u00e1rcate en un viaje a El Cairo y d\u00e9janos cuidar de tu comodidad y seguridad. Nuestro autob\u00fas con aire acondicionado lo recoger\u00e1 de su hotel en Hurghada y lo llevar\u00e1 a trav\u00e9s del impresionante Mar Rojo y el paisaje des\u00e9rtico. Una vez que llegue a El Cairo, su gu\u00eda tur\u00edstico lo estar\u00e1 esperando para llevarlo&hellip;","jetpack_sharing_enabled":true,"jetpack_likes_enabled":true,"amp_enabled":true,"_links":{"self":[{"href":"https:\/\/landioustravel.com\/es\/wp-json\/wp\/v2\/product\/2171","targetHints":{"allow":["GET"]}}],"collection":[{"href":"https:\/\/landioustravel.com\/es\/wp-json\/wp\/v2\/product"}],"about":[{"href":"https:\/\/landioustravel.com\/es\/wp-json\/wp\/v2\/types\/product"}],"replies":[{"embeddable":true,"href":"https:\/\/landioustravel.com\/es\/wp-json\/wp\/v2\/comments?post=2171"}],"wp:featuredmedia":[{"embeddable":true,"href":"https:\/\/landioustravel.com\/es\/wp-json\/wp\/v2\/media\/46717"}],"wp:attachment":[{"href":"https:\/\/landioustravel.com\/es\/wp-json\/wp\/v2\/media?parent=2171"}],"wp:term":[{"taxonomy":"product_brand","embeddable":true,"href":"https:\/\/landioustravel.com\/es\/wp-json\/wp\/v2\/product_brand?post=2171"},{"taxonomy":"product_cat","embeddable":true,"href":"https:\/\/landioustravel.com\/es\/wp-json\/wp\/v2\/product_cat?post=2171"},{"taxonomy":"product_tag","embeddable":true,"href":"https:\/\/landioustravel.com\/es\/wp-json\/wp\/v2\/product_tag?post=2171"}],"curies":[{"name":"wp","href":"https:\/\/api.w.org\/{rel}","templated":true}]}}