{"id":2173,"date":"2018-11-11T12:09:17","date_gmt":"2018-11-11T10:09:17","guid":{"rendered":"https:\/\/landioustravel.com\/product\/excursion-luxor-reinas-hurghada\/"},"modified":"2025-10-01T20:17:46","modified_gmt":"2025-10-01T17:17:46","slug":"excursion-luxor-reinas-hurghada","status":"publish","type":"product","link":"https:\/\/landioustravel.com\/es\/shop\/excursion-luxor-reinas-hurghada\/","title":{"rendered":"Excursi\u00f3n a Luxor &#8211; Valle de Reinas desde Hurghada"},"content":{"rendered":"<p>\u00a1Una maravillosa excursi\u00f3n a Luxor desde el resort de Hurghada! Recomendamos un viaje porque permite a los turistas ver un gran n\u00famero de atracciones del antiguo Egipto y saber m\u00e1s sobre la historia del pa\u00eds.<\/p>\n<h2>Principales puntos del programa de excursiones al Valle de las Reinas<\/h2>\n<ul>\n<li>Templo de Karnak en la ciudad de los vivos.<\/li>\n<li>Almuerzo<\/li>\n<li>Los Colosos de Memnon en la Ciudad de los Muertos.<\/li>\n<li>Visita al templo de la reina Hatshepsut.<\/li>\n<li>Y, el valle de las reinas.<\/li>\n<\/ul>\n<h3>Programa de excursiones a Luxor &#8211; Valle de las Reinas desde Hurghada<\/h3>\n<ul>\n<li>Te recogemos en el hotel aproximadamente a las 04:00 de la ma\u00f1ana.<\/li>\n<li>Despu\u00e9s de tomar a todos los interesados, el autob\u00fas sale hacia Luxor pasando por la ciudad de Safaga y Qena. La ciudad tur\u00edstica de Safaga est\u00e1 a 72 kil\u00f3metros al sur de Hurghada, en la costa del Mar Rojo. Mientras, la ciudad de Qena se encuentra a 220 km en el valle del Nilo. El camino, desde el centro de Hurghada a Luxor, toma aproximadamente 5 horas.<\/li>\n<\/ul>\n<h4>Programa en Eastern Luxor<\/h4>\n<ul>\n<li>Tan pronto como llegue a Luxor, le mostraremos el templo de Karnak. Es considerado el m\u00e1s grande de Egipto, y todo el mundo antiguo. Este templo est\u00e1 ubicado en la Ciudad de Living _ Eastern Luxor. Primero, su gu\u00eda comienza su explicaci\u00f3n en este templo y, a continuaci\u00f3n, muestra los lugares visitados con frecuencia de este gran complejo. El complejo en s\u00ed contiene diferentes templos y edificios. Su gu\u00eda tendr\u00e1 la tarea de mostrar todos estos templos y le dar\u00e1 tiempo libre para tomarles una foto.<\/li>\n<li>Despu\u00e9s de visitar el templo de Karnak en Eastern Luxor, hace compras por un poco de tiempo.<\/li>\n<li>Luego, comienza un picnic en barco por el r\u00edo Nilo con una visita a la isla Banana. Este es un programa adicional, y se debe solicitar con anticipaci\u00f3n a trav\u00e9s de nosotros. Una vez que finalice el picnic, se encontrar\u00e1 en el Oeste de Luxor, la Ciudad de los Muertos.<\/li>\n<\/ul>\n<h4>Programa en Western Luxor<\/h4>\n<ul>\n<li>En el oeste de Luxor, el viaje contin\u00faa. La primera parada, all\u00ed, ser\u00e1 en el Colossi of Memnon. Estas son las dos estatuas grandiosas que se construyeron en el templo de Amenhotep II. Su gu\u00eda los muestra y le da la oportunidad de tomarles una foto.<\/li>\n<li>Adem\u00e1s, el autob\u00fas va al hermoso templo de la reina Hatshepsut. Este es el impresionante templo que se encuentra en Deir El-Bahari. El templo est\u00e1 tallado en la roca, y consta de tres pisos. Alrededor de este templo, puedes ver todo tipo de tumbas, y otros templos de Tutomis el tercero y Amenhopa Neb Hept Ra. Nuevamente, la Gu\u00eda brinda informaci\u00f3n y tiempo libre para investigar el lugar.<\/li>\n<li>El programa te permite ver c\u00f3mo los artesanos preparaban estatuas en la antig\u00fcedad. Los turistas consiguen esta idea en la f\u00e1brica de alabastro.<\/li>\n<li>Antes de que finalice el programa en Western Luxor, visita el Valle de las Reinas. Es tan genial en este lugar e interesante! En el Valle de las Reinas, los faraones construyeron tumbas para sus esposas e hijos.<\/li>\n<li>Nuestro autob\u00fas sale de regreso a Hurghada, despu\u00e9s de un programa de este tipo en la maravillosa ciudad de Luxor.<\/li>\n<\/ul>\n<h4>Lo que est\u00e1 incluido en el precio del viaje<\/h4>\n<ul>\n<li>Entradas para visitar los templos.<\/li>\n<li>Almuerzo<\/li>\n<li>Gu\u00eda<\/li>\n<li>Traslado a Luxor y regreso al hotel.<\/li>\n<\/ul>\n<h5>Lo que no est\u00e1 incluido en el precio del tour<\/h5>\n<ul>\n<li>Programas adicionales de excursiones.<\/li>\n<li>Y, bebidas<\/li>\n<\/ul>\n<h6>QU\u00c9 TOMAR CON USTED PARA EL VIAJE<\/h6>\n<ul>\n<li>Caja de desayuno<\/li>\n<li>Ropa para la temporada.<\/li>\n<\/ul>\n<h6>D\u00cdAS DE LA ORGANIZACI\u00d3N DE EXCURSIONES<\/h6>\n<ul>\n<li>Domingo de 04: 00-20: 00.<\/li>\n<li>Martes de 04: 00-20: 00.<\/li>\n<li>Jueves de 04: 00-20: 00<\/li>\n<\/ul>\n","protected":false},"excerpt":{"rendered":"<p>Experimente la magia del antiguo Egipto en un tour de un d\u00eda completo desde Hurghada a Luxor. Su aventura comienza con una visita al Templo de Karnak y la sala de perfumes, seguida de un delicioso almuerzo. Luego, disfrutar\u00e1 de un picnic en un bote a trav\u00e9s del r\u00edo Nilo para llegar a la orilla occidental de Luxor. Durante este viaje, tambi\u00e9n desembarcar\u00e1s en Banana Island.<\/p>\n<p>Luego explorar\u00e1 la parte occidental de Luxor, donde ver\u00e1 el impresionante templo de Amenhotep III, tambi\u00e9n conocido como los Colosos de Memn\u00f3n. M\u00e1s tarde, har\u00e1 una parada en la f\u00e1brica local de alabastro, donde podr\u00e1 comprar recuerdos. Posteriormente, visitar\u00e1 el Valle de las Reinas, donde ver\u00e1 tres tumbas. Finalmente, te dirigir\u00e1s al Templo de la Reina Hatshepsut.<\/p>\n<p>Aunque los Colosos de Memnon est\u00e1n erosionados por el tiempo, las dos imponentes estatuas del fara\u00f3n Amenhotep III todav\u00eda hacen guardia. A pesar de la p\u00e9rdida, los viajeros a\u00fan pueden apreciar la grandeza de los Colosos. Los visitantes tambi\u00e9n pueden ver dos figuras m\u00e1s peque\u00f1as de la esposa y la madre del fara\u00f3n, junto con las tallas de paneles de piedra arenisca que muestran im\u00e1genes del dios del Nilo, Hapy.<\/p>\n<p>En el Templo de Karnak, ser\u00e1s testigo de una impresionante colecci\u00f3n de estatuas, columnas y el lugar de culto m\u00e1s grande jam\u00e1s construido. El templo abarca m\u00e1s de 1000 a\u00f1os, lo que permite a los visitantes apreciar la diversidad de arte y arquitectura de este sitio egipcio.<\/p>\n<p>El Valle de las Reinas, ubicado en la Ribera Occidental del Nilo, es un antiguo lugar de entierro que alberga las tumbas de las esposas e hijos reales de las dinast\u00edas XVIII, XIX y XX. La tumba m\u00e1s famosa es la de la reina Nefertari, que solo est\u00e1 abierta al p\u00fablico ocasionalmente. Ampliamente considerada la mejor de todo Egipto, la tumba de Nefertari presenta escenas coloridas en las paredes de su c\u00e1mara y estrellas doradas que adornan el techo.<\/p>\n<p>El Templo de Hatshepsut en Deir el Bahari rivaliza con las Pir\u00e1mides como uno de los grandes monumentos funerarios del mundo antiguo. Construido en la imponente cara del acantilado, que alberga el Valle de los Reyes en el otro lado, se eleva sobre tres enormes terrazas conectadas por rampas, cada nivel marcado con una columnata de pilares cuadrados. El excelente interior de piedra presenta relieves de pared y jerogl\u00edficos bien conservados, algunos en colores brillantes, que brindan un bienvenido alivio del calor implacable de esta regi\u00f3n.<\/p>\n","protected":false},"featured_media":3352,"comment_status":"open","ping_status":"closed","template":"","meta":{"_coblocks_attr":"","_coblocks_dimensions":"","_coblocks_responsive_height":"","_coblocks_accordion_ie_support":"","_uag_custom_page_level_css":"","jetpack_post_was_ever_published":false,"jetpack_publicize_message":"","jetpack_publicize_feature_enabled":true,"jetpack_social_post_already_shared":false,"jetpack_social_options":{"image_generator_settings":{"template":"highway","default_image_id":0,"font":"","enabled":false},"version":2},"_wpas_customize_per_network":false},"product_brand":[],"product_cat":[1789,1785],"product_tag":[1797,2147,1808,1812,9907],"class_list":{"0":"post-2173","1":"product","2":"type-product","3":"status-publish","4":"has-post-thumbnail","6":"product_cat-excursiones-historicas-hurghada","7":"product_cat-excursiones-en-hurghada","8":"product_tag-excursion-es","9":"product_tag-excursiones-desde-hurghada","10":"product_tag-hurghada-es","11":"product_tag-luxor-es","12":"product_tag-turismo","13":"pa_age-el-adulto","14":"pa_age-nino-1-4-anos","15":"pa_age-nino-5-11-anos","17":"first","18":"instock","19":"sale","20":"purchasable","21":"product-type-variable"},"yoast_head":"<!-- This site is optimized with the Yoast SEO Premium plugin v26.9 (Yoast SEO v27.3) - https:\/\/yoast.com\/product\/yoast-seo-premium-wordpress\/ -->\n<title>Excursi\u00f3n a Luxor - Valle de Reinas desde Hurghada<\/title>\n<meta name=\"description\" content=\"Excursi\u00f3n a Luxor - Valle de Reinas desde Hurghada usted visita el templo de Karnak, los Colosos de Memnon, el Valle de Reinas y el Templo de Hatshepsut.\" \/>\n<meta name=\"robots\" content=\"index, follow, max-snippet:-1, max-image-preview:large, max-video-preview:-1\" \/>\n<link rel=\"canonical\" href=\"https:\/\/landioustravel.com\/es\/shop\/excursion-luxor-reinas-hurghada\/\" \/>\n<meta property=\"og:locale\" content=\"es_ES\" \/>\n<meta property=\"og:type\" content=\"article\" \/>\n<meta property=\"og:title\" content=\"Excursi\u00f3n a Luxor - Valle de Reinas desde Hurghada\" \/>\n<meta property=\"og:description\" content=\"Landious Travel\" \/>\n<meta property=\"og:url\" content=\"https:\/\/landioustravel.com\/es\/shop\/excursion-luxor-reinas-hurghada\/\" \/>\n<meta property=\"og:site_name\" content=\"Landious Travel\" \/>\n<meta property=\"article:publisher\" content=\"https:\/\/web.facebook.com\/landiousEgypt\" \/>\n<meta property=\"article:modified_time\" content=\"2025-10-01T17:17:46+00:00\" \/>\n<meta property=\"og:image\" content=\"https:\/\/i0.wp.com\/landioustravel.com\/wp-content\/uploads\/2019\/03\/great_hypostyle_temple_of_karnak-e1600893372194.jpg?fit=1200%2C675&ssl=1\" \/>\n\t<meta property=\"og:image:width\" content=\"1200\" \/>\n\t<meta property=\"og:image:height\" content=\"675\" \/>\n\t<meta property=\"og:image:type\" content=\"image\/jpeg\" \/>\n<meta name=\"twitter:card\" content=\"summary_large_image\" \/>\n<meta name=\"twitter:site\" content=\"@LandiousTours\" \/>\n<meta name=\"twitter:label1\" content=\"Tiempo de lectura\" \/>\n\t<meta name=\"twitter:data1\" content=\"3 minutos\" \/>\n<script type=\"application\/ld+json\" class=\"yoast-schema-graph\">{\"@context\":\"https:\\\/\\\/schema.org\",\"@graph\":[{\"@type\":\"WebPage\",\"@id\":\"https:\\\/\\\/landioustravel.com\\\/es\\\/shop\\\/excursion-luxor-reinas-hurghada\\\/\",\"url\":\"https:\\\/\\\/landioustravel.com\\\/es\\\/shop\\\/excursion-luxor-reinas-hurghada\\\/\",\"name\":\"Excursi\u00f3n a Luxor - Valle de Reinas desde Hurghada\",\"isPartOf\":{\"@id\":\"https:\\\/\\\/landioustravel.com\\\/es\\\/#website\"},\"primaryImageOfPage\":{\"@id\":\"https:\\\/\\\/landioustravel.com\\\/es\\\/shop\\\/excursion-luxor-reinas-hurghada\\\/#primaryimage\"},\"image\":{\"@id\":\"https:\\\/\\\/landioustravel.com\\\/es\\\/shop\\\/excursion-luxor-reinas-hurghada\\\/#primaryimage\"},\"thumbnailUrl\":\"https:\\\/\\\/i0.wp.com\\\/landioustravel.com\\\/wp-content\\\/uploads\\\/2019\\\/03\\\/great_hypostyle_temple_of_karnak-e1600893372194.jpg?fit=1200%2C675&ssl=1\",\"datePublished\":\"2018-11-11T10:09:17+00:00\",\"dateModified\":\"2025-10-01T17:17:46+00:00\",\"description\":\"Excursi\u00f3n a Luxor - Valle de Reinas desde Hurghada usted visita el templo de Karnak, los Colosos de Memnon, el Valle de Reinas y el Templo de Hatshepsut.\",\"breadcrumb\":{\"@id\":\"https:\\\/\\\/landioustravel.com\\\/es\\\/shop\\\/excursion-luxor-reinas-hurghada\\\/#breadcrumb\"},\"inLanguage\":\"es\",\"potentialAction\":[{\"@type\":\"ReadAction\",\"target\":[\"https:\\\/\\\/landioustravel.com\\\/es\\\/shop\\\/excursion-luxor-reinas-hurghada\\\/\"]}]},{\"@type\":\"ImageObject\",\"inLanguage\":\"es\",\"@id\":\"https:\\\/\\\/landioustravel.com\\\/es\\\/shop\\\/excursion-luxor-reinas-hurghada\\\/#primaryimage\",\"url\":\"https:\\\/\\\/i0.wp.com\\\/landioustravel.com\\\/wp-content\\\/uploads\\\/2019\\\/03\\\/great_hypostyle_temple_of_karnak-e1600893372194.jpg?fit=1200%2C675&ssl=1\",\"contentUrl\":\"https:\\\/\\\/i0.wp.com\\\/landioustravel.com\\\/wp-content\\\/uploads\\\/2019\\\/03\\\/great_hypostyle_temple_of_karnak-e1600893372194.jpg?fit=1200%2C675&ssl=1\",\"width\":1200,\"height\":675},{\"@type\":\"BreadcrumbList\",\"@id\":\"https:\\\/\\\/landioustravel.com\\\/es\\\/shop\\\/excursion-luxor-reinas-hurghada\\\/#breadcrumb\",\"itemListElement\":[{\"@type\":\"ListItem\",\"position\":1,\"name\":\"Home\",\"item\":\"https:\\\/\\\/landioustravel.com\\\/es\\\/\"},{\"@type\":\"ListItem\",\"position\":2,\"name\":\"Servicios y Tours\",\"item\":\"https:\\\/\\\/landioustravel.com\\\/es\\\/\"},{\"@type\":\"ListItem\",\"position\":3,\"name\":\"Excursi\u00f3n a Luxor &#8211; Valle de Reinas desde Hurghada\"}]},{\"@type\":\"WebSite\",\"@id\":\"https:\\\/\\\/landioustravel.com\\\/es\\\/#website\",\"url\":\"https:\\\/\\\/landioustravel.com\\\/es\\\/\",\"name\":\"Landious Travel\",\"description\":\"Tours and Excursions in Egypt\",\"publisher\":{\"@id\":\"https:\\\/\\\/landioustravel.com\\\/es\\\/#organization\"},\"potentialAction\":[{\"@type\":\"SearchAction\",\"target\":{\"@type\":\"EntryPoint\",\"urlTemplate\":\"https:\\\/\\\/landioustravel.com\\\/es\\\/?s={search_term_string}\"},\"query-input\":{\"@type\":\"PropertyValueSpecification\",\"valueRequired\":true,\"valueName\":\"search_term_string\"}}],\"inLanguage\":\"es\"},{\"@type\":[\"Organization\",\"Place\"],\"@id\":\"https:\\\/\\\/landioustravel.com\\\/es\\\/#organization\",\"name\":\"Landious Travel\",\"alternateName\":\"Landious Travel\",\"url\":\"https:\\\/\\\/landioustravel.com\\\/es\\\/\",\"logo\":{\"@id\":\"https:\\\/\\\/landioustravel.com\\\/es\\\/shop\\\/excursion-luxor-reinas-hurghada\\\/#local-main-organization-logo\"},\"image\":{\"@id\":\"https:\\\/\\\/landioustravel.com\\\/es\\\/shop\\\/excursion-luxor-reinas-hurghada\\\/#local-main-organization-logo\"},\"sameAs\":[\"https:\\\/\\\/web.facebook.com\\\/landiousEgypt\",\"https:\\\/\\\/x.com\\\/LandiousTours\",\"https:\\\/\\\/mastodon.social\\\/@landious\"],\"legalName\":\"Landious Travel\",\"telephone\":[],\"openingHoursSpecification\":[{\"@type\":\"OpeningHoursSpecification\",\"dayOfWeek\":[\"Monday\",\"Tuesday\",\"Wednesday\",\"Thursday\",\"Friday\",\"Saturday\",\"Sunday\"],\"opens\":\"09:00\",\"closes\":\"17:00\"}]},{\"@type\":\"ImageObject\",\"inLanguage\":\"es\",\"@id\":\"https:\\\/\\\/landioustravel.com\\\/es\\\/shop\\\/excursion-luxor-reinas-hurghada\\\/#local-main-organization-logo\",\"url\":\"https:\\\/\\\/i0.wp.com\\\/landioustravel.com\\\/wp-content\\\/uploads\\\/2021\\\/06\\\/Landious-T.png?fit=500%2C500&ssl=1\",\"contentUrl\":\"https:\\\/\\\/i0.wp.com\\\/landioustravel.com\\\/wp-content\\\/uploads\\\/2021\\\/06\\\/Landious-T.png?fit=500%2C500&ssl=1\",\"width\":500,\"height\":500,\"caption\":\"Landious Travel\"}]}<\/script>\n<!-- \/ Yoast SEO Premium plugin. -->","yoast_head_json":{"title":"Excursi\u00f3n a Luxor - Valle de Reinas desde Hurghada","description":"Excursi\u00f3n a Luxor - Valle de Reinas desde Hurghada usted visita el templo de Karnak, los Colosos de Memnon, el Valle de Reinas y el Templo de Hatshepsut.","robots":{"index":"index","follow":"follow","max-snippet":"max-snippet:-1","max-image-preview":"max-image-preview:large","max-video-preview":"max-video-preview:-1"},"canonical":"https:\/\/landioustravel.com\/es\/shop\/excursion-luxor-reinas-hurghada\/","og_locale":"es_ES","og_type":"article","og_title":"Excursi\u00f3n a Luxor - Valle de Reinas desde Hurghada","og_description":"Landious Travel","og_url":"https:\/\/landioustravel.com\/es\/shop\/excursion-luxor-reinas-hurghada\/","og_site_name":"Landious Travel","article_publisher":"https:\/\/web.facebook.com\/landiousEgypt","article_modified_time":"2025-10-01T17:17:46+00:00","og_image":[{"width":1200,"height":675,"url":"https:\/\/i0.wp.com\/landioustravel.com\/wp-content\/uploads\/2019\/03\/great_hypostyle_temple_of_karnak-e1600893372194.jpg?fit=1200%2C675&ssl=1","type":"image\/jpeg"}],"twitter_card":"summary_large_image","twitter_site":"@LandiousTours","twitter_misc":{"Tiempo de lectura":"3 minutos"},"schema":{"@context":"https:\/\/schema.org","@graph":[{"@type":"WebPage","@id":"https:\/\/landioustravel.com\/es\/shop\/excursion-luxor-reinas-hurghada\/","url":"https:\/\/landioustravel.com\/es\/shop\/excursion-luxor-reinas-hurghada\/","name":"Excursi\u00f3n a Luxor - Valle de Reinas desde Hurghada","isPartOf":{"@id":"https:\/\/landioustravel.com\/es\/#website"},"primaryImageOfPage":{"@id":"https:\/\/landioustravel.com\/es\/shop\/excursion-luxor-reinas-hurghada\/#primaryimage"},"image":{"@id":"https:\/\/landioustravel.com\/es\/shop\/excursion-luxor-reinas-hurghada\/#primaryimage"},"thumbnailUrl":"https:\/\/i0.wp.com\/landioustravel.com\/wp-content\/uploads\/2019\/03\/great_hypostyle_temple_of_karnak-e1600893372194.jpg?fit=1200%2C675&ssl=1","datePublished":"2018-11-11T10:09:17+00:00","dateModified":"2025-10-01T17:17:46+00:00","description":"Excursi\u00f3n a Luxor - Valle de Reinas desde Hurghada usted visita el templo de Karnak, los Colosos de Memnon, el Valle de Reinas y el Templo de Hatshepsut.","breadcrumb":{"@id":"https:\/\/landioustravel.com\/es\/shop\/excursion-luxor-reinas-hurghada\/#breadcrumb"},"inLanguage":"es","potentialAction":[{"@type":"ReadAction","target":["https:\/\/landioustravel.com\/es\/shop\/excursion-luxor-reinas-hurghada\/"]}]},{"@type":"ImageObject","inLanguage":"es","@id":"https:\/\/landioustravel.com\/es\/shop\/excursion-luxor-reinas-hurghada\/#primaryimage","url":"https:\/\/i0.wp.com\/landioustravel.com\/wp-content\/uploads\/2019\/03\/great_hypostyle_temple_of_karnak-e1600893372194.jpg?fit=1200%2C675&ssl=1","contentUrl":"https:\/\/i0.wp.com\/landioustravel.com\/wp-content\/uploads\/2019\/03\/great_hypostyle_temple_of_karnak-e1600893372194.jpg?fit=1200%2C675&ssl=1","width":1200,"height":675},{"@type":"BreadcrumbList","@id":"https:\/\/landioustravel.com\/es\/shop\/excursion-luxor-reinas-hurghada\/#breadcrumb","itemListElement":[{"@type":"ListItem","position":1,"name":"Home","item":"https:\/\/landioustravel.com\/es\/"},{"@type":"ListItem","position":2,"name":"Servicios y Tours","item":"https:\/\/landioustravel.com\/es\/"},{"@type":"ListItem","position":3,"name":"Excursi\u00f3n a Luxor &#8211; Valle de Reinas desde Hurghada"}]},{"@type":"WebSite","@id":"https:\/\/landioustravel.com\/es\/#website","url":"https:\/\/landioustravel.com\/es\/","name":"Landious Travel","description":"Tours and Excursions in Egypt","publisher":{"@id":"https:\/\/landioustravel.com\/es\/#organization"},"potentialAction":[{"@type":"SearchAction","target":{"@type":"EntryPoint","urlTemplate":"https:\/\/landioustravel.com\/es\/?s={search_term_string}"},"query-input":{"@type":"PropertyValueSpecification","valueRequired":true,"valueName":"search_term_string"}}],"inLanguage":"es"},{"@type":["Organization","Place"],"@id":"https:\/\/landioustravel.com\/es\/#organization","name":"Landious Travel","alternateName":"Landious Travel","url":"https:\/\/landioustravel.com\/es\/","logo":{"@id":"https:\/\/landioustravel.com\/es\/shop\/excursion-luxor-reinas-hurghada\/#local-main-organization-logo"},"image":{"@id":"https:\/\/landioustravel.com\/es\/shop\/excursion-luxor-reinas-hurghada\/#local-main-organization-logo"},"sameAs":["https:\/\/web.facebook.com\/landiousEgypt","https:\/\/x.com\/LandiousTours","https:\/\/mastodon.social\/@landious"],"legalName":"Landious Travel","telephone":[],"openingHoursSpecification":[{"@type":"OpeningHoursSpecification","dayOfWeek":["Monday","Tuesday","Wednesday","Thursday","Friday","Saturday","Sunday"],"opens":"09:00","closes":"17:00"}]},{"@type":"ImageObject","inLanguage":"es","@id":"https:\/\/landioustravel.com\/es\/shop\/excursion-luxor-reinas-hurghada\/#local-main-organization-logo","url":"https:\/\/i0.wp.com\/landioustravel.com\/wp-content\/uploads\/2021\/06\/Landious-T.png?fit=500%2C500&ssl=1","contentUrl":"https:\/\/i0.wp.com\/landioustravel.com\/wp-content\/uploads\/2021\/06\/Landious-T.png?fit=500%2C500&ssl=1","width":500,"height":500,"caption":"Landious Travel"}]}},"jetpack_publicize_connections":[],"uagb_featured_image_src":{"full":["https:\/\/i0.wp.com\/landioustravel.com\/wp-content\/uploads\/2019\/03\/great_hypostyle_temple_of_karnak-e1600893372194.jpg?fit=1200%2C675&ssl=1",1200,675,false],"thumbnail":["https:\/\/i0.wp.com\/landioustravel.com\/wp-content\/uploads\/2019\/03\/great_hypostyle_temple_of_karnak-e1600893372194.jpg?resize=150%2C150&ssl=1",150,150,true],"medium":["https:\/\/i0.wp.com\/landioustravel.com\/wp-content\/uploads\/2019\/03\/great_hypostyle_temple_of_karnak-e1600893372194.jpg?fit=300%2C169&ssl=1",300,169,true],"medium_large":["https:\/\/i0.wp.com\/landioustravel.com\/wp-content\/uploads\/2019\/03\/great_hypostyle_temple_of_karnak-e1600893372194.jpg?fit=768%2C432&ssl=1",768,432,true],"large":["https:\/\/i0.wp.com\/landioustravel.com\/wp-content\/uploads\/2019\/03\/great_hypostyle_temple_of_karnak-e1600893372194.jpg?fit=980%2C551&ssl=1",980,551,true],"1536x1536":["https:\/\/i0.wp.com\/landioustravel.com\/wp-content\/uploads\/2019\/03\/great_hypostyle_temple_of_karnak-e1600893372194.jpg?fit=1200%2C675&ssl=1",1200,675,true],"2048x2048":["https:\/\/i0.wp.com\/landioustravel.com\/wp-content\/uploads\/2019\/03\/great_hypostyle_temple_of_karnak-e1600893372194.jpg?fit=1200%2C675&ssl=1",1200,675,true],"newspack-article-block-landscape-large":["https:\/\/i0.wp.com\/landioustravel.com\/wp-content\/uploads\/2019\/03\/great_hypostyle_temple_of_karnak-e1600893372194.jpg?resize=1200%2C675&ssl=1",1200,675,true],"newspack-article-block-portrait-large":["https:\/\/i0.wp.com\/landioustravel.com\/wp-content\/uploads\/2019\/03\/great_hypostyle_temple_of_karnak-e1600893372194.jpg?resize=900%2C675&ssl=1",900,675,true],"newspack-article-block-square-large":["https:\/\/i0.wp.com\/landioustravel.com\/wp-content\/uploads\/2019\/03\/great_hypostyle_temple_of_karnak-e1600893372194.jpg?resize=1200%2C675&ssl=1",1200,675,true],"newspack-article-block-landscape-medium":["https:\/\/i0.wp.com\/landioustravel.com\/wp-content\/uploads\/2019\/03\/great_hypostyle_temple_of_karnak-e1600893372194.jpg?resize=800%2C600&ssl=1",800,600,true],"newspack-article-block-portrait-medium":["https:\/\/i0.wp.com\/landioustravel.com\/wp-content\/uploads\/2019\/03\/great_hypostyle_temple_of_karnak-e1600893372194.jpg?resize=600%2C675&ssl=1",600,675,true],"newspack-article-block-square-medium":["https:\/\/i0.wp.com\/landioustravel.com\/wp-content\/uploads\/2019\/03\/great_hypostyle_temple_of_karnak-e1600893372194.jpg?resize=800%2C675&ssl=1",800,675,true],"newspack-article-block-landscape-intermediate":["https:\/\/i0.wp.com\/landioustravel.com\/wp-content\/uploads\/2019\/03\/great_hypostyle_temple_of_karnak-e1600893372194.jpg?resize=600%2C450&ssl=1",600,450,true],"newspack-article-block-portrait-intermediate":["https:\/\/i0.wp.com\/landioustravel.com\/wp-content\/uploads\/2019\/03\/great_hypostyle_temple_of_karnak-e1600893372194.jpg?resize=450%2C600&ssl=1",450,600,true],"newspack-article-block-square-intermediate":["https:\/\/i0.wp.com\/landioustravel.com\/wp-content\/uploads\/2019\/03\/great_hypostyle_temple_of_karnak-e1600893372194.jpg?resize=600%2C600&ssl=1",600,600,true],"newspack-article-block-landscape-small":["https:\/\/i0.wp.com\/landioustravel.com\/wp-content\/uploads\/2019\/03\/great_hypostyle_temple_of_karnak-e1600893372194.jpg?resize=400%2C300&ssl=1",400,300,true],"newspack-article-block-portrait-small":["https:\/\/i0.wp.com\/landioustravel.com\/wp-content\/uploads\/2019\/03\/great_hypostyle_temple_of_karnak-e1600893372194.jpg?resize=300%2C400&ssl=1",300,400,true],"newspack-article-block-square-small":["https:\/\/i0.wp.com\/landioustravel.com\/wp-content\/uploads\/2019\/03\/great_hypostyle_temple_of_karnak-e1600893372194.jpg?resize=400%2C400&ssl=1",400,400,true],"newspack-article-block-landscape-tiny":["https:\/\/i0.wp.com\/landioustravel.com\/wp-content\/uploads\/2019\/03\/great_hypostyle_temple_of_karnak-e1600893372194.jpg?resize=200%2C150&ssl=1",200,150,true],"newspack-article-block-portrait-tiny":["https:\/\/i0.wp.com\/landioustravel.com\/wp-content\/uploads\/2019\/03\/great_hypostyle_temple_of_karnak-e1600893372194.jpg?resize=150%2C200&ssl=1",150,200,true],"newspack-article-block-square-tiny":["https:\/\/i0.wp.com\/landioustravel.com\/wp-content\/uploads\/2019\/03\/great_hypostyle_temple_of_karnak-e1600893372194.jpg?resize=200%2C200&ssl=1",200,200,true],"newspack-article-block-uncropped":["https:\/\/i0.wp.com\/landioustravel.com\/wp-content\/uploads\/2019\/03\/great_hypostyle_temple_of_karnak-e1600893372194.jpg?fit=1200%2C675&ssl=1",1200,675,true],"woocommerce_thumbnail":["https:\/\/i0.wp.com\/landioustravel.com\/wp-content\/uploads\/2019\/03\/great_hypostyle_temple_of_karnak-e1600893372194.jpg?resize=324%2C324&ssl=1",324,324,true],"woocommerce_single":["https:\/\/i0.wp.com\/landioustravel.com\/wp-content\/uploads\/2019\/03\/great_hypostyle_temple_of_karnak-e1600893372194.jpg?fit=416%2C234&ssl=1",416,234,true],"woocommerce_gallery_thumbnail":["https:\/\/i0.wp.com\/landioustravel.com\/wp-content\/uploads\/2019\/03\/great_hypostyle_temple_of_karnak-e1600893372194.jpg?resize=100%2C100&ssl=1",100,100,true]},"uagb_author_info":{"display_name":"Mofreh Landious","author_link":"https:\/\/landioustravel.com\/es\/author\/"},"uagb_comment_info":4,"uagb_excerpt":"Experimente la magia del antiguo Egipto en un tour de un d\u00eda completo desde Hurghada a Luxor. Su aventura comienza con una visita al Templo de Karnak y la sala de perfumes, seguida de un delicioso almuerzo. Luego, disfrutar\u00e1 de un picnic en un bote a trav\u00e9s del r\u00edo Nilo para llegar a la orilla&hellip;","jetpack_sharing_enabled":true,"jetpack_likes_enabled":true,"amp_enabled":true,"_links":{"self":[{"href":"https:\/\/landioustravel.com\/es\/wp-json\/wp\/v2\/product\/2173","targetHints":{"allow":["GET"]}}],"collection":[{"href":"https:\/\/landioustravel.com\/es\/wp-json\/wp\/v2\/product"}],"about":[{"href":"https:\/\/landioustravel.com\/es\/wp-json\/wp\/v2\/types\/product"}],"replies":[{"embeddable":true,"href":"https:\/\/landioustravel.com\/es\/wp-json\/wp\/v2\/comments?post=2173"}],"wp:featuredmedia":[{"embeddable":true,"href":"https:\/\/landioustravel.com\/es\/wp-json\/wp\/v2\/media\/3352"}],"wp:attachment":[{"href":"https:\/\/landioustravel.com\/es\/wp-json\/wp\/v2\/media?parent=2173"}],"wp:term":[{"taxonomy":"product_brand","embeddable":true,"href":"https:\/\/landioustravel.com\/es\/wp-json\/wp\/v2\/product_brand?post=2173"},{"taxonomy":"product_cat","embeddable":true,"href":"https:\/\/landioustravel.com\/es\/wp-json\/wp\/v2\/product_cat?post=2173"},{"taxonomy":"product_tag","embeddable":true,"href":"https:\/\/landioustravel.com\/es\/wp-json\/wp\/v2\/product_tag?post=2173"}],"curies":[{"name":"wp","href":"https:\/\/api.w.org\/{rel}","templated":true}]}}