{"id":2297,"date":"2023-03-28T02:23:35","date_gmt":"2019-02-22T09:23:35","guid":{"rendered":"https:\/\/landioustravel.com\/product\/excursion-super-gouna-desde-hurghada\/"},"modified":"2023-12-05T19:15:47","modified_gmt":"2023-12-05T17:15:47","slug":"excursion-super-gouna-desde-hurghada","status":"publish","type":"product","link":"https:\/\/landioustravel.com\/es\/shop\/excursion-super-gouna-desde-hurghada\/","title":{"rendered":"Excursion Super Gouna desde Hurghada"},"content":{"rendered":"<p>\u00a1Un fant\u00e1stico viaje por mar a la Venecia egipcia en Hurghada! Recomendamos el viaje porque permite a los turistas pasar un buen rato nadando en el mar. Adem\u00e1s, permite ver los hermosos corales y una variedad de peces, y disfrutar de un picnic en barco por el Mar Rojo. El viaje te da la oportunidad de ubicarte en la Venecia egipcia _ El Gouna, \u00a1y nadar con delfines!<\/p>\n<h2>Los principales puntos del programa de excursiones en El Gouna<\/h2>\n<ul>\n<li>Nadar con delfines en mar abierto.<\/li>\n<li>Bucear<\/li>\n<li>Almuerzo<\/li>\n<li>Observando la vida marina en semi-submarino.<\/li>\n<li>Recorrido en lancha motora por el Gouna.<\/li>\n<li>Paseo a pie en El-Gouna<\/li>\n<\/ul>\n<h3>El programa de excursiones a El Gouna desde Hurghada<\/h3>\n<ul>\n<li>Lo recogemos del hotel aproximadamente a las 08:00 am<\/li>\n<li>Despu\u00e9s de tomar todos los interesados, el autob\u00fas va al puerto. El trayecto hasta el puerto dura unos 35 minutos.<\/li>\n<li>Encontrar\u00e1s tu yate en el puerto. \u00a1Es grande y elegante! Este yate consta de dos plantas. Tan pronto como se suba al yate, es necesario quitarse el calzado y subir al segundo piso para broncearse en la cubierta superior.<\/li>\n<li>El yate se mueve a trav\u00e9s del Mar Rojo, tan pronto como el grupo se re\u00fane. Adem\u00e1s, en un hermoso lugar de mar de corales, har\u00e1s tu primera parada en mar abierto. All\u00ed podr\u00e1s nadar con delfines y hacer snorkel con m\u00e1scaras y aletas.<\/li>\n<li>Despu\u00e9s de esta maravillosa parada, el yate se dirige hacia la hermosa ciudad de El-Gouna.<\/li>\n<li>Una vez que est\u00e9 tan cerca de la Venecia egipcia, tome un bote a motor para ver de cerca El Gouna. El bote atraviesa los canales de la Venecia egipcia para que pueda ver el lugar desde dentro, y el gu\u00eda mostrar\u00e1 y dar\u00e1 informaci\u00f3n sobre este lugar.<\/li>\n<li>Despu\u00e9s de tal recorrido, aterrizas en El-Gouna para comenzar un recorrido a pie por el lugar. Una vez m\u00e1s, la gu\u00eda te acompa\u00f1a y muestra los lugares de inter\u00e9s de El Gouna.<\/li>\n<li>En El-Gouna, puedes ver el mundo submarino en un semi-submarino. El semi-submarino se encuentra en el puerto de la Venecia egipcia.<\/li>\n<li>A continuaci\u00f3n, te llevamos de vuelta al yate. En el primer piso de su barco, el grupo se re\u00fane para almorzar. Durante el almuerzo, el buffet estar\u00e1 abierto.<\/li>\n<li>Este programa de excursiones en El Gouna termina aproximadamente a las 16:30.<\/li>\n<\/ul>\n<h4>Lo que est\u00e1 incluido en el precio del viaje<\/h4>\n<ul>\n<li>Mascaras y aletas<\/li>\n<li>Comida y bebidas<\/li>\n<li>Traslado al puerto y regreso al hotel.<\/li>\n<\/ul>\n<h5>Lo que no est\u00e1 incluido en el precio del tour<\/h5>\n<ul>\n<li>Video DVD<\/li>\n<li>CD de fotos<\/li>\n<\/ul>\n<h6>QU\u00c9 TOMAR CON USTED PARA EL TOUR<\/h6>\n<ul>\n<li>Toalla<\/li>\n<li>Protector solar<\/li>\n<\/ul>\n<h6>D\u00cdAS DE LA ORGANIZACI\u00d3N DE EXCURSIONES<\/h6>\n<ul>\n<li>Todos los d\u00edas de 08:00 a 17:00.<\/li>\n<\/ul>\n","protected":false},"excerpt":{"rendered":"<p>Experimente la magn\u00edfica y animada ciudad de El Gouna en un emocionante recorrido en barco que lo dejar\u00e1 sin aliento. Nuestro recorrido est\u00e1 dise\u00f1ado para brindarle una experiencia inolvidable rica en entretenimiento y aventura.<\/p>\n<p>Te llevaremos en un c\u00f3modo barco desde la costa de Hurghada hasta El Gouna, tambi\u00e9n conocida como la Venecia de Egipto. En el camino, tendr\u00e1 la oportunidad de ver a los impresionantes delfines en su h\u00e1bitat natural en Dolphin House. Tambi\u00e9n puede tomar un descanso para pescar y hacer snorkel antes de dirigirnos a El Gouna.<\/p>\n<p>El Gouna es un peque\u00f1o pueblo ubicado a unos 20 km al norte de Hurghada en el Mar Rojo. Es conocido por sus extensas playas de arena y sus excelentes condiciones de viento, lo que lo convierte en un lugar popular para buceadores y surfistas. Quedar\u00e1 encantado con la arquitectura tradicional de las casas que bordean los callejones, llev\u00e1ndolo directamente a Oriente.<\/p>\n<p>Durante el recorrido en bote, tendr\u00e1s la oportunidad de nadar y hacer snorkel con m\u00e1scaras y aletas. Tan pronto como llegue a El Gouna, comenzar\u00e1 un recorrido en lancha a motor por los canales de agua y las lagunas de este complejo. Incluso puedes observar el mundo submarino en un semisubmarino. El precio del tour incluye el almuerzo y una bebida.<\/p>\n<p>Nuestro equipo de gu\u00edas profesionales estar\u00e1 all\u00ed para asistirlo durante todo el viaje, asegur\u00e1ndose de que tenga una experiencia inolvidable. Entendemos la importancia de hacer que su viaje sea c\u00f3modo y placentero, por eso ofrecemos traslados de primera clase desde su hotel en veh\u00edculos con aire acondicionado.<\/p>\n<p>Queremos que tengas una experiencia que atesorar\u00e1s toda la vida. Por eso ofrecemos todo el equipo necesario para la pesca y el snorkeling, e incluso deportes acu\u00e1ticos. Puede tomar fotos durante todo el viaje para capturar estos preciosos momentos.<\/p>\n<p>No se pierda esta oportunidad de explorar El Gouna y su rica historia. Despu\u00e9s del recorrido en barco, lo llevaremos de regreso a su hotel en Hurghada. La hora de regreso es a las 16:30 horas. \u00a1Reserve su viaje ahora y perm\u00edtanos llevarlo en un viaje que nunca olvidar\u00e1!<\/p>\n","protected":false},"featured_media":46493,"comment_status":"open","ping_status":"closed","template":"","meta":{"_coblocks_attr":"","_coblocks_dimensions":"","_coblocks_responsive_height":"","_coblocks_accordion_ie_support":"","_uag_custom_page_level_css":"","jetpack_post_was_ever_published":false,"jetpack_publicize_message":"","jetpack_publicize_feature_enabled":true,"jetpack_social_post_already_shared":false,"jetpack_social_options":{"image_generator_settings":{"template":"highway","default_image_id":0,"font":"","enabled":false},"version":2},"_wpas_customize_per_network":false},"product_brand":[],"product_cat":[1785,1791],"product_tag":[1830,1829,1799,1797,2147,1808,1798,1802,1810],"class_list":{"0":"post-2297","1":"product","2":"type-product","3":"status-publish","4":"has-post-thumbnail","6":"product_cat-excursiones-en-hurghada","7":"product_cat-excursiones-marinas-hurghada","8":"product_tag-casa-de-delfines","9":"product_tag-el-gouna-es","10":"product_tag-snorkel","11":"product_tag-excursion-es","12":"product_tag-excursiones-desde-hurghada","13":"product_tag-hurghada-es","14":"product_tag-mar","15":"product_tag-paseos-en-barco","16":"product_tag-semi-submarino","17":"pa_age-el-adulto","18":"pa_age-nino-1-4-anos","19":"pa_age-nino-5-11-anos","21":"first","22":"instock","23":"sale","24":"purchasable","25":"product-type-variable"},"yoast_head":"<!-- This site is optimized with the Yoast SEO Premium plugin v26.9 (Yoast SEO v27.3) - https:\/\/yoast.com\/product\/yoast-seo-premium-wordpress\/ -->\n<title>Excursion Super Gouna desde Hurghada<\/title>\n<meta name=\"description\" content=\"Excursion Super Gouna desde Hurghada Experimente la magn\u00edfica y animada ciudad de El Gouna en un emocionante recorrido en barco que lo dejar\u00e1 sin aliento.\" \/>\n<meta name=\"robots\" content=\"index, follow, max-snippet:-1, max-image-preview:large, max-video-preview:-1\" \/>\n<link rel=\"canonical\" href=\"https:\/\/landioustravel.com\/es\/shop\/excursion-super-gouna-desde-hurghada\/\" \/>\n<meta property=\"og:locale\" content=\"es_ES\" \/>\n<meta property=\"og:type\" content=\"article\" \/>\n<meta property=\"og:title\" content=\"Excursion Super Gouna desde Hurghada\" \/>\n<meta property=\"og:description\" content=\"Landious Travel\" \/>\n<meta property=\"og:url\" content=\"https:\/\/landioustravel.com\/es\/shop\/excursion-super-gouna-desde-hurghada\/\" \/>\n<meta property=\"og:site_name\" content=\"Landious Travel\" \/>\n<meta property=\"article:publisher\" content=\"https:\/\/web.facebook.com\/landiousEgypt\" \/>\n<meta property=\"article:modified_time\" content=\"2023-12-05T17:15:47+00:00\" \/>\n<meta property=\"og:image\" content=\"https:\/\/i0.wp.com\/landioustravel.com\/wp-content\/uploads\/2019\/02\/Super-Gouna-Trip-Hurghada-e1617742910305.jpg?fit=1200%2C675&ssl=1\" \/>\n\t<meta property=\"og:image:width\" content=\"1200\" \/>\n\t<meta property=\"og:image:height\" content=\"675\" \/>\n\t<meta property=\"og:image:type\" content=\"image\/jpeg\" \/>\n<meta name=\"twitter:card\" content=\"summary_large_image\" \/>\n<meta name=\"twitter:site\" content=\"@LandiousTours\" \/>\n<meta name=\"twitter:label1\" content=\"Tiempo de lectura\" \/>\n\t<meta name=\"twitter:data1\" content=\"2 minutos\" \/>\n<script type=\"application\/ld+json\" class=\"yoast-schema-graph\">{\"@context\":\"https:\\\/\\\/schema.org\",\"@graph\":[{\"@type\":\"WebPage\",\"@id\":\"https:\\\/\\\/landioustravel.com\\\/es\\\/shop\\\/excursion-super-gouna-desde-hurghada\\\/\",\"url\":\"https:\\\/\\\/landioustravel.com\\\/es\\\/shop\\\/excursion-super-gouna-desde-hurghada\\\/\",\"name\":\"Excursion Super Gouna desde Hurghada\",\"isPartOf\":{\"@id\":\"https:\\\/\\\/landioustravel.com\\\/es\\\/#website\"},\"primaryImageOfPage\":{\"@id\":\"https:\\\/\\\/landioustravel.com\\\/es\\\/shop\\\/excursion-super-gouna-desde-hurghada\\\/#primaryimage\"},\"image\":{\"@id\":\"https:\\\/\\\/landioustravel.com\\\/es\\\/shop\\\/excursion-super-gouna-desde-hurghada\\\/#primaryimage\"},\"thumbnailUrl\":\"https:\\\/\\\/i0.wp.com\\\/landioustravel.com\\\/wp-content\\\/uploads\\\/2019\\\/02\\\/Super-Gouna-Trip-Hurghada-e1617742910305.jpg?fit=1200%2C675&ssl=1\",\"datePublished\":\"2019-02-22T09:23:35+00:00\",\"dateModified\":\"2023-12-05T17:15:47+00:00\",\"description\":\"Excursion Super Gouna desde Hurghada Experimente la magn\u00edfica y animada ciudad de El Gouna en un emocionante recorrido en barco que lo dejar\u00e1 sin aliento.\",\"breadcrumb\":{\"@id\":\"https:\\\/\\\/landioustravel.com\\\/es\\\/shop\\\/excursion-super-gouna-desde-hurghada\\\/#breadcrumb\"},\"inLanguage\":\"es\",\"potentialAction\":[{\"@type\":\"ReadAction\",\"target\":[\"https:\\\/\\\/landioustravel.com\\\/es\\\/shop\\\/excursion-super-gouna-desde-hurghada\\\/\"]}]},{\"@type\":\"ImageObject\",\"inLanguage\":\"es\",\"@id\":\"https:\\\/\\\/landioustravel.com\\\/es\\\/shop\\\/excursion-super-gouna-desde-hurghada\\\/#primaryimage\",\"url\":\"https:\\\/\\\/i0.wp.com\\\/landioustravel.com\\\/wp-content\\\/uploads\\\/2019\\\/02\\\/Super-Gouna-Trip-Hurghada-e1617742910305.jpg?fit=1200%2C675&ssl=1\",\"contentUrl\":\"https:\\\/\\\/i0.wp.com\\\/landioustravel.com\\\/wp-content\\\/uploads\\\/2019\\\/02\\\/Super-Gouna-Trip-Hurghada-e1617742910305.jpg?fit=1200%2C675&ssl=1\",\"width\":1200,\"height\":675,\"caption\":\"Super Gouna Trip Hurghada\"},{\"@type\":\"BreadcrumbList\",\"@id\":\"https:\\\/\\\/landioustravel.com\\\/es\\\/shop\\\/excursion-super-gouna-desde-hurghada\\\/#breadcrumb\",\"itemListElement\":[{\"@type\":\"ListItem\",\"position\":1,\"name\":\"Home\",\"item\":\"https:\\\/\\\/landioustravel.com\\\/es\\\/\"},{\"@type\":\"ListItem\",\"position\":2,\"name\":\"Servicios y Tours\",\"item\":\"https:\\\/\\\/landioustravel.com\\\/es\\\/\"},{\"@type\":\"ListItem\",\"position\":3,\"name\":\"Excursion Super Gouna desde Hurghada\"}]},{\"@type\":\"WebSite\",\"@id\":\"https:\\\/\\\/landioustravel.com\\\/es\\\/#website\",\"url\":\"https:\\\/\\\/landioustravel.com\\\/es\\\/\",\"name\":\"Landious Travel\",\"description\":\"Tours and Excursions in Egypt\",\"publisher\":{\"@id\":\"https:\\\/\\\/landioustravel.com\\\/es\\\/#organization\"},\"potentialAction\":[{\"@type\":\"SearchAction\",\"target\":{\"@type\":\"EntryPoint\",\"urlTemplate\":\"https:\\\/\\\/landioustravel.com\\\/es\\\/?s={search_term_string}\"},\"query-input\":{\"@type\":\"PropertyValueSpecification\",\"valueRequired\":true,\"valueName\":\"search_term_string\"}}],\"inLanguage\":\"es\"},{\"@type\":[\"Organization\",\"Place\"],\"@id\":\"https:\\\/\\\/landioustravel.com\\\/es\\\/#organization\",\"name\":\"Landious Travel\",\"alternateName\":\"Landious Travel\",\"url\":\"https:\\\/\\\/landioustravel.com\\\/es\\\/\",\"logo\":{\"@id\":\"https:\\\/\\\/landioustravel.com\\\/es\\\/shop\\\/excursion-super-gouna-desde-hurghada\\\/#local-main-organization-logo\"},\"image\":{\"@id\":\"https:\\\/\\\/landioustravel.com\\\/es\\\/shop\\\/excursion-super-gouna-desde-hurghada\\\/#local-main-organization-logo\"},\"sameAs\":[\"https:\\\/\\\/web.facebook.com\\\/landiousEgypt\",\"https:\\\/\\\/x.com\\\/LandiousTours\",\"https:\\\/\\\/mastodon.social\\\/@landious\"],\"legalName\":\"Landious Travel\",\"telephone\":[],\"openingHoursSpecification\":[{\"@type\":\"OpeningHoursSpecification\",\"dayOfWeek\":[\"Monday\",\"Tuesday\",\"Wednesday\",\"Thursday\",\"Friday\",\"Saturday\",\"Sunday\"],\"opens\":\"09:00\",\"closes\":\"17:00\"}]},{\"@type\":\"ImageObject\",\"inLanguage\":\"es\",\"@id\":\"https:\\\/\\\/landioustravel.com\\\/es\\\/shop\\\/excursion-super-gouna-desde-hurghada\\\/#local-main-organization-logo\",\"url\":\"https:\\\/\\\/i0.wp.com\\\/landioustravel.com\\\/wp-content\\\/uploads\\\/2021\\\/06\\\/Landious-T.png?fit=500%2C500&ssl=1\",\"contentUrl\":\"https:\\\/\\\/i0.wp.com\\\/landioustravel.com\\\/wp-content\\\/uploads\\\/2021\\\/06\\\/Landious-T.png?fit=500%2C500&ssl=1\",\"width\":500,\"height\":500,\"caption\":\"Landious Travel\"}]}<\/script>\n<!-- \/ Yoast SEO Premium plugin. -->","yoast_head_json":{"title":"Excursion Super Gouna desde Hurghada","description":"Excursion Super Gouna desde Hurghada Experimente la magn\u00edfica y animada ciudad de El Gouna en un emocionante recorrido en barco que lo dejar\u00e1 sin aliento.","robots":{"index":"index","follow":"follow","max-snippet":"max-snippet:-1","max-image-preview":"max-image-preview:large","max-video-preview":"max-video-preview:-1"},"canonical":"https:\/\/landioustravel.com\/es\/shop\/excursion-super-gouna-desde-hurghada\/","og_locale":"es_ES","og_type":"article","og_title":"Excursion Super Gouna desde Hurghada","og_description":"Landious Travel","og_url":"https:\/\/landioustravel.com\/es\/shop\/excursion-super-gouna-desde-hurghada\/","og_site_name":"Landious Travel","article_publisher":"https:\/\/web.facebook.com\/landiousEgypt","article_modified_time":"2023-12-05T17:15:47+00:00","og_image":[{"width":1200,"height":675,"url":"https:\/\/i0.wp.com\/landioustravel.com\/wp-content\/uploads\/2019\/02\/Super-Gouna-Trip-Hurghada-e1617742910305.jpg?fit=1200%2C675&ssl=1","type":"image\/jpeg"}],"twitter_card":"summary_large_image","twitter_site":"@LandiousTours","twitter_misc":{"Tiempo de lectura":"2 minutos"},"schema":{"@context":"https:\/\/schema.org","@graph":[{"@type":"WebPage","@id":"https:\/\/landioustravel.com\/es\/shop\/excursion-super-gouna-desde-hurghada\/","url":"https:\/\/landioustravel.com\/es\/shop\/excursion-super-gouna-desde-hurghada\/","name":"Excursion Super Gouna desde Hurghada","isPartOf":{"@id":"https:\/\/landioustravel.com\/es\/#website"},"primaryImageOfPage":{"@id":"https:\/\/landioustravel.com\/es\/shop\/excursion-super-gouna-desde-hurghada\/#primaryimage"},"image":{"@id":"https:\/\/landioustravel.com\/es\/shop\/excursion-super-gouna-desde-hurghada\/#primaryimage"},"thumbnailUrl":"https:\/\/i0.wp.com\/landioustravel.com\/wp-content\/uploads\/2019\/02\/Super-Gouna-Trip-Hurghada-e1617742910305.jpg?fit=1200%2C675&ssl=1","datePublished":"2019-02-22T09:23:35+00:00","dateModified":"2023-12-05T17:15:47+00:00","description":"Excursion Super Gouna desde Hurghada Experimente la magn\u00edfica y animada ciudad de El Gouna en un emocionante recorrido en barco que lo dejar\u00e1 sin aliento.","breadcrumb":{"@id":"https:\/\/landioustravel.com\/es\/shop\/excursion-super-gouna-desde-hurghada\/#breadcrumb"},"inLanguage":"es","potentialAction":[{"@type":"ReadAction","target":["https:\/\/landioustravel.com\/es\/shop\/excursion-super-gouna-desde-hurghada\/"]}]},{"@type":"ImageObject","inLanguage":"es","@id":"https:\/\/landioustravel.com\/es\/shop\/excursion-super-gouna-desde-hurghada\/#primaryimage","url":"https:\/\/i0.wp.com\/landioustravel.com\/wp-content\/uploads\/2019\/02\/Super-Gouna-Trip-Hurghada-e1617742910305.jpg?fit=1200%2C675&ssl=1","contentUrl":"https:\/\/i0.wp.com\/landioustravel.com\/wp-content\/uploads\/2019\/02\/Super-Gouna-Trip-Hurghada-e1617742910305.jpg?fit=1200%2C675&ssl=1","width":1200,"height":675,"caption":"Super Gouna Trip Hurghada"},{"@type":"BreadcrumbList","@id":"https:\/\/landioustravel.com\/es\/shop\/excursion-super-gouna-desde-hurghada\/#breadcrumb","itemListElement":[{"@type":"ListItem","position":1,"name":"Home","item":"https:\/\/landioustravel.com\/es\/"},{"@type":"ListItem","position":2,"name":"Servicios y Tours","item":"https:\/\/landioustravel.com\/es\/"},{"@type":"ListItem","position":3,"name":"Excursion Super Gouna desde Hurghada"}]},{"@type":"WebSite","@id":"https:\/\/landioustravel.com\/es\/#website","url":"https:\/\/landioustravel.com\/es\/","name":"Landious Travel","description":"Tours and Excursions in Egypt","publisher":{"@id":"https:\/\/landioustravel.com\/es\/#organization"},"potentialAction":[{"@type":"SearchAction","target":{"@type":"EntryPoint","urlTemplate":"https:\/\/landioustravel.com\/es\/?s={search_term_string}"},"query-input":{"@type":"PropertyValueSpecification","valueRequired":true,"valueName":"search_term_string"}}],"inLanguage":"es"},{"@type":["Organization","Place"],"@id":"https:\/\/landioustravel.com\/es\/#organization","name":"Landious Travel","alternateName":"Landious Travel","url":"https:\/\/landioustravel.com\/es\/","logo":{"@id":"https:\/\/landioustravel.com\/es\/shop\/excursion-super-gouna-desde-hurghada\/#local-main-organization-logo"},"image":{"@id":"https:\/\/landioustravel.com\/es\/shop\/excursion-super-gouna-desde-hurghada\/#local-main-organization-logo"},"sameAs":["https:\/\/web.facebook.com\/landiousEgypt","https:\/\/x.com\/LandiousTours","https:\/\/mastodon.social\/@landious"],"legalName":"Landious Travel","telephone":[],"openingHoursSpecification":[{"@type":"OpeningHoursSpecification","dayOfWeek":["Monday","Tuesday","Wednesday","Thursday","Friday","Saturday","Sunday"],"opens":"09:00","closes":"17:00"}]},{"@type":"ImageObject","inLanguage":"es","@id":"https:\/\/landioustravel.com\/es\/shop\/excursion-super-gouna-desde-hurghada\/#local-main-organization-logo","url":"https:\/\/i0.wp.com\/landioustravel.com\/wp-content\/uploads\/2021\/06\/Landious-T.png?fit=500%2C500&ssl=1","contentUrl":"https:\/\/i0.wp.com\/landioustravel.com\/wp-content\/uploads\/2021\/06\/Landious-T.png?fit=500%2C500&ssl=1","width":500,"height":500,"caption":"Landious Travel"}]}},"jetpack_publicize_connections":[],"uagb_featured_image_src":{"full":["https:\/\/i0.wp.com\/landioustravel.com\/wp-content\/uploads\/2019\/02\/Super-Gouna-Trip-Hurghada-e1617742910305.jpg?fit=1200%2C675&ssl=1",1200,675,false],"thumbnail":["https:\/\/i0.wp.com\/landioustravel.com\/wp-content\/uploads\/2019\/02\/Super-Gouna-Trip-Hurghada-e1617742910305.jpg?resize=150%2C150&ssl=1",150,150,true],"medium":["https:\/\/i0.wp.com\/landioustravel.com\/wp-content\/uploads\/2019\/02\/Super-Gouna-Trip-Hurghada-e1617742910305.jpg?fit=300%2C169&ssl=1",300,169,true],"medium_large":["https:\/\/i0.wp.com\/landioustravel.com\/wp-content\/uploads\/2019\/02\/Super-Gouna-Trip-Hurghada-e1617742910305.jpg?fit=768%2C432&ssl=1",768,432,true],"large":["https:\/\/i0.wp.com\/landioustravel.com\/wp-content\/uploads\/2019\/02\/Super-Gouna-Trip-Hurghada-e1617742910305.jpg?fit=980%2C551&ssl=1",980,551,true],"1536x1536":["https:\/\/i0.wp.com\/landioustravel.com\/wp-content\/uploads\/2019\/02\/Super-Gouna-Trip-Hurghada-e1617742910305.jpg?fit=1536%2C864&ssl=1",1536,864,true],"2048x2048":["https:\/\/i0.wp.com\/landioustravel.com\/wp-content\/uploads\/2019\/02\/Super-Gouna-Trip-Hurghada-e1617742910305.jpg?fit=2048%2C1152&ssl=1",2048,1152,true],"newspack-article-block-landscape-large":["https:\/\/i0.wp.com\/landioustravel.com\/wp-content\/uploads\/2019\/02\/Super-Gouna-Trip-Hurghada-e1617742910305.jpg?resize=1200%2C675&ssl=1",1200,900,true],"newspack-article-block-portrait-large":["https:\/\/i0.wp.com\/landioustravel.com\/wp-content\/uploads\/2019\/02\/Super-Gouna-Trip-Hurghada-e1617742910305.jpg?resize=900%2C675&ssl=1",900,1200,true],"newspack-article-block-square-large":["https:\/\/i0.wp.com\/landioustravel.com\/wp-content\/uploads\/2019\/02\/Super-Gouna-Trip-Hurghada-e1617742910305.jpg?resize=1200%2C675&ssl=1",1200,1200,true],"newspack-article-block-landscape-medium":["https:\/\/i0.wp.com\/landioustravel.com\/wp-content\/uploads\/2019\/02\/Super-Gouna-Trip-Hurghada-e1617742910305.jpg?resize=800%2C600&ssl=1",800,600,true],"newspack-article-block-portrait-medium":["https:\/\/i0.wp.com\/landioustravel.com\/wp-content\/uploads\/2019\/02\/Super-Gouna-Trip-Hurghada-e1617742910305.jpg?resize=600%2C675&ssl=1",600,800,true],"newspack-article-block-square-medium":["https:\/\/i0.wp.com\/landioustravel.com\/wp-content\/uploads\/2019\/02\/Super-Gouna-Trip-Hurghada-e1617742910305.jpg?resize=800%2C675&ssl=1",800,800,true],"newspack-article-block-landscape-intermediate":["https:\/\/i0.wp.com\/landioustravel.com\/wp-content\/uploads\/2019\/02\/Super-Gouna-Trip-Hurghada-e1617742910305.jpg?resize=600%2C450&ssl=1",600,450,true],"newspack-article-block-portrait-intermediate":["https:\/\/i0.wp.com\/landioustravel.com\/wp-content\/uploads\/2019\/02\/Super-Gouna-Trip-Hurghada-e1617742910305.jpg?resize=450%2C600&ssl=1",450,600,true],"newspack-article-block-square-intermediate":["https:\/\/i0.wp.com\/landioustravel.com\/wp-content\/uploads\/2019\/02\/Super-Gouna-Trip-Hurghada-e1617742910305.jpg?resize=600%2C600&ssl=1",600,600,true],"newspack-article-block-landscape-small":["https:\/\/i0.wp.com\/landioustravel.com\/wp-content\/uploads\/2019\/02\/Super-Gouna-Trip-Hurghada-e1617742910305.jpg?resize=400%2C300&ssl=1",400,300,true],"newspack-article-block-portrait-small":["https:\/\/i0.wp.com\/landioustravel.com\/wp-content\/uploads\/2019\/02\/Super-Gouna-Trip-Hurghada-e1617742910305.jpg?resize=300%2C400&ssl=1",300,400,true],"newspack-article-block-square-small":["https:\/\/i0.wp.com\/landioustravel.com\/wp-content\/uploads\/2019\/02\/Super-Gouna-Trip-Hurghada-e1617742910305.jpg?resize=400%2C400&ssl=1",400,400,true],"newspack-article-block-landscape-tiny":["https:\/\/i0.wp.com\/landioustravel.com\/wp-content\/uploads\/2019\/02\/Super-Gouna-Trip-Hurghada-e1617742910305.jpg?resize=200%2C150&ssl=1",200,150,true],"newspack-article-block-portrait-tiny":["https:\/\/i0.wp.com\/landioustravel.com\/wp-content\/uploads\/2019\/02\/Super-Gouna-Trip-Hurghada-e1617742910305.jpg?resize=150%2C200&ssl=1",150,200,true],"newspack-article-block-square-tiny":["https:\/\/i0.wp.com\/landioustravel.com\/wp-content\/uploads\/2019\/02\/Super-Gouna-Trip-Hurghada-e1617742910305.jpg?resize=200%2C200&ssl=1",200,200,true],"newspack-article-block-uncropped":["https:\/\/i0.wp.com\/landioustravel.com\/wp-content\/uploads\/2019\/02\/Super-Gouna-Trip-Hurghada-e1617742910305.jpg?fit=1200%2C675&ssl=1",1200,675,true],"woocommerce_thumbnail":["https:\/\/i0.wp.com\/landioustravel.com\/wp-content\/uploads\/2019\/02\/Super-Gouna-Trip-Hurghada-e1617742910305.jpg?resize=324%2C324&ssl=1",324,324,true],"woocommerce_single":["https:\/\/i0.wp.com\/landioustravel.com\/wp-content\/uploads\/2019\/02\/Super-Gouna-Trip-Hurghada-e1617742910305.jpg?fit=416%2C234&ssl=1",416,234,true],"woocommerce_gallery_thumbnail":["https:\/\/i0.wp.com\/landioustravel.com\/wp-content\/uploads\/2019\/02\/Super-Gouna-Trip-Hurghada-e1617742910305.jpg?resize=100%2C100&ssl=1",100,100,true]},"uagb_author_info":{"display_name":"Mofreh Landious","author_link":"https:\/\/landioustravel.com\/es\/author\/"},"uagb_comment_info":2,"uagb_excerpt":"Experimente la magn\u00edfica y animada ciudad de El Gouna en un emocionante recorrido en barco que lo dejar\u00e1 sin aliento. Nuestro recorrido est\u00e1 dise\u00f1ado para brindarle una experiencia inolvidable rica en entretenimiento y aventura. Te llevaremos en un c\u00f3modo barco desde la costa de Hurghada hasta El Gouna, tambi\u00e9n conocida como la Venecia de Egipto.&hellip;","jetpack_sharing_enabled":true,"jetpack_likes_enabled":true,"amp_enabled":true,"_links":{"self":[{"href":"https:\/\/landioustravel.com\/es\/wp-json\/wp\/v2\/product\/2297","targetHints":{"allow":["GET"]}}],"collection":[{"href":"https:\/\/landioustravel.com\/es\/wp-json\/wp\/v2\/product"}],"about":[{"href":"https:\/\/landioustravel.com\/es\/wp-json\/wp\/v2\/types\/product"}],"replies":[{"embeddable":true,"href":"https:\/\/landioustravel.com\/es\/wp-json\/wp\/v2\/comments?post=2297"}],"wp:featuredmedia":[{"embeddable":true,"href":"https:\/\/landioustravel.com\/es\/wp-json\/wp\/v2\/media\/46493"}],"wp:attachment":[{"href":"https:\/\/landioustravel.com\/es\/wp-json\/wp\/v2\/media?parent=2297"}],"wp:term":[{"taxonomy":"product_brand","embeddable":true,"href":"https:\/\/landioustravel.com\/es\/wp-json\/wp\/v2\/product_brand?post=2297"},{"taxonomy":"product_cat","embeddable":true,"href":"https:\/\/landioustravel.com\/es\/wp-json\/wp\/v2\/product_cat?post=2297"},{"taxonomy":"product_tag","embeddable":true,"href":"https:\/\/landioustravel.com\/es\/wp-json\/wp\/v2\/product_tag?post=2297"}],"curies":[{"name":"wp","href":"https:\/\/api.w.org\/{rel}","templated":true}]}}