{"id":25477,"date":"2020-10-18T10:11:09","date_gmt":"2020-10-26T12:25:28","guid":{"rendered":"https:\/\/landioustravel.com\/?post_type=product&#038;p=25477"},"modified":"2025-10-01T20:16:16","modified_gmt":"2025-10-01T17:16:16","slug":"viaje-nado-delfines-hurghada","status":"publish","type":"product","link":"https:\/\/landioustravel.com\/es\/shop\/viaje-nado-delfines-hurghada\/","title":{"rendered":"Viaje de nado con delfines en Hurghada"},"content":{"rendered":"<p>\u00a1Una de las excursiones de entretenimiento favoritas para nadar con los amigables delfines en <a href=\"https:\/\/landioustravel.com\/es\/ciudad-hurghada\/\">Hurghada<\/a>, <a href=\"https:\/\/landioustravel.com\/es\/egipto\/\">Egipto<\/a>! Recomendamos el viaje porque permite a los turistas pasar un buen rato nadando con delfines. Esta experiencia de nado con delfines es una excelente manera de conocer de cerca a estas hermosas y encantadoras criaturas. Puedes tocar, besar, abrazar, nadar, cantar y jugar con los delfines. \u00a1Qu\u00e9 experiencia tan fabulosa poder realizar estas divertidas actividades! Es una forma de compartir con la familia algunos recuerdos felices interactuando con esos inteligentes mam\u00edferos marinos. Por supuesto, puedes acompa\u00f1ar a toda la familia a realizar esta actividad y hacer realidad los sue\u00f1os. \u00a1Es realmente uno de los mejores viajes de entretenimiento que puedes hacer en Hurghada!<\/p>\n<h2>Puntos principales del programa de viaje para nadar con delfines<\/h2>\n<ul>\n<li>Nadar con los delfines en la piscina<\/li>\n<li>Fotograf\u00edas y resumen en DVD<\/li>\n<\/ul>\n<h3>Programa de viaje de nado con delfines en Hurghada<\/h3>\n<ul>\n<li>El representante de Landious Travel lo recoger\u00e1 en su hotel en Hurghada aproximadamente a las 09:00<\/li>\n<li>Despu\u00e9s de recoger a todos los que lleguen, el autob\u00fas se dirige al delfinario ubicado en Hurghada. El camino al delfinario toma aproximadamente 30 minutos.<\/li>\n<li>En el delfinario, tendr\u00e1 la posibilidad de cambiarse de ropa y ponerse el traje de ba\u00f1o y los chalecos salvavidas, si es necesario.<\/li>\n<li>Uno de los m\u00e1s fascinantes ser\u00e1 cuando interact\u00faes con una de las especies m\u00e1s amigables e inteligentes del mundo, \u00a1los delfines! La siguiente parada principal ser\u00e1 nadar con los amigables delfines. Se adapta a todas las edades para divertirse con estas lindas criaturas en una gran piscina. Tendr\u00e1s un delf\u00edn para cada dos personas y un entrenador profesional que te ayudar\u00e1 a disfrutar de esta emocionante experiencia. Disfruta de tu experiencia de nado con delfines tocando, acariciando, abrazando y besando a estas adorables criaturas en la piscina. \u00a1Recuerda sonre\u00edr para la c\u00e1mara! Aprecia estos recuerdos inolvidables con fotos digitales de tu experiencia de nado con delfines<\/li>\n<li>Una vez que haya terminado su interacci\u00f3n, comenzar\u00e1 una sesi\u00f3n informativa con una imagen y un DVD. Al final del nado con los delfines, su entrenador le ofrecer\u00e1 tomar algunas fotograf\u00edas para memorizar estos hermosos momentos. Posteriormente, estas im\u00e1genes se le ofrecer\u00e1n por un cargo adicional. El precio de la misma var\u00eda seg\u00fan su tama\u00f1o. Ser\u00e1 algo opcional tenerlo. La sesi\u00f3n informativa en DVD durar\u00e1 30 minutos.<\/li>\n<li>Despu\u00e9s de un viaje tan maravilloso con los delfines, su autob\u00fas regresa a sus hoteles. Nuevamente, te acompa\u00f1amos a tus hoteles<\/li>\n<li>Este \u00abviaje de nado con delfines en Hurghada\u00bb termina aproximadamente a las 16:30<\/li>\n<\/ul>\n<h4>Que esta incluido en el precio del viaje<\/h4>\n<ul>\n<li>Entrenador profesional<\/li>\n<li>Chaleco salvavidas<\/li>\n<li>Adem\u00e1s, traslado al delfinario y regreso al hotel.<\/li>\n<\/ul>\n<h5>Que no esta incluido en el precio del tour<\/h5>\n<ul>\n<li>DVD de video<\/li>\n<li>Adem\u00e1s, CD de fotos<\/li>\n<\/ul>\n<h6>Que llevar contigo para el viaje<\/h6>\n<ul>\n<li>Toalla<\/li>\n<li>Adem\u00e1s, protector solar<\/li>\n<li>Dinero extra<\/li>\n<\/ul>\n<h6>D\u00edas de organizaci\u00f3n de excursiones<\/h6>\n<ul>\n<li>Diariamente de 09: 00-12: 00<\/li>\n<\/ul>\n","protected":false},"excerpt":{"rendered":"<p>Experimenta la alegr\u00eda de nadar con delfines de cerca en Hurghada con nuestro incre\u00edble viaje. Nuestros entrenadores expertos supervisar\u00e1n tu nado de 5 minutos, d\u00e1ndote la oportunidad de jugar, tocar e incluso recibir un beso de un delf\u00edn. Tendr\u00e1s la oportunidad de interactuar con estas encantadoras criaturas en un ambiente amigable y seguro.<\/p>\n<p>Esta aventura es adecuada para personas de todas las edades, incluidos ni\u00f1os y personas que no saben nadar. Se le informar\u00e1 antes de la experiencia y se le guiar\u00e1 durante toda la sesi\u00f3n, asegur\u00e1ndose de que pase un momento inolvidable con nuestros simp\u00e1ticos delfines.<\/p>\n<p>Capture los recuerdos con fotograf\u00edas profesionales, disponibles para comprar despu\u00e9s del viaje. Por un cargo adicional, puede extender su nado de 5 a 10 minutos o recibir un DVD de la experiencia.<\/p>\n<p>Nuestro viaje incluye recogida y devoluci\u00f3n en su hotel de Hurghada, as\u00ed como todos los traslados con un veh\u00edculo con aire acondicionado y entradas. No se pierda esta oportunidad \u00fanica en la vida de nadar con delfines y crear recuerdos inolvidables.<\/p>\n","protected":false},"featured_media":25799,"comment_status":"open","ping_status":"closed","template":"","meta":{"_coblocks_attr":"","_coblocks_dimensions":"","_coblocks_responsive_height":"","_coblocks_accordion_ie_support":"","_uag_custom_page_level_css":"","jetpack_publicize_message":"","jetpack_publicize_feature_enabled":true,"jetpack_social_post_already_shared":true,"jetpack_social_options":{"image_generator_settings":{"template":"highway","default_image_id":0,"font":"","enabled":false},"version":2},"_wpas_customize_per_network":false},"product_brand":[],"product_cat":[1787,1785],"product_tag":[1825,1797,2147,1808],"class_list":{"0":"post-25477","1":"product","2":"type-product","3":"status-publish","4":"has-post-thumbnail","6":"product_cat-excursiones-entretenidas-hurghada","7":"product_cat-excursiones-en-hurghada","8":"product_tag-delfinario-es","9":"product_tag-excursion-es","10":"product_tag-excursiones-desde-hurghada","11":"product_tag-hurghada-es","12":"pa_age-el-adulto","13":"pa_age-nino","15":"first","16":"instock","17":"sale","18":"taxable","19":"shipping-taxable","20":"purchasable","21":"product-type-variable"},"yoast_head":"<!-- This site is optimized with the Yoast SEO Premium plugin v26.9 (Yoast SEO v27.5) - https:\/\/yoast.com\/product\/yoast-seo-premium-wordpress\/ -->\n<title>Viaje de nado con delfines en Hurghada<\/title>\n<meta name=\"description\" content=\"Viaje de nado con delfines en Hurghada puede nadar con delfines muy de cerca en una piscina. El viaje brinda la oportunidad de tocar, besar y jugar con\" \/>\n<meta name=\"robots\" content=\"index, follow, max-snippet:-1, max-image-preview:large, max-video-preview:-1\" \/>\n<link rel=\"canonical\" href=\"https:\/\/landioustravel.com\/es\/shop\/viaje-nado-delfines-hurghada\/\" \/>\n<meta property=\"og:locale\" content=\"es_ES\" \/>\n<meta property=\"og:type\" content=\"article\" \/>\n<meta property=\"og:title\" content=\"Viaje de nado con delfines en Hurghada\" \/>\n<meta property=\"og:description\" content=\"Landious Travel\" \/>\n<meta property=\"og:url\" content=\"https:\/\/landioustravel.com\/es\/shop\/viaje-nado-delfines-hurghada\/\" \/>\n<meta property=\"og:site_name\" content=\"Landious Travel\" \/>\n<meta property=\"article:publisher\" content=\"https:\/\/web.facebook.com\/landiousEgypt\" \/>\n<meta property=\"article:modified_time\" content=\"2025-10-01T17:16:16+00:00\" \/>\n<meta property=\"og:image\" content=\"https:\/\/i0.wp.com\/landioustravel.com\/wp-content\/uploads\/2020\/11\/swimming_with_the_dolphins_hurghada-e1617556125615.jpg?fit=1200%2C675&ssl=1\" \/>\n\t<meta property=\"og:image:width\" content=\"1200\" \/>\n\t<meta property=\"og:image:height\" content=\"675\" \/>\n\t<meta property=\"og:image:type\" content=\"image\/jpeg\" \/>\n<meta name=\"twitter:card\" content=\"summary_large_image\" \/>\n<meta name=\"twitter:site\" content=\"@LandiousTours\" \/>\n<meta name=\"twitter:label1\" content=\"Tiempo de lectura\" \/>\n\t<meta name=\"twitter:data1\" content=\"3 minutos\" \/>\n<script type=\"application\/ld+json\" class=\"yoast-schema-graph\">{\"@context\":\"https:\\\/\\\/schema.org\",\"@graph\":[{\"@type\":\"WebPage\",\"@id\":\"https:\\\/\\\/landioustravel.com\\\/es\\\/shop\\\/viaje-nado-delfines-hurghada\\\/\",\"url\":\"https:\\\/\\\/landioustravel.com\\\/es\\\/shop\\\/viaje-nado-delfines-hurghada\\\/\",\"name\":\"Viaje de nado con delfines en Hurghada\",\"isPartOf\":{\"@id\":\"https:\\\/\\\/landioustravel.com\\\/es\\\/#website\"},\"primaryImageOfPage\":{\"@id\":\"https:\\\/\\\/landioustravel.com\\\/es\\\/shop\\\/viaje-nado-delfines-hurghada\\\/#primaryimage\"},\"image\":{\"@id\":\"https:\\\/\\\/landioustravel.com\\\/es\\\/shop\\\/viaje-nado-delfines-hurghada\\\/#primaryimage\"},\"thumbnailUrl\":\"https:\\\/\\\/i0.wp.com\\\/landioustravel.com\\\/wp-content\\\/uploads\\\/2020\\\/11\\\/swimming_with_the_dolphins_hurghada-e1617556125615.jpg?fit=1200%2C675&ssl=1\",\"datePublished\":\"2020-10-26T12:25:28+00:00\",\"dateModified\":\"2025-10-01T17:16:16+00:00\",\"description\":\"Viaje de nado con delfines en Hurghada puede nadar con delfines muy de cerca en una piscina. El viaje brinda la oportunidad de tocar, besar y jugar con\",\"breadcrumb\":{\"@id\":\"https:\\\/\\\/landioustravel.com\\\/es\\\/shop\\\/viaje-nado-delfines-hurghada\\\/#breadcrumb\"},\"inLanguage\":\"es\",\"potentialAction\":[{\"@type\":\"ReadAction\",\"target\":[\"https:\\\/\\\/landioustravel.com\\\/es\\\/shop\\\/viaje-nado-delfines-hurghada\\\/\"]}]},{\"@type\":\"ImageObject\",\"inLanguage\":\"es\",\"@id\":\"https:\\\/\\\/landioustravel.com\\\/es\\\/shop\\\/viaje-nado-delfines-hurghada\\\/#primaryimage\",\"url\":\"https:\\\/\\\/i0.wp.com\\\/landioustravel.com\\\/wp-content\\\/uploads\\\/2020\\\/11\\\/swimming_with_the_dolphins_hurghada-e1617556125615.jpg?fit=1200%2C675&ssl=1\",\"contentUrl\":\"https:\\\/\\\/i0.wp.com\\\/landioustravel.com\\\/wp-content\\\/uploads\\\/2020\\\/11\\\/swimming_with_the_dolphins_hurghada-e1617556125615.jpg?fit=1200%2C675&ssl=1\",\"width\":1200,\"height\":675,\"caption\":\"Schwimmen mit Delfinen Reise Hurghada\"},{\"@type\":\"BreadcrumbList\",\"@id\":\"https:\\\/\\\/landioustravel.com\\\/es\\\/shop\\\/viaje-nado-delfines-hurghada\\\/#breadcrumb\",\"itemListElement\":[{\"@type\":\"ListItem\",\"position\":1,\"name\":\"Home\",\"item\":\"https:\\\/\\\/landioustravel.com\\\/es\\\/\"},{\"@type\":\"ListItem\",\"position\":2,\"name\":\"Servicios y Tours\",\"item\":\"https:\\\/\\\/landioustravel.com\\\/es\\\/\"},{\"@type\":\"ListItem\",\"position\":3,\"name\":\"Viaje de nado con delfines en Hurghada\"}]},{\"@type\":\"WebSite\",\"@id\":\"https:\\\/\\\/landioustravel.com\\\/es\\\/#website\",\"url\":\"https:\\\/\\\/landioustravel.com\\\/es\\\/\",\"name\":\"Landious Travel\",\"description\":\"Tours and Excursions in Egypt\",\"publisher\":{\"@id\":\"https:\\\/\\\/landioustravel.com\\\/es\\\/#organization\"},\"potentialAction\":[{\"@type\":\"SearchAction\",\"target\":{\"@type\":\"EntryPoint\",\"urlTemplate\":\"https:\\\/\\\/landioustravel.com\\\/es\\\/?s={search_term_string}\"},\"query-input\":{\"@type\":\"PropertyValueSpecification\",\"valueRequired\":true,\"valueName\":\"search_term_string\"}}],\"inLanguage\":\"es\"},{\"@type\":[\"Organization\",\"Place\"],\"@id\":\"https:\\\/\\\/landioustravel.com\\\/es\\\/#organization\",\"name\":\"Landious Travel\",\"alternateName\":\"Landious Travel\",\"url\":\"https:\\\/\\\/landioustravel.com\\\/es\\\/\",\"logo\":{\"@id\":\"https:\\\/\\\/landioustravel.com\\\/es\\\/shop\\\/viaje-nado-delfines-hurghada\\\/#local-main-organization-logo\"},\"image\":{\"@id\":\"https:\\\/\\\/landioustravel.com\\\/es\\\/shop\\\/viaje-nado-delfines-hurghada\\\/#local-main-organization-logo\"},\"sameAs\":[\"https:\\\/\\\/web.facebook.com\\\/landiousEgypt\",\"https:\\\/\\\/x.com\\\/LandiousTours\",\"https:\\\/\\\/mastodon.social\\\/@landious\"],\"legalName\":\"Landious Travel\",\"telephone\":[],\"openingHoursSpecification\":[{\"@type\":\"OpeningHoursSpecification\",\"dayOfWeek\":[\"Monday\",\"Tuesday\",\"Wednesday\",\"Thursday\",\"Friday\",\"Saturday\",\"Sunday\"],\"opens\":\"09:00\",\"closes\":\"17:00\"}]},{\"@type\":\"ImageObject\",\"inLanguage\":\"es\",\"@id\":\"https:\\\/\\\/landioustravel.com\\\/es\\\/shop\\\/viaje-nado-delfines-hurghada\\\/#local-main-organization-logo\",\"url\":\"https:\\\/\\\/i0.wp.com\\\/landioustravel.com\\\/wp-content\\\/uploads\\\/2021\\\/06\\\/Landious-T.png?fit=500%2C500&ssl=1\",\"contentUrl\":\"https:\\\/\\\/i0.wp.com\\\/landioustravel.com\\\/wp-content\\\/uploads\\\/2021\\\/06\\\/Landious-T.png?fit=500%2C500&ssl=1\",\"width\":500,\"height\":500,\"caption\":\"Landious Travel\"}]}<\/script>\n<!-- \/ Yoast SEO Premium plugin. -->","yoast_head_json":{"title":"Viaje de nado con delfines en Hurghada","description":"Viaje de nado con delfines en Hurghada puede nadar con delfines muy de cerca en una piscina. El viaje brinda la oportunidad de tocar, besar y jugar con","robots":{"index":"index","follow":"follow","max-snippet":"max-snippet:-1","max-image-preview":"max-image-preview:large","max-video-preview":"max-video-preview:-1"},"canonical":"https:\/\/landioustravel.com\/es\/shop\/viaje-nado-delfines-hurghada\/","og_locale":"es_ES","og_type":"article","og_title":"Viaje de nado con delfines en Hurghada","og_description":"Landious Travel","og_url":"https:\/\/landioustravel.com\/es\/shop\/viaje-nado-delfines-hurghada\/","og_site_name":"Landious Travel","article_publisher":"https:\/\/web.facebook.com\/landiousEgypt","article_modified_time":"2025-10-01T17:16:16+00:00","og_image":[{"width":1200,"height":675,"url":"https:\/\/i0.wp.com\/landioustravel.com\/wp-content\/uploads\/2020\/11\/swimming_with_the_dolphins_hurghada-e1617556125615.jpg?fit=1200%2C675&ssl=1","type":"image\/jpeg"}],"twitter_card":"summary_large_image","twitter_site":"@LandiousTours","twitter_misc":{"Tiempo de lectura":"3 minutos"},"schema":{"@context":"https:\/\/schema.org","@graph":[{"@type":"WebPage","@id":"https:\/\/landioustravel.com\/es\/shop\/viaje-nado-delfines-hurghada\/","url":"https:\/\/landioustravel.com\/es\/shop\/viaje-nado-delfines-hurghada\/","name":"Viaje de nado con delfines en Hurghada","isPartOf":{"@id":"https:\/\/landioustravel.com\/es\/#website"},"primaryImageOfPage":{"@id":"https:\/\/landioustravel.com\/es\/shop\/viaje-nado-delfines-hurghada\/#primaryimage"},"image":{"@id":"https:\/\/landioustravel.com\/es\/shop\/viaje-nado-delfines-hurghada\/#primaryimage"},"thumbnailUrl":"https:\/\/i0.wp.com\/landioustravel.com\/wp-content\/uploads\/2020\/11\/swimming_with_the_dolphins_hurghada-e1617556125615.jpg?fit=1200%2C675&ssl=1","datePublished":"2020-10-26T12:25:28+00:00","dateModified":"2025-10-01T17:16:16+00:00","description":"Viaje de nado con delfines en Hurghada puede nadar con delfines muy de cerca en una piscina. El viaje brinda la oportunidad de tocar, besar y jugar con","breadcrumb":{"@id":"https:\/\/landioustravel.com\/es\/shop\/viaje-nado-delfines-hurghada\/#breadcrumb"},"inLanguage":"es","potentialAction":[{"@type":"ReadAction","target":["https:\/\/landioustravel.com\/es\/shop\/viaje-nado-delfines-hurghada\/"]}]},{"@type":"ImageObject","inLanguage":"es","@id":"https:\/\/landioustravel.com\/es\/shop\/viaje-nado-delfines-hurghada\/#primaryimage","url":"https:\/\/i0.wp.com\/landioustravel.com\/wp-content\/uploads\/2020\/11\/swimming_with_the_dolphins_hurghada-e1617556125615.jpg?fit=1200%2C675&ssl=1","contentUrl":"https:\/\/i0.wp.com\/landioustravel.com\/wp-content\/uploads\/2020\/11\/swimming_with_the_dolphins_hurghada-e1617556125615.jpg?fit=1200%2C675&ssl=1","width":1200,"height":675,"caption":"Schwimmen mit Delfinen Reise Hurghada"},{"@type":"BreadcrumbList","@id":"https:\/\/landioustravel.com\/es\/shop\/viaje-nado-delfines-hurghada\/#breadcrumb","itemListElement":[{"@type":"ListItem","position":1,"name":"Home","item":"https:\/\/landioustravel.com\/es\/"},{"@type":"ListItem","position":2,"name":"Servicios y Tours","item":"https:\/\/landioustravel.com\/es\/"},{"@type":"ListItem","position":3,"name":"Viaje de nado con delfines en Hurghada"}]},{"@type":"WebSite","@id":"https:\/\/landioustravel.com\/es\/#website","url":"https:\/\/landioustravel.com\/es\/","name":"Landious Travel","description":"Tours and Excursions in Egypt","publisher":{"@id":"https:\/\/landioustravel.com\/es\/#organization"},"potentialAction":[{"@type":"SearchAction","target":{"@type":"EntryPoint","urlTemplate":"https:\/\/landioustravel.com\/es\/?s={search_term_string}"},"query-input":{"@type":"PropertyValueSpecification","valueRequired":true,"valueName":"search_term_string"}}],"inLanguage":"es"},{"@type":["Organization","Place"],"@id":"https:\/\/landioustravel.com\/es\/#organization","name":"Landious Travel","alternateName":"Landious Travel","url":"https:\/\/landioustravel.com\/es\/","logo":{"@id":"https:\/\/landioustravel.com\/es\/shop\/viaje-nado-delfines-hurghada\/#local-main-organization-logo"},"image":{"@id":"https:\/\/landioustravel.com\/es\/shop\/viaje-nado-delfines-hurghada\/#local-main-organization-logo"},"sameAs":["https:\/\/web.facebook.com\/landiousEgypt","https:\/\/x.com\/LandiousTours","https:\/\/mastodon.social\/@landious"],"legalName":"Landious Travel","telephone":[],"openingHoursSpecification":[{"@type":"OpeningHoursSpecification","dayOfWeek":["Monday","Tuesday","Wednesday","Thursday","Friday","Saturday","Sunday"],"opens":"09:00","closes":"17:00"}]},{"@type":"ImageObject","inLanguage":"es","@id":"https:\/\/landioustravel.com\/es\/shop\/viaje-nado-delfines-hurghada\/#local-main-organization-logo","url":"https:\/\/i0.wp.com\/landioustravel.com\/wp-content\/uploads\/2021\/06\/Landious-T.png?fit=500%2C500&ssl=1","contentUrl":"https:\/\/i0.wp.com\/landioustravel.com\/wp-content\/uploads\/2021\/06\/Landious-T.png?fit=500%2C500&ssl=1","width":500,"height":500,"caption":"Landious Travel"}]}},"jetpack_publicize_connections":[],"uagb_featured_image_src":{"full":["https:\/\/i0.wp.com\/landioustravel.com\/wp-content\/uploads\/2020\/11\/swimming_with_the_dolphins_hurghada-e1617556125615.jpg?fit=1200%2C675&ssl=1",1200,675,false],"thumbnail":["https:\/\/i0.wp.com\/landioustravel.com\/wp-content\/uploads\/2020\/11\/swimming_with_the_dolphins_hurghada-e1617556125615.jpg?resize=150%2C150&ssl=1",150,150,true],"medium":["https:\/\/i0.wp.com\/landioustravel.com\/wp-content\/uploads\/2020\/11\/swimming_with_the_dolphins_hurghada-e1617556125615.jpg?fit=300%2C199&ssl=1",300,199,true],"medium_large":["https:\/\/i0.wp.com\/landioustravel.com\/wp-content\/uploads\/2020\/11\/swimming_with_the_dolphins_hurghada-e1617556125615.jpg?fit=768%2C510&ssl=1",768,510,true],"large":["https:\/\/i0.wp.com\/landioustravel.com\/wp-content\/uploads\/2020\/11\/swimming_with_the_dolphins_hurghada-e1617556125615.jpg?fit=980%2C651&ssl=1",980,651,true],"1536x1536":["https:\/\/i0.wp.com\/landioustravel.com\/wp-content\/uploads\/2020\/11\/swimming_with_the_dolphins_hurghada-e1617556125615.jpg?fit=1536%2C1020&ssl=1",1536,1020,true],"2048x2048":["https:\/\/i0.wp.com\/landioustravel.com\/wp-content\/uploads\/2020\/11\/swimming_with_the_dolphins_hurghada-e1617556125615.jpg?fit=2048%2C1360&ssl=1",2048,1360,true],"newspack-article-block-landscape-large":["https:\/\/i0.wp.com\/landioustravel.com\/wp-content\/uploads\/2020\/11\/swimming_with_the_dolphins_hurghada-e1617556125615.jpg?resize=1200%2C675&ssl=1",1200,900,true],"newspack-article-block-portrait-large":["https:\/\/i0.wp.com\/landioustravel.com\/wp-content\/uploads\/2020\/11\/swimming_with_the_dolphins_hurghada-e1617556125615.jpg?resize=900%2C675&ssl=1",900,797,true],"newspack-article-block-square-large":["https:\/\/i0.wp.com\/landioustravel.com\/wp-content\/uploads\/2020\/11\/swimming_with_the_dolphins_hurghada-e1617556125615.jpg?resize=1200%2C675&ssl=1",1200,1200,true],"newspack-article-block-landscape-medium":["https:\/\/i0.wp.com\/landioustravel.com\/wp-content\/uploads\/2020\/11\/swimming_with_the_dolphins_hurghada-e1617556125615.jpg?resize=800%2C600&ssl=1",800,600,true],"newspack-article-block-portrait-medium":["https:\/\/i0.wp.com\/landioustravel.com\/wp-content\/uploads\/2020\/11\/swimming_with_the_dolphins_hurghada-e1617556125615.jpg?resize=600%2C675&ssl=1",600,797,true],"newspack-article-block-square-medium":["https:\/\/i0.wp.com\/landioustravel.com\/wp-content\/uploads\/2020\/11\/swimming_with_the_dolphins_hurghada-e1617556125615.jpg?resize=800%2C675&ssl=1",800,797,true],"newspack-article-block-landscape-intermediate":["https:\/\/i0.wp.com\/landioustravel.com\/wp-content\/uploads\/2020\/11\/swimming_with_the_dolphins_hurghada-e1617556125615.jpg?resize=600%2C450&ssl=1",600,450,true],"newspack-article-block-portrait-intermediate":["https:\/\/i0.wp.com\/landioustravel.com\/wp-content\/uploads\/2020\/11\/swimming_with_the_dolphins_hurghada-e1617556125615.jpg?resize=450%2C600&ssl=1",450,600,true],"newspack-article-block-square-intermediate":["https:\/\/i0.wp.com\/landioustravel.com\/wp-content\/uploads\/2020\/11\/swimming_with_the_dolphins_hurghada-e1617556125615.jpg?resize=600%2C600&ssl=1",600,600,true],"newspack-article-block-landscape-small":["https:\/\/i0.wp.com\/landioustravel.com\/wp-content\/uploads\/2020\/11\/swimming_with_the_dolphins_hurghada-e1617556125615.jpg?resize=400%2C300&ssl=1",400,300,true],"newspack-article-block-portrait-small":["https:\/\/i0.wp.com\/landioustravel.com\/wp-content\/uploads\/2020\/11\/swimming_with_the_dolphins_hurghada-e1617556125615.jpg?resize=300%2C400&ssl=1",300,400,true],"newspack-article-block-square-small":["https:\/\/i0.wp.com\/landioustravel.com\/wp-content\/uploads\/2020\/11\/swimming_with_the_dolphins_hurghada-e1617556125615.jpg?resize=400%2C400&ssl=1",400,400,true],"newspack-article-block-landscape-tiny":["https:\/\/i0.wp.com\/landioustravel.com\/wp-content\/uploads\/2020\/11\/swimming_with_the_dolphins_hurghada-e1617556125615.jpg?resize=200%2C150&ssl=1",200,150,true],"newspack-article-block-portrait-tiny":["https:\/\/i0.wp.com\/landioustravel.com\/wp-content\/uploads\/2020\/11\/swimming_with_the_dolphins_hurghada-e1617556125615.jpg?resize=150%2C200&ssl=1",150,200,true],"newspack-article-block-square-tiny":["https:\/\/i0.wp.com\/landioustravel.com\/wp-content\/uploads\/2020\/11\/swimming_with_the_dolphins_hurghada-e1617556125615.jpg?resize=200%2C200&ssl=1",200,200,true],"newspack-article-block-uncropped":["https:\/\/i0.wp.com\/landioustravel.com\/wp-content\/uploads\/2020\/11\/swimming_with_the_dolphins_hurghada-e1617556125615.jpg?fit=1200%2C797&ssl=1",1200,797,true],"woocommerce_thumbnail":["https:\/\/i0.wp.com\/landioustravel.com\/wp-content\/uploads\/2020\/11\/swimming_with_the_dolphins_hurghada-e1617556125615.jpg?resize=324%2C324&ssl=1",324,324,true],"woocommerce_single":["https:\/\/i0.wp.com\/landioustravel.com\/wp-content\/uploads\/2020\/11\/swimming_with_the_dolphins_hurghada-e1617556125615.jpg?fit=416%2C234&ssl=1",416,234,true],"woocommerce_gallery_thumbnail":["https:\/\/i0.wp.com\/landioustravel.com\/wp-content\/uploads\/2020\/11\/swimming_with_the_dolphins_hurghada-e1617556125615.jpg?resize=100%2C100&ssl=1",100,100,true]},"uagb_author_info":{"display_name":"Mofreh Landious","author_link":"https:\/\/landioustravel.com\/es\/author\/"},"uagb_comment_info":3,"uagb_excerpt":"Experimenta la alegr\u00eda de nadar con delfines de cerca en Hurghada con nuestro incre\u00edble viaje. Nuestros entrenadores expertos supervisar\u00e1n tu nado de 5 minutos, d\u00e1ndote la oportunidad de jugar, tocar e incluso recibir un beso de un delf\u00edn. Tendr\u00e1s la oportunidad de interactuar con estas encantadoras criaturas en un ambiente amigable y seguro. Esta aventura&hellip;","jetpack_sharing_enabled":true,"jetpack_likes_enabled":true,"amp_enabled":true,"_links":{"self":[{"href":"https:\/\/landioustravel.com\/es\/wp-json\/wp\/v2\/product\/25477","targetHints":{"allow":["GET"]}}],"collection":[{"href":"https:\/\/landioustravel.com\/es\/wp-json\/wp\/v2\/product"}],"about":[{"href":"https:\/\/landioustravel.com\/es\/wp-json\/wp\/v2\/types\/product"}],"replies":[{"embeddable":true,"href":"https:\/\/landioustravel.com\/es\/wp-json\/wp\/v2\/comments?post=25477"}],"wp:featuredmedia":[{"embeddable":true,"href":"https:\/\/landioustravel.com\/es\/wp-json\/wp\/v2\/media\/25799"}],"wp:attachment":[{"href":"https:\/\/landioustravel.com\/es\/wp-json\/wp\/v2\/media?parent=25477"}],"wp:term":[{"taxonomy":"product_brand","embeddable":true,"href":"https:\/\/landioustravel.com\/es\/wp-json\/wp\/v2\/product_brand?post=25477"},{"taxonomy":"product_cat","embeddable":true,"href":"https:\/\/landioustravel.com\/es\/wp-json\/wp\/v2\/product_cat?post=25477"},{"taxonomy":"product_tag","embeddable":true,"href":"https:\/\/landioustravel.com\/es\/wp-json\/wp\/v2\/product_tag?post=25477"}],"curies":[{"name":"wp","href":"https:\/\/api.w.org\/{rel}","templated":true}]}}