{"id":25862,"date":"2020-11-08T05:27:27","date_gmt":"2020-11-21T19:18:13","guid":{"rendered":"https:\/\/landioustravel.com\/?post_type=product&#038;p=25862"},"modified":"2024-09-30T20:13:31","modified_gmt":"2024-09-30T17:13:31","slug":"viaje-asuan-abu-simbel-safaga","status":"publish","type":"product","link":"https:\/\/landioustravel.com\/es\/shop\/viaje-asuan-abu-simbel-safaga\/","title":{"rendered":"Viaje a Asu\u00e1n y Abu Simbel desde Safaga"},"content":{"rendered":"<p>\u00a1Es una maravillosa excursi\u00f3n a <a href=\"https:\/\/landioustravel.com\/es\/egipto\/pueblos-egipcios\/gobernacion-aswan\/\">Asu\u00e1n<\/a> y Abu Simbel desde Safaga, Egipto! Recomendamos un viaje por el hecho de que permite a los turistas ver una gran cantidad de atractivos del antiguo Egipto y conocer m\u00e1s sobre la historia del pa\u00eds. Se lo recomendamos a todos aquellos a los que les gusten las actividades tur\u00edsticas en Egipto.<\/p>\n<h2>Puntos principales del programa de excursiones a Asu\u00e1n<\/h2>\n<ul>\n<li>Presa alta<\/li>\n<li><a href=\"https:\/\/landioustravel.com\/es\/egipto\/templos-egipcios\/templos-philae\/\">Templo de philae<\/a><\/li>\n<li>Obelisco inacabado<\/li>\n<li>Picnic en el Nilo con faluca egipcia<\/li>\n<li><a href=\"https:\/\/landioustravel.com\/es\/egipto\/templos-egipcios\/templos-abu-simbel\/\">Templos de Abu Simbel<\/a><\/li>\n<\/ul>\n<h3>Programa de excursiones a Asu\u00e1n &#8211; Abu Simbel desde Safaga<\/h3>\n<ul>\n<li>El representante de Landious Travel lo recoger\u00e1 del hotel, en Safaga, aproximadamente a las 00:30 de la ma\u00f1ana.<\/li>\n<li>Despu\u00e9s de recoger a todos los que lleguen, el autob\u00fas sale hacia Asu\u00e1n pasando por las ciudades costeras de Safaga, Al-Quseir y Marsa Alam; y rumbo a las ciudades del valle de Edfu y Kom Ombo. La ciudad de Edfu se ubica a 120 kil\u00f3metros al sur de Marsa Alam, en el r\u00edo Nilo. Mientras, la ciudad de Kom Ombo est\u00e1 a 220 km en el valle del Nilo. El camino, desde el centro de Safaga a Aswan, toma aproximadamente 9 horas.<\/li>\n<\/ul>\n<h4>Programa del primer d\u00eda en Asu\u00e1n<\/h4>\n<ul>\n<li>Tan pronto como llegues a Asu\u00e1n, te mostramos el templo de la diosa Isis en la isla de Filae.<\/li>\n<li>Luego, avanzamos hacia High Dam despu\u00e9s de visitar los complejos templos en Philae<\/li>\n<li>Despu\u00e9s de eso, puedes visitar el obelisco inacabado de la reina Hatsheput<\/li>\n<li>Finalmente, puede disfrutar de su almuerzo antes de acompa\u00f1arlo de regreso a su hotel en Asu\u00e1n.<\/li>\n<\/ul>\n<h4>Programa del segundo d\u00eda en Abu Simbel<\/h4>\n<ul>\n<li>En la ma\u00f1ana de su segundo d\u00eda de estad\u00eda en Asu\u00e1n, lo recogemos de su hotel a las 04:00 para viajar a Abu Simbel. Cabe destacar que se tarda 3 horas en llegar a los templos de Abu Simbel.<\/li>\n<li>Una vez que llegaste a Abu Simbel, comenzamos a mostrarte los incre\u00edbles templos de Rams\u00e9s II.<\/li>\n<li>Con el final de esta visita, comenzamos a conducir de regreso a Asu\u00e1n.<\/li>\n<li>En Asu\u00e1n, disfrutar\u00e1 de su almuerzo.<\/li>\n<li>Nuestro autob\u00fas sale de regreso a Safaga, despu\u00e9s de un programa de este tipo en la maravillosa ciudad de Asu\u00e1n.<\/li>\n<li>Este \u00abViaje a Asu\u00e1n y Abu Simbel desde Safaga\u00bb termina aproximadamente a las 24:00<\/li>\n<\/ul>\n<h4>Que esta incluido en el precio del viaje<\/h4>\n<ul>\n<li>Entradas para visitar templos<\/li>\n<li>Almuerzo<\/li>\n<li>Gu\u00eda<\/li>\n<li>Adem\u00e1s, traslado a Aswan &#8211; Abu Simbel, y regreso al hotel.<\/li>\n<\/ul>\n<h5>Que no esta incluido en el precio del tour<\/h5>\n<ul>\n<li>Programas de excursiones adicionales si no est\u00e1n incluidos en el programa principal<\/li>\n<li>Adem\u00e1s, Bebidas<\/li>\n<\/ul>\n<h6>Que llevar contigo para el viaje<\/h6>\n<ul>\n<li>Caja de desayuno<\/li>\n<li>Pasaporte<\/li>\n<li>Adem\u00e1s, ropa para la temporada.<\/li>\n<\/ul>\n<h6>D\u00edas de organizaci\u00f3n de excursiones<\/h6>\n<ul>\n<li>Todos los d\u00edas de 00:30 a 24:00 del d\u00eda siguiente<\/li>\n<\/ul>\n","protected":false},"excerpt":{"rendered":"<p>Durante el viaje, tendr\u00e1 la oportunidad de explorar varios lugares de inter\u00e9s y participar en actividades tur\u00edsticas. Puede visitar las atracciones de Asu\u00e1n e incluso viajar m\u00e1s lejos a Nubia para ver los templos de Abu Simbel. El recorrido incluye visitas a varios puntos de referencia, como la Presa Alta, el Templo de la Diosa Isis ubicado en la isla de Philae, el Obelisco Inacabado de Hatshepsut y los templos de Rams\u00e9s II. Tambi\u00e9n puede disfrutar de un hermoso picnic en el Nilo en Felucca. El precio del tour incluye tanto la comida como el alojamiento.<\/p>\n<p>Si est\u00e1 interesado en explorar en profundidad el antiguo complejo de templos de Abu Simbel, puede optar por un tour privado de un d\u00eda completo. Estar\u00e1 c\u00f3modo durante el viaje, ya que viajar\u00e1 en un autom\u00f3vil con aire acondicionado y lo recoger\u00e1n y lo dejar\u00e1n en su hotel. Durante el recorrido, lo acompa\u00f1ar\u00e1 un gu\u00eda capacitado en egipt\u00f3logo, que le brindar\u00e1 historias fascinantes e informaci\u00f3n sobre las estructuras milenarias que encontrar\u00e1, como el Templo de Rams\u00e9s II. Al final del recorrido, lo dejar\u00e1n justo afuera de su hotel en Asu\u00e1n. Esta experiencia personalizada es una excelente alternativa a los viajes en grupo, ya que te permite sumergirte por completo en la experiencia sin prisas.<\/p>\n","protected":false},"featured_media":45436,"comment_status":"open","ping_status":"closed","template":"","meta":{"_coblocks_attr":"","_coblocks_dimensions":"","_coblocks_responsive_height":"","_coblocks_accordion_ie_support":"","_uag_custom_page_level_css":"","jetpack_post_was_ever_published":false,"jetpack_publicize_message":"","jetpack_publicize_feature_enabled":true,"jetpack_social_post_already_shared":true,"jetpack_social_options":{"image_generator_settings":{"template":"highway","default_image_id":0,"font":"","enabled":false},"version":2},"_wpas_customize_per_network":false},"product_brand":[],"product_cat":[1449],"product_tag":[1797,9907],"class_list":{"0":"post-25862","1":"product","2":"type-product","3":"status-publish","4":"has-post-thumbnail","6":"product_cat-uncategorized","7":"product_tag-excursion-es","8":"product_tag-turismo","10":"first","11":"instock","12":"sale","13":"taxable","14":"shipping-taxable","15":"purchasable","16":"product-type-variable"},"yoast_head":"<!-- This site is optimized with the Yoast SEO Premium plugin v26.9 (Yoast SEO v27.3) - https:\/\/yoast.com\/product\/yoast-seo-premium-wordpress\/ -->\n<title>Viaje a Asu\u00e1n y Abu Simbel desde Safaga<\/title>\n<meta name=\"description\" content=\"Viaje a Asu\u00e1n y Abu Simbel desde Safaga El viaje te da la oportunidad de realizar algunas actividades tur\u00edsticas. Seguramente, puede visitar las atracciones\" \/>\n<meta name=\"robots\" content=\"index, follow, max-snippet:-1, max-image-preview:large, max-video-preview:-1\" \/>\n<link rel=\"canonical\" href=\"https:\/\/landioustravel.com\/es\/shop\/viaje-asuan-abu-simbel-safaga\/\" \/>\n<meta property=\"og:locale\" content=\"es_ES\" \/>\n<meta property=\"og:type\" content=\"article\" \/>\n<meta property=\"og:title\" content=\"Viaje a Asu\u00e1n y Abu Simbel desde Safaga\" \/>\n<meta property=\"og:description\" content=\"Landious Travel\" \/>\n<meta property=\"og:url\" content=\"https:\/\/landioustravel.com\/es\/shop\/viaje-asuan-abu-simbel-safaga\/\" \/>\n<meta property=\"og:site_name\" content=\"Landious Travel\" \/>\n<meta property=\"article:publisher\" content=\"https:\/\/web.facebook.com\/landiousEgypt\" \/>\n<meta property=\"article:modified_time\" content=\"2024-09-30T17:13:31+00:00\" \/>\n<meta property=\"og:image\" content=\"https:\/\/i0.wp.com\/landioustravel.com\/wp-content\/uploads\/2020\/11\/Aswan-Abu-Simbel-Trip-Safaga-e1617504519411.jpg?fit=1200%2C675&ssl=1\" \/>\n\t<meta property=\"og:image:width\" content=\"1200\" \/>\n\t<meta property=\"og:image:height\" content=\"675\" \/>\n\t<meta property=\"og:image:type\" content=\"image\/jpeg\" \/>\n<meta name=\"twitter:card\" content=\"summary_large_image\" \/>\n<meta name=\"twitter:site\" content=\"@LandiousTours\" \/>\n<meta name=\"twitter:label1\" content=\"Tiempo de lectura\" \/>\n\t<meta name=\"twitter:data1\" content=\"2 minutos\" \/>\n<script type=\"application\/ld+json\" class=\"yoast-schema-graph\">{\"@context\":\"https:\\\/\\\/schema.org\",\"@graph\":[{\"@type\":\"WebPage\",\"@id\":\"https:\\\/\\\/landioustravel.com\\\/es\\\/shop\\\/viaje-asuan-abu-simbel-safaga\\\/\",\"url\":\"https:\\\/\\\/landioustravel.com\\\/es\\\/shop\\\/viaje-asuan-abu-simbel-safaga\\\/\",\"name\":\"Viaje a Asu\u00e1n y Abu Simbel desde Safaga\",\"isPartOf\":{\"@id\":\"https:\\\/\\\/landioustravel.com\\\/es\\\/#website\"},\"primaryImageOfPage\":{\"@id\":\"https:\\\/\\\/landioustravel.com\\\/es\\\/shop\\\/viaje-asuan-abu-simbel-safaga\\\/#primaryimage\"},\"image\":{\"@id\":\"https:\\\/\\\/landioustravel.com\\\/es\\\/shop\\\/viaje-asuan-abu-simbel-safaga\\\/#primaryimage\"},\"thumbnailUrl\":\"https:\\\/\\\/i0.wp.com\\\/landioustravel.com\\\/wp-content\\\/uploads\\\/2020\\\/11\\\/Aswan-Abu-Simbel-Trip-Safaga-e1617504519411.jpg?fit=1200%2C675&ssl=1\",\"datePublished\":\"2020-11-21T19:18:13+00:00\",\"dateModified\":\"2024-09-30T17:13:31+00:00\",\"description\":\"Viaje a Asu\u00e1n y Abu Simbel desde Safaga El viaje te da la oportunidad de realizar algunas actividades tur\u00edsticas. Seguramente, puede visitar las atracciones\",\"breadcrumb\":{\"@id\":\"https:\\\/\\\/landioustravel.com\\\/es\\\/shop\\\/viaje-asuan-abu-simbel-safaga\\\/#breadcrumb\"},\"inLanguage\":\"es\",\"potentialAction\":[{\"@type\":\"ReadAction\",\"target\":[\"https:\\\/\\\/landioustravel.com\\\/es\\\/shop\\\/viaje-asuan-abu-simbel-safaga\\\/\"]}]},{\"@type\":\"ImageObject\",\"inLanguage\":\"es\",\"@id\":\"https:\\\/\\\/landioustravel.com\\\/es\\\/shop\\\/viaje-asuan-abu-simbel-safaga\\\/#primaryimage\",\"url\":\"https:\\\/\\\/i0.wp.com\\\/landioustravel.com\\\/wp-content\\\/uploads\\\/2020\\\/11\\\/Aswan-Abu-Simbel-Trip-Safaga-e1617504519411.jpg?fit=1200%2C675&ssl=1\",\"contentUrl\":\"https:\\\/\\\/i0.wp.com\\\/landioustravel.com\\\/wp-content\\\/uploads\\\/2020\\\/11\\\/Aswan-Abu-Simbel-Trip-Safaga-e1617504519411.jpg?fit=1200%2C675&ssl=1\",\"width\":1200,\"height\":675,\"caption\":\"Aswan Abu Simbel Trip Safaga\"},{\"@type\":\"BreadcrumbList\",\"@id\":\"https:\\\/\\\/landioustravel.com\\\/es\\\/shop\\\/viaje-asuan-abu-simbel-safaga\\\/#breadcrumb\",\"itemListElement\":[{\"@type\":\"ListItem\",\"position\":1,\"name\":\"Home\",\"item\":\"https:\\\/\\\/landioustravel.com\\\/es\\\/\"},{\"@type\":\"ListItem\",\"position\":2,\"name\":\"Servicios y Tours\",\"item\":\"https:\\\/\\\/landioustravel.com\\\/es\\\/\"},{\"@type\":\"ListItem\",\"position\":3,\"name\":\"Viaje a Asu\u00e1n y Abu Simbel desde Safaga\"}]},{\"@type\":\"WebSite\",\"@id\":\"https:\\\/\\\/landioustravel.com\\\/es\\\/#website\",\"url\":\"https:\\\/\\\/landioustravel.com\\\/es\\\/\",\"name\":\"Landious Travel\",\"description\":\"Tours and Excursions in Egypt\",\"publisher\":{\"@id\":\"https:\\\/\\\/landioustravel.com\\\/es\\\/#organization\"},\"potentialAction\":[{\"@type\":\"SearchAction\",\"target\":{\"@type\":\"EntryPoint\",\"urlTemplate\":\"https:\\\/\\\/landioustravel.com\\\/es\\\/?s={search_term_string}\"},\"query-input\":{\"@type\":\"PropertyValueSpecification\",\"valueRequired\":true,\"valueName\":\"search_term_string\"}}],\"inLanguage\":\"es\"},{\"@type\":[\"Organization\",\"Place\"],\"@id\":\"https:\\\/\\\/landioustravel.com\\\/es\\\/#organization\",\"name\":\"Landious Travel\",\"alternateName\":\"Landious Travel\",\"url\":\"https:\\\/\\\/landioustravel.com\\\/es\\\/\",\"logo\":{\"@id\":\"https:\\\/\\\/landioustravel.com\\\/es\\\/shop\\\/viaje-asuan-abu-simbel-safaga\\\/#local-main-organization-logo\"},\"image\":{\"@id\":\"https:\\\/\\\/landioustravel.com\\\/es\\\/shop\\\/viaje-asuan-abu-simbel-safaga\\\/#local-main-organization-logo\"},\"sameAs\":[\"https:\\\/\\\/web.facebook.com\\\/landiousEgypt\",\"https:\\\/\\\/x.com\\\/LandiousTours\",\"https:\\\/\\\/mastodon.social\\\/@landious\"],\"legalName\":\"Landious Travel\",\"telephone\":[],\"openingHoursSpecification\":[{\"@type\":\"OpeningHoursSpecification\",\"dayOfWeek\":[\"Monday\",\"Tuesday\",\"Wednesday\",\"Thursday\",\"Friday\",\"Saturday\",\"Sunday\"],\"opens\":\"09:00\",\"closes\":\"17:00\"}]},{\"@type\":\"ImageObject\",\"inLanguage\":\"es\",\"@id\":\"https:\\\/\\\/landioustravel.com\\\/es\\\/shop\\\/viaje-asuan-abu-simbel-safaga\\\/#local-main-organization-logo\",\"url\":\"https:\\\/\\\/i0.wp.com\\\/landioustravel.com\\\/wp-content\\\/uploads\\\/2021\\\/06\\\/Landious-T.png?fit=500%2C500&ssl=1\",\"contentUrl\":\"https:\\\/\\\/i0.wp.com\\\/landioustravel.com\\\/wp-content\\\/uploads\\\/2021\\\/06\\\/Landious-T.png?fit=500%2C500&ssl=1\",\"width\":500,\"height\":500,\"caption\":\"Landious Travel\"}]}<\/script>\n<!-- \/ Yoast SEO Premium plugin. -->","yoast_head_json":{"title":"Viaje a Asu\u00e1n y Abu Simbel desde Safaga","description":"Viaje a Asu\u00e1n y Abu Simbel desde Safaga El viaje te da la oportunidad de realizar algunas actividades tur\u00edsticas. Seguramente, puede visitar las atracciones","robots":{"index":"index","follow":"follow","max-snippet":"max-snippet:-1","max-image-preview":"max-image-preview:large","max-video-preview":"max-video-preview:-1"},"canonical":"https:\/\/landioustravel.com\/es\/shop\/viaje-asuan-abu-simbel-safaga\/","og_locale":"es_ES","og_type":"article","og_title":"Viaje a Asu\u00e1n y Abu Simbel desde Safaga","og_description":"Landious Travel","og_url":"https:\/\/landioustravel.com\/es\/shop\/viaje-asuan-abu-simbel-safaga\/","og_site_name":"Landious Travel","article_publisher":"https:\/\/web.facebook.com\/landiousEgypt","article_modified_time":"2024-09-30T17:13:31+00:00","og_image":[{"width":1200,"height":675,"url":"https:\/\/i0.wp.com\/landioustravel.com\/wp-content\/uploads\/2020\/11\/Aswan-Abu-Simbel-Trip-Safaga-e1617504519411.jpg?fit=1200%2C675&ssl=1","type":"image\/jpeg"}],"twitter_card":"summary_large_image","twitter_site":"@LandiousTours","twitter_misc":{"Tiempo de lectura":"2 minutos"},"schema":{"@context":"https:\/\/schema.org","@graph":[{"@type":"WebPage","@id":"https:\/\/landioustravel.com\/es\/shop\/viaje-asuan-abu-simbel-safaga\/","url":"https:\/\/landioustravel.com\/es\/shop\/viaje-asuan-abu-simbel-safaga\/","name":"Viaje a Asu\u00e1n y Abu Simbel desde Safaga","isPartOf":{"@id":"https:\/\/landioustravel.com\/es\/#website"},"primaryImageOfPage":{"@id":"https:\/\/landioustravel.com\/es\/shop\/viaje-asuan-abu-simbel-safaga\/#primaryimage"},"image":{"@id":"https:\/\/landioustravel.com\/es\/shop\/viaje-asuan-abu-simbel-safaga\/#primaryimage"},"thumbnailUrl":"https:\/\/i0.wp.com\/landioustravel.com\/wp-content\/uploads\/2020\/11\/Aswan-Abu-Simbel-Trip-Safaga-e1617504519411.jpg?fit=1200%2C675&ssl=1","datePublished":"2020-11-21T19:18:13+00:00","dateModified":"2024-09-30T17:13:31+00:00","description":"Viaje a Asu\u00e1n y Abu Simbel desde Safaga El viaje te da la oportunidad de realizar algunas actividades tur\u00edsticas. Seguramente, puede visitar las atracciones","breadcrumb":{"@id":"https:\/\/landioustravel.com\/es\/shop\/viaje-asuan-abu-simbel-safaga\/#breadcrumb"},"inLanguage":"es","potentialAction":[{"@type":"ReadAction","target":["https:\/\/landioustravel.com\/es\/shop\/viaje-asuan-abu-simbel-safaga\/"]}]},{"@type":"ImageObject","inLanguage":"es","@id":"https:\/\/landioustravel.com\/es\/shop\/viaje-asuan-abu-simbel-safaga\/#primaryimage","url":"https:\/\/i0.wp.com\/landioustravel.com\/wp-content\/uploads\/2020\/11\/Aswan-Abu-Simbel-Trip-Safaga-e1617504519411.jpg?fit=1200%2C675&ssl=1","contentUrl":"https:\/\/i0.wp.com\/landioustravel.com\/wp-content\/uploads\/2020\/11\/Aswan-Abu-Simbel-Trip-Safaga-e1617504519411.jpg?fit=1200%2C675&ssl=1","width":1200,"height":675,"caption":"Aswan Abu Simbel Trip Safaga"},{"@type":"BreadcrumbList","@id":"https:\/\/landioustravel.com\/es\/shop\/viaje-asuan-abu-simbel-safaga\/#breadcrumb","itemListElement":[{"@type":"ListItem","position":1,"name":"Home","item":"https:\/\/landioustravel.com\/es\/"},{"@type":"ListItem","position":2,"name":"Servicios y Tours","item":"https:\/\/landioustravel.com\/es\/"},{"@type":"ListItem","position":3,"name":"Viaje a Asu\u00e1n y Abu Simbel desde Safaga"}]},{"@type":"WebSite","@id":"https:\/\/landioustravel.com\/es\/#website","url":"https:\/\/landioustravel.com\/es\/","name":"Landious Travel","description":"Tours and Excursions in Egypt","publisher":{"@id":"https:\/\/landioustravel.com\/es\/#organization"},"potentialAction":[{"@type":"SearchAction","target":{"@type":"EntryPoint","urlTemplate":"https:\/\/landioustravel.com\/es\/?s={search_term_string}"},"query-input":{"@type":"PropertyValueSpecification","valueRequired":true,"valueName":"search_term_string"}}],"inLanguage":"es"},{"@type":["Organization","Place"],"@id":"https:\/\/landioustravel.com\/es\/#organization","name":"Landious Travel","alternateName":"Landious Travel","url":"https:\/\/landioustravel.com\/es\/","logo":{"@id":"https:\/\/landioustravel.com\/es\/shop\/viaje-asuan-abu-simbel-safaga\/#local-main-organization-logo"},"image":{"@id":"https:\/\/landioustravel.com\/es\/shop\/viaje-asuan-abu-simbel-safaga\/#local-main-organization-logo"},"sameAs":["https:\/\/web.facebook.com\/landiousEgypt","https:\/\/x.com\/LandiousTours","https:\/\/mastodon.social\/@landious"],"legalName":"Landious Travel","telephone":[],"openingHoursSpecification":[{"@type":"OpeningHoursSpecification","dayOfWeek":["Monday","Tuesday","Wednesday","Thursday","Friday","Saturday","Sunday"],"opens":"09:00","closes":"17:00"}]},{"@type":"ImageObject","inLanguage":"es","@id":"https:\/\/landioustravel.com\/es\/shop\/viaje-asuan-abu-simbel-safaga\/#local-main-organization-logo","url":"https:\/\/i0.wp.com\/landioustravel.com\/wp-content\/uploads\/2021\/06\/Landious-T.png?fit=500%2C500&ssl=1","contentUrl":"https:\/\/i0.wp.com\/landioustravel.com\/wp-content\/uploads\/2021\/06\/Landious-T.png?fit=500%2C500&ssl=1","width":500,"height":500,"caption":"Landious Travel"}]}},"jetpack_publicize_connections":[],"uagb_featured_image_src":{"full":["https:\/\/i0.wp.com\/landioustravel.com\/wp-content\/uploads\/2020\/11\/Aswan-Abu-Simbel-Trip-Safaga-e1617504519411.jpg?fit=1200%2C675&ssl=1",1200,675,false],"thumbnail":["https:\/\/i0.wp.com\/landioustravel.com\/wp-content\/uploads\/2020\/11\/Aswan-Abu-Simbel-Trip-Safaga-e1617504519411.jpg?resize=150%2C150&ssl=1",150,150,true],"medium":["https:\/\/i0.wp.com\/landioustravel.com\/wp-content\/uploads\/2020\/11\/Aswan-Abu-Simbel-Trip-Safaga-e1617504519411.jpg?fit=300%2C169&ssl=1",300,169,true],"medium_large":["https:\/\/i0.wp.com\/landioustravel.com\/wp-content\/uploads\/2020\/11\/Aswan-Abu-Simbel-Trip-Safaga-e1617504519411.jpg?fit=768%2C432&ssl=1",768,432,true],"large":["https:\/\/i0.wp.com\/landioustravel.com\/wp-content\/uploads\/2020\/11\/Aswan-Abu-Simbel-Trip-Safaga-e1617504519411.jpg?fit=980%2C551&ssl=1",980,551,true],"1536x1536":["https:\/\/i0.wp.com\/landioustravel.com\/wp-content\/uploads\/2020\/11\/Aswan-Abu-Simbel-Trip-Safaga-e1617504519411.jpg?fit=1536%2C864&ssl=1",1536,864,true],"2048x2048":["https:\/\/i0.wp.com\/landioustravel.com\/wp-content\/uploads\/2020\/11\/Aswan-Abu-Simbel-Trip-Safaga-e1617504519411.jpg?fit=1200%2C675&ssl=1",1200,675,true],"newspack-article-block-landscape-large":["https:\/\/i0.wp.com\/landioustravel.com\/wp-content\/uploads\/2020\/11\/Aswan-Abu-Simbel-Trip-Safaga-e1617504519411.jpg?resize=1200%2C675&ssl=1",1200,900,true],"newspack-article-block-portrait-large":["https:\/\/i0.wp.com\/landioustravel.com\/wp-content\/uploads\/2020\/11\/Aswan-Abu-Simbel-Trip-Safaga-e1617504519411.jpg?resize=900%2C675&ssl=1",900,900,true],"newspack-article-block-square-large":["https:\/\/i0.wp.com\/landioustravel.com\/wp-content\/uploads\/2020\/11\/Aswan-Abu-Simbel-Trip-Safaga-e1617504519411.jpg?resize=1200%2C675&ssl=1",1200,900,true],"newspack-article-block-landscape-medium":["https:\/\/i0.wp.com\/landioustravel.com\/wp-content\/uploads\/2020\/11\/Aswan-Abu-Simbel-Trip-Safaga-e1617504519411.jpg?resize=800%2C600&ssl=1",800,600,true],"newspack-article-block-portrait-medium":["https:\/\/i0.wp.com\/landioustravel.com\/wp-content\/uploads\/2020\/11\/Aswan-Abu-Simbel-Trip-Safaga-e1617504519411.jpg?resize=600%2C675&ssl=1",600,800,true],"newspack-article-block-square-medium":["https:\/\/i0.wp.com\/landioustravel.com\/wp-content\/uploads\/2020\/11\/Aswan-Abu-Simbel-Trip-Safaga-e1617504519411.jpg?resize=800%2C675&ssl=1",800,800,true],"newspack-article-block-landscape-intermediate":["https:\/\/i0.wp.com\/landioustravel.com\/wp-content\/uploads\/2020\/11\/Aswan-Abu-Simbel-Trip-Safaga-e1617504519411.jpg?resize=600%2C450&ssl=1",600,450,true],"newspack-article-block-portrait-intermediate":["https:\/\/i0.wp.com\/landioustravel.com\/wp-content\/uploads\/2020\/11\/Aswan-Abu-Simbel-Trip-Safaga-e1617504519411.jpg?resize=450%2C600&ssl=1",450,600,true],"newspack-article-block-square-intermediate":["https:\/\/i0.wp.com\/landioustravel.com\/wp-content\/uploads\/2020\/11\/Aswan-Abu-Simbel-Trip-Safaga-e1617504519411.jpg?resize=600%2C600&ssl=1",600,600,true],"newspack-article-block-landscape-small":["https:\/\/i0.wp.com\/landioustravel.com\/wp-content\/uploads\/2020\/11\/Aswan-Abu-Simbel-Trip-Safaga-e1617504519411.jpg?resize=400%2C300&ssl=1",400,300,true],"newspack-article-block-portrait-small":["https:\/\/i0.wp.com\/landioustravel.com\/wp-content\/uploads\/2020\/11\/Aswan-Abu-Simbel-Trip-Safaga-e1617504519411.jpg?resize=300%2C400&ssl=1",300,400,true],"newspack-article-block-square-small":["https:\/\/i0.wp.com\/landioustravel.com\/wp-content\/uploads\/2020\/11\/Aswan-Abu-Simbel-Trip-Safaga-e1617504519411.jpg?resize=400%2C400&ssl=1",400,400,true],"newspack-article-block-landscape-tiny":["https:\/\/i0.wp.com\/landioustravel.com\/wp-content\/uploads\/2020\/11\/Aswan-Abu-Simbel-Trip-Safaga-e1617504519411.jpg?resize=200%2C150&ssl=1",200,150,true],"newspack-article-block-portrait-tiny":["https:\/\/i0.wp.com\/landioustravel.com\/wp-content\/uploads\/2020\/11\/Aswan-Abu-Simbel-Trip-Safaga-e1617504519411.jpg?resize=150%2C200&ssl=1",150,200,true],"newspack-article-block-square-tiny":["https:\/\/i0.wp.com\/landioustravel.com\/wp-content\/uploads\/2020\/11\/Aswan-Abu-Simbel-Trip-Safaga-e1617504519411.jpg?resize=200%2C200&ssl=1",200,200,true],"newspack-article-block-uncropped":["https:\/\/i0.wp.com\/landioustravel.com\/wp-content\/uploads\/2020\/11\/Aswan-Abu-Simbel-Trip-Safaga-e1617504519411.jpg?fit=1200%2C675&ssl=1",1200,675,true],"woocommerce_thumbnail":["https:\/\/i0.wp.com\/landioustravel.com\/wp-content\/uploads\/2020\/11\/Aswan-Abu-Simbel-Trip-Safaga-e1617504519411.jpg?resize=324%2C324&ssl=1",324,324,true],"woocommerce_single":["https:\/\/i0.wp.com\/landioustravel.com\/wp-content\/uploads\/2020\/11\/Aswan-Abu-Simbel-Trip-Safaga-e1617504519411.jpg?fit=416%2C234&ssl=1",416,234,true],"woocommerce_gallery_thumbnail":["https:\/\/i0.wp.com\/landioustravel.com\/wp-content\/uploads\/2020\/11\/Aswan-Abu-Simbel-Trip-Safaga-e1617504519411.jpg?resize=100%2C100&ssl=1",100,100,true]},"uagb_author_info":{"display_name":"Mofreh Landious","author_link":"https:\/\/landioustravel.com\/es\/author\/"},"uagb_comment_info":2,"uagb_excerpt":"Durante el viaje, tendr\u00e1 la oportunidad de explorar varios lugares de inter\u00e9s y participar en actividades tur\u00edsticas. Puede visitar las atracciones de Asu\u00e1n e incluso viajar m\u00e1s lejos a Nubia para ver los templos de Abu Simbel. El recorrido incluye visitas a varios puntos de referencia, como la Presa Alta, el Templo de la Diosa&hellip;","jetpack_sharing_enabled":true,"jetpack_likes_enabled":true,"amp_enabled":true,"_links":{"self":[{"href":"https:\/\/landioustravel.com\/es\/wp-json\/wp\/v2\/product\/25862","targetHints":{"allow":["GET"]}}],"collection":[{"href":"https:\/\/landioustravel.com\/es\/wp-json\/wp\/v2\/product"}],"about":[{"href":"https:\/\/landioustravel.com\/es\/wp-json\/wp\/v2\/types\/product"}],"replies":[{"embeddable":true,"href":"https:\/\/landioustravel.com\/es\/wp-json\/wp\/v2\/comments?post=25862"}],"wp:featuredmedia":[{"embeddable":true,"href":"https:\/\/landioustravel.com\/es\/wp-json\/wp\/v2\/media\/45436"}],"wp:attachment":[{"href":"https:\/\/landioustravel.com\/es\/wp-json\/wp\/v2\/media?parent=25862"}],"wp:term":[{"taxonomy":"product_brand","embeddable":true,"href":"https:\/\/landioustravel.com\/es\/wp-json\/wp\/v2\/product_brand?post=25862"},{"taxonomy":"product_cat","embeddable":true,"href":"https:\/\/landioustravel.com\/es\/wp-json\/wp\/v2\/product_cat?post=25862"},{"taxonomy":"product_tag","embeddable":true,"href":"https:\/\/landioustravel.com\/es\/wp-json\/wp\/v2\/product_tag?post=25862"}],"curies":[{"name":"wp","href":"https:\/\/api.w.org\/{rel}","templated":true}]}}