{"id":26017,"date":"2020-11-02T02:24:35","date_gmt":"2020-11-28T18:08:42","guid":{"rendered":"https:\/\/landioustravel.com\/?post_type=product&#038;p=26017"},"modified":"2026-01-27T19:13:58","modified_gmt":"2026-01-27T17:13:58","slug":"viaje-piramides-museo-egipcio-cairo","status":"publish","type":"product","link":"https:\/\/landioustravel.com\/es\/shop\/viaje-piramides-museo-egipcio-cairo\/","title":{"rendered":"Viaje a las pir\u00e1mides y museo egipcio de El Cairo"},"content":{"rendered":"<p>\u00a1Una maravillosa excursi\u00f3n de un d\u00eda a las pir\u00e1mides y al museo egipcio de <a href=\"https:\/\/landioustravel.com\/es\/egipto\/pueblos-egipcios\/gobernacion-cairo\/\">El Cairo<\/a>! Recomendamos la excursi\u00f3n debido al hecho de que permite a los turistas ver las vistas m\u00e1s impresionantes construidas durante el antiguo Egipto y aprender m\u00e1s sobre la historia del pa\u00eds.<\/p>\n<h2>Puntos principales del programa de excursiones en El Cairo<\/h2>\n<ul>\n<li>Visita al Museo Egipcio de El Cairo<\/li>\n<li>Almuerzo<\/li>\n<li>Visita las tres pir\u00e1mides de Giza<\/li>\n<li>Adem\u00e1s, visite la Gran Esfinge en el complejo piramidal.<\/li>\n<\/ul>\n<h3>Programa de viaje a las pir\u00e1mides y al museo egipcio de El Cairo<\/h3>\n<ul>\n<li>El representante de Landious Travel lo recoger\u00e1 del hotel en El Cairo alrededor de las 08:00 de la ma\u00f1ana.<\/li>\n<li>Despu\u00e9s de recoger a todos los que llegan, el minib\u00fas se dirige al complejo de las pir\u00e1mides de Giza.<\/li>\n<li>Cabe destacar que la excursi\u00f3n a las pir\u00e1mides y al Museo Egipcio se dirige a dos ciudades diferentes: El Cairo y Giza.<\/li>\n<\/ul>\n<h4>Programa en El Cairo<\/h4>\n<ul>\n<li>Tan pronto como llegue a El Cairo, le mostramos el Museo Egipcio. Su gu\u00eda tendr\u00e1 la tarea de mostrar todos estos templos y dar tiempo libre para tomar fotograf\u00edas.<\/li>\n<li>Despu\u00e9s de visitar el Museo Egipcio en El Cairo, comienza el viaje en barco por el Nilo. Este es un programa adicional y se puede solicitar con anticipaci\u00f3n a trav\u00e9s de nosotros. Tan pronto como termine el viaje en bote por el Nilo, se dirigir\u00e1 a otra ciudad _ Giza<\/li>\n<\/ul>\n<h4>Programa en Giza<\/h4>\n<ul>\n<li>El recorrido contin\u00faa en Giza. La primera parada ser\u00e1 en el restaurante. Ofrece un buffet<\/li>\n<li>Luego, el grupo se dirige al complejo piramidal, donde hay tres grandes pir\u00e1mides y la Esfinge. Disfrutar\u00e1 de un recorrido piramidal de Keops, Chephren y Mykerinus. Adem\u00e1s, visitar\u00e1 el Templo del Valle y la Esfinge.<\/li>\n<li>Nuestro autob\u00fas sale de regreso despu\u00e9s de un programa de este tipo en las maravillosas ciudades de El Cairo y Giza.<\/li>\n<li>Este \u00abviaje a las pir\u00e1mides y al museo egipcio en El Cairo\u00bb termina aproximadamente a las 22:00<\/li>\n<\/ul>\n<h4>Que esta incluido en el precio del tour<\/h4>\n<ul>\n<li>Entradas para visitar templos<\/li>\n<li>Almuerzo<\/li>\n<li>Gu\u00eda<\/li>\n<li>Adem\u00e1s, traslado a todos los destinos y regreso al hotel.<\/li>\n<\/ul>\n<h5>Que no esta incluido en el precio del tour<\/h5>\n<ul>\n<li>Programas de excursiones adicionales si no est\u00e1n incluidos en el programa anterior<\/li>\n<li>Adem\u00e1s, bebidas en restaurante<\/li>\n<\/ul>\n<h6>Que llevar contigo para el viaje a El Cairo &#8211; Giza<\/h6>\n<ul>\n<li>Dinero extra<\/li>\n<li>Adem\u00e1s, ropa para la temporada.<\/li>\n<\/ul>\n<h6>D\u00edas de organizaci\u00f3n de excursiones<\/h6>\n<ul>\n<li>Todos los d\u00edas de 08: 00-15: 00<\/li>\n<\/ul>\n","protected":false},"excerpt":{"rendered":"<p>Experimente las maravillas del antiguo Egipto en una excursi\u00f3n de un d\u00eda a las pir\u00e1mides y al Museo Egipcio de El Cairo. Vea las Grandes Pir\u00e1mides de Giza, incluidas Keops, Chephren y Mykerinos, as\u00ed como la legendaria Esfinge. Despu\u00e9s del almuerzo, visite el Museo Egipcio, que cuenta con una incre\u00edble colecci\u00f3n de 150 000 art\u00edculos repartidos en 100 salas de exhibici\u00f3n. Termine el recorrido con una excursi\u00f3n de compras al Bazar Khan Khalili. Explore lo mejor de El Cairo y Giza con un gu\u00eda privado y un veh\u00edculo, lo que garantiza una experiencia personalizada. Vea los monumentos ic\u00f3nicos de la meseta de Giza, incluido el Templo del Valle, y disfrute de un almuerzo egipcio antes de visitar la Plaza Tahrir, el sitio de la Primavera \u00c1rabe. Busque recuerdos y especias en el vibrante bazar de Khan Khalili. Sea testigo de los antiguos tesoros de los faraones en el principal museo del pa\u00eds. No pierda esta oportunidad de descubrir la rica historia y la vida moderna de El Cairo.<\/p>\n","protected":false},"featured_media":128335,"comment_status":"open","ping_status":"closed","template":"","meta":{"_coblocks_attr":"","_coblocks_dimensions":"","_coblocks_responsive_height":"","_coblocks_accordion_ie_support":"","_uag_custom_page_level_css":"","jetpack_post_was_ever_published":false,"jetpack_publicize_message":"","jetpack_publicize_feature_enabled":true,"jetpack_social_post_already_shared":true,"jetpack_social_options":{"image_generator_settings":{"template":"highway","default_image_id":0,"font":"","enabled":false},"version":2},"_wpas_customize_per_network":false},"product_brand":[],"product_cat":[9855],"product_tag":[1804,1806,1797,1805,9907],"class_list":{"0":"post-26017","1":"product","2":"type-product","3":"status-publish","4":"has-post-thumbnail","6":"product_cat-excursiones-cairo","7":"product_tag-el-cairo","8":"product_tag-esfinge","9":"product_tag-excursion-es","10":"product_tag-piramides","11":"product_tag-turismo","13":"first","14":"instock","15":"sale","16":"taxable","17":"shipping-taxable","18":"purchasable","19":"product-type-variable"},"yoast_head":"<!-- This site is optimized with the Yoast SEO Premium plugin v26.9 (Yoast SEO v27.3) - https:\/\/yoast.com\/product\/yoast-seo-premium-wordpress\/ -->\n<title>Viaje a las pir\u00e1mides y museo egipcio de El Cairo<\/title>\n<meta name=\"description\" content=\"Viaje a las pir\u00e1mides y museo egipcio de El Cairo en autob\u00fas, visitamos las tres grandes pir\u00e1mides de Giza y la Gran Esfinge. Luego almorzaremos. Despu\u00e9s\" \/>\n<meta name=\"robots\" content=\"index, follow, max-snippet:-1, max-image-preview:large, max-video-preview:-1\" \/>\n<link rel=\"canonical\" href=\"https:\/\/landioustravel.com\/es\/shop\/viaje-piramides-museo-egipcio-cairo\/\" \/>\n<meta property=\"og:locale\" content=\"es_ES\" \/>\n<meta property=\"og:type\" content=\"article\" \/>\n<meta property=\"og:title\" content=\"Viaje a las pir\u00e1mides y museo egipcio de El Cairo\" \/>\n<meta property=\"og:description\" content=\"Landious Travel\" \/>\n<meta property=\"og:url\" content=\"https:\/\/landioustravel.com\/es\/shop\/viaje-piramides-museo-egipcio-cairo\/\" \/>\n<meta property=\"og:site_name\" content=\"Landious Travel\" \/>\n<meta property=\"article:publisher\" content=\"https:\/\/web.facebook.com\/landiousEgypt\" \/>\n<meta property=\"article:modified_time\" content=\"2026-01-27T17:13:58+00:00\" \/>\n<meta property=\"og:image\" content=\"https:\/\/i0.wp.com\/landioustravel.com\/wp-content\/uploads\/2020\/11\/Egyptian-Museum-Pyramids-Trip-Cairo-e1668807624676.jpeg?fit=1200%2C675&ssl=1\" \/>\n\t<meta property=\"og:image:width\" content=\"1200\" \/>\n\t<meta property=\"og:image:height\" content=\"675\" \/>\n\t<meta property=\"og:image:type\" content=\"image\/jpeg\" \/>\n<meta name=\"twitter:card\" content=\"summary_large_image\" \/>\n<meta name=\"twitter:site\" content=\"@LandiousTours\" \/>\n<meta name=\"twitter:label1\" content=\"Tiempo de lectura\" \/>\n\t<meta name=\"twitter:data1\" content=\"2 minutos\" \/>\n<script type=\"application\/ld+json\" class=\"yoast-schema-graph\">{\"@context\":\"https:\\\/\\\/schema.org\",\"@graph\":[{\"@type\":\"WebPage\",\"@id\":\"https:\\\/\\\/landioustravel.com\\\/es\\\/shop\\\/viaje-piramides-museo-egipcio-cairo\\\/\",\"url\":\"https:\\\/\\\/landioustravel.com\\\/es\\\/shop\\\/viaje-piramides-museo-egipcio-cairo\\\/\",\"name\":\"Viaje a las pir\u00e1mides y museo egipcio de El Cairo\",\"isPartOf\":{\"@id\":\"https:\\\/\\\/landioustravel.com\\\/es\\\/#website\"},\"primaryImageOfPage\":{\"@id\":\"https:\\\/\\\/landioustravel.com\\\/es\\\/shop\\\/viaje-piramides-museo-egipcio-cairo\\\/#primaryimage\"},\"image\":{\"@id\":\"https:\\\/\\\/landioustravel.com\\\/es\\\/shop\\\/viaje-piramides-museo-egipcio-cairo\\\/#primaryimage\"},\"thumbnailUrl\":\"https:\\\/\\\/i0.wp.com\\\/landioustravel.com\\\/wp-content\\\/uploads\\\/2020\\\/11\\\/Egyptian-Museum-Pyramids-Trip-Cairo-e1668807624676.jpeg?fit=1200%2C675&ssl=1\",\"datePublished\":\"2020-11-28T18:08:42+00:00\",\"dateModified\":\"2026-01-27T17:13:58+00:00\",\"description\":\"Viaje a las pir\u00e1mides y museo egipcio de El Cairo en autob\u00fas, visitamos las tres grandes pir\u00e1mides de Giza y la Gran Esfinge. Luego almorzaremos. Despu\u00e9s\",\"breadcrumb\":{\"@id\":\"https:\\\/\\\/landioustravel.com\\\/es\\\/shop\\\/viaje-piramides-museo-egipcio-cairo\\\/#breadcrumb\"},\"inLanguage\":\"es\",\"potentialAction\":[{\"@type\":\"ReadAction\",\"target\":[\"https:\\\/\\\/landioustravel.com\\\/es\\\/shop\\\/viaje-piramides-museo-egipcio-cairo\\\/\"]}]},{\"@type\":\"ImageObject\",\"inLanguage\":\"es\",\"@id\":\"https:\\\/\\\/landioustravel.com\\\/es\\\/shop\\\/viaje-piramides-museo-egipcio-cairo\\\/#primaryimage\",\"url\":\"https:\\\/\\\/i0.wp.com\\\/landioustravel.com\\\/wp-content\\\/uploads\\\/2020\\\/11\\\/Egyptian-Museum-Pyramids-Trip-Cairo-e1668807624676.jpeg?fit=1200%2C675&ssl=1\",\"contentUrl\":\"https:\\\/\\\/i0.wp.com\\\/landioustravel.com\\\/wp-content\\\/uploads\\\/2020\\\/11\\\/Egyptian-Museum-Pyramids-Trip-Cairo-e1668807624676.jpeg?fit=1200%2C675&ssl=1\",\"width\":1200,\"height\":675,\"caption\":\"Egyptian Museum Pyramids Trip Cairo\"},{\"@type\":\"BreadcrumbList\",\"@id\":\"https:\\\/\\\/landioustravel.com\\\/es\\\/shop\\\/viaje-piramides-museo-egipcio-cairo\\\/#breadcrumb\",\"itemListElement\":[{\"@type\":\"ListItem\",\"position\":1,\"name\":\"Home\",\"item\":\"https:\\\/\\\/landioustravel.com\\\/es\\\/\"},{\"@type\":\"ListItem\",\"position\":2,\"name\":\"Servicios y Tours\",\"item\":\"https:\\\/\\\/landioustravel.com\\\/es\\\/\"},{\"@type\":\"ListItem\",\"position\":3,\"name\":\"Viaje a las pir\u00e1mides y museo egipcio de El Cairo\"}]},{\"@type\":\"WebSite\",\"@id\":\"https:\\\/\\\/landioustravel.com\\\/es\\\/#website\",\"url\":\"https:\\\/\\\/landioustravel.com\\\/es\\\/\",\"name\":\"Landious Travel\",\"description\":\"Tours and Excursions in Egypt\",\"publisher\":{\"@id\":\"https:\\\/\\\/landioustravel.com\\\/es\\\/#organization\"},\"potentialAction\":[{\"@type\":\"SearchAction\",\"target\":{\"@type\":\"EntryPoint\",\"urlTemplate\":\"https:\\\/\\\/landioustravel.com\\\/es\\\/?s={search_term_string}\"},\"query-input\":{\"@type\":\"PropertyValueSpecification\",\"valueRequired\":true,\"valueName\":\"search_term_string\"}}],\"inLanguage\":\"es\"},{\"@type\":[\"Organization\",\"Place\"],\"@id\":\"https:\\\/\\\/landioustravel.com\\\/es\\\/#organization\",\"name\":\"Landious Travel\",\"alternateName\":\"Landious Travel\",\"url\":\"https:\\\/\\\/landioustravel.com\\\/es\\\/\",\"logo\":{\"@id\":\"https:\\\/\\\/landioustravel.com\\\/es\\\/shop\\\/viaje-piramides-museo-egipcio-cairo\\\/#local-main-organization-logo\"},\"image\":{\"@id\":\"https:\\\/\\\/landioustravel.com\\\/es\\\/shop\\\/viaje-piramides-museo-egipcio-cairo\\\/#local-main-organization-logo\"},\"sameAs\":[\"https:\\\/\\\/web.facebook.com\\\/landiousEgypt\",\"https:\\\/\\\/x.com\\\/LandiousTours\",\"https:\\\/\\\/mastodon.social\\\/@landious\"],\"legalName\":\"Landious Travel\",\"telephone\":[],\"openingHoursSpecification\":[{\"@type\":\"OpeningHoursSpecification\",\"dayOfWeek\":[\"Monday\",\"Tuesday\",\"Wednesday\",\"Thursday\",\"Friday\",\"Saturday\",\"Sunday\"],\"opens\":\"09:00\",\"closes\":\"17:00\"}]},{\"@type\":\"ImageObject\",\"inLanguage\":\"es\",\"@id\":\"https:\\\/\\\/landioustravel.com\\\/es\\\/shop\\\/viaje-piramides-museo-egipcio-cairo\\\/#local-main-organization-logo\",\"url\":\"https:\\\/\\\/i0.wp.com\\\/landioustravel.com\\\/wp-content\\\/uploads\\\/2021\\\/06\\\/Landious-T.png?fit=500%2C500&ssl=1\",\"contentUrl\":\"https:\\\/\\\/i0.wp.com\\\/landioustravel.com\\\/wp-content\\\/uploads\\\/2021\\\/06\\\/Landious-T.png?fit=500%2C500&ssl=1\",\"width\":500,\"height\":500,\"caption\":\"Landious Travel\"}]}<\/script>\n<!-- \/ Yoast SEO Premium plugin. -->","yoast_head_json":{"title":"Viaje a las pir\u00e1mides y museo egipcio de El Cairo","description":"Viaje a las pir\u00e1mides y museo egipcio de El Cairo en autob\u00fas, visitamos las tres grandes pir\u00e1mides de Giza y la Gran Esfinge. Luego almorzaremos. Despu\u00e9s","robots":{"index":"index","follow":"follow","max-snippet":"max-snippet:-1","max-image-preview":"max-image-preview:large","max-video-preview":"max-video-preview:-1"},"canonical":"https:\/\/landioustravel.com\/es\/shop\/viaje-piramides-museo-egipcio-cairo\/","og_locale":"es_ES","og_type":"article","og_title":"Viaje a las pir\u00e1mides y museo egipcio de El Cairo","og_description":"Landious Travel","og_url":"https:\/\/landioustravel.com\/es\/shop\/viaje-piramides-museo-egipcio-cairo\/","og_site_name":"Landious Travel","article_publisher":"https:\/\/web.facebook.com\/landiousEgypt","article_modified_time":"2026-01-27T17:13:58+00:00","og_image":[{"width":1200,"height":675,"url":"https:\/\/i0.wp.com\/landioustravel.com\/wp-content\/uploads\/2020\/11\/Egyptian-Museum-Pyramids-Trip-Cairo-e1668807624676.jpeg?fit=1200%2C675&ssl=1","type":"image\/jpeg"}],"twitter_card":"summary_large_image","twitter_site":"@LandiousTours","twitter_misc":{"Tiempo de lectura":"2 minutos"},"schema":{"@context":"https:\/\/schema.org","@graph":[{"@type":"WebPage","@id":"https:\/\/landioustravel.com\/es\/shop\/viaje-piramides-museo-egipcio-cairo\/","url":"https:\/\/landioustravel.com\/es\/shop\/viaje-piramides-museo-egipcio-cairo\/","name":"Viaje a las pir\u00e1mides y museo egipcio de El Cairo","isPartOf":{"@id":"https:\/\/landioustravel.com\/es\/#website"},"primaryImageOfPage":{"@id":"https:\/\/landioustravel.com\/es\/shop\/viaje-piramides-museo-egipcio-cairo\/#primaryimage"},"image":{"@id":"https:\/\/landioustravel.com\/es\/shop\/viaje-piramides-museo-egipcio-cairo\/#primaryimage"},"thumbnailUrl":"https:\/\/i0.wp.com\/landioustravel.com\/wp-content\/uploads\/2020\/11\/Egyptian-Museum-Pyramids-Trip-Cairo-e1668807624676.jpeg?fit=1200%2C675&ssl=1","datePublished":"2020-11-28T18:08:42+00:00","dateModified":"2026-01-27T17:13:58+00:00","description":"Viaje a las pir\u00e1mides y museo egipcio de El Cairo en autob\u00fas, visitamos las tres grandes pir\u00e1mides de Giza y la Gran Esfinge. Luego almorzaremos. Despu\u00e9s","breadcrumb":{"@id":"https:\/\/landioustravel.com\/es\/shop\/viaje-piramides-museo-egipcio-cairo\/#breadcrumb"},"inLanguage":"es","potentialAction":[{"@type":"ReadAction","target":["https:\/\/landioustravel.com\/es\/shop\/viaje-piramides-museo-egipcio-cairo\/"]}]},{"@type":"ImageObject","inLanguage":"es","@id":"https:\/\/landioustravel.com\/es\/shop\/viaje-piramides-museo-egipcio-cairo\/#primaryimage","url":"https:\/\/i0.wp.com\/landioustravel.com\/wp-content\/uploads\/2020\/11\/Egyptian-Museum-Pyramids-Trip-Cairo-e1668807624676.jpeg?fit=1200%2C675&ssl=1","contentUrl":"https:\/\/i0.wp.com\/landioustravel.com\/wp-content\/uploads\/2020\/11\/Egyptian-Museum-Pyramids-Trip-Cairo-e1668807624676.jpeg?fit=1200%2C675&ssl=1","width":1200,"height":675,"caption":"Egyptian Museum Pyramids Trip Cairo"},{"@type":"BreadcrumbList","@id":"https:\/\/landioustravel.com\/es\/shop\/viaje-piramides-museo-egipcio-cairo\/#breadcrumb","itemListElement":[{"@type":"ListItem","position":1,"name":"Home","item":"https:\/\/landioustravel.com\/es\/"},{"@type":"ListItem","position":2,"name":"Servicios y Tours","item":"https:\/\/landioustravel.com\/es\/"},{"@type":"ListItem","position":3,"name":"Viaje a las pir\u00e1mides y museo egipcio de El Cairo"}]},{"@type":"WebSite","@id":"https:\/\/landioustravel.com\/es\/#website","url":"https:\/\/landioustravel.com\/es\/","name":"Landious Travel","description":"Tours and Excursions in Egypt","publisher":{"@id":"https:\/\/landioustravel.com\/es\/#organization"},"potentialAction":[{"@type":"SearchAction","target":{"@type":"EntryPoint","urlTemplate":"https:\/\/landioustravel.com\/es\/?s={search_term_string}"},"query-input":{"@type":"PropertyValueSpecification","valueRequired":true,"valueName":"search_term_string"}}],"inLanguage":"es"},{"@type":["Organization","Place"],"@id":"https:\/\/landioustravel.com\/es\/#organization","name":"Landious Travel","alternateName":"Landious Travel","url":"https:\/\/landioustravel.com\/es\/","logo":{"@id":"https:\/\/landioustravel.com\/es\/shop\/viaje-piramides-museo-egipcio-cairo\/#local-main-organization-logo"},"image":{"@id":"https:\/\/landioustravel.com\/es\/shop\/viaje-piramides-museo-egipcio-cairo\/#local-main-organization-logo"},"sameAs":["https:\/\/web.facebook.com\/landiousEgypt","https:\/\/x.com\/LandiousTours","https:\/\/mastodon.social\/@landious"],"legalName":"Landious Travel","telephone":[],"openingHoursSpecification":[{"@type":"OpeningHoursSpecification","dayOfWeek":["Monday","Tuesday","Wednesday","Thursday","Friday","Saturday","Sunday"],"opens":"09:00","closes":"17:00"}]},{"@type":"ImageObject","inLanguage":"es","@id":"https:\/\/landioustravel.com\/es\/shop\/viaje-piramides-museo-egipcio-cairo\/#local-main-organization-logo","url":"https:\/\/i0.wp.com\/landioustravel.com\/wp-content\/uploads\/2021\/06\/Landious-T.png?fit=500%2C500&ssl=1","contentUrl":"https:\/\/i0.wp.com\/landioustravel.com\/wp-content\/uploads\/2021\/06\/Landious-T.png?fit=500%2C500&ssl=1","width":500,"height":500,"caption":"Landious Travel"}]}},"jetpack_publicize_connections":[],"uagb_featured_image_src":{"full":["https:\/\/i0.wp.com\/landioustravel.com\/wp-content\/uploads\/2020\/11\/Egyptian-Museum-Pyramids-Trip-Cairo-e1668807624676.jpeg?fit=1200%2C675&ssl=1",1200,675,false],"thumbnail":["https:\/\/i0.wp.com\/landioustravel.com\/wp-content\/uploads\/2020\/11\/Egyptian-Museum-Pyramids-Trip-Cairo-e1668807624676.jpeg?resize=150%2C150&ssl=1",150,150,true],"medium":["https:\/\/i0.wp.com\/landioustravel.com\/wp-content\/uploads\/2020\/11\/Egyptian-Museum-Pyramids-Trip-Cairo-e1668807624676.jpeg?fit=300%2C169&ssl=1",300,169,true],"medium_large":["https:\/\/i0.wp.com\/landioustravel.com\/wp-content\/uploads\/2020\/11\/Egyptian-Museum-Pyramids-Trip-Cairo-e1668807624676.jpeg?fit=768%2C432&ssl=1",768,432,true],"large":["https:\/\/i0.wp.com\/landioustravel.com\/wp-content\/uploads\/2020\/11\/Egyptian-Museum-Pyramids-Trip-Cairo-e1668807624676.jpeg?fit=980%2C551&ssl=1",980,551,true],"1536x1536":["https:\/\/i0.wp.com\/landioustravel.com\/wp-content\/uploads\/2020\/11\/Egyptian-Museum-Pyramids-Trip-Cairo-e1668807624676.jpeg?fit=1536%2C864&ssl=1",1536,864,true],"2048x2048":["https:\/\/i0.wp.com\/landioustravel.com\/wp-content\/uploads\/2020\/11\/Egyptian-Museum-Pyramids-Trip-Cairo-e1668807624676.jpeg?fit=1200%2C675&ssl=1",1200,675,true],"newspack-article-block-landscape-large":["https:\/\/i0.wp.com\/landioustravel.com\/wp-content\/uploads\/2020\/11\/Egyptian-Museum-Pyramids-Trip-Cairo-e1668807624676.jpeg?resize=1200%2C675&ssl=1",1200,675,true],"newspack-article-block-portrait-large":["https:\/\/i0.wp.com\/landioustravel.com\/wp-content\/uploads\/2020\/11\/Egyptian-Museum-Pyramids-Trip-Cairo-e1668807624676.jpeg?resize=900%2C675&ssl=1",900,675,true],"newspack-article-block-square-large":["https:\/\/i0.wp.com\/landioustravel.com\/wp-content\/uploads\/2020\/11\/Egyptian-Museum-Pyramids-Trip-Cairo-e1668807624676.jpeg?resize=1200%2C675&ssl=1",1200,675,true],"newspack-article-block-landscape-medium":["https:\/\/i0.wp.com\/landioustravel.com\/wp-content\/uploads\/2020\/11\/Egyptian-Museum-Pyramids-Trip-Cairo-e1668807624676.jpeg?resize=800%2C600&ssl=1",800,600,true],"newspack-article-block-portrait-medium":["https:\/\/i0.wp.com\/landioustravel.com\/wp-content\/uploads\/2020\/11\/Egyptian-Museum-Pyramids-Trip-Cairo-e1668807624676.jpeg?resize=600%2C675&ssl=1",600,675,true],"newspack-article-block-square-medium":["https:\/\/i0.wp.com\/landioustravel.com\/wp-content\/uploads\/2020\/11\/Egyptian-Museum-Pyramids-Trip-Cairo-e1668807624676.jpeg?resize=800%2C675&ssl=1",800,675,true],"newspack-article-block-landscape-intermediate":["https:\/\/i0.wp.com\/landioustravel.com\/wp-content\/uploads\/2020\/11\/Egyptian-Museum-Pyramids-Trip-Cairo-e1668807624676.jpeg?resize=600%2C450&ssl=1",600,450,true],"newspack-article-block-portrait-intermediate":["https:\/\/i0.wp.com\/landioustravel.com\/wp-content\/uploads\/2020\/11\/Egyptian-Museum-Pyramids-Trip-Cairo-e1668807624676.jpeg?resize=450%2C600&ssl=1",450,600,true],"newspack-article-block-square-intermediate":["https:\/\/i0.wp.com\/landioustravel.com\/wp-content\/uploads\/2020\/11\/Egyptian-Museum-Pyramids-Trip-Cairo-e1668807624676.jpeg?resize=600%2C600&ssl=1",600,600,true],"newspack-article-block-landscape-small":["https:\/\/i0.wp.com\/landioustravel.com\/wp-content\/uploads\/2020\/11\/Egyptian-Museum-Pyramids-Trip-Cairo-e1668807624676.jpeg?resize=400%2C300&ssl=1",400,300,true],"newspack-article-block-portrait-small":["https:\/\/i0.wp.com\/landioustravel.com\/wp-content\/uploads\/2020\/11\/Egyptian-Museum-Pyramids-Trip-Cairo-e1668807624676.jpeg?resize=300%2C400&ssl=1",300,400,true],"newspack-article-block-square-small":["https:\/\/i0.wp.com\/landioustravel.com\/wp-content\/uploads\/2020\/11\/Egyptian-Museum-Pyramids-Trip-Cairo-e1668807624676.jpeg?resize=400%2C400&ssl=1",400,400,true],"newspack-article-block-landscape-tiny":["https:\/\/i0.wp.com\/landioustravel.com\/wp-content\/uploads\/2020\/11\/Egyptian-Museum-Pyramids-Trip-Cairo-e1668807624676.jpeg?resize=200%2C150&ssl=1",200,150,true],"newspack-article-block-portrait-tiny":["https:\/\/i0.wp.com\/landioustravel.com\/wp-content\/uploads\/2020\/11\/Egyptian-Museum-Pyramids-Trip-Cairo-e1668807624676.jpeg?resize=150%2C200&ssl=1",150,200,true],"newspack-article-block-square-tiny":["https:\/\/i0.wp.com\/landioustravel.com\/wp-content\/uploads\/2020\/11\/Egyptian-Museum-Pyramids-Trip-Cairo-e1668807624676.jpeg?resize=200%2C200&ssl=1",200,200,true],"newspack-article-block-uncropped":["https:\/\/i0.wp.com\/landioustravel.com\/wp-content\/uploads\/2020\/11\/Egyptian-Museum-Pyramids-Trip-Cairo-e1668807624676.jpeg?fit=1200%2C675&ssl=1",1200,675,true],"woocommerce_thumbnail":["https:\/\/i0.wp.com\/landioustravel.com\/wp-content\/uploads\/2020\/11\/Egyptian-Museum-Pyramids-Trip-Cairo-e1668807624676.jpeg?resize=324%2C324&ssl=1",324,324,true],"woocommerce_single":["https:\/\/i0.wp.com\/landioustravel.com\/wp-content\/uploads\/2020\/11\/Egyptian-Museum-Pyramids-Trip-Cairo-e1668807624676.jpeg?fit=416%2C234&ssl=1",416,234,true],"woocommerce_gallery_thumbnail":["https:\/\/i0.wp.com\/landioustravel.com\/wp-content\/uploads\/2020\/11\/Egyptian-Museum-Pyramids-Trip-Cairo-e1668807624676.jpeg?resize=100%2C100&ssl=1",100,100,true]},"uagb_author_info":{"display_name":"Mofreh Landious","author_link":"https:\/\/landioustravel.com\/es\/author\/"},"uagb_comment_info":1,"uagb_excerpt":"Experimente las maravillas del antiguo Egipto en una excursi\u00f3n de un d\u00eda a las pir\u00e1mides y al Museo Egipcio de El Cairo. Vea las Grandes Pir\u00e1mides de Giza, incluidas Keops, Chephren y Mykerinos, as\u00ed como la legendaria Esfinge. Despu\u00e9s del almuerzo, visite el Museo Egipcio, que cuenta con una incre\u00edble colecci\u00f3n de 150 000 art\u00edculos&hellip;","jetpack_sharing_enabled":true,"jetpack_likes_enabled":true,"amp_enabled":true,"_links":{"self":[{"href":"https:\/\/landioustravel.com\/es\/wp-json\/wp\/v2\/product\/26017","targetHints":{"allow":["GET"]}}],"collection":[{"href":"https:\/\/landioustravel.com\/es\/wp-json\/wp\/v2\/product"}],"about":[{"href":"https:\/\/landioustravel.com\/es\/wp-json\/wp\/v2\/types\/product"}],"replies":[{"embeddable":true,"href":"https:\/\/landioustravel.com\/es\/wp-json\/wp\/v2\/comments?post=26017"}],"wp:featuredmedia":[{"embeddable":true,"href":"https:\/\/landioustravel.com\/es\/wp-json\/wp\/v2\/media\/128335"}],"wp:attachment":[{"href":"https:\/\/landioustravel.com\/es\/wp-json\/wp\/v2\/media?parent=26017"}],"wp:term":[{"taxonomy":"product_brand","embeddable":true,"href":"https:\/\/landioustravel.com\/es\/wp-json\/wp\/v2\/product_brand?post=26017"},{"taxonomy":"product_cat","embeddable":true,"href":"https:\/\/landioustravel.com\/es\/wp-json\/wp\/v2\/product_cat?post=26017"},{"taxonomy":"product_tag","embeddable":true,"href":"https:\/\/landioustravel.com\/es\/wp-json\/wp\/v2\/product_tag?post=26017"}],"curies":[{"name":"wp","href":"https:\/\/api.w.org\/{rel}","templated":true}]}}