{"id":26081,"date":"2020-10-08T12:43:34","date_gmt":"2020-12-01T23:54:55","guid":{"rendered":"https:\/\/landioustravel.com\/?post_type=product&#038;p=26081"},"modified":"2024-09-27T20:17:02","modified_gmt":"2024-09-27T17:17:02","slug":"tour-ciudad-sharm-el-sheikh","status":"publish","type":"product","link":"https:\/\/landioustravel.com\/es\/shop\/tour-ciudad-sharm-el-sheikh\/","title":{"rendered":"Tour por la ciudad de Sharm El Sheikh"},"content":{"rendered":"<p>\u00a1Disfruta de uno de los encantadores tours en <a href=\"https:\/\/landioustravel.com\/es\/ciudad-sharm-sheikh\/\">Sharm El Sheikh<\/a> explorando las fant\u00e1sticas vistas de la ciudad! Es un recorrido por la ciudad muy emocionante por Sharm El Sheikh, Egipto. Recomendamos el viaje porque permite a los turistas descubrir las diferentes atracciones en Sharm El-Sheikh. Adem\u00e1s, este tour te brinda informaci\u00f3n completa sobre las diferentes \u00e1reas y cultura del lugar.<\/p>\n<h2>Puntos principales del programa de city tour en Sharm<\/h2>\n<ul>\n<li>Visitando la Mezquita Mostafa y la Iglesia Ortodoxa Copta<\/li>\n<li>Luego, explorar el casco antiguo y hacer compras.<\/li>\n<li>Visitar la bah\u00eda de Naama y dar un paseo<\/li>\n<li>Adem\u00e1s, ver el espect\u00e1culo de la fuente danzante en Soho Square<\/li>\n<\/ul>\n<h3>Programa de city tour por Sharm El Sheikh<\/h3>\n<ul>\n<li>El representante de Landious Travel lo recoger\u00e1 en su hotel, en Sharm El Sheikh, aproximadamente a las 15:00<\/li>\n<li>Despu\u00e9s de recoger a todos los que lleguen, el autob\u00fas se dirige a la ciudad vieja de Sharm. Se tarda aproximadamente 30 minutos en conseguirlo<\/li>\n<li>Al comienzo del viaje, estar\u00e1 haciendo una descripci\u00f3n panor\u00e1mica del lugar. All\u00ed, su gu\u00eda brinda informaci\u00f3n sobre las diferentes \u00e1reas de la ciudad.<\/li>\n<li>Despu\u00e9s de esta vista panor\u00e1mica, conduce a lo largo de la mezquita m\u00e1s grande y hermosa de todo el Sina\u00ed _ Mezquita Mostafa<\/li>\n<li>Adem\u00e1s, visitar\u00e1 la Iglesia copta ortodoxa. Es una de las iglesias m\u00e1s modernas y hermosas del mundo.<\/li>\n<li>En el Mercado Viejo se pueden realizar m\u00e1s actividades _ ir de compras y pasear<\/li>\n<li>Con el final de su visita a la Ciudad Vieja, se dirige a un lugar activo y encantador _ Naama Bay<\/li>\n<li>En Naama Bay, puedes disfrutar de un paseo por el lugar descubriendo las discotecas, restaurantes y caf\u00e9s.<\/li>\n<li>A continuaci\u00f3n, dir\u00edjase a Soho Square, donde podr\u00e1 disfrutar del espect\u00e1culo de la fuente danzante y el lugar de patinaje sobre hielo.<\/li>\n<li>Al final de este incre\u00edble recorrido por la ciudad de Sharm El Sheikh, lo acompa\u00f1amos de regreso a sus hoteles.<\/li>\n<li>Este \u00abTour por la ciudad de Sharm El Sheikh\u00bb finaliza aproximadamente a las 20:00<\/li>\n<\/ul>\n<h4>Que esta incluido en el precio del tour<\/h4>\n<ul>\n<li>Traslado a la ciudad y regreso al hotel.<\/li>\n<\/ul>\n<h5>Que no esta incluido en el precio del viaje<\/h5>\n<ul>\n<li>Programas adicionales si no est\u00e1n incluidos en el programa anterior<\/li>\n<\/ul>\n<h6>Que llevar para el city tour<\/h6>\n<ul>\n<li>Gafas de sol<\/li>\n<li>Dinero extra<\/li>\n<\/ul>\n<h6>D\u00edas de organizaci\u00f3n de excursiones<\/h6>\n<ul>\n<li>Todos los d\u00edas de 15:00 a 20:00<\/li>\n<\/ul>\n","protected":false},"excerpt":{"rendered":"<p>El recorrido tur\u00edstico de Sharm El Sheikh es un itinerario ambicioso que lo lleva a los lugares m\u00e1s fascinantes de la ciudad. Podr\u00e1s explorar y descubrir mucho sobre este incre\u00edble lugar. El programa incluye una visita al casco antiguo, el mercado antiguo y la bah\u00eda de Naama, la mezquita m\u00e1s grande de Sharm El Sheikh, la iglesia copta y la plaza Soho. Y, si est\u00e1 interesado, tambi\u00e9n habr\u00e1 oportunidades para ir de compras.<\/p>\n<p>Si bien Sharm El Sheikh es conocido por sus lujosos hoteles, el buceo de clase mundial y su vibrante vida nocturna, tambi\u00e9n ha sido un destino durante miles de a\u00f1os debido a su ubicaci\u00f3n en la ruta comercial entre \u00c1frica y Asia. La Bah\u00eda de Sheikhs, como se la conoce, tambi\u00e9n se conoce como la Ciudad de la Paz debido a las numerosas conferencias de paz que se llevan a cabo aqu\u00ed. Este recorrido le brinda la oportunidad de experimentar la tolerancia religiosa de la ciudad, la arquitectura moderna y antigua, y la forma de vida egipcia local, algo que la mayor\u00eda de los turistas no pueden ver.<\/p>\n<p>Su gu\u00eda tur\u00edstico de la ciudad lo recoger\u00e1 en un minib\u00fas con aire acondicionado alrededor de las 3:00 p. m., y nuestra primera parada ser\u00e1 el distrito de al-Noor. Aqu\u00ed, visitaremos la Catedral Celestial, una impresionante catedral cat\u00f3lica con hermosos murales. Su gu\u00eda tambi\u00e9n le dar\u00e1 informaci\u00f3n sobre la historia del cristianismo en Egipto. A continuaci\u00f3n, visitaremos la Mezquita de Al-Mostafa, donde su gu\u00eda le informar\u00e1 sobre el estilo y la arquitectura de la Mezquita y sobre el propio Islam.<\/p>\n<p>Luego nos dirigiremos al faro de Al-Fanar, que ofrece impresionantes vistas de la costa de Sharm y el Golfo de Aqaba. Aqu\u00ed, podemos relajarnos y disfrutar de los panoramas. Tambi\u00e9n hay un hermoso monumento a la paz aqu\u00ed que es perfecto para tomar una foto.<\/p>\n<p>La Mezquita Sahaba en el antiguo mercado es nuestra siguiente parada. Es una hermosa mezquita que combina elementos fatim\u00edes, mamelucos y otomanos en su arquitectura y dise\u00f1o de interiores. Es considerada la mezquita m\u00e1s importante construida en la d\u00e9cada. Finalmente, si est\u00e1 interesado en experimentar la vida egipcia local, visitaremos la zona comercial de Old Market, donde podr\u00e1 mezclarse con los lugare\u00f1os y hacer algunas compras si lo desea.<\/p>\n<p>El recorrido finalizar\u00e1 alrededor de las 6:00 p. m. y su gu\u00eda lo acompa\u00f1ar\u00e1 de regreso a su hotel en la ciudad de Sharm El Sheikh. Este recorrido es una oportunidad incre\u00edble para explorar y aprender sobre la ciudad, y estamos seguros de que tendr\u00e1 una experiencia inolvidable.<\/p>\n","protected":false},"featured_media":45821,"comment_status":"open","ping_status":"closed","template":"","meta":{"_coblocks_attr":"","_coblocks_dimensions":"","_coblocks_responsive_height":"","_coblocks_accordion_ie_support":"","_uag_custom_page_level_css":"","jetpack_publicize_message":"","jetpack_publicize_feature_enabled":true,"jetpack_social_post_already_shared":true,"jetpack_social_options":{"image_generator_settings":{"template":"highway","default_image_id":0,"font":"","enabled":false},"version":2},"_wpas_customize_per_network":false},"product_brand":[],"product_cat":[1792],"product_tag":[1797,1800,9907,2111],"class_list":{"0":"post-26081","1":"product","2":"type-product","3":"status-publish","4":"has-post-thumbnail","6":"product_cat-excursiones-sharm-el-sheikh","7":"product_tag-excursion-es","8":"product_tag-sharm-el-sheikh-es","9":"product_tag-turismo","10":"product_tag-visita-de-la-ciudad","11":"pa_age-el-adulto","12":"pa_age-nino","14":"first","15":"instock","16":"sale","17":"taxable","18":"shipping-taxable","19":"purchasable","20":"product-type-variable"},"yoast_head":"<!-- This site is optimized with the Yoast SEO Premium plugin v26.9 (Yoast SEO v27.4) - https:\/\/yoast.com\/product\/yoast-seo-premium-wordpress\/ -->\n<title>Tour por la ciudad de Sharm El Sheikh<\/title>\n<meta name=\"description\" content=\"Tour por la ciudad de Sharm El Sheikh incluye varios puntos y paradas en los principales lugares de inter\u00e9s de la ciudad. La excursi\u00f3n es intensa y te\" \/>\n<meta name=\"robots\" content=\"index, follow, max-snippet:-1, max-image-preview:large, max-video-preview:-1\" \/>\n<link rel=\"canonical\" href=\"https:\/\/landioustravel.com\/es\/shop\/tour-ciudad-sharm-el-sheikh\/\" \/>\n<meta property=\"og:locale\" content=\"es_ES\" \/>\n<meta property=\"og:type\" content=\"article\" \/>\n<meta property=\"og:title\" content=\"Tour por la ciudad de Sharm El Sheikh\" \/>\n<meta property=\"og:description\" content=\"Landious Travel\" \/>\n<meta property=\"og:url\" content=\"https:\/\/landioustravel.com\/es\/shop\/tour-ciudad-sharm-el-sheikh\/\" \/>\n<meta property=\"og:site_name\" content=\"Landious Travel\" \/>\n<meta property=\"article:publisher\" content=\"https:\/\/web.facebook.com\/landiousEgypt\" \/>\n<meta property=\"article:modified_time\" content=\"2024-09-27T17:17:02+00:00\" \/>\n<meta property=\"og:image\" content=\"https:\/\/i0.wp.com\/landioustravel.com\/wp-content\/uploads\/2020\/10\/City-Tour-Sharm-El-Sheikh-e1617565959779.jpg?fit=1200%2C675&ssl=1\" \/>\n\t<meta property=\"og:image:width\" content=\"1200\" \/>\n\t<meta property=\"og:image:height\" content=\"675\" \/>\n\t<meta property=\"og:image:type\" content=\"image\/jpeg\" \/>\n<meta name=\"twitter:card\" content=\"summary_large_image\" \/>\n<meta name=\"twitter:site\" content=\"@LandiousTours\" \/>\n<meta name=\"twitter:label1\" content=\"Tiempo de lectura\" \/>\n\t<meta name=\"twitter:data1\" content=\"2 minutos\" \/>\n<script type=\"application\/ld+json\" class=\"yoast-schema-graph\">{\"@context\":\"https:\\\/\\\/schema.org\",\"@graph\":[{\"@type\":\"WebPage\",\"@id\":\"https:\\\/\\\/landioustravel.com\\\/es\\\/shop\\\/tour-ciudad-sharm-el-sheikh\\\/\",\"url\":\"https:\\\/\\\/landioustravel.com\\\/es\\\/shop\\\/tour-ciudad-sharm-el-sheikh\\\/\",\"name\":\"Tour por la ciudad de Sharm El Sheikh\",\"isPartOf\":{\"@id\":\"https:\\\/\\\/landioustravel.com\\\/es\\\/#website\"},\"primaryImageOfPage\":{\"@id\":\"https:\\\/\\\/landioustravel.com\\\/es\\\/shop\\\/tour-ciudad-sharm-el-sheikh\\\/#primaryimage\"},\"image\":{\"@id\":\"https:\\\/\\\/landioustravel.com\\\/es\\\/shop\\\/tour-ciudad-sharm-el-sheikh\\\/#primaryimage\"},\"thumbnailUrl\":\"https:\\\/\\\/i0.wp.com\\\/landioustravel.com\\\/wp-content\\\/uploads\\\/2020\\\/10\\\/City-Tour-Sharm-El-Sheikh-e1617565959779.jpg?fit=1200%2C675&ssl=1\",\"datePublished\":\"2020-12-01T23:54:55+00:00\",\"dateModified\":\"2024-09-27T17:17:02+00:00\",\"description\":\"Tour por la ciudad de Sharm El Sheikh incluye varios puntos y paradas en los principales lugares de inter\u00e9s de la ciudad. La excursi\u00f3n es intensa y te\",\"breadcrumb\":{\"@id\":\"https:\\\/\\\/landioustravel.com\\\/es\\\/shop\\\/tour-ciudad-sharm-el-sheikh\\\/#breadcrumb\"},\"inLanguage\":\"es\",\"potentialAction\":[{\"@type\":\"ReadAction\",\"target\":[\"https:\\\/\\\/landioustravel.com\\\/es\\\/shop\\\/tour-ciudad-sharm-el-sheikh\\\/\"]}]},{\"@type\":\"ImageObject\",\"inLanguage\":\"es\",\"@id\":\"https:\\\/\\\/landioustravel.com\\\/es\\\/shop\\\/tour-ciudad-sharm-el-sheikh\\\/#primaryimage\",\"url\":\"https:\\\/\\\/i0.wp.com\\\/landioustravel.com\\\/wp-content\\\/uploads\\\/2020\\\/10\\\/City-Tour-Sharm-El-Sheikh-e1617565959779.jpg?fit=1200%2C675&ssl=1\",\"contentUrl\":\"https:\\\/\\\/i0.wp.com\\\/landioustravel.com\\\/wp-content\\\/uploads\\\/2020\\\/10\\\/City-Tour-Sharm-El-Sheikh-e1617565959779.jpg?fit=1200%2C675&ssl=1\",\"width\":1200,\"height\":675,\"caption\":\"City Tour Sharm El Sheikh\"},{\"@type\":\"BreadcrumbList\",\"@id\":\"https:\\\/\\\/landioustravel.com\\\/es\\\/shop\\\/tour-ciudad-sharm-el-sheikh\\\/#breadcrumb\",\"itemListElement\":[{\"@type\":\"ListItem\",\"position\":1,\"name\":\"Home\",\"item\":\"https:\\\/\\\/landioustravel.com\\\/es\\\/\"},{\"@type\":\"ListItem\",\"position\":2,\"name\":\"Servicios y Tours\",\"item\":\"https:\\\/\\\/landioustravel.com\\\/es\\\/\"},{\"@type\":\"ListItem\",\"position\":3,\"name\":\"Tour por la ciudad de Sharm El Sheikh\"}]},{\"@type\":\"WebSite\",\"@id\":\"https:\\\/\\\/landioustravel.com\\\/es\\\/#website\",\"url\":\"https:\\\/\\\/landioustravel.com\\\/es\\\/\",\"name\":\"Landious Travel\",\"description\":\"Tours and Excursions in Egypt\",\"publisher\":{\"@id\":\"https:\\\/\\\/landioustravel.com\\\/es\\\/#organization\"},\"potentialAction\":[{\"@type\":\"SearchAction\",\"target\":{\"@type\":\"EntryPoint\",\"urlTemplate\":\"https:\\\/\\\/landioustravel.com\\\/es\\\/?s={search_term_string}\"},\"query-input\":{\"@type\":\"PropertyValueSpecification\",\"valueRequired\":true,\"valueName\":\"search_term_string\"}}],\"inLanguage\":\"es\"},{\"@type\":[\"Organization\",\"Place\"],\"@id\":\"https:\\\/\\\/landioustravel.com\\\/es\\\/#organization\",\"name\":\"Landious Travel\",\"alternateName\":\"Landious Travel\",\"url\":\"https:\\\/\\\/landioustravel.com\\\/es\\\/\",\"logo\":{\"@id\":\"https:\\\/\\\/landioustravel.com\\\/es\\\/shop\\\/tour-ciudad-sharm-el-sheikh\\\/#local-main-organization-logo\"},\"image\":{\"@id\":\"https:\\\/\\\/landioustravel.com\\\/es\\\/shop\\\/tour-ciudad-sharm-el-sheikh\\\/#local-main-organization-logo\"},\"sameAs\":[\"https:\\\/\\\/web.facebook.com\\\/landiousEgypt\",\"https:\\\/\\\/x.com\\\/LandiousTours\",\"https:\\\/\\\/mastodon.social\\\/@landious\"],\"legalName\":\"Landious Travel\",\"telephone\":[],\"openingHoursSpecification\":[{\"@type\":\"OpeningHoursSpecification\",\"dayOfWeek\":[\"Monday\",\"Tuesday\",\"Wednesday\",\"Thursday\",\"Friday\",\"Saturday\",\"Sunday\"],\"opens\":\"09:00\",\"closes\":\"17:00\"}]},{\"@type\":\"ImageObject\",\"inLanguage\":\"es\",\"@id\":\"https:\\\/\\\/landioustravel.com\\\/es\\\/shop\\\/tour-ciudad-sharm-el-sheikh\\\/#local-main-organization-logo\",\"url\":\"https:\\\/\\\/i0.wp.com\\\/landioustravel.com\\\/wp-content\\\/uploads\\\/2021\\\/06\\\/Landious-T.png?fit=500%2C500&ssl=1\",\"contentUrl\":\"https:\\\/\\\/i0.wp.com\\\/landioustravel.com\\\/wp-content\\\/uploads\\\/2021\\\/06\\\/Landious-T.png?fit=500%2C500&ssl=1\",\"width\":500,\"height\":500,\"caption\":\"Landious Travel\"}]}<\/script>\n<!-- \/ Yoast SEO Premium plugin. -->","yoast_head_json":{"title":"Tour por la ciudad de Sharm El Sheikh","description":"Tour por la ciudad de Sharm El Sheikh incluye varios puntos y paradas en los principales lugares de inter\u00e9s de la ciudad. La excursi\u00f3n es intensa y te","robots":{"index":"index","follow":"follow","max-snippet":"max-snippet:-1","max-image-preview":"max-image-preview:large","max-video-preview":"max-video-preview:-1"},"canonical":"https:\/\/landioustravel.com\/es\/shop\/tour-ciudad-sharm-el-sheikh\/","og_locale":"es_ES","og_type":"article","og_title":"Tour por la ciudad de Sharm El Sheikh","og_description":"Landious Travel","og_url":"https:\/\/landioustravel.com\/es\/shop\/tour-ciudad-sharm-el-sheikh\/","og_site_name":"Landious Travel","article_publisher":"https:\/\/web.facebook.com\/landiousEgypt","article_modified_time":"2024-09-27T17:17:02+00:00","og_image":[{"width":1200,"height":675,"url":"https:\/\/i0.wp.com\/landioustravel.com\/wp-content\/uploads\/2020\/10\/City-Tour-Sharm-El-Sheikh-e1617565959779.jpg?fit=1200%2C675&ssl=1","type":"image\/jpeg"}],"twitter_card":"summary_large_image","twitter_site":"@LandiousTours","twitter_misc":{"Tiempo de lectura":"2 minutos"},"schema":{"@context":"https:\/\/schema.org","@graph":[{"@type":"WebPage","@id":"https:\/\/landioustravel.com\/es\/shop\/tour-ciudad-sharm-el-sheikh\/","url":"https:\/\/landioustravel.com\/es\/shop\/tour-ciudad-sharm-el-sheikh\/","name":"Tour por la ciudad de Sharm El Sheikh","isPartOf":{"@id":"https:\/\/landioustravel.com\/es\/#website"},"primaryImageOfPage":{"@id":"https:\/\/landioustravel.com\/es\/shop\/tour-ciudad-sharm-el-sheikh\/#primaryimage"},"image":{"@id":"https:\/\/landioustravel.com\/es\/shop\/tour-ciudad-sharm-el-sheikh\/#primaryimage"},"thumbnailUrl":"https:\/\/i0.wp.com\/landioustravel.com\/wp-content\/uploads\/2020\/10\/City-Tour-Sharm-El-Sheikh-e1617565959779.jpg?fit=1200%2C675&ssl=1","datePublished":"2020-12-01T23:54:55+00:00","dateModified":"2024-09-27T17:17:02+00:00","description":"Tour por la ciudad de Sharm El Sheikh incluye varios puntos y paradas en los principales lugares de inter\u00e9s de la ciudad. La excursi\u00f3n es intensa y te","breadcrumb":{"@id":"https:\/\/landioustravel.com\/es\/shop\/tour-ciudad-sharm-el-sheikh\/#breadcrumb"},"inLanguage":"es","potentialAction":[{"@type":"ReadAction","target":["https:\/\/landioustravel.com\/es\/shop\/tour-ciudad-sharm-el-sheikh\/"]}]},{"@type":"ImageObject","inLanguage":"es","@id":"https:\/\/landioustravel.com\/es\/shop\/tour-ciudad-sharm-el-sheikh\/#primaryimage","url":"https:\/\/i0.wp.com\/landioustravel.com\/wp-content\/uploads\/2020\/10\/City-Tour-Sharm-El-Sheikh-e1617565959779.jpg?fit=1200%2C675&ssl=1","contentUrl":"https:\/\/i0.wp.com\/landioustravel.com\/wp-content\/uploads\/2020\/10\/City-Tour-Sharm-El-Sheikh-e1617565959779.jpg?fit=1200%2C675&ssl=1","width":1200,"height":675,"caption":"City Tour Sharm El Sheikh"},{"@type":"BreadcrumbList","@id":"https:\/\/landioustravel.com\/es\/shop\/tour-ciudad-sharm-el-sheikh\/#breadcrumb","itemListElement":[{"@type":"ListItem","position":1,"name":"Home","item":"https:\/\/landioustravel.com\/es\/"},{"@type":"ListItem","position":2,"name":"Servicios y Tours","item":"https:\/\/landioustravel.com\/es\/"},{"@type":"ListItem","position":3,"name":"Tour por la ciudad de Sharm El Sheikh"}]},{"@type":"WebSite","@id":"https:\/\/landioustravel.com\/es\/#website","url":"https:\/\/landioustravel.com\/es\/","name":"Landious Travel","description":"Tours and Excursions in Egypt","publisher":{"@id":"https:\/\/landioustravel.com\/es\/#organization"},"potentialAction":[{"@type":"SearchAction","target":{"@type":"EntryPoint","urlTemplate":"https:\/\/landioustravel.com\/es\/?s={search_term_string}"},"query-input":{"@type":"PropertyValueSpecification","valueRequired":true,"valueName":"search_term_string"}}],"inLanguage":"es"},{"@type":["Organization","Place"],"@id":"https:\/\/landioustravel.com\/es\/#organization","name":"Landious Travel","alternateName":"Landious Travel","url":"https:\/\/landioustravel.com\/es\/","logo":{"@id":"https:\/\/landioustravel.com\/es\/shop\/tour-ciudad-sharm-el-sheikh\/#local-main-organization-logo"},"image":{"@id":"https:\/\/landioustravel.com\/es\/shop\/tour-ciudad-sharm-el-sheikh\/#local-main-organization-logo"},"sameAs":["https:\/\/web.facebook.com\/landiousEgypt","https:\/\/x.com\/LandiousTours","https:\/\/mastodon.social\/@landious"],"legalName":"Landious Travel","telephone":[],"openingHoursSpecification":[{"@type":"OpeningHoursSpecification","dayOfWeek":["Monday","Tuesday","Wednesday","Thursday","Friday","Saturday","Sunday"],"opens":"09:00","closes":"17:00"}]},{"@type":"ImageObject","inLanguage":"es","@id":"https:\/\/landioustravel.com\/es\/shop\/tour-ciudad-sharm-el-sheikh\/#local-main-organization-logo","url":"https:\/\/i0.wp.com\/landioustravel.com\/wp-content\/uploads\/2021\/06\/Landious-T.png?fit=500%2C500&ssl=1","contentUrl":"https:\/\/i0.wp.com\/landioustravel.com\/wp-content\/uploads\/2021\/06\/Landious-T.png?fit=500%2C500&ssl=1","width":500,"height":500,"caption":"Landious Travel"}]}},"jetpack_publicize_connections":[],"uagb_featured_image_src":{"full":["https:\/\/i0.wp.com\/landioustravel.com\/wp-content\/uploads\/2020\/10\/City-Tour-Sharm-El-Sheikh-e1617565959779.jpg?fit=1200%2C675&ssl=1",1200,675,false],"thumbnail":["https:\/\/i0.wp.com\/landioustravel.com\/wp-content\/uploads\/2020\/10\/City-Tour-Sharm-El-Sheikh-e1617565959779.jpg?resize=150%2C150&ssl=1",150,150,true],"medium":["https:\/\/i0.wp.com\/landioustravel.com\/wp-content\/uploads\/2020\/10\/City-Tour-Sharm-El-Sheikh-e1617565959779.jpg?fit=300%2C169&ssl=1",300,169,true],"medium_large":["https:\/\/i0.wp.com\/landioustravel.com\/wp-content\/uploads\/2020\/10\/City-Tour-Sharm-El-Sheikh-e1617565959779.jpg?fit=768%2C432&ssl=1",768,432,true],"large":["https:\/\/i0.wp.com\/landioustravel.com\/wp-content\/uploads\/2020\/10\/City-Tour-Sharm-El-Sheikh-e1617565959779.jpg?fit=980%2C551&ssl=1",980,551,true],"1536x1536":["https:\/\/i0.wp.com\/landioustravel.com\/wp-content\/uploads\/2020\/10\/City-Tour-Sharm-El-Sheikh-e1617565959779.jpg?fit=1200%2C675&ssl=1",1200,675,true],"2048x2048":["https:\/\/i0.wp.com\/landioustravel.com\/wp-content\/uploads\/2020\/10\/City-Tour-Sharm-El-Sheikh-e1617565959779.jpg?fit=1200%2C675&ssl=1",1200,675,true],"newspack-article-block-landscape-large":["https:\/\/i0.wp.com\/landioustravel.com\/wp-content\/uploads\/2020\/10\/City-Tour-Sharm-El-Sheikh-e1617565959779.jpg?resize=1200%2C675&ssl=1",1200,720,true],"newspack-article-block-portrait-large":["https:\/\/i0.wp.com\/landioustravel.com\/wp-content\/uploads\/2020\/10\/City-Tour-Sharm-El-Sheikh-e1617565959779.jpg?resize=900%2C675&ssl=1",900,720,true],"newspack-article-block-square-large":["https:\/\/i0.wp.com\/landioustravel.com\/wp-content\/uploads\/2020\/10\/City-Tour-Sharm-El-Sheikh-e1617565959779.jpg?resize=1200%2C675&ssl=1",1200,720,true],"newspack-article-block-landscape-medium":["https:\/\/i0.wp.com\/landioustravel.com\/wp-content\/uploads\/2020\/10\/City-Tour-Sharm-El-Sheikh-e1617565959779.jpg?resize=800%2C600&ssl=1",800,600,true],"newspack-article-block-portrait-medium":["https:\/\/i0.wp.com\/landioustravel.com\/wp-content\/uploads\/2020\/10\/City-Tour-Sharm-El-Sheikh-e1617565959779.jpg?resize=600%2C675&ssl=1",600,720,true],"newspack-article-block-square-medium":["https:\/\/i0.wp.com\/landioustravel.com\/wp-content\/uploads\/2020\/10\/City-Tour-Sharm-El-Sheikh-e1617565959779.jpg?resize=800%2C675&ssl=1",800,720,true],"newspack-article-block-landscape-intermediate":["https:\/\/i0.wp.com\/landioustravel.com\/wp-content\/uploads\/2020\/10\/City-Tour-Sharm-El-Sheikh-e1617565959779.jpg?resize=600%2C450&ssl=1",600,450,true],"newspack-article-block-portrait-intermediate":["https:\/\/i0.wp.com\/landioustravel.com\/wp-content\/uploads\/2020\/10\/City-Tour-Sharm-El-Sheikh-e1617565959779.jpg?resize=450%2C600&ssl=1",450,600,true],"newspack-article-block-square-intermediate":["https:\/\/i0.wp.com\/landioustravel.com\/wp-content\/uploads\/2020\/10\/City-Tour-Sharm-El-Sheikh-e1617565959779.jpg?resize=600%2C600&ssl=1",600,600,true],"newspack-article-block-landscape-small":["https:\/\/i0.wp.com\/landioustravel.com\/wp-content\/uploads\/2020\/10\/City-Tour-Sharm-El-Sheikh-e1617565959779.jpg?resize=400%2C300&ssl=1",400,300,true],"newspack-article-block-portrait-small":["https:\/\/i0.wp.com\/landioustravel.com\/wp-content\/uploads\/2020\/10\/City-Tour-Sharm-El-Sheikh-e1617565959779.jpg?resize=300%2C400&ssl=1",300,400,true],"newspack-article-block-square-small":["https:\/\/i0.wp.com\/landioustravel.com\/wp-content\/uploads\/2020\/10\/City-Tour-Sharm-El-Sheikh-e1617565959779.jpg?resize=400%2C400&ssl=1",400,400,true],"newspack-article-block-landscape-tiny":["https:\/\/i0.wp.com\/landioustravel.com\/wp-content\/uploads\/2020\/10\/City-Tour-Sharm-El-Sheikh-e1617565959779.jpg?resize=200%2C150&ssl=1",200,150,true],"newspack-article-block-portrait-tiny":["https:\/\/i0.wp.com\/landioustravel.com\/wp-content\/uploads\/2020\/10\/City-Tour-Sharm-El-Sheikh-e1617565959779.jpg?resize=150%2C200&ssl=1",150,200,true],"newspack-article-block-square-tiny":["https:\/\/i0.wp.com\/landioustravel.com\/wp-content\/uploads\/2020\/10\/City-Tour-Sharm-El-Sheikh-e1617565959779.jpg?resize=200%2C200&ssl=1",200,200,true],"newspack-article-block-uncropped":["https:\/\/i0.wp.com\/landioustravel.com\/wp-content\/uploads\/2020\/10\/City-Tour-Sharm-El-Sheikh-e1617565959779.jpg?fit=1200%2C675&ssl=1",1200,675,true],"woocommerce_thumbnail":["https:\/\/i0.wp.com\/landioustravel.com\/wp-content\/uploads\/2020\/10\/City-Tour-Sharm-El-Sheikh-e1617565959779.jpg?resize=324%2C324&ssl=1",324,324,true],"woocommerce_single":["https:\/\/i0.wp.com\/landioustravel.com\/wp-content\/uploads\/2020\/10\/City-Tour-Sharm-El-Sheikh-e1617565959779.jpg?fit=416%2C234&ssl=1",416,234,true],"woocommerce_gallery_thumbnail":["https:\/\/i0.wp.com\/landioustravel.com\/wp-content\/uploads\/2020\/10\/City-Tour-Sharm-El-Sheikh-e1617565959779.jpg?resize=100%2C100&ssl=1",100,100,true]},"uagb_author_info":{"display_name":"Mofreh Landious","author_link":"https:\/\/landioustravel.com\/es\/author\/"},"uagb_comment_info":1,"uagb_excerpt":"El recorrido tur\u00edstico de Sharm El Sheikh es un itinerario ambicioso que lo lleva a los lugares m\u00e1s fascinantes de la ciudad. Podr\u00e1s explorar y descubrir mucho sobre este incre\u00edble lugar. El programa incluye una visita al casco antiguo, el mercado antiguo y la bah\u00eda de Naama, la mezquita m\u00e1s grande de Sharm El Sheikh,&hellip;","jetpack_sharing_enabled":true,"jetpack_likes_enabled":true,"amp_enabled":true,"_links":{"self":[{"href":"https:\/\/landioustravel.com\/es\/wp-json\/wp\/v2\/product\/26081","targetHints":{"allow":["GET"]}}],"collection":[{"href":"https:\/\/landioustravel.com\/es\/wp-json\/wp\/v2\/product"}],"about":[{"href":"https:\/\/landioustravel.com\/es\/wp-json\/wp\/v2\/types\/product"}],"replies":[{"embeddable":true,"href":"https:\/\/landioustravel.com\/es\/wp-json\/wp\/v2\/comments?post=26081"}],"wp:featuredmedia":[{"embeddable":true,"href":"https:\/\/landioustravel.com\/es\/wp-json\/wp\/v2\/media\/45821"}],"wp:attachment":[{"href":"https:\/\/landioustravel.com\/es\/wp-json\/wp\/v2\/media?parent=26081"}],"wp:term":[{"taxonomy":"product_brand","embeddable":true,"href":"https:\/\/landioustravel.com\/es\/wp-json\/wp\/v2\/product_brand?post=26081"},{"taxonomy":"product_cat","embeddable":true,"href":"https:\/\/landioustravel.com\/es\/wp-json\/wp\/v2\/product_cat?post=26081"},{"taxonomy":"product_tag","embeddable":true,"href":"https:\/\/landioustravel.com\/es\/wp-json\/wp\/v2\/product_tag?post=26081"}],"curies":[{"name":"wp","href":"https:\/\/api.w.org\/{rel}","templated":true}]}}