{"id":26167,"date":"2020-10-05T04:07:29","date_gmt":"2020-12-08T00:15:12","guid":{"rendered":"https:\/\/landioustravel.com\/?post_type=product&#038;p=26167"},"modified":"2024-09-21T15:06:51","modified_gmt":"2024-09-21T12:06:51","slug":"viaje-observacion-estrellas-sharm-sheikh","status":"publish","type":"product","link":"https:\/\/landioustravel.com\/es\/shop\/viaje-observacion-estrellas-sharm-sheikh\/","title":{"rendered":"Viaje de observaci\u00f3n de estrellas en Sharm El Sheikh"},"content":{"rendered":"<p>\u00a1El viaje de observaci\u00f3n de estrellas en <a href=\"https:\/\/landioustravel.com\/es\/ciudad-sharm-sheikh\/\">Sharm el Sheikh<\/a> es una de las actividades m\u00e1s interesantes que puedes hacer en la pen\u00ednsula del Sina\u00ed, Egipto! Recomendamos la excursi\u00f3n porque permite a los turistas tener una oportunidad \u00fanica de ver las estrellas en un tranquilo ambiente des\u00e9rtico. Adem\u00e1s, el viaje brinda la oportunidad de ver el desierto y familiarizarse con la cultura beduina. Ciertamente, incluye una visita al pueblo beduino, donde obtienes m\u00e1s entretenimientos como montar en camello y ver el espect\u00e1culo oriental. \u00a1Es una experiencia divertida con una impresi\u00f3n eterna!<\/p>\n<h2>Puntos principales del programa de excursiones para la observaci\u00f3n de estrellas<\/h2>\n<ul>\n<li>Montar camellos en el desierto<\/li>\n<li>A continuaci\u00f3n, cena beduina con refrescos.<\/li>\n<li>Luego, observaci\u00f3n de estrellas con telescopios.<\/li>\n<li>Finalmente, disfrutando del espect\u00e1culo oriental<\/li>\n<\/ul>\n<h3>Programa del viaje de observaci\u00f3n de estrellas en Sharm El-Sheikh<\/h3>\n<ul>\n<li>El representante de Landious Travel lo recoger\u00e1 del hotel en Sharm El-Sheikh aproximadamente a las 15:00<\/li>\n<li>Despu\u00e9s de recoger a todos los que llegan, nuestro minib\u00fas \/ autob\u00fas se dirige hacia el desierto, donde hay una comunidad beduina. El camino a la base dura unos 45 minutos.<\/li>\n<li>El viaje de observaci\u00f3n de estrellas comienza con una parada emocionante: Paseo en camello. Primero, tendr\u00e1s que prepararte con gafas de sol, enrollar un pa\u00f1uelo en la cabeza y pon\u00e9rtelo. En segundo lugar, recibe alguna instrucci\u00f3n y formaci\u00f3n, durante un tiempo, sobre c\u00f3mo montar en camello. A continuaci\u00f3n, dar\u00e1s un paseo en camello durante media hora en medio del desierto.<\/li>\n<li>Despu\u00e9s de este hermoso paseo, puede ver la fabulosa puesta de sol en la cima de una colina cercana y tener una vista panor\u00e1mica del desierto.<\/li>\n<li>Nuestra pr\u00f3xima parada ser\u00e1 una tienda beduina. Tan pronto como llegue al pueblo beduino, podr\u00e1 tomar fotograf\u00edas con los beduinos y disfrutar bebiendo el t\u00e9 beduino. Le seguir\u00e1n espect\u00e1culos africanos y nubios.<\/li>\n<li>Se servir\u00e1 una deliciosa cena en la tienda beduina a la luz de las velas.<\/li>\n<li>Por supuesto, le gustar\u00e1 ver el baile de Tanura y los fuegos artificiales despu\u00e9s de esta cena. Adem\u00e1s, conocer\u00e1 c\u00f3mo los beduinos hornean su pan en el desierto. Ser\u00e1 tan interesante mirarse<\/li>\n<li>Adem\u00e1s, disfrutar\u00e1 del punto principal del programa: observar las estrellas a trav\u00e9s de enormes telescopios. Estos telescopios tienen espejos de 14 pulgadas. Se les considera como los m\u00e1s profesionales en Egipto con orientaci\u00f3n inform\u00e1tica. Su gu\u00eda lo acompa\u00f1ar\u00e1 al \u00e1rea de telescopios. Te encantar\u00e1 tanto la explicaci\u00f3n del astr\u00f3nomo y tendr\u00e1s la oportunidad de mirar las estrellas con estos expertos telescopios. Ser\u00e1 tan lindo terminar la noche con esta incre\u00edble actividad.<\/li>\n<li>Finalmente, se prepara para conducir de regreso a sus hoteles.<\/li>\n<li>Este \u00abviaje de observaci\u00f3n de estrellas en Sharm El Sheikh\u00bb termina aproximadamente a las 20:00<\/li>\n<\/ul>\n<h4>Que est\u00e1 incluido en el precio del viaje de observaci\u00f3n de estrellas<\/h4>\n<ul>\n<li>Almuerzo<\/li>\n<li>Adem\u00e1s, traslado al desierto y regreso al hotel.<\/li>\n<\/ul>\n<h5>Que no esta incluido en el precio del viaje<\/h5>\n<ul>\n<li>DVD de video<\/li>\n<li>Adem\u00e1s, CD de fotos<\/li>\n<\/ul>\n<h6>Que llevar contigo para el viaje<\/h6>\n<ul>\n<li>Bufanda<\/li>\n<li>Adem\u00e1s, gafas de sol<\/li>\n<\/ul>\n<h6>D\u00edas de organizaci\u00f3n de excursiones<\/h6>\n<ul>\n<li>Todos los d\u00edas de 15:00 a 20:00<\/li>\n<\/ul>\n","protected":false},"excerpt":{"rendered":"<p>\u00bfEst\u00e1s listo para una experiencia inolvidable en Sharm el Sheikh? \u00a1Prep\u00e1rate para embarcarte en una aventura de observaci\u00f3n de estrellas como ninguna otra! El programa del viaje promete una parada emocionante donde podr\u00e1 contemplar las estrellas utilizando telescopios gigantes proporcionados en el impresionante desierto. Pero eso no es todo, tambi\u00e9n hay paseos en camello y un espect\u00e1culo oriental. Incluso podr\u00e1 conocer a los beduinos y aprender sobre su cultura mientras disfruta de una deliciosa cena beduina. Este viaje es la mejor combinaci\u00f3n de entretenimiento, aventura e inmersi\u00f3n cultural.<\/p>\n<p>Pasaremos a recogeros por vuestro hotel sobre las 15:30 horas todos los d\u00edas y os llevaremos al oasis llamado \u00abWadi Al Aat\u00bb, que se encuentra a tan solo 15 KM de Sharm El Sheikh. Prep\u00e1rese para una descarga de adrenalina mientras comienza a andar en quad durante una hora en el valle des\u00e9rtico de Al Kh-room.<\/p>\n<p>Cuando lleguemos a la zona, encontrar\u00e1s camellos esper\u00e1ndote. Podr\u00e1 disfrutar de un paseo de 20 minutos en estas magn\u00edficas criaturas mientras disfruta de las impresionantes vistas del atardecer. Despu\u00e9s de eso, es hora de disfrutar de una deliciosa comida beduina, completa con refrescos y t\u00e9 beduino; Todo incluido en el paquete.<\/p>\n<p>Pero la verdadera diversi\u00f3n comienza despu\u00e9s de la comida, cuando los beduinos organizan un espect\u00e1culo espectacular con danza del vientre, un espect\u00e1culo de Tanura y canto folcl\u00f3rico. Es una noche llena de celebraci\u00f3n y alegr\u00eda. Y cuando termine el espect\u00e1culo, lo llevar\u00e1n a los telescopios para experimentar el evento principal: observar las estrellas. Nuestro experto gu\u00eda de astronom\u00eda le brindar\u00e1 informaci\u00f3n sobre las estrellas, el cielo nocturno y los planetas, lo que tambi\u00e9n har\u00e1 de esta una experiencia educativa. Prep\u00e1rese para presenciar el impresionante cielo nocturno a trav\u00e9s de los telescopios: \u00a1es una experiencia \u00fanica en la vida que no querr\u00e1 perderse!<\/p>\n","protected":false},"featured_media":24626,"comment_status":"open","ping_status":"closed","template":"","meta":{"_coblocks_attr":"","_coblocks_dimensions":"","_coblocks_responsive_height":"","_coblocks_accordion_ie_support":"","_uag_custom_page_level_css":"","jetpack_post_was_ever_published":false,"jetpack_publicize_message":"","jetpack_publicize_feature_enabled":true,"jetpack_social_post_already_shared":true,"jetpack_social_options":{"image_generator_settings":{"template":"highway","default_image_id":0,"font":"","enabled":false},"version":2},"_wpas_customize_per_network":false},"product_brand":[],"product_cat":[1792,19123],"product_tag":[1797,1834,1800],"class_list":{"0":"post-26167","1":"product","2":"type-product","3":"status-publish","4":"has-post-thumbnail","6":"product_cat-excursiones-sharm-el-sheikh","7":"product_cat-tours-safari-sharm-el-sheikh","8":"product_tag-excursion-es","9":"product_tag-safari-es","10":"product_tag-sharm-el-sheikh-es","11":"pa_age-el-adulto","12":"pa_age-nino-1-4-anos","13":"pa_age-nino-5-11-anos","15":"first","16":"instock","17":"sale","18":"featured","19":"taxable","20":"shipping-taxable","21":"purchasable","22":"product-type-variable"},"yoast_head":"<!-- This site is optimized with the Yoast SEO Premium plugin v26.9 (Yoast SEO v27.3) - https:\/\/yoast.com\/product\/yoast-seo-premium-wordpress\/ -->\n<title>Viaje de observaci\u00f3n de estrellas en Sharm El Sheikh<\/title>\n<meta name=\"description\" content=\"Viaje de observaci\u00f3n de estrellas en Sharm El Sheikh El programa de este safari por el desierto incluye principalmente la actividad de observaci\u00f3n de\" \/>\n<meta name=\"robots\" content=\"index, follow, max-snippet:-1, max-image-preview:large, max-video-preview:-1\" \/>\n<link rel=\"canonical\" href=\"https:\/\/landioustravel.com\/es\/shop\/viaje-observacion-estrellas-sharm-sheikh\/\" \/>\n<meta property=\"og:locale\" content=\"es_ES\" \/>\n<meta property=\"og:type\" content=\"article\" \/>\n<meta property=\"og:title\" content=\"Viaje de observaci\u00f3n de estrellas en Sharm El Sheikh\" \/>\n<meta property=\"og:description\" content=\"Landious Travel\" \/>\n<meta property=\"og:url\" content=\"https:\/\/landioustravel.com\/es\/shop\/viaje-observacion-estrellas-sharm-sheikh\/\" \/>\n<meta property=\"og:site_name\" content=\"Landious Travel\" \/>\n<meta property=\"article:publisher\" content=\"https:\/\/web.facebook.com\/landiousEgypt\" \/>\n<meta property=\"article:modified_time\" content=\"2024-09-21T12:06:51+00:00\" \/>\n<meta property=\"og:image\" content=\"https:\/\/i0.wp.com\/landioustravel.com\/wp-content\/uploads\/2020\/10\/desert_stargazing-e1617567655534.jpg?fit=1200%2C675&ssl=1\" \/>\n\t<meta property=\"og:image:width\" content=\"1200\" \/>\n\t<meta property=\"og:image:height\" content=\"675\" \/>\n\t<meta property=\"og:image:type\" content=\"image\/jpeg\" \/>\n<meta name=\"twitter:card\" content=\"summary_large_image\" \/>\n<meta name=\"twitter:site\" content=\"@LandiousTours\" \/>\n<meta name=\"twitter:label1\" content=\"Tiempo de lectura\" \/>\n\t<meta name=\"twitter:data1\" content=\"3 minutos\" \/>\n<script type=\"application\/ld+json\" class=\"yoast-schema-graph\">{\"@context\":\"https:\\\/\\\/schema.org\",\"@graph\":[{\"@type\":\"WebPage\",\"@id\":\"https:\\\/\\\/landioustravel.com\\\/es\\\/shop\\\/viaje-observacion-estrellas-sharm-sheikh\\\/\",\"url\":\"https:\\\/\\\/landioustravel.com\\\/es\\\/shop\\\/viaje-observacion-estrellas-sharm-sheikh\\\/\",\"name\":\"Viaje de observaci\u00f3n de estrellas en Sharm El Sheikh\",\"isPartOf\":{\"@id\":\"https:\\\/\\\/landioustravel.com\\\/es\\\/#website\"},\"primaryImageOfPage\":{\"@id\":\"https:\\\/\\\/landioustravel.com\\\/es\\\/shop\\\/viaje-observacion-estrellas-sharm-sheikh\\\/#primaryimage\"},\"image\":{\"@id\":\"https:\\\/\\\/landioustravel.com\\\/es\\\/shop\\\/viaje-observacion-estrellas-sharm-sheikh\\\/#primaryimage\"},\"thumbnailUrl\":\"https:\\\/\\\/i0.wp.com\\\/landioustravel.com\\\/wp-content\\\/uploads\\\/2020\\\/10\\\/desert_stargazing-e1617567655534.jpg?fit=1200%2C675&ssl=1\",\"datePublished\":\"2020-12-08T00:15:12+00:00\",\"dateModified\":\"2024-09-21T12:06:51+00:00\",\"description\":\"Viaje de observaci\u00f3n de estrellas en Sharm El Sheikh El programa de este safari por el desierto incluye principalmente la actividad de observaci\u00f3n de\",\"breadcrumb\":{\"@id\":\"https:\\\/\\\/landioustravel.com\\\/es\\\/shop\\\/viaje-observacion-estrellas-sharm-sheikh\\\/#breadcrumb\"},\"inLanguage\":\"es\",\"potentialAction\":[{\"@type\":\"ReadAction\",\"target\":[\"https:\\\/\\\/landioustravel.com\\\/es\\\/shop\\\/viaje-observacion-estrellas-sharm-sheikh\\\/\"]}]},{\"@type\":\"ImageObject\",\"inLanguage\":\"es\",\"@id\":\"https:\\\/\\\/landioustravel.com\\\/es\\\/shop\\\/viaje-observacion-estrellas-sharm-sheikh\\\/#primaryimage\",\"url\":\"https:\\\/\\\/i0.wp.com\\\/landioustravel.com\\\/wp-content\\\/uploads\\\/2020\\\/10\\\/desert_stargazing-e1617567655534.jpg?fit=1200%2C675&ssl=1\",\"contentUrl\":\"https:\\\/\\\/i0.wp.com\\\/landioustravel.com\\\/wp-content\\\/uploads\\\/2020\\\/10\\\/desert_stargazing-e1617567655534.jpg?fit=1200%2C675&ssl=1\",\"width\":1200,\"height\":675,\"caption\":\"\u0441\u043e\u0437\u0435\u0440\u0446\u0430\u043d\u0438\u0435 \u0437\u0432\u0435\u0437\u0434 \u0432 \u0428\u0430\u0440\u043c \u044d\u043b\u044c \u0428\u0435\u0439\u0445\u0435\"},{\"@type\":\"BreadcrumbList\",\"@id\":\"https:\\\/\\\/landioustravel.com\\\/es\\\/shop\\\/viaje-observacion-estrellas-sharm-sheikh\\\/#breadcrumb\",\"itemListElement\":[{\"@type\":\"ListItem\",\"position\":1,\"name\":\"Home\",\"item\":\"https:\\\/\\\/landioustravel.com\\\/es\\\/\"},{\"@type\":\"ListItem\",\"position\":2,\"name\":\"Servicios y Tours\",\"item\":\"https:\\\/\\\/landioustravel.com\\\/es\\\/\"},{\"@type\":\"ListItem\",\"position\":3,\"name\":\"Viaje de observaci\u00f3n de estrellas en Sharm El Sheikh\"}]},{\"@type\":\"WebSite\",\"@id\":\"https:\\\/\\\/landioustravel.com\\\/es\\\/#website\",\"url\":\"https:\\\/\\\/landioustravel.com\\\/es\\\/\",\"name\":\"Landious Travel\",\"description\":\"Tours and Excursions in Egypt\",\"publisher\":{\"@id\":\"https:\\\/\\\/landioustravel.com\\\/es\\\/#organization\"},\"potentialAction\":[{\"@type\":\"SearchAction\",\"target\":{\"@type\":\"EntryPoint\",\"urlTemplate\":\"https:\\\/\\\/landioustravel.com\\\/es\\\/?s={search_term_string}\"},\"query-input\":{\"@type\":\"PropertyValueSpecification\",\"valueRequired\":true,\"valueName\":\"search_term_string\"}}],\"inLanguage\":\"es\"},{\"@type\":[\"Organization\",\"Place\"],\"@id\":\"https:\\\/\\\/landioustravel.com\\\/es\\\/#organization\",\"name\":\"Landious Travel\",\"alternateName\":\"Landious Travel\",\"url\":\"https:\\\/\\\/landioustravel.com\\\/es\\\/\",\"logo\":{\"@id\":\"https:\\\/\\\/landioustravel.com\\\/es\\\/shop\\\/viaje-observacion-estrellas-sharm-sheikh\\\/#local-main-organization-logo\"},\"image\":{\"@id\":\"https:\\\/\\\/landioustravel.com\\\/es\\\/shop\\\/viaje-observacion-estrellas-sharm-sheikh\\\/#local-main-organization-logo\"},\"sameAs\":[\"https:\\\/\\\/web.facebook.com\\\/landiousEgypt\",\"https:\\\/\\\/x.com\\\/LandiousTours\",\"https:\\\/\\\/mastodon.social\\\/@landious\"],\"legalName\":\"Landious Travel\",\"telephone\":[],\"openingHoursSpecification\":[{\"@type\":\"OpeningHoursSpecification\",\"dayOfWeek\":[\"Monday\",\"Tuesday\",\"Wednesday\",\"Thursday\",\"Friday\",\"Saturday\",\"Sunday\"],\"opens\":\"09:00\",\"closes\":\"17:00\"}]},{\"@type\":\"ImageObject\",\"inLanguage\":\"es\",\"@id\":\"https:\\\/\\\/landioustravel.com\\\/es\\\/shop\\\/viaje-observacion-estrellas-sharm-sheikh\\\/#local-main-organization-logo\",\"url\":\"https:\\\/\\\/i0.wp.com\\\/landioustravel.com\\\/wp-content\\\/uploads\\\/2021\\\/06\\\/Landious-T.png?fit=500%2C500&ssl=1\",\"contentUrl\":\"https:\\\/\\\/i0.wp.com\\\/landioustravel.com\\\/wp-content\\\/uploads\\\/2021\\\/06\\\/Landious-T.png?fit=500%2C500&ssl=1\",\"width\":500,\"height\":500,\"caption\":\"Landious Travel\"}]}<\/script>\n<!-- \/ Yoast SEO Premium plugin. -->","yoast_head_json":{"title":"Viaje de observaci\u00f3n de estrellas en Sharm El Sheikh","description":"Viaje de observaci\u00f3n de estrellas en Sharm El Sheikh El programa de este safari por el desierto incluye principalmente la actividad de observaci\u00f3n de","robots":{"index":"index","follow":"follow","max-snippet":"max-snippet:-1","max-image-preview":"max-image-preview:large","max-video-preview":"max-video-preview:-1"},"canonical":"https:\/\/landioustravel.com\/es\/shop\/viaje-observacion-estrellas-sharm-sheikh\/","og_locale":"es_ES","og_type":"article","og_title":"Viaje de observaci\u00f3n de estrellas en Sharm El Sheikh","og_description":"Landious Travel","og_url":"https:\/\/landioustravel.com\/es\/shop\/viaje-observacion-estrellas-sharm-sheikh\/","og_site_name":"Landious Travel","article_publisher":"https:\/\/web.facebook.com\/landiousEgypt","article_modified_time":"2024-09-21T12:06:51+00:00","og_image":[{"width":1200,"height":675,"url":"https:\/\/i0.wp.com\/landioustravel.com\/wp-content\/uploads\/2020\/10\/desert_stargazing-e1617567655534.jpg?fit=1200%2C675&ssl=1","type":"image\/jpeg"}],"twitter_card":"summary_large_image","twitter_site":"@LandiousTours","twitter_misc":{"Tiempo de lectura":"3 minutos"},"schema":{"@context":"https:\/\/schema.org","@graph":[{"@type":"WebPage","@id":"https:\/\/landioustravel.com\/es\/shop\/viaje-observacion-estrellas-sharm-sheikh\/","url":"https:\/\/landioustravel.com\/es\/shop\/viaje-observacion-estrellas-sharm-sheikh\/","name":"Viaje de observaci\u00f3n de estrellas en Sharm El Sheikh","isPartOf":{"@id":"https:\/\/landioustravel.com\/es\/#website"},"primaryImageOfPage":{"@id":"https:\/\/landioustravel.com\/es\/shop\/viaje-observacion-estrellas-sharm-sheikh\/#primaryimage"},"image":{"@id":"https:\/\/landioustravel.com\/es\/shop\/viaje-observacion-estrellas-sharm-sheikh\/#primaryimage"},"thumbnailUrl":"https:\/\/i0.wp.com\/landioustravel.com\/wp-content\/uploads\/2020\/10\/desert_stargazing-e1617567655534.jpg?fit=1200%2C675&ssl=1","datePublished":"2020-12-08T00:15:12+00:00","dateModified":"2024-09-21T12:06:51+00:00","description":"Viaje de observaci\u00f3n de estrellas en Sharm El Sheikh El programa de este safari por el desierto incluye principalmente la actividad de observaci\u00f3n de","breadcrumb":{"@id":"https:\/\/landioustravel.com\/es\/shop\/viaje-observacion-estrellas-sharm-sheikh\/#breadcrumb"},"inLanguage":"es","potentialAction":[{"@type":"ReadAction","target":["https:\/\/landioustravel.com\/es\/shop\/viaje-observacion-estrellas-sharm-sheikh\/"]}]},{"@type":"ImageObject","inLanguage":"es","@id":"https:\/\/landioustravel.com\/es\/shop\/viaje-observacion-estrellas-sharm-sheikh\/#primaryimage","url":"https:\/\/i0.wp.com\/landioustravel.com\/wp-content\/uploads\/2020\/10\/desert_stargazing-e1617567655534.jpg?fit=1200%2C675&ssl=1","contentUrl":"https:\/\/i0.wp.com\/landioustravel.com\/wp-content\/uploads\/2020\/10\/desert_stargazing-e1617567655534.jpg?fit=1200%2C675&ssl=1","width":1200,"height":675,"caption":"\u0441\u043e\u0437\u0435\u0440\u0446\u0430\u043d\u0438\u0435 \u0437\u0432\u0435\u0437\u0434 \u0432 \u0428\u0430\u0440\u043c \u044d\u043b\u044c \u0428\u0435\u0439\u0445\u0435"},{"@type":"BreadcrumbList","@id":"https:\/\/landioustravel.com\/es\/shop\/viaje-observacion-estrellas-sharm-sheikh\/#breadcrumb","itemListElement":[{"@type":"ListItem","position":1,"name":"Home","item":"https:\/\/landioustravel.com\/es\/"},{"@type":"ListItem","position":2,"name":"Servicios y Tours","item":"https:\/\/landioustravel.com\/es\/"},{"@type":"ListItem","position":3,"name":"Viaje de observaci\u00f3n de estrellas en Sharm El Sheikh"}]},{"@type":"WebSite","@id":"https:\/\/landioustravel.com\/es\/#website","url":"https:\/\/landioustravel.com\/es\/","name":"Landious Travel","description":"Tours and Excursions in Egypt","publisher":{"@id":"https:\/\/landioustravel.com\/es\/#organization"},"potentialAction":[{"@type":"SearchAction","target":{"@type":"EntryPoint","urlTemplate":"https:\/\/landioustravel.com\/es\/?s={search_term_string}"},"query-input":{"@type":"PropertyValueSpecification","valueRequired":true,"valueName":"search_term_string"}}],"inLanguage":"es"},{"@type":["Organization","Place"],"@id":"https:\/\/landioustravel.com\/es\/#organization","name":"Landious Travel","alternateName":"Landious Travel","url":"https:\/\/landioustravel.com\/es\/","logo":{"@id":"https:\/\/landioustravel.com\/es\/shop\/viaje-observacion-estrellas-sharm-sheikh\/#local-main-organization-logo"},"image":{"@id":"https:\/\/landioustravel.com\/es\/shop\/viaje-observacion-estrellas-sharm-sheikh\/#local-main-organization-logo"},"sameAs":["https:\/\/web.facebook.com\/landiousEgypt","https:\/\/x.com\/LandiousTours","https:\/\/mastodon.social\/@landious"],"legalName":"Landious Travel","telephone":[],"openingHoursSpecification":[{"@type":"OpeningHoursSpecification","dayOfWeek":["Monday","Tuesday","Wednesday","Thursday","Friday","Saturday","Sunday"],"opens":"09:00","closes":"17:00"}]},{"@type":"ImageObject","inLanguage":"es","@id":"https:\/\/landioustravel.com\/es\/shop\/viaje-observacion-estrellas-sharm-sheikh\/#local-main-organization-logo","url":"https:\/\/i0.wp.com\/landioustravel.com\/wp-content\/uploads\/2021\/06\/Landious-T.png?fit=500%2C500&ssl=1","contentUrl":"https:\/\/i0.wp.com\/landioustravel.com\/wp-content\/uploads\/2021\/06\/Landious-T.png?fit=500%2C500&ssl=1","width":500,"height":500,"caption":"Landious Travel"}]}},"jetpack_publicize_connections":[],"uagb_featured_image_src":{"full":["https:\/\/i0.wp.com\/landioustravel.com\/wp-content\/uploads\/2020\/10\/desert_stargazing-e1617567655534.jpg?fit=1200%2C675&ssl=1",1200,675,false],"thumbnail":["https:\/\/i0.wp.com\/landioustravel.com\/wp-content\/uploads\/2020\/10\/desert_stargazing-e1617567655534.jpg?resize=150%2C150&ssl=1",150,150,true],"medium":["https:\/\/i0.wp.com\/landioustravel.com\/wp-content\/uploads\/2020\/10\/desert_stargazing-e1617567655534.jpg?fit=300%2C192&ssl=1",300,192,true],"medium_large":["https:\/\/i0.wp.com\/landioustravel.com\/wp-content\/uploads\/2020\/10\/desert_stargazing-e1617567655534.jpg?fit=768%2C490&ssl=1",768,490,true],"large":["https:\/\/i0.wp.com\/landioustravel.com\/wp-content\/uploads\/2020\/10\/desert_stargazing-e1617567655534.jpg?fit=980%2C626&ssl=1",980,626,true],"1536x1536":["https:\/\/i0.wp.com\/landioustravel.com\/wp-content\/uploads\/2020\/10\/desert_stargazing-e1617567655534.jpg?fit=1200%2C675&ssl=1",1200,675,true],"2048x2048":["https:\/\/i0.wp.com\/landioustravel.com\/wp-content\/uploads\/2020\/10\/desert_stargazing-e1617567655534.jpg?fit=1200%2C675&ssl=1",1200,675,true],"newspack-article-block-landscape-large":["https:\/\/i0.wp.com\/landioustravel.com\/wp-content\/uploads\/2020\/10\/desert_stargazing-e1617567655534.jpg?resize=1200%2C675&ssl=1",1200,850,true],"newspack-article-block-portrait-large":["https:\/\/i0.wp.com\/landioustravel.com\/wp-content\/uploads\/2020\/10\/desert_stargazing-e1617567655534.jpg?resize=900%2C675&ssl=1",900,766,true],"newspack-article-block-square-large":["https:\/\/i0.wp.com\/landioustravel.com\/wp-content\/uploads\/2020\/10\/desert_stargazing-e1617567655534.jpg?resize=1200%2C675&ssl=1",1200,850,true],"newspack-article-block-landscape-medium":["https:\/\/i0.wp.com\/landioustravel.com\/wp-content\/uploads\/2020\/10\/desert_stargazing-e1617567655534.jpg?resize=800%2C600&ssl=1",800,600,true],"newspack-article-block-portrait-medium":["https:\/\/i0.wp.com\/landioustravel.com\/wp-content\/uploads\/2020\/10\/desert_stargazing-e1617567655534.jpg?resize=600%2C675&ssl=1",600,766,true],"newspack-article-block-square-medium":["https:\/\/i0.wp.com\/landioustravel.com\/wp-content\/uploads\/2020\/10\/desert_stargazing-e1617567655534.jpg?resize=800%2C675&ssl=1",800,766,true],"newspack-article-block-landscape-intermediate":["https:\/\/i0.wp.com\/landioustravel.com\/wp-content\/uploads\/2020\/10\/desert_stargazing-e1617567655534.jpg?resize=600%2C450&ssl=1",600,450,true],"newspack-article-block-portrait-intermediate":["https:\/\/i0.wp.com\/landioustravel.com\/wp-content\/uploads\/2020\/10\/desert_stargazing-e1617567655534.jpg?resize=450%2C600&ssl=1",450,600,true],"newspack-article-block-square-intermediate":["https:\/\/i0.wp.com\/landioustravel.com\/wp-content\/uploads\/2020\/10\/desert_stargazing-e1617567655534.jpg?resize=600%2C600&ssl=1",600,600,true],"newspack-article-block-landscape-small":["https:\/\/i0.wp.com\/landioustravel.com\/wp-content\/uploads\/2020\/10\/desert_stargazing-e1617567655534.jpg?resize=400%2C300&ssl=1",400,300,true],"newspack-article-block-portrait-small":["https:\/\/i0.wp.com\/landioustravel.com\/wp-content\/uploads\/2020\/10\/desert_stargazing-e1617567655534.jpg?resize=300%2C400&ssl=1",300,400,true],"newspack-article-block-square-small":["https:\/\/i0.wp.com\/landioustravel.com\/wp-content\/uploads\/2020\/10\/desert_stargazing-e1617567655534.jpg?resize=400%2C400&ssl=1",400,400,true],"newspack-article-block-landscape-tiny":["https:\/\/i0.wp.com\/landioustravel.com\/wp-content\/uploads\/2020\/10\/desert_stargazing-e1617567655534.jpg?resize=200%2C150&ssl=1",200,150,true],"newspack-article-block-portrait-tiny":["https:\/\/i0.wp.com\/landioustravel.com\/wp-content\/uploads\/2020\/10\/desert_stargazing-e1617567655534.jpg?resize=150%2C200&ssl=1",150,200,true],"newspack-article-block-square-tiny":["https:\/\/i0.wp.com\/landioustravel.com\/wp-content\/uploads\/2020\/10\/desert_stargazing-e1617567655534.jpg?resize=200%2C200&ssl=1",200,200,true],"newspack-article-block-uncropped":["https:\/\/i0.wp.com\/landioustravel.com\/wp-content\/uploads\/2020\/10\/desert_stargazing-e1617567655534.jpg?fit=1200%2C766&ssl=1",1200,766,true],"woocommerce_thumbnail":["https:\/\/i0.wp.com\/landioustravel.com\/wp-content\/uploads\/2020\/10\/desert_stargazing-e1617567655534.jpg?resize=324%2C324&ssl=1",324,324,true],"woocommerce_single":["https:\/\/i0.wp.com\/landioustravel.com\/wp-content\/uploads\/2020\/10\/desert_stargazing-e1617567655534.jpg?fit=416%2C234&ssl=1",416,234,true],"woocommerce_gallery_thumbnail":["https:\/\/i0.wp.com\/landioustravel.com\/wp-content\/uploads\/2020\/10\/desert_stargazing-e1617567655534.jpg?resize=100%2C100&ssl=1",100,100,true]},"uagb_author_info":{"display_name":"Mofreh Landious","author_link":"https:\/\/landioustravel.com\/es\/author\/"},"uagb_comment_info":2,"uagb_excerpt":"\u00bfEst\u00e1s listo para una experiencia inolvidable en Sharm el Sheikh? \u00a1Prep\u00e1rate para embarcarte en una aventura de observaci\u00f3n de estrellas como ninguna otra! El programa del viaje promete una parada emocionante donde podr\u00e1 contemplar las estrellas utilizando telescopios gigantes proporcionados en el impresionante desierto. Pero eso no es todo, tambi\u00e9n hay paseos en camello y&hellip;","jetpack_sharing_enabled":true,"jetpack_likes_enabled":true,"amp_enabled":true,"_links":{"self":[{"href":"https:\/\/landioustravel.com\/es\/wp-json\/wp\/v2\/product\/26167","targetHints":{"allow":["GET"]}}],"collection":[{"href":"https:\/\/landioustravel.com\/es\/wp-json\/wp\/v2\/product"}],"about":[{"href":"https:\/\/landioustravel.com\/es\/wp-json\/wp\/v2\/types\/product"}],"replies":[{"embeddable":true,"href":"https:\/\/landioustravel.com\/es\/wp-json\/wp\/v2\/comments?post=26167"}],"wp:featuredmedia":[{"embeddable":true,"href":"https:\/\/landioustravel.com\/es\/wp-json\/wp\/v2\/media\/24626"}],"wp:attachment":[{"href":"https:\/\/landioustravel.com\/es\/wp-json\/wp\/v2\/media?parent=26167"}],"wp:term":[{"taxonomy":"product_brand","embeddable":true,"href":"https:\/\/landioustravel.com\/es\/wp-json\/wp\/v2\/product_brand?post=26167"},{"taxonomy":"product_cat","embeddable":true,"href":"https:\/\/landioustravel.com\/es\/wp-json\/wp\/v2\/product_cat?post=26167"},{"taxonomy":"product_tag","embeddable":true,"href":"https:\/\/landioustravel.com\/es\/wp-json\/wp\/v2\/product_tag?post=26167"}],"curies":[{"name":"wp","href":"https:\/\/api.w.org\/{rel}","templated":true}]}}