{"id":26246,"date":"2020-10-11T06:25:25","date_gmt":"2020-12-13T20:34:27","guid":{"rendered":"https:\/\/landioustravel.com\/?post_type=product&#038;p=26246"},"modified":"2024-05-30T09:29:45","modified_gmt":"2024-05-30T06:29:45","slug":"safari-buggy-dunas-sharm-sheikh","status":"publish","type":"product","link":"https:\/\/landioustravel.com\/es\/shop\/safari-buggy-dunas-sharm-sheikh\/","title":{"rendered":"Safari en buggy por las dunas en Sharm El Sheikh"},"content":{"rendered":"<p>\u00a1Es un viaje muy activo para conducir en buggy en Sharm El Sheikh, Egipto! De verdad, ser\u00e1 una forma fant\u00e1stica de vivir esta apasionante aventura. Recomendamos la excursi\u00f3n \u201cDune Buggy Safari en Sharm El Sheikh\u201d por varias razones. Es un hecho que este viaje permite a los turistas pasar un buen rato montando en buggies una larga distancia en el desierto, descubriendo el encanto de la naturaleza y conociendo la cultura de los beduinos. Realmente, \u00a1es uno de los mejores viajes de safari en Sharm El-Sheikh!<\/p>\n<h2>Puntos principales del programa de excursiones para la conducci\u00f3n de buggy<\/h2>\n<ul>\n<li>Paseo en buggy por una distancia de 50 km en el desierto<\/li>\n<li>Montar en camello<\/li>\n<li>Adem\u00e1s, beber t\u00e9 en la tienda beduina.<\/li>\n<\/ul>\n<h3>Programa Dune Buggy Safari en Sharm El Sheikh<\/h3>\n<ul>\n<li>El representante de Landious Travel lo recoger\u00e1 del hotel, en Sharm El Sheikh, aproximadamente a las 08:00 de la ma\u00f1ana.<\/li>\n<li>Despu\u00e9s de recoger a todos los que lleguen, nuestro minib\u00fas \/ Jeep se dirige hacia el desierto, donde hay una base de buggy. Afortunadamente, el camino a la base tarda unos 30 minutos.<\/li>\n<li>Al principio, tendr\u00e1s que prepararte para doblar un pa\u00f1uelo en la cabeza, ponerte el casco y llevar gafas de sol.<\/li>\n<li>Luego, nuestros instructores profesionales le brindar\u00e1n instrucciones y una breve capacitaci\u00f3n sobre c\u00f3mo conducir de manera segura.<\/li>\n<li>A continuaci\u00f3n, comienza su aventura cruzando el desierto conduciendo, aproximadamente, 25 km hasta el pueblo beduino.<\/li>\n<li>Tan pronto como llegues al pueblo beduino, montar\u00e1s en camello y tomar\u00e1s fotos con los beduinos.<\/li>\n<li>Despu\u00e9s del paseo en camello, el gu\u00eda lo acompa\u00f1a a la tienda beduina. All\u00ed, bebe t\u00e9 y le hace a su gu\u00eda las preguntas que necesita para obtener respuesta.<\/li>\n<li>Una vez m\u00e1s, te preparas para ir conduciendo 25 km de regreso a la base. Normalmente, este viaje, en un safari en buggy, dura tres horas.<\/li>\n<li>Al final de esta interesante actividad, tendr\u00e1 una sesi\u00f3n informativa en CD con im\u00e1genes. Por supuesto, ser\u00e1 algo opcional comprar un souvenir para esta hermosa aventura.<\/li>\n<li>Finalmente, lo acompa\u00f1amos de regreso a sus hoteles.<\/li>\n<li>Este \u00abDune Buggy Safari en Sharm El Sheikh\u00bb termina aproximadamente a las 12:00<\/li>\n<\/ul>\n<h4>Que esta incluido en el precio del viaje<\/h4>\n<ul>\n<li>Traslado al desierto y regreso al hotel.<\/li>\n<li>Que no esta incluido en el precio del viaje<\/li>\n<li>DVD de video<\/li>\n<li>Adem\u00e1s, CD de fotos<\/li>\n<\/ul>\n<h5>Que llevar para el safari en buggy<\/h5>\n<ul>\n<li>Bufanda<\/li>\n<li>Adem\u00e1s, gafas de sol<\/li>\n<\/ul>\n<h6>D\u00edas de organizaci\u00f3n de excursiones<\/h6>\n<ul>\n<li>Diariamente de 08: 00-12: 00<\/li>\n<\/ul>\n","protected":false},"excerpt":{"rendered":"<p>\u00a1Prep\u00e1rate para una aventura inolvidable con nuestro \u00abBuggy Safari en Sharm El Sheikh\u00bb! Abr\u00f3chate el cintur\u00f3n y acelera a trav\u00e9s de las majestuosas dunas de arena del desierto egipcio mientras te sumerges en sus encantadoras maravillas naturales y conoces a los incre\u00edbles beduinos. Este emocionante viaje no se lo puede perder, \u00bfy la mejor parte? \u00a1Tu traslado est\u00e1 incluido en el precio!<\/p>\n<p>Nuestros buggies para dunas de arena son el veh\u00edculo perfecto para descubrir las joyas ocultas del desierto. M\u00e1s r\u00e1pidos y seguros que un quad, nuestros buggies vienen con 2 asientos para ti y tu persona favorita, \u00a1o elige nuestro Family Buggy con 4 asientos! Durante 2 horas, explorar\u00e1 la gran belleza del desierto y se detendr\u00e1 en un pueblo beduino para tomar una refrescante taza de t\u00e9.<\/p>\n<p>Su viaje comienza con una recogida en su hotel de Sharm El Sheikh y, en 20 minutos, llegar\u00e1 a nuestra estaci\u00f3n de Buggy. Nuestros gu\u00edas experimentados le dar\u00e1n instrucciones sobre c\u00f3mo operar el Buggy, \u00a1y luego se pondr\u00e1 en marcha! Recorrer\u00e1s el desierto a una velocidad segura, siguiendo el ejemplo de nuestro acompa\u00f1ante. No olvides llevar un pa\u00f1uelo en la cabeza para protegerte del polvo y la arena; nuestra gu\u00eda te mostrar\u00e1 c\u00f3mo anudarlo correctamente.<\/p>\n<p>Mientras conducimos en fila, sentir\u00e1 la emoci\u00f3n de la aventura y har\u00e1 una parada en las tiendas beduinas. Aqu\u00ed, se le ofrecer\u00e1 t\u00e9 beduino de cortes\u00eda hecho con \u00abHabak\u00bb, \u00a1algo que debe probar!<\/p>\n<p>Al final del recorrido, lo llevar\u00e1n de regreso a su hotel. Y si quieres vivir m\u00e1s, te ofrecemos la posibilidad de montar en camello o disfrutar de una cena beduina con espect\u00e1culo por un coste extra. \u00a1No te pierdas esta incre\u00edble aventura! Cont\u00e1ctenos para m\u00e1s informaci\u00f3n.<\/p>\n","protected":false},"featured_media":45725,"comment_status":"open","ping_status":"closed","template":"","meta":{"_coblocks_attr":"","_coblocks_dimensions":"","_coblocks_responsive_height":"","_coblocks_accordion_ie_support":"","_uag_custom_page_level_css":"","jetpack_publicize_message":"","jetpack_publicize_feature_enabled":true,"jetpack_social_post_already_shared":true,"jetpack_social_options":{"image_generator_settings":{"template":"highway","default_image_id":0,"font":"","enabled":false},"version":2},"_wpas_customize_per_network":false},"product_brand":[],"product_cat":[1792,19123],"product_tag":[1797,1834,1813,1800],"class_list":{"0":"post-26246","1":"product","2":"type-product","3":"status-publish","4":"has-post-thumbnail","6":"product_cat-excursiones-sharm-el-sheikh","7":"product_cat-tours-safari-sharm-el-sheikh","8":"product_tag-excursion-es","9":"product_tag-safari-es","10":"product_tag-safari-en-el-desierto","11":"product_tag-sharm-el-sheikh-es","13":"first","14":"instock","15":"sale","16":"taxable","17":"shipping-taxable","18":"purchasable","19":"product-type-variable"},"yoast_head":"<!-- This site is optimized with the Yoast SEO Premium plugin v26.9 (Yoast SEO v27.5) - https:\/\/yoast.com\/product\/yoast-seo-premium-wordpress\/ -->\n<title>Safari en buggy por las dunas en Sharm El Sheikh<\/title>\n<meta name=\"description\" content=\"Safari en buggy por las dunas en Sharm El Sheikh puede disfrutar del desierto conduciendo por las dunas de arena. El viaje le permite familiarizarse con\" \/>\n<meta name=\"robots\" content=\"index, follow, max-snippet:-1, max-image-preview:large, max-video-preview:-1\" \/>\n<link rel=\"canonical\" href=\"https:\/\/landioustravel.com\/es\/shop\/safari-buggy-dunas-sharm-sheikh\/\" \/>\n<meta property=\"og:locale\" content=\"es_ES\" \/>\n<meta property=\"og:type\" content=\"article\" \/>\n<meta property=\"og:title\" content=\"Safari en buggy por las dunas en Sharm El Sheikh\" \/>\n<meta property=\"og:description\" content=\"Landious Travel\" \/>\n<meta property=\"og:url\" content=\"https:\/\/landioustravel.com\/es\/shop\/safari-buggy-dunas-sharm-sheikh\/\" \/>\n<meta property=\"og:site_name\" content=\"Landious Travel\" \/>\n<meta property=\"article:publisher\" content=\"https:\/\/web.facebook.com\/landiousEgypt\" \/>\n<meta property=\"article:modified_time\" content=\"2024-05-30T06:29:45+00:00\" \/>\n<meta property=\"og:image\" content=\"https:\/\/i0.wp.com\/landioustravel.com\/wp-content\/uploads\/2020\/10\/Dune-Buggy-Safari-Sharm-El-Sheikh-e1617558120166.jpg?fit=1200%2C675&ssl=1\" \/>\n\t<meta property=\"og:image:width\" content=\"1200\" \/>\n\t<meta property=\"og:image:height\" content=\"675\" \/>\n\t<meta property=\"og:image:type\" content=\"image\/jpeg\" \/>\n<meta name=\"twitter:card\" content=\"summary_large_image\" \/>\n<meta name=\"twitter:site\" content=\"@LandiousTours\" \/>\n<meta name=\"twitter:label1\" content=\"Tiempo de lectura\" \/>\n\t<meta name=\"twitter:data1\" content=\"2 minutos\" \/>\n<script type=\"application\/ld+json\" class=\"yoast-schema-graph\">{\"@context\":\"https:\\\/\\\/schema.org\",\"@graph\":[{\"@type\":\"WebPage\",\"@id\":\"https:\\\/\\\/landioustravel.com\\\/es\\\/shop\\\/safari-buggy-dunas-sharm-sheikh\\\/\",\"url\":\"https:\\\/\\\/landioustravel.com\\\/es\\\/shop\\\/safari-buggy-dunas-sharm-sheikh\\\/\",\"name\":\"Safari en buggy por las dunas en Sharm El Sheikh\",\"isPartOf\":{\"@id\":\"https:\\\/\\\/landioustravel.com\\\/es\\\/#website\"},\"primaryImageOfPage\":{\"@id\":\"https:\\\/\\\/landioustravel.com\\\/es\\\/shop\\\/safari-buggy-dunas-sharm-sheikh\\\/#primaryimage\"},\"image\":{\"@id\":\"https:\\\/\\\/landioustravel.com\\\/es\\\/shop\\\/safari-buggy-dunas-sharm-sheikh\\\/#primaryimage\"},\"thumbnailUrl\":\"https:\\\/\\\/i0.wp.com\\\/landioustravel.com\\\/wp-content\\\/uploads\\\/2020\\\/10\\\/Dune-Buggy-Safari-Sharm-El-Sheikh-e1617558120166.jpg?fit=1200%2C675&ssl=1\",\"datePublished\":\"2020-12-13T20:34:27+00:00\",\"dateModified\":\"2024-05-30T06:29:45+00:00\",\"description\":\"Safari en buggy por las dunas en Sharm El Sheikh puede disfrutar del desierto conduciendo por las dunas de arena. El viaje le permite familiarizarse con\",\"breadcrumb\":{\"@id\":\"https:\\\/\\\/landioustravel.com\\\/es\\\/shop\\\/safari-buggy-dunas-sharm-sheikh\\\/#breadcrumb\"},\"inLanguage\":\"es\",\"potentialAction\":[{\"@type\":\"ReadAction\",\"target\":[\"https:\\\/\\\/landioustravel.com\\\/es\\\/shop\\\/safari-buggy-dunas-sharm-sheikh\\\/\"]}]},{\"@type\":\"ImageObject\",\"inLanguage\":\"es\",\"@id\":\"https:\\\/\\\/landioustravel.com\\\/es\\\/shop\\\/safari-buggy-dunas-sharm-sheikh\\\/#primaryimage\",\"url\":\"https:\\\/\\\/i0.wp.com\\\/landioustravel.com\\\/wp-content\\\/uploads\\\/2020\\\/10\\\/Dune-Buggy-Safari-Sharm-El-Sheikh-e1617558120166.jpg?fit=1200%2C675&ssl=1\",\"contentUrl\":\"https:\\\/\\\/i0.wp.com\\\/landioustravel.com\\\/wp-content\\\/uploads\\\/2020\\\/10\\\/Dune-Buggy-Safari-Sharm-El-Sheikh-e1617558120166.jpg?fit=1200%2C675&ssl=1\",\"width\":1200,\"height\":675,\"caption\":\"Dune Buggy Safari Sharm El Sheikh\"},{\"@type\":\"BreadcrumbList\",\"@id\":\"https:\\\/\\\/landioustravel.com\\\/es\\\/shop\\\/safari-buggy-dunas-sharm-sheikh\\\/#breadcrumb\",\"itemListElement\":[{\"@type\":\"ListItem\",\"position\":1,\"name\":\"Home\",\"item\":\"https:\\\/\\\/landioustravel.com\\\/es\\\/\"},{\"@type\":\"ListItem\",\"position\":2,\"name\":\"Servicios y Tours\",\"item\":\"https:\\\/\\\/landioustravel.com\\\/es\\\/\"},{\"@type\":\"ListItem\",\"position\":3,\"name\":\"Safari en buggy por las dunas en Sharm El Sheikh\"}]},{\"@type\":\"WebSite\",\"@id\":\"https:\\\/\\\/landioustravel.com\\\/es\\\/#website\",\"url\":\"https:\\\/\\\/landioustravel.com\\\/es\\\/\",\"name\":\"Landious Travel\",\"description\":\"Tours and Excursions in Egypt\",\"publisher\":{\"@id\":\"https:\\\/\\\/landioustravel.com\\\/es\\\/#organization\"},\"potentialAction\":[{\"@type\":\"SearchAction\",\"target\":{\"@type\":\"EntryPoint\",\"urlTemplate\":\"https:\\\/\\\/landioustravel.com\\\/es\\\/?s={search_term_string}\"},\"query-input\":{\"@type\":\"PropertyValueSpecification\",\"valueRequired\":true,\"valueName\":\"search_term_string\"}}],\"inLanguage\":\"es\"},{\"@type\":[\"Organization\",\"Place\"],\"@id\":\"https:\\\/\\\/landioustravel.com\\\/es\\\/#organization\",\"name\":\"Landious Travel\",\"alternateName\":\"Landious Travel\",\"url\":\"https:\\\/\\\/landioustravel.com\\\/es\\\/\",\"logo\":{\"@id\":\"https:\\\/\\\/landioustravel.com\\\/es\\\/shop\\\/safari-buggy-dunas-sharm-sheikh\\\/#local-main-organization-logo\"},\"image\":{\"@id\":\"https:\\\/\\\/landioustravel.com\\\/es\\\/shop\\\/safari-buggy-dunas-sharm-sheikh\\\/#local-main-organization-logo\"},\"sameAs\":[\"https:\\\/\\\/web.facebook.com\\\/landiousEgypt\",\"https:\\\/\\\/x.com\\\/LandiousTours\",\"https:\\\/\\\/mastodon.social\\\/@landious\"],\"legalName\":\"Landious Travel\",\"telephone\":[],\"openingHoursSpecification\":[{\"@type\":\"OpeningHoursSpecification\",\"dayOfWeek\":[\"Monday\",\"Tuesday\",\"Wednesday\",\"Thursday\",\"Friday\",\"Saturday\",\"Sunday\"],\"opens\":\"09:00\",\"closes\":\"17:00\"}]},{\"@type\":\"ImageObject\",\"inLanguage\":\"es\",\"@id\":\"https:\\\/\\\/landioustravel.com\\\/es\\\/shop\\\/safari-buggy-dunas-sharm-sheikh\\\/#local-main-organization-logo\",\"url\":\"https:\\\/\\\/i0.wp.com\\\/landioustravel.com\\\/wp-content\\\/uploads\\\/2021\\\/06\\\/Landious-T.png?fit=500%2C500&ssl=1\",\"contentUrl\":\"https:\\\/\\\/i0.wp.com\\\/landioustravel.com\\\/wp-content\\\/uploads\\\/2021\\\/06\\\/Landious-T.png?fit=500%2C500&ssl=1\",\"width\":500,\"height\":500,\"caption\":\"Landious Travel\"}]}<\/script>\n<!-- \/ Yoast SEO Premium plugin. -->","yoast_head_json":{"title":"Safari en buggy por las dunas en Sharm El Sheikh","description":"Safari en buggy por las dunas en Sharm El Sheikh puede disfrutar del desierto conduciendo por las dunas de arena. El viaje le permite familiarizarse con","robots":{"index":"index","follow":"follow","max-snippet":"max-snippet:-1","max-image-preview":"max-image-preview:large","max-video-preview":"max-video-preview:-1"},"canonical":"https:\/\/landioustravel.com\/es\/shop\/safari-buggy-dunas-sharm-sheikh\/","og_locale":"es_ES","og_type":"article","og_title":"Safari en buggy por las dunas en Sharm El Sheikh","og_description":"Landious Travel","og_url":"https:\/\/landioustravel.com\/es\/shop\/safari-buggy-dunas-sharm-sheikh\/","og_site_name":"Landious Travel","article_publisher":"https:\/\/web.facebook.com\/landiousEgypt","article_modified_time":"2024-05-30T06:29:45+00:00","og_image":[{"width":1200,"height":675,"url":"https:\/\/i0.wp.com\/landioustravel.com\/wp-content\/uploads\/2020\/10\/Dune-Buggy-Safari-Sharm-El-Sheikh-e1617558120166.jpg?fit=1200%2C675&ssl=1","type":"image\/jpeg"}],"twitter_card":"summary_large_image","twitter_site":"@LandiousTours","twitter_misc":{"Tiempo de lectura":"2 minutos"},"schema":{"@context":"https:\/\/schema.org","@graph":[{"@type":"WebPage","@id":"https:\/\/landioustravel.com\/es\/shop\/safari-buggy-dunas-sharm-sheikh\/","url":"https:\/\/landioustravel.com\/es\/shop\/safari-buggy-dunas-sharm-sheikh\/","name":"Safari en buggy por las dunas en Sharm El Sheikh","isPartOf":{"@id":"https:\/\/landioustravel.com\/es\/#website"},"primaryImageOfPage":{"@id":"https:\/\/landioustravel.com\/es\/shop\/safari-buggy-dunas-sharm-sheikh\/#primaryimage"},"image":{"@id":"https:\/\/landioustravel.com\/es\/shop\/safari-buggy-dunas-sharm-sheikh\/#primaryimage"},"thumbnailUrl":"https:\/\/i0.wp.com\/landioustravel.com\/wp-content\/uploads\/2020\/10\/Dune-Buggy-Safari-Sharm-El-Sheikh-e1617558120166.jpg?fit=1200%2C675&ssl=1","datePublished":"2020-12-13T20:34:27+00:00","dateModified":"2024-05-30T06:29:45+00:00","description":"Safari en buggy por las dunas en Sharm El Sheikh puede disfrutar del desierto conduciendo por las dunas de arena. El viaje le permite familiarizarse con","breadcrumb":{"@id":"https:\/\/landioustravel.com\/es\/shop\/safari-buggy-dunas-sharm-sheikh\/#breadcrumb"},"inLanguage":"es","potentialAction":[{"@type":"ReadAction","target":["https:\/\/landioustravel.com\/es\/shop\/safari-buggy-dunas-sharm-sheikh\/"]}]},{"@type":"ImageObject","inLanguage":"es","@id":"https:\/\/landioustravel.com\/es\/shop\/safari-buggy-dunas-sharm-sheikh\/#primaryimage","url":"https:\/\/i0.wp.com\/landioustravel.com\/wp-content\/uploads\/2020\/10\/Dune-Buggy-Safari-Sharm-El-Sheikh-e1617558120166.jpg?fit=1200%2C675&ssl=1","contentUrl":"https:\/\/i0.wp.com\/landioustravel.com\/wp-content\/uploads\/2020\/10\/Dune-Buggy-Safari-Sharm-El-Sheikh-e1617558120166.jpg?fit=1200%2C675&ssl=1","width":1200,"height":675,"caption":"Dune Buggy Safari Sharm El Sheikh"},{"@type":"BreadcrumbList","@id":"https:\/\/landioustravel.com\/es\/shop\/safari-buggy-dunas-sharm-sheikh\/#breadcrumb","itemListElement":[{"@type":"ListItem","position":1,"name":"Home","item":"https:\/\/landioustravel.com\/es\/"},{"@type":"ListItem","position":2,"name":"Servicios y Tours","item":"https:\/\/landioustravel.com\/es\/"},{"@type":"ListItem","position":3,"name":"Safari en buggy por las dunas en Sharm El Sheikh"}]},{"@type":"WebSite","@id":"https:\/\/landioustravel.com\/es\/#website","url":"https:\/\/landioustravel.com\/es\/","name":"Landious Travel","description":"Tours and Excursions in Egypt","publisher":{"@id":"https:\/\/landioustravel.com\/es\/#organization"},"potentialAction":[{"@type":"SearchAction","target":{"@type":"EntryPoint","urlTemplate":"https:\/\/landioustravel.com\/es\/?s={search_term_string}"},"query-input":{"@type":"PropertyValueSpecification","valueRequired":true,"valueName":"search_term_string"}}],"inLanguage":"es"},{"@type":["Organization","Place"],"@id":"https:\/\/landioustravel.com\/es\/#organization","name":"Landious Travel","alternateName":"Landious Travel","url":"https:\/\/landioustravel.com\/es\/","logo":{"@id":"https:\/\/landioustravel.com\/es\/shop\/safari-buggy-dunas-sharm-sheikh\/#local-main-organization-logo"},"image":{"@id":"https:\/\/landioustravel.com\/es\/shop\/safari-buggy-dunas-sharm-sheikh\/#local-main-organization-logo"},"sameAs":["https:\/\/web.facebook.com\/landiousEgypt","https:\/\/x.com\/LandiousTours","https:\/\/mastodon.social\/@landious"],"legalName":"Landious Travel","telephone":[],"openingHoursSpecification":[{"@type":"OpeningHoursSpecification","dayOfWeek":["Monday","Tuesday","Wednesday","Thursday","Friday","Saturday","Sunday"],"opens":"09:00","closes":"17:00"}]},{"@type":"ImageObject","inLanguage":"es","@id":"https:\/\/landioustravel.com\/es\/shop\/safari-buggy-dunas-sharm-sheikh\/#local-main-organization-logo","url":"https:\/\/i0.wp.com\/landioustravel.com\/wp-content\/uploads\/2021\/06\/Landious-T.png?fit=500%2C500&ssl=1","contentUrl":"https:\/\/i0.wp.com\/landioustravel.com\/wp-content\/uploads\/2021\/06\/Landious-T.png?fit=500%2C500&ssl=1","width":500,"height":500,"caption":"Landious Travel"}]}},"jetpack_publicize_connections":[],"uagb_featured_image_src":{"full":["https:\/\/i0.wp.com\/landioustravel.com\/wp-content\/uploads\/2020\/10\/Dune-Buggy-Safari-Sharm-El-Sheikh-e1617558120166.jpg?fit=1200%2C675&ssl=1",1200,675,false],"thumbnail":["https:\/\/i0.wp.com\/landioustravel.com\/wp-content\/uploads\/2020\/10\/Dune-Buggy-Safari-Sharm-El-Sheikh-e1617558120166.jpg?resize=150%2C150&ssl=1",150,150,true],"medium":["https:\/\/i0.wp.com\/landioustravel.com\/wp-content\/uploads\/2020\/10\/Dune-Buggy-Safari-Sharm-El-Sheikh-e1617558120166.jpg?fit=300%2C169&ssl=1",300,169,true],"medium_large":["https:\/\/i0.wp.com\/landioustravel.com\/wp-content\/uploads\/2020\/10\/Dune-Buggy-Safari-Sharm-El-Sheikh-e1617558120166.jpg?fit=768%2C432&ssl=1",768,432,true],"large":["https:\/\/i0.wp.com\/landioustravel.com\/wp-content\/uploads\/2020\/10\/Dune-Buggy-Safari-Sharm-El-Sheikh-e1617558120166.jpg?fit=980%2C551&ssl=1",980,551,true],"1536x1536":["https:\/\/i0.wp.com\/landioustravel.com\/wp-content\/uploads\/2020\/10\/Dune-Buggy-Safari-Sharm-El-Sheikh-e1617558120166.jpg?fit=1200%2C675&ssl=1",1200,675,true],"2048x2048":["https:\/\/i0.wp.com\/landioustravel.com\/wp-content\/uploads\/2020\/10\/Dune-Buggy-Safari-Sharm-El-Sheikh-e1617558120166.jpg?fit=1200%2C675&ssl=1",1200,675,true],"newspack-article-block-landscape-large":["https:\/\/i0.wp.com\/landioustravel.com\/wp-content\/uploads\/2020\/10\/Dune-Buggy-Safari-Sharm-El-Sheikh-e1617558120166.jpg?resize=1200%2C675&ssl=1",1200,801,true],"newspack-article-block-portrait-large":["https:\/\/i0.wp.com\/landioustravel.com\/wp-content\/uploads\/2020\/10\/Dune-Buggy-Safari-Sharm-El-Sheikh-e1617558120166.jpg?resize=900%2C675&ssl=1",900,801,true],"newspack-article-block-square-large":["https:\/\/i0.wp.com\/landioustravel.com\/wp-content\/uploads\/2020\/10\/Dune-Buggy-Safari-Sharm-El-Sheikh-e1617558120166.jpg?resize=1200%2C675&ssl=1",1200,801,true],"newspack-article-block-landscape-medium":["https:\/\/i0.wp.com\/landioustravel.com\/wp-content\/uploads\/2020\/10\/Dune-Buggy-Safari-Sharm-El-Sheikh-e1617558120166.jpg?resize=800%2C600&ssl=1",800,600,true],"newspack-article-block-portrait-medium":["https:\/\/i0.wp.com\/landioustravel.com\/wp-content\/uploads\/2020\/10\/Dune-Buggy-Safari-Sharm-El-Sheikh-e1617558120166.jpg?resize=600%2C675&ssl=1",600,800,true],"newspack-article-block-square-medium":["https:\/\/i0.wp.com\/landioustravel.com\/wp-content\/uploads\/2020\/10\/Dune-Buggy-Safari-Sharm-El-Sheikh-e1617558120166.jpg?resize=800%2C675&ssl=1",800,800,true],"newspack-article-block-landscape-intermediate":["https:\/\/i0.wp.com\/landioustravel.com\/wp-content\/uploads\/2020\/10\/Dune-Buggy-Safari-Sharm-El-Sheikh-e1617558120166.jpg?resize=600%2C450&ssl=1",600,450,true],"newspack-article-block-portrait-intermediate":["https:\/\/i0.wp.com\/landioustravel.com\/wp-content\/uploads\/2020\/10\/Dune-Buggy-Safari-Sharm-El-Sheikh-e1617558120166.jpg?resize=450%2C600&ssl=1",450,600,true],"newspack-article-block-square-intermediate":["https:\/\/i0.wp.com\/landioustravel.com\/wp-content\/uploads\/2020\/10\/Dune-Buggy-Safari-Sharm-El-Sheikh-e1617558120166.jpg?resize=600%2C600&ssl=1",600,600,true],"newspack-article-block-landscape-small":["https:\/\/i0.wp.com\/landioustravel.com\/wp-content\/uploads\/2020\/10\/Dune-Buggy-Safari-Sharm-El-Sheikh-e1617558120166.jpg?resize=400%2C300&ssl=1",400,300,true],"newspack-article-block-portrait-small":["https:\/\/i0.wp.com\/landioustravel.com\/wp-content\/uploads\/2020\/10\/Dune-Buggy-Safari-Sharm-El-Sheikh-e1617558120166.jpg?resize=300%2C400&ssl=1",300,400,true],"newspack-article-block-square-small":["https:\/\/i0.wp.com\/landioustravel.com\/wp-content\/uploads\/2020\/10\/Dune-Buggy-Safari-Sharm-El-Sheikh-e1617558120166.jpg?resize=400%2C400&ssl=1",400,400,true],"newspack-article-block-landscape-tiny":["https:\/\/i0.wp.com\/landioustravel.com\/wp-content\/uploads\/2020\/10\/Dune-Buggy-Safari-Sharm-El-Sheikh-e1617558120166.jpg?resize=200%2C150&ssl=1",200,150,true],"newspack-article-block-portrait-tiny":["https:\/\/i0.wp.com\/landioustravel.com\/wp-content\/uploads\/2020\/10\/Dune-Buggy-Safari-Sharm-El-Sheikh-e1617558120166.jpg?resize=150%2C200&ssl=1",150,200,true],"newspack-article-block-square-tiny":["https:\/\/i0.wp.com\/landioustravel.com\/wp-content\/uploads\/2020\/10\/Dune-Buggy-Safari-Sharm-El-Sheikh-e1617558120166.jpg?resize=200%2C200&ssl=1",200,200,true],"newspack-article-block-uncropped":["https:\/\/i0.wp.com\/landioustravel.com\/wp-content\/uploads\/2020\/10\/Dune-Buggy-Safari-Sharm-El-Sheikh-e1617558120166.jpg?fit=1200%2C675&ssl=1",1200,675,true],"woocommerce_thumbnail":["https:\/\/i0.wp.com\/landioustravel.com\/wp-content\/uploads\/2020\/10\/Dune-Buggy-Safari-Sharm-El-Sheikh-e1617558120166.jpg?resize=324%2C324&ssl=1",324,324,true],"woocommerce_single":["https:\/\/i0.wp.com\/landioustravel.com\/wp-content\/uploads\/2020\/10\/Dune-Buggy-Safari-Sharm-El-Sheikh-e1617558120166.jpg?fit=416%2C234&ssl=1",416,234,true],"woocommerce_gallery_thumbnail":["https:\/\/i0.wp.com\/landioustravel.com\/wp-content\/uploads\/2020\/10\/Dune-Buggy-Safari-Sharm-El-Sheikh-e1617558120166.jpg?resize=100%2C100&ssl=1",100,100,true]},"uagb_author_info":{"display_name":"Mofreh Landious","author_link":"https:\/\/landioustravel.com\/es\/author\/"},"uagb_comment_info":3,"uagb_excerpt":"\u00a1Prep\u00e1rate para una aventura inolvidable con nuestro \"Buggy Safari en Sharm El Sheikh\"! Abr\u00f3chate el cintur\u00f3n y acelera a trav\u00e9s de las majestuosas dunas de arena del desierto egipcio mientras te sumerges en sus encantadoras maravillas naturales y conoces a los incre\u00edbles beduinos. Este emocionante viaje no se lo puede perder, \u00bfy la mejor parte?&hellip;","jetpack_sharing_enabled":true,"jetpack_likes_enabled":true,"amp_enabled":true,"_links":{"self":[{"href":"https:\/\/landioustravel.com\/es\/wp-json\/wp\/v2\/product\/26246","targetHints":{"allow":["GET"]}}],"collection":[{"href":"https:\/\/landioustravel.com\/es\/wp-json\/wp\/v2\/product"}],"about":[{"href":"https:\/\/landioustravel.com\/es\/wp-json\/wp\/v2\/types\/product"}],"replies":[{"embeddable":true,"href":"https:\/\/landioustravel.com\/es\/wp-json\/wp\/v2\/comments?post=26246"}],"wp:featuredmedia":[{"embeddable":true,"href":"https:\/\/landioustravel.com\/es\/wp-json\/wp\/v2\/media\/45725"}],"wp:attachment":[{"href":"https:\/\/landioustravel.com\/es\/wp-json\/wp\/v2\/media?parent=26246"}],"wp:term":[{"taxonomy":"product_brand","embeddable":true,"href":"https:\/\/landioustravel.com\/es\/wp-json\/wp\/v2\/product_brand?post=26246"},{"taxonomy":"product_cat","embeddable":true,"href":"https:\/\/landioustravel.com\/es\/wp-json\/wp\/v2\/product_cat?post=26246"},{"taxonomy":"product_tag","embeddable":true,"href":"https:\/\/landioustravel.com\/es\/wp-json\/wp\/v2\/product_tag?post=26246"}],"curies":[{"name":"wp","href":"https:\/\/api.w.org\/{rel}","templated":true}]}}