{"id":26598,"date":"2020-12-21T03:28:48","date_gmt":"2020-12-22T21:04:30","guid":{"rendered":"https:\/\/landioustravel.com\/?post_type=product&#038;p=26598"},"modified":"2024-09-23T20:14:31","modified_gmt":"2024-09-23T17:14:31","slug":"quads-individuales-hurghada","status":"publish","type":"product","link":"https:\/\/landioustravel.com\/es\/shop\/quads-individuales-hurghada\/","title":{"rendered":"Quads individuales en Hurghada"},"content":{"rendered":"<p>\u00a1Es un viaje privado muy activo para andar en quad en Hurghada, Egipto! Recomendamos la excursi\u00f3n por el hecho de que permite a los turistas pasar un buen rato montando en quads durante una larga distancia en el desierto _ 50 km, descubriendo el desierto de Hurghada y familiariz\u00e1ndose con la cultura de los beduinos. \u00a1Es una experiencia encantadora para un moto-safari de tres horas en Hurghada!<\/p>\n<h2>Puntos principales del programa de excursiones para quad<\/h2>\n<ul>\n<li>Quads por una distancia de 50 km en el desierto<\/li>\n<li>Montar en camello<\/li>\n<li>Adem\u00e1s, beber t\u00e9 en la tienda beduina.<\/li>\n<\/ul>\n<h3>Programa de viaje en quad en Hurghada<\/h3>\n<ul>\n<li>El representante de Landious Travel lo recoger\u00e1 del hotel, en Hurghada, aproximadamente a las 08:00 a.m.<\/li>\n<li>Despu\u00e9s de recoger a todos los que lleguen, nuestro minib\u00fas \/ Jeep se dirige hacia el desierto, donde hay una base para quads. El camino a la base dura unos 30 minutos.<\/li>\n<li>Al comienzo del quad individual en Hurghada, tendr\u00e1s que prepararte poni\u00e9ndote un pa\u00f1uelo en la cabeza, casco y gafas de sol.<\/li>\n<li>Luego, hay instrucci\u00f3n y entrenamiento por un tiempo.<\/li>\n<li>A continuaci\u00f3n, conduce 25 km a trav\u00e9s del desierto hasta el pueblo beduino.<\/li>\n<li>Tan pronto como llegues al pueblo beduino, montar\u00e1s en camello y tomar\u00e1s fotograf\u00edas con los beduinos.<\/li>\n<li>Despu\u00e9s de montar en camello, el gu\u00eda lo acompa\u00f1a a la tienda beduina. All\u00ed, toma t\u00e9 y le hace a su gu\u00eda las preguntas que necesita para obtener una respuesta.<\/li>\n<li>Una vez m\u00e1s, te preparas para ir conduciendo 25 km de regreso a la base. Este viaje en un safari en quad suele durar tres horas.<\/li>\n<li>Una vez que haya terminado su aventura y actividad encantadora, comenzar\u00e1 una sesi\u00f3n informativa con una imagen y un DVD. Al final del nado con los delfines, su entrenador le ofrecer\u00e1 tomar algunas fotograf\u00edas para memorizar estos hermosos momentos. Luego, estas fotos para usted por un cargo adicional. El precio de la misma var\u00eda seg\u00fan su tama\u00f1o. Ser\u00e1 algo opcional tenerlo. La sesi\u00f3n informativa en DVD durar\u00e1 30 minutos.<\/li>\n<li>Finalmente, lo acompa\u00f1amos de regreso a sus hoteles.<\/li>\n<li>Este \u00abQuads individual en Hurghada\u00bb termina aproximadamente a las 12:00<\/li>\n<\/ul>\n<h4>Que esta incluido en el precio del viaje<\/h4>\n<ul>\n<li>Traslado al desierto y regreso al hotel.<\/li>\n<\/ul>\n<h5>Que no esta incluido en el precio del viaje<\/h5>\n<ul>\n<li>DVD de video<\/li>\n<li>Adem\u00e1s, CD de fotos<\/li>\n<\/ul>\n<h6>Que llevar para el viaje en moto-safari de tres horas<\/h6>\n<ul>\n<li>Bufanda<\/li>\n<li>Adem\u00e1s, gafas de sol<\/li>\n<\/ul>\n<h6>D\u00edas de organizaci\u00f3n de excursiones<\/h6>\n<ul>\n<li>Diariamente de 08: 00-12: 00<\/li>\n<\/ul>\n","protected":false},"excerpt":{"rendered":"<p>\u00a1An\u00edmate a vivir una pr\u00f3xima aventura en el Tour matutino en quad en Hurghada! Este tour es una oportunidad perfecta para sumergirse en la naturaleza del desierto de Egipto y conocer al pueblo beduino. Durante este emocionante safari por el desierto, te embarcar\u00e1s en un paseo en quad de 50 km e incluso podr\u00e1s montar en camello. Adem\u00e1s, el precio del tour incluye traslados para mayor comodidad.<\/p>\n<p>Prep\u00e1rese para una ma\u00f1ana inolvidable mientras se une a nosotros en el Tour matutino en quad en Hurghada. A su llegada, recibir\u00e1 instrucciones importantes y una prueba de manejo r\u00e1pida para garantizar una experiencia segura y placentera. Luego, prep\u00e1rate para explorar el desierto mientras recorres las dunas y te diriges a un peque\u00f1o pueblo beduino.<\/p>\n<p>Una vez que llegue, puede sentarse y disfrutar de refrescos, t\u00e9 beduino e incluso un paseo en camello antes de regresar a la base en su Quad Bike. No se pierda esta incre\u00edble aventura: \u00a1reserve su lugar hoy!<\/p>\n","protected":false},"featured_media":45403,"comment_status":"open","ping_status":"closed","template":"","meta":{"_coblocks_attr":"","_coblocks_dimensions":"","_coblocks_responsive_height":"","_coblocks_accordion_ie_support":"","_uag_custom_page_level_css":"","jetpack_publicize_message":"","jetpack_publicize_feature_enabled":true,"jetpack_social_post_already_shared":true,"jetpack_social_options":{"image_generator_settings":{"template":"highway","default_image_id":0,"font":"","enabled":false},"version":2},"_wpas_customize_per_network":false},"product_brand":[],"product_cat":[8568],"product_tag":[1797,1808,2182,1834,1813],"class_list":{"0":"post-26598","1":"product","2":"type-product","3":"status-publish","4":"has-post-thumbnail","6":"product_cat-excursiones-individuales-hurghada","7":"product_tag-excursion-es","8":"product_tag-hurghada-es","9":"product_tag-paseos-en-quads","10":"product_tag-safari-es","11":"product_tag-safari-en-el-desierto","13":"first","14":"instock","15":"sale","16":"taxable","17":"shipping-taxable","18":"purchasable","19":"product-type-variable"},"yoast_head":"<!-- This site is optimized with the Yoast SEO Premium plugin v26.9 (Yoast SEO v27.5) - https:\/\/yoast.com\/product\/yoast-seo-premium-wordpress\/ -->\n<title>Quads individuales en Hurghada<\/title>\n<meta name=\"description\" content=\"Quads individuales en Hurghada puede disfrutar de paseos en quads por una distancia de 50 km, \u00a1as\u00ed como paseos en camello! El viaje te permite\" \/>\n<meta name=\"robots\" content=\"index, follow, max-snippet:-1, max-image-preview:large, max-video-preview:-1\" \/>\n<link rel=\"canonical\" href=\"https:\/\/landioustravel.com\/es\/shop\/quads-individuales-hurghada\/\" \/>\n<meta property=\"og:locale\" content=\"es_ES\" \/>\n<meta property=\"og:type\" content=\"article\" \/>\n<meta property=\"og:title\" content=\"Quads individuales en Hurghada\" \/>\n<meta property=\"og:description\" content=\"Landious Travel\" \/>\n<meta property=\"og:url\" content=\"https:\/\/landioustravel.com\/es\/shop\/quads-individuales-hurghada\/\" \/>\n<meta property=\"og:site_name\" content=\"Landious Travel\" \/>\n<meta property=\"article:publisher\" content=\"https:\/\/web.facebook.com\/landiousEgypt\" \/>\n<meta property=\"article:modified_time\" content=\"2024-09-23T17:14:31+00:00\" \/>\n<meta property=\"og:image\" content=\"https:\/\/i0.wp.com\/landioustravel.com\/wp-content\/uploads\/2020\/12\/Individual-Quad-Biking-Hurghada-e1617500691537.jpg?fit=1200%2C675&ssl=1\" \/>\n\t<meta property=\"og:image:width\" content=\"1200\" \/>\n\t<meta property=\"og:image:height\" content=\"675\" \/>\n\t<meta property=\"og:image:type\" content=\"image\/jpeg\" \/>\n<meta name=\"twitter:card\" content=\"summary_large_image\" \/>\n<meta name=\"twitter:site\" content=\"@LandiousTours\" \/>\n<meta name=\"twitter:label1\" content=\"Tiempo de lectura\" \/>\n\t<meta name=\"twitter:data1\" content=\"2 minutos\" \/>\n<script type=\"application\/ld+json\" class=\"yoast-schema-graph\">{\"@context\":\"https:\\\/\\\/schema.org\",\"@graph\":[{\"@type\":\"WebPage\",\"@id\":\"https:\\\/\\\/landioustravel.com\\\/es\\\/shop\\\/quads-individuales-hurghada\\\/\",\"url\":\"https:\\\/\\\/landioustravel.com\\\/es\\\/shop\\\/quads-individuales-hurghada\\\/\",\"name\":\"Quads individuales en Hurghada\",\"isPartOf\":{\"@id\":\"https:\\\/\\\/landioustravel.com\\\/es\\\/#website\"},\"primaryImageOfPage\":{\"@id\":\"https:\\\/\\\/landioustravel.com\\\/es\\\/shop\\\/quads-individuales-hurghada\\\/#primaryimage\"},\"image\":{\"@id\":\"https:\\\/\\\/landioustravel.com\\\/es\\\/shop\\\/quads-individuales-hurghada\\\/#primaryimage\"},\"thumbnailUrl\":\"https:\\\/\\\/i0.wp.com\\\/landioustravel.com\\\/wp-content\\\/uploads\\\/2020\\\/12\\\/Individual-Quad-Biking-Hurghada-e1617500691537.jpg?fit=1200%2C675&ssl=1\",\"datePublished\":\"2020-12-22T21:04:30+00:00\",\"dateModified\":\"2024-09-23T17:14:31+00:00\",\"description\":\"Quads individuales en Hurghada puede disfrutar de paseos en quads por una distancia de 50 km, \u00a1as\u00ed como paseos en camello! El viaje te permite\",\"breadcrumb\":{\"@id\":\"https:\\\/\\\/landioustravel.com\\\/es\\\/shop\\\/quads-individuales-hurghada\\\/#breadcrumb\"},\"inLanguage\":\"es\",\"potentialAction\":[{\"@type\":\"ReadAction\",\"target\":[\"https:\\\/\\\/landioustravel.com\\\/es\\\/shop\\\/quads-individuales-hurghada\\\/\"]}]},{\"@type\":\"ImageObject\",\"inLanguage\":\"es\",\"@id\":\"https:\\\/\\\/landioustravel.com\\\/es\\\/shop\\\/quads-individuales-hurghada\\\/#primaryimage\",\"url\":\"https:\\\/\\\/i0.wp.com\\\/landioustravel.com\\\/wp-content\\\/uploads\\\/2020\\\/12\\\/Individual-Quad-Biking-Hurghada-e1617500691537.jpg?fit=1200%2C675&ssl=1\",\"contentUrl\":\"https:\\\/\\\/i0.wp.com\\\/landioustravel.com\\\/wp-content\\\/uploads\\\/2020\\\/12\\\/Individual-Quad-Biking-Hurghada-e1617500691537.jpg?fit=1200%2C675&ssl=1\",\"width\":1200,\"height\":675,\"caption\":\"Individual Quad Biking Hurghada\"},{\"@type\":\"BreadcrumbList\",\"@id\":\"https:\\\/\\\/landioustravel.com\\\/es\\\/shop\\\/quads-individuales-hurghada\\\/#breadcrumb\",\"itemListElement\":[{\"@type\":\"ListItem\",\"position\":1,\"name\":\"Home\",\"item\":\"https:\\\/\\\/landioustravel.com\\\/es\\\/\"},{\"@type\":\"ListItem\",\"position\":2,\"name\":\"Servicios y Tours\",\"item\":\"https:\\\/\\\/landioustravel.com\\\/es\\\/\"},{\"@type\":\"ListItem\",\"position\":3,\"name\":\"Quads individuales en Hurghada\"}]},{\"@type\":\"WebSite\",\"@id\":\"https:\\\/\\\/landioustravel.com\\\/es\\\/#website\",\"url\":\"https:\\\/\\\/landioustravel.com\\\/es\\\/\",\"name\":\"Landious Travel\",\"description\":\"Tours and Excursions in Egypt\",\"publisher\":{\"@id\":\"https:\\\/\\\/landioustravel.com\\\/es\\\/#organization\"},\"potentialAction\":[{\"@type\":\"SearchAction\",\"target\":{\"@type\":\"EntryPoint\",\"urlTemplate\":\"https:\\\/\\\/landioustravel.com\\\/es\\\/?s={search_term_string}\"},\"query-input\":{\"@type\":\"PropertyValueSpecification\",\"valueRequired\":true,\"valueName\":\"search_term_string\"}}],\"inLanguage\":\"es\"},{\"@type\":[\"Organization\",\"Place\"],\"@id\":\"https:\\\/\\\/landioustravel.com\\\/es\\\/#organization\",\"name\":\"Landious Travel\",\"alternateName\":\"Landious Travel\",\"url\":\"https:\\\/\\\/landioustravel.com\\\/es\\\/\",\"logo\":{\"@id\":\"https:\\\/\\\/landioustravel.com\\\/es\\\/shop\\\/quads-individuales-hurghada\\\/#local-main-organization-logo\"},\"image\":{\"@id\":\"https:\\\/\\\/landioustravel.com\\\/es\\\/shop\\\/quads-individuales-hurghada\\\/#local-main-organization-logo\"},\"sameAs\":[\"https:\\\/\\\/web.facebook.com\\\/landiousEgypt\",\"https:\\\/\\\/x.com\\\/LandiousTours\",\"https:\\\/\\\/mastodon.social\\\/@landious\"],\"legalName\":\"Landious Travel\",\"telephone\":[],\"openingHoursSpecification\":[{\"@type\":\"OpeningHoursSpecification\",\"dayOfWeek\":[\"Monday\",\"Tuesday\",\"Wednesday\",\"Thursday\",\"Friday\",\"Saturday\",\"Sunday\"],\"opens\":\"09:00\",\"closes\":\"17:00\"}]},{\"@type\":\"ImageObject\",\"inLanguage\":\"es\",\"@id\":\"https:\\\/\\\/landioustravel.com\\\/es\\\/shop\\\/quads-individuales-hurghada\\\/#local-main-organization-logo\",\"url\":\"https:\\\/\\\/i0.wp.com\\\/landioustravel.com\\\/wp-content\\\/uploads\\\/2021\\\/06\\\/Landious-T.png?fit=500%2C500&ssl=1\",\"contentUrl\":\"https:\\\/\\\/i0.wp.com\\\/landioustravel.com\\\/wp-content\\\/uploads\\\/2021\\\/06\\\/Landious-T.png?fit=500%2C500&ssl=1\",\"width\":500,\"height\":500,\"caption\":\"Landious Travel\"}]}<\/script>\n<!-- \/ Yoast SEO Premium plugin. -->","yoast_head_json":{"title":"Quads individuales en Hurghada","description":"Quads individuales en Hurghada puede disfrutar de paseos en quads por una distancia de 50 km, \u00a1as\u00ed como paseos en camello! El viaje te permite","robots":{"index":"index","follow":"follow","max-snippet":"max-snippet:-1","max-image-preview":"max-image-preview:large","max-video-preview":"max-video-preview:-1"},"canonical":"https:\/\/landioustravel.com\/es\/shop\/quads-individuales-hurghada\/","og_locale":"es_ES","og_type":"article","og_title":"Quads individuales en Hurghada","og_description":"Landious Travel","og_url":"https:\/\/landioustravel.com\/es\/shop\/quads-individuales-hurghada\/","og_site_name":"Landious Travel","article_publisher":"https:\/\/web.facebook.com\/landiousEgypt","article_modified_time":"2024-09-23T17:14:31+00:00","og_image":[{"width":1200,"height":675,"url":"https:\/\/i0.wp.com\/landioustravel.com\/wp-content\/uploads\/2020\/12\/Individual-Quad-Biking-Hurghada-e1617500691537.jpg?fit=1200%2C675&ssl=1","type":"image\/jpeg"}],"twitter_card":"summary_large_image","twitter_site":"@LandiousTours","twitter_misc":{"Tiempo de lectura":"2 minutos"},"schema":{"@context":"https:\/\/schema.org","@graph":[{"@type":"WebPage","@id":"https:\/\/landioustravel.com\/es\/shop\/quads-individuales-hurghada\/","url":"https:\/\/landioustravel.com\/es\/shop\/quads-individuales-hurghada\/","name":"Quads individuales en Hurghada","isPartOf":{"@id":"https:\/\/landioustravel.com\/es\/#website"},"primaryImageOfPage":{"@id":"https:\/\/landioustravel.com\/es\/shop\/quads-individuales-hurghada\/#primaryimage"},"image":{"@id":"https:\/\/landioustravel.com\/es\/shop\/quads-individuales-hurghada\/#primaryimage"},"thumbnailUrl":"https:\/\/i0.wp.com\/landioustravel.com\/wp-content\/uploads\/2020\/12\/Individual-Quad-Biking-Hurghada-e1617500691537.jpg?fit=1200%2C675&ssl=1","datePublished":"2020-12-22T21:04:30+00:00","dateModified":"2024-09-23T17:14:31+00:00","description":"Quads individuales en Hurghada puede disfrutar de paseos en quads por una distancia de 50 km, \u00a1as\u00ed como paseos en camello! El viaje te permite","breadcrumb":{"@id":"https:\/\/landioustravel.com\/es\/shop\/quads-individuales-hurghada\/#breadcrumb"},"inLanguage":"es","potentialAction":[{"@type":"ReadAction","target":["https:\/\/landioustravel.com\/es\/shop\/quads-individuales-hurghada\/"]}]},{"@type":"ImageObject","inLanguage":"es","@id":"https:\/\/landioustravel.com\/es\/shop\/quads-individuales-hurghada\/#primaryimage","url":"https:\/\/i0.wp.com\/landioustravel.com\/wp-content\/uploads\/2020\/12\/Individual-Quad-Biking-Hurghada-e1617500691537.jpg?fit=1200%2C675&ssl=1","contentUrl":"https:\/\/i0.wp.com\/landioustravel.com\/wp-content\/uploads\/2020\/12\/Individual-Quad-Biking-Hurghada-e1617500691537.jpg?fit=1200%2C675&ssl=1","width":1200,"height":675,"caption":"Individual Quad Biking Hurghada"},{"@type":"BreadcrumbList","@id":"https:\/\/landioustravel.com\/es\/shop\/quads-individuales-hurghada\/#breadcrumb","itemListElement":[{"@type":"ListItem","position":1,"name":"Home","item":"https:\/\/landioustravel.com\/es\/"},{"@type":"ListItem","position":2,"name":"Servicios y Tours","item":"https:\/\/landioustravel.com\/es\/"},{"@type":"ListItem","position":3,"name":"Quads individuales en Hurghada"}]},{"@type":"WebSite","@id":"https:\/\/landioustravel.com\/es\/#website","url":"https:\/\/landioustravel.com\/es\/","name":"Landious Travel","description":"Tours and Excursions in Egypt","publisher":{"@id":"https:\/\/landioustravel.com\/es\/#organization"},"potentialAction":[{"@type":"SearchAction","target":{"@type":"EntryPoint","urlTemplate":"https:\/\/landioustravel.com\/es\/?s={search_term_string}"},"query-input":{"@type":"PropertyValueSpecification","valueRequired":true,"valueName":"search_term_string"}}],"inLanguage":"es"},{"@type":["Organization","Place"],"@id":"https:\/\/landioustravel.com\/es\/#organization","name":"Landious Travel","alternateName":"Landious Travel","url":"https:\/\/landioustravel.com\/es\/","logo":{"@id":"https:\/\/landioustravel.com\/es\/shop\/quads-individuales-hurghada\/#local-main-organization-logo"},"image":{"@id":"https:\/\/landioustravel.com\/es\/shop\/quads-individuales-hurghada\/#local-main-organization-logo"},"sameAs":["https:\/\/web.facebook.com\/landiousEgypt","https:\/\/x.com\/LandiousTours","https:\/\/mastodon.social\/@landious"],"legalName":"Landious Travel","telephone":[],"openingHoursSpecification":[{"@type":"OpeningHoursSpecification","dayOfWeek":["Monday","Tuesday","Wednesday","Thursday","Friday","Saturday","Sunday"],"opens":"09:00","closes":"17:00"}]},{"@type":"ImageObject","inLanguage":"es","@id":"https:\/\/landioustravel.com\/es\/shop\/quads-individuales-hurghada\/#local-main-organization-logo","url":"https:\/\/i0.wp.com\/landioustravel.com\/wp-content\/uploads\/2021\/06\/Landious-T.png?fit=500%2C500&ssl=1","contentUrl":"https:\/\/i0.wp.com\/landioustravel.com\/wp-content\/uploads\/2021\/06\/Landious-T.png?fit=500%2C500&ssl=1","width":500,"height":500,"caption":"Landious Travel"}]}},"jetpack_publicize_connections":[],"uagb_featured_image_src":{"full":["https:\/\/i0.wp.com\/landioustravel.com\/wp-content\/uploads\/2020\/12\/Individual-Quad-Biking-Hurghada-e1617500691537.jpg?fit=1200%2C675&ssl=1",1200,675,false],"thumbnail":["https:\/\/i0.wp.com\/landioustravel.com\/wp-content\/uploads\/2020\/12\/Individual-Quad-Biking-Hurghada-e1617500691537.jpg?resize=150%2C150&ssl=1",150,150,true],"medium":["https:\/\/i0.wp.com\/landioustravel.com\/wp-content\/uploads\/2020\/12\/Individual-Quad-Biking-Hurghada-e1617500691537.jpg?fit=300%2C169&ssl=1",300,169,true],"medium_large":["https:\/\/i0.wp.com\/landioustravel.com\/wp-content\/uploads\/2020\/12\/Individual-Quad-Biking-Hurghada-e1617500691537.jpg?fit=768%2C432&ssl=1",768,432,true],"large":["https:\/\/i0.wp.com\/landioustravel.com\/wp-content\/uploads\/2020\/12\/Individual-Quad-Biking-Hurghada-e1617500691537.jpg?fit=980%2C551&ssl=1",980,551,true],"1536x1536":["https:\/\/i0.wp.com\/landioustravel.com\/wp-content\/uploads\/2020\/12\/Individual-Quad-Biking-Hurghada-e1617500691537.jpg?fit=1200%2C675&ssl=1",1200,675,true],"2048x2048":["https:\/\/i0.wp.com\/landioustravel.com\/wp-content\/uploads\/2020\/12\/Individual-Quad-Biking-Hurghada-e1617500691537.jpg?fit=1200%2C675&ssl=1",1200,675,true],"newspack-article-block-landscape-large":["https:\/\/i0.wp.com\/landioustravel.com\/wp-content\/uploads\/2020\/12\/Individual-Quad-Biking-Hurghada-e1617500691537.jpg?resize=1200%2C675&ssl=1",1200,675,true],"newspack-article-block-portrait-large":["https:\/\/i0.wp.com\/landioustravel.com\/wp-content\/uploads\/2020\/12\/Individual-Quad-Biking-Hurghada-e1617500691537.jpg?resize=900%2C675&ssl=1",900,675,true],"newspack-article-block-square-large":["https:\/\/i0.wp.com\/landioustravel.com\/wp-content\/uploads\/2020\/12\/Individual-Quad-Biking-Hurghada-e1617500691537.jpg?resize=1200%2C675&ssl=1",1200,675,true],"newspack-article-block-landscape-medium":["https:\/\/i0.wp.com\/landioustravel.com\/wp-content\/uploads\/2020\/12\/Individual-Quad-Biking-Hurghada-e1617500691537.jpg?resize=800%2C600&ssl=1",800,600,true],"newspack-article-block-portrait-medium":["https:\/\/i0.wp.com\/landioustravel.com\/wp-content\/uploads\/2020\/12\/Individual-Quad-Biking-Hurghada-e1617500691537.jpg?resize=600%2C675&ssl=1",600,675,true],"newspack-article-block-square-medium":["https:\/\/i0.wp.com\/landioustravel.com\/wp-content\/uploads\/2020\/12\/Individual-Quad-Biking-Hurghada-e1617500691537.jpg?resize=800%2C675&ssl=1",800,675,true],"newspack-article-block-landscape-intermediate":["https:\/\/i0.wp.com\/landioustravel.com\/wp-content\/uploads\/2020\/12\/Individual-Quad-Biking-Hurghada-e1617500691537.jpg?resize=600%2C450&ssl=1",600,450,true],"newspack-article-block-portrait-intermediate":["https:\/\/i0.wp.com\/landioustravel.com\/wp-content\/uploads\/2020\/12\/Individual-Quad-Biking-Hurghada-e1617500691537.jpg?resize=450%2C600&ssl=1",450,600,true],"newspack-article-block-square-intermediate":["https:\/\/i0.wp.com\/landioustravel.com\/wp-content\/uploads\/2020\/12\/Individual-Quad-Biking-Hurghada-e1617500691537.jpg?resize=600%2C600&ssl=1",600,600,true],"newspack-article-block-landscape-small":["https:\/\/i0.wp.com\/landioustravel.com\/wp-content\/uploads\/2020\/12\/Individual-Quad-Biking-Hurghada-e1617500691537.jpg?resize=400%2C300&ssl=1",400,300,true],"newspack-article-block-portrait-small":["https:\/\/i0.wp.com\/landioustravel.com\/wp-content\/uploads\/2020\/12\/Individual-Quad-Biking-Hurghada-e1617500691537.jpg?resize=300%2C400&ssl=1",300,400,true],"newspack-article-block-square-small":["https:\/\/i0.wp.com\/landioustravel.com\/wp-content\/uploads\/2020\/12\/Individual-Quad-Biking-Hurghada-e1617500691537.jpg?resize=400%2C400&ssl=1",400,400,true],"newspack-article-block-landscape-tiny":["https:\/\/i0.wp.com\/landioustravel.com\/wp-content\/uploads\/2020\/12\/Individual-Quad-Biking-Hurghada-e1617500691537.jpg?resize=200%2C150&ssl=1",200,150,true],"newspack-article-block-portrait-tiny":["https:\/\/i0.wp.com\/landioustravel.com\/wp-content\/uploads\/2020\/12\/Individual-Quad-Biking-Hurghada-e1617500691537.jpg?resize=150%2C200&ssl=1",150,200,true],"newspack-article-block-square-tiny":["https:\/\/i0.wp.com\/landioustravel.com\/wp-content\/uploads\/2020\/12\/Individual-Quad-Biking-Hurghada-e1617500691537.jpg?resize=200%2C200&ssl=1",200,200,true],"newspack-article-block-uncropped":["https:\/\/i0.wp.com\/landioustravel.com\/wp-content\/uploads\/2020\/12\/Individual-Quad-Biking-Hurghada-e1617500691537.jpg?fit=1200%2C675&ssl=1",1200,675,true],"woocommerce_thumbnail":["https:\/\/i0.wp.com\/landioustravel.com\/wp-content\/uploads\/2020\/12\/Individual-Quad-Biking-Hurghada-e1617500691537.jpg?resize=324%2C324&ssl=1",324,324,true],"woocommerce_single":["https:\/\/i0.wp.com\/landioustravel.com\/wp-content\/uploads\/2020\/12\/Individual-Quad-Biking-Hurghada-e1617500691537.jpg?fit=416%2C234&ssl=1",416,234,true],"woocommerce_gallery_thumbnail":["https:\/\/i0.wp.com\/landioustravel.com\/wp-content\/uploads\/2020\/12\/Individual-Quad-Biking-Hurghada-e1617500691537.jpg?resize=100%2C100&ssl=1",100,100,true]},"uagb_author_info":{"display_name":"Mofreh Landious","author_link":"https:\/\/landioustravel.com\/es\/author\/"},"uagb_comment_info":4,"uagb_excerpt":"\u00a1An\u00edmate a vivir una pr\u00f3xima aventura en el Tour matutino en quad en Hurghada! Este tour es una oportunidad perfecta para sumergirse en la naturaleza del desierto de Egipto y conocer al pueblo beduino. Durante este emocionante safari por el desierto, te embarcar\u00e1s en un paseo en quad de 50 km e incluso podr\u00e1s montar&hellip;","jetpack_sharing_enabled":true,"jetpack_likes_enabled":true,"amp_enabled":true,"_links":{"self":[{"href":"https:\/\/landioustravel.com\/es\/wp-json\/wp\/v2\/product\/26598","targetHints":{"allow":["GET"]}}],"collection":[{"href":"https:\/\/landioustravel.com\/es\/wp-json\/wp\/v2\/product"}],"about":[{"href":"https:\/\/landioustravel.com\/es\/wp-json\/wp\/v2\/types\/product"}],"replies":[{"embeddable":true,"href":"https:\/\/landioustravel.com\/es\/wp-json\/wp\/v2\/comments?post=26598"}],"wp:featuredmedia":[{"embeddable":true,"href":"https:\/\/landioustravel.com\/es\/wp-json\/wp\/v2\/media\/45403"}],"wp:attachment":[{"href":"https:\/\/landioustravel.com\/es\/wp-json\/wp\/v2\/media?parent=26598"}],"wp:term":[{"taxonomy":"product_brand","embeddable":true,"href":"https:\/\/landioustravel.com\/es\/wp-json\/wp\/v2\/product_brand?post=26598"},{"taxonomy":"product_cat","embeddable":true,"href":"https:\/\/landioustravel.com\/es\/wp-json\/wp\/v2\/product_cat?post=26598"},{"taxonomy":"product_tag","embeddable":true,"href":"https:\/\/landioustravel.com\/es\/wp-json\/wp\/v2\/product_tag?post=26598"}],"curies":[{"name":"wp","href":"https:\/\/api.w.org\/{rel}","templated":true}]}}