{"id":26678,"date":"2020-12-22T23:17:14","date_gmt":"2020-12-25T22:34:09","guid":{"rendered":"https:\/\/landioustravel.com\/?post_type=product&#038;p=26678"},"modified":"2024-07-05T09:17:25","modified_gmt":"2024-07-05T06:17:25","slug":"viaje-memphis-sakkara-hurghada","status":"publish","type":"product","link":"https:\/\/landioustravel.com\/es\/shop\/viaje-memphis-sakkara-hurghada\/","title":{"rendered":"Viaje a Memphis y Sakkara desde Hurghada"},"content":{"rendered":"<p>\u00a1Es una maravillosa excursi\u00f3n de un d\u00eda al complejo de las pir\u00e1mides en Giza, Sakkara y Memphis desde Hurghada, Egipto! Con mucho gusto, recomendamos esta excursi\u00f3n de un d\u00eda por el hecho de que permite a los turistas ver las vistas y monumentos m\u00e1s impresionantes construidos durante el antiguo Egipto: las antiguas pir\u00e1mides egipcias y la pir\u00e1mide escalonada m\u00e1s antigua. Adem\u00e1s, permite conocer m\u00e1s sobre la historia del pa\u00eds.<\/p>\n<h2>Puntos principales del programa individual en Memphis y Sakkara<\/h2>\n<ul>\n<li>Visita las tres pir\u00e1mides de Giza<\/li>\n<li>El Templo del Valle (Templo de la Momificaci\u00f3n)<\/li>\n<li>Adem\u00e1s, la Gran Esfinge en el complejo piramidal<\/li>\n<li>La pir\u00e1mide escalonada de Djoser en la necr\u00f3polis de Sakkara<\/li>\n<li>Almuerzo<\/li>\n<li>Y la estatua de Rams\u00e9s II en Memphis<\/li>\n<\/ul>\n<h3>Programa de la excursi\u00f3n a Giza-Memphis desde Hurghada<\/h3>\n<ul>\n<li>El representante de Landious Travel lo recoger\u00e1 en su hotel, en Hurghada. alrededor de las 01:00 am<\/li>\n<li>Una vez que elegimos cada rinc\u00f3n, su veh\u00edculo privado (limusina o minib\u00fas) sale directamente hacia Giza. El camino, desde el centro de El Cairo a Giza, dura aproximadamente una hora.<\/li>\n<\/ul>\n<h4>Programa en Giza<\/h4>\n<ul>\n<li>Tan pronto como llegue a Giza, se dirigir\u00e1 al complejo de pir\u00e1mides, donde hay tres grandes pir\u00e1mides de Keops, Chephren y Mykerinus. Luego proceda a visitar la Gran Esfinge, que se remonta a la \u00e9poca de Chephren y visite el Templo del Valle. Para su comodidad, su gu\u00eda los muestra y le da tiempo libre para tomar una foto.<\/li>\n<\/ul>\n<h4>Programa en Sakkara<\/h4>\n<ul>\n<li>Adem\u00e1s, se dirige a Sakkara despu\u00e9s de finalizar la visita al complejo de las pir\u00e1mides de Giza. En este interesante lugar, puedes disfrutar visitando la pir\u00e1mide escalonada del rey Djoser. Es la estructura de piedra m\u00e1s antigua del mundo, que data de la III Dinast\u00eda.<\/li>\n<li>El almuerzo viene justo despu\u00e9s de esta incre\u00edble visita a la necr\u00f3polis de Sakkara.<\/li>\n<\/ul>\n<h4>Programa en Memphis<\/h4>\n<ul>\n<li>Despu\u00e9s de eso, te diriges a esta antigua ciudad que fue fundada por el rey Menes _ Memphis. Vale la pena se\u00f1alar que fue la capital de Egipto durante el Reino Antiguo y el centro de gobierno y cultura durante m\u00e1s de 3000 a\u00f1os. En consecuencia, en Memphis, puedes ver la incre\u00edble Estatua de Rams\u00e9s II y la Esfinge de Alabastro.<\/li>\n<li>Finalmente, regresar\u00e1 a sus hoteles despu\u00e9s de un programa de este tipo en la maravillosa ciudad de Giza.<\/li>\n<li>Este \u00abviaje a Memphis y Sakkara desde Hurghada\u00bb termina aproximadamente a las 22:00<\/li>\n<\/ul>\n<h4>Que esta incluido en el precio del tour<\/h4>\n<ul>\n<li>Entradas para visitar templos<\/li>\n<li>Bebidas<\/li>\n<li>Guia privado<\/li>\n<li>Adem\u00e1s, veh\u00edculo privado con aire acondicionado.<\/li>\n<\/ul>\n<h5>Que no esta incluido en el precio del tour<\/h5>\n<ul>\n<li>Programas adicionales si no est\u00e1n incluidos en el programa anterior<\/li>\n<\/ul>\n<h6>QU\u00c9 LLEVAR PARA EL VIAJE<\/h6>\n<ul>\n<li>Pasaporte<\/li>\n<li>Gafas de sol<\/li>\n<li>Adem\u00e1s, ropa para la temporada.<\/li>\n<\/ul>\n<h6>D\u00cdAS DE ORGANIZACI\u00d3N DE EXCURSIONES<\/h6>\n<ul>\n<li>Todos los d\u00edas de 01:00 a 22:00<\/li>\n<\/ul>\n","protected":false},"excerpt":{"rendered":"<p>Explore las maravillas de Egipto con una excursi\u00f3n privada de un d\u00eda a las pir\u00e1mides de Menfis Sakkara y Dahshur. Su experimentado gu\u00eda tur\u00edstico de Marsa Alam lo recoger\u00e1 de su hotel y lo llevar\u00e1 a un viaje inolvidable. Comience su aventura en Sakkara, donde visitar\u00e1 la estructura de piedra principal m\u00e1s antigua del mundo, la pir\u00e1mide escalonada del rey Djoser. Luego, disfrute de un delicioso almuerzo en un restaurante local antes de dirigirse a Menfis, la primera capital de Egipto y un centro de gobierno y cultura durante m\u00e1s de 3000 a\u00f1os. Aqu\u00ed, puedes maravillarte con la estatua de Rams\u00e9s II y la Esfinge de alabastro de Menfis. Su \u00faltima parada es Dahshur, donde encontrar\u00e1 dos de las primeras pir\u00e1mides mejor conservadas de Egipto, la Pir\u00e1mide Bent y la Pir\u00e1mide Roja. Estas pir\u00e1mides son evidencia masiva del desarrollo arquitect\u00f3nico que condujo a la construcci\u00f3n de la Gran Pir\u00e1mide y sus compa\u00f1eras en Giza. Despu\u00e9s de un d\u00eda lleno de historia y aventuras, su gu\u00eda lo llevar\u00e1 de regreso a su hotel. Este tour incluye boletos de entrada y almuerzo, as\u00ed que todo lo que necesita hacer es sentarse, relajarse y dejar que nosotros nos encarguemos del resto.<\/p>\n","protected":false},"featured_media":45339,"comment_status":"open","ping_status":"closed","template":"","meta":{"_coblocks_attr":"","_coblocks_dimensions":"","_coblocks_responsive_height":"","_coblocks_accordion_ie_support":"","_uag_custom_page_level_css":"","jetpack_publicize_message":"","jetpack_publicize_feature_enabled":true,"jetpack_social_post_already_shared":true,"jetpack_social_options":{"image_generator_settings":{"template":"highway","default_image_id":0,"font":"","enabled":false},"version":2},"_wpas_customize_per_network":false},"product_brand":[],"product_cat":[1789,8568],"product_tag":[1806,1797,2147,1808,1805,9907],"class_list":{"0":"post-26678","1":"product","2":"type-product","3":"status-publish","4":"has-post-thumbnail","6":"product_cat-excursiones-historicas-hurghada","7":"product_cat-excursiones-individuales-hurghada","8":"product_tag-esfinge","9":"product_tag-excursion-es","10":"product_tag-excursiones-desde-hurghada","11":"product_tag-hurghada-es","12":"product_tag-piramides","13":"product_tag-turismo","15":"first","16":"instock","17":"sale","18":"taxable","19":"shipping-taxable","20":"purchasable","21":"product-type-variable"},"yoast_head":"<!-- This site is optimized with the Yoast SEO Premium plugin v27.5 (Yoast SEO v27.5) - https:\/\/yoast.com\/product\/yoast-seo-premium-wordpress\/ -->\n<title>Viaje a Memphis y Sakkara desde Hurghada<\/title>\n<meta name=\"description\" content=\"Viaje a Memphis y Sakkara desde Hurghada El viaje le brinda la oportunidad de visitar las tres pir\u00e1mides de Giza, el Templo del Valle (Templo de la\" \/>\n<meta name=\"robots\" content=\"index, follow, max-snippet:-1, max-image-preview:large, max-video-preview:-1\" \/>\n<link rel=\"canonical\" href=\"https:\/\/landioustravel.com\/es\/shop\/viaje-memphis-sakkara-hurghada\/\" \/>\n<meta property=\"og:locale\" content=\"es_ES\" \/>\n<meta property=\"og:type\" content=\"article\" \/>\n<meta property=\"og:title\" content=\"Viaje a Memphis y Sakkara desde Hurghada\" \/>\n<meta property=\"og:description\" content=\"Landious Travel\" \/>\n<meta property=\"og:url\" content=\"https:\/\/landioustravel.com\/es\/shop\/viaje-memphis-sakkara-hurghada\/\" \/>\n<meta property=\"og:site_name\" content=\"Landious Travel\" \/>\n<meta property=\"article:publisher\" content=\"https:\/\/web.facebook.com\/landiousEgypt\" \/>\n<meta property=\"article:modified_time\" content=\"2024-07-05T06:17:25+00:00\" \/>\n<meta property=\"og:image\" content=\"https:\/\/i0.wp.com\/landioustravel.com\/wp-content\/uploads\/2020\/12\/Memphis-Sakkara-Trip-Hurghada-e1617497813928.jpg?fit=1200%2C675&ssl=1\" \/>\n\t<meta property=\"og:image:width\" content=\"1200\" \/>\n\t<meta property=\"og:image:height\" content=\"675\" \/>\n\t<meta property=\"og:image:type\" content=\"image\/jpeg\" \/>\n<meta name=\"twitter:card\" content=\"summary_large_image\" \/>\n<meta name=\"twitter:site\" content=\"@LandiousTours\" \/>\n<meta name=\"twitter:label1\" content=\"Tiempo de lectura\" \/>\n\t<meta name=\"twitter:data1\" content=\"3 minutos\" \/>\n<script type=\"application\/ld+json\" class=\"yoast-schema-graph\">{\"@context\":\"https:\\\/\\\/schema.org\",\"@graph\":[{\"@type\":\"WebPage\",\"@id\":\"https:\\\/\\\/landioustravel.com\\\/es\\\/shop\\\/viaje-memphis-sakkara-hurghada\\\/\",\"url\":\"https:\\\/\\\/landioustravel.com\\\/es\\\/shop\\\/viaje-memphis-sakkara-hurghada\\\/\",\"name\":\"Viaje a Memphis y Sakkara desde Hurghada\",\"isPartOf\":{\"@id\":\"https:\\\/\\\/landioustravel.com\\\/es\\\/#website\"},\"primaryImageOfPage\":{\"@id\":\"https:\\\/\\\/landioustravel.com\\\/es\\\/shop\\\/viaje-memphis-sakkara-hurghada\\\/#primaryimage\"},\"image\":{\"@id\":\"https:\\\/\\\/landioustravel.com\\\/es\\\/shop\\\/viaje-memphis-sakkara-hurghada\\\/#primaryimage\"},\"thumbnailUrl\":\"https:\\\/\\\/i0.wp.com\\\/landioustravel.com\\\/wp-content\\\/uploads\\\/2020\\\/12\\\/Memphis-Sakkara-Trip-Hurghada-e1617497813928.jpg?fit=1200%2C675&ssl=1\",\"datePublished\":\"2020-12-25T22:34:09+00:00\",\"dateModified\":\"2024-07-05T06:17:25+00:00\",\"description\":\"Viaje a Memphis y Sakkara desde Hurghada El viaje le brinda la oportunidad de visitar las tres pir\u00e1mides de Giza, el Templo del Valle (Templo de la\",\"breadcrumb\":{\"@id\":\"https:\\\/\\\/landioustravel.com\\\/es\\\/shop\\\/viaje-memphis-sakkara-hurghada\\\/#breadcrumb\"},\"inLanguage\":\"es\",\"potentialAction\":[{\"@type\":\"ReadAction\",\"target\":[\"https:\\\/\\\/landioustravel.com\\\/es\\\/shop\\\/viaje-memphis-sakkara-hurghada\\\/\"]}]},{\"@type\":\"ImageObject\",\"inLanguage\":\"es\",\"@id\":\"https:\\\/\\\/landioustravel.com\\\/es\\\/shop\\\/viaje-memphis-sakkara-hurghada\\\/#primaryimage\",\"url\":\"https:\\\/\\\/i0.wp.com\\\/landioustravel.com\\\/wp-content\\\/uploads\\\/2020\\\/12\\\/Memphis-Sakkara-Trip-Hurghada-e1617497813928.jpg?fit=1200%2C675&ssl=1\",\"contentUrl\":\"https:\\\/\\\/i0.wp.com\\\/landioustravel.com\\\/wp-content\\\/uploads\\\/2020\\\/12\\\/Memphis-Sakkara-Trip-Hurghada-e1617497813928.jpg?fit=1200%2C675&ssl=1\",\"width\":1200,\"height\":675,\"caption\":\"Memphis Sakkara Trip Hurghada\"},{\"@type\":\"BreadcrumbList\",\"@id\":\"https:\\\/\\\/landioustravel.com\\\/es\\\/shop\\\/viaje-memphis-sakkara-hurghada\\\/#breadcrumb\",\"itemListElement\":[{\"@type\":\"ListItem\",\"position\":1,\"name\":\"Home\",\"item\":\"https:\\\/\\\/landioustravel.com\\\/es\\\/\"},{\"@type\":\"ListItem\",\"position\":2,\"name\":\"Servicios y Tours\",\"item\":\"https:\\\/\\\/landioustravel.com\\\/es\\\/\"},{\"@type\":\"ListItem\",\"position\":3,\"name\":\"Viaje a Memphis y Sakkara desde Hurghada\"}]},{\"@type\":\"WebSite\",\"@id\":\"https:\\\/\\\/landioustravel.com\\\/es\\\/#website\",\"url\":\"https:\\\/\\\/landioustravel.com\\\/es\\\/\",\"name\":\"Landious Travel\",\"description\":\"Tours and Excursions in Egypt\",\"publisher\":{\"@id\":\"https:\\\/\\\/landioustravel.com\\\/es\\\/#organization\"},\"potentialAction\":[{\"@type\":\"SearchAction\",\"target\":{\"@type\":\"EntryPoint\",\"urlTemplate\":\"https:\\\/\\\/landioustravel.com\\\/es\\\/?s={search_term_string}\"},\"query-input\":{\"@type\":\"PropertyValueSpecification\",\"valueRequired\":true,\"valueName\":\"search_term_string\"}}],\"inLanguage\":\"es\"},{\"@type\":[\"Organization\",\"Place\"],\"@id\":\"https:\\\/\\\/landioustravel.com\\\/es\\\/#organization\",\"name\":\"Landious Travel\",\"alternateName\":\"Landious Travel\",\"url\":\"https:\\\/\\\/landioustravel.com\\\/es\\\/\",\"logo\":{\"@id\":\"https:\\\/\\\/landioustravel.com\\\/es\\\/shop\\\/viaje-memphis-sakkara-hurghada\\\/#local-main-organization-logo\"},\"image\":{\"@id\":\"https:\\\/\\\/landioustravel.com\\\/es\\\/shop\\\/viaje-memphis-sakkara-hurghada\\\/#local-main-organization-logo\"},\"sameAs\":[\"https:\\\/\\\/web.facebook.com\\\/landiousEgypt\",\"https:\\\/\\\/x.com\\\/LandiousTours\",\"https:\\\/\\\/mastodon.social\\\/@landious\"],\"legalName\":\"Landious Travel\",\"telephone\":[],\"openingHoursSpecification\":[{\"@type\":\"OpeningHoursSpecification\",\"dayOfWeek\":[\"Monday\",\"Tuesday\",\"Wednesday\",\"Thursday\",\"Friday\",\"Saturday\",\"Sunday\"],\"opens\":\"09:00\",\"closes\":\"17:00\"}]},{\"@type\":\"ImageObject\",\"inLanguage\":\"es\",\"@id\":\"https:\\\/\\\/landioustravel.com\\\/es\\\/shop\\\/viaje-memphis-sakkara-hurghada\\\/#local-main-organization-logo\",\"url\":\"https:\\\/\\\/i0.wp.com\\\/landioustravel.com\\\/wp-content\\\/uploads\\\/2021\\\/06\\\/Landious-T.png?fit=500%2C500&ssl=1\",\"contentUrl\":\"https:\\\/\\\/i0.wp.com\\\/landioustravel.com\\\/wp-content\\\/uploads\\\/2021\\\/06\\\/Landious-T.png?fit=500%2C500&ssl=1\",\"width\":500,\"height\":500,\"caption\":\"Landious Travel\"}]}<\/script>\n<!-- \/ Yoast SEO Premium plugin. -->","yoast_head_json":{"title":"Viaje a Memphis y Sakkara desde Hurghada","description":"Viaje a Memphis y Sakkara desde Hurghada El viaje le brinda la oportunidad de visitar las tres pir\u00e1mides de Giza, el Templo del Valle (Templo de la","robots":{"index":"index","follow":"follow","max-snippet":"max-snippet:-1","max-image-preview":"max-image-preview:large","max-video-preview":"max-video-preview:-1"},"canonical":"https:\/\/landioustravel.com\/es\/shop\/viaje-memphis-sakkara-hurghada\/","og_locale":"es_ES","og_type":"article","og_title":"Viaje a Memphis y Sakkara desde Hurghada","og_description":"Landious Travel","og_url":"https:\/\/landioustravel.com\/es\/shop\/viaje-memphis-sakkara-hurghada\/","og_site_name":"Landious Travel","article_publisher":"https:\/\/web.facebook.com\/landiousEgypt","article_modified_time":"2024-07-05T06:17:25+00:00","og_image":[{"width":1200,"height":675,"url":"https:\/\/i0.wp.com\/landioustravel.com\/wp-content\/uploads\/2020\/12\/Memphis-Sakkara-Trip-Hurghada-e1617497813928.jpg?fit=1200%2C675&ssl=1","type":"image\/jpeg"}],"twitter_card":"summary_large_image","twitter_site":"@LandiousTours","twitter_misc":{"Tiempo de lectura":"3 minutos"},"schema":{"@context":"https:\/\/schema.org","@graph":[{"@type":"WebPage","@id":"https:\/\/landioustravel.com\/es\/shop\/viaje-memphis-sakkara-hurghada\/","url":"https:\/\/landioustravel.com\/es\/shop\/viaje-memphis-sakkara-hurghada\/","name":"Viaje a Memphis y Sakkara desde Hurghada","isPartOf":{"@id":"https:\/\/landioustravel.com\/es\/#website"},"primaryImageOfPage":{"@id":"https:\/\/landioustravel.com\/es\/shop\/viaje-memphis-sakkara-hurghada\/#primaryimage"},"image":{"@id":"https:\/\/landioustravel.com\/es\/shop\/viaje-memphis-sakkara-hurghada\/#primaryimage"},"thumbnailUrl":"https:\/\/i0.wp.com\/landioustravel.com\/wp-content\/uploads\/2020\/12\/Memphis-Sakkara-Trip-Hurghada-e1617497813928.jpg?fit=1200%2C675&ssl=1","datePublished":"2020-12-25T22:34:09+00:00","dateModified":"2024-07-05T06:17:25+00:00","description":"Viaje a Memphis y Sakkara desde Hurghada El viaje le brinda la oportunidad de visitar las tres pir\u00e1mides de Giza, el Templo del Valle (Templo de la","breadcrumb":{"@id":"https:\/\/landioustravel.com\/es\/shop\/viaje-memphis-sakkara-hurghada\/#breadcrumb"},"inLanguage":"es","potentialAction":[{"@type":"ReadAction","target":["https:\/\/landioustravel.com\/es\/shop\/viaje-memphis-sakkara-hurghada\/"]}]},{"@type":"ImageObject","inLanguage":"es","@id":"https:\/\/landioustravel.com\/es\/shop\/viaje-memphis-sakkara-hurghada\/#primaryimage","url":"https:\/\/i0.wp.com\/landioustravel.com\/wp-content\/uploads\/2020\/12\/Memphis-Sakkara-Trip-Hurghada-e1617497813928.jpg?fit=1200%2C675&ssl=1","contentUrl":"https:\/\/i0.wp.com\/landioustravel.com\/wp-content\/uploads\/2020\/12\/Memphis-Sakkara-Trip-Hurghada-e1617497813928.jpg?fit=1200%2C675&ssl=1","width":1200,"height":675,"caption":"Memphis Sakkara Trip Hurghada"},{"@type":"BreadcrumbList","@id":"https:\/\/landioustravel.com\/es\/shop\/viaje-memphis-sakkara-hurghada\/#breadcrumb","itemListElement":[{"@type":"ListItem","position":1,"name":"Home","item":"https:\/\/landioustravel.com\/es\/"},{"@type":"ListItem","position":2,"name":"Servicios y Tours","item":"https:\/\/landioustravel.com\/es\/"},{"@type":"ListItem","position":3,"name":"Viaje a Memphis y Sakkara desde Hurghada"}]},{"@type":"WebSite","@id":"https:\/\/landioustravel.com\/es\/#website","url":"https:\/\/landioustravel.com\/es\/","name":"Landious Travel","description":"Tours and Excursions in Egypt","publisher":{"@id":"https:\/\/landioustravel.com\/es\/#organization"},"potentialAction":[{"@type":"SearchAction","target":{"@type":"EntryPoint","urlTemplate":"https:\/\/landioustravel.com\/es\/?s={search_term_string}"},"query-input":{"@type":"PropertyValueSpecification","valueRequired":true,"valueName":"search_term_string"}}],"inLanguage":"es"},{"@type":["Organization","Place"],"@id":"https:\/\/landioustravel.com\/es\/#organization","name":"Landious Travel","alternateName":"Landious Travel","url":"https:\/\/landioustravel.com\/es\/","logo":{"@id":"https:\/\/landioustravel.com\/es\/shop\/viaje-memphis-sakkara-hurghada\/#local-main-organization-logo"},"image":{"@id":"https:\/\/landioustravel.com\/es\/shop\/viaje-memphis-sakkara-hurghada\/#local-main-organization-logo"},"sameAs":["https:\/\/web.facebook.com\/landiousEgypt","https:\/\/x.com\/LandiousTours","https:\/\/mastodon.social\/@landious"],"legalName":"Landious Travel","telephone":[],"openingHoursSpecification":[{"@type":"OpeningHoursSpecification","dayOfWeek":["Monday","Tuesday","Wednesday","Thursday","Friday","Saturday","Sunday"],"opens":"09:00","closes":"17:00"}]},{"@type":"ImageObject","inLanguage":"es","@id":"https:\/\/landioustravel.com\/es\/shop\/viaje-memphis-sakkara-hurghada\/#local-main-organization-logo","url":"https:\/\/i0.wp.com\/landioustravel.com\/wp-content\/uploads\/2021\/06\/Landious-T.png?fit=500%2C500&ssl=1","contentUrl":"https:\/\/i0.wp.com\/landioustravel.com\/wp-content\/uploads\/2021\/06\/Landious-T.png?fit=500%2C500&ssl=1","width":500,"height":500,"caption":"Landious Travel"}]}},"jetpack_publicize_connections":[],"uagb_featured_image_src":{"full":["https:\/\/i0.wp.com\/landioustravel.com\/wp-content\/uploads\/2020\/12\/Memphis-Sakkara-Trip-Hurghada-e1617497813928.jpg?fit=1200%2C675&ssl=1",1200,675,false],"thumbnail":["https:\/\/i0.wp.com\/landioustravel.com\/wp-content\/uploads\/2020\/12\/Memphis-Sakkara-Trip-Hurghada-e1617497813928.jpg?resize=150%2C150&ssl=1",150,150,true],"medium":["https:\/\/i0.wp.com\/landioustravel.com\/wp-content\/uploads\/2020\/12\/Memphis-Sakkara-Trip-Hurghada-e1617497813928.jpg?fit=300%2C169&ssl=1",300,169,true],"medium_large":["https:\/\/i0.wp.com\/landioustravel.com\/wp-content\/uploads\/2020\/12\/Memphis-Sakkara-Trip-Hurghada-e1617497813928.jpg?fit=768%2C432&ssl=1",768,432,true],"large":["https:\/\/i0.wp.com\/landioustravel.com\/wp-content\/uploads\/2020\/12\/Memphis-Sakkara-Trip-Hurghada-e1617497813928.jpg?fit=980%2C551&ssl=1",980,551,true],"1536x1536":["https:\/\/i0.wp.com\/landioustravel.com\/wp-content\/uploads\/2020\/12\/Memphis-Sakkara-Trip-Hurghada-e1617497813928.jpg?fit=1536%2C864&ssl=1",1536,864,true],"2048x2048":["https:\/\/i0.wp.com\/landioustravel.com\/wp-content\/uploads\/2020\/12\/Memphis-Sakkara-Trip-Hurghada-e1617497813928.jpg?fit=1200%2C675&ssl=1",1200,675,true],"newspack-article-block-landscape-large":["https:\/\/i0.wp.com\/landioustravel.com\/wp-content\/uploads\/2020\/12\/Memphis-Sakkara-Trip-Hurghada-e1617497813928.jpg?resize=1200%2C675&ssl=1",1200,900,true],"newspack-article-block-portrait-large":["https:\/\/i0.wp.com\/landioustravel.com\/wp-content\/uploads\/2020\/12\/Memphis-Sakkara-Trip-Hurghada-e1617497813928.jpg?resize=900%2C675&ssl=1",900,1152,true],"newspack-article-block-square-large":["https:\/\/i0.wp.com\/landioustravel.com\/wp-content\/uploads\/2020\/12\/Memphis-Sakkara-Trip-Hurghada-e1617497813928.jpg?resize=1200%2C675&ssl=1",1200,1152,true],"newspack-article-block-landscape-medium":["https:\/\/i0.wp.com\/landioustravel.com\/wp-content\/uploads\/2020\/12\/Memphis-Sakkara-Trip-Hurghada-e1617497813928.jpg?resize=800%2C600&ssl=1",800,600,true],"newspack-article-block-portrait-medium":["https:\/\/i0.wp.com\/landioustravel.com\/wp-content\/uploads\/2020\/12\/Memphis-Sakkara-Trip-Hurghada-e1617497813928.jpg?resize=600%2C675&ssl=1",600,800,true],"newspack-article-block-square-medium":["https:\/\/i0.wp.com\/landioustravel.com\/wp-content\/uploads\/2020\/12\/Memphis-Sakkara-Trip-Hurghada-e1617497813928.jpg?resize=800%2C675&ssl=1",800,800,true],"newspack-article-block-landscape-intermediate":["https:\/\/i0.wp.com\/landioustravel.com\/wp-content\/uploads\/2020\/12\/Memphis-Sakkara-Trip-Hurghada-e1617497813928.jpg?resize=600%2C450&ssl=1",600,450,true],"newspack-article-block-portrait-intermediate":["https:\/\/i0.wp.com\/landioustravel.com\/wp-content\/uploads\/2020\/12\/Memphis-Sakkara-Trip-Hurghada-e1617497813928.jpg?resize=450%2C600&ssl=1",450,600,true],"newspack-article-block-square-intermediate":["https:\/\/i0.wp.com\/landioustravel.com\/wp-content\/uploads\/2020\/12\/Memphis-Sakkara-Trip-Hurghada-e1617497813928.jpg?resize=600%2C600&ssl=1",600,600,true],"newspack-article-block-landscape-small":["https:\/\/i0.wp.com\/landioustravel.com\/wp-content\/uploads\/2020\/12\/Memphis-Sakkara-Trip-Hurghada-e1617497813928.jpg?resize=400%2C300&ssl=1",400,300,true],"newspack-article-block-portrait-small":["https:\/\/i0.wp.com\/landioustravel.com\/wp-content\/uploads\/2020\/12\/Memphis-Sakkara-Trip-Hurghada-e1617497813928.jpg?resize=300%2C400&ssl=1",300,400,true],"newspack-article-block-square-small":["https:\/\/i0.wp.com\/landioustravel.com\/wp-content\/uploads\/2020\/12\/Memphis-Sakkara-Trip-Hurghada-e1617497813928.jpg?resize=400%2C400&ssl=1",400,400,true],"newspack-article-block-landscape-tiny":["https:\/\/i0.wp.com\/landioustravel.com\/wp-content\/uploads\/2020\/12\/Memphis-Sakkara-Trip-Hurghada-e1617497813928.jpg?resize=200%2C150&ssl=1",200,150,true],"newspack-article-block-portrait-tiny":["https:\/\/i0.wp.com\/landioustravel.com\/wp-content\/uploads\/2020\/12\/Memphis-Sakkara-Trip-Hurghada-e1617497813928.jpg?resize=150%2C200&ssl=1",150,200,true],"newspack-article-block-square-tiny":["https:\/\/i0.wp.com\/landioustravel.com\/wp-content\/uploads\/2020\/12\/Memphis-Sakkara-Trip-Hurghada-e1617497813928.jpg?resize=200%2C200&ssl=1",200,200,true],"newspack-article-block-uncropped":["https:\/\/i0.wp.com\/landioustravel.com\/wp-content\/uploads\/2020\/12\/Memphis-Sakkara-Trip-Hurghada-e1617497813928.jpg?fit=1200%2C675&ssl=1",1200,675,true],"woocommerce_thumbnail":["https:\/\/i0.wp.com\/landioustravel.com\/wp-content\/uploads\/2020\/12\/Memphis-Sakkara-Trip-Hurghada-e1617497813928.jpg?resize=324%2C324&ssl=1",324,324,true],"woocommerce_single":["https:\/\/i0.wp.com\/landioustravel.com\/wp-content\/uploads\/2020\/12\/Memphis-Sakkara-Trip-Hurghada-e1617497813928.jpg?fit=416%2C234&ssl=1",416,234,true],"woocommerce_gallery_thumbnail":["https:\/\/i0.wp.com\/landioustravel.com\/wp-content\/uploads\/2020\/12\/Memphis-Sakkara-Trip-Hurghada-e1617497813928.jpg?resize=100%2C100&ssl=1",100,100,true]},"uagb_author_info":{"display_name":"Mofreh Landious","author_link":"https:\/\/landioustravel.com\/es\/author\/"},"uagb_comment_info":4,"uagb_excerpt":"Explore las maravillas de Egipto con una excursi\u00f3n privada de un d\u00eda a las pir\u00e1mides de Menfis Sakkara y Dahshur. Su experimentado gu\u00eda tur\u00edstico de Marsa Alam lo recoger\u00e1 de su hotel y lo llevar\u00e1 a un viaje inolvidable. Comience su aventura en Sakkara, donde visitar\u00e1 la estructura de piedra principal m\u00e1s antigua del mundo,&hellip;","jetpack_sharing_enabled":true,"jetpack_likes_enabled":true,"amp_enabled":true,"_links":{"self":[{"href":"https:\/\/landioustravel.com\/es\/wp-json\/wp\/v2\/product\/26678","targetHints":{"allow":["GET"]}}],"collection":[{"href":"https:\/\/landioustravel.com\/es\/wp-json\/wp\/v2\/product"}],"about":[{"href":"https:\/\/landioustravel.com\/es\/wp-json\/wp\/v2\/types\/product"}],"replies":[{"embeddable":true,"href":"https:\/\/landioustravel.com\/es\/wp-json\/wp\/v2\/comments?post=26678"}],"wp:featuredmedia":[{"embeddable":true,"href":"https:\/\/landioustravel.com\/es\/wp-json\/wp\/v2\/media\/45339"}],"wp:attachment":[{"href":"https:\/\/landioustravel.com\/es\/wp-json\/wp\/v2\/media?parent=26678"}],"wp:term":[{"taxonomy":"product_brand","embeddable":true,"href":"https:\/\/landioustravel.com\/es\/wp-json\/wp\/v2\/product_brand?post=26678"},{"taxonomy":"product_cat","embeddable":true,"href":"https:\/\/landioustravel.com\/es\/wp-json\/wp\/v2\/product_cat?post=26678"},{"taxonomy":"product_tag","embeddable":true,"href":"https:\/\/landioustravel.com\/es\/wp-json\/wp\/v2\/product_tag?post=26678"}],"curies":[{"name":"wp","href":"https:\/\/api.w.org\/{rel}","templated":true}]}}