{"id":2962,"date":"2019-03-06T12:25:57","date_gmt":"2019-03-16T20:06:28","guid":{"rendered":"https:\/\/landioustravel.com\/?post_type=product&#038;p=2962"},"modified":"2024-09-24T01:32:39","modified_gmt":"2024-09-23T22:32:39","slug":"excursion-mega-safari-en-sharm","status":"publish","type":"product","link":"https:\/\/landioustravel.com\/es\/shop\/excursion-mega-safari-en-sharm\/","title":{"rendered":"Excursi\u00f3n Mega Safari en Sharm El-Sheikh"},"content":{"rendered":"<p>\u00a1La excursi\u00f3n m\u00e1s activa en el Mega-Safari en Sharm El-Sheikh! Recomendamos el viaje porque permite a los turistas conducir 50 km en quads. Adem\u00e1s, el viaje te da la oportunidad de ver el desierto y conocer la cultura beduina.<\/p>\n<h2>Los principales puntos del programa de excursiones en Mega-Safari<\/h2>\n<ul>\n<li>Montando en quads por 50 km a trav\u00e9s del desierto.<\/li>\n<li>Luego paseos en camello<\/li>\n<li>A continuaci\u00f3n, visitando el pueblo beduino.<\/li>\n<li>Y m\u00e1s, tener tiempo para una cena oriental.<\/li>\n<\/ul>\n<h3>El programa de excursiones Mega-Safari de Sharm El Sheikh<\/h3>\n<ul>\n<li>Te recogemos del hotel a las 13:00 aproximadamente.<\/li>\n<li>Despu\u00e9s de recoger a todos los interesados, el minib\u00fas \/ jeep va al desierto, donde hay una base de quads. El camino a la base tarda 20 minutos.<\/li>\n<li>Primero, tendr\u00e1s que prepararte para ponerte las gafas de sol y enrollarte una bufanda en la cabeza.<\/li>\n<li>Despu\u00e9s de eso, hay un briefing y entrenamiento por un poco de tiempo.<\/li>\n<li>Luego, conduzca 25 km en el desierto hasta el pueblo beduino.<\/li>\n<li>Tan pronto como llegues al pueblo beduino, puedes montar en camello. Adem\u00e1s, toma fotos con beduinos.<\/li>\n<li>La gu\u00eda acompa\u00f1a al pueblo beduino. Muestra c\u00f3mo los beduinos cocinan el pan y c\u00f3mo vestirse.<\/li>\n<li>En la carpa beduina, tendr\u00e1s una cena oriental.<\/li>\n<li>Despu\u00e9s de la cena, se preparar\u00e1 para conducir 25 km de regreso a la base.<\/li>\n<\/ul>\n<h4>Lo que est\u00e1 incluido en el costo del viaje<\/h4>\n<ul>\n<li>Cena<\/li>\n<li>Y, traslado al desierto y regreso al hotel.<\/li>\n<\/ul>\n<h5>Lo que no est\u00e1 incluido en el costo del tour.<\/h5>\n<ul>\n<li>Video DVD<\/li>\n<li>Y, foto cd<\/li>\n<\/ul>\n<h6>QU\u00c9 TOMAR CON USTED PARA EL VIAJE<\/h6>\n<ul>\n<li>Bufanda<\/li>\n<li>Y gafas de sol<\/li>\n<\/ul>\n<h6>D\u00cdAS DE LA ORGANIZACI\u00d3N DE EXCURSIONES<\/h6>\n<ul>\n<li>Todos los d\u00edas de 13:00 a 19:00<\/li>\n<\/ul>\n","protected":false},"excerpt":{"rendered":"<p>Experimente la belleza y la cultura del desierto con un programa que ofrece mucho m\u00e1s que paseos en cuatrimotos y camellos. En el impresionante resort de Sharm El-Sheikh, tendr\u00e1 la oportunidad de visitar al pueblo beduino y aprender sobre su rica y fascinante cultura. Como parte del paquete, tambi\u00e9n disfrutar\u00e1 de una cena oriental tradicional en una tienda beduina, una experiencia verdaderamente aut\u00e9ntica. El precio del viaje incluye los traslados y la cena, para que puedas relajarte y disfrutar de tu tiempo sin preocupaciones. Lo recoger\u00e1n de su hotel en Sharm El Sheikh a \u00faltima hora de la tarde y lo llevar\u00e1n a la estaci\u00f3n de quads en el desierto. Despu\u00e9s de una breve sesi\u00f3n informativa, puede disfrutar del emocionante viaje por el desierto durante aproximadamente 1,5 horas. Cuando llegue al pueblo beduino, ser\u00e1 recibido con t\u00e9 y tendr\u00e1 la oportunidad de montar uno de los impresionantes camellos por el desierto. Luego, se le servir\u00e1 una cena sencilla pero deliciosa de comida t\u00edpica egipcia en un ambiente bellamente iluminado que es perfecto para relajarse y socializar. Una vez finalizada la velada, regresar\u00e1s a la estaci\u00f3n de quads, donde el transfer te llevar\u00e1 de regreso a tu hotel. Disfrute de un paseo en quad por el fascinante paisaje des\u00e9rtico de Sharm el Sheikh y luego observe la puesta de sol sobre las monta\u00f1as, una vista verdaderamente impresionante. El programa tambi\u00e9n incluye una visita a un pueblo beduino, donde puedes montar a lomos de un camello durante unos 25 minutos antes de sentarte a disfrutar de una deliciosa barbacoa. Para rematar la noche, un incre\u00edble espect\u00e1culo folcl\u00f3rico te mantendr\u00e1 entretenido y te dejar\u00e1 recuerdos inolvidables.<\/p>\n","protected":false},"featured_media":99614,"comment_status":"open","ping_status":"closed","template":"","meta":{"_coblocks_attr":"","_coblocks_dimensions":"","_coblocks_responsive_height":"","_coblocks_accordion_ie_support":"","_uag_custom_page_level_css":"","jetpack_publicize_message":"","jetpack_publicize_feature_enabled":true,"jetpack_social_post_already_shared":true,"jetpack_social_options":{"image_generator_settings":{"template":"highway","default_image_id":0,"font":"","enabled":false},"version":2},"_wpas_customize_per_network":false},"product_brand":[],"product_cat":[1792,19123],"product_tag":[1797,2182,1834,1813,1800],"class_list":{"0":"post-2962","1":"product","2":"type-product","3":"status-publish","4":"has-post-thumbnail","6":"product_cat-excursiones-sharm-el-sheikh","7":"product_cat-tours-safari-sharm-el-sheikh","8":"product_tag-excursion-es","9":"product_tag-paseos-en-quads","10":"product_tag-safari-es","11":"product_tag-safari-en-el-desierto","12":"product_tag-sharm-el-sheikh-es","14":"first","15":"instock","16":"sale","17":"purchasable","18":"product-type-variable"},"yoast_head":"<!-- This site is optimized with the Yoast SEO Premium plugin v26.9 (Yoast SEO v27.5) - https:\/\/yoast.com\/product\/yoast-seo-premium-wordpress\/ -->\n<title>Excursi\u00f3n Mega Safari en Sharm El-Sheikh<\/title>\n<meta name=\"description\" content=\"Excursi\u00f3n Mega Safari en Sharm El-Sheikh : El programa m\u00e1s extenso de safari por el desierto, en el complejo de Sharm El-Sheikh, donde los turistas suelen\" \/>\n<meta name=\"robots\" content=\"index, follow, max-snippet:-1, max-image-preview:large, max-video-preview:-1\" \/>\n<link rel=\"canonical\" href=\"https:\/\/landioustravel.com\/es\/shop\/excursion-mega-safari-en-sharm\/\" \/>\n<meta property=\"og:locale\" content=\"es_ES\" \/>\n<meta property=\"og:type\" content=\"article\" \/>\n<meta property=\"og:title\" content=\"Excursi\u00f3n Mega Safari en Sharm El-Sheikh\" \/>\n<meta property=\"og:description\" content=\"Landious Travel\" \/>\n<meta property=\"og:url\" content=\"https:\/\/landioustravel.com\/es\/shop\/excursion-mega-safari-en-sharm\/\" \/>\n<meta property=\"og:site_name\" content=\"Landious Travel\" \/>\n<meta property=\"article:publisher\" content=\"https:\/\/web.facebook.com\/landiousEgypt\" \/>\n<meta property=\"article:modified_time\" content=\"2024-09-23T22:32:39+00:00\" \/>\n<meta property=\"og:image\" content=\"https:\/\/i0.wp.com\/landioustravel.com\/wp-content\/uploads\/2019\/03\/camel-ride-sharm-el-sheikh-e1669340498285.jpg?fit=1200%2C675&ssl=1\" \/>\n\t<meta property=\"og:image:width\" content=\"1200\" \/>\n\t<meta property=\"og:image:height\" content=\"675\" \/>\n\t<meta property=\"og:image:type\" content=\"image\/jpeg\" \/>\n<meta name=\"twitter:card\" content=\"summary_large_image\" \/>\n<meta name=\"twitter:site\" content=\"@LandiousTours\" \/>\n<meta name=\"twitter:label1\" content=\"Tiempo de lectura\" \/>\n\t<meta name=\"twitter:data1\" content=\"2 minutos\" \/>\n<script type=\"application\/ld+json\" class=\"yoast-schema-graph\">{\"@context\":\"https:\\\/\\\/schema.org\",\"@graph\":[{\"@type\":\"WebPage\",\"@id\":\"https:\\\/\\\/landioustravel.com\\\/es\\\/shop\\\/excursion-mega-safari-en-sharm\\\/\",\"url\":\"https:\\\/\\\/landioustravel.com\\\/es\\\/shop\\\/excursion-mega-safari-en-sharm\\\/\",\"name\":\"Excursi\u00f3n Mega Safari en Sharm El-Sheikh\",\"isPartOf\":{\"@id\":\"https:\\\/\\\/landioustravel.com\\\/es\\\/#website\"},\"primaryImageOfPage\":{\"@id\":\"https:\\\/\\\/landioustravel.com\\\/es\\\/shop\\\/excursion-mega-safari-en-sharm\\\/#primaryimage\"},\"image\":{\"@id\":\"https:\\\/\\\/landioustravel.com\\\/es\\\/shop\\\/excursion-mega-safari-en-sharm\\\/#primaryimage\"},\"thumbnailUrl\":\"https:\\\/\\\/i0.wp.com\\\/landioustravel.com\\\/wp-content\\\/uploads\\\/2019\\\/03\\\/camel-ride-sharm-el-sheikh-e1669340498285.jpg?fit=1200%2C675&ssl=1\",\"datePublished\":\"2019-03-16T20:06:28+00:00\",\"dateModified\":\"2024-09-23T22:32:39+00:00\",\"description\":\"Excursi\u00f3n Mega Safari en Sharm El-Sheikh : El programa m\u00e1s extenso de safari por el desierto, en el complejo de Sharm El-Sheikh, donde los turistas suelen\",\"breadcrumb\":{\"@id\":\"https:\\\/\\\/landioustravel.com\\\/es\\\/shop\\\/excursion-mega-safari-en-sharm\\\/#breadcrumb\"},\"inLanguage\":\"es\",\"potentialAction\":[{\"@type\":\"ReadAction\",\"target\":[\"https:\\\/\\\/landioustravel.com\\\/es\\\/shop\\\/excursion-mega-safari-en-sharm\\\/\"]}]},{\"@type\":\"ImageObject\",\"inLanguage\":\"es\",\"@id\":\"https:\\\/\\\/landioustravel.com\\\/es\\\/shop\\\/excursion-mega-safari-en-sharm\\\/#primaryimage\",\"url\":\"https:\\\/\\\/i0.wp.com\\\/landioustravel.com\\\/wp-content\\\/uploads\\\/2019\\\/03\\\/camel-ride-sharm-el-sheikh-e1669340498285.jpg?fit=1200%2C675&ssl=1\",\"contentUrl\":\"https:\\\/\\\/i0.wp.com\\\/landioustravel.com\\\/wp-content\\\/uploads\\\/2019\\\/03\\\/camel-ride-sharm-el-sheikh-e1669340498285.jpg?fit=1200%2C675&ssl=1\",\"width\":1200,\"height\":675,\"caption\":\"camel ride sharm el sheikh\"},{\"@type\":\"BreadcrumbList\",\"@id\":\"https:\\\/\\\/landioustravel.com\\\/es\\\/shop\\\/excursion-mega-safari-en-sharm\\\/#breadcrumb\",\"itemListElement\":[{\"@type\":\"ListItem\",\"position\":1,\"name\":\"Home\",\"item\":\"https:\\\/\\\/landioustravel.com\\\/es\\\/\"},{\"@type\":\"ListItem\",\"position\":2,\"name\":\"Servicios y Tours\",\"item\":\"https:\\\/\\\/landioustravel.com\\\/es\\\/\"},{\"@type\":\"ListItem\",\"position\":3,\"name\":\"Excursi\u00f3n Mega Safari en Sharm El-Sheikh\"}]},{\"@type\":\"WebSite\",\"@id\":\"https:\\\/\\\/landioustravel.com\\\/es\\\/#website\",\"url\":\"https:\\\/\\\/landioustravel.com\\\/es\\\/\",\"name\":\"Landious Travel\",\"description\":\"Tours and Excursions in Egypt\",\"publisher\":{\"@id\":\"https:\\\/\\\/landioustravel.com\\\/es\\\/#organization\"},\"potentialAction\":[{\"@type\":\"SearchAction\",\"target\":{\"@type\":\"EntryPoint\",\"urlTemplate\":\"https:\\\/\\\/landioustravel.com\\\/es\\\/?s={search_term_string}\"},\"query-input\":{\"@type\":\"PropertyValueSpecification\",\"valueRequired\":true,\"valueName\":\"search_term_string\"}}],\"inLanguage\":\"es\"},{\"@type\":[\"Organization\",\"Place\"],\"@id\":\"https:\\\/\\\/landioustravel.com\\\/es\\\/#organization\",\"name\":\"Landious Travel\",\"alternateName\":\"Landious Travel\",\"url\":\"https:\\\/\\\/landioustravel.com\\\/es\\\/\",\"logo\":{\"@id\":\"https:\\\/\\\/landioustravel.com\\\/es\\\/shop\\\/excursion-mega-safari-en-sharm\\\/#local-main-organization-logo\"},\"image\":{\"@id\":\"https:\\\/\\\/landioustravel.com\\\/es\\\/shop\\\/excursion-mega-safari-en-sharm\\\/#local-main-organization-logo\"},\"sameAs\":[\"https:\\\/\\\/web.facebook.com\\\/landiousEgypt\",\"https:\\\/\\\/x.com\\\/LandiousTours\",\"https:\\\/\\\/mastodon.social\\\/@landious\"],\"legalName\":\"Landious Travel\",\"telephone\":[],\"openingHoursSpecification\":[{\"@type\":\"OpeningHoursSpecification\",\"dayOfWeek\":[\"Monday\",\"Tuesday\",\"Wednesday\",\"Thursday\",\"Friday\",\"Saturday\",\"Sunday\"],\"opens\":\"09:00\",\"closes\":\"17:00\"}]},{\"@type\":\"ImageObject\",\"inLanguage\":\"es\",\"@id\":\"https:\\\/\\\/landioustravel.com\\\/es\\\/shop\\\/excursion-mega-safari-en-sharm\\\/#local-main-organization-logo\",\"url\":\"https:\\\/\\\/i0.wp.com\\\/landioustravel.com\\\/wp-content\\\/uploads\\\/2021\\\/06\\\/Landious-T.png?fit=500%2C500&ssl=1\",\"contentUrl\":\"https:\\\/\\\/i0.wp.com\\\/landioustravel.com\\\/wp-content\\\/uploads\\\/2021\\\/06\\\/Landious-T.png?fit=500%2C500&ssl=1\",\"width\":500,\"height\":500,\"caption\":\"Landious Travel\"}]}<\/script>\n<!-- \/ Yoast SEO Premium plugin. -->","yoast_head_json":{"title":"Excursi\u00f3n Mega Safari en Sharm El-Sheikh","description":"Excursi\u00f3n Mega Safari en Sharm El-Sheikh : El programa m\u00e1s extenso de safari por el desierto, en el complejo de Sharm El-Sheikh, donde los turistas suelen","robots":{"index":"index","follow":"follow","max-snippet":"max-snippet:-1","max-image-preview":"max-image-preview:large","max-video-preview":"max-video-preview:-1"},"canonical":"https:\/\/landioustravel.com\/es\/shop\/excursion-mega-safari-en-sharm\/","og_locale":"es_ES","og_type":"article","og_title":"Excursi\u00f3n Mega Safari en Sharm El-Sheikh","og_description":"Landious Travel","og_url":"https:\/\/landioustravel.com\/es\/shop\/excursion-mega-safari-en-sharm\/","og_site_name":"Landious Travel","article_publisher":"https:\/\/web.facebook.com\/landiousEgypt","article_modified_time":"2024-09-23T22:32:39+00:00","og_image":[{"width":1200,"height":675,"url":"https:\/\/i0.wp.com\/landioustravel.com\/wp-content\/uploads\/2019\/03\/camel-ride-sharm-el-sheikh-e1669340498285.jpg?fit=1200%2C675&ssl=1","type":"image\/jpeg"}],"twitter_card":"summary_large_image","twitter_site":"@LandiousTours","twitter_misc":{"Tiempo de lectura":"2 minutos"},"schema":{"@context":"https:\/\/schema.org","@graph":[{"@type":"WebPage","@id":"https:\/\/landioustravel.com\/es\/shop\/excursion-mega-safari-en-sharm\/","url":"https:\/\/landioustravel.com\/es\/shop\/excursion-mega-safari-en-sharm\/","name":"Excursi\u00f3n Mega Safari en Sharm El-Sheikh","isPartOf":{"@id":"https:\/\/landioustravel.com\/es\/#website"},"primaryImageOfPage":{"@id":"https:\/\/landioustravel.com\/es\/shop\/excursion-mega-safari-en-sharm\/#primaryimage"},"image":{"@id":"https:\/\/landioustravel.com\/es\/shop\/excursion-mega-safari-en-sharm\/#primaryimage"},"thumbnailUrl":"https:\/\/i0.wp.com\/landioustravel.com\/wp-content\/uploads\/2019\/03\/camel-ride-sharm-el-sheikh-e1669340498285.jpg?fit=1200%2C675&ssl=1","datePublished":"2019-03-16T20:06:28+00:00","dateModified":"2024-09-23T22:32:39+00:00","description":"Excursi\u00f3n Mega Safari en Sharm El-Sheikh : El programa m\u00e1s extenso de safari por el desierto, en el complejo de Sharm El-Sheikh, donde los turistas suelen","breadcrumb":{"@id":"https:\/\/landioustravel.com\/es\/shop\/excursion-mega-safari-en-sharm\/#breadcrumb"},"inLanguage":"es","potentialAction":[{"@type":"ReadAction","target":["https:\/\/landioustravel.com\/es\/shop\/excursion-mega-safari-en-sharm\/"]}]},{"@type":"ImageObject","inLanguage":"es","@id":"https:\/\/landioustravel.com\/es\/shop\/excursion-mega-safari-en-sharm\/#primaryimage","url":"https:\/\/i0.wp.com\/landioustravel.com\/wp-content\/uploads\/2019\/03\/camel-ride-sharm-el-sheikh-e1669340498285.jpg?fit=1200%2C675&ssl=1","contentUrl":"https:\/\/i0.wp.com\/landioustravel.com\/wp-content\/uploads\/2019\/03\/camel-ride-sharm-el-sheikh-e1669340498285.jpg?fit=1200%2C675&ssl=1","width":1200,"height":675,"caption":"camel ride sharm el sheikh"},{"@type":"BreadcrumbList","@id":"https:\/\/landioustravel.com\/es\/shop\/excursion-mega-safari-en-sharm\/#breadcrumb","itemListElement":[{"@type":"ListItem","position":1,"name":"Home","item":"https:\/\/landioustravel.com\/es\/"},{"@type":"ListItem","position":2,"name":"Servicios y Tours","item":"https:\/\/landioustravel.com\/es\/"},{"@type":"ListItem","position":3,"name":"Excursi\u00f3n Mega Safari en Sharm El-Sheikh"}]},{"@type":"WebSite","@id":"https:\/\/landioustravel.com\/es\/#website","url":"https:\/\/landioustravel.com\/es\/","name":"Landious Travel","description":"Tours and Excursions in Egypt","publisher":{"@id":"https:\/\/landioustravel.com\/es\/#organization"},"potentialAction":[{"@type":"SearchAction","target":{"@type":"EntryPoint","urlTemplate":"https:\/\/landioustravel.com\/es\/?s={search_term_string}"},"query-input":{"@type":"PropertyValueSpecification","valueRequired":true,"valueName":"search_term_string"}}],"inLanguage":"es"},{"@type":["Organization","Place"],"@id":"https:\/\/landioustravel.com\/es\/#organization","name":"Landious Travel","alternateName":"Landious Travel","url":"https:\/\/landioustravel.com\/es\/","logo":{"@id":"https:\/\/landioustravel.com\/es\/shop\/excursion-mega-safari-en-sharm\/#local-main-organization-logo"},"image":{"@id":"https:\/\/landioustravel.com\/es\/shop\/excursion-mega-safari-en-sharm\/#local-main-organization-logo"},"sameAs":["https:\/\/web.facebook.com\/landiousEgypt","https:\/\/x.com\/LandiousTours","https:\/\/mastodon.social\/@landious"],"legalName":"Landious Travel","telephone":[],"openingHoursSpecification":[{"@type":"OpeningHoursSpecification","dayOfWeek":["Monday","Tuesday","Wednesday","Thursday","Friday","Saturday","Sunday"],"opens":"09:00","closes":"17:00"}]},{"@type":"ImageObject","inLanguage":"es","@id":"https:\/\/landioustravel.com\/es\/shop\/excursion-mega-safari-en-sharm\/#local-main-organization-logo","url":"https:\/\/i0.wp.com\/landioustravel.com\/wp-content\/uploads\/2021\/06\/Landious-T.png?fit=500%2C500&ssl=1","contentUrl":"https:\/\/i0.wp.com\/landioustravel.com\/wp-content\/uploads\/2021\/06\/Landious-T.png?fit=500%2C500&ssl=1","width":500,"height":500,"caption":"Landious Travel"}]}},"jetpack_publicize_connections":[],"uagb_featured_image_src":{"full":["https:\/\/i0.wp.com\/landioustravel.com\/wp-content\/uploads\/2019\/03\/camel-ride-sharm-el-sheikh-e1669340498285.jpg?fit=1200%2C675&ssl=1",1200,675,false],"thumbnail":["https:\/\/i0.wp.com\/landioustravel.com\/wp-content\/uploads\/2019\/03\/camel-ride-sharm-el-sheikh-e1669340498285.jpg?resize=150%2C150&ssl=1",150,150,true],"medium":["https:\/\/i0.wp.com\/landioustravel.com\/wp-content\/uploads\/2019\/03\/camel-ride-sharm-el-sheikh-e1669340498285.jpg?fit=300%2C169&ssl=1",300,169,true],"medium_large":["https:\/\/i0.wp.com\/landioustravel.com\/wp-content\/uploads\/2019\/03\/camel-ride-sharm-el-sheikh-e1669340498285.jpg?fit=768%2C432&ssl=1",768,432,true],"large":["https:\/\/i0.wp.com\/landioustravel.com\/wp-content\/uploads\/2019\/03\/camel-ride-sharm-el-sheikh-e1669340498285.jpg?fit=980%2C551&ssl=1",980,551,true],"1536x1536":["https:\/\/i0.wp.com\/landioustravel.com\/wp-content\/uploads\/2019\/03\/camel-ride-sharm-el-sheikh-e1669340498285.jpg?fit=1200%2C675&ssl=1",1200,675,true],"2048x2048":["https:\/\/i0.wp.com\/landioustravel.com\/wp-content\/uploads\/2019\/03\/camel-ride-sharm-el-sheikh-e1669340498285.jpg?fit=1200%2C675&ssl=1",1200,675,true],"newspack-article-block-landscape-large":["https:\/\/i0.wp.com\/landioustravel.com\/wp-content\/uploads\/2019\/03\/camel-ride-sharm-el-sheikh-e1669340498285.jpg?resize=1200%2C675&ssl=1",1200,675,true],"newspack-article-block-portrait-large":["https:\/\/i0.wp.com\/landioustravel.com\/wp-content\/uploads\/2019\/03\/camel-ride-sharm-el-sheikh-e1669340498285.jpg?resize=900%2C675&ssl=1",900,675,true],"newspack-article-block-square-large":["https:\/\/i0.wp.com\/landioustravel.com\/wp-content\/uploads\/2019\/03\/camel-ride-sharm-el-sheikh-e1669340498285.jpg?resize=1200%2C675&ssl=1",1200,675,true],"newspack-article-block-landscape-medium":["https:\/\/i0.wp.com\/landioustravel.com\/wp-content\/uploads\/2019\/03\/camel-ride-sharm-el-sheikh-e1669340498285.jpg?resize=800%2C600&ssl=1",800,600,true],"newspack-article-block-portrait-medium":["https:\/\/i0.wp.com\/landioustravel.com\/wp-content\/uploads\/2019\/03\/camel-ride-sharm-el-sheikh-e1669340498285.jpg?resize=600%2C675&ssl=1",600,675,true],"newspack-article-block-square-medium":["https:\/\/i0.wp.com\/landioustravel.com\/wp-content\/uploads\/2019\/03\/camel-ride-sharm-el-sheikh-e1669340498285.jpg?resize=800%2C675&ssl=1",800,675,true],"newspack-article-block-landscape-intermediate":["https:\/\/i0.wp.com\/landioustravel.com\/wp-content\/uploads\/2019\/03\/camel-ride-sharm-el-sheikh-e1669340498285.jpg?resize=600%2C450&ssl=1",600,450,true],"newspack-article-block-portrait-intermediate":["https:\/\/i0.wp.com\/landioustravel.com\/wp-content\/uploads\/2019\/03\/camel-ride-sharm-el-sheikh-e1669340498285.jpg?resize=450%2C600&ssl=1",450,600,true],"newspack-article-block-square-intermediate":["https:\/\/i0.wp.com\/landioustravel.com\/wp-content\/uploads\/2019\/03\/camel-ride-sharm-el-sheikh-e1669340498285.jpg?resize=600%2C600&ssl=1",600,600,true],"newspack-article-block-landscape-small":["https:\/\/i0.wp.com\/landioustravel.com\/wp-content\/uploads\/2019\/03\/camel-ride-sharm-el-sheikh-e1669340498285.jpg?resize=400%2C300&ssl=1",400,300,true],"newspack-article-block-portrait-small":["https:\/\/i0.wp.com\/landioustravel.com\/wp-content\/uploads\/2019\/03\/camel-ride-sharm-el-sheikh-e1669340498285.jpg?resize=300%2C400&ssl=1",300,400,true],"newspack-article-block-square-small":["https:\/\/i0.wp.com\/landioustravel.com\/wp-content\/uploads\/2019\/03\/camel-ride-sharm-el-sheikh-e1669340498285.jpg?resize=400%2C400&ssl=1",400,400,true],"newspack-article-block-landscape-tiny":["https:\/\/i0.wp.com\/landioustravel.com\/wp-content\/uploads\/2019\/03\/camel-ride-sharm-el-sheikh-e1669340498285.jpg?resize=200%2C150&ssl=1",200,150,true],"newspack-article-block-portrait-tiny":["https:\/\/i0.wp.com\/landioustravel.com\/wp-content\/uploads\/2019\/03\/camel-ride-sharm-el-sheikh-e1669340498285.jpg?resize=150%2C200&ssl=1",150,200,true],"newspack-article-block-square-tiny":["https:\/\/i0.wp.com\/landioustravel.com\/wp-content\/uploads\/2019\/03\/camel-ride-sharm-el-sheikh-e1669340498285.jpg?resize=200%2C200&ssl=1",200,200,true],"newspack-article-block-uncropped":["https:\/\/i0.wp.com\/landioustravel.com\/wp-content\/uploads\/2019\/03\/camel-ride-sharm-el-sheikh-e1669340498285.jpg?fit=1200%2C675&ssl=1",1200,675,true],"woocommerce_thumbnail":["https:\/\/i0.wp.com\/landioustravel.com\/wp-content\/uploads\/2019\/03\/camel-ride-sharm-el-sheikh-e1669340498285.jpg?resize=324%2C324&ssl=1",324,324,true],"woocommerce_single":["https:\/\/i0.wp.com\/landioustravel.com\/wp-content\/uploads\/2019\/03\/camel-ride-sharm-el-sheikh-e1669340498285.jpg?fit=416%2C234&ssl=1",416,234,true],"woocommerce_gallery_thumbnail":["https:\/\/i0.wp.com\/landioustravel.com\/wp-content\/uploads\/2019\/03\/camel-ride-sharm-el-sheikh-e1669340498285.jpg?resize=100%2C100&ssl=1",100,100,true]},"uagb_author_info":{"display_name":"Mofreh Landious","author_link":"https:\/\/landioustravel.com\/es\/author\/"},"uagb_comment_info":3,"uagb_excerpt":"Experimente la belleza y la cultura del desierto con un programa que ofrece mucho m\u00e1s que paseos en cuatrimotos y camellos. En el impresionante resort de Sharm El-Sheikh, tendr\u00e1 la oportunidad de visitar al pueblo beduino y aprender sobre su rica y fascinante cultura. Como parte del paquete, tambi\u00e9n disfrutar\u00e1 de una cena oriental tradicional&hellip;","jetpack_sharing_enabled":true,"jetpack_likes_enabled":true,"amp_enabled":true,"_links":{"self":[{"href":"https:\/\/landioustravel.com\/es\/wp-json\/wp\/v2\/product\/2962","targetHints":{"allow":["GET"]}}],"collection":[{"href":"https:\/\/landioustravel.com\/es\/wp-json\/wp\/v2\/product"}],"about":[{"href":"https:\/\/landioustravel.com\/es\/wp-json\/wp\/v2\/types\/product"}],"replies":[{"embeddable":true,"href":"https:\/\/landioustravel.com\/es\/wp-json\/wp\/v2\/comments?post=2962"}],"wp:featuredmedia":[{"embeddable":true,"href":"https:\/\/landioustravel.com\/es\/wp-json\/wp\/v2\/media\/99614"}],"wp:attachment":[{"href":"https:\/\/landioustravel.com\/es\/wp-json\/wp\/v2\/media?parent=2962"}],"wp:term":[{"taxonomy":"product_brand","embeddable":true,"href":"https:\/\/landioustravel.com\/es\/wp-json\/wp\/v2\/product_brand?post=2962"},{"taxonomy":"product_cat","embeddable":true,"href":"https:\/\/landioustravel.com\/es\/wp-json\/wp\/v2\/product_cat?post=2962"},{"taxonomy":"product_tag","embeddable":true,"href":"https:\/\/landioustravel.com\/es\/wp-json\/wp\/v2\/product_tag?post=2962"}],"curies":[{"name":"wp","href":"https:\/\/api.w.org\/{rel}","templated":true}]}}