{"id":3004,"date":"2019-03-18T19:48:07","date_gmt":"2019-03-19T01:15:38","guid":{"rendered":"https:\/\/landioustravel.com\/?post_type=product&#038;p=3004"},"modified":"2026-03-05T19:13:56","modified_gmt":"2026-03-05T17:13:56","slug":"excursion-abu-galum-y-hole-sharm","status":"publish","type":"product","link":"https:\/\/landioustravel.com\/es\/shop\/excursion-abu-galum-y-hole-sharm\/","title":{"rendered":"Excursi\u00f3n a Abu Galum y Blue Hole desde Sharm"},"content":{"rendered":"<p>\u00a1Es una de las excursiones m\u00e1s activas en <a href=\"https:\/\/landioustravel.com\/es\/egipto\/pueblos-egipcios\/gobernacion-sur-sinai\/ciudad-sharm-sheikh\/\">Sharm El-Sheikh<\/a>! Recomendamos el viaje porque permite a los turistas realizar una variedad de actividades interesantes durante esta excursi\u00f3n. Estas actividades var\u00edan ampliamente de un viaje a la siguiente localidad cercana de Dahab, observando la naturaleza de la tierra en la pen\u00ednsula del Sina\u00ed; Para visitar el parque nacional de Abu Galum, descubrir el ca\u00f1\u00f3n, montar en camello, nadar y practicar snorkel en el Blue Hole y hacer compras en Dahab.<\/p>\n<h2>Los principales puntos del programa de excursiones a Abu Galum.<\/h2>\n<ul>\n<li>Montando camellos junto al mar.<\/li>\n<li>Luego, snorkeling en Blue Hole.<\/li>\n<li>A continuaci\u00f3n, visitando el ca\u00f1\u00f3n.<\/li>\n<li>Y m\u00e1s, tener tiempo para almorzar.<\/li>\n<li>Finalmente, comprando en Dahab.<\/li>\n<\/ul>\n<h3>El programa de excursiones Abu Galum y Blue Hole de Sharm El Sheikh<\/h3>\n<ul>\n<li>Te recogemos del hotel a las 08:00 aproximadamente.<\/li>\n<li>Despu\u00e9s de recoger a todos los reci\u00e9n llegados, el minib\u00fas \/ jeep va al parque nacional de Abu Galum. El camino hacia el parque nacional Abu Galum toma aproximadamente 90 minutos.<\/li>\n<li>Primero, tendr\u00e1s que prepararte para ponerte las gafas de sol y enrollarte una bufanda en la cabeza.<\/li>\n<li>Despu\u00e9s de eso, hay un briefing y entrenamiento por un poco de tiempo.<\/li>\n<li>Luego, comienza su programa visitando el ca\u00f1\u00f3n y disfrutando de la naturaleza monta\u00f1osa en Sina\u00ed.<\/li>\n<li>A continuaci\u00f3n, puede montar un camello por el mar. Te permitir\u00e1 disfrutar montando camellos y contemplando el mar a tu alrededor.<\/li>\n<li>Tan pronto como termine este viaje, llegar\u00e1 a la tienda beduina.<\/li>\n<li>La gu\u00eda acompa\u00f1a al pueblo beduino. Muestra c\u00f3mo los beduinos cocinan el pan y c\u00f3mo vestirse.<\/li>\n<li>El siguiente punto es maravilloso: nadar y bucear en el Blue Hole<\/li>\n<li>El almuerzo viene despu\u00e9s de esta parada en Blue Hole. Lo tendr\u00e1s en la localidad de Dahab.<\/li>\n<li>El programa contin\u00faa en Dahab haciendo compras.<\/li>\n<li>Finalmente, regresar\u00e1 a Sharm El-Sheikh despu\u00e9s de esta incre\u00edble excursi\u00f3n en Abu Galum. El programa termina alrededor de las 16:00 en Dahab.<\/li>\n<\/ul>\n<h4>Lo que est\u00e1 incluido en el costo del viaje<\/h4>\n<ul>\n<li>Cena<\/li>\n<li>Y, traslado a Abu Galum, y de regreso al hotel.<\/li>\n<\/ul>\n<h5>Lo que no est\u00e1 incluido en el costo del tour<\/h5>\n<ul>\n<li>Equipo de snorkel<\/li>\n<li>Video DVD<\/li>\n<li>Y, foto cd<\/li>\n<\/ul>\n<h6>QU\u00c9 TOMAR CON USTED PARA EL VIAJE<\/h6>\n<ul>\n<li>Bufanda<\/li>\n<li>Y gafas de sol<\/li>\n<li>Equipo de snorkel<\/li>\n<\/ul>\n<h6>D\u00cdAS DE LA ORGANIZACI\u00d3N DE EXCURSIONES<\/h6>\n<ul>\n<li>Todos los d\u00edas de 08:00 a 19:00.<\/li>\n<\/ul>\n","protected":false},"excerpt":{"rendered":"<p>\u00bfBuscas una aventura divertida y esclarecedora? \u00a1No busque m\u00e1s all\u00e1 de este incre\u00edble programa que lo lleva a Abu Galum y el Blue Hole desde Sharm El Sheikh! Nuestro equipo ofrece una variedad de actividades emocionantes que seguramente har\u00e1n que su d\u00eda sea inolvidable. Puede explorar los hermosos paisajes naturales de la pen\u00ednsula del Sina\u00ed, visitar el parque nacional Abu Galum y montar en camello, nadar y bucear en el Blue Hole e incluso hacer algunas compras en Dahab.<\/p>\n<p>Durante su viaje, podr\u00e1 visitar el Parque Nacional Coloured Canyon, donde los acantilados est\u00e1n compuestos de arenisca multicolor. Tambi\u00e9n dar\u00e1s un paseo en camello por el mar y disfrutar\u00e1s de las impresionantes vistas del mar y el desierto. Y no te olvides de hacer snorkel en la Reserva Natural de Abu Galum, donde te sorprender\u00e1 la belleza del mundo submarino del Mar Rojo.<\/p>\n<p>Los aspectos m\u00e1s destacados de nuestro programa incluyen visitar el Parque Nacional Coloured Canyon, disfrutar de un paseo en camello, bucear entre los hermosos corales de la reserva de Abu Galum, almorzar en la ciudad de Dahab y visitar el mercado en la ciudad de Dahab.<\/p>\n<p>Su recorrido comenzar\u00e1 con una recogida en su hotel y luego se dirigir\u00e1 al desierto, donde quedar\u00e1 hipnotizado por la serena belleza de los ca\u00f1ones. Tambi\u00e9n podr\u00e1 experimentar montar en camello, que es una forma \u00fanica y emocionante de explorar el desierto.<\/p>\n<p>A continuaci\u00f3n, lo llevaremos a Abu Galum &#8211; Blue Hole, donde podr\u00e1 presenciar la impresionante cueva submarina que est\u00e1 rodeada de coloridos corales y peces. Incluso puedes bucear y observar el rico mundo submarino del Mar Rojo.<\/p>\n<p>\u00a1Esperamos que lo pases muy bien y hagas recuerdos maravillosos! Despu\u00e9s de todas las aventuras, disfrutar\u00e1s de un delicioso almuerzo en un restaurante junto al mar. Y al finalizar el viaje, podr\u00e1s adquirir souvenirs para recordar este d\u00eda inolvidable.<\/p>\n","protected":false},"featured_media":99528,"comment_status":"open","ping_status":"closed","template":"","meta":{"_coblocks_attr":"","_coblocks_dimensions":"","_coblocks_responsive_height":"","_coblocks_accordion_ie_support":"","_uag_custom_page_level_css":"","jetpack_publicize_message":"","jetpack_publicize_feature_enabled":true,"jetpack_social_post_already_shared":true,"jetpack_social_options":{"image_generator_settings":{"template":"highway","default_image_id":0,"font":"","enabled":false},"version":2},"_wpas_customize_per_network":false},"product_brand":[],"product_cat":[1792,19123],"product_tag":[1799,1797,1798,1834,1813,1826,1800],"class_list":{"0":"post-3004","1":"product","2":"type-product","3":"status-publish","4":"has-post-thumbnail","6":"product_cat-excursiones-sharm-el-sheikh","7":"product_cat-tours-safari-sharm-el-sheikh","8":"product_tag-snorkel","9":"product_tag-excursion-es","10":"product_tag-mar","11":"product_tag-safari-es","12":"product_tag-safari-en-el-desierto","13":"product_tag-safari-en-jeep","14":"product_tag-sharm-el-sheikh-es","15":"pa_age-el-adulto","16":"pa_age-nino-1-4-anos","17":"pa_age-nino-5-11-anos","19":"first","20":"instock","21":"sale","22":"taxable","23":"shipping-taxable","24":"purchasable","25":"product-type-variable"},"yoast_head":"<!-- This site is optimized with the Yoast SEO Premium plugin v26.9 (Yoast SEO v27.5) - https:\/\/yoast.com\/product\/yoast-seo-premium-wordpress\/ -->\n<title>Excursi\u00f3n a Abu Galum y Blue Hole desde Sharm<\/title>\n<meta name=\"description\" content=\"Excursi\u00f3n a Abu Galum y Blue Hole desde Sharm \u00a1Es una de las excursiones m\u00e1s activas en Sharm El-Sheikh! Recomendamos el viaje porque permite a los turistas\" \/>\n<meta name=\"robots\" content=\"index, follow, max-snippet:-1, max-image-preview:large, max-video-preview:-1\" \/>\n<link rel=\"canonical\" href=\"https:\/\/landioustravel.com\/es\/shop\/excursion-abu-galum-y-hole-sharm\/\" \/>\n<meta property=\"og:locale\" content=\"es_ES\" \/>\n<meta property=\"og:type\" content=\"article\" \/>\n<meta property=\"og:title\" content=\"Excursi\u00f3n a Abu Galum y Blue Hole desde Sharm\" \/>\n<meta property=\"og:description\" content=\"Landious Travel\" \/>\n<meta property=\"og:url\" content=\"https:\/\/landioustravel.com\/es\/shop\/excursion-abu-galum-y-hole-sharm\/\" \/>\n<meta property=\"og:site_name\" content=\"Landious Travel\" \/>\n<meta property=\"article:publisher\" content=\"https:\/\/web.facebook.com\/landiousEgypt\" \/>\n<meta property=\"article:modified_time\" content=\"2026-03-05T17:13:56+00:00\" \/>\n<meta property=\"og:image\" content=\"https:\/\/i0.wp.com\/landioustravel.com\/wp-content\/uploads\/2019\/03\/Abu-Galum-Blue-Hole-Excursion-Sharm-El-Sheikh-2-e1669330135221.jpg?fit=1199%2C676&ssl=1\" \/>\n\t<meta property=\"og:image:width\" content=\"1199\" \/>\n\t<meta property=\"og:image:height\" content=\"676\" \/>\n\t<meta property=\"og:image:type\" content=\"image\/jpeg\" \/>\n<meta name=\"twitter:card\" content=\"summary_large_image\" \/>\n<meta name=\"twitter:site\" content=\"@LandiousTours\" \/>\n<meta name=\"twitter:label1\" content=\"Tiempo de lectura\" \/>\n\t<meta name=\"twitter:data1\" content=\"2 minutos\" \/>\n<script type=\"application\/ld+json\" class=\"yoast-schema-graph\">{\"@context\":\"https:\\\/\\\/schema.org\",\"@graph\":[{\"@type\":\"WebPage\",\"@id\":\"https:\\\/\\\/landioustravel.com\\\/es\\\/shop\\\/excursion-abu-galum-y-hole-sharm\\\/\",\"url\":\"https:\\\/\\\/landioustravel.com\\\/es\\\/shop\\\/excursion-abu-galum-y-hole-sharm\\\/\",\"name\":\"Excursi\u00f3n a Abu Galum y Blue Hole desde Sharm\",\"isPartOf\":{\"@id\":\"https:\\\/\\\/landioustravel.com\\\/es\\\/#website\"},\"primaryImageOfPage\":{\"@id\":\"https:\\\/\\\/landioustravel.com\\\/es\\\/shop\\\/excursion-abu-galum-y-hole-sharm\\\/#primaryimage\"},\"image\":{\"@id\":\"https:\\\/\\\/landioustravel.com\\\/es\\\/shop\\\/excursion-abu-galum-y-hole-sharm\\\/#primaryimage\"},\"thumbnailUrl\":\"https:\\\/\\\/i0.wp.com\\\/landioustravel.com\\\/wp-content\\\/uploads\\\/2019\\\/03\\\/Abu-Galum-Blue-Hole-Excursion-Sharm-El-Sheikh-2-e1669330135221.jpg?fit=1199%2C676&ssl=1\",\"datePublished\":\"2019-03-19T01:15:38+00:00\",\"dateModified\":\"2026-03-05T17:13:56+00:00\",\"description\":\"Excursi\u00f3n a Abu Galum y Blue Hole desde Sharm \u00a1Es una de las excursiones m\u00e1s activas en Sharm El-Sheikh! Recomendamos el viaje porque permite a los turistas\",\"breadcrumb\":{\"@id\":\"https:\\\/\\\/landioustravel.com\\\/es\\\/shop\\\/excursion-abu-galum-y-hole-sharm\\\/#breadcrumb\"},\"inLanguage\":\"es\",\"potentialAction\":[{\"@type\":\"ReadAction\",\"target\":[\"https:\\\/\\\/landioustravel.com\\\/es\\\/shop\\\/excursion-abu-galum-y-hole-sharm\\\/\"]}]},{\"@type\":\"ImageObject\",\"inLanguage\":\"es\",\"@id\":\"https:\\\/\\\/landioustravel.com\\\/es\\\/shop\\\/excursion-abu-galum-y-hole-sharm\\\/#primaryimage\",\"url\":\"https:\\\/\\\/i0.wp.com\\\/landioustravel.com\\\/wp-content\\\/uploads\\\/2019\\\/03\\\/Abu-Galum-Blue-Hole-Excursion-Sharm-El-Sheikh-2-e1669330135221.jpg?fit=1199%2C676&ssl=1\",\"contentUrl\":\"https:\\\/\\\/i0.wp.com\\\/landioustravel.com\\\/wp-content\\\/uploads\\\/2019\\\/03\\\/Abu-Galum-Blue-Hole-Excursion-Sharm-El-Sheikh-2-e1669330135221.jpg?fit=1199%2C676&ssl=1\",\"width\":1199,\"height\":676,\"caption\":\"Abu Galum Blue Hole Excursion Sharm El Sheikh\"},{\"@type\":\"BreadcrumbList\",\"@id\":\"https:\\\/\\\/landioustravel.com\\\/es\\\/shop\\\/excursion-abu-galum-y-hole-sharm\\\/#breadcrumb\",\"itemListElement\":[{\"@type\":\"ListItem\",\"position\":1,\"name\":\"Home\",\"item\":\"https:\\\/\\\/landioustravel.com\\\/es\\\/\"},{\"@type\":\"ListItem\",\"position\":2,\"name\":\"Servicios y Tours\",\"item\":\"https:\\\/\\\/landioustravel.com\\\/es\\\/\"},{\"@type\":\"ListItem\",\"position\":3,\"name\":\"Excursi\u00f3n a Abu Galum y Blue Hole desde Sharm\"}]},{\"@type\":\"WebSite\",\"@id\":\"https:\\\/\\\/landioustravel.com\\\/es\\\/#website\",\"url\":\"https:\\\/\\\/landioustravel.com\\\/es\\\/\",\"name\":\"Landious Travel\",\"description\":\"Tours and Excursions in Egypt\",\"publisher\":{\"@id\":\"https:\\\/\\\/landioustravel.com\\\/es\\\/#organization\"},\"potentialAction\":[{\"@type\":\"SearchAction\",\"target\":{\"@type\":\"EntryPoint\",\"urlTemplate\":\"https:\\\/\\\/landioustravel.com\\\/es\\\/?s={search_term_string}\"},\"query-input\":{\"@type\":\"PropertyValueSpecification\",\"valueRequired\":true,\"valueName\":\"search_term_string\"}}],\"inLanguage\":\"es\"},{\"@type\":[\"Organization\",\"Place\"],\"@id\":\"https:\\\/\\\/landioustravel.com\\\/es\\\/#organization\",\"name\":\"Landious Travel\",\"alternateName\":\"Landious Travel\",\"url\":\"https:\\\/\\\/landioustravel.com\\\/es\\\/\",\"logo\":{\"@id\":\"https:\\\/\\\/landioustravel.com\\\/es\\\/shop\\\/excursion-abu-galum-y-hole-sharm\\\/#local-main-organization-logo\"},\"image\":{\"@id\":\"https:\\\/\\\/landioustravel.com\\\/es\\\/shop\\\/excursion-abu-galum-y-hole-sharm\\\/#local-main-organization-logo\"},\"sameAs\":[\"https:\\\/\\\/web.facebook.com\\\/landiousEgypt\",\"https:\\\/\\\/x.com\\\/LandiousTours\",\"https:\\\/\\\/mastodon.social\\\/@landious\"],\"legalName\":\"Landious Travel\",\"telephone\":[],\"openingHoursSpecification\":[{\"@type\":\"OpeningHoursSpecification\",\"dayOfWeek\":[\"Monday\",\"Tuesday\",\"Wednesday\",\"Thursday\",\"Friday\",\"Saturday\",\"Sunday\"],\"opens\":\"09:00\",\"closes\":\"17:00\"}]},{\"@type\":\"ImageObject\",\"inLanguage\":\"es\",\"@id\":\"https:\\\/\\\/landioustravel.com\\\/es\\\/shop\\\/excursion-abu-galum-y-hole-sharm\\\/#local-main-organization-logo\",\"url\":\"https:\\\/\\\/i0.wp.com\\\/landioustravel.com\\\/wp-content\\\/uploads\\\/2021\\\/06\\\/Landious-T.png?fit=500%2C500&ssl=1\",\"contentUrl\":\"https:\\\/\\\/i0.wp.com\\\/landioustravel.com\\\/wp-content\\\/uploads\\\/2021\\\/06\\\/Landious-T.png?fit=500%2C500&ssl=1\",\"width\":500,\"height\":500,\"caption\":\"Landious Travel\"}]}<\/script>\n<!-- \/ Yoast SEO Premium plugin. -->","yoast_head_json":{"title":"Excursi\u00f3n a Abu Galum y Blue Hole desde Sharm","description":"Excursi\u00f3n a Abu Galum y Blue Hole desde Sharm \u00a1Es una de las excursiones m\u00e1s activas en Sharm El-Sheikh! Recomendamos el viaje porque permite a los turistas","robots":{"index":"index","follow":"follow","max-snippet":"max-snippet:-1","max-image-preview":"max-image-preview:large","max-video-preview":"max-video-preview:-1"},"canonical":"https:\/\/landioustravel.com\/es\/shop\/excursion-abu-galum-y-hole-sharm\/","og_locale":"es_ES","og_type":"article","og_title":"Excursi\u00f3n a Abu Galum y Blue Hole desde Sharm","og_description":"Landious Travel","og_url":"https:\/\/landioustravel.com\/es\/shop\/excursion-abu-galum-y-hole-sharm\/","og_site_name":"Landious Travel","article_publisher":"https:\/\/web.facebook.com\/landiousEgypt","article_modified_time":"2026-03-05T17:13:56+00:00","og_image":[{"width":1199,"height":676,"url":"https:\/\/i0.wp.com\/landioustravel.com\/wp-content\/uploads\/2019\/03\/Abu-Galum-Blue-Hole-Excursion-Sharm-El-Sheikh-2-e1669330135221.jpg?fit=1199%2C676&ssl=1","type":"image\/jpeg"}],"twitter_card":"summary_large_image","twitter_site":"@LandiousTours","twitter_misc":{"Tiempo de lectura":"2 minutos"},"schema":{"@context":"https:\/\/schema.org","@graph":[{"@type":"WebPage","@id":"https:\/\/landioustravel.com\/es\/shop\/excursion-abu-galum-y-hole-sharm\/","url":"https:\/\/landioustravel.com\/es\/shop\/excursion-abu-galum-y-hole-sharm\/","name":"Excursi\u00f3n a Abu Galum y Blue Hole desde Sharm","isPartOf":{"@id":"https:\/\/landioustravel.com\/es\/#website"},"primaryImageOfPage":{"@id":"https:\/\/landioustravel.com\/es\/shop\/excursion-abu-galum-y-hole-sharm\/#primaryimage"},"image":{"@id":"https:\/\/landioustravel.com\/es\/shop\/excursion-abu-galum-y-hole-sharm\/#primaryimage"},"thumbnailUrl":"https:\/\/i0.wp.com\/landioustravel.com\/wp-content\/uploads\/2019\/03\/Abu-Galum-Blue-Hole-Excursion-Sharm-El-Sheikh-2-e1669330135221.jpg?fit=1199%2C676&ssl=1","datePublished":"2019-03-19T01:15:38+00:00","dateModified":"2026-03-05T17:13:56+00:00","description":"Excursi\u00f3n a Abu Galum y Blue Hole desde Sharm \u00a1Es una de las excursiones m\u00e1s activas en Sharm El-Sheikh! Recomendamos el viaje porque permite a los turistas","breadcrumb":{"@id":"https:\/\/landioustravel.com\/es\/shop\/excursion-abu-galum-y-hole-sharm\/#breadcrumb"},"inLanguage":"es","potentialAction":[{"@type":"ReadAction","target":["https:\/\/landioustravel.com\/es\/shop\/excursion-abu-galum-y-hole-sharm\/"]}]},{"@type":"ImageObject","inLanguage":"es","@id":"https:\/\/landioustravel.com\/es\/shop\/excursion-abu-galum-y-hole-sharm\/#primaryimage","url":"https:\/\/i0.wp.com\/landioustravel.com\/wp-content\/uploads\/2019\/03\/Abu-Galum-Blue-Hole-Excursion-Sharm-El-Sheikh-2-e1669330135221.jpg?fit=1199%2C676&ssl=1","contentUrl":"https:\/\/i0.wp.com\/landioustravel.com\/wp-content\/uploads\/2019\/03\/Abu-Galum-Blue-Hole-Excursion-Sharm-El-Sheikh-2-e1669330135221.jpg?fit=1199%2C676&ssl=1","width":1199,"height":676,"caption":"Abu Galum Blue Hole Excursion Sharm El Sheikh"},{"@type":"BreadcrumbList","@id":"https:\/\/landioustravel.com\/es\/shop\/excursion-abu-galum-y-hole-sharm\/#breadcrumb","itemListElement":[{"@type":"ListItem","position":1,"name":"Home","item":"https:\/\/landioustravel.com\/es\/"},{"@type":"ListItem","position":2,"name":"Servicios y Tours","item":"https:\/\/landioustravel.com\/es\/"},{"@type":"ListItem","position":3,"name":"Excursi\u00f3n a Abu Galum y Blue Hole desde Sharm"}]},{"@type":"WebSite","@id":"https:\/\/landioustravel.com\/es\/#website","url":"https:\/\/landioustravel.com\/es\/","name":"Landious Travel","description":"Tours and Excursions in Egypt","publisher":{"@id":"https:\/\/landioustravel.com\/es\/#organization"},"potentialAction":[{"@type":"SearchAction","target":{"@type":"EntryPoint","urlTemplate":"https:\/\/landioustravel.com\/es\/?s={search_term_string}"},"query-input":{"@type":"PropertyValueSpecification","valueRequired":true,"valueName":"search_term_string"}}],"inLanguage":"es"},{"@type":["Organization","Place"],"@id":"https:\/\/landioustravel.com\/es\/#organization","name":"Landious Travel","alternateName":"Landious Travel","url":"https:\/\/landioustravel.com\/es\/","logo":{"@id":"https:\/\/landioustravel.com\/es\/shop\/excursion-abu-galum-y-hole-sharm\/#local-main-organization-logo"},"image":{"@id":"https:\/\/landioustravel.com\/es\/shop\/excursion-abu-galum-y-hole-sharm\/#local-main-organization-logo"},"sameAs":["https:\/\/web.facebook.com\/landiousEgypt","https:\/\/x.com\/LandiousTours","https:\/\/mastodon.social\/@landious"],"legalName":"Landious Travel","telephone":[],"openingHoursSpecification":[{"@type":"OpeningHoursSpecification","dayOfWeek":["Monday","Tuesday","Wednesday","Thursday","Friday","Saturday","Sunday"],"opens":"09:00","closes":"17:00"}]},{"@type":"ImageObject","inLanguage":"es","@id":"https:\/\/landioustravel.com\/es\/shop\/excursion-abu-galum-y-hole-sharm\/#local-main-organization-logo","url":"https:\/\/i0.wp.com\/landioustravel.com\/wp-content\/uploads\/2021\/06\/Landious-T.png?fit=500%2C500&ssl=1","contentUrl":"https:\/\/i0.wp.com\/landioustravel.com\/wp-content\/uploads\/2021\/06\/Landious-T.png?fit=500%2C500&ssl=1","width":500,"height":500,"caption":"Landious Travel"}]}},"jetpack_publicize_connections":[],"uagb_featured_image_src":{"full":["https:\/\/i0.wp.com\/landioustravel.com\/wp-content\/uploads\/2019\/03\/Abu-Galum-Blue-Hole-Excursion-Sharm-El-Sheikh-2-e1669330135221.jpg?fit=1199%2C676&ssl=1",1199,676,false],"thumbnail":["https:\/\/i0.wp.com\/landioustravel.com\/wp-content\/uploads\/2019\/03\/Abu-Galum-Blue-Hole-Excursion-Sharm-El-Sheikh-2-e1669330135221.jpg?resize=150%2C150&ssl=1",150,150,true],"medium":["https:\/\/i0.wp.com\/landioustravel.com\/wp-content\/uploads\/2019\/03\/Abu-Galum-Blue-Hole-Excursion-Sharm-El-Sheikh-2-e1669330135221.jpg?fit=300%2C169&ssl=1",300,169,true],"medium_large":["https:\/\/i0.wp.com\/landioustravel.com\/wp-content\/uploads\/2019\/03\/Abu-Galum-Blue-Hole-Excursion-Sharm-El-Sheikh-2-e1669330135221.jpg?fit=768%2C433&ssl=1",768,433,true],"large":["https:\/\/i0.wp.com\/landioustravel.com\/wp-content\/uploads\/2019\/03\/Abu-Galum-Blue-Hole-Excursion-Sharm-El-Sheikh-2-e1669330135221.jpg?fit=980%2C552&ssl=1",980,552,true],"1536x1536":["https:\/\/i0.wp.com\/landioustravel.com\/wp-content\/uploads\/2019\/03\/Abu-Galum-Blue-Hole-Excursion-Sharm-El-Sheikh-2-e1669330135221.jpg?fit=1199%2C676&ssl=1",1199,676,true],"2048x2048":["https:\/\/i0.wp.com\/landioustravel.com\/wp-content\/uploads\/2019\/03\/Abu-Galum-Blue-Hole-Excursion-Sharm-El-Sheikh-2-e1669330135221.jpg?fit=1199%2C676&ssl=1",1199,676,true],"newspack-article-block-landscape-large":["https:\/\/i0.wp.com\/landioustravel.com\/wp-content\/uploads\/2019\/03\/Abu-Galum-Blue-Hole-Excursion-Sharm-El-Sheikh-2-e1669330135221.jpg?resize=1199%2C676&ssl=1",1199,676,true],"newspack-article-block-portrait-large":["https:\/\/i0.wp.com\/landioustravel.com\/wp-content\/uploads\/2019\/03\/Abu-Galum-Blue-Hole-Excursion-Sharm-El-Sheikh-2-e1669330135221.jpg?resize=900%2C676&ssl=1",900,676,true],"newspack-article-block-square-large":["https:\/\/i0.wp.com\/landioustravel.com\/wp-content\/uploads\/2019\/03\/Abu-Galum-Blue-Hole-Excursion-Sharm-El-Sheikh-2-e1669330135221.jpg?resize=1199%2C676&ssl=1",1199,676,true],"newspack-article-block-landscape-medium":["https:\/\/i0.wp.com\/landioustravel.com\/wp-content\/uploads\/2019\/03\/Abu-Galum-Blue-Hole-Excursion-Sharm-El-Sheikh-2-e1669330135221.jpg?resize=800%2C600&ssl=1",800,600,true],"newspack-article-block-portrait-medium":["https:\/\/i0.wp.com\/landioustravel.com\/wp-content\/uploads\/2019\/03\/Abu-Galum-Blue-Hole-Excursion-Sharm-El-Sheikh-2-e1669330135221.jpg?resize=600%2C676&ssl=1",600,676,true],"newspack-article-block-square-medium":["https:\/\/i0.wp.com\/landioustravel.com\/wp-content\/uploads\/2019\/03\/Abu-Galum-Blue-Hole-Excursion-Sharm-El-Sheikh-2-e1669330135221.jpg?resize=800%2C676&ssl=1",800,676,true],"newspack-article-block-landscape-intermediate":["https:\/\/i0.wp.com\/landioustravel.com\/wp-content\/uploads\/2019\/03\/Abu-Galum-Blue-Hole-Excursion-Sharm-El-Sheikh-2-e1669330135221.jpg?resize=600%2C450&ssl=1",600,450,true],"newspack-article-block-portrait-intermediate":["https:\/\/i0.wp.com\/landioustravel.com\/wp-content\/uploads\/2019\/03\/Abu-Galum-Blue-Hole-Excursion-Sharm-El-Sheikh-2-e1669330135221.jpg?resize=450%2C600&ssl=1",450,600,true],"newspack-article-block-square-intermediate":["https:\/\/i0.wp.com\/landioustravel.com\/wp-content\/uploads\/2019\/03\/Abu-Galum-Blue-Hole-Excursion-Sharm-El-Sheikh-2-e1669330135221.jpg?resize=600%2C600&ssl=1",600,600,true],"newspack-article-block-landscape-small":["https:\/\/i0.wp.com\/landioustravel.com\/wp-content\/uploads\/2019\/03\/Abu-Galum-Blue-Hole-Excursion-Sharm-El-Sheikh-2-e1669330135221.jpg?resize=400%2C300&ssl=1",400,300,true],"newspack-article-block-portrait-small":["https:\/\/i0.wp.com\/landioustravel.com\/wp-content\/uploads\/2019\/03\/Abu-Galum-Blue-Hole-Excursion-Sharm-El-Sheikh-2-e1669330135221.jpg?resize=300%2C400&ssl=1",300,400,true],"newspack-article-block-square-small":["https:\/\/i0.wp.com\/landioustravel.com\/wp-content\/uploads\/2019\/03\/Abu-Galum-Blue-Hole-Excursion-Sharm-El-Sheikh-2-e1669330135221.jpg?resize=400%2C400&ssl=1",400,400,true],"newspack-article-block-landscape-tiny":["https:\/\/i0.wp.com\/landioustravel.com\/wp-content\/uploads\/2019\/03\/Abu-Galum-Blue-Hole-Excursion-Sharm-El-Sheikh-2-e1669330135221.jpg?resize=200%2C150&ssl=1",200,150,true],"newspack-article-block-portrait-tiny":["https:\/\/i0.wp.com\/landioustravel.com\/wp-content\/uploads\/2019\/03\/Abu-Galum-Blue-Hole-Excursion-Sharm-El-Sheikh-2-e1669330135221.jpg?resize=150%2C200&ssl=1",150,200,true],"newspack-article-block-square-tiny":["https:\/\/i0.wp.com\/landioustravel.com\/wp-content\/uploads\/2019\/03\/Abu-Galum-Blue-Hole-Excursion-Sharm-El-Sheikh-2-e1669330135221.jpg?resize=200%2C200&ssl=1",200,200,true],"newspack-article-block-uncropped":["https:\/\/i0.wp.com\/landioustravel.com\/wp-content\/uploads\/2019\/03\/Abu-Galum-Blue-Hole-Excursion-Sharm-El-Sheikh-2-e1669330135221.jpg?fit=1199%2C676&ssl=1",1199,676,true],"woocommerce_thumbnail":["https:\/\/i0.wp.com\/landioustravel.com\/wp-content\/uploads\/2019\/03\/Abu-Galum-Blue-Hole-Excursion-Sharm-El-Sheikh-2-e1669330135221.jpg?resize=324%2C324&ssl=1",324,324,true],"woocommerce_single":["https:\/\/i0.wp.com\/landioustravel.com\/wp-content\/uploads\/2019\/03\/Abu-Galum-Blue-Hole-Excursion-Sharm-El-Sheikh-2-e1669330135221.jpg?fit=416%2C235&ssl=1",416,235,true],"woocommerce_gallery_thumbnail":["https:\/\/i0.wp.com\/landioustravel.com\/wp-content\/uploads\/2019\/03\/Abu-Galum-Blue-Hole-Excursion-Sharm-El-Sheikh-2-e1669330135221.jpg?resize=100%2C100&ssl=1",100,100,true]},"uagb_author_info":{"display_name":"Mofreh Landious","author_link":"https:\/\/landioustravel.com\/es\/author\/"},"uagb_comment_info":2,"uagb_excerpt":"\u00bfBuscas una aventura divertida y esclarecedora? \u00a1No busque m\u00e1s all\u00e1 de este incre\u00edble programa que lo lleva a Abu Galum y el Blue Hole desde Sharm El Sheikh! Nuestro equipo ofrece una variedad de actividades emocionantes que seguramente har\u00e1n que su d\u00eda sea inolvidable. Puede explorar los hermosos paisajes naturales de la pen\u00ednsula del Sina\u00ed,&hellip;","jetpack_sharing_enabled":true,"jetpack_likes_enabled":true,"amp_enabled":true,"_links":{"self":[{"href":"https:\/\/landioustravel.com\/es\/wp-json\/wp\/v2\/product\/3004","targetHints":{"allow":["GET"]}}],"collection":[{"href":"https:\/\/landioustravel.com\/es\/wp-json\/wp\/v2\/product"}],"about":[{"href":"https:\/\/landioustravel.com\/es\/wp-json\/wp\/v2\/types\/product"}],"replies":[{"embeddable":true,"href":"https:\/\/landioustravel.com\/es\/wp-json\/wp\/v2\/comments?post=3004"}],"wp:featuredmedia":[{"embeddable":true,"href":"https:\/\/landioustravel.com\/es\/wp-json\/wp\/v2\/media\/99528"}],"wp:attachment":[{"href":"https:\/\/landioustravel.com\/es\/wp-json\/wp\/v2\/media?parent=3004"}],"wp:term":[{"taxonomy":"product_brand","embeddable":true,"href":"https:\/\/landioustravel.com\/es\/wp-json\/wp\/v2\/product_brand?post=3004"},{"taxonomy":"product_cat","embeddable":true,"href":"https:\/\/landioustravel.com\/es\/wp-json\/wp\/v2\/product_cat?post=3004"},{"taxonomy":"product_tag","embeddable":true,"href":"https:\/\/landioustravel.com\/es\/wp-json\/wp\/v2\/product_tag?post=3004"}],"curies":[{"name":"wp","href":"https:\/\/api.w.org\/{rel}","templated":true}]}}