{"id":3796,"date":"2019-04-05T17:41:30","date_gmt":"2019-04-05T15:41:32","guid":{"rendered":"https:\/\/landioustravel.com\/?post_type=product&#038;p=3796"},"modified":"2024-04-23T19:13:55","modified_gmt":"2024-04-23T17:13:55","slug":"excursion-individual-el-cairo-hurghada","status":"publish","type":"product","link":"https:\/\/landioustravel.com\/es\/shop\/excursion-individual-el-cairo-hurghada\/","title":{"rendered":"Excursi\u00f3n individual a El Cairo desde Hurghada"},"content":{"rendered":"<p>\u00a1Un maravilloso viaje privado a <a href=\"https:\/\/landioustravel.com\/es\/egipto\/pueblos-egipcios\/gobernacion-cairo\/\">El Cairo<\/a> desde el resort de Hurghada! Recomendamos la excursi\u00f3n debido a que permite a los turistas ver las vistas m\u00e1s impresionantes construidas durante el antiguo Egipto y aprender m\u00e1s sobre la historia del pa\u00eds.<\/p>\n<h2>Principales puntos del programa de excursiones en el Cairo<\/h2>\n<ul>\n<li>Visita al Museo Egipcio de El Cairo.<\/li>\n<li>Almuerzo<\/li>\n<li>Visita las tres pir\u00e1mides en Giza<\/li>\n<li>Y, la Gran Esfinge en el complejo piramidal.<\/li>\n<\/ul>\n<h3>Programa de la excursi\u00f3n a El Cairo-Giza desde Hurghada<\/h3>\n<ul>\n<li>Recojo del hotel alrededor de las 02:00 de la ma\u00f1ana.<\/li>\n<li>Despu\u00e9s de recogerlo, su veh\u00edculo privado (limusina o minib\u00fas) sale a El Cairo y pasa por la ciudad de Ras Ghareb, Zafarana, Ain Sokhna y Suez. Todas estas ciudades est\u00e1n al norte de Hurghada, en la costa del Mar Rojo. El camino, desde el centro de Hurghada a El Cairo, toma aproximadamente 6 horas.<\/li>\n<\/ul>\n<h4>Programa en el Cairo<\/h4>\n<ul>\n<li>Apenas llegas a El Cairo, te mostramos el Museo Egipcio. Su gu\u00eda tendr\u00e1 la tarea de mostrar las maravillosas exposiciones de este museo y dar tiempo libre para tomar fotograf\u00edas.<\/li>\n<li>Despu\u00e9s de visitar el Museo Egipcio en El Cairo, puede optar por realizar el viaje en barco por el Nilo. Este es un programa adicional por cargo extra! Tan pronto como termina el paseo en bote por el Nilo, se dirigir\u00e1 a otra ciudad _ Giza<\/li>\n<\/ul>\n<h4>Programa en Giza<\/h4>\n<ul>\n<li>El viaje contin\u00faa en Giza. La primera parada, all\u00ed, ser\u00e1 en el restaurante. Ofrece un buffet<\/li>\n<li>Despu\u00e9s del almuerzo, dir\u00edjase al complejo de la pir\u00e1mide, donde hay tres grandes pir\u00e1mides y Esfinge. Tu gu\u00eda los muestra y da tiempo libre para tomar una foto.<\/li>\n<li>Usted regresa a Hurghada despu\u00e9s de un programa de este tipo en las maravillosas ciudades de El Cairo y Giza.<\/li>\n<\/ul>\n<h4>Lo que est\u00e1 incluido en el precio del tour<\/h4>\n<ul>\n<li>Entradas para visitar los templos<\/li>\n<li>Almuerzo<\/li>\n<li>Las bebidas<\/li>\n<li>Gu\u00eda privado<\/li>\n<li>Veh\u00edculo privado con aire acondicionado.<\/li>\n<\/ul>\n<h5>Lo que no est\u00e1 incluido en el precio del tour<\/h5>\n<ul>\n<li>Programas adicionales si no est\u00e1n incluidos en el programa anterior<\/li>\n<\/ul>\n<h6>QU\u00c9 TOMAR CON USTED PARA EL VIAJE<\/h6>\n<ul>\n<li>Caja de desayuno<\/li>\n<li>Ropa para la temporada.<\/li>\n<\/ul>\n<h6>D\u00cdAS DE LA ORGANIZACI\u00d3N DE EXCURSIONES<\/h6>\n<ul>\n<li>Diariamente de 02: 00-22: 00.<\/li>\n<\/ul>\n","protected":false},"excerpt":{"rendered":"<p>Entendemos que est\u00e1 interesado en ver las tres pir\u00e1mides de Giza y la Gran Esfinge durante su viaje individual a El Cairo desde Hurghada. Estamos aqu\u00ed para asegurarnos de que tenga una experiencia segura y agradable. Despu\u00e9s de visitar estos incre\u00edbles lugares de inter\u00e9s, tendr\u00e1 la oportunidad de relajarse y disfrutar de un delicioso almuerzo antes de dirigirse al Museo Egipcio. Para rematar el d\u00eda, hemos incluido un paseo en barco por el Nilo como programa adicional. Nuestro precio de viaje incluye traslados privados, entradas y almuerzo, as\u00ed que no tendr\u00e1s que preocuparte por nada. Nuestra visita guiada de un d\u00eda completo a El Cairo y las pir\u00e1mides de Giza es perfecta para los viajeros con un horario apretado que desean ver los principales lugares de inter\u00e9s de la capital de Egipto, repleta de historia. Su propia gu\u00eda egipt\u00f3loga le brindar\u00e1 historias fascinantes de miles de a\u00f1os de historia, y hemos incluido tiempo libre para tomar fotos en las pir\u00e1mides de Giza y la Esfinge. Tambi\u00e9n podr\u00e1 echar un vistazo a las famosas reliquias del rey Tutankam\u00f3n en el Museo Egipcio de renombre mundial y disfrutar de un sabroso almuerzo en un restaurante. Nuestro representante lo recoger\u00e1 a las 3:00 a. m. en el lobby de su hotel en Hurghada, y le recomendamos que pida una caja de desayuno antes de acostarse para que pueda disfrutarlo durante el viaje de cuatro horas a El Cairo. A su llegada, su gu\u00eda lo acompa\u00f1ar\u00e1 durante el d\u00eda, asegur\u00e1ndose de que tenga una experiencia c\u00f3moda y sin estr\u00e9s. La meseta de Giza es una vista realmente abrumadora, y queremos asegurarnos de que tenga tiempo para asimilarlo todo. El Museo Egipcio es uno de los museos m\u00e1s grandes del mundo, y nuestro gu\u00eda le brindar\u00e1 informaci\u00f3n sobre la fascinante colecci\u00f3n de m\u00e1s de 120 mil piezas. El museo tiene vista a la plaza Al Tahrir, que fue testigo de la revoluci\u00f3n egipcia en 2011 y su segunda ola en 2013. Entendemos que este viaje es importante para usted y estamos comprometidos a que sea una experiencia memorable y placentera.<\/p>\n","protected":false},"featured_media":143360,"comment_status":"open","ping_status":"closed","template":"","meta":{"_coblocks_attr":"","_coblocks_dimensions":"","_coblocks_responsive_height":"","_coblocks_accordion_ie_support":"","_uag_custom_page_level_css":"","jetpack_post_was_ever_published":false,"jetpack_publicize_message":"","jetpack_publicize_feature_enabled":true,"jetpack_social_post_already_shared":true,"jetpack_social_options":{"image_generator_settings":{"template":"highway","default_image_id":0,"font":"","enabled":false},"version":2},"_wpas_customize_per_network":false},"product_brand":[],"product_cat":[1789,8568],"product_tag":[1804,1806,1797,2147,1805,9907],"class_list":{"0":"post-3796","1":"product","2":"type-product","3":"status-publish","4":"has-post-thumbnail","6":"product_cat-excursiones-historicas-hurghada","7":"product_cat-excursiones-individuales-hurghada","8":"product_tag-el-cairo","9":"product_tag-esfinge","10":"product_tag-excursion-es","11":"product_tag-excursiones-desde-hurghada","12":"product_tag-piramides","13":"product_tag-turismo","15":"first","16":"instock","17":"sale","18":"purchasable","19":"product-type-variable"},"yoast_head":"<!-- This site is optimized with the Yoast SEO Premium plugin v26.9 (Yoast SEO v27.3) - https:\/\/yoast.com\/product\/yoast-seo-premium-wordpress\/ -->\n<title>Excursi\u00f3n individual a El Cairo desde Hurghada<\/title>\n<meta name=\"description\" content=\"Excursi\u00f3n individual a El Cairo desde Hurghada Se dirige a las tres grandes pir\u00e1mides, y la Gran Esfinge en Giza, y el Museo Egipcio en El Cairo.\" \/>\n<meta name=\"robots\" content=\"index, follow, max-snippet:-1, max-image-preview:large, max-video-preview:-1\" \/>\n<link rel=\"canonical\" href=\"https:\/\/landioustravel.com\/es\/shop\/excursion-individual-el-cairo-hurghada\/\" \/>\n<meta property=\"og:locale\" content=\"es_ES\" \/>\n<meta property=\"og:type\" content=\"article\" \/>\n<meta property=\"og:title\" content=\"Excursi\u00f3n individual a El Cairo desde Hurghada\" \/>\n<meta property=\"og:description\" content=\"Landious Travel\" \/>\n<meta property=\"og:url\" content=\"https:\/\/landioustravel.com\/es\/shop\/excursion-individual-el-cairo-hurghada\/\" \/>\n<meta property=\"og:site_name\" content=\"Landious Travel\" \/>\n<meta property=\"article:publisher\" content=\"https:\/\/web.facebook.com\/landiousEgypt\" \/>\n<meta property=\"article:modified_time\" content=\"2024-04-23T17:13:55+00:00\" \/>\n<meta property=\"og:image\" content=\"https:\/\/i0.wp.com\/landioustravel.com\/wp-content\/uploads\/2019\/04\/Cairo-Individual-Trip-Hurghada-1-e1673840237170.jpg?fit=1200%2C675&ssl=1\" \/>\n\t<meta property=\"og:image:width\" content=\"1200\" \/>\n\t<meta property=\"og:image:height\" content=\"675\" \/>\n\t<meta property=\"og:image:type\" content=\"image\/jpeg\" \/>\n<meta name=\"twitter:card\" content=\"summary_large_image\" \/>\n<meta name=\"twitter:site\" content=\"@LandiousTours\" \/>\n<meta name=\"twitter:label1\" content=\"Tiempo de lectura\" \/>\n\t<meta name=\"twitter:data1\" content=\"2 minutos\" \/>\n<script type=\"application\/ld+json\" class=\"yoast-schema-graph\">{\"@context\":\"https:\\\/\\\/schema.org\",\"@graph\":[{\"@type\":\"WebPage\",\"@id\":\"https:\\\/\\\/landioustravel.com\\\/es\\\/shop\\\/excursion-individual-el-cairo-hurghada\\\/\",\"url\":\"https:\\\/\\\/landioustravel.com\\\/es\\\/shop\\\/excursion-individual-el-cairo-hurghada\\\/\",\"name\":\"Excursi\u00f3n individual a El Cairo desde Hurghada\",\"isPartOf\":{\"@id\":\"https:\\\/\\\/landioustravel.com\\\/es\\\/#website\"},\"primaryImageOfPage\":{\"@id\":\"https:\\\/\\\/landioustravel.com\\\/es\\\/shop\\\/excursion-individual-el-cairo-hurghada\\\/#primaryimage\"},\"image\":{\"@id\":\"https:\\\/\\\/landioustravel.com\\\/es\\\/shop\\\/excursion-individual-el-cairo-hurghada\\\/#primaryimage\"},\"thumbnailUrl\":\"https:\\\/\\\/i0.wp.com\\\/landioustravel.com\\\/wp-content\\\/uploads\\\/2019\\\/04\\\/Cairo-Individual-Trip-Hurghada-1-e1673840237170.jpg?fit=1200%2C675&ssl=1\",\"datePublished\":\"2019-04-05T15:41:32+00:00\",\"dateModified\":\"2024-04-23T17:13:55+00:00\",\"description\":\"Excursi\u00f3n individual a El Cairo desde Hurghada Se dirige a las tres grandes pir\u00e1mides, y la Gran Esfinge en Giza, y el Museo Egipcio en El Cairo.\",\"breadcrumb\":{\"@id\":\"https:\\\/\\\/landioustravel.com\\\/es\\\/shop\\\/excursion-individual-el-cairo-hurghada\\\/#breadcrumb\"},\"inLanguage\":\"es\",\"potentialAction\":[{\"@type\":\"ReadAction\",\"target\":[\"https:\\\/\\\/landioustravel.com\\\/es\\\/shop\\\/excursion-individual-el-cairo-hurghada\\\/\"]}]},{\"@type\":\"ImageObject\",\"inLanguage\":\"es\",\"@id\":\"https:\\\/\\\/landioustravel.com\\\/es\\\/shop\\\/excursion-individual-el-cairo-hurghada\\\/#primaryimage\",\"url\":\"https:\\\/\\\/i0.wp.com\\\/landioustravel.com\\\/wp-content\\\/uploads\\\/2019\\\/04\\\/Cairo-Individual-Trip-Hurghada-1-e1673840237170.jpg?fit=1200%2C675&ssl=1\",\"contentUrl\":\"https:\\\/\\\/i0.wp.com\\\/landioustravel.com\\\/wp-content\\\/uploads\\\/2019\\\/04\\\/Cairo-Individual-Trip-Hurghada-1-e1673840237170.jpg?fit=1200%2C675&ssl=1\",\"width\":1200,\"height\":675,\"caption\":\"Cairo Individual Trip Hurghada\"},{\"@type\":\"BreadcrumbList\",\"@id\":\"https:\\\/\\\/landioustravel.com\\\/es\\\/shop\\\/excursion-individual-el-cairo-hurghada\\\/#breadcrumb\",\"itemListElement\":[{\"@type\":\"ListItem\",\"position\":1,\"name\":\"Home\",\"item\":\"https:\\\/\\\/landioustravel.com\\\/es\\\/\"},{\"@type\":\"ListItem\",\"position\":2,\"name\":\"Servicios y Tours\",\"item\":\"https:\\\/\\\/landioustravel.com\\\/es\\\/\"},{\"@type\":\"ListItem\",\"position\":3,\"name\":\"Excursi\u00f3n individual a El Cairo desde Hurghada\"}]},{\"@type\":\"WebSite\",\"@id\":\"https:\\\/\\\/landioustravel.com\\\/es\\\/#website\",\"url\":\"https:\\\/\\\/landioustravel.com\\\/es\\\/\",\"name\":\"Landious Travel\",\"description\":\"Tours and Excursions in Egypt\",\"publisher\":{\"@id\":\"https:\\\/\\\/landioustravel.com\\\/es\\\/#organization\"},\"potentialAction\":[{\"@type\":\"SearchAction\",\"target\":{\"@type\":\"EntryPoint\",\"urlTemplate\":\"https:\\\/\\\/landioustravel.com\\\/es\\\/?s={search_term_string}\"},\"query-input\":{\"@type\":\"PropertyValueSpecification\",\"valueRequired\":true,\"valueName\":\"search_term_string\"}}],\"inLanguage\":\"es\"},{\"@type\":[\"Organization\",\"Place\"],\"@id\":\"https:\\\/\\\/landioustravel.com\\\/es\\\/#organization\",\"name\":\"Landious Travel\",\"alternateName\":\"Landious Travel\",\"url\":\"https:\\\/\\\/landioustravel.com\\\/es\\\/\",\"logo\":{\"@id\":\"https:\\\/\\\/landioustravel.com\\\/es\\\/shop\\\/excursion-individual-el-cairo-hurghada\\\/#local-main-organization-logo\"},\"image\":{\"@id\":\"https:\\\/\\\/landioustravel.com\\\/es\\\/shop\\\/excursion-individual-el-cairo-hurghada\\\/#local-main-organization-logo\"},\"sameAs\":[\"https:\\\/\\\/web.facebook.com\\\/landiousEgypt\",\"https:\\\/\\\/x.com\\\/LandiousTours\",\"https:\\\/\\\/mastodon.social\\\/@landious\"],\"legalName\":\"Landious Travel\",\"telephone\":[],\"openingHoursSpecification\":[{\"@type\":\"OpeningHoursSpecification\",\"dayOfWeek\":[\"Monday\",\"Tuesday\",\"Wednesday\",\"Thursday\",\"Friday\",\"Saturday\",\"Sunday\"],\"opens\":\"09:00\",\"closes\":\"17:00\"}]},{\"@type\":\"ImageObject\",\"inLanguage\":\"es\",\"@id\":\"https:\\\/\\\/landioustravel.com\\\/es\\\/shop\\\/excursion-individual-el-cairo-hurghada\\\/#local-main-organization-logo\",\"url\":\"https:\\\/\\\/i0.wp.com\\\/landioustravel.com\\\/wp-content\\\/uploads\\\/2021\\\/06\\\/Landious-T.png?fit=500%2C500&ssl=1\",\"contentUrl\":\"https:\\\/\\\/i0.wp.com\\\/landioustravel.com\\\/wp-content\\\/uploads\\\/2021\\\/06\\\/Landious-T.png?fit=500%2C500&ssl=1\",\"width\":500,\"height\":500,\"caption\":\"Landious Travel\"}]}<\/script>\n<!-- \/ Yoast SEO Premium plugin. -->","yoast_head_json":{"title":"Excursi\u00f3n individual a El Cairo desde Hurghada","description":"Excursi\u00f3n individual a El Cairo desde Hurghada Se dirige a las tres grandes pir\u00e1mides, y la Gran Esfinge en Giza, y el Museo Egipcio en El Cairo.","robots":{"index":"index","follow":"follow","max-snippet":"max-snippet:-1","max-image-preview":"max-image-preview:large","max-video-preview":"max-video-preview:-1"},"canonical":"https:\/\/landioustravel.com\/es\/shop\/excursion-individual-el-cairo-hurghada\/","og_locale":"es_ES","og_type":"article","og_title":"Excursi\u00f3n individual a El Cairo desde Hurghada","og_description":"Landious Travel","og_url":"https:\/\/landioustravel.com\/es\/shop\/excursion-individual-el-cairo-hurghada\/","og_site_name":"Landious Travel","article_publisher":"https:\/\/web.facebook.com\/landiousEgypt","article_modified_time":"2024-04-23T17:13:55+00:00","og_image":[{"width":1200,"height":675,"url":"https:\/\/i0.wp.com\/landioustravel.com\/wp-content\/uploads\/2019\/04\/Cairo-Individual-Trip-Hurghada-1-e1673840237170.jpg?fit=1200%2C675&ssl=1","type":"image\/jpeg"}],"twitter_card":"summary_large_image","twitter_site":"@LandiousTours","twitter_misc":{"Tiempo de lectura":"2 minutos"},"schema":{"@context":"https:\/\/schema.org","@graph":[{"@type":"WebPage","@id":"https:\/\/landioustravel.com\/es\/shop\/excursion-individual-el-cairo-hurghada\/","url":"https:\/\/landioustravel.com\/es\/shop\/excursion-individual-el-cairo-hurghada\/","name":"Excursi\u00f3n individual a El Cairo desde Hurghada","isPartOf":{"@id":"https:\/\/landioustravel.com\/es\/#website"},"primaryImageOfPage":{"@id":"https:\/\/landioustravel.com\/es\/shop\/excursion-individual-el-cairo-hurghada\/#primaryimage"},"image":{"@id":"https:\/\/landioustravel.com\/es\/shop\/excursion-individual-el-cairo-hurghada\/#primaryimage"},"thumbnailUrl":"https:\/\/i0.wp.com\/landioustravel.com\/wp-content\/uploads\/2019\/04\/Cairo-Individual-Trip-Hurghada-1-e1673840237170.jpg?fit=1200%2C675&ssl=1","datePublished":"2019-04-05T15:41:32+00:00","dateModified":"2024-04-23T17:13:55+00:00","description":"Excursi\u00f3n individual a El Cairo desde Hurghada Se dirige a las tres grandes pir\u00e1mides, y la Gran Esfinge en Giza, y el Museo Egipcio en El Cairo.","breadcrumb":{"@id":"https:\/\/landioustravel.com\/es\/shop\/excursion-individual-el-cairo-hurghada\/#breadcrumb"},"inLanguage":"es","potentialAction":[{"@type":"ReadAction","target":["https:\/\/landioustravel.com\/es\/shop\/excursion-individual-el-cairo-hurghada\/"]}]},{"@type":"ImageObject","inLanguage":"es","@id":"https:\/\/landioustravel.com\/es\/shop\/excursion-individual-el-cairo-hurghada\/#primaryimage","url":"https:\/\/i0.wp.com\/landioustravel.com\/wp-content\/uploads\/2019\/04\/Cairo-Individual-Trip-Hurghada-1-e1673840237170.jpg?fit=1200%2C675&ssl=1","contentUrl":"https:\/\/i0.wp.com\/landioustravel.com\/wp-content\/uploads\/2019\/04\/Cairo-Individual-Trip-Hurghada-1-e1673840237170.jpg?fit=1200%2C675&ssl=1","width":1200,"height":675,"caption":"Cairo Individual Trip Hurghada"},{"@type":"BreadcrumbList","@id":"https:\/\/landioustravel.com\/es\/shop\/excursion-individual-el-cairo-hurghada\/#breadcrumb","itemListElement":[{"@type":"ListItem","position":1,"name":"Home","item":"https:\/\/landioustravel.com\/es\/"},{"@type":"ListItem","position":2,"name":"Servicios y Tours","item":"https:\/\/landioustravel.com\/es\/"},{"@type":"ListItem","position":3,"name":"Excursi\u00f3n individual a El Cairo desde Hurghada"}]},{"@type":"WebSite","@id":"https:\/\/landioustravel.com\/es\/#website","url":"https:\/\/landioustravel.com\/es\/","name":"Landious Travel","description":"Tours and Excursions in Egypt","publisher":{"@id":"https:\/\/landioustravel.com\/es\/#organization"},"potentialAction":[{"@type":"SearchAction","target":{"@type":"EntryPoint","urlTemplate":"https:\/\/landioustravel.com\/es\/?s={search_term_string}"},"query-input":{"@type":"PropertyValueSpecification","valueRequired":true,"valueName":"search_term_string"}}],"inLanguage":"es"},{"@type":["Organization","Place"],"@id":"https:\/\/landioustravel.com\/es\/#organization","name":"Landious Travel","alternateName":"Landious Travel","url":"https:\/\/landioustravel.com\/es\/","logo":{"@id":"https:\/\/landioustravel.com\/es\/shop\/excursion-individual-el-cairo-hurghada\/#local-main-organization-logo"},"image":{"@id":"https:\/\/landioustravel.com\/es\/shop\/excursion-individual-el-cairo-hurghada\/#local-main-organization-logo"},"sameAs":["https:\/\/web.facebook.com\/landiousEgypt","https:\/\/x.com\/LandiousTours","https:\/\/mastodon.social\/@landious"],"legalName":"Landious Travel","telephone":[],"openingHoursSpecification":[{"@type":"OpeningHoursSpecification","dayOfWeek":["Monday","Tuesday","Wednesday","Thursday","Friday","Saturday","Sunday"],"opens":"09:00","closes":"17:00"}]},{"@type":"ImageObject","inLanguage":"es","@id":"https:\/\/landioustravel.com\/es\/shop\/excursion-individual-el-cairo-hurghada\/#local-main-organization-logo","url":"https:\/\/i0.wp.com\/landioustravel.com\/wp-content\/uploads\/2021\/06\/Landious-T.png?fit=500%2C500&ssl=1","contentUrl":"https:\/\/i0.wp.com\/landioustravel.com\/wp-content\/uploads\/2021\/06\/Landious-T.png?fit=500%2C500&ssl=1","width":500,"height":500,"caption":"Landious Travel"}]}},"jetpack_publicize_connections":[],"uagb_featured_image_src":{"full":["https:\/\/i0.wp.com\/landioustravel.com\/wp-content\/uploads\/2019\/04\/Cairo-Individual-Trip-Hurghada-1-e1673840237170.jpg?fit=1200%2C675&ssl=1",1200,675,false],"thumbnail":["https:\/\/i0.wp.com\/landioustravel.com\/wp-content\/uploads\/2019\/04\/Cairo-Individual-Trip-Hurghada-1-e1673840237170.jpg?resize=150%2C150&ssl=1",150,150,true],"medium":["https:\/\/i0.wp.com\/landioustravel.com\/wp-content\/uploads\/2019\/04\/Cairo-Individual-Trip-Hurghada-1-e1673840237170.jpg?fit=300%2C169&ssl=1",300,169,true],"medium_large":["https:\/\/i0.wp.com\/landioustravel.com\/wp-content\/uploads\/2019\/04\/Cairo-Individual-Trip-Hurghada-1-e1673840237170.jpg?fit=768%2C432&ssl=1",768,432,true],"large":["https:\/\/i0.wp.com\/landioustravel.com\/wp-content\/uploads\/2019\/04\/Cairo-Individual-Trip-Hurghada-1-e1673840237170.jpg?fit=980%2C551&ssl=1",980,551,true],"1536x1536":["https:\/\/i0.wp.com\/landioustravel.com\/wp-content\/uploads\/2019\/04\/Cairo-Individual-Trip-Hurghada-1-e1673840237170.jpg?fit=1536%2C864&ssl=1",1536,864,true],"2048x2048":["https:\/\/i0.wp.com\/landioustravel.com\/wp-content\/uploads\/2019\/04\/Cairo-Individual-Trip-Hurghada-1-e1673840237170.jpg?fit=2048%2C1152&ssl=1",2048,1152,true],"newspack-article-block-landscape-large":["https:\/\/i0.wp.com\/landioustravel.com\/wp-content\/uploads\/2019\/04\/Cairo-Individual-Trip-Hurghada-1-e1673840237170.jpg?resize=1200%2C675&ssl=1",1200,675,true],"newspack-article-block-portrait-large":["https:\/\/i0.wp.com\/landioustravel.com\/wp-content\/uploads\/2019\/04\/Cairo-Individual-Trip-Hurghada-1-e1673840237170.jpg?resize=900%2C675&ssl=1",900,675,true],"newspack-article-block-square-large":["https:\/\/i0.wp.com\/landioustravel.com\/wp-content\/uploads\/2019\/04\/Cairo-Individual-Trip-Hurghada-1-e1673840237170.jpg?resize=1200%2C675&ssl=1",1200,675,true],"newspack-article-block-landscape-medium":["https:\/\/i0.wp.com\/landioustravel.com\/wp-content\/uploads\/2019\/04\/Cairo-Individual-Trip-Hurghada-1-e1673840237170.jpg?resize=800%2C600&ssl=1",800,600,true],"newspack-article-block-portrait-medium":["https:\/\/i0.wp.com\/landioustravel.com\/wp-content\/uploads\/2019\/04\/Cairo-Individual-Trip-Hurghada-1-e1673840237170.jpg?resize=600%2C675&ssl=1",600,675,true],"newspack-article-block-square-medium":["https:\/\/i0.wp.com\/landioustravel.com\/wp-content\/uploads\/2019\/04\/Cairo-Individual-Trip-Hurghada-1-e1673840237170.jpg?resize=800%2C675&ssl=1",800,675,true],"newspack-article-block-landscape-intermediate":["https:\/\/i0.wp.com\/landioustravel.com\/wp-content\/uploads\/2019\/04\/Cairo-Individual-Trip-Hurghada-1-e1673840237170.jpg?resize=600%2C450&ssl=1",600,450,true],"newspack-article-block-portrait-intermediate":["https:\/\/i0.wp.com\/landioustravel.com\/wp-content\/uploads\/2019\/04\/Cairo-Individual-Trip-Hurghada-1-e1673840237170.jpg?resize=450%2C600&ssl=1",450,600,true],"newspack-article-block-square-intermediate":["https:\/\/i0.wp.com\/landioustravel.com\/wp-content\/uploads\/2019\/04\/Cairo-Individual-Trip-Hurghada-1-e1673840237170.jpg?resize=600%2C600&ssl=1",600,600,true],"newspack-article-block-landscape-small":["https:\/\/i0.wp.com\/landioustravel.com\/wp-content\/uploads\/2019\/04\/Cairo-Individual-Trip-Hurghada-1-e1673840237170.jpg?resize=400%2C300&ssl=1",400,300,true],"newspack-article-block-portrait-small":["https:\/\/i0.wp.com\/landioustravel.com\/wp-content\/uploads\/2019\/04\/Cairo-Individual-Trip-Hurghada-1-e1673840237170.jpg?resize=300%2C400&ssl=1",300,400,true],"newspack-article-block-square-small":["https:\/\/i0.wp.com\/landioustravel.com\/wp-content\/uploads\/2019\/04\/Cairo-Individual-Trip-Hurghada-1-e1673840237170.jpg?resize=400%2C400&ssl=1",400,400,true],"newspack-article-block-landscape-tiny":["https:\/\/i0.wp.com\/landioustravel.com\/wp-content\/uploads\/2019\/04\/Cairo-Individual-Trip-Hurghada-1-e1673840237170.jpg?resize=200%2C150&ssl=1",200,150,true],"newspack-article-block-portrait-tiny":["https:\/\/i0.wp.com\/landioustravel.com\/wp-content\/uploads\/2019\/04\/Cairo-Individual-Trip-Hurghada-1-e1673840237170.jpg?resize=150%2C200&ssl=1",150,200,true],"newspack-article-block-square-tiny":["https:\/\/i0.wp.com\/landioustravel.com\/wp-content\/uploads\/2019\/04\/Cairo-Individual-Trip-Hurghada-1-e1673840237170.jpg?resize=200%2C200&ssl=1",200,200,true],"newspack-article-block-uncropped":["https:\/\/i0.wp.com\/landioustravel.com\/wp-content\/uploads\/2019\/04\/Cairo-Individual-Trip-Hurghada-1-e1673840237170.jpg?fit=1200%2C675&ssl=1",1200,675,true],"woocommerce_thumbnail":["https:\/\/i0.wp.com\/landioustravel.com\/wp-content\/uploads\/2019\/04\/Cairo-Individual-Trip-Hurghada-1-e1673840237170.jpg?resize=324%2C324&ssl=1",324,324,true],"woocommerce_single":["https:\/\/i0.wp.com\/landioustravel.com\/wp-content\/uploads\/2019\/04\/Cairo-Individual-Trip-Hurghada-1-e1673840237170.jpg?fit=416%2C234&ssl=1",416,234,true],"woocommerce_gallery_thumbnail":["https:\/\/i0.wp.com\/landioustravel.com\/wp-content\/uploads\/2019\/04\/Cairo-Individual-Trip-Hurghada-1-e1673840237170.jpg?resize=100%2C100&ssl=1",100,100,true]},"uagb_author_info":{"display_name":"Mofreh Landious","author_link":"https:\/\/landioustravel.com\/es\/author\/"},"uagb_comment_info":7,"uagb_excerpt":"Entendemos que est\u00e1 interesado en ver las tres pir\u00e1mides de Giza y la Gran Esfinge durante su viaje individual a El Cairo desde Hurghada. Estamos aqu\u00ed para asegurarnos de que tenga una experiencia segura y agradable. Despu\u00e9s de visitar estos incre\u00edbles lugares de inter\u00e9s, tendr\u00e1 la oportunidad de relajarse y disfrutar de un delicioso almuerzo&hellip;","jetpack_sharing_enabled":true,"jetpack_likes_enabled":true,"amp_enabled":true,"_links":{"self":[{"href":"https:\/\/landioustravel.com\/es\/wp-json\/wp\/v2\/product\/3796","targetHints":{"allow":["GET"]}}],"collection":[{"href":"https:\/\/landioustravel.com\/es\/wp-json\/wp\/v2\/product"}],"about":[{"href":"https:\/\/landioustravel.com\/es\/wp-json\/wp\/v2\/types\/product"}],"replies":[{"embeddable":true,"href":"https:\/\/landioustravel.com\/es\/wp-json\/wp\/v2\/comments?post=3796"}],"wp:featuredmedia":[{"embeddable":true,"href":"https:\/\/landioustravel.com\/es\/wp-json\/wp\/v2\/media\/143360"}],"wp:attachment":[{"href":"https:\/\/landioustravel.com\/es\/wp-json\/wp\/v2\/media?parent=3796"}],"wp:term":[{"taxonomy":"product_brand","embeddable":true,"href":"https:\/\/landioustravel.com\/es\/wp-json\/wp\/v2\/product_brand?post=3796"},{"taxonomy":"product_cat","embeddable":true,"href":"https:\/\/landioustravel.com\/es\/wp-json\/wp\/v2\/product_cat?post=3796"},{"taxonomy":"product_tag","embeddable":true,"href":"https:\/\/landioustravel.com\/es\/wp-json\/wp\/v2\/product_tag?post=3796"}],"curies":[{"name":"wp","href":"https:\/\/api.w.org\/{rel}","templated":true}]}}