{"id":3865,"date":"2019-04-06T21:29:39","date_gmt":"2019-04-06T19:29:41","guid":{"rendered":"https:\/\/landioustravel.com\/?post_type=product&#038;p=3865"},"modified":"2024-09-25T20:15:10","modified_gmt":"2024-09-25T17:15:10","slug":"viaje-nocturno-viejo-cairo-hurghada","status":"publish","type":"product","link":"https:\/\/landioustravel.com\/es\/shop\/viaje-nocturno-viejo-cairo-hurghada\/","title":{"rendered":"Viaje nocturno a El Cairo desde Hurghada &#8211; El viejo cairo"},"content":{"rendered":"<p>\u00a1Un maravilloso viaje de dos d\u00edas a El Cairo desde el centro tur\u00edstico de Hurghada! Recomendamos la excursi\u00f3n debido a que permite a los turistas ver las vistas m\u00e1s impresionantes construidas durante el Antiguo Egipto y la parte antigua de El Cairo. \u00a1Te permite aprender mucho sobre la historia del pa\u00eds!<\/p>\n<h2>Principales puntos del programa de excursiones en el Cairo<\/h2>\n<ul>\n<li>Visita al Museo Egipcio de El Cairo.<\/li>\n<li>Almuerzo<\/li>\n<li>Visitando las tres pir\u00e1mides en Giza<\/li>\n<li>Y, la Gran Esfinge en el complejo piramidal.<\/li>\n<li>Una noche en un hotel.<\/li>\n<li>Visitar el distrito de El Cairo antiguo con una parada en Khan El-Khalili<\/li>\n<li>Y finalmente, la ciudadela de Saladin<\/li>\n<\/ul>\n<h3>Programa de la excursi\u00f3n a El Cairo-Giza desde Hurghada<\/h3>\n<ul>\n<li>Recojo del hotel alrededor de las 02:00 de la ma\u00f1ana.<\/li>\n<li>Despu\u00e9s de recogerlo, su veh\u00edculo privado (limusina o minib\u00fas) sale a El Cairo y pasa por la ciudad de Ras Ghareb, Zafarana, Ain Sokhna y Suez. Todas estas ciudades est\u00e1n al norte de Hurghada, en la costa del Mar Rojo. El camino, desde el centro de Hurghada a El Cairo, toma aproximadamente 6 horas.<\/li>\n<\/ul>\n<h4>Programa en el Cairo<\/h4>\n<ul>\n<li>Apenas llegas a El Cairo, te mostramos el Museo Egipcio. Hay alrededor de 100 salas de exposiciones en el museo, donde hay una colecci\u00f3n \u00fanica que consta de unos 150 mil art\u00edculos. Su gu\u00eda tendr\u00e1 la tarea de mostrar las maravillosas exposiciones de este museo y dar tiempo libre para tomar fotograf\u00edas.<\/li>\n<li>Despu\u00e9s de visitar el Museo Egipcio en El Cairo, puede optar por realizar el viaje en barco por el Nilo. Este es un programa adicional por cargo extra! Tan pronto como termina el paseo en bote por el Nilo, se dirigir\u00e1 a otra ciudad _ Giza<\/li>\n<\/ul>\n<h4>Programa en Giza<\/h4>\n<ul>\n<li>El viaje contin\u00faa en Giza. La primera parada, all\u00ed, ser\u00e1 en el restaurante. Ofrece un buffet<br \/>\nDespu\u00e9s del almuerzo, dir\u00edjase al complejo de la pir\u00e1mide, donde hay tres grandes pir\u00e1mides y Esfinge. Tu gu\u00eda los muestra y da tiempo libre para tomar una foto.<\/li>\n<li>La pr\u00f3xima parada ser\u00e1 en su hotel en el Cairo. All\u00ed podr\u00e1s hacer check-in y pasar la noche.<\/li>\n<\/ul>\n<h4>Programa en El Cairo Viejo<\/h4>\n<ul>\n<li>La primera parada del segundo d\u00eda ser\u00e1 en la Ciudadela de Saladin. En esta gran ciudadela, puede visitar su famosa mezquita \u00abMohamed Ali Mosque\u00bb, y ver las fortificaciones de este lugar. Al mismo tiempo, la ubicaci\u00f3n en esta ciudadela le permite tener una vista panor\u00e1mica de toda la parte antigua de la ciudad.<\/li>\n<li>La segunda parada ser\u00e1 en el distrito de Khan El-Khalili.<\/li>\n<li>Usted regresa a Hurghada despu\u00e9s de un programa de este tipo en las maravillosas ciudades de El Cairo y Giza.<\/li>\n<\/ul>\n<h5>Lo que est\u00e1 incluido en el precio del tour<\/h5>\n<ul>\n<li>Entradas para visitar los templos.<\/li>\n<li>Almuerzo<\/li>\n<li>Las bebidas<\/li>\n<li>Gu\u00eda<\/li>\n<li>Hotel en el Cairo<\/li>\n<li>Traslado a El Cairo y regreso a Hurghada.<\/li>\n<\/ul>\n<h6>Lo que no est\u00e1 incluido en el precio del tour<\/h6>\n<ul>\n<li>Programas adicionales si no est\u00e1n incluidos en el programa anterior<br \/>\nLas bebidas<\/li>\n<\/ul>\n<h6>QU\u00c9 TOMAR CON USTED PARA EL VIAJE<\/h6>\n<ul>\n<li>Pasaporte<\/li>\n<li>Caja de desayuno<\/li>\n<li>Ropa para la temporada.<\/li>\n<\/ul>\n<h6>D\u00cdAS DE LA ORGANIZACI\u00d3N DE EXCURSIONES<\/h6>\n<ul>\n<li>Lunes de 02: 00-22: 00 siguiente d\u00eda<\/li>\n<li>Martes de 02:00 a 22:00 del d\u00eda siguiente.<\/li>\n<li>Mi\u00e9rcoles de 02: 00-22: 00 siguiente d\u00eda<\/li>\n<li>S\u00e1bado de 02:00 a 22:00 del d\u00eda siguiente.<\/li>\n<li>Domingo de 02: 00-22: 00 siguiente d\u00eda<\/li>\n<\/ul>\n","protected":false},"excerpt":{"rendered":"<p>\u00bfEst\u00e1 buscando un viaje memorable desde Hurghada para explorar las maravillas de El Cairo? Entendemos que viajar puede ser abrumador, pero estamos aqu\u00ed para ayudarlo a que su viaje sea tranquilo y placentero. Nuestro viaje de dos d\u00edas lo llevar\u00e1 a las famosas Pir\u00e1mides de Giza y la Gran Esfinge, donde podr\u00e1 descubrir la rica historia de Egipto. Despu\u00e9s de un delicioso almuerzo, tendr\u00e1 la oportunidad de visitar el Museo Egipcio y maravillarse con su impresionante colecci\u00f3n de m\u00e1s de 250 000 artefactos genuinos.<\/p>\n<p>El segundo d\u00eda, su gu\u00eda tur\u00edstico privado lo llevar\u00e1 a explorar el encantador Viejo Cairo. Podr\u00e1 ver la Ciudadela de Saladino y el Bazar de Khan El-Khalili, donde podr\u00e1 comprar recuerdos y sumergirse en la cultura local. El precio del viaje incluye traslados, alojamiento y entradas, para que no tengas que preocuparte por nada.<\/p>\n<p>Entendemos que viajar puede ser agotador, y es por eso que hemos organizado un c\u00f3modo veh\u00edculo privado con aire acondicionado para llevarlo desde su hotel en Hurghada a El Cairo y viceversa. Nuestro equipo compasivo y comprensivo estar\u00e1 all\u00ed para ayudarlo durante todo el viaje, asegur\u00e1ndose de que tenga una experiencia segura y placentera. \u00a1Reserve su viaje con nosotros hoy y cree recuerdos inolvidables en Egipto!<\/p>\n","protected":false},"featured_media":46333,"comment_status":"open","ping_status":"closed","template":"","meta":{"_coblocks_attr":"","_coblocks_dimensions":"","_coblocks_responsive_height":"","_coblocks_accordion_ie_support":"","_uag_custom_page_level_css":"","jetpack_post_was_ever_published":false,"jetpack_publicize_message":"","jetpack_publicize_feature_enabled":true,"jetpack_social_post_already_shared":true,"jetpack_social_options":{"image_generator_settings":{"template":"highway","default_image_id":0,"font":"","enabled":false},"version":2},"_wpas_customize_per_network":false},"product_brand":[],"product_cat":[1789,1785],"product_tag":[1804,1806,1797,2147,1805,9907],"class_list":{"0":"post-3865","1":"product","2":"type-product","3":"status-publish","4":"has-post-thumbnail","6":"product_cat-excursiones-historicas-hurghada","7":"product_cat-excursiones-en-hurghada","8":"product_tag-el-cairo","9":"product_tag-esfinge","10":"product_tag-excursion-es","11":"product_tag-excursiones-desde-hurghada","12":"product_tag-piramides","13":"product_tag-turismo","14":"pa_age-el-adulto","15":"pa_age-nino-1-4-anos","16":"pa_age-nino-5-11-anos","18":"first","19":"instock","20":"sale","21":"purchasable","22":"product-type-variable"},"yoast_head":"<!-- This site is optimized with the Yoast SEO Premium plugin v26.9 (Yoast SEO v27.3) - https:\/\/yoast.com\/product\/yoast-seo-premium-wordpress\/ -->\n<title>Viaje nocturno a El Cairo desde Hurghada - El viejo cairo<\/title>\n<meta name=\"description\" content=\"Viaje nocturno a El Cairo desde Hurghada - El viejo cairo Se dirige a las tres grandes pir\u00e1mides, y la Gran Esfinge en Giza, y el Museo Egipcio en El Cairo.\" \/>\n<meta name=\"robots\" content=\"index, follow, max-snippet:-1, max-image-preview:large, max-video-preview:-1\" \/>\n<link rel=\"canonical\" href=\"https:\/\/landioustravel.com\/es\/shop\/viaje-nocturno-viejo-cairo-hurghada\/\" \/>\n<meta property=\"og:locale\" content=\"es_ES\" \/>\n<meta property=\"og:type\" content=\"article\" \/>\n<meta property=\"og:title\" content=\"Viaje nocturno a El Cairo desde Hurghada - El viejo cairo\" \/>\n<meta property=\"og:description\" content=\"Landious Travel\" \/>\n<meta property=\"og:url\" content=\"https:\/\/landioustravel.com\/es\/shop\/viaje-nocturno-viejo-cairo-hurghada\/\" \/>\n<meta property=\"og:site_name\" content=\"Landious Travel\" \/>\n<meta property=\"article:publisher\" content=\"https:\/\/web.facebook.com\/landiousEgypt\" \/>\n<meta property=\"article:modified_time\" content=\"2024-09-25T17:15:10+00:00\" \/>\n<meta property=\"og:image\" content=\"https:\/\/i0.wp.com\/landioustravel.com\/wp-content\/uploads\/2019\/04\/Cairo-Overnight-Trip-Hurghada-e1617672888586.jpg?fit=1200%2C675&ssl=1\" \/>\n\t<meta property=\"og:image:width\" content=\"1200\" \/>\n\t<meta property=\"og:image:height\" content=\"675\" \/>\n\t<meta property=\"og:image:type\" content=\"image\/jpeg\" \/>\n<meta name=\"twitter:card\" content=\"summary_large_image\" \/>\n<meta name=\"twitter:site\" content=\"@LandiousTours\" \/>\n<meta name=\"twitter:label1\" content=\"Tiempo de lectura\" \/>\n\t<meta name=\"twitter:data1\" content=\"3 minutos\" \/>\n<script type=\"application\/ld+json\" class=\"yoast-schema-graph\">{\"@context\":\"https:\\\/\\\/schema.org\",\"@graph\":[{\"@type\":\"WebPage\",\"@id\":\"https:\\\/\\\/landioustravel.com\\\/es\\\/shop\\\/viaje-nocturno-viejo-cairo-hurghada\\\/\",\"url\":\"https:\\\/\\\/landioustravel.com\\\/es\\\/shop\\\/viaje-nocturno-viejo-cairo-hurghada\\\/\",\"name\":\"Viaje nocturno a El Cairo desde Hurghada - El viejo cairo\",\"isPartOf\":{\"@id\":\"https:\\\/\\\/landioustravel.com\\\/es\\\/#website\"},\"primaryImageOfPage\":{\"@id\":\"https:\\\/\\\/landioustravel.com\\\/es\\\/shop\\\/viaje-nocturno-viejo-cairo-hurghada\\\/#primaryimage\"},\"image\":{\"@id\":\"https:\\\/\\\/landioustravel.com\\\/es\\\/shop\\\/viaje-nocturno-viejo-cairo-hurghada\\\/#primaryimage\"},\"thumbnailUrl\":\"https:\\\/\\\/i0.wp.com\\\/landioustravel.com\\\/wp-content\\\/uploads\\\/2019\\\/04\\\/Cairo-Overnight-Trip-Hurghada-e1617672888586.jpg?fit=1200%2C675&ssl=1\",\"datePublished\":\"2019-04-06T19:29:41+00:00\",\"dateModified\":\"2024-09-25T17:15:10+00:00\",\"description\":\"Viaje nocturno a El Cairo desde Hurghada - El viejo cairo Se dirige a las tres grandes pir\u00e1mides, y la Gran Esfinge en Giza, y el Museo Egipcio en El Cairo.\",\"breadcrumb\":{\"@id\":\"https:\\\/\\\/landioustravel.com\\\/es\\\/shop\\\/viaje-nocturno-viejo-cairo-hurghada\\\/#breadcrumb\"},\"inLanguage\":\"es\",\"potentialAction\":[{\"@type\":\"ReadAction\",\"target\":[\"https:\\\/\\\/landioustravel.com\\\/es\\\/shop\\\/viaje-nocturno-viejo-cairo-hurghada\\\/\"]}]},{\"@type\":\"ImageObject\",\"inLanguage\":\"es\",\"@id\":\"https:\\\/\\\/landioustravel.com\\\/es\\\/shop\\\/viaje-nocturno-viejo-cairo-hurghada\\\/#primaryimage\",\"url\":\"https:\\\/\\\/i0.wp.com\\\/landioustravel.com\\\/wp-content\\\/uploads\\\/2019\\\/04\\\/Cairo-Overnight-Trip-Hurghada-e1617672888586.jpg?fit=1200%2C675&ssl=1\",\"contentUrl\":\"https:\\\/\\\/i0.wp.com\\\/landioustravel.com\\\/wp-content\\\/uploads\\\/2019\\\/04\\\/Cairo-Overnight-Trip-Hurghada-e1617672888586.jpg?fit=1200%2C675&ssl=1\",\"width\":1200,\"height\":675,\"caption\":\"Cairo Overnight Trip Hurghada\"},{\"@type\":\"BreadcrumbList\",\"@id\":\"https:\\\/\\\/landioustravel.com\\\/es\\\/shop\\\/viaje-nocturno-viejo-cairo-hurghada\\\/#breadcrumb\",\"itemListElement\":[{\"@type\":\"ListItem\",\"position\":1,\"name\":\"Home\",\"item\":\"https:\\\/\\\/landioustravel.com\\\/es\\\/\"},{\"@type\":\"ListItem\",\"position\":2,\"name\":\"Servicios y Tours\",\"item\":\"https:\\\/\\\/landioustravel.com\\\/es\\\/\"},{\"@type\":\"ListItem\",\"position\":3,\"name\":\"Viaje nocturno a El Cairo desde Hurghada &#8211; El viejo cairo\"}]},{\"@type\":\"WebSite\",\"@id\":\"https:\\\/\\\/landioustravel.com\\\/es\\\/#website\",\"url\":\"https:\\\/\\\/landioustravel.com\\\/es\\\/\",\"name\":\"Landious Travel\",\"description\":\"Tours and Excursions in Egypt\",\"publisher\":{\"@id\":\"https:\\\/\\\/landioustravel.com\\\/es\\\/#organization\"},\"potentialAction\":[{\"@type\":\"SearchAction\",\"target\":{\"@type\":\"EntryPoint\",\"urlTemplate\":\"https:\\\/\\\/landioustravel.com\\\/es\\\/?s={search_term_string}\"},\"query-input\":{\"@type\":\"PropertyValueSpecification\",\"valueRequired\":true,\"valueName\":\"search_term_string\"}}],\"inLanguage\":\"es\"},{\"@type\":[\"Organization\",\"Place\"],\"@id\":\"https:\\\/\\\/landioustravel.com\\\/es\\\/#organization\",\"name\":\"Landious Travel\",\"alternateName\":\"Landious Travel\",\"url\":\"https:\\\/\\\/landioustravel.com\\\/es\\\/\",\"logo\":{\"@id\":\"https:\\\/\\\/landioustravel.com\\\/es\\\/shop\\\/viaje-nocturno-viejo-cairo-hurghada\\\/#local-main-organization-logo\"},\"image\":{\"@id\":\"https:\\\/\\\/landioustravel.com\\\/es\\\/shop\\\/viaje-nocturno-viejo-cairo-hurghada\\\/#local-main-organization-logo\"},\"sameAs\":[\"https:\\\/\\\/web.facebook.com\\\/landiousEgypt\",\"https:\\\/\\\/x.com\\\/LandiousTours\",\"https:\\\/\\\/mastodon.social\\\/@landious\"],\"legalName\":\"Landious Travel\",\"telephone\":[],\"openingHoursSpecification\":[{\"@type\":\"OpeningHoursSpecification\",\"dayOfWeek\":[\"Monday\",\"Tuesday\",\"Wednesday\",\"Thursday\",\"Friday\",\"Saturday\",\"Sunday\"],\"opens\":\"09:00\",\"closes\":\"17:00\"}]},{\"@type\":\"ImageObject\",\"inLanguage\":\"es\",\"@id\":\"https:\\\/\\\/landioustravel.com\\\/es\\\/shop\\\/viaje-nocturno-viejo-cairo-hurghada\\\/#local-main-organization-logo\",\"url\":\"https:\\\/\\\/i0.wp.com\\\/landioustravel.com\\\/wp-content\\\/uploads\\\/2021\\\/06\\\/Landious-T.png?fit=500%2C500&ssl=1\",\"contentUrl\":\"https:\\\/\\\/i0.wp.com\\\/landioustravel.com\\\/wp-content\\\/uploads\\\/2021\\\/06\\\/Landious-T.png?fit=500%2C500&ssl=1\",\"width\":500,\"height\":500,\"caption\":\"Landious Travel\"}]}<\/script>\n<!-- \/ Yoast SEO Premium plugin. -->","yoast_head_json":{"title":"Viaje nocturno a El Cairo desde Hurghada - El viejo cairo","description":"Viaje nocturno a El Cairo desde Hurghada - El viejo cairo Se dirige a las tres grandes pir\u00e1mides, y la Gran Esfinge en Giza, y el Museo Egipcio en El Cairo.","robots":{"index":"index","follow":"follow","max-snippet":"max-snippet:-1","max-image-preview":"max-image-preview:large","max-video-preview":"max-video-preview:-1"},"canonical":"https:\/\/landioustravel.com\/es\/shop\/viaje-nocturno-viejo-cairo-hurghada\/","og_locale":"es_ES","og_type":"article","og_title":"Viaje nocturno a El Cairo desde Hurghada - El viejo cairo","og_description":"Landious Travel","og_url":"https:\/\/landioustravel.com\/es\/shop\/viaje-nocturno-viejo-cairo-hurghada\/","og_site_name":"Landious Travel","article_publisher":"https:\/\/web.facebook.com\/landiousEgypt","article_modified_time":"2024-09-25T17:15:10+00:00","og_image":[{"width":1200,"height":675,"url":"https:\/\/i0.wp.com\/landioustravel.com\/wp-content\/uploads\/2019\/04\/Cairo-Overnight-Trip-Hurghada-e1617672888586.jpg?fit=1200%2C675&ssl=1","type":"image\/jpeg"}],"twitter_card":"summary_large_image","twitter_site":"@LandiousTours","twitter_misc":{"Tiempo de lectura":"3 minutos"},"schema":{"@context":"https:\/\/schema.org","@graph":[{"@type":"WebPage","@id":"https:\/\/landioustravel.com\/es\/shop\/viaje-nocturno-viejo-cairo-hurghada\/","url":"https:\/\/landioustravel.com\/es\/shop\/viaje-nocturno-viejo-cairo-hurghada\/","name":"Viaje nocturno a El Cairo desde Hurghada - El viejo cairo","isPartOf":{"@id":"https:\/\/landioustravel.com\/es\/#website"},"primaryImageOfPage":{"@id":"https:\/\/landioustravel.com\/es\/shop\/viaje-nocturno-viejo-cairo-hurghada\/#primaryimage"},"image":{"@id":"https:\/\/landioustravel.com\/es\/shop\/viaje-nocturno-viejo-cairo-hurghada\/#primaryimage"},"thumbnailUrl":"https:\/\/i0.wp.com\/landioustravel.com\/wp-content\/uploads\/2019\/04\/Cairo-Overnight-Trip-Hurghada-e1617672888586.jpg?fit=1200%2C675&ssl=1","datePublished":"2019-04-06T19:29:41+00:00","dateModified":"2024-09-25T17:15:10+00:00","description":"Viaje nocturno a El Cairo desde Hurghada - El viejo cairo Se dirige a las tres grandes pir\u00e1mides, y la Gran Esfinge en Giza, y el Museo Egipcio en El Cairo.","breadcrumb":{"@id":"https:\/\/landioustravel.com\/es\/shop\/viaje-nocturno-viejo-cairo-hurghada\/#breadcrumb"},"inLanguage":"es","potentialAction":[{"@type":"ReadAction","target":["https:\/\/landioustravel.com\/es\/shop\/viaje-nocturno-viejo-cairo-hurghada\/"]}]},{"@type":"ImageObject","inLanguage":"es","@id":"https:\/\/landioustravel.com\/es\/shop\/viaje-nocturno-viejo-cairo-hurghada\/#primaryimage","url":"https:\/\/i0.wp.com\/landioustravel.com\/wp-content\/uploads\/2019\/04\/Cairo-Overnight-Trip-Hurghada-e1617672888586.jpg?fit=1200%2C675&ssl=1","contentUrl":"https:\/\/i0.wp.com\/landioustravel.com\/wp-content\/uploads\/2019\/04\/Cairo-Overnight-Trip-Hurghada-e1617672888586.jpg?fit=1200%2C675&ssl=1","width":1200,"height":675,"caption":"Cairo Overnight Trip Hurghada"},{"@type":"BreadcrumbList","@id":"https:\/\/landioustravel.com\/es\/shop\/viaje-nocturno-viejo-cairo-hurghada\/#breadcrumb","itemListElement":[{"@type":"ListItem","position":1,"name":"Home","item":"https:\/\/landioustravel.com\/es\/"},{"@type":"ListItem","position":2,"name":"Servicios y Tours","item":"https:\/\/landioustravel.com\/es\/"},{"@type":"ListItem","position":3,"name":"Viaje nocturno a El Cairo desde Hurghada &#8211; El viejo cairo"}]},{"@type":"WebSite","@id":"https:\/\/landioustravel.com\/es\/#website","url":"https:\/\/landioustravel.com\/es\/","name":"Landious Travel","description":"Tours and Excursions in Egypt","publisher":{"@id":"https:\/\/landioustravel.com\/es\/#organization"},"potentialAction":[{"@type":"SearchAction","target":{"@type":"EntryPoint","urlTemplate":"https:\/\/landioustravel.com\/es\/?s={search_term_string}"},"query-input":{"@type":"PropertyValueSpecification","valueRequired":true,"valueName":"search_term_string"}}],"inLanguage":"es"},{"@type":["Organization","Place"],"@id":"https:\/\/landioustravel.com\/es\/#organization","name":"Landious Travel","alternateName":"Landious Travel","url":"https:\/\/landioustravel.com\/es\/","logo":{"@id":"https:\/\/landioustravel.com\/es\/shop\/viaje-nocturno-viejo-cairo-hurghada\/#local-main-organization-logo"},"image":{"@id":"https:\/\/landioustravel.com\/es\/shop\/viaje-nocturno-viejo-cairo-hurghada\/#local-main-organization-logo"},"sameAs":["https:\/\/web.facebook.com\/landiousEgypt","https:\/\/x.com\/LandiousTours","https:\/\/mastodon.social\/@landious"],"legalName":"Landious Travel","telephone":[],"openingHoursSpecification":[{"@type":"OpeningHoursSpecification","dayOfWeek":["Monday","Tuesday","Wednesday","Thursday","Friday","Saturday","Sunday"],"opens":"09:00","closes":"17:00"}]},{"@type":"ImageObject","inLanguage":"es","@id":"https:\/\/landioustravel.com\/es\/shop\/viaje-nocturno-viejo-cairo-hurghada\/#local-main-organization-logo","url":"https:\/\/i0.wp.com\/landioustravel.com\/wp-content\/uploads\/2021\/06\/Landious-T.png?fit=500%2C500&ssl=1","contentUrl":"https:\/\/i0.wp.com\/landioustravel.com\/wp-content\/uploads\/2021\/06\/Landious-T.png?fit=500%2C500&ssl=1","width":500,"height":500,"caption":"Landious Travel"}]}},"jetpack_publicize_connections":[],"uagb_featured_image_src":{"full":["https:\/\/i0.wp.com\/landioustravel.com\/wp-content\/uploads\/2019\/04\/Cairo-Overnight-Trip-Hurghada-e1617672888586.jpg?fit=1200%2C675&ssl=1",1200,675,false],"thumbnail":["https:\/\/i0.wp.com\/landioustravel.com\/wp-content\/uploads\/2019\/04\/Cairo-Overnight-Trip-Hurghada-e1617672888586.jpg?resize=150%2C150&ssl=1",150,150,true],"medium":["https:\/\/i0.wp.com\/landioustravel.com\/wp-content\/uploads\/2019\/04\/Cairo-Overnight-Trip-Hurghada-e1617672888586.jpg?fit=300%2C169&ssl=1",300,169,true],"medium_large":["https:\/\/i0.wp.com\/landioustravel.com\/wp-content\/uploads\/2019\/04\/Cairo-Overnight-Trip-Hurghada-e1617672888586.jpg?fit=768%2C432&ssl=1",768,432,true],"large":["https:\/\/i0.wp.com\/landioustravel.com\/wp-content\/uploads\/2019\/04\/Cairo-Overnight-Trip-Hurghada-e1617672888586.jpg?fit=980%2C551&ssl=1",980,551,true],"1536x1536":["https:\/\/i0.wp.com\/landioustravel.com\/wp-content\/uploads\/2019\/04\/Cairo-Overnight-Trip-Hurghada-e1617672888586.jpg?fit=1536%2C864&ssl=1",1536,864,true],"2048x2048":["https:\/\/i0.wp.com\/landioustravel.com\/wp-content\/uploads\/2019\/04\/Cairo-Overnight-Trip-Hurghada-e1617672888586.jpg?fit=2048%2C1152&ssl=1",2048,1152,true],"newspack-article-block-landscape-large":["https:\/\/i0.wp.com\/landioustravel.com\/wp-content\/uploads\/2019\/04\/Cairo-Overnight-Trip-Hurghada-e1617672888586.jpg?resize=1200%2C675&ssl=1",1200,900,true],"newspack-article-block-portrait-large":["https:\/\/i0.wp.com\/landioustravel.com\/wp-content\/uploads\/2019\/04\/Cairo-Overnight-Trip-Hurghada-e1617672888586.jpg?resize=900%2C675&ssl=1",900,1200,true],"newspack-article-block-square-large":["https:\/\/i0.wp.com\/landioustravel.com\/wp-content\/uploads\/2019\/04\/Cairo-Overnight-Trip-Hurghada-e1617672888586.jpg?resize=1200%2C675&ssl=1",1200,1200,true],"newspack-article-block-landscape-medium":["https:\/\/i0.wp.com\/landioustravel.com\/wp-content\/uploads\/2019\/04\/Cairo-Overnight-Trip-Hurghada-e1617672888586.jpg?resize=800%2C600&ssl=1",800,600,true],"newspack-article-block-portrait-medium":["https:\/\/i0.wp.com\/landioustravel.com\/wp-content\/uploads\/2019\/04\/Cairo-Overnight-Trip-Hurghada-e1617672888586.jpg?resize=600%2C675&ssl=1",600,800,true],"newspack-article-block-square-medium":["https:\/\/i0.wp.com\/landioustravel.com\/wp-content\/uploads\/2019\/04\/Cairo-Overnight-Trip-Hurghada-e1617672888586.jpg?resize=800%2C675&ssl=1",800,800,true],"newspack-article-block-landscape-intermediate":["https:\/\/i0.wp.com\/landioustravel.com\/wp-content\/uploads\/2019\/04\/Cairo-Overnight-Trip-Hurghada-e1617672888586.jpg?resize=600%2C450&ssl=1",600,450,true],"newspack-article-block-portrait-intermediate":["https:\/\/i0.wp.com\/landioustravel.com\/wp-content\/uploads\/2019\/04\/Cairo-Overnight-Trip-Hurghada-e1617672888586.jpg?resize=450%2C600&ssl=1",450,600,true],"newspack-article-block-square-intermediate":["https:\/\/i0.wp.com\/landioustravel.com\/wp-content\/uploads\/2019\/04\/Cairo-Overnight-Trip-Hurghada-e1617672888586.jpg?resize=600%2C600&ssl=1",600,600,true],"newspack-article-block-landscape-small":["https:\/\/i0.wp.com\/landioustravel.com\/wp-content\/uploads\/2019\/04\/Cairo-Overnight-Trip-Hurghada-e1617672888586.jpg?resize=400%2C300&ssl=1",400,300,true],"newspack-article-block-portrait-small":["https:\/\/i0.wp.com\/landioustravel.com\/wp-content\/uploads\/2019\/04\/Cairo-Overnight-Trip-Hurghada-e1617672888586.jpg?resize=300%2C400&ssl=1",300,400,true],"newspack-article-block-square-small":["https:\/\/i0.wp.com\/landioustravel.com\/wp-content\/uploads\/2019\/04\/Cairo-Overnight-Trip-Hurghada-e1617672888586.jpg?resize=400%2C400&ssl=1",400,400,true],"newspack-article-block-landscape-tiny":["https:\/\/i0.wp.com\/landioustravel.com\/wp-content\/uploads\/2019\/04\/Cairo-Overnight-Trip-Hurghada-e1617672888586.jpg?resize=200%2C150&ssl=1",200,150,true],"newspack-article-block-portrait-tiny":["https:\/\/i0.wp.com\/landioustravel.com\/wp-content\/uploads\/2019\/04\/Cairo-Overnight-Trip-Hurghada-e1617672888586.jpg?resize=150%2C200&ssl=1",150,200,true],"newspack-article-block-square-tiny":["https:\/\/i0.wp.com\/landioustravel.com\/wp-content\/uploads\/2019\/04\/Cairo-Overnight-Trip-Hurghada-e1617672888586.jpg?resize=200%2C200&ssl=1",200,200,true],"newspack-article-block-uncropped":["https:\/\/i0.wp.com\/landioustravel.com\/wp-content\/uploads\/2019\/04\/Cairo-Overnight-Trip-Hurghada-e1617672888586.jpg?fit=1200%2C675&ssl=1",1200,675,true],"woocommerce_thumbnail":["https:\/\/i0.wp.com\/landioustravel.com\/wp-content\/uploads\/2019\/04\/Cairo-Overnight-Trip-Hurghada-e1617672888586.jpg?resize=324%2C324&ssl=1",324,324,true],"woocommerce_single":["https:\/\/i0.wp.com\/landioustravel.com\/wp-content\/uploads\/2019\/04\/Cairo-Overnight-Trip-Hurghada-e1617672888586.jpg?fit=416%2C234&ssl=1",416,234,true],"woocommerce_gallery_thumbnail":["https:\/\/i0.wp.com\/landioustravel.com\/wp-content\/uploads\/2019\/04\/Cairo-Overnight-Trip-Hurghada-e1617672888586.jpg?resize=100%2C100&ssl=1",100,100,true]},"uagb_author_info":{"display_name":"Mofreh Landious","author_link":"https:\/\/landioustravel.com\/es\/author\/"},"uagb_comment_info":3,"uagb_excerpt":"\u00bfEst\u00e1 buscando un viaje memorable desde Hurghada para explorar las maravillas de El Cairo? Entendemos que viajar puede ser abrumador, pero estamos aqu\u00ed para ayudarlo a que su viaje sea tranquilo y placentero. Nuestro viaje de dos d\u00edas lo llevar\u00e1 a las famosas Pir\u00e1mides de Giza y la Gran Esfinge, donde podr\u00e1 descubrir la rica&hellip;","jetpack_sharing_enabled":true,"jetpack_likes_enabled":true,"amp_enabled":true,"_links":{"self":[{"href":"https:\/\/landioustravel.com\/es\/wp-json\/wp\/v2\/product\/3865","targetHints":{"allow":["GET"]}}],"collection":[{"href":"https:\/\/landioustravel.com\/es\/wp-json\/wp\/v2\/product"}],"about":[{"href":"https:\/\/landioustravel.com\/es\/wp-json\/wp\/v2\/types\/product"}],"replies":[{"embeddable":true,"href":"https:\/\/landioustravel.com\/es\/wp-json\/wp\/v2\/comments?post=3865"}],"wp:featuredmedia":[{"embeddable":true,"href":"https:\/\/landioustravel.com\/es\/wp-json\/wp\/v2\/media\/46333"}],"wp:attachment":[{"href":"https:\/\/landioustravel.com\/es\/wp-json\/wp\/v2\/media?parent=3865"}],"wp:term":[{"taxonomy":"product_brand","embeddable":true,"href":"https:\/\/landioustravel.com\/es\/wp-json\/wp\/v2\/product_brand?post=3865"},{"taxonomy":"product_cat","embeddable":true,"href":"https:\/\/landioustravel.com\/es\/wp-json\/wp\/v2\/product_cat?post=3865"},{"taxonomy":"product_tag","embeddable":true,"href":"https:\/\/landioustravel.com\/es\/wp-json\/wp\/v2\/product_tag?post=3865"}],"curies":[{"name":"wp","href":"https:\/\/api.w.org\/{rel}","templated":true}]}}