{"id":39576,"date":"2021-10-27T14:24:42","date_gmt":"2021-10-30T06:33:44","guid":{"rendered":"https:\/\/landioustravel.com\/?post_type=product&#038;p=39576"},"modified":"2023-09-19T00:50:02","modified_gmt":"2023-09-18T22:50:02","slug":"tour-luxor-abu-simbel-hurgada","status":"publish","type":"product","link":"https:\/\/landioustravel.com\/es\/shop\/tour-luxor-abu-simbel-hurgada\/","title":{"rendered":"Tour Luxor Abu Simbel Hurgada"},"content":{"rendered":"<p>RESERVA ONLINE TOUR LUXOR ABU SIMBEL HURGADA Y MEJOR PRECIO! \u00a1Una maravillosa excursi\u00f3n a <a href=\"https:\/\/landioustravel.com\/es\/egipto\/pueblos-egipcios\/gobernacion-luxor\/\">Luxor<\/a>, <a href=\"https:\/\/landioustravel.com\/es\/egipto\/pueblos-egipcios\/gobernacion-aswan\/\">Asu\u00e1n<\/a> y Abu Simbel desde <a href=\"https:\/\/landioustravel.com\/es\/ciudad-hurghada\/\">Hurgada<\/a>, <a href=\"https:\/\/landioustravel.com\/es\/egipto\/\">Egipto<\/a>! Recomendamos un viaje porque permite a los turistas ver muchas <a href=\"https:\/\/landioustravel.com\/es\/egipto\/templos-egipcios\/\">atracciones del antiguo Egipto<\/a> y aprender m\u00e1s sobre su <a href=\"https:\/\/landioustravel.com\/es\/egipto\/historia-egipto\/\">historia<\/a>.<\/p>\n<h2>Lo m\u00e1s destacado del tour de Luxor y Abu Simbel desde Hurghada<\/h2>\n<ul>\n<li>Admira el templo de Karnak.<\/li>\n<li>Vea la presa High en Asu\u00e1n.<\/li>\n<li>Templos de Philae en la isla Agelika.<\/li>\n<li>Obelisco inacabado en Asu\u00e1n.<\/li>\n<li>Picnic en el Nilo con faluca egipcia en Asu\u00e1n.<\/li>\n<li>Adem\u00e1s, los Templos de Rams\u00e9s II en Abu Simbel.<\/li>\n<li>Descubra el Valle de los Reyes.<\/li>\n<li>Vea el templo de Hatshepsut.<\/li>\n<li>Ll\u00e9vate recuerdos de los Colosos de Memnon.<\/li>\n<\/ul>\n<h2>Programa de visitas a los templos de Luxor y Abu Simbel<\/h2>\n<ul>\n<li>El representante de <a href=\"https:\/\/landioustravel.com\/es\/contactos\/\">Landious Travel<\/a> lo recoger\u00e1 del hotel en Hurghada aproximadamente a la medianoche.<\/li>\n<li>Despu\u00e9s de recoger a todos los que llegan, el autob\u00fas sale hacia Luxor. Pasa por la ciudad costera de <a href=\"https:\/\/landioustravel.com\/es\/ciudad-safaga\/\">Safaga<\/a> y <a href=\"https:\/\/landioustravel.com\/es\/egipto\/pueblos-egipcios\/gobernacion-qena\/\">Qena<\/a> en el valle del <a href=\"https:\/\/landioustravel.com\/es\/egipto\/rio-nilo\/\">Nilo<\/a>. El camino, desde el centro de Hurgada hasta Luxor, toma aproximadamente cuatro horas.<\/li>\n<\/ul>\n<h3>Primer d\u00eda en Luxor<\/h3>\n<ul>\n<li>Una vez que est\u00e9 en Luxor, disfrutar\u00e1 viendo los monumentos en la orilla occidental del r\u00edo Nilo. Estos monumentos incluir\u00e1n el incre\u00edble <a href=\"https:\/\/landioustravel.com\/es\/valle-los-reyes\/\">Valle de los Reyes<\/a>, el <a href=\"https:\/\/landioustravel.com\/es\/egipto\/templos-egipcios\/templo-reina-hatshepsut\/\">Templo de Hatshepsut<\/a> y los <a href=\"https:\/\/landioustravel.com\/es\/colosos-memnon\/\">Colosos de Memnon<\/a>.<\/li>\n<li>Despu\u00e9s de estas emocionantes visitas, disfrutar\u00e1 de su almuerzo en un restaurante egipcio.<\/li>\n<li>A continuaci\u00f3n, se dirigir\u00e1 a la gobernaci\u00f3n de Asu\u00e1n, que se encuentra al sur de Luxor. El camino a este pueblo le llevar\u00e1 aproximadamente tres horas.<\/li>\n<li>Tan pronto como llegue a Asu\u00e1n, se registrar\u00e1 en su hotel.<\/li>\n<li>A continuaci\u00f3n, cenar\u00e1s en uno de los restaurantes de la ciudad.<\/li>\n<\/ul>\n<h3>Segundo d\u00eda en Asu\u00e1n<\/h3>\n<ul>\n<li>Te levantar\u00e1s temprano en la ma\u00f1ana para unirte al Convoy embriagador a los <a href=\"https:\/\/landioustravel.com\/es\/egipto\/templos-egipcios\/templos-abu-simbel\/\">Templos de Rams\u00e9s II en Abu Simbel<\/a>.<\/li>\n<li>Tan pronto como llegue a estos hermosos templos, su gu\u00eda lo acompa\u00f1ar\u00e1 dentro de ellos.<\/li>\n<li>A continuaci\u00f3n, regresar\u00e1 a Asu\u00e1n.<\/li>\n<li>Los primeros monumentos que puedes ver en Asu\u00e1n son la Presa Alta y el Monumento Conmemorativo.<\/li>\n<li>La siguiente parada ser\u00e1 en el Obelisco Inacabado de Hatshepsut.<\/li>\n<li>A continuaci\u00f3n, se dirigir\u00e1 al restaurante para disfrutar de un delicioso almuerzo.<\/li>\n<li>Despu\u00e9s del almuerzo, descansar\u00e1 en su hotel.<\/li>\n<li>Por la noche, conducir\u00e1 hasta el <a href=\"https:\/\/landioustravel.com\/es\/egipto\/templos-egipcios\/templos-philae\/\">Templo de Filae<\/a> para disfrutar de los Espect\u00e1culos de Luz y Sonido.<\/li>\n<li>Despu\u00e9s de eso, se dirigir\u00e1 al restaurante para cenar.<\/li>\n<li>Finalmente, regresar\u00e1 a su hotel.<\/li>\n<\/ul>\n<h3>Tercer d\u00eda en Asu\u00e1n<\/h3>\n<ul>\n<li>Se levantar\u00e1 por la ma\u00f1ana para desayunar en su hotel y realizar el check out.<\/li>\n<li>Luego, regresar\u00e1 a Luxor. All\u00ed, disfrutar\u00e1 viendo el vasto <a href=\"https:\/\/landioustravel.com\/es\/egipto\/templos-egipcios\/templos-karnak\/\">templo de Karnak<\/a>.<\/li>\n<li>Despu\u00e9s de la visita a Karnak, almorzar\u00e1.<\/li>\n<\/ul>\n<h3>Salida hacia Hurghada<\/h3>\n<ul>\n<li>Finalmente, nuestro autob\u00fas partir\u00e1 de regreso a Hurgada, despu\u00e9s de un recorrido tan emocionante por las ciudades de Luxor y Aswan.<\/li>\n<li>Este viaje a Luxor, Asu\u00e1n y Abu Simbel desde Hurghada termina aproximadamente a las 24:00.<\/li>\n<\/ul>\n<h2>\u00bfQu\u00e9 incluye el precio de Luxor Abu Simbel Tour Hurgada?<\/h2>\n<ul>\n<li>Entradas para visitar templos.<\/li>\n<li>Almuerzo.<\/li>\n<li>Gu\u00eda.<\/li>\n<li>Estancia en hotel.<\/li>\n<li>Adem\u00e1s, traslado a Aswan &#8211; Abu Simbel y regreso al hotel.<\/li>\n<\/ul>\n<h2>\u00bfQu\u00e9 no incluye el programa de Luxor Abu Simbel Tour?<\/h2>\n<ul>\n<li>Programas de excursiones adicionales.<\/li>\n<li>Adem\u00e1s, Bebidas.<\/li>\n<\/ul>\n<h2>\u00bfQu\u00e9 llevar para el viaje a Abu Simbel?<\/h2>\n<ul>\n<li>Caja de desayuno.<\/li>\n<li>Pasaporte.<\/li>\n<li>Adem\u00e1s, lleve ropa adecuada para la temporada.<\/li>\n<\/ul>\n<h2>D\u00edas de reserva de viaje a Aswan Abu Simbel Hurghada<\/h2>\n<ul>\n<li>Todos los d\u00edas de 04:00 a 19:00 el tercer d\u00eda.<\/li>\n<\/ul>\n","protected":false},"excerpt":{"rendered":"<p>Experimente la grandeza del mundo antiguo con nuestro tour guiado de dos d\u00edas por Luxor y Abu Simbel. Marav\u00edllate ante la vista del templo de Karnak, el templo de la diosa Isis en la isla de Philae, el obelisco inacabado de Hatshepsut y los templos de Rams\u00e9s II. Disfrute de un picnic en barco en Felucca sobre el r\u00edo Nilo y sea testigo de los impresionantes templos de Abu Simbel en Nubia. Nuestro tour incluye comida y alojamiento en Asu\u00e1n. Descubra la historia de los lugares hist\u00f3ricos m\u00e1s impresionantes de Egipto con nuestra gu\u00eda egipt\u00f3loga experta. El viaje tambi\u00e9n incluye recogida y regreso al hotel sin complicaciones desde Hurghada. No pierdas la oportunidad de explorar las tumbas y los templos de los faraones de Egipto. Reserva ahora y crea recuerdos inolvidables.<\/p>\n","protected":false},"featured_media":127511,"comment_status":"open","ping_status":"closed","template":"","meta":{"_coblocks_attr":"","_coblocks_dimensions":"","_coblocks_responsive_height":"","_coblocks_accordion_ie_support":"","_uag_custom_page_level_css":"","jetpack_publicize_message":"","jetpack_publicize_feature_enabled":true,"jetpack_social_post_already_shared":true,"jetpack_social_options":{"image_generator_settings":{"template":"highway","default_image_id":0,"font":"","enabled":false},"version":2},"_wpas_customize_per_network":false},"product_brand":[],"product_cat":[1789,8568],"product_tag":[1797,2147,1808,1812,9907],"class_list":{"0":"post-39576","1":"product","2":"type-product","3":"status-publish","4":"has-post-thumbnail","6":"product_cat-excursiones-historicas-hurghada","7":"product_cat-excursiones-individuales-hurghada","8":"product_tag-excursion-es","9":"product_tag-excursiones-desde-hurghada","10":"product_tag-hurghada-es","11":"product_tag-luxor-es","12":"product_tag-turismo","13":"pa_age-el-adulto","14":"pa_age-nino-1-4-anos","15":"pa_age-nino-5-11-anos","17":"first","18":"instock","19":"sale","20":"taxable","21":"shipping-taxable","22":"purchasable","23":"product-type-variable"},"yoast_head":"<!-- This site is optimized with the Yoast SEO Premium plugin v26.9 (Yoast SEO v27.5) - https:\/\/yoast.com\/product\/yoast-seo-premium-wordpress\/ -->\n<title>Tour Luxor Abu Simbel Hurgada<\/title>\n<meta name=\"description\" content=\"Tour Luxor Abu Simbel Hurgada El recorrido le permite realizar algunas actividades tur\u00edsticas. De hecho, puede ver las atracciones de Luxor y\" \/>\n<meta name=\"robots\" content=\"index, follow, max-snippet:-1, max-image-preview:large, max-video-preview:-1\" \/>\n<link rel=\"canonical\" href=\"https:\/\/landioustravel.com\/es\/shop\/tour-luxor-abu-simbel-hurgada\/\" \/>\n<meta property=\"og:locale\" content=\"es_ES\" \/>\n<meta property=\"og:type\" content=\"article\" \/>\n<meta property=\"og:title\" content=\"Tour Luxor Abu Simbel Hurgada\" \/>\n<meta property=\"og:description\" content=\"Landious Travel\" \/>\n<meta property=\"og:url\" content=\"https:\/\/landioustravel.com\/es\/shop\/tour-luxor-abu-simbel-hurgada\/\" \/>\n<meta property=\"og:site_name\" content=\"Landious Travel\" \/>\n<meta property=\"article:publisher\" content=\"https:\/\/web.facebook.com\/landiousEgypt\" \/>\n<meta property=\"article:modified_time\" content=\"2023-09-18T22:50:02+00:00\" \/>\n<meta property=\"og:image\" content=\"https:\/\/i0.wp.com\/landioustravel.com\/wp-content\/uploads\/2021\/10\/Philae-temple.jpg?fit=1000%2C500&ssl=1\" \/>\n\t<meta property=\"og:image:width\" content=\"1000\" \/>\n\t<meta property=\"og:image:height\" content=\"500\" \/>\n\t<meta property=\"og:image:type\" content=\"image\/jpeg\" \/>\n<meta name=\"twitter:card\" content=\"summary_large_image\" \/>\n<meta name=\"twitter:site\" content=\"@LandiousTours\" \/>\n<meta name=\"twitter:label1\" content=\"Tiempo de lectura\" \/>\n\t<meta name=\"twitter:data1\" content=\"3 minutos\" \/>\n<script type=\"application\/ld+json\" class=\"yoast-schema-graph\">{\"@context\":\"https:\\\/\\\/schema.org\",\"@graph\":[{\"@type\":\"WebPage\",\"@id\":\"https:\\\/\\\/landioustravel.com\\\/es\\\/shop\\\/tour-luxor-abu-simbel-hurgada\\\/\",\"url\":\"https:\\\/\\\/landioustravel.com\\\/es\\\/shop\\\/tour-luxor-abu-simbel-hurgada\\\/\",\"name\":\"Tour Luxor Abu Simbel Hurgada\",\"isPartOf\":{\"@id\":\"https:\\\/\\\/landioustravel.com\\\/es\\\/#website\"},\"primaryImageOfPage\":{\"@id\":\"https:\\\/\\\/landioustravel.com\\\/es\\\/shop\\\/tour-luxor-abu-simbel-hurgada\\\/#primaryimage\"},\"image\":{\"@id\":\"https:\\\/\\\/landioustravel.com\\\/es\\\/shop\\\/tour-luxor-abu-simbel-hurgada\\\/#primaryimage\"},\"thumbnailUrl\":\"https:\\\/\\\/i0.wp.com\\\/landioustravel.com\\\/wp-content\\\/uploads\\\/2021\\\/10\\\/Philae-temple.jpg?fit=1000%2C500&ssl=1\",\"datePublished\":\"2021-10-30T06:33:44+00:00\",\"dateModified\":\"2023-09-18T22:50:02+00:00\",\"description\":\"Tour Luxor Abu Simbel Hurgada El recorrido le permite realizar algunas actividades tur\u00edsticas. De hecho, puede ver las atracciones de Luxor y\",\"breadcrumb\":{\"@id\":\"https:\\\/\\\/landioustravel.com\\\/es\\\/shop\\\/tour-luxor-abu-simbel-hurgada\\\/#breadcrumb\"},\"inLanguage\":\"es\",\"potentialAction\":[{\"@type\":\"ReadAction\",\"target\":[\"https:\\\/\\\/landioustravel.com\\\/es\\\/shop\\\/tour-luxor-abu-simbel-hurgada\\\/\"]}]},{\"@type\":\"ImageObject\",\"inLanguage\":\"es\",\"@id\":\"https:\\\/\\\/landioustravel.com\\\/es\\\/shop\\\/tour-luxor-abu-simbel-hurgada\\\/#primaryimage\",\"url\":\"https:\\\/\\\/i0.wp.com\\\/landioustravel.com\\\/wp-content\\\/uploads\\\/2021\\\/10\\\/Philae-temple.jpg?fit=1000%2C500&ssl=1\",\"contentUrl\":\"https:\\\/\\\/i0.wp.com\\\/landioustravel.com\\\/wp-content\\\/uploads\\\/2021\\\/10\\\/Philae-temple.jpg?fit=1000%2C500&ssl=1\",\"width\":1000,\"height\":500,\"caption\":\"Philae Temple\"},{\"@type\":\"BreadcrumbList\",\"@id\":\"https:\\\/\\\/landioustravel.com\\\/es\\\/shop\\\/tour-luxor-abu-simbel-hurgada\\\/#breadcrumb\",\"itemListElement\":[{\"@type\":\"ListItem\",\"position\":1,\"name\":\"Home\",\"item\":\"https:\\\/\\\/landioustravel.com\\\/es\\\/\"},{\"@type\":\"ListItem\",\"position\":2,\"name\":\"Servicios y Tours\",\"item\":\"https:\\\/\\\/landioustravel.com\\\/es\\\/\"},{\"@type\":\"ListItem\",\"position\":3,\"name\":\"Tour Luxor Abu Simbel Hurgada\"}]},{\"@type\":\"WebSite\",\"@id\":\"https:\\\/\\\/landioustravel.com\\\/es\\\/#website\",\"url\":\"https:\\\/\\\/landioustravel.com\\\/es\\\/\",\"name\":\"Landious Travel\",\"description\":\"Tours and Excursions in Egypt\",\"publisher\":{\"@id\":\"https:\\\/\\\/landioustravel.com\\\/es\\\/#organization\"},\"potentialAction\":[{\"@type\":\"SearchAction\",\"target\":{\"@type\":\"EntryPoint\",\"urlTemplate\":\"https:\\\/\\\/landioustravel.com\\\/es\\\/?s={search_term_string}\"},\"query-input\":{\"@type\":\"PropertyValueSpecification\",\"valueRequired\":true,\"valueName\":\"search_term_string\"}}],\"inLanguage\":\"es\"},{\"@type\":[\"Organization\",\"Place\"],\"@id\":\"https:\\\/\\\/landioustravel.com\\\/es\\\/#organization\",\"name\":\"Landious Travel\",\"alternateName\":\"Landious Travel\",\"url\":\"https:\\\/\\\/landioustravel.com\\\/es\\\/\",\"logo\":{\"@id\":\"https:\\\/\\\/landioustravel.com\\\/es\\\/shop\\\/tour-luxor-abu-simbel-hurgada\\\/#local-main-organization-logo\"},\"image\":{\"@id\":\"https:\\\/\\\/landioustravel.com\\\/es\\\/shop\\\/tour-luxor-abu-simbel-hurgada\\\/#local-main-organization-logo\"},\"sameAs\":[\"https:\\\/\\\/web.facebook.com\\\/landiousEgypt\",\"https:\\\/\\\/x.com\\\/LandiousTours\",\"https:\\\/\\\/mastodon.social\\\/@landious\"],\"legalName\":\"Landious Travel\",\"telephone\":[],\"openingHoursSpecification\":[{\"@type\":\"OpeningHoursSpecification\",\"dayOfWeek\":[\"Monday\",\"Tuesday\",\"Wednesday\",\"Thursday\",\"Friday\",\"Saturday\",\"Sunday\"],\"opens\":\"09:00\",\"closes\":\"17:00\"}]},{\"@type\":\"ImageObject\",\"inLanguage\":\"es\",\"@id\":\"https:\\\/\\\/landioustravel.com\\\/es\\\/shop\\\/tour-luxor-abu-simbel-hurgada\\\/#local-main-organization-logo\",\"url\":\"https:\\\/\\\/i0.wp.com\\\/landioustravel.com\\\/wp-content\\\/uploads\\\/2021\\\/06\\\/Landious-T.png?fit=500%2C500&ssl=1\",\"contentUrl\":\"https:\\\/\\\/i0.wp.com\\\/landioustravel.com\\\/wp-content\\\/uploads\\\/2021\\\/06\\\/Landious-T.png?fit=500%2C500&ssl=1\",\"width\":500,\"height\":500,\"caption\":\"Landious Travel\"}]}<\/script>\n<!-- \/ Yoast SEO Premium plugin. -->","yoast_head_json":{"title":"Tour Luxor Abu Simbel Hurgada","description":"Tour Luxor Abu Simbel Hurgada El recorrido le permite realizar algunas actividades tur\u00edsticas. De hecho, puede ver las atracciones de Luxor y","robots":{"index":"index","follow":"follow","max-snippet":"max-snippet:-1","max-image-preview":"max-image-preview:large","max-video-preview":"max-video-preview:-1"},"canonical":"https:\/\/landioustravel.com\/es\/shop\/tour-luxor-abu-simbel-hurgada\/","og_locale":"es_ES","og_type":"article","og_title":"Tour Luxor Abu Simbel Hurgada","og_description":"Landious Travel","og_url":"https:\/\/landioustravel.com\/es\/shop\/tour-luxor-abu-simbel-hurgada\/","og_site_name":"Landious Travel","article_publisher":"https:\/\/web.facebook.com\/landiousEgypt","article_modified_time":"2023-09-18T22:50:02+00:00","og_image":[{"width":1000,"height":500,"url":"https:\/\/i0.wp.com\/landioustravel.com\/wp-content\/uploads\/2021\/10\/Philae-temple.jpg?fit=1000%2C500&ssl=1","type":"image\/jpeg"}],"twitter_card":"summary_large_image","twitter_site":"@LandiousTours","twitter_misc":{"Tiempo de lectura":"3 minutos"},"schema":{"@context":"https:\/\/schema.org","@graph":[{"@type":"WebPage","@id":"https:\/\/landioustravel.com\/es\/shop\/tour-luxor-abu-simbel-hurgada\/","url":"https:\/\/landioustravel.com\/es\/shop\/tour-luxor-abu-simbel-hurgada\/","name":"Tour Luxor Abu Simbel Hurgada","isPartOf":{"@id":"https:\/\/landioustravel.com\/es\/#website"},"primaryImageOfPage":{"@id":"https:\/\/landioustravel.com\/es\/shop\/tour-luxor-abu-simbel-hurgada\/#primaryimage"},"image":{"@id":"https:\/\/landioustravel.com\/es\/shop\/tour-luxor-abu-simbel-hurgada\/#primaryimage"},"thumbnailUrl":"https:\/\/i0.wp.com\/landioustravel.com\/wp-content\/uploads\/2021\/10\/Philae-temple.jpg?fit=1000%2C500&ssl=1","datePublished":"2021-10-30T06:33:44+00:00","dateModified":"2023-09-18T22:50:02+00:00","description":"Tour Luxor Abu Simbel Hurgada El recorrido le permite realizar algunas actividades tur\u00edsticas. De hecho, puede ver las atracciones de Luxor y","breadcrumb":{"@id":"https:\/\/landioustravel.com\/es\/shop\/tour-luxor-abu-simbel-hurgada\/#breadcrumb"},"inLanguage":"es","potentialAction":[{"@type":"ReadAction","target":["https:\/\/landioustravel.com\/es\/shop\/tour-luxor-abu-simbel-hurgada\/"]}]},{"@type":"ImageObject","inLanguage":"es","@id":"https:\/\/landioustravel.com\/es\/shop\/tour-luxor-abu-simbel-hurgada\/#primaryimage","url":"https:\/\/i0.wp.com\/landioustravel.com\/wp-content\/uploads\/2021\/10\/Philae-temple.jpg?fit=1000%2C500&ssl=1","contentUrl":"https:\/\/i0.wp.com\/landioustravel.com\/wp-content\/uploads\/2021\/10\/Philae-temple.jpg?fit=1000%2C500&ssl=1","width":1000,"height":500,"caption":"Philae Temple"},{"@type":"BreadcrumbList","@id":"https:\/\/landioustravel.com\/es\/shop\/tour-luxor-abu-simbel-hurgada\/#breadcrumb","itemListElement":[{"@type":"ListItem","position":1,"name":"Home","item":"https:\/\/landioustravel.com\/es\/"},{"@type":"ListItem","position":2,"name":"Servicios y Tours","item":"https:\/\/landioustravel.com\/es\/"},{"@type":"ListItem","position":3,"name":"Tour Luxor Abu Simbel Hurgada"}]},{"@type":"WebSite","@id":"https:\/\/landioustravel.com\/es\/#website","url":"https:\/\/landioustravel.com\/es\/","name":"Landious Travel","description":"Tours and Excursions in Egypt","publisher":{"@id":"https:\/\/landioustravel.com\/es\/#organization"},"potentialAction":[{"@type":"SearchAction","target":{"@type":"EntryPoint","urlTemplate":"https:\/\/landioustravel.com\/es\/?s={search_term_string}"},"query-input":{"@type":"PropertyValueSpecification","valueRequired":true,"valueName":"search_term_string"}}],"inLanguage":"es"},{"@type":["Organization","Place"],"@id":"https:\/\/landioustravel.com\/es\/#organization","name":"Landious Travel","alternateName":"Landious Travel","url":"https:\/\/landioustravel.com\/es\/","logo":{"@id":"https:\/\/landioustravel.com\/es\/shop\/tour-luxor-abu-simbel-hurgada\/#local-main-organization-logo"},"image":{"@id":"https:\/\/landioustravel.com\/es\/shop\/tour-luxor-abu-simbel-hurgada\/#local-main-organization-logo"},"sameAs":["https:\/\/web.facebook.com\/landiousEgypt","https:\/\/x.com\/LandiousTours","https:\/\/mastodon.social\/@landious"],"legalName":"Landious Travel","telephone":[],"openingHoursSpecification":[{"@type":"OpeningHoursSpecification","dayOfWeek":["Monday","Tuesday","Wednesday","Thursday","Friday","Saturday","Sunday"],"opens":"09:00","closes":"17:00"}]},{"@type":"ImageObject","inLanguage":"es","@id":"https:\/\/landioustravel.com\/es\/shop\/tour-luxor-abu-simbel-hurgada\/#local-main-organization-logo","url":"https:\/\/i0.wp.com\/landioustravel.com\/wp-content\/uploads\/2021\/06\/Landious-T.png?fit=500%2C500&ssl=1","contentUrl":"https:\/\/i0.wp.com\/landioustravel.com\/wp-content\/uploads\/2021\/06\/Landious-T.png?fit=500%2C500&ssl=1","width":500,"height":500,"caption":"Landious Travel"}]}},"jetpack_publicize_connections":[],"uagb_featured_image_src":{"full":["https:\/\/i0.wp.com\/landioustravel.com\/wp-content\/uploads\/2021\/10\/Philae-temple.jpg?fit=1000%2C500&ssl=1",1000,500,false],"thumbnail":["https:\/\/i0.wp.com\/landioustravel.com\/wp-content\/uploads\/2021\/10\/Philae-temple.jpg?resize=150%2C150&ssl=1",150,150,true],"medium":["https:\/\/i0.wp.com\/landioustravel.com\/wp-content\/uploads\/2021\/10\/Philae-temple.jpg?fit=300%2C150&ssl=1",300,150,true],"medium_large":["https:\/\/i0.wp.com\/landioustravel.com\/wp-content\/uploads\/2021\/10\/Philae-temple.jpg?fit=768%2C384&ssl=1",768,384,true],"large":["https:\/\/i0.wp.com\/landioustravel.com\/wp-content\/uploads\/2021\/10\/Philae-temple.jpg?fit=980%2C490&ssl=1",980,490,true],"1536x1536":["https:\/\/i0.wp.com\/landioustravel.com\/wp-content\/uploads\/2021\/10\/Philae-temple.jpg?fit=1000%2C500&ssl=1",1000,500,true],"2048x2048":["https:\/\/i0.wp.com\/landioustravel.com\/wp-content\/uploads\/2021\/10\/Philae-temple.jpg?fit=1000%2C500&ssl=1",1000,500,true],"newspack-article-block-landscape-large":["https:\/\/i0.wp.com\/landioustravel.com\/wp-content\/uploads\/2021\/10\/Philae-temple.jpg?resize=1000%2C500&ssl=1",1000,500,true],"newspack-article-block-portrait-large":["https:\/\/i0.wp.com\/landioustravel.com\/wp-content\/uploads\/2021\/10\/Philae-temple.jpg?resize=900%2C500&ssl=1",900,500,true],"newspack-article-block-square-large":["https:\/\/i0.wp.com\/landioustravel.com\/wp-content\/uploads\/2021\/10\/Philae-temple.jpg?resize=1000%2C500&ssl=1",1000,500,true],"newspack-article-block-landscape-medium":["https:\/\/i0.wp.com\/landioustravel.com\/wp-content\/uploads\/2021\/10\/Philae-temple.jpg?resize=800%2C500&ssl=1",800,500,true],"newspack-article-block-portrait-medium":["https:\/\/i0.wp.com\/landioustravel.com\/wp-content\/uploads\/2021\/10\/Philae-temple.jpg?resize=600%2C500&ssl=1",600,500,true],"newspack-article-block-square-medium":["https:\/\/i0.wp.com\/landioustravel.com\/wp-content\/uploads\/2021\/10\/Philae-temple.jpg?resize=800%2C500&ssl=1",800,500,true],"newspack-article-block-landscape-intermediate":["https:\/\/i0.wp.com\/landioustravel.com\/wp-content\/uploads\/2021\/10\/Philae-temple.jpg?resize=600%2C450&ssl=1",600,450,true],"newspack-article-block-portrait-intermediate":["https:\/\/i0.wp.com\/landioustravel.com\/wp-content\/uploads\/2021\/10\/Philae-temple.jpg?resize=450%2C500&ssl=1",450,500,true],"newspack-article-block-square-intermediate":["https:\/\/i0.wp.com\/landioustravel.com\/wp-content\/uploads\/2021\/10\/Philae-temple.jpg?resize=600%2C500&ssl=1",600,500,true],"newspack-article-block-landscape-small":["https:\/\/i0.wp.com\/landioustravel.com\/wp-content\/uploads\/2021\/10\/Philae-temple.jpg?resize=400%2C300&ssl=1",400,300,true],"newspack-article-block-portrait-small":["https:\/\/i0.wp.com\/landioustravel.com\/wp-content\/uploads\/2021\/10\/Philae-temple.jpg?resize=300%2C400&ssl=1",300,400,true],"newspack-article-block-square-small":["https:\/\/i0.wp.com\/landioustravel.com\/wp-content\/uploads\/2021\/10\/Philae-temple.jpg?resize=400%2C400&ssl=1",400,400,true],"newspack-article-block-landscape-tiny":["https:\/\/i0.wp.com\/landioustravel.com\/wp-content\/uploads\/2021\/10\/Philae-temple.jpg?resize=200%2C150&ssl=1",200,150,true],"newspack-article-block-portrait-tiny":["https:\/\/i0.wp.com\/landioustravel.com\/wp-content\/uploads\/2021\/10\/Philae-temple.jpg?resize=150%2C200&ssl=1",150,200,true],"newspack-article-block-square-tiny":["https:\/\/i0.wp.com\/landioustravel.com\/wp-content\/uploads\/2021\/10\/Philae-temple.jpg?resize=200%2C200&ssl=1",200,200,true],"newspack-article-block-uncropped":["https:\/\/i0.wp.com\/landioustravel.com\/wp-content\/uploads\/2021\/10\/Philae-temple.jpg?fit=1000%2C500&ssl=1",1000,500,true],"woocommerce_thumbnail":["https:\/\/i0.wp.com\/landioustravel.com\/wp-content\/uploads\/2021\/10\/Philae-temple.jpg?resize=324%2C324&ssl=1",324,324,true],"woocommerce_single":["https:\/\/i0.wp.com\/landioustravel.com\/wp-content\/uploads\/2021\/10\/Philae-temple.jpg?fit=416%2C208&ssl=1",416,208,true],"woocommerce_gallery_thumbnail":["https:\/\/i0.wp.com\/landioustravel.com\/wp-content\/uploads\/2021\/10\/Philae-temple.jpg?resize=100%2C100&ssl=1",100,100,true]},"uagb_author_info":{"display_name":"Mofreh Landious","author_link":"https:\/\/landioustravel.com\/es\/author\/"},"uagb_comment_info":0,"uagb_excerpt":"Experimente la grandeza del mundo antiguo con nuestro tour guiado de dos d\u00edas por Luxor y Abu Simbel. Marav\u00edllate ante la vista del templo de Karnak, el templo de la diosa Isis en la isla de Philae, el obelisco inacabado de Hatshepsut y los templos de Rams\u00e9s II. Disfrute de un picnic en barco en&hellip;","jetpack_sharing_enabled":true,"jetpack_likes_enabled":true,"amp_enabled":true,"_links":{"self":[{"href":"https:\/\/landioustravel.com\/es\/wp-json\/wp\/v2\/product\/39576","targetHints":{"allow":["GET"]}}],"collection":[{"href":"https:\/\/landioustravel.com\/es\/wp-json\/wp\/v2\/product"}],"about":[{"href":"https:\/\/landioustravel.com\/es\/wp-json\/wp\/v2\/types\/product"}],"replies":[{"embeddable":true,"href":"https:\/\/landioustravel.com\/es\/wp-json\/wp\/v2\/comments?post=39576"}],"wp:featuredmedia":[{"embeddable":true,"href":"https:\/\/landioustravel.com\/es\/wp-json\/wp\/v2\/media\/127511"}],"wp:attachment":[{"href":"https:\/\/landioustravel.com\/es\/wp-json\/wp\/v2\/media?parent=39576"}],"wp:term":[{"taxonomy":"product_brand","embeddable":true,"href":"https:\/\/landioustravel.com\/es\/wp-json\/wp\/v2\/product_brand?post=39576"},{"taxonomy":"product_cat","embeddable":true,"href":"https:\/\/landioustravel.com\/es\/wp-json\/wp\/v2\/product_cat?post=39576"},{"taxonomy":"product_tag","embeddable":true,"href":"https:\/\/landioustravel.com\/es\/wp-json\/wp\/v2\/product_tag?post=39576"}],"curies":[{"name":"wp","href":"https:\/\/api.w.org\/{rel}","templated":true}]}}