{"id":39719,"date":"2021-11-07T05:25:25","date_gmt":"2021-11-29T03:40:30","guid":{"rendered":"https:\/\/landioustravel.com\/?post_type=product&#038;p=39719"},"modified":"2024-03-19T23:24:17","modified_gmt":"2024-03-19T21:24:17","slug":"viaje-el-cairo-avion-hurghada","status":"publish","type":"product","link":"https:\/\/landioustravel.com\/es\/shop\/viaje-el-cairo-avion-hurghada\/","title":{"rendered":"Viaje a El Cairo en avi\u00f3n Hurghada"},"content":{"rendered":"<p>\u00a1Es un viaje fant\u00e1stico a <a href=\"https:\/\/landioustravel.com\/es\/ciudadela-el-cairo\/\">El Cairo<\/a> desde <a href=\"https:\/\/landioustravel.com\/es\/ciudad-hurghada\/\">Hurghada<\/a> en avi\u00f3n, <a href=\"https:\/\/landioustravel.com\/es\/egipto\/\">Egipto<\/a>! Recomendamos este viaje porque permite a los turistas ver los lugares m\u00e1s impresionantes y aprender m\u00e1s sobre la historia del pa\u00eds. Por supuesto, este viaje se dirige a las grandes pir\u00e1mides y la Esfinge gigante de Giza.<\/p>\n<p>Adem\u00e1s, tambi\u00e9n va al Museo Egipcio de El Cairo. Adicionalmente, los Pasajeros del viaje realizar\u00e1n este tan esperado viaje sin perder mucho tiempo. En general, viajar en avi\u00f3n ahorra tiempo. RESERVA ONLINE VIAJE A CAIRO HURGHADA EN AVI\u00d3N Y MEJOR PRECIO!<\/p>\n<h2>Lo m\u00e1s destacado del viaje a El Cairo desde Hurghada en avi\u00f3n<\/h2>\n<ul>\n<li>Visite el Museo Egipcio en El Cairo.<\/li>\n<li>Almuerzo en restaurante.<\/li>\n<li>Visite las tres pir\u00e1mides de Giza.<\/li>\n<li>Adem\u00e1s, la Gran Esfinge en el complejo piramidal.<\/li>\n<\/ul>\n<h2>Programa de viaje de vuelo a El Cairo &#8211; Giza<\/h2>\n<ul>\n<li>El representante de Landious Travel lo recoger\u00e1 de su hotel, en Hurghada, en un veh\u00edculo con aire acondicionado aproximadamente a las 05:00 am.<\/li>\n<li>Despu\u00e9s de recoger a todos los que lleguen, el autob\u00fas se dirigir\u00e1 al aeropuerto internacional de Hurghada. Se tarda unos 30 minutos en llegar al aeropuerto.<\/li>\n<\/ul>\n<h3>Programa en El Cairo<\/h3>\n<ul>\n<li>Tan pronto como llegues a El Cairo, te mostramos el Museo Egipcio. Este museo tiene alrededor de 100 salas de exposiciones en este museo. Hay una colecci\u00f3n \u00fanica que consta de alrededor de 150 mil art\u00edculos en estas salas. Su gu\u00eda tendr\u00e1 la tarea de mostrar todas las exhibiciones principales en este vasto museo. Adem\u00e1s, te dar\u00e1 tiempo libre para tomar fotograf\u00edas.<\/li>\n<li>Despu\u00e9s de la visita al Museo Egipcio, comenzar\u00e1 el picnic en bote en el r\u00edo Nilo. \u00a1Este viaje al Nilo es un programa adicional y puede reservarlo con anticipaci\u00f3n a trav\u00e9s de nosotros! Tan pronto como termine el picnic en bote en el Nilo, se dirigir\u00e1 a otra ciudad: Giza.<\/li>\n<\/ul>\n<h3>Programa en Giza<\/h3>\n<ul>\n<li>Por supuesto, el viaje contin\u00faa en Giza. La primera parada, en este lugar, ser\u00e1 en el restaurante. Ofrece un buffet libre.<\/li>\n<li>Luego, el grupo continuar\u00e1 hasta el Complejo de Pir\u00e1mides de Giza, donde se encuentran tan grandes pir\u00e1mides y la Esfinge. Una vez m\u00e1s, su gu\u00eda le mostrar\u00e1 estos monumentos y le dar\u00e1 tiempo libre para tomar una foto.<\/li>\n<\/ul>\n<h3>Salida hacia Hurghada<\/h3>\n<ul>\n<li>Finalmente, despu\u00e9s de un programa tan excelente en las ciudades de El Cairo y Giza, se dirigir\u00e1 al aeropuerto de El Cairo.<\/li>\n<li>Este viaje a El Cairo desde Hurghada en avi\u00f3n termina aproximadamente a las 23:00.<\/li>\n<\/ul>\n<h2>\u00bfQu\u00e9 incluye el precio del avi\u00f3n de El Cairo Trip Hurghada?<\/h2>\n<ul>\n<li>Entradas para visitar templos.<\/li>\n<li>Almuerzo.<\/li>\n<li>Gu\u00eda.<\/li>\n<li>traslado al aeropuerto de Hurghada.<\/li>\n<li>Veh\u00edculo en El Cairo.<\/li>\n<li>Adem\u00e1s, traslado desde el aeropuerto de Hurghada de regreso a su hotel.<\/li>\n<\/ul>\n<h2>\u00bfQu\u00e9 no incluye el Programa de El Cairo Tour Hurghada en Avi\u00f3n?<\/h2>\n<ul>\n<li>Programas de excursiones adicionales si no est\u00e1n incluidos en el programa anterior.<\/li>\n<li>Adem\u00e1s, Bebidas.<\/li>\n<\/ul>\n<h2>\u00bfQu\u00e9 llevar contigo en el viaje?<\/h2>\n<ul>\n<li>Caja de desayuno.<\/li>\n<li>Adem\u00e1s, pasaporte.<\/li>\n<\/ul>\n<h2>El Cairo Viaje en avi\u00f3n Hurghada D\u00edas de reserva<\/h2>\n<ul>\n<li>Domingos de 05:00 a 23:00.<\/li>\n<li>Jueves de 05:00 a 23:00.<\/li>\n<li>Adem\u00e1s, los viernes de 05:00 a 23:00.<\/li>\n<\/ul>\n","protected":false},"excerpt":{"rendered":"<p>En el viaje a\u00e9reo a El Cairo-Giza desde Hurghada, ver\u00e1 las tres grandes pir\u00e1mides de Giza y la Gran Esfinge. A continuaci\u00f3n, almorzar\u00e1s. Adem\u00e1s, visitar\u00e1 el Museo Egipcio en la ciudad de El Cairo. Al final del programa de la excursi\u00f3n, har\u00e1 un picnic en barco por el r\u00edo Nilo. Adem\u00e1s, pasear\u00e1s por las calles del Viejo Cairo. El precio del viaje incluye boletos de avi\u00f3n, boletos de entrada y traslados.<\/p>\n","protected":false},"featured_media":2172,"comment_status":"open","ping_status":"closed","template":"","meta":{"_coblocks_attr":"","_coblocks_dimensions":"","_coblocks_responsive_height":"","_coblocks_accordion_ie_support":"","_uag_custom_page_level_css":"","jetpack_publicize_message":"","jetpack_publicize_feature_enabled":true,"jetpack_social_post_already_shared":true,"jetpack_social_options":{"image_generator_settings":{"template":"highway","default_image_id":0,"font":"","enabled":false},"version":2},"_wpas_customize_per_network":false},"product_brand":[],"product_cat":[1789,1785],"product_tag":[],"class_list":{"0":"post-39719","1":"product","2":"type-product","3":"status-publish","4":"has-post-thumbnail","6":"product_cat-excursiones-historicas-hurghada","7":"product_cat-excursiones-en-hurghada","9":"first","10":"outofstock","11":"taxable","12":"shipping-taxable","13":"purchasable","14":"product-type-variable"},"yoast_head":"<!-- This site is optimized with the Yoast SEO Premium plugin v26.9 (Yoast SEO v27.5) - https:\/\/yoast.com\/product\/yoast-seo-premium-wordpress\/ -->\n<title>Viaje a El Cairo en avi\u00f3n Hurghada<\/title>\n<meta name=\"description\" content=\"Viaje a El Cairo en avi\u00f3n Hurghada A continuaci\u00f3n, almorzar\u00e1s. Adem\u00e1s, visitar\u00e1 el Museo Egipcio en la ciudad de El Cairo. Al final del\" \/>\n<meta name=\"robots\" content=\"index, follow, max-snippet:-1, max-image-preview:large, max-video-preview:-1\" \/>\n<link rel=\"canonical\" href=\"https:\/\/landioustravel.com\/es\/shop\/viaje-el-cairo-avion-hurghada\/\" \/>\n<meta property=\"og:locale\" content=\"es_ES\" \/>\n<meta property=\"og:type\" content=\"article\" \/>\n<meta property=\"og:title\" content=\"Viaje a El Cairo en avi\u00f3n Hurghada\" \/>\n<meta property=\"og:description\" content=\"Landious Travel\" \/>\n<meta property=\"og:url\" content=\"https:\/\/landioustravel.com\/es\/shop\/viaje-el-cairo-avion-hurghada\/\" \/>\n<meta property=\"og:site_name\" content=\"Landious Travel\" \/>\n<meta property=\"article:publisher\" content=\"https:\/\/web.facebook.com\/landiousEgypt\" \/>\n<meta property=\"article:modified_time\" content=\"2024-03-19T21:24:17+00:00\" \/>\n<meta property=\"og:image\" content=\"https:\/\/i0.wp.com\/landioustravel.com\/wp-content\/uploads\/2019\/02\/Excursi\u00f3n_a_El_Cairo-Giza_desde_Hurghada-e1638157092875.jpg?fit=1200%2C675&ssl=1\" \/>\n\t<meta property=\"og:image:width\" content=\"1200\" \/>\n\t<meta property=\"og:image:height\" content=\"675\" \/>\n\t<meta property=\"og:image:type\" content=\"image\/jpeg\" \/>\n<meta name=\"twitter:card\" content=\"summary_large_image\" \/>\n<meta name=\"twitter:site\" content=\"@LandiousTours\" \/>\n<meta name=\"twitter:label1\" content=\"Tiempo de lectura\" \/>\n\t<meta name=\"twitter:data1\" content=\"3 minutos\" \/>\n<script type=\"application\/ld+json\" class=\"yoast-schema-graph\">{\"@context\":\"https:\\\/\\\/schema.org\",\"@graph\":[{\"@type\":\"WebPage\",\"@id\":\"https:\\\/\\\/landioustravel.com\\\/es\\\/shop\\\/viaje-el-cairo-avion-hurghada\\\/\",\"url\":\"https:\\\/\\\/landioustravel.com\\\/es\\\/shop\\\/viaje-el-cairo-avion-hurghada\\\/\",\"name\":\"Viaje a El Cairo en avi\u00f3n Hurghada\",\"isPartOf\":{\"@id\":\"https:\\\/\\\/landioustravel.com\\\/es\\\/#website\"},\"primaryImageOfPage\":{\"@id\":\"https:\\\/\\\/landioustravel.com\\\/es\\\/shop\\\/viaje-el-cairo-avion-hurghada\\\/#primaryimage\"},\"image\":{\"@id\":\"https:\\\/\\\/landioustravel.com\\\/es\\\/shop\\\/viaje-el-cairo-avion-hurghada\\\/#primaryimage\"},\"thumbnailUrl\":\"https:\\\/\\\/i0.wp.com\\\/landioustravel.com\\\/wp-content\\\/uploads\\\/2019\\\/02\\\/Excursi%C3%B3n_a_El_Cairo-Giza_desde_Hurghada-e1638157092875.jpg?fit=1200%2C675&ssl=1\",\"datePublished\":\"2021-11-29T03:40:30+00:00\",\"dateModified\":\"2024-03-19T21:24:17+00:00\",\"description\":\"Viaje a El Cairo en avi\u00f3n Hurghada A continuaci\u00f3n, almorzar\u00e1s. Adem\u00e1s, visitar\u00e1 el Museo Egipcio en la ciudad de El Cairo. Al final del\",\"breadcrumb\":{\"@id\":\"https:\\\/\\\/landioustravel.com\\\/es\\\/shop\\\/viaje-el-cairo-avion-hurghada\\\/#breadcrumb\"},\"inLanguage\":\"es\",\"potentialAction\":[{\"@type\":\"ReadAction\",\"target\":[\"https:\\\/\\\/landioustravel.com\\\/es\\\/shop\\\/viaje-el-cairo-avion-hurghada\\\/\"]}]},{\"@type\":\"ImageObject\",\"inLanguage\":\"es\",\"@id\":\"https:\\\/\\\/landioustravel.com\\\/es\\\/shop\\\/viaje-el-cairo-avion-hurghada\\\/#primaryimage\",\"url\":\"https:\\\/\\\/i0.wp.com\\\/landioustravel.com\\\/wp-content\\\/uploads\\\/2019\\\/02\\\/Excursi%C3%B3n_a_El_Cairo-Giza_desde_Hurghada-e1638157092875.jpg?fit=1200%2C675&ssl=1\",\"contentUrl\":\"https:\\\/\\\/i0.wp.com\\\/landioustravel.com\\\/wp-content\\\/uploads\\\/2019\\\/02\\\/Excursi%C3%B3n_a_El_Cairo-Giza_desde_Hurghada-e1638157092875.jpg?fit=1200%2C675&ssl=1\",\"width\":1200,\"height\":675,\"caption\":\"\u0395\u03ba\u03b4\u03c1\u03bf\u03bc\u03ae \u03c3\u03c4\u03bf \u039a\u03ac\u03b9\u03c1\u03bf-\u0393\u03ba\u03af\u03b6\u03b1 \u03b1\u03c0\u03cc \u03c4\u03b7\u03bd \u03a7\u03bf\u03c5\u03c1\u03b3\u03ba\u03ac\u03bd\u03c4\u03b1\"},{\"@type\":\"BreadcrumbList\",\"@id\":\"https:\\\/\\\/landioustravel.com\\\/es\\\/shop\\\/viaje-el-cairo-avion-hurghada\\\/#breadcrumb\",\"itemListElement\":[{\"@type\":\"ListItem\",\"position\":1,\"name\":\"Home\",\"item\":\"https:\\\/\\\/landioustravel.com\\\/es\\\/\"},{\"@type\":\"ListItem\",\"position\":2,\"name\":\"Servicios y Tours\",\"item\":\"https:\\\/\\\/landioustravel.com\\\/es\\\/\"},{\"@type\":\"ListItem\",\"position\":3,\"name\":\"Viaje a El Cairo en avi\u00f3n Hurghada\"}]},{\"@type\":\"WebSite\",\"@id\":\"https:\\\/\\\/landioustravel.com\\\/es\\\/#website\",\"url\":\"https:\\\/\\\/landioustravel.com\\\/es\\\/\",\"name\":\"Landious Travel\",\"description\":\"Tours and Excursions in Egypt\",\"publisher\":{\"@id\":\"https:\\\/\\\/landioustravel.com\\\/es\\\/#organization\"},\"potentialAction\":[{\"@type\":\"SearchAction\",\"target\":{\"@type\":\"EntryPoint\",\"urlTemplate\":\"https:\\\/\\\/landioustravel.com\\\/es\\\/?s={search_term_string}\"},\"query-input\":{\"@type\":\"PropertyValueSpecification\",\"valueRequired\":true,\"valueName\":\"search_term_string\"}}],\"inLanguage\":\"es\"},{\"@type\":[\"Organization\",\"Place\"],\"@id\":\"https:\\\/\\\/landioustravel.com\\\/es\\\/#organization\",\"name\":\"Landious Travel\",\"alternateName\":\"Landious Travel\",\"url\":\"https:\\\/\\\/landioustravel.com\\\/es\\\/\",\"logo\":{\"@id\":\"https:\\\/\\\/landioustravel.com\\\/es\\\/shop\\\/viaje-el-cairo-avion-hurghada\\\/#local-main-organization-logo\"},\"image\":{\"@id\":\"https:\\\/\\\/landioustravel.com\\\/es\\\/shop\\\/viaje-el-cairo-avion-hurghada\\\/#local-main-organization-logo\"},\"sameAs\":[\"https:\\\/\\\/web.facebook.com\\\/landiousEgypt\",\"https:\\\/\\\/x.com\\\/LandiousTours\",\"https:\\\/\\\/mastodon.social\\\/@landious\"],\"legalName\":\"Landious Travel\",\"telephone\":[],\"openingHoursSpecification\":[{\"@type\":\"OpeningHoursSpecification\",\"dayOfWeek\":[\"Monday\",\"Tuesday\",\"Wednesday\",\"Thursday\",\"Friday\",\"Saturday\",\"Sunday\"],\"opens\":\"09:00\",\"closes\":\"17:00\"}]},{\"@type\":\"ImageObject\",\"inLanguage\":\"es\",\"@id\":\"https:\\\/\\\/landioustravel.com\\\/es\\\/shop\\\/viaje-el-cairo-avion-hurghada\\\/#local-main-organization-logo\",\"url\":\"https:\\\/\\\/i0.wp.com\\\/landioustravel.com\\\/wp-content\\\/uploads\\\/2021\\\/06\\\/Landious-T.png?fit=500%2C500&ssl=1\",\"contentUrl\":\"https:\\\/\\\/i0.wp.com\\\/landioustravel.com\\\/wp-content\\\/uploads\\\/2021\\\/06\\\/Landious-T.png?fit=500%2C500&ssl=1\",\"width\":500,\"height\":500,\"caption\":\"Landious Travel\"}]}<\/script>\n<!-- \/ Yoast SEO Premium plugin. -->","yoast_head_json":{"title":"Viaje a El Cairo en avi\u00f3n Hurghada","description":"Viaje a El Cairo en avi\u00f3n Hurghada A continuaci\u00f3n, almorzar\u00e1s. Adem\u00e1s, visitar\u00e1 el Museo Egipcio en la ciudad de El Cairo. Al final del","robots":{"index":"index","follow":"follow","max-snippet":"max-snippet:-1","max-image-preview":"max-image-preview:large","max-video-preview":"max-video-preview:-1"},"canonical":"https:\/\/landioustravel.com\/es\/shop\/viaje-el-cairo-avion-hurghada\/","og_locale":"es_ES","og_type":"article","og_title":"Viaje a El Cairo en avi\u00f3n Hurghada","og_description":"Landious Travel","og_url":"https:\/\/landioustravel.com\/es\/shop\/viaje-el-cairo-avion-hurghada\/","og_site_name":"Landious Travel","article_publisher":"https:\/\/web.facebook.com\/landiousEgypt","article_modified_time":"2024-03-19T21:24:17+00:00","og_image":[{"width":1200,"height":675,"url":"https:\/\/i0.wp.com\/landioustravel.com\/wp-content\/uploads\/2019\/02\/Excursi\u00f3n_a_El_Cairo-Giza_desde_Hurghada-e1638157092875.jpg?fit=1200%2C675&ssl=1","type":"image\/jpeg"}],"twitter_card":"summary_large_image","twitter_site":"@LandiousTours","twitter_misc":{"Tiempo de lectura":"3 minutos"},"schema":{"@context":"https:\/\/schema.org","@graph":[{"@type":"WebPage","@id":"https:\/\/landioustravel.com\/es\/shop\/viaje-el-cairo-avion-hurghada\/","url":"https:\/\/landioustravel.com\/es\/shop\/viaje-el-cairo-avion-hurghada\/","name":"Viaje a El Cairo en avi\u00f3n Hurghada","isPartOf":{"@id":"https:\/\/landioustravel.com\/es\/#website"},"primaryImageOfPage":{"@id":"https:\/\/landioustravel.com\/es\/shop\/viaje-el-cairo-avion-hurghada\/#primaryimage"},"image":{"@id":"https:\/\/landioustravel.com\/es\/shop\/viaje-el-cairo-avion-hurghada\/#primaryimage"},"thumbnailUrl":"https:\/\/i0.wp.com\/landioustravel.com\/wp-content\/uploads\/2019\/02\/Excursi%C3%B3n_a_El_Cairo-Giza_desde_Hurghada-e1638157092875.jpg?fit=1200%2C675&ssl=1","datePublished":"2021-11-29T03:40:30+00:00","dateModified":"2024-03-19T21:24:17+00:00","description":"Viaje a El Cairo en avi\u00f3n Hurghada A continuaci\u00f3n, almorzar\u00e1s. Adem\u00e1s, visitar\u00e1 el Museo Egipcio en la ciudad de El Cairo. Al final del","breadcrumb":{"@id":"https:\/\/landioustravel.com\/es\/shop\/viaje-el-cairo-avion-hurghada\/#breadcrumb"},"inLanguage":"es","potentialAction":[{"@type":"ReadAction","target":["https:\/\/landioustravel.com\/es\/shop\/viaje-el-cairo-avion-hurghada\/"]}]},{"@type":"ImageObject","inLanguage":"es","@id":"https:\/\/landioustravel.com\/es\/shop\/viaje-el-cairo-avion-hurghada\/#primaryimage","url":"https:\/\/i0.wp.com\/landioustravel.com\/wp-content\/uploads\/2019\/02\/Excursi%C3%B3n_a_El_Cairo-Giza_desde_Hurghada-e1638157092875.jpg?fit=1200%2C675&ssl=1","contentUrl":"https:\/\/i0.wp.com\/landioustravel.com\/wp-content\/uploads\/2019\/02\/Excursi%C3%B3n_a_El_Cairo-Giza_desde_Hurghada-e1638157092875.jpg?fit=1200%2C675&ssl=1","width":1200,"height":675,"caption":"\u0395\u03ba\u03b4\u03c1\u03bf\u03bc\u03ae \u03c3\u03c4\u03bf \u039a\u03ac\u03b9\u03c1\u03bf-\u0393\u03ba\u03af\u03b6\u03b1 \u03b1\u03c0\u03cc \u03c4\u03b7\u03bd \u03a7\u03bf\u03c5\u03c1\u03b3\u03ba\u03ac\u03bd\u03c4\u03b1"},{"@type":"BreadcrumbList","@id":"https:\/\/landioustravel.com\/es\/shop\/viaje-el-cairo-avion-hurghada\/#breadcrumb","itemListElement":[{"@type":"ListItem","position":1,"name":"Home","item":"https:\/\/landioustravel.com\/es\/"},{"@type":"ListItem","position":2,"name":"Servicios y Tours","item":"https:\/\/landioustravel.com\/es\/"},{"@type":"ListItem","position":3,"name":"Viaje a El Cairo en avi\u00f3n Hurghada"}]},{"@type":"WebSite","@id":"https:\/\/landioustravel.com\/es\/#website","url":"https:\/\/landioustravel.com\/es\/","name":"Landious Travel","description":"Tours and Excursions in Egypt","publisher":{"@id":"https:\/\/landioustravel.com\/es\/#organization"},"potentialAction":[{"@type":"SearchAction","target":{"@type":"EntryPoint","urlTemplate":"https:\/\/landioustravel.com\/es\/?s={search_term_string}"},"query-input":{"@type":"PropertyValueSpecification","valueRequired":true,"valueName":"search_term_string"}}],"inLanguage":"es"},{"@type":["Organization","Place"],"@id":"https:\/\/landioustravel.com\/es\/#organization","name":"Landious Travel","alternateName":"Landious Travel","url":"https:\/\/landioustravel.com\/es\/","logo":{"@id":"https:\/\/landioustravel.com\/es\/shop\/viaje-el-cairo-avion-hurghada\/#local-main-organization-logo"},"image":{"@id":"https:\/\/landioustravel.com\/es\/shop\/viaje-el-cairo-avion-hurghada\/#local-main-organization-logo"},"sameAs":["https:\/\/web.facebook.com\/landiousEgypt","https:\/\/x.com\/LandiousTours","https:\/\/mastodon.social\/@landious"],"legalName":"Landious Travel","telephone":[],"openingHoursSpecification":[{"@type":"OpeningHoursSpecification","dayOfWeek":["Monday","Tuesday","Wednesday","Thursday","Friday","Saturday","Sunday"],"opens":"09:00","closes":"17:00"}]},{"@type":"ImageObject","inLanguage":"es","@id":"https:\/\/landioustravel.com\/es\/shop\/viaje-el-cairo-avion-hurghada\/#local-main-organization-logo","url":"https:\/\/i0.wp.com\/landioustravel.com\/wp-content\/uploads\/2021\/06\/Landious-T.png?fit=500%2C500&ssl=1","contentUrl":"https:\/\/i0.wp.com\/landioustravel.com\/wp-content\/uploads\/2021\/06\/Landious-T.png?fit=500%2C500&ssl=1","width":500,"height":500,"caption":"Landious Travel"}]}},"jetpack_publicize_connections":[],"uagb_featured_image_src":{"full":["https:\/\/i0.wp.com\/landioustravel.com\/wp-content\/uploads\/2019\/02\/Excursi%C3%B3n_a_El_Cairo-Giza_desde_Hurghada-e1638157092875.jpg?fit=1200%2C675&ssl=1",1200,675,false],"thumbnail":["https:\/\/i0.wp.com\/landioustravel.com\/wp-content\/uploads\/2019\/02\/Excursi%C3%B3n_a_El_Cairo-Giza_desde_Hurghada-e1638157092875.jpg?resize=150%2C150&ssl=1",150,150,true],"medium":["https:\/\/i0.wp.com\/landioustravel.com\/wp-content\/uploads\/2019\/02\/Excursi%C3%B3n_a_El_Cairo-Giza_desde_Hurghada-e1638157092875.jpg?fit=300%2C169&ssl=1",300,169,true],"medium_large":["https:\/\/i0.wp.com\/landioustravel.com\/wp-content\/uploads\/2019\/02\/Excursi%C3%B3n_a_El_Cairo-Giza_desde_Hurghada-e1638157092875.jpg?fit=768%2C432&ssl=1",768,432,true],"large":["https:\/\/i0.wp.com\/landioustravel.com\/wp-content\/uploads\/2019\/02\/Excursi%C3%B3n_a_El_Cairo-Giza_desde_Hurghada-e1638157092875.jpg?fit=980%2C551&ssl=1",980,551,true],"1536x1536":["https:\/\/i0.wp.com\/landioustravel.com\/wp-content\/uploads\/2019\/02\/Excursi%C3%B3n_a_El_Cairo-Giza_desde_Hurghada-e1638157092875.jpg?fit=1536%2C864&ssl=1",1536,864,true],"2048x2048":["https:\/\/i0.wp.com\/landioustravel.com\/wp-content\/uploads\/2019\/02\/Excursi%C3%B3n_a_El_Cairo-Giza_desde_Hurghada-e1638157092875.jpg?fit=1200%2C675&ssl=1",1200,675,true],"newspack-article-block-landscape-large":["https:\/\/i0.wp.com\/landioustravel.com\/wp-content\/uploads\/2019\/02\/Excursi%C3%B3n_a_El_Cairo-Giza_desde_Hurghada-e1638157092875.jpg?resize=1200%2C675&ssl=1",1200,900,true],"newspack-article-block-portrait-large":["https:\/\/i0.wp.com\/landioustravel.com\/wp-content\/uploads\/2019\/02\/Excursi%C3%B3n_a_El_Cairo-Giza_desde_Hurghada-e1638157092875.jpg?resize=900%2C675&ssl=1",900,922,true],"newspack-article-block-square-large":["https:\/\/i0.wp.com\/landioustravel.com\/wp-content\/uploads\/2019\/02\/Excursi%C3%B3n_a_El_Cairo-Giza_desde_Hurghada-e1638157092875.jpg?resize=1200%2C675&ssl=1",1200,922,true],"newspack-article-block-landscape-medium":["https:\/\/i0.wp.com\/landioustravel.com\/wp-content\/uploads\/2019\/02\/Excursi%C3%B3n_a_El_Cairo-Giza_desde_Hurghada-e1638157092875.jpg?resize=800%2C600&ssl=1",800,600,true],"newspack-article-block-portrait-medium":["https:\/\/i0.wp.com\/landioustravel.com\/wp-content\/uploads\/2019\/02\/Excursi%C3%B3n_a_El_Cairo-Giza_desde_Hurghada-e1638157092875.jpg?resize=600%2C675&ssl=1",600,800,true],"newspack-article-block-square-medium":["https:\/\/i0.wp.com\/landioustravel.com\/wp-content\/uploads\/2019\/02\/Excursi%C3%B3n_a_El_Cairo-Giza_desde_Hurghada-e1638157092875.jpg?resize=800%2C675&ssl=1",800,800,true],"newspack-article-block-landscape-intermediate":["https:\/\/i0.wp.com\/landioustravel.com\/wp-content\/uploads\/2019\/02\/Excursi%C3%B3n_a_El_Cairo-Giza_desde_Hurghada-e1638157092875.jpg?resize=600%2C450&ssl=1",600,450,true],"newspack-article-block-portrait-intermediate":["https:\/\/i0.wp.com\/landioustravel.com\/wp-content\/uploads\/2019\/02\/Excursi%C3%B3n_a_El_Cairo-Giza_desde_Hurghada-e1638157092875.jpg?resize=450%2C600&ssl=1",450,600,true],"newspack-article-block-square-intermediate":["https:\/\/i0.wp.com\/landioustravel.com\/wp-content\/uploads\/2019\/02\/Excursi%C3%B3n_a_El_Cairo-Giza_desde_Hurghada-e1638157092875.jpg?resize=600%2C600&ssl=1",600,600,true],"newspack-article-block-landscape-small":["https:\/\/i0.wp.com\/landioustravel.com\/wp-content\/uploads\/2019\/02\/Excursi%C3%B3n_a_El_Cairo-Giza_desde_Hurghada-e1638157092875.jpg?resize=400%2C300&ssl=1",400,300,true],"newspack-article-block-portrait-small":["https:\/\/i0.wp.com\/landioustravel.com\/wp-content\/uploads\/2019\/02\/Excursi%C3%B3n_a_El_Cairo-Giza_desde_Hurghada-e1638157092875.jpg?resize=300%2C400&ssl=1",300,400,true],"newspack-article-block-square-small":["https:\/\/i0.wp.com\/landioustravel.com\/wp-content\/uploads\/2019\/02\/Excursi%C3%B3n_a_El_Cairo-Giza_desde_Hurghada-e1638157092875.jpg?resize=400%2C400&ssl=1",400,400,true],"newspack-article-block-landscape-tiny":["https:\/\/i0.wp.com\/landioustravel.com\/wp-content\/uploads\/2019\/02\/Excursi%C3%B3n_a_El_Cairo-Giza_desde_Hurghada-e1638157092875.jpg?resize=200%2C150&ssl=1",200,150,true],"newspack-article-block-portrait-tiny":["https:\/\/i0.wp.com\/landioustravel.com\/wp-content\/uploads\/2019\/02\/Excursi%C3%B3n_a_El_Cairo-Giza_desde_Hurghada-e1638157092875.jpg?resize=150%2C200&ssl=1",150,200,true],"newspack-article-block-square-tiny":["https:\/\/i0.wp.com\/landioustravel.com\/wp-content\/uploads\/2019\/02\/Excursi%C3%B3n_a_El_Cairo-Giza_desde_Hurghada-e1638157092875.jpg?resize=200%2C200&ssl=1",200,200,true],"newspack-article-block-uncropped":["https:\/\/i0.wp.com\/landioustravel.com\/wp-content\/uploads\/2019\/02\/Excursi%C3%B3n_a_El_Cairo-Giza_desde_Hurghada-e1638157092875.jpg?fit=1200%2C675&ssl=1",1200,675,true],"woocommerce_thumbnail":["https:\/\/i0.wp.com\/landioustravel.com\/wp-content\/uploads\/2019\/02\/Excursi%C3%B3n_a_El_Cairo-Giza_desde_Hurghada-e1638157092875.jpg?resize=324%2C324&ssl=1",324,324,true],"woocommerce_single":["https:\/\/i0.wp.com\/landioustravel.com\/wp-content\/uploads\/2019\/02\/Excursi%C3%B3n_a_El_Cairo-Giza_desde_Hurghada-e1638157092875.jpg?fit=416%2C234&ssl=1",416,234,true],"woocommerce_gallery_thumbnail":["https:\/\/i0.wp.com\/landioustravel.com\/wp-content\/uploads\/2019\/02\/Excursi%C3%B3n_a_El_Cairo-Giza_desde_Hurghada-e1638157092875.jpg?resize=100%2C100&ssl=1",100,100,true]},"uagb_author_info":{"display_name":"Mofreh Landious","author_link":"https:\/\/landioustravel.com\/es\/author\/"},"uagb_comment_info":0,"uagb_excerpt":"En el viaje a\u00e9reo a El Cairo-Giza desde Hurghada, ver\u00e1 las tres grandes pir\u00e1mides de Giza y la Gran Esfinge. A continuaci\u00f3n, almorzar\u00e1s. Adem\u00e1s, visitar\u00e1 el Museo Egipcio en la ciudad de El Cairo. Al final del programa de la excursi\u00f3n, har\u00e1 un picnic en barco por el r\u00edo Nilo. Adem\u00e1s, pasear\u00e1s por las calles&hellip;","jetpack_sharing_enabled":true,"jetpack_likes_enabled":true,"amp_enabled":true,"_links":{"self":[{"href":"https:\/\/landioustravel.com\/es\/wp-json\/wp\/v2\/product\/39719","targetHints":{"allow":["GET"]}}],"collection":[{"href":"https:\/\/landioustravel.com\/es\/wp-json\/wp\/v2\/product"}],"about":[{"href":"https:\/\/landioustravel.com\/es\/wp-json\/wp\/v2\/types\/product"}],"replies":[{"embeddable":true,"href":"https:\/\/landioustravel.com\/es\/wp-json\/wp\/v2\/comments?post=39719"}],"wp:featuredmedia":[{"embeddable":true,"href":"https:\/\/landioustravel.com\/es\/wp-json\/wp\/v2\/media\/2172"}],"wp:attachment":[{"href":"https:\/\/landioustravel.com\/es\/wp-json\/wp\/v2\/media?parent=39719"}],"wp:term":[{"taxonomy":"product_brand","embeddable":true,"href":"https:\/\/landioustravel.com\/es\/wp-json\/wp\/v2\/product_brand?post=39719"},{"taxonomy":"product_cat","embeddable":true,"href":"https:\/\/landioustravel.com\/es\/wp-json\/wp\/v2\/product_cat?post=39719"},{"taxonomy":"product_tag","embeddable":true,"href":"https:\/\/landioustravel.com\/es\/wp-json\/wp\/v2\/product_tag?post=39719"}],"curies":[{"name":"wp","href":"https:\/\/api.w.org\/{rel}","templated":true}]}}