{"id":39885,"date":"2021-01-06T18:12:44","date_gmt":"2021-01-06T16:12:44","guid":{"rendered":"https:\/\/landioustravel.com\/?post_type=product&#038;p=39885"},"modified":"2026-01-28T19:14:50","modified_gmt":"2026-01-28T17:14:50","slug":"viaje-petra-dahab","status":"publish","type":"product","link":"https:\/\/landioustravel.com\/es\/shop\/viaje-petra-dahab\/","title":{"rendered":"Viaje a Petra desde Dahab"},"content":{"rendered":"<p>RESERVA EN L\u00cdNEA VIAJE A PETRA DESDE DAHAB Y MEJOR PRECIO! \u00a1Es un hermoso recorrido tur\u00edstico a Petra desde Dahab, Egipto! Recomendamos esta excursi\u00f3n porque permite a los turistas ver los lugares m\u00e1s impresionantes de Petra, Jordania. Y, por supuesto, proporciona una parte de la historia de este lugar. De hecho, \u00a1es uno de los mejores viajes de historia y cultura que puedes hacer en Dahab! \u00a1No te pierdas descubrir la ciudad perdida de Petra! Te damos nuestra recomendaci\u00f3n para hacer una experiencia tan fant\u00e1stica.<\/p>\n<h2>Aspectos destacados del viaje a Petra desde Dahab<\/h2>\n<ul>\n<li>Camina por el ca\u00f1\u00f3n de Siq.<\/li>\n<li>Visite Al Khazneh o el Gran Tesoro del Fara\u00f3n.<\/li>\n<li>Luego, visite el Teatro Romano y las Tumbas Reales.<\/li>\n<li>Almuerzo.<\/li>\n<li>Adem\u00e1s, visite el Fuerte Al Habis.<\/li>\n<\/ul>\n<h2>Programa de Tour a Petra en Jordania<\/h2>\n<ul>\n<li>Hora de inicio y recogida. El representante de Landious Travel lo recoger\u00e1 de su hotel en Dahab aproximadamente a las 02:00 A.M.<\/li>\n<li>Destino. Y luego, el minib\u00fas sale hacia Nuweiba marine despu\u00e9s de recoger a todos los que lleguen. Por supuesto, su autob\u00fas pasa por la ciudad de Dahab en su camino hacia el puerto de Nuweiba. Se tarda aproximadamente 3 horas en llegar al puerto de Nuweiba. Por cierto, las ciudades de Dahab y Nuweiba se extienden a lo largo de la costa del Mar Rojo hasta el norte de Sharm El-Sheikh.<\/li>\n<li>Viaje en ferry. Luego, navega a bordo de un ferry a Jordania.<\/li>\n<\/ul>\n<h3>Programa en Jordania<\/h3>\n<ul>\n<li>Visita a Petra. Tan pronto como est\u00e9s en Jordania, te diriges a la famosa ciudad de Petra para comenzar tu viaje a este lugar.<\/li>\n<li>Canyon Walk. Una vez que llegue a Petra, comenzar\u00e1 su viaje con un paseo por el ca\u00f1\u00f3n de Siq. Este ca\u00f1\u00f3n tiene un kil\u00f3metro de largo y tiene hermosas formaciones de arenisca. Adem\u00e1s, \u00a1es una obra maestra maravillosa que da forma a la fachada de una monta\u00f1a de arenisca!<\/li>\n<li>Tesoro del fara\u00f3n. Sorprendentemente, el ca\u00f1\u00f3n de Siq te lleva al tesoro del fara\u00f3n: \u00a1Al Khazneh! \u00a1El Tesoro se encuentra en el coraz\u00f3n del desierto con una vista tan impresionante! Despu\u00e9s de eso, visita Al Khazneh.<\/li>\n<li>Visita al Teatro Romano. Cuando finalice la visita a Al Khazneh, explorar\u00e1 el teatro romano y las tumbas reales. Estas tumbas se remontan a la \u00e9poca bizantina.<\/li>\n<li>Almuerzo. M\u00e1s tarde, te diriges al restaurante. Por supuesto, el almuerzo viene despu\u00e9s de la visita a estos interesantes monumentos hist\u00f3ricos. Este almuerzo ser\u00e1 en uno de los mejores restaurantes de Petra.<\/li>\n<li>Fuerte Al Habis. Por supuesto, contin\u00faa su viaje en Petra, visitando el Fuerte Al Habis. Este Fuerte se encuentra en la cima de una colina. De hecho, \u00a1la impresionante vista panor\u00e1mica de profundos barrancos y formaciones rocosas de colores deja impresiones tan hermosas en tu alma! Adem\u00e1s, se remonta al siglo XII.<\/li>\n<li>Salida. Finalmente, nuestro autob\u00fas sale de regreso despu\u00e9s de un programa de este tipo en la hermosa ciudad de Petra hacia el puerto de Aqaba.<\/li>\n<li>Hora de finalizaci\u00f3n. Este \u00abViaje a Petra desde Dahab\u00bb termina aproximadamente a las 23:00 del d\u00eda siguiente.<\/li>\n<\/ul>\n<h2>\u00bfQu\u00e9 incluye el precio de la excursi\u00f3n a Petra desde Dahab?<\/h2>\n<ul>\n<li>Entradas para visitar templos.<\/li>\n<li>Almuerzo.<\/li>\n<li>Gu\u00eda.<\/li>\n<li>Adem\u00e1s, el precio incluye todos los traslados a Petra en Jordania y de regreso al hotel.<\/li>\n<\/ul>\n<h2>\u00bfQu\u00e9 no incluye el programa de viaje a Petra desde Dahab?<\/h2>\n<ul>\n<li>Programas de excursiones adicionales si no est\u00e1n incluidos en el programa mencionado anteriormente.<\/li>\n<li>Adem\u00e1s, las bebidas en el restaurante tienen un cargo extra.<\/li>\n<\/ul>\n<h2>\u00bfQu\u00e9 llevar para el viaje a Petra?<\/h2>\n<ul>\n<li>Caja de desayuno.<\/li>\n<li>Pasaporte.<\/li>\n<li>Adem\u00e1s, traiga ropa para la temporada.<\/li>\n<\/ul>\n<h2>Viaje a Petra desde Dahab d\u00edas de reserva<\/h2>\n<ul>\n<li>Martes de 02:00 a 22:00 del d\u00eda siguiente.<\/li>\n<li>Adem\u00e1s, los viernes de 02:00 a 22:00 del d\u00eda siguiente.<\/li>\n<\/ul>\n","protected":false},"excerpt":{"rendered":"<p>Experimente la atracci\u00f3n ic\u00f3nica de la antigua ciudad de Petra, en Jordania, incluso con tiempo limitado en el \u00e1rea. Nuestro tour de un d\u00eda completo desde Dahab, Egipto, es sencillo e incluye todos los traslados, traslado de ida y vuelta al hotel y navegaci\u00f3n de Taba a Aqaba. Con todas las entradas y el almuerzo incluidos, no hay costos adicionales. Nuestro gu\u00eda experto le brindar\u00e1 informaci\u00f3n sobre la ciudad antigua y su fascinante historia. Durante el recorrido, visitar\u00e1 la ciudad hist\u00f3rica y arqueol\u00f3gica de Petra en Jordania, el antiguo museo nabateo, el teatro romano, las tumbas del arco iris y el Ca\u00f1\u00f3n. Ac\u00e9rquese a la cultura nabatea y observe c\u00f3mo esculpieron sus casas, templos y tumbas en las rocas. Pasaremos a recogeros por vuestro hotel de Dahab en un moderno autob\u00fas con aire acondicionado hasta el puerto de Taba, donde tomar\u00e9is un ferry hasta el puerto de Aqaba. Desde all\u00ed, lo trasladar\u00e1n en un veh\u00edculo con aire acondicionado durante aproximadamente 1,5 horas a la ciudad rosada de Petra. Al llegar al Centro de Visitantes, comience a caballo oa pie hasta el Siq, un desfiladero angosto, y contin\u00fae hasta el hermoso Tesoro. Desde all\u00ed, caminar\u00e1s por la Calle de las Fachadas, las Tumbas Reales y Qasr Al Bent. Despu\u00e9s de su recorrido de un d\u00eda, navegar\u00e1 de regreso desde el puerto de Aqaba al puerto de Taba y luego ser\u00e1 trasladado a su hotel en Dahab. Disfruta de un viaje asombroso e impresionante, y crea recuerdos inolvidables caminando entre las tumbas excavadas en la roca y las fachadas de Petra, la ciudad rosada. Tambi\u00e9n ofrecemos una incre\u00edble excursi\u00f3n de un d\u00eda a Petra y Wadi Rum desde el puerto de Aqaba, donde visitar\u00e1 los lugares m\u00e1s famosos de Jordania. Lo recogeremos de su hotel en Dahab en un moderno autob\u00fas con aire acondicionado hasta el puerto de Aqaba, tomaremos un ferry hasta el puerto de Aqaba y luego lo recogeremos en el puerto de Aqaba por la puerta de salida del crucero. Despu\u00e9s de eso, ser\u00e1 trasladado en un veh\u00edculo con aire acondicionado durante aproximadamente 1,5 horas a la ciudad rosa roja en Petra. Al llegar al Centro de Visitantes, comience a caballo oa pie hasta el Siq, un desfiladero angosto, y contin\u00fae hasta el hermoso Tesoro. Desde all\u00ed, caminar\u00e1s por la Calle de las Fachadas, las Tumbas Reales y Qasr Al Bent. Despu\u00e9s de su recorrido de un d\u00eda, navegar\u00e1 de regreso desde el puerto de Aqaba al puerto de Aqaba y luego ser\u00e1 trasladado a su hotel en Dahab. No te pierdas este destino imperdible en Oriente Medio. Reserve su recorrido hoy!<\/p>\n","protected":false},"featured_media":24700,"comment_status":"open","ping_status":"closed","template":"","meta":{"_coblocks_attr":"","_coblocks_dimensions":"","_coblocks_responsive_height":"","_coblocks_accordion_ie_support":"","_uag_custom_page_level_css":"","jetpack_publicize_message":"","jetpack_publicize_feature_enabled":true,"jetpack_social_post_already_shared":true,"jetpack_social_options":{"image_generator_settings":{"template":"highway","default_image_id":0,"font":"","enabled":false},"version":2},"_wpas_customize_per_network":false},"product_brand":[],"product_cat":[19585],"product_tag":[1797,9907],"class_list":{"0":"post-39885","1":"product","2":"type-product","3":"status-publish","4":"has-post-thumbnail","6":"product_cat-excursiones-dahab","7":"product_tag-excursion-es","8":"product_tag-turismo","9":"pa_age-el-adulto","10":"pa_age-nino-1-4-anos","11":"pa_age-nino-5-11-anos","13":"first","14":"instock","15":"sale","16":"taxable","17":"shipping-taxable","18":"purchasable","19":"product-type-variable"},"yoast_head":"<!-- This site is optimized with the Yoast SEO Premium plugin v27.5 (Yoast SEO v27.5) - https:\/\/yoast.com\/product\/yoast-seo-premium-wordpress\/ -->\n<title>Viaje a Petra desde Dahab<\/title>\n<meta name=\"description\" content=\"Viaje a Petra desde Dahab visite la ciudad hist\u00f3rica y arqueol\u00f3gica de Petra en Jordania, el antiguo museo nabateo, el teatro romano, las\" \/>\n<meta name=\"robots\" content=\"index, follow, max-snippet:-1, max-image-preview:large, max-video-preview:-1\" \/>\n<link rel=\"canonical\" href=\"https:\/\/landioustravel.com\/es\/shop\/viaje-petra-dahab\/\" \/>\n<meta property=\"og:locale\" content=\"es_ES\" \/>\n<meta property=\"og:type\" content=\"article\" \/>\n<meta property=\"og:title\" content=\"Viaje a Petra desde Dahab\" \/>\n<meta property=\"og:description\" content=\"Landious Travel\" \/>\n<meta property=\"og:url\" content=\"https:\/\/landioustravel.com\/es\/shop\/viaje-petra-dahab\/\" \/>\n<meta property=\"og:site_name\" content=\"Landious Travel\" \/>\n<meta property=\"article:publisher\" content=\"https:\/\/web.facebook.com\/landiousEgypt\" \/>\n<meta property=\"article:modified_time\" content=\"2026-01-28T17:14:50+00:00\" \/>\n<meta property=\"og:image\" content=\"https:\/\/i0.wp.com\/landioustravel.com\/wp-content\/uploads\/2020\/10\/petra_trip_sharm-e1617489481347.jpg?fit=1200%2C675&ssl=1\" \/>\n\t<meta property=\"og:image:width\" content=\"1200\" \/>\n\t<meta property=\"og:image:height\" content=\"675\" \/>\n\t<meta property=\"og:image:type\" content=\"image\/jpeg\" \/>\n<meta name=\"twitter:card\" content=\"summary_large_image\" \/>\n<meta name=\"twitter:site\" content=\"@LandiousTours\" \/>\n<meta name=\"twitter:label1\" content=\"Tiempo de lectura\" \/>\n\t<meta name=\"twitter:data1\" content=\"3 minutos\" \/>\n<script type=\"application\/ld+json\" class=\"yoast-schema-graph\">{\"@context\":\"https:\\\/\\\/schema.org\",\"@graph\":[{\"@type\":\"WebPage\",\"@id\":\"https:\\\/\\\/landioustravel.com\\\/es\\\/shop\\\/viaje-petra-dahab\\\/\",\"url\":\"https:\\\/\\\/landioustravel.com\\\/es\\\/shop\\\/viaje-petra-dahab\\\/\",\"name\":\"Viaje a Petra desde Dahab\",\"isPartOf\":{\"@id\":\"https:\\\/\\\/landioustravel.com\\\/es\\\/#website\"},\"primaryImageOfPage\":{\"@id\":\"https:\\\/\\\/landioustravel.com\\\/es\\\/shop\\\/viaje-petra-dahab\\\/#primaryimage\"},\"image\":{\"@id\":\"https:\\\/\\\/landioustravel.com\\\/es\\\/shop\\\/viaje-petra-dahab\\\/#primaryimage\"},\"thumbnailUrl\":\"https:\\\/\\\/i0.wp.com\\\/landioustravel.com\\\/wp-content\\\/uploads\\\/2020\\\/10\\\/petra_trip_sharm-e1617489481347.jpg?fit=1200%2C675&ssl=1\",\"datePublished\":\"2021-01-06T16:12:44+00:00\",\"dateModified\":\"2026-01-28T17:14:50+00:00\",\"description\":\"Viaje a Petra desde Dahab visite la ciudad hist\u00f3rica y arqueol\u00f3gica de Petra en Jordania, el antiguo museo nabateo, el teatro romano, las\",\"breadcrumb\":{\"@id\":\"https:\\\/\\\/landioustravel.com\\\/es\\\/shop\\\/viaje-petra-dahab\\\/#breadcrumb\"},\"inLanguage\":\"es\",\"potentialAction\":[{\"@type\":\"ReadAction\",\"target\":[\"https:\\\/\\\/landioustravel.com\\\/es\\\/shop\\\/viaje-petra-dahab\\\/\"]}]},{\"@type\":\"ImageObject\",\"inLanguage\":\"es\",\"@id\":\"https:\\\/\\\/landioustravel.com\\\/es\\\/shop\\\/viaje-petra-dahab\\\/#primaryimage\",\"url\":\"https:\\\/\\\/i0.wp.com\\\/landioustravel.com\\\/wp-content\\\/uploads\\\/2020\\\/10\\\/petra_trip_sharm-e1617489481347.jpg?fit=1200%2C675&ssl=1\",\"contentUrl\":\"https:\\\/\\\/i0.wp.com\\\/landioustravel.com\\\/wp-content\\\/uploads\\\/2020\\\/10\\\/petra_trip_sharm-e1617489481347.jpg?fit=1200%2C675&ssl=1\",\"width\":1200,\"height\":675,\"caption\":\"Services & Tours Excursion to Petra from Sharm El Sheikh\"},{\"@type\":\"BreadcrumbList\",\"@id\":\"https:\\\/\\\/landioustravel.com\\\/es\\\/shop\\\/viaje-petra-dahab\\\/#breadcrumb\",\"itemListElement\":[{\"@type\":\"ListItem\",\"position\":1,\"name\":\"Home\",\"item\":\"https:\\\/\\\/landioustravel.com\\\/es\\\/\"},{\"@type\":\"ListItem\",\"position\":2,\"name\":\"Servicios y Tours\",\"item\":\"https:\\\/\\\/landioustravel.com\\\/es\\\/\"},{\"@type\":\"ListItem\",\"position\":3,\"name\":\"Viaje a Petra desde Dahab\"}]},{\"@type\":\"WebSite\",\"@id\":\"https:\\\/\\\/landioustravel.com\\\/es\\\/#website\",\"url\":\"https:\\\/\\\/landioustravel.com\\\/es\\\/\",\"name\":\"Landious Travel\",\"description\":\"Tours and Excursions in Egypt\",\"publisher\":{\"@id\":\"https:\\\/\\\/landioustravel.com\\\/es\\\/#organization\"},\"potentialAction\":[{\"@type\":\"SearchAction\",\"target\":{\"@type\":\"EntryPoint\",\"urlTemplate\":\"https:\\\/\\\/landioustravel.com\\\/es\\\/?s={search_term_string}\"},\"query-input\":{\"@type\":\"PropertyValueSpecification\",\"valueRequired\":true,\"valueName\":\"search_term_string\"}}],\"inLanguage\":\"es\"},{\"@type\":[\"Organization\",\"Place\"],\"@id\":\"https:\\\/\\\/landioustravel.com\\\/es\\\/#organization\",\"name\":\"Landious Travel\",\"alternateName\":\"Landious Travel\",\"url\":\"https:\\\/\\\/landioustravel.com\\\/es\\\/\",\"logo\":{\"@id\":\"https:\\\/\\\/landioustravel.com\\\/es\\\/shop\\\/viaje-petra-dahab\\\/#local-main-organization-logo\"},\"image\":{\"@id\":\"https:\\\/\\\/landioustravel.com\\\/es\\\/shop\\\/viaje-petra-dahab\\\/#local-main-organization-logo\"},\"sameAs\":[\"https:\\\/\\\/web.facebook.com\\\/landiousEgypt\",\"https:\\\/\\\/x.com\\\/LandiousTours\",\"https:\\\/\\\/mastodon.social\\\/@landious\"],\"legalName\":\"Landious Travel\",\"telephone\":[],\"openingHoursSpecification\":[{\"@type\":\"OpeningHoursSpecification\",\"dayOfWeek\":[\"Monday\",\"Tuesday\",\"Wednesday\",\"Thursday\",\"Friday\",\"Saturday\",\"Sunday\"],\"opens\":\"09:00\",\"closes\":\"17:00\"}]},{\"@type\":\"ImageObject\",\"inLanguage\":\"es\",\"@id\":\"https:\\\/\\\/landioustravel.com\\\/es\\\/shop\\\/viaje-petra-dahab\\\/#local-main-organization-logo\",\"url\":\"https:\\\/\\\/i0.wp.com\\\/landioustravel.com\\\/wp-content\\\/uploads\\\/2021\\\/06\\\/Landious-T.png?fit=500%2C500&ssl=1\",\"contentUrl\":\"https:\\\/\\\/i0.wp.com\\\/landioustravel.com\\\/wp-content\\\/uploads\\\/2021\\\/06\\\/Landious-T.png?fit=500%2C500&ssl=1\",\"width\":500,\"height\":500,\"caption\":\"Landious Travel\"}]}<\/script>\n<!-- \/ Yoast SEO Premium plugin. -->","yoast_head_json":{"title":"Viaje a Petra desde Dahab","description":"Viaje a Petra desde Dahab visite la ciudad hist\u00f3rica y arqueol\u00f3gica de Petra en Jordania, el antiguo museo nabateo, el teatro romano, las","robots":{"index":"index","follow":"follow","max-snippet":"max-snippet:-1","max-image-preview":"max-image-preview:large","max-video-preview":"max-video-preview:-1"},"canonical":"https:\/\/landioustravel.com\/es\/shop\/viaje-petra-dahab\/","og_locale":"es_ES","og_type":"article","og_title":"Viaje a Petra desde Dahab","og_description":"Landious Travel","og_url":"https:\/\/landioustravel.com\/es\/shop\/viaje-petra-dahab\/","og_site_name":"Landious Travel","article_publisher":"https:\/\/web.facebook.com\/landiousEgypt","article_modified_time":"2026-01-28T17:14:50+00:00","og_image":[{"width":1200,"height":675,"url":"https:\/\/i0.wp.com\/landioustravel.com\/wp-content\/uploads\/2020\/10\/petra_trip_sharm-e1617489481347.jpg?fit=1200%2C675&ssl=1","type":"image\/jpeg"}],"twitter_card":"summary_large_image","twitter_site":"@LandiousTours","twitter_misc":{"Tiempo de lectura":"3 minutos"},"schema":{"@context":"https:\/\/schema.org","@graph":[{"@type":"WebPage","@id":"https:\/\/landioustravel.com\/es\/shop\/viaje-petra-dahab\/","url":"https:\/\/landioustravel.com\/es\/shop\/viaje-petra-dahab\/","name":"Viaje a Petra desde Dahab","isPartOf":{"@id":"https:\/\/landioustravel.com\/es\/#website"},"primaryImageOfPage":{"@id":"https:\/\/landioustravel.com\/es\/shop\/viaje-petra-dahab\/#primaryimage"},"image":{"@id":"https:\/\/landioustravel.com\/es\/shop\/viaje-petra-dahab\/#primaryimage"},"thumbnailUrl":"https:\/\/i0.wp.com\/landioustravel.com\/wp-content\/uploads\/2020\/10\/petra_trip_sharm-e1617489481347.jpg?fit=1200%2C675&ssl=1","datePublished":"2021-01-06T16:12:44+00:00","dateModified":"2026-01-28T17:14:50+00:00","description":"Viaje a Petra desde Dahab visite la ciudad hist\u00f3rica y arqueol\u00f3gica de Petra en Jordania, el antiguo museo nabateo, el teatro romano, las","breadcrumb":{"@id":"https:\/\/landioustravel.com\/es\/shop\/viaje-petra-dahab\/#breadcrumb"},"inLanguage":"es","potentialAction":[{"@type":"ReadAction","target":["https:\/\/landioustravel.com\/es\/shop\/viaje-petra-dahab\/"]}]},{"@type":"ImageObject","inLanguage":"es","@id":"https:\/\/landioustravel.com\/es\/shop\/viaje-petra-dahab\/#primaryimage","url":"https:\/\/i0.wp.com\/landioustravel.com\/wp-content\/uploads\/2020\/10\/petra_trip_sharm-e1617489481347.jpg?fit=1200%2C675&ssl=1","contentUrl":"https:\/\/i0.wp.com\/landioustravel.com\/wp-content\/uploads\/2020\/10\/petra_trip_sharm-e1617489481347.jpg?fit=1200%2C675&ssl=1","width":1200,"height":675,"caption":"Services & Tours Excursion to Petra from Sharm El Sheikh"},{"@type":"BreadcrumbList","@id":"https:\/\/landioustravel.com\/es\/shop\/viaje-petra-dahab\/#breadcrumb","itemListElement":[{"@type":"ListItem","position":1,"name":"Home","item":"https:\/\/landioustravel.com\/es\/"},{"@type":"ListItem","position":2,"name":"Servicios y Tours","item":"https:\/\/landioustravel.com\/es\/"},{"@type":"ListItem","position":3,"name":"Viaje a Petra desde Dahab"}]},{"@type":"WebSite","@id":"https:\/\/landioustravel.com\/es\/#website","url":"https:\/\/landioustravel.com\/es\/","name":"Landious Travel","description":"Tours and Excursions in Egypt","publisher":{"@id":"https:\/\/landioustravel.com\/es\/#organization"},"potentialAction":[{"@type":"SearchAction","target":{"@type":"EntryPoint","urlTemplate":"https:\/\/landioustravel.com\/es\/?s={search_term_string}"},"query-input":{"@type":"PropertyValueSpecification","valueRequired":true,"valueName":"search_term_string"}}],"inLanguage":"es"},{"@type":["Organization","Place"],"@id":"https:\/\/landioustravel.com\/es\/#organization","name":"Landious Travel","alternateName":"Landious Travel","url":"https:\/\/landioustravel.com\/es\/","logo":{"@id":"https:\/\/landioustravel.com\/es\/shop\/viaje-petra-dahab\/#local-main-organization-logo"},"image":{"@id":"https:\/\/landioustravel.com\/es\/shop\/viaje-petra-dahab\/#local-main-organization-logo"},"sameAs":["https:\/\/web.facebook.com\/landiousEgypt","https:\/\/x.com\/LandiousTours","https:\/\/mastodon.social\/@landious"],"legalName":"Landious Travel","telephone":[],"openingHoursSpecification":[{"@type":"OpeningHoursSpecification","dayOfWeek":["Monday","Tuesday","Wednesday","Thursday","Friday","Saturday","Sunday"],"opens":"09:00","closes":"17:00"}]},{"@type":"ImageObject","inLanguage":"es","@id":"https:\/\/landioustravel.com\/es\/shop\/viaje-petra-dahab\/#local-main-organization-logo","url":"https:\/\/i0.wp.com\/landioustravel.com\/wp-content\/uploads\/2021\/06\/Landious-T.png?fit=500%2C500&ssl=1","contentUrl":"https:\/\/i0.wp.com\/landioustravel.com\/wp-content\/uploads\/2021\/06\/Landious-T.png?fit=500%2C500&ssl=1","width":500,"height":500,"caption":"Landious Travel"}]}},"jetpack_publicize_connections":[],"uagb_featured_image_src":{"full":["https:\/\/i0.wp.com\/landioustravel.com\/wp-content\/uploads\/2020\/10\/petra_trip_sharm-e1617489481347.jpg?fit=1200%2C675&ssl=1",1200,675,false],"thumbnail":["https:\/\/i0.wp.com\/landioustravel.com\/wp-content\/uploads\/2020\/10\/petra_trip_sharm-e1617489481347.jpg?resize=150%2C150&ssl=1",150,150,true],"medium":["https:\/\/i0.wp.com\/landioustravel.com\/wp-content\/uploads\/2020\/10\/petra_trip_sharm-e1617489481347.jpg?fit=300%2C200&ssl=1",300,200,true],"medium_large":["https:\/\/i0.wp.com\/landioustravel.com\/wp-content\/uploads\/2020\/10\/petra_trip_sharm-e1617489481347.jpg?fit=768%2C512&ssl=1",768,512,true],"large":["https:\/\/i0.wp.com\/landioustravel.com\/wp-content\/uploads\/2020\/10\/petra_trip_sharm-e1617489481347.jpg?fit=980%2C654&ssl=1",980,654,true],"1536x1536":["https:\/\/i0.wp.com\/landioustravel.com\/wp-content\/uploads\/2020\/10\/petra_trip_sharm-e1617489481347.jpg?fit=1536%2C1024&ssl=1",1536,1024,true],"2048x2048":["https:\/\/i0.wp.com\/landioustravel.com\/wp-content\/uploads\/2020\/10\/petra_trip_sharm-e1617489481347.jpg?fit=1200%2C675&ssl=1",1200,675,true],"newspack-article-block-landscape-large":["https:\/\/i0.wp.com\/landioustravel.com\/wp-content\/uploads\/2020\/10\/petra_trip_sharm-e1617489481347.jpg?resize=1200%2C675&ssl=1",1200,900,true],"newspack-article-block-portrait-large":["https:\/\/i0.wp.com\/landioustravel.com\/wp-content\/uploads\/2020\/10\/petra_trip_sharm-e1617489481347.jpg?resize=900%2C675&ssl=1",900,800,true],"newspack-article-block-square-large":["https:\/\/i0.wp.com\/landioustravel.com\/wp-content\/uploads\/2020\/10\/petra_trip_sharm-e1617489481347.jpg?resize=1200%2C675&ssl=1",1200,1200,true],"newspack-article-block-landscape-medium":["https:\/\/i0.wp.com\/landioustravel.com\/wp-content\/uploads\/2020\/10\/petra_trip_sharm-e1617489481347.jpg?resize=800%2C600&ssl=1",800,600,true],"newspack-article-block-portrait-medium":["https:\/\/i0.wp.com\/landioustravel.com\/wp-content\/uploads\/2020\/10\/petra_trip_sharm-e1617489481347.jpg?resize=600%2C675&ssl=1",600,800,true],"newspack-article-block-square-medium":["https:\/\/i0.wp.com\/landioustravel.com\/wp-content\/uploads\/2020\/10\/petra_trip_sharm-e1617489481347.jpg?resize=800%2C675&ssl=1",800,800,true],"newspack-article-block-landscape-intermediate":["https:\/\/i0.wp.com\/landioustravel.com\/wp-content\/uploads\/2020\/10\/petra_trip_sharm-e1617489481347.jpg?resize=600%2C450&ssl=1",600,450,true],"newspack-article-block-portrait-intermediate":["https:\/\/i0.wp.com\/landioustravel.com\/wp-content\/uploads\/2020\/10\/petra_trip_sharm-e1617489481347.jpg?resize=450%2C600&ssl=1",450,600,true],"newspack-article-block-square-intermediate":["https:\/\/i0.wp.com\/landioustravel.com\/wp-content\/uploads\/2020\/10\/petra_trip_sharm-e1617489481347.jpg?resize=600%2C600&ssl=1",600,600,true],"newspack-article-block-landscape-small":["https:\/\/i0.wp.com\/landioustravel.com\/wp-content\/uploads\/2020\/10\/petra_trip_sharm-e1617489481347.jpg?resize=400%2C300&ssl=1",400,300,true],"newspack-article-block-portrait-small":["https:\/\/i0.wp.com\/landioustravel.com\/wp-content\/uploads\/2020\/10\/petra_trip_sharm-e1617489481347.jpg?resize=300%2C400&ssl=1",300,400,true],"newspack-article-block-square-small":["https:\/\/i0.wp.com\/landioustravel.com\/wp-content\/uploads\/2020\/10\/petra_trip_sharm-e1617489481347.jpg?resize=400%2C400&ssl=1",400,400,true],"newspack-article-block-landscape-tiny":["https:\/\/i0.wp.com\/landioustravel.com\/wp-content\/uploads\/2020\/10\/petra_trip_sharm-e1617489481347.jpg?resize=200%2C150&ssl=1",200,150,true],"newspack-article-block-portrait-tiny":["https:\/\/i0.wp.com\/landioustravel.com\/wp-content\/uploads\/2020\/10\/petra_trip_sharm-e1617489481347.jpg?resize=150%2C200&ssl=1",150,200,true],"newspack-article-block-square-tiny":["https:\/\/i0.wp.com\/landioustravel.com\/wp-content\/uploads\/2020\/10\/petra_trip_sharm-e1617489481347.jpg?resize=200%2C200&ssl=1",200,200,true],"newspack-article-block-uncropped":["https:\/\/i0.wp.com\/landioustravel.com\/wp-content\/uploads\/2020\/10\/petra_trip_sharm-e1617489481347.jpg?fit=1200%2C800&ssl=1",1200,800,true],"woocommerce_thumbnail":["https:\/\/i0.wp.com\/landioustravel.com\/wp-content\/uploads\/2020\/10\/petra_trip_sharm-e1617489481347.jpg?resize=324%2C324&ssl=1",324,324,true],"woocommerce_single":["https:\/\/i0.wp.com\/landioustravel.com\/wp-content\/uploads\/2020\/10\/petra_trip_sharm-e1617489481347.jpg?fit=416%2C234&ssl=1",416,234,true],"woocommerce_gallery_thumbnail":["https:\/\/i0.wp.com\/landioustravel.com\/wp-content\/uploads\/2020\/10\/petra_trip_sharm-e1617489481347.jpg?resize=100%2C100&ssl=1",100,100,true]},"uagb_author_info":{"display_name":"Mofreh Landious","author_link":"https:\/\/landioustravel.com\/es\/author\/"},"uagb_comment_info":3,"uagb_excerpt":"Experimente la atracci\u00f3n ic\u00f3nica de la antigua ciudad de Petra, en Jordania, incluso con tiempo limitado en el \u00e1rea. Nuestro tour de un d\u00eda completo desde Dahab, Egipto, es sencillo e incluye todos los traslados, traslado de ida y vuelta al hotel y navegaci\u00f3n de Taba a Aqaba. Con todas las entradas y el almuerzo&hellip;","jetpack_sharing_enabled":true,"jetpack_likes_enabled":true,"amp_enabled":true,"_links":{"self":[{"href":"https:\/\/landioustravel.com\/es\/wp-json\/wp\/v2\/product\/39885","targetHints":{"allow":["GET"]}}],"collection":[{"href":"https:\/\/landioustravel.com\/es\/wp-json\/wp\/v2\/product"}],"about":[{"href":"https:\/\/landioustravel.com\/es\/wp-json\/wp\/v2\/types\/product"}],"replies":[{"embeddable":true,"href":"https:\/\/landioustravel.com\/es\/wp-json\/wp\/v2\/comments?post=39885"}],"wp:featuredmedia":[{"embeddable":true,"href":"https:\/\/landioustravel.com\/es\/wp-json\/wp\/v2\/media\/24700"}],"wp:attachment":[{"href":"https:\/\/landioustravel.com\/es\/wp-json\/wp\/v2\/media?parent=39885"}],"wp:term":[{"taxonomy":"product_brand","embeddable":true,"href":"https:\/\/landioustravel.com\/es\/wp-json\/wp\/v2\/product_brand?post=39885"},{"taxonomy":"product_cat","embeddable":true,"href":"https:\/\/landioustravel.com\/es\/wp-json\/wp\/v2\/product_cat?post=39885"},{"taxonomy":"product_tag","embeddable":true,"href":"https:\/\/landioustravel.com\/es\/wp-json\/wp\/v2\/product_tag?post=39885"}],"curies":[{"name":"wp","href":"https:\/\/api.w.org\/{rel}","templated":true}]}}