{"id":39925,"date":"2021-01-02T23:20:26","date_gmt":"2021-12-09T17:46:23","guid":{"rendered":"https:\/\/landioustravel.com\/?post_type=product&#038;p=39925"},"modified":"2024-03-27T17:41:10","modified_gmt":"2024-03-27T15:41:10","slug":"viaje-nocturno-luxor-hurghada","status":"publish","type":"product","link":"https:\/\/landioustravel.com\/es\/shop\/viaje-nocturno-luxor-hurghada\/","title":{"rendered":"Viaje nocturno a Luxor Hurghada"},"content":{"rendered":"<p>Sin lugar a dudas, el viaje a Luxor es una de las mejores excursiones que puede hacer durante su estancia en Egipto. \u00a1Consideramos que el programa al Valle de los Reyes es el m\u00e1s popular! Es una excursi\u00f3n rica e informativa a Luxor y el Valle de los Reyes desde Hurghada, Egipto. \u00a1Es un fabuloso viaje de dos d\u00edas a Luxor desde Hurghada! Recomendamos el viaje porque permite a los turistas ver muchas atracciones del antiguo Egipto: templos y tumbas en Luxor. Adem\u00e1s, \u00a1le permitir\u00e1 familiarizarse m\u00e1s de cerca con la historia del antiguo Egipto! RESERVA ONLINE VIAJE NOCTURNO LUXOR HURGHADA Y MEJOR PRECIO!<\/p>\n<h2>Lo m\u00e1s destacado del viaje nocturno a Luxor desde Hurghada<\/h2>\n<ul>\n<li>Templo de Luxor.<\/li>\n<li>Templo de Karnak.<\/li>\n<li>Almuerzo en restaurante.<\/li>\n<li>Adem\u00e1s, Colosos de Memnon en el templo de Amenhotep III.<\/li>\n<li>El templo de la reina Hatshepsut.<\/li>\n<li>Adem\u00e1s, admire el Valle de los Reyes en la Ciudad de los Muertos.<\/li>\n<\/ul>\n<h2>Programa del viaje de dos d\u00edas a Luxor<\/h2>\n<ul>\n<li>Hora de inicio y recogida. El representante de Landious Travel lo recoger\u00e1 en su hotel en Hurghada, alrededor de las 05:00 a. M.<\/li>\n<li>Destino. Despu\u00e9s de recoger a todos los que lleguen, el minib\u00fas sale hacia Luxor. Pasa por la ciudad de Safaga y Qena en su camino a Luxor. Cabe destacar que la ciudad tur\u00edstica de Safaga se encuentra a 45 millas al sur de Hurghada, en la costa del Mar Rojo. Al mismo tiempo, la ciudad de Qena est\u00e1 a 220 km en el valle del Nilo. Desde el centro de Hurghada hasta Luxor, el trayecto dura unas 4 horas.<\/li>\n<\/ul>\n<h3>Programa del primer d\u00eda en el este de Luxor<\/h3>\n<ul>\n<li>Visita al templo de Karnak. Tan pronto como hayas llegado a Luxor, te mostraremos el templo de Karnak dedicado al dios Am\u00f3n. Este templo es el m\u00e1s grande de Egipto y de todo el mundo antiguo. Se encuentra en la Ciudad de la Vida &#8211; Este de Luxor. En este templo, su gu\u00eda comienza su explicaci\u00f3n. Y luego, muestra los lugares visitados con frecuencia en este gran complejo. Este complejo contiene diferentes templos y edificios en su interior.<\/li>\n<li>Almuerzo. Luego, despu\u00e9s de visitar el templo de Karnak en el este de Luxor, disfrutar\u00e1 de su almuerzo en un buen restaurante.<\/li>\n<li>Visita al templo de Luxor. Despu\u00e9s de eso, conduzca hasta el templo de Luxor para disfrutar de este fant\u00e1stico templo.<\/li>\n<li>Check-in en el hotel. Al final de su programa del primer d\u00eda, se dirigir\u00e1 a su hotel para registrarse.<\/li>\n<\/ul>\n<h3>Programa de segundo d\u00eda en el oeste de Luxor<\/h3>\n<ul>\n<li>Desayuno y descubrimiento de Cisjordania. El segundo d\u00eda del viaje comienza disfrutando de su desayuno en su hotel; y luego dirigirse a la orilla occidental del Nilo.<\/li>\n<li>Visita al templo de Amenhotep III. Una vez que llegue a la orilla occidental, nuestro viaje contin\u00faa con una visita a los Colosos de Memnon. Estos Colosos son dos magn\u00edficas estatuas que se encuentran a la entrada del templo de Amenhotep III.<\/li>\n<li>Visita al templo de Hatshepsut. Adem\u00e1s, el autob\u00fas va al hermoso templo de la reina Hatshepsut. Es un templo fant\u00e1stico que existe en Deir El-Bahari. Los antiguos egipcios lograron cortar este templo de tres pisos en la roca. Cabe mencionar que existen todo tipo de tumbas alrededor del lugar. Adem\u00e1s, puede ver dos templos m\u00e1s de Thutmose III y Amenhotep Neb Hept Ra al lado derecho.<\/li>\n<li>Visita al Valle de los Reyes. Antes del final del programa en West Luxor, visitar\u00e1 el Valle de los Reyes. \u00a1Es tan genial en este lugar e interesante! En consecuencia, en este lugar, ves tres tumbas de los grandes faraones de Egipto.<\/li>\n<li>Salida. Finalmente, nuestro autob\u00fas sale de regreso a Hurghada despu\u00e9s de un viaje tan encantador a la ciudad de Luxor.<\/li>\n<li>Hora de finalizaci\u00f3n. Este \u00abviaje nocturno a Luxor desde Hurghada\u00bb termina aproximadamente a las 24:00 del d\u00eda siguiente.<\/li>\n<\/ul>\n<h2>\u00bfQu\u00e9 incluye el precio del viaje nocturno a Luxor Hurghada?<\/h2>\n<ul>\n<li>Entradas para visitar templos.<\/li>\n<li>Almuerzo.<\/li>\n<li>Gu\u00eda.<\/li>\n<li>Adem\u00e1s, traslado a Luxor y regreso al hotel.<\/li>\n<\/ul>\n<h2>\u00bfQu\u00e9 no incluye el programa de viaje nocturno a Luxor Hurghada?<\/h2>\n<ul>\n<li>Programas de excursiones adicionales si no est\u00e1n incluidos en el programa mencionado anteriormente.<\/li>\n<li>Adem\u00e1s, el precio no incluye bebidas en el restaurante.<\/li>\n<\/ul>\n<h2>\u00bfQu\u00e9 llevar contigo para el viaje?<\/h2>\n<ul>\n<li>Pasaporte.<\/li>\n<li>Caja de desayuno.<\/li>\n<li>Adem\u00e1s, la ropa coincide con la temporada.<\/li>\n<\/ul>\n<h2>D\u00edas de reserva de viaje nocturno a Luxor Hurghada<\/h2>\n<ul>\n<li>Todos los d\u00edas de 04:00 a 24:00 del d\u00eda siguiente.<\/li>\n<\/ul>\n","protected":false},"excerpt":{"rendered":"<p>Experimente lo mejor de Luxor con nuestro viaje privado de dos d\u00edas desde Hurghada. Brindamos alojamiento, boletos de entrada y orientaci\u00f3n para su conveniencia. Viaje con estilo con nuestro minib\u00fas privado con aire acondicionado, lo que garantiza un viaje c\u00f3modo. El primer d\u00eda, visite el Templo de Karnak, el Templo de Luxor y disfrute de un almuerzo en un restaurante local. El segundo d\u00eda incluye visitas al templo de millones de a\u00f1os de Amenhotep III &#8211; Colosos de Memnon, el Valle de los Reyes y el Templo de la Reina Hatshepsut.<\/p>\n<p>Nuestro viaje nocturno a Luxor desde Hurghada le brinda m\u00e1s tiempo para descubrir la capital de Egipto. Comience su viaje temprano en la ma\u00f1ana, donde lo recoger\u00e1n de su hotel y lo trasladar\u00e1n a Luxor. Conozca a su gu\u00eda tur\u00edstico privado, que lo llevar\u00e1 al Templo de Karnak, el complejo de templos m\u00e1s grande jam\u00e1s construido por el hombre. Contin\u00fae su viaje hasta el Templo de Luxor, donde se celebr\u00f3 el festival de Opet, y disfrute de un almuerzo con vistas al Nilo.<\/p>\n<p>Por la noche, realice una visita opcional al espect\u00e1culo de luz y sonido en Karnak, donde aprender\u00e1 sobre los gloriosos logros de los grandes faraones. Pase la noche en el lujoso hotel.<\/p>\n<p>El segundo d\u00eda, disfrute del desayuno en su hotel y visite el Valle de los Reyes, hogar del lugar de descanso final de los gobernantes de Egipto. Explore el bien conservado Templo de Hatshepsut, construido en tres niveles con dos amplias rampas. Admira los Colosos de Memnon, dos enormes estatuas de piedra del rey Amenhotep III. Almuerce en un restaurante con vista al Nilo antes de que lo llevemos de regreso a su hotel en Hurghada.<\/p>\n<p>Nuestras inclusiones le brindan todo lo que necesita para una experiencia inolvidable. Alojamiento en el Nile Palace Luxor 5*, visitas a los templos m\u00e1s bellos y conservados del Antiguo Egipto, el servicio de un gu\u00eda tur\u00edstico profesional y m\u00e1s. Conf\u00ede en nuestra asistencia personal durante los recorridos, agua embotellada durante su viaje y todos los traslados en veh\u00edculo con aire acondicionado. Las entradas a los sitios mencionados y la navegaci\u00f3n con Felucca tambi\u00e9n est\u00e1n incluidas. Reserve su viaje hoy y experimente lo mejor que Luxor tiene para ofrecer.<\/p>\n","protected":false},"featured_media":127778,"comment_status":"open","ping_status":"closed","template":"","meta":{"_coblocks_attr":"","_coblocks_dimensions":"","_coblocks_responsive_height":"","_coblocks_accordion_ie_support":"","_uag_custom_page_level_css":"","jetpack_post_was_ever_published":false,"jetpack_publicize_message":"","jetpack_publicize_feature_enabled":true,"jetpack_social_post_already_shared":true,"jetpack_social_options":{"image_generator_settings":{"template":"highway","default_image_id":0,"font":"","enabled":false},"version":2},"_wpas_customize_per_network":false},"product_brand":[],"product_cat":[1789,8568],"product_tag":[1797,2147,1808,1812,9907],"class_list":{"0":"post-39925","1":"product","2":"type-product","3":"status-publish","4":"has-post-thumbnail","6":"product_cat-excursiones-historicas-hurghada","7":"product_cat-excursiones-individuales-hurghada","8":"product_tag-excursion-es","9":"product_tag-excursiones-desde-hurghada","10":"product_tag-hurghada-es","11":"product_tag-luxor-es","12":"product_tag-turismo","14":"first","15":"instock","16":"sale","17":"taxable","18":"shipping-taxable","19":"purchasable","20":"product-type-variable"},"yoast_head":"<!-- This site is optimized with the Yoast SEO Premium plugin v26.9 (Yoast SEO v27.3) - https:\/\/yoast.com\/product\/yoast-seo-premium-wordpress\/ -->\n<title>Viaje nocturno a Luxor Hurghada<\/title>\n<meta name=\"description\" content=\"Viaje nocturno a Luxor Hurghada visita al templo de Karnak, el templo de Luxor y el almuerzo el primer d\u00eda. Al mismo tiempo, el segundo d\u00eda\" \/>\n<meta name=\"robots\" content=\"index, follow, max-snippet:-1, max-image-preview:large, max-video-preview:-1\" \/>\n<link rel=\"canonical\" href=\"https:\/\/landioustravel.com\/es\/shop\/viaje-nocturno-luxor-hurghada\/\" \/>\n<meta property=\"og:locale\" content=\"es_ES\" \/>\n<meta property=\"og:type\" content=\"article\" \/>\n<meta property=\"og:title\" content=\"Viaje nocturno a Luxor Hurghada\" \/>\n<meta property=\"og:description\" content=\"Landious Travel\" \/>\n<meta property=\"og:url\" content=\"https:\/\/landioustravel.com\/es\/shop\/viaje-nocturno-luxor-hurghada\/\" \/>\n<meta property=\"og:site_name\" content=\"Landious Travel\" \/>\n<meta property=\"article:publisher\" content=\"https:\/\/web.facebook.com\/landiousEgypt\" \/>\n<meta property=\"article:modified_time\" content=\"2024-03-27T15:41:10+00:00\" \/>\n<meta property=\"og:image\" content=\"https:\/\/i0.wp.com\/landioustravel.com\/wp-content\/uploads\/2021\/01\/overnight-trip-to-luxor-from-hurghada.jpg?fit=1024%2C603&ssl=1\" \/>\n\t<meta property=\"og:image:width\" content=\"1024\" \/>\n\t<meta property=\"og:image:height\" content=\"603\" \/>\n\t<meta property=\"og:image:type\" content=\"image\/jpeg\" \/>\n<meta name=\"twitter:card\" content=\"summary_large_image\" \/>\n<meta name=\"twitter:site\" content=\"@LandiousTours\" \/>\n<meta name=\"twitter:label1\" content=\"Tiempo de lectura\" \/>\n\t<meta name=\"twitter:data1\" content=\"4 minutos\" \/>\n<script type=\"application\/ld+json\" class=\"yoast-schema-graph\">{\"@context\":\"https:\\\/\\\/schema.org\",\"@graph\":[{\"@type\":\"WebPage\",\"@id\":\"https:\\\/\\\/landioustravel.com\\\/es\\\/shop\\\/viaje-nocturno-luxor-hurghada\\\/\",\"url\":\"https:\\\/\\\/landioustravel.com\\\/es\\\/shop\\\/viaje-nocturno-luxor-hurghada\\\/\",\"name\":\"Viaje nocturno a Luxor Hurghada\",\"isPartOf\":{\"@id\":\"https:\\\/\\\/landioustravel.com\\\/es\\\/#website\"},\"primaryImageOfPage\":{\"@id\":\"https:\\\/\\\/landioustravel.com\\\/es\\\/shop\\\/viaje-nocturno-luxor-hurghada\\\/#primaryimage\"},\"image\":{\"@id\":\"https:\\\/\\\/landioustravel.com\\\/es\\\/shop\\\/viaje-nocturno-luxor-hurghada\\\/#primaryimage\"},\"thumbnailUrl\":\"https:\\\/\\\/i0.wp.com\\\/landioustravel.com\\\/wp-content\\\/uploads\\\/2021\\\/01\\\/overnight-trip-to-luxor-from-hurghada.jpg?fit=1024%2C603&ssl=1\",\"datePublished\":\"2021-12-09T17:46:23+00:00\",\"dateModified\":\"2024-03-27T15:41:10+00:00\",\"description\":\"Viaje nocturno a Luxor Hurghada visita al templo de Karnak, el templo de Luxor y el almuerzo el primer d\u00eda. Al mismo tiempo, el segundo d\u00eda\",\"breadcrumb\":{\"@id\":\"https:\\\/\\\/landioustravel.com\\\/es\\\/shop\\\/viaje-nocturno-luxor-hurghada\\\/#breadcrumb\"},\"inLanguage\":\"es\",\"potentialAction\":[{\"@type\":\"ReadAction\",\"target\":[\"https:\\\/\\\/landioustravel.com\\\/es\\\/shop\\\/viaje-nocturno-luxor-hurghada\\\/\"]}]},{\"@type\":\"ImageObject\",\"inLanguage\":\"es\",\"@id\":\"https:\\\/\\\/landioustravel.com\\\/es\\\/shop\\\/viaje-nocturno-luxor-hurghada\\\/#primaryimage\",\"url\":\"https:\\\/\\\/i0.wp.com\\\/landioustravel.com\\\/wp-content\\\/uploads\\\/2021\\\/01\\\/overnight-trip-to-luxor-from-hurghada.jpg?fit=1024%2C603&ssl=1\",\"contentUrl\":\"https:\\\/\\\/i0.wp.com\\\/landioustravel.com\\\/wp-content\\\/uploads\\\/2021\\\/01\\\/overnight-trip-to-luxor-from-hurghada.jpg?fit=1024%2C603&ssl=1\",\"width\":1024,\"height\":603,\"caption\":\"overnight trip to luxor from Hurghada\"},{\"@type\":\"BreadcrumbList\",\"@id\":\"https:\\\/\\\/landioustravel.com\\\/es\\\/shop\\\/viaje-nocturno-luxor-hurghada\\\/#breadcrumb\",\"itemListElement\":[{\"@type\":\"ListItem\",\"position\":1,\"name\":\"Home\",\"item\":\"https:\\\/\\\/landioustravel.com\\\/es\\\/\"},{\"@type\":\"ListItem\",\"position\":2,\"name\":\"Servicios y Tours\",\"item\":\"https:\\\/\\\/landioustravel.com\\\/es\\\/\"},{\"@type\":\"ListItem\",\"position\":3,\"name\":\"Viaje nocturno a Luxor Hurghada\"}]},{\"@type\":\"WebSite\",\"@id\":\"https:\\\/\\\/landioustravel.com\\\/es\\\/#website\",\"url\":\"https:\\\/\\\/landioustravel.com\\\/es\\\/\",\"name\":\"Landious Travel\",\"description\":\"Tours and Excursions in Egypt\",\"publisher\":{\"@id\":\"https:\\\/\\\/landioustravel.com\\\/es\\\/#organization\"},\"potentialAction\":[{\"@type\":\"SearchAction\",\"target\":{\"@type\":\"EntryPoint\",\"urlTemplate\":\"https:\\\/\\\/landioustravel.com\\\/es\\\/?s={search_term_string}\"},\"query-input\":{\"@type\":\"PropertyValueSpecification\",\"valueRequired\":true,\"valueName\":\"search_term_string\"}}],\"inLanguage\":\"es\"},{\"@type\":[\"Organization\",\"Place\"],\"@id\":\"https:\\\/\\\/landioustravel.com\\\/es\\\/#organization\",\"name\":\"Landious Travel\",\"alternateName\":\"Landious Travel\",\"url\":\"https:\\\/\\\/landioustravel.com\\\/es\\\/\",\"logo\":{\"@id\":\"https:\\\/\\\/landioustravel.com\\\/es\\\/shop\\\/viaje-nocturno-luxor-hurghada\\\/#local-main-organization-logo\"},\"image\":{\"@id\":\"https:\\\/\\\/landioustravel.com\\\/es\\\/shop\\\/viaje-nocturno-luxor-hurghada\\\/#local-main-organization-logo\"},\"sameAs\":[\"https:\\\/\\\/web.facebook.com\\\/landiousEgypt\",\"https:\\\/\\\/x.com\\\/LandiousTours\",\"https:\\\/\\\/mastodon.social\\\/@landious\"],\"legalName\":\"Landious Travel\",\"telephone\":[],\"openingHoursSpecification\":[{\"@type\":\"OpeningHoursSpecification\",\"dayOfWeek\":[\"Monday\",\"Tuesday\",\"Wednesday\",\"Thursday\",\"Friday\",\"Saturday\",\"Sunday\"],\"opens\":\"09:00\",\"closes\":\"17:00\"}]},{\"@type\":\"ImageObject\",\"inLanguage\":\"es\",\"@id\":\"https:\\\/\\\/landioustravel.com\\\/es\\\/shop\\\/viaje-nocturno-luxor-hurghada\\\/#local-main-organization-logo\",\"url\":\"https:\\\/\\\/i0.wp.com\\\/landioustravel.com\\\/wp-content\\\/uploads\\\/2021\\\/06\\\/Landious-T.png?fit=500%2C500&ssl=1\",\"contentUrl\":\"https:\\\/\\\/i0.wp.com\\\/landioustravel.com\\\/wp-content\\\/uploads\\\/2021\\\/06\\\/Landious-T.png?fit=500%2C500&ssl=1\",\"width\":500,\"height\":500,\"caption\":\"Landious Travel\"}]}<\/script>\n<!-- \/ Yoast SEO Premium plugin. -->","yoast_head_json":{"title":"Viaje nocturno a Luxor Hurghada","description":"Viaje nocturno a Luxor Hurghada visita al templo de Karnak, el templo de Luxor y el almuerzo el primer d\u00eda. Al mismo tiempo, el segundo d\u00eda","robots":{"index":"index","follow":"follow","max-snippet":"max-snippet:-1","max-image-preview":"max-image-preview:large","max-video-preview":"max-video-preview:-1"},"canonical":"https:\/\/landioustravel.com\/es\/shop\/viaje-nocturno-luxor-hurghada\/","og_locale":"es_ES","og_type":"article","og_title":"Viaje nocturno a Luxor Hurghada","og_description":"Landious Travel","og_url":"https:\/\/landioustravel.com\/es\/shop\/viaje-nocturno-luxor-hurghada\/","og_site_name":"Landious Travel","article_publisher":"https:\/\/web.facebook.com\/landiousEgypt","article_modified_time":"2024-03-27T15:41:10+00:00","og_image":[{"width":1024,"height":603,"url":"https:\/\/i0.wp.com\/landioustravel.com\/wp-content\/uploads\/2021\/01\/overnight-trip-to-luxor-from-hurghada.jpg?fit=1024%2C603&ssl=1","type":"image\/jpeg"}],"twitter_card":"summary_large_image","twitter_site":"@LandiousTours","twitter_misc":{"Tiempo de lectura":"4 minutos"},"schema":{"@context":"https:\/\/schema.org","@graph":[{"@type":"WebPage","@id":"https:\/\/landioustravel.com\/es\/shop\/viaje-nocturno-luxor-hurghada\/","url":"https:\/\/landioustravel.com\/es\/shop\/viaje-nocturno-luxor-hurghada\/","name":"Viaje nocturno a Luxor Hurghada","isPartOf":{"@id":"https:\/\/landioustravel.com\/es\/#website"},"primaryImageOfPage":{"@id":"https:\/\/landioustravel.com\/es\/shop\/viaje-nocturno-luxor-hurghada\/#primaryimage"},"image":{"@id":"https:\/\/landioustravel.com\/es\/shop\/viaje-nocturno-luxor-hurghada\/#primaryimage"},"thumbnailUrl":"https:\/\/i0.wp.com\/landioustravel.com\/wp-content\/uploads\/2021\/01\/overnight-trip-to-luxor-from-hurghada.jpg?fit=1024%2C603&ssl=1","datePublished":"2021-12-09T17:46:23+00:00","dateModified":"2024-03-27T15:41:10+00:00","description":"Viaje nocturno a Luxor Hurghada visita al templo de Karnak, el templo de Luxor y el almuerzo el primer d\u00eda. Al mismo tiempo, el segundo d\u00eda","breadcrumb":{"@id":"https:\/\/landioustravel.com\/es\/shop\/viaje-nocturno-luxor-hurghada\/#breadcrumb"},"inLanguage":"es","potentialAction":[{"@type":"ReadAction","target":["https:\/\/landioustravel.com\/es\/shop\/viaje-nocturno-luxor-hurghada\/"]}]},{"@type":"ImageObject","inLanguage":"es","@id":"https:\/\/landioustravel.com\/es\/shop\/viaje-nocturno-luxor-hurghada\/#primaryimage","url":"https:\/\/i0.wp.com\/landioustravel.com\/wp-content\/uploads\/2021\/01\/overnight-trip-to-luxor-from-hurghada.jpg?fit=1024%2C603&ssl=1","contentUrl":"https:\/\/i0.wp.com\/landioustravel.com\/wp-content\/uploads\/2021\/01\/overnight-trip-to-luxor-from-hurghada.jpg?fit=1024%2C603&ssl=1","width":1024,"height":603,"caption":"overnight trip to luxor from Hurghada"},{"@type":"BreadcrumbList","@id":"https:\/\/landioustravel.com\/es\/shop\/viaje-nocturno-luxor-hurghada\/#breadcrumb","itemListElement":[{"@type":"ListItem","position":1,"name":"Home","item":"https:\/\/landioustravel.com\/es\/"},{"@type":"ListItem","position":2,"name":"Servicios y Tours","item":"https:\/\/landioustravel.com\/es\/"},{"@type":"ListItem","position":3,"name":"Viaje nocturno a Luxor Hurghada"}]},{"@type":"WebSite","@id":"https:\/\/landioustravel.com\/es\/#website","url":"https:\/\/landioustravel.com\/es\/","name":"Landious Travel","description":"Tours and Excursions in Egypt","publisher":{"@id":"https:\/\/landioustravel.com\/es\/#organization"},"potentialAction":[{"@type":"SearchAction","target":{"@type":"EntryPoint","urlTemplate":"https:\/\/landioustravel.com\/es\/?s={search_term_string}"},"query-input":{"@type":"PropertyValueSpecification","valueRequired":true,"valueName":"search_term_string"}}],"inLanguage":"es"},{"@type":["Organization","Place"],"@id":"https:\/\/landioustravel.com\/es\/#organization","name":"Landious Travel","alternateName":"Landious Travel","url":"https:\/\/landioustravel.com\/es\/","logo":{"@id":"https:\/\/landioustravel.com\/es\/shop\/viaje-nocturno-luxor-hurghada\/#local-main-organization-logo"},"image":{"@id":"https:\/\/landioustravel.com\/es\/shop\/viaje-nocturno-luxor-hurghada\/#local-main-organization-logo"},"sameAs":["https:\/\/web.facebook.com\/landiousEgypt","https:\/\/x.com\/LandiousTours","https:\/\/mastodon.social\/@landious"],"legalName":"Landious Travel","telephone":[],"openingHoursSpecification":[{"@type":"OpeningHoursSpecification","dayOfWeek":["Monday","Tuesday","Wednesday","Thursday","Friday","Saturday","Sunday"],"opens":"09:00","closes":"17:00"}]},{"@type":"ImageObject","inLanguage":"es","@id":"https:\/\/landioustravel.com\/es\/shop\/viaje-nocturno-luxor-hurghada\/#local-main-organization-logo","url":"https:\/\/i0.wp.com\/landioustravel.com\/wp-content\/uploads\/2021\/06\/Landious-T.png?fit=500%2C500&ssl=1","contentUrl":"https:\/\/i0.wp.com\/landioustravel.com\/wp-content\/uploads\/2021\/06\/Landious-T.png?fit=500%2C500&ssl=1","width":500,"height":500,"caption":"Landious Travel"}]}},"jetpack_publicize_connections":[],"uagb_featured_image_src":{"full":["https:\/\/i0.wp.com\/landioustravel.com\/wp-content\/uploads\/2021\/01\/overnight-trip-to-luxor-from-hurghada.jpg?fit=1024%2C603&ssl=1",1024,603,false],"thumbnail":["https:\/\/i0.wp.com\/landioustravel.com\/wp-content\/uploads\/2021\/01\/overnight-trip-to-luxor-from-hurghada.jpg?resize=150%2C150&ssl=1",150,150,true],"medium":["https:\/\/i0.wp.com\/landioustravel.com\/wp-content\/uploads\/2021\/01\/overnight-trip-to-luxor-from-hurghada.jpg?fit=300%2C177&ssl=1",300,177,true],"medium_large":["https:\/\/i0.wp.com\/landioustravel.com\/wp-content\/uploads\/2021\/01\/overnight-trip-to-luxor-from-hurghada.jpg?fit=768%2C452&ssl=1",768,452,true],"large":["https:\/\/i0.wp.com\/landioustravel.com\/wp-content\/uploads\/2021\/01\/overnight-trip-to-luxor-from-hurghada.jpg?fit=980%2C577&ssl=1",980,577,true],"1536x1536":["https:\/\/i0.wp.com\/landioustravel.com\/wp-content\/uploads\/2021\/01\/overnight-trip-to-luxor-from-hurghada.jpg?fit=1024%2C603&ssl=1",1024,603,true],"2048x2048":["https:\/\/i0.wp.com\/landioustravel.com\/wp-content\/uploads\/2021\/01\/overnight-trip-to-luxor-from-hurghada.jpg?fit=1024%2C603&ssl=1",1024,603,true],"newspack-article-block-landscape-large":["https:\/\/i0.wp.com\/landioustravel.com\/wp-content\/uploads\/2021\/01\/overnight-trip-to-luxor-from-hurghada.jpg?resize=1024%2C603&ssl=1",1024,603,true],"newspack-article-block-portrait-large":["https:\/\/i0.wp.com\/landioustravel.com\/wp-content\/uploads\/2021\/01\/overnight-trip-to-luxor-from-hurghada.jpg?resize=900%2C603&ssl=1",900,603,true],"newspack-article-block-square-large":["https:\/\/i0.wp.com\/landioustravel.com\/wp-content\/uploads\/2021\/01\/overnight-trip-to-luxor-from-hurghada.jpg?resize=1024%2C603&ssl=1",1024,603,true],"newspack-article-block-landscape-medium":["https:\/\/i0.wp.com\/landioustravel.com\/wp-content\/uploads\/2021\/01\/overnight-trip-to-luxor-from-hurghada.jpg?resize=800%2C600&ssl=1",800,600,true],"newspack-article-block-portrait-medium":["https:\/\/i0.wp.com\/landioustravel.com\/wp-content\/uploads\/2021\/01\/overnight-trip-to-luxor-from-hurghada.jpg?resize=600%2C603&ssl=1",600,603,true],"newspack-article-block-square-medium":["https:\/\/i0.wp.com\/landioustravel.com\/wp-content\/uploads\/2021\/01\/overnight-trip-to-luxor-from-hurghada.jpg?resize=800%2C603&ssl=1",800,603,true],"newspack-article-block-landscape-intermediate":["https:\/\/i0.wp.com\/landioustravel.com\/wp-content\/uploads\/2021\/01\/overnight-trip-to-luxor-from-hurghada.jpg?resize=600%2C450&ssl=1",600,450,true],"newspack-article-block-portrait-intermediate":["https:\/\/i0.wp.com\/landioustravel.com\/wp-content\/uploads\/2021\/01\/overnight-trip-to-luxor-from-hurghada.jpg?resize=450%2C600&ssl=1",450,600,true],"newspack-article-block-square-intermediate":["https:\/\/i0.wp.com\/landioustravel.com\/wp-content\/uploads\/2021\/01\/overnight-trip-to-luxor-from-hurghada.jpg?resize=600%2C600&ssl=1",600,600,true],"newspack-article-block-landscape-small":["https:\/\/i0.wp.com\/landioustravel.com\/wp-content\/uploads\/2021\/01\/overnight-trip-to-luxor-from-hurghada.jpg?resize=400%2C300&ssl=1",400,300,true],"newspack-article-block-portrait-small":["https:\/\/i0.wp.com\/landioustravel.com\/wp-content\/uploads\/2021\/01\/overnight-trip-to-luxor-from-hurghada.jpg?resize=300%2C400&ssl=1",300,400,true],"newspack-article-block-square-small":["https:\/\/i0.wp.com\/landioustravel.com\/wp-content\/uploads\/2021\/01\/overnight-trip-to-luxor-from-hurghada.jpg?resize=400%2C400&ssl=1",400,400,true],"newspack-article-block-landscape-tiny":["https:\/\/i0.wp.com\/landioustravel.com\/wp-content\/uploads\/2021\/01\/overnight-trip-to-luxor-from-hurghada.jpg?resize=200%2C150&ssl=1",200,150,true],"newspack-article-block-portrait-tiny":["https:\/\/i0.wp.com\/landioustravel.com\/wp-content\/uploads\/2021\/01\/overnight-trip-to-luxor-from-hurghada.jpg?resize=150%2C200&ssl=1",150,200,true],"newspack-article-block-square-tiny":["https:\/\/i0.wp.com\/landioustravel.com\/wp-content\/uploads\/2021\/01\/overnight-trip-to-luxor-from-hurghada.jpg?resize=200%2C200&ssl=1",200,200,true],"newspack-article-block-uncropped":["https:\/\/i0.wp.com\/landioustravel.com\/wp-content\/uploads\/2021\/01\/overnight-trip-to-luxor-from-hurghada.jpg?fit=1024%2C603&ssl=1",1024,603,true],"woocommerce_thumbnail":["https:\/\/i0.wp.com\/landioustravel.com\/wp-content\/uploads\/2021\/01\/overnight-trip-to-luxor-from-hurghada.jpg?resize=324%2C324&ssl=1",324,324,true],"woocommerce_single":["https:\/\/i0.wp.com\/landioustravel.com\/wp-content\/uploads\/2021\/01\/overnight-trip-to-luxor-from-hurghada.jpg?fit=416%2C245&ssl=1",416,245,true],"woocommerce_gallery_thumbnail":["https:\/\/i0.wp.com\/landioustravel.com\/wp-content\/uploads\/2021\/01\/overnight-trip-to-luxor-from-hurghada.jpg?resize=100%2C100&ssl=1",100,100,true]},"uagb_author_info":{"display_name":"Mofreh Landious","author_link":"https:\/\/landioustravel.com\/es\/author\/"},"uagb_comment_info":2,"uagb_excerpt":"Experimente lo mejor de Luxor con nuestro viaje privado de dos d\u00edas desde Hurghada. Brindamos alojamiento, boletos de entrada y orientaci\u00f3n para su conveniencia. Viaje con estilo con nuestro minib\u00fas privado con aire acondicionado, lo que garantiza un viaje c\u00f3modo. El primer d\u00eda, visite el Templo de Karnak, el Templo de Luxor y disfrute de&hellip;","jetpack_sharing_enabled":true,"jetpack_likes_enabled":true,"amp_enabled":true,"_links":{"self":[{"href":"https:\/\/landioustravel.com\/es\/wp-json\/wp\/v2\/product\/39925","targetHints":{"allow":["GET"]}}],"collection":[{"href":"https:\/\/landioustravel.com\/es\/wp-json\/wp\/v2\/product"}],"about":[{"href":"https:\/\/landioustravel.com\/es\/wp-json\/wp\/v2\/types\/product"}],"replies":[{"embeddable":true,"href":"https:\/\/landioustravel.com\/es\/wp-json\/wp\/v2\/comments?post=39925"}],"wp:featuredmedia":[{"embeddable":true,"href":"https:\/\/landioustravel.com\/es\/wp-json\/wp\/v2\/media\/127778"}],"wp:attachment":[{"href":"https:\/\/landioustravel.com\/es\/wp-json\/wp\/v2\/media?parent=39925"}],"wp:term":[{"taxonomy":"product_brand","embeddable":true,"href":"https:\/\/landioustravel.com\/es\/wp-json\/wp\/v2\/product_brand?post=39925"},{"taxonomy":"product_cat","embeddable":true,"href":"https:\/\/landioustravel.com\/es\/wp-json\/wp\/v2\/product_cat?post=39925"},{"taxonomy":"product_tag","embeddable":true,"href":"https:\/\/landioustravel.com\/es\/wp-json\/wp\/v2\/product_tag?post=39925"}],"curies":[{"name":"wp","href":"https:\/\/api.w.org\/{rel}","templated":true}]}}