{"id":39927,"date":"2020-12-28T05:44:41","date_gmt":"2021-12-09T21:56:22","guid":{"rendered":"https:\/\/landioustravel.com\/?post_type=product&#038;p=39927"},"modified":"2024-03-15T19:18:18","modified_gmt":"2024-03-15T17:18:18","slug":"viaje-montana-moises-cairo","status":"publish","type":"product","link":"https:\/\/landioustravel.com\/es\/shop\/viaje-montana-moises-cairo\/","title":{"rendered":"Viaje Monta\u00f1a de Mois\u00e9s El Cairo"},"content":{"rendered":"<p>\u00a1Es una excursi\u00f3n muy espiritual! En esta excursi\u00f3n, subir\u00e1s a la monta\u00f1a del Profeta Mois\u00e9s y ver\u00e1s el monasterio de Santa Catalina. \u00a1Por supuesto, puedes hacer este tour de dos d\u00edas desde El Cairo, Egipto! \u00a1Recomendamos el viaje porque le permite ver una de las vistas m\u00e1s impresionantes de la pen\u00ednsula del Sina\u00ed! \u00a1El viaje a la monta\u00f1a de Mois\u00e9s recuerda el camino del profeta Mois\u00e9s desde el delta del Nilo hasta la pen\u00ednsula del Sina\u00ed! Es indudable que visitar el monasterio de Santa Catalina te da m\u00e1s poder espiritual. Adem\u00e1s, proporciona suficiente informaci\u00f3n sobre la historia del cristianismo en Egipto. RESERVA ONLINE MOUNTAIN TRIP EL CAIRO Y MEJOR PRECIO!<\/p>\n<h2>Lo m\u00e1s destacado del viaje a la monta\u00f1a de Mois\u00e9s desde El Cairo<\/h2>\n<ul>\n<li>Alojamiento durante la noche en Saint Catherine.<\/li>\n<li>Cena en el restaurante del hotel.<\/li>\n<li>Sube a la monta\u00f1a del profeta Mois\u00e9s.<\/li>\n<li>Desayuno.<\/li>\n<li>Adem\u00e1s, visite el Monasterio de Santa Catalina en la Pen\u00ednsula del Sina\u00ed.<\/li>\n<\/ul>\n<h2>Programa de la Excursi\u00f3n a la Monta\u00f1a de Mois\u00e9s<\/h2>\n<ul>\n<li>El representante de Landious Travel lo recoger\u00e1 de su hotel, en El Cairo, aproximadamente a las 14:00.<\/li>\n<li>Despu\u00e9s de recoger a todos, el autob\u00fas sale en direcci\u00f3n al monasterio de Santa Catalina. Desde el centro de El Cairo hasta este monasterio, el trayecto dura aproximadamente 6 horas.<\/li>\n<\/ul>\n<h3>Alojamiento en Saint Catherine<\/h3>\n<ul>\n<li>Una vez que llegue a su hotel en Saint Catherine, podr\u00e1 realizar el check-in y disfrutar de su estancia all\u00ed.<\/li>\n<li>Por supuesto, puede disfrutar de su cena en este hotel.<\/li>\n<\/ul>\n<h3>Programa en la monta\u00f1a de Mois\u00e9s<\/h3>\n<ul>\n<li>Nuestro representante lo recoger\u00e1 de su hotel a las 02:00 a. M. En la monta\u00f1a Moses en la gobernaci\u00f3n del Sina\u00ed Sur.<\/li>\n<li>Cuando llegue al monasterio de Santa Catalina, comenzar\u00e1 a escalar la cercana monta\u00f1a de Mois\u00e9s. Por supuesto, su gu\u00eda lo acompa\u00f1ar\u00e1 hasta la cima del cerro. Adem\u00e1s, tambi\u00e9n proporcionamos una gu\u00eda beduina.<\/li>\n<li>Mientras subes a la cima de la monta\u00f1a, har\u00e1s dos pausas o m\u00e1s.<\/li>\n<li>Tan pronto como llegue a la cima de la monta\u00f1a de Mois\u00e9s, comenzar\u00e1 a admirar el amanecer. \u00a1Ser\u00e1 encantador! Si llegaste a la cima de la colina un poco antes del amanecer, quiz\u00e1s debas esperar. Durante la ma\u00f1ana, el sol sale maravillosamente frente a tus ojos. Despu\u00e9s de una vista panor\u00e1mica de las monta\u00f1as del Sina\u00ed, descender\u00e1 al monasterio de Santa Catalina.<\/li>\n<\/ul>\n<h3>Programa en el Monasterio de Santa Catalina<\/h3>\n<ul>\n<li>El programa comienza con una visita al monasterio de Santa Catalina. Su gu\u00eda tendr\u00e1 la tarea de mostrar todos los santuarios principales del santuario. Adem\u00e1s, nuestros gu\u00edas le dar\u00e1n tiempo libre para tomar algunas fotograf\u00edas.<\/li>\n<li>As\u00ed, en el monasterio ver\u00e1s las reliquias de Santa Catalina, la zarza ardiente, el cementerio y la cripta bajo la capilla de San Trifonab, los mosaicos e iconos m\u00e1s antiguos y la famosa Biblioteca del Sina\u00ed.<\/li>\n<li>El \u00faltimo punto de este viaje religioso y cultural ser\u00e1 el desayuno en su hotel.<\/li>\n<\/ul>\n<h3>Salida hacia el Cairo<\/h3>\n<ul>\n<li>Finalmente, despu\u00e9s de la visita al Monasterio de Santa Catalina, regresar\u00e1 a El Cairo.<\/li>\n<li>Esta excursi\u00f3n para escalar la monta\u00f1a de Mois\u00e9s desde El Cairo termina aproximadamente a las 16:00 del segundo d\u00eda.<\/li>\n<\/ul>\n<h2>\u00bfQu\u00e9 incluye el precio de Viaje Monta\u00f1a de Mois\u00e9s El Cairo?<\/h2>\n<ul>\n<li>Alojamiento en Saint Catherine.<\/li>\n<li>Cena y desayuno.<\/li>\n<li>Gu\u00eda.<\/li>\n<li>Adem\u00e1s, traslado al monasterio y regreso a su hotel.<\/li>\n<\/ul>\n<h2>\u00bfQu\u00e9 no incluye el Programa de Viaje Monta\u00f1a de Mois\u00e9s El Cairo?<\/h2>\n<ul>\n<li>Programas de excursiones adicionales.<\/li>\n<\/ul>\n<h2>\u00bfQu\u00e9 llevar contigo para el viaje?<\/h2>\n<ul>\n<li>Pasaporte.<\/li>\n<li>Adem\u00e1s, lleve ropa para la temporada.<\/li>\n<\/ul>\n<h2>D\u00edas de reserva de viaje a la monta\u00f1a de Mois\u00e9s en El Cairo<\/h2>\n<ul>\n<li>Diariamente de 14:00 a 16:00 del d\u00eda siguiente.<\/li>\n<\/ul>\n","protected":false},"excerpt":{"rendered":"<p>Explorar lugares \u00fanicos e impresionantes es una experiencia incre\u00edble que enriquece nuestras mentes y almas. El ascenso a la monta\u00f1a del profeta Mois\u00e9s es un viaje lleno de refrigerio espiritual y de significativos acontecimientos b\u00edblicos e hist\u00f3ricos. Durante este viaje, subir\u00e1s a la monta\u00f1a del profeta Mois\u00e9s y ser\u00e1s testigo del amanecer en su cima. A continuaci\u00f3n, se servir\u00e1 un delicioso desayuno. Posteriormente, tendr\u00e1 la oportunidad de visitar el famoso monasterio de Santa Catalina.<\/p>\n<p>Nuestro amable y experto gu\u00eda tur\u00edstico de habla inglesa en egiptolog\u00eda lo recoger\u00e1 de su hotel en El Cairo a las 10:00 a. m. en un veh\u00edculo moderno con aire acondicionado para conducirlo a St. Catherine. El viaje dura aproximadamente 7 horas, con un descanso para almorzar en el camino. A su llegada, se registrar\u00e1 en el hotel y descansar\u00e1 un poco antes de que se sirva la cena. Para experimentar el impresionante amanecer desde la cima de la Monta\u00f1a de Mois\u00e9s, el ascenso comienza a las 2:00 am en la oscuridad. Su gu\u00eda compartir\u00e1 la historia b\u00edblica de esta monta\u00f1a sagrada, donde se cree que Mois\u00e9s recibi\u00f3 los Diez Mandamientos. Suba a la cima para presenciar un amanecer inolvidable y luego descienda para una visita guiada a la iglesia y los tesoros del Monasterio de Santa Catalina. Este monasterio es uno de los monasterios cristianos m\u00e1s antiguos del mundo y fue construido alrededor del sitio de la Zarza Ardiente. Posteriormente, regresaremos a El Cairo. \u00a1Este viaje nocturno al Monasterio de Santa Catalina y la Monta\u00f1a del Profeta Mois\u00e9s es una aventura que nunca olvidar\u00e1!<\/p>\n","protected":false},"featured_media":28495,"comment_status":"open","ping_status":"closed","template":"","meta":{"_coblocks_attr":"","_coblocks_dimensions":"","_coblocks_responsive_height":"","_coblocks_accordion_ie_support":"","_uag_custom_page_level_css":"","jetpack_publicize_message":"","jetpack_publicize_feature_enabled":true,"jetpack_social_post_already_shared":true,"jetpack_social_options":{"image_generator_settings":{"template":"highway","default_image_id":0,"font":"","enabled":false},"version":2},"_wpas_customize_per_network":false},"product_brand":[],"product_cat":[9855],"product_tag":[1804,1797,1811,9907],"class_list":{"0":"post-39927","1":"product","2":"type-product","3":"status-publish","4":"has-post-thumbnail","6":"product_cat-excursiones-cairo","7":"product_tag-el-cairo","8":"product_tag-excursion-es","9":"product_tag-monasterio-de-santa-catalina","10":"product_tag-turismo","12":"first","13":"instock","14":"sale","15":"taxable","16":"shipping-taxable","17":"purchasable","18":"product-type-variable"},"yoast_head":"<!-- This site is optimized with the Yoast SEO Premium plugin v27.5 (Yoast SEO v27.5) - https:\/\/yoast.com\/product\/yoast-seo-premium-wordpress\/ -->\n<title>Viaje Monta\u00f1a de Mois\u00e9s El Cairo<\/title>\n<meta name=\"description\" content=\"Viaje Monta\u00f1a de Mois\u00e9s El Cairo Obtenemos muchas impresiones y refrescamos nuestras mentes y almas visitando estos lugares. El ascenso al\" \/>\n<meta name=\"robots\" content=\"index, follow, max-snippet:-1, max-image-preview:large, max-video-preview:-1\" \/>\n<link rel=\"canonical\" href=\"https:\/\/landioustravel.com\/es\/shop\/viaje-montana-moises-cairo\/\" \/>\n<meta property=\"og:locale\" content=\"es_ES\" \/>\n<meta property=\"og:type\" content=\"article\" \/>\n<meta property=\"og:title\" content=\"Viaje Monta\u00f1a de Mois\u00e9s El Cairo\" \/>\n<meta property=\"og:description\" content=\"Landious Travel\" \/>\n<meta property=\"og:url\" content=\"https:\/\/landioustravel.com\/es\/shop\/viaje-montana-moises-cairo\/\" \/>\n<meta property=\"og:site_name\" content=\"Landious Travel\" \/>\n<meta property=\"article:publisher\" content=\"https:\/\/web.facebook.com\/landiousEgypt\" \/>\n<meta property=\"article:modified_time\" content=\"2024-03-15T17:18:18+00:00\" \/>\n<meta property=\"og:image\" content=\"https:\/\/i0.wp.com\/landioustravel.com\/wp-content\/uploads\/2021\/02\/sinai_monastery-e1612918091221.jpg?fit=1200%2C675&ssl=1\" \/>\n\t<meta property=\"og:image:width\" content=\"1200\" \/>\n\t<meta property=\"og:image:height\" content=\"675\" \/>\n\t<meta property=\"og:image:type\" content=\"image\/jpeg\" \/>\n<meta name=\"twitter:card\" content=\"summary_large_image\" \/>\n<meta name=\"twitter:site\" content=\"@LandiousTours\" \/>\n<meta name=\"twitter:label1\" content=\"Tiempo de lectura\" \/>\n\t<meta name=\"twitter:data1\" content=\"3 minutos\" \/>\n<script type=\"application\/ld+json\" class=\"yoast-schema-graph\">{\"@context\":\"https:\\\/\\\/schema.org\",\"@graph\":[{\"@type\":\"WebPage\",\"@id\":\"https:\\\/\\\/landioustravel.com\\\/es\\\/shop\\\/viaje-montana-moises-cairo\\\/\",\"url\":\"https:\\\/\\\/landioustravel.com\\\/es\\\/shop\\\/viaje-montana-moises-cairo\\\/\",\"name\":\"Viaje Monta\u00f1a de Mois\u00e9s El Cairo\",\"isPartOf\":{\"@id\":\"https:\\\/\\\/landioustravel.com\\\/es\\\/#website\"},\"primaryImageOfPage\":{\"@id\":\"https:\\\/\\\/landioustravel.com\\\/es\\\/shop\\\/viaje-montana-moises-cairo\\\/#primaryimage\"},\"image\":{\"@id\":\"https:\\\/\\\/landioustravel.com\\\/es\\\/shop\\\/viaje-montana-moises-cairo\\\/#primaryimage\"},\"thumbnailUrl\":\"https:\\\/\\\/i0.wp.com\\\/landioustravel.com\\\/wp-content\\\/uploads\\\/2021\\\/02\\\/sinai_monastery-e1612918091221.jpg?fit=1200%2C675&ssl=1\",\"datePublished\":\"2021-12-09T21:56:22+00:00\",\"dateModified\":\"2024-03-15T17:18:18+00:00\",\"description\":\"Viaje Monta\u00f1a de Mois\u00e9s El Cairo Obtenemos muchas impresiones y refrescamos nuestras mentes y almas visitando estos lugares. El ascenso al\",\"breadcrumb\":{\"@id\":\"https:\\\/\\\/landioustravel.com\\\/es\\\/shop\\\/viaje-montana-moises-cairo\\\/#breadcrumb\"},\"inLanguage\":\"es\",\"potentialAction\":[{\"@type\":\"ReadAction\",\"target\":[\"https:\\\/\\\/landioustravel.com\\\/es\\\/shop\\\/viaje-montana-moises-cairo\\\/\"]}]},{\"@type\":\"ImageObject\",\"inLanguage\":\"es\",\"@id\":\"https:\\\/\\\/landioustravel.com\\\/es\\\/shop\\\/viaje-montana-moises-cairo\\\/#primaryimage\",\"url\":\"https:\\\/\\\/i0.wp.com\\\/landioustravel.com\\\/wp-content\\\/uploads\\\/2021\\\/02\\\/sinai_monastery-e1612918091221.jpg?fit=1200%2C675&ssl=1\",\"contentUrl\":\"https:\\\/\\\/i0.wp.com\\\/landioustravel.com\\\/wp-content\\\/uploads\\\/2021\\\/02\\\/sinai_monastery-e1612918091221.jpg?fit=1200%2C675&ssl=1\",\"width\":1200,\"height\":675,\"caption\":\"Moses Mountain Trip Cairo\"},{\"@type\":\"BreadcrumbList\",\"@id\":\"https:\\\/\\\/landioustravel.com\\\/es\\\/shop\\\/viaje-montana-moises-cairo\\\/#breadcrumb\",\"itemListElement\":[{\"@type\":\"ListItem\",\"position\":1,\"name\":\"Home\",\"item\":\"https:\\\/\\\/landioustravel.com\\\/es\\\/\"},{\"@type\":\"ListItem\",\"position\":2,\"name\":\"Servicios y Tours\",\"item\":\"https:\\\/\\\/landioustravel.com\\\/es\\\/\"},{\"@type\":\"ListItem\",\"position\":3,\"name\":\"Viaje Monta\u00f1a de Mois\u00e9s El Cairo\"}]},{\"@type\":\"WebSite\",\"@id\":\"https:\\\/\\\/landioustravel.com\\\/es\\\/#website\",\"url\":\"https:\\\/\\\/landioustravel.com\\\/es\\\/\",\"name\":\"Landious Travel\",\"description\":\"Tours and Excursions in Egypt\",\"publisher\":{\"@id\":\"https:\\\/\\\/landioustravel.com\\\/es\\\/#organization\"},\"potentialAction\":[{\"@type\":\"SearchAction\",\"target\":{\"@type\":\"EntryPoint\",\"urlTemplate\":\"https:\\\/\\\/landioustravel.com\\\/es\\\/?s={search_term_string}\"},\"query-input\":{\"@type\":\"PropertyValueSpecification\",\"valueRequired\":true,\"valueName\":\"search_term_string\"}}],\"inLanguage\":\"es\"},{\"@type\":[\"Organization\",\"Place\"],\"@id\":\"https:\\\/\\\/landioustravel.com\\\/es\\\/#organization\",\"name\":\"Landious Travel\",\"alternateName\":\"Landious Travel\",\"url\":\"https:\\\/\\\/landioustravel.com\\\/es\\\/\",\"logo\":{\"@id\":\"https:\\\/\\\/landioustravel.com\\\/es\\\/shop\\\/viaje-montana-moises-cairo\\\/#local-main-organization-logo\"},\"image\":{\"@id\":\"https:\\\/\\\/landioustravel.com\\\/es\\\/shop\\\/viaje-montana-moises-cairo\\\/#local-main-organization-logo\"},\"sameAs\":[\"https:\\\/\\\/web.facebook.com\\\/landiousEgypt\",\"https:\\\/\\\/x.com\\\/LandiousTours\",\"https:\\\/\\\/mastodon.social\\\/@landious\"],\"legalName\":\"Landious Travel\",\"telephone\":[],\"openingHoursSpecification\":[{\"@type\":\"OpeningHoursSpecification\",\"dayOfWeek\":[\"Monday\",\"Tuesday\",\"Wednesday\",\"Thursday\",\"Friday\",\"Saturday\",\"Sunday\"],\"opens\":\"09:00\",\"closes\":\"17:00\"}]},{\"@type\":\"ImageObject\",\"inLanguage\":\"es\",\"@id\":\"https:\\\/\\\/landioustravel.com\\\/es\\\/shop\\\/viaje-montana-moises-cairo\\\/#local-main-organization-logo\",\"url\":\"https:\\\/\\\/i0.wp.com\\\/landioustravel.com\\\/wp-content\\\/uploads\\\/2021\\\/06\\\/Landious-T.png?fit=500%2C500&ssl=1\",\"contentUrl\":\"https:\\\/\\\/i0.wp.com\\\/landioustravel.com\\\/wp-content\\\/uploads\\\/2021\\\/06\\\/Landious-T.png?fit=500%2C500&ssl=1\",\"width\":500,\"height\":500,\"caption\":\"Landious Travel\"}]}<\/script>\n<!-- \/ Yoast SEO Premium plugin. -->","yoast_head_json":{"title":"Viaje Monta\u00f1a de Mois\u00e9s El Cairo","description":"Viaje Monta\u00f1a de Mois\u00e9s El Cairo Obtenemos muchas impresiones y refrescamos nuestras mentes y almas visitando estos lugares. El ascenso al","robots":{"index":"index","follow":"follow","max-snippet":"max-snippet:-1","max-image-preview":"max-image-preview:large","max-video-preview":"max-video-preview:-1"},"canonical":"https:\/\/landioustravel.com\/es\/shop\/viaje-montana-moises-cairo\/","og_locale":"es_ES","og_type":"article","og_title":"Viaje Monta\u00f1a de Mois\u00e9s El Cairo","og_description":"Landious Travel","og_url":"https:\/\/landioustravel.com\/es\/shop\/viaje-montana-moises-cairo\/","og_site_name":"Landious Travel","article_publisher":"https:\/\/web.facebook.com\/landiousEgypt","article_modified_time":"2024-03-15T17:18:18+00:00","og_image":[{"width":1200,"height":675,"url":"https:\/\/i0.wp.com\/landioustravel.com\/wp-content\/uploads\/2021\/02\/sinai_monastery-e1612918091221.jpg?fit=1200%2C675&ssl=1","type":"image\/jpeg"}],"twitter_card":"summary_large_image","twitter_site":"@LandiousTours","twitter_misc":{"Tiempo de lectura":"3 minutos"},"schema":{"@context":"https:\/\/schema.org","@graph":[{"@type":"WebPage","@id":"https:\/\/landioustravel.com\/es\/shop\/viaje-montana-moises-cairo\/","url":"https:\/\/landioustravel.com\/es\/shop\/viaje-montana-moises-cairo\/","name":"Viaje Monta\u00f1a de Mois\u00e9s El Cairo","isPartOf":{"@id":"https:\/\/landioustravel.com\/es\/#website"},"primaryImageOfPage":{"@id":"https:\/\/landioustravel.com\/es\/shop\/viaje-montana-moises-cairo\/#primaryimage"},"image":{"@id":"https:\/\/landioustravel.com\/es\/shop\/viaje-montana-moises-cairo\/#primaryimage"},"thumbnailUrl":"https:\/\/i0.wp.com\/landioustravel.com\/wp-content\/uploads\/2021\/02\/sinai_monastery-e1612918091221.jpg?fit=1200%2C675&ssl=1","datePublished":"2021-12-09T21:56:22+00:00","dateModified":"2024-03-15T17:18:18+00:00","description":"Viaje Monta\u00f1a de Mois\u00e9s El Cairo Obtenemos muchas impresiones y refrescamos nuestras mentes y almas visitando estos lugares. El ascenso al","breadcrumb":{"@id":"https:\/\/landioustravel.com\/es\/shop\/viaje-montana-moises-cairo\/#breadcrumb"},"inLanguage":"es","potentialAction":[{"@type":"ReadAction","target":["https:\/\/landioustravel.com\/es\/shop\/viaje-montana-moises-cairo\/"]}]},{"@type":"ImageObject","inLanguage":"es","@id":"https:\/\/landioustravel.com\/es\/shop\/viaje-montana-moises-cairo\/#primaryimage","url":"https:\/\/i0.wp.com\/landioustravel.com\/wp-content\/uploads\/2021\/02\/sinai_monastery-e1612918091221.jpg?fit=1200%2C675&ssl=1","contentUrl":"https:\/\/i0.wp.com\/landioustravel.com\/wp-content\/uploads\/2021\/02\/sinai_monastery-e1612918091221.jpg?fit=1200%2C675&ssl=1","width":1200,"height":675,"caption":"Moses Mountain Trip Cairo"},{"@type":"BreadcrumbList","@id":"https:\/\/landioustravel.com\/es\/shop\/viaje-montana-moises-cairo\/#breadcrumb","itemListElement":[{"@type":"ListItem","position":1,"name":"Home","item":"https:\/\/landioustravel.com\/es\/"},{"@type":"ListItem","position":2,"name":"Servicios y Tours","item":"https:\/\/landioustravel.com\/es\/"},{"@type":"ListItem","position":3,"name":"Viaje Monta\u00f1a de Mois\u00e9s El Cairo"}]},{"@type":"WebSite","@id":"https:\/\/landioustravel.com\/es\/#website","url":"https:\/\/landioustravel.com\/es\/","name":"Landious Travel","description":"Tours and Excursions in Egypt","publisher":{"@id":"https:\/\/landioustravel.com\/es\/#organization"},"potentialAction":[{"@type":"SearchAction","target":{"@type":"EntryPoint","urlTemplate":"https:\/\/landioustravel.com\/es\/?s={search_term_string}"},"query-input":{"@type":"PropertyValueSpecification","valueRequired":true,"valueName":"search_term_string"}}],"inLanguage":"es"},{"@type":["Organization","Place"],"@id":"https:\/\/landioustravel.com\/es\/#organization","name":"Landious Travel","alternateName":"Landious Travel","url":"https:\/\/landioustravel.com\/es\/","logo":{"@id":"https:\/\/landioustravel.com\/es\/shop\/viaje-montana-moises-cairo\/#local-main-organization-logo"},"image":{"@id":"https:\/\/landioustravel.com\/es\/shop\/viaje-montana-moises-cairo\/#local-main-organization-logo"},"sameAs":["https:\/\/web.facebook.com\/landiousEgypt","https:\/\/x.com\/LandiousTours","https:\/\/mastodon.social\/@landious"],"legalName":"Landious Travel","telephone":[],"openingHoursSpecification":[{"@type":"OpeningHoursSpecification","dayOfWeek":["Monday","Tuesday","Wednesday","Thursday","Friday","Saturday","Sunday"],"opens":"09:00","closes":"17:00"}]},{"@type":"ImageObject","inLanguage":"es","@id":"https:\/\/landioustravel.com\/es\/shop\/viaje-montana-moises-cairo\/#local-main-organization-logo","url":"https:\/\/i0.wp.com\/landioustravel.com\/wp-content\/uploads\/2021\/06\/Landious-T.png?fit=500%2C500&ssl=1","contentUrl":"https:\/\/i0.wp.com\/landioustravel.com\/wp-content\/uploads\/2021\/06\/Landious-T.png?fit=500%2C500&ssl=1","width":500,"height":500,"caption":"Landious Travel"}]}},"jetpack_publicize_connections":[],"uagb_featured_image_src":{"full":["https:\/\/i0.wp.com\/landioustravel.com\/wp-content\/uploads\/2021\/02\/sinai_monastery-e1612918091221.jpg?fit=1200%2C675&ssl=1",1200,675,false],"thumbnail":["https:\/\/i0.wp.com\/landioustravel.com\/wp-content\/uploads\/2021\/02\/sinai_monastery-e1612918091221.jpg?resize=150%2C150&ssl=1",150,150,true],"medium":["https:\/\/i0.wp.com\/landioustravel.com\/wp-content\/uploads\/2021\/02\/sinai_monastery-e1612918091221.jpg?fit=300%2C169&ssl=1",300,169,true],"medium_large":["https:\/\/i0.wp.com\/landioustravel.com\/wp-content\/uploads\/2021\/02\/sinai_monastery-e1612918091221.jpg?fit=768%2C432&ssl=1",768,432,true],"large":["https:\/\/i0.wp.com\/landioustravel.com\/wp-content\/uploads\/2021\/02\/sinai_monastery-e1612918091221.jpg?fit=980%2C551&ssl=1",980,551,true],"1536x1536":["https:\/\/i0.wp.com\/landioustravel.com\/wp-content\/uploads\/2021\/02\/sinai_monastery-e1612918091221.jpg?fit=1536%2C865&ssl=1",1536,865,true],"2048x2048":["https:\/\/i0.wp.com\/landioustravel.com\/wp-content\/uploads\/2021\/02\/sinai_monastery-e1612918091221.jpg?fit=2048%2C1153&ssl=1",2048,1153,true],"newspack-article-block-landscape-large":["https:\/\/i0.wp.com\/landioustravel.com\/wp-content\/uploads\/2021\/02\/sinai_monastery-e1612918091221.jpg?resize=1200%2C675&ssl=1",1200,900,true],"newspack-article-block-portrait-large":["https:\/\/i0.wp.com\/landioustravel.com\/wp-content\/uploads\/2021\/02\/sinai_monastery-e1612918091221.jpg?resize=900%2C675&ssl=1",900,1200,true],"newspack-article-block-square-large":["https:\/\/i0.wp.com\/landioustravel.com\/wp-content\/uploads\/2021\/02\/sinai_monastery-e1612918091221.jpg?resize=1200%2C675&ssl=1",1200,1200,true],"newspack-article-block-landscape-medium":["https:\/\/i0.wp.com\/landioustravel.com\/wp-content\/uploads\/2021\/02\/sinai_monastery-e1612918091221.jpg?resize=800%2C600&ssl=1",800,600,true],"newspack-article-block-portrait-medium":["https:\/\/i0.wp.com\/landioustravel.com\/wp-content\/uploads\/2021\/02\/sinai_monastery-e1612918091221.jpg?resize=600%2C675&ssl=1",600,800,true],"newspack-article-block-square-medium":["https:\/\/i0.wp.com\/landioustravel.com\/wp-content\/uploads\/2021\/02\/sinai_monastery-e1612918091221.jpg?resize=800%2C675&ssl=1",800,800,true],"newspack-article-block-landscape-intermediate":["https:\/\/i0.wp.com\/landioustravel.com\/wp-content\/uploads\/2021\/02\/sinai_monastery-e1612918091221.jpg?resize=600%2C450&ssl=1",600,450,true],"newspack-article-block-portrait-intermediate":["https:\/\/i0.wp.com\/landioustravel.com\/wp-content\/uploads\/2021\/02\/sinai_monastery-e1612918091221.jpg?resize=450%2C600&ssl=1",450,600,true],"newspack-article-block-square-intermediate":["https:\/\/i0.wp.com\/landioustravel.com\/wp-content\/uploads\/2021\/02\/sinai_monastery-e1612918091221.jpg?resize=600%2C600&ssl=1",600,600,true],"newspack-article-block-landscape-small":["https:\/\/i0.wp.com\/landioustravel.com\/wp-content\/uploads\/2021\/02\/sinai_monastery-e1612918091221.jpg?resize=400%2C300&ssl=1",400,300,true],"newspack-article-block-portrait-small":["https:\/\/i0.wp.com\/landioustravel.com\/wp-content\/uploads\/2021\/02\/sinai_monastery-e1612918091221.jpg?resize=300%2C400&ssl=1",300,400,true],"newspack-article-block-square-small":["https:\/\/i0.wp.com\/landioustravel.com\/wp-content\/uploads\/2021\/02\/sinai_monastery-e1612918091221.jpg?resize=400%2C400&ssl=1",400,400,true],"newspack-article-block-landscape-tiny":["https:\/\/i0.wp.com\/landioustravel.com\/wp-content\/uploads\/2021\/02\/sinai_monastery-e1612918091221.jpg?resize=200%2C150&ssl=1",200,150,true],"newspack-article-block-portrait-tiny":["https:\/\/i0.wp.com\/landioustravel.com\/wp-content\/uploads\/2021\/02\/sinai_monastery-e1612918091221.jpg?resize=150%2C200&ssl=1",150,200,true],"newspack-article-block-square-tiny":["https:\/\/i0.wp.com\/landioustravel.com\/wp-content\/uploads\/2021\/02\/sinai_monastery-e1612918091221.jpg?resize=200%2C200&ssl=1",200,200,true],"newspack-article-block-uncropped":["https:\/\/i0.wp.com\/landioustravel.com\/wp-content\/uploads\/2021\/02\/sinai_monastery-e1612918091221.jpg?fit=1200%2C675&ssl=1",1200,675,true],"woocommerce_thumbnail":["https:\/\/i0.wp.com\/landioustravel.com\/wp-content\/uploads\/2021\/02\/sinai_monastery-e1612918091221.jpg?resize=324%2C324&ssl=1",324,324,true],"woocommerce_single":["https:\/\/i0.wp.com\/landioustravel.com\/wp-content\/uploads\/2021\/02\/sinai_monastery-e1612918091221.jpg?fit=416%2C234&ssl=1",416,234,true],"woocommerce_gallery_thumbnail":["https:\/\/i0.wp.com\/landioustravel.com\/wp-content\/uploads\/2021\/02\/sinai_monastery-e1612918091221.jpg?resize=100%2C100&ssl=1",100,100,true]},"uagb_author_info":{"display_name":"Mofreh Landious","author_link":"https:\/\/landioustravel.com\/es\/author\/"},"uagb_comment_info":2,"uagb_excerpt":"Explorar lugares \u00fanicos e impresionantes es una experiencia incre\u00edble que enriquece nuestras mentes y almas. El ascenso a la monta\u00f1a del profeta Mois\u00e9s es un viaje lleno de refrigerio espiritual y de significativos acontecimientos b\u00edblicos e hist\u00f3ricos. Durante este viaje, subir\u00e1s a la monta\u00f1a del profeta Mois\u00e9s y ser\u00e1s testigo del amanecer en su cima.&hellip;","jetpack_sharing_enabled":true,"jetpack_likes_enabled":true,"amp_enabled":true,"_links":{"self":[{"href":"https:\/\/landioustravel.com\/es\/wp-json\/wp\/v2\/product\/39927","targetHints":{"allow":["GET"]}}],"collection":[{"href":"https:\/\/landioustravel.com\/es\/wp-json\/wp\/v2\/product"}],"about":[{"href":"https:\/\/landioustravel.com\/es\/wp-json\/wp\/v2\/types\/product"}],"replies":[{"embeddable":true,"href":"https:\/\/landioustravel.com\/es\/wp-json\/wp\/v2\/comments?post=39927"}],"wp:featuredmedia":[{"embeddable":true,"href":"https:\/\/landioustravel.com\/es\/wp-json\/wp\/v2\/media\/28495"}],"wp:attachment":[{"href":"https:\/\/landioustravel.com\/es\/wp-json\/wp\/v2\/media?parent=39927"}],"wp:term":[{"taxonomy":"product_brand","embeddable":true,"href":"https:\/\/landioustravel.com\/es\/wp-json\/wp\/v2\/product_brand?post=39927"},{"taxonomy":"product_cat","embeddable":true,"href":"https:\/\/landioustravel.com\/es\/wp-json\/wp\/v2\/product_cat?post=39927"},{"taxonomy":"product_tag","embeddable":true,"href":"https:\/\/landioustravel.com\/es\/wp-json\/wp\/v2\/product_tag?post=39927"}],"curies":[{"name":"wp","href":"https:\/\/api.w.org\/{rel}","templated":true}]}}