{"id":4801,"date":"2023-04-28T01:35:23","date_gmt":"2019-05-21T22:29:46","guid":{"rendered":"https:\/\/landioustravel.com\/?post_type=product&#038;p=4801"},"modified":"2026-04-14T19:13:50","modified_gmt":"2026-04-14T17:13:50","slug":"excursion-orange-bay-en-hurghada","status":"publish","type":"product","link":"https:\/\/landioustravel.com\/es\/shop\/excursion-orange-bay-en-hurghada\/","title":{"rendered":"Excursi\u00f3n a Orange Bay en Hurghada"},"content":{"rendered":"<p>\u00a1Un maravilloso viaje en barco a Orange Bay en <a href=\"https:\/\/landioustravel.com\/es\/egipto\/islas-mar-egipcio\/islas-giftun\/\">la isla Grand Giftun<\/a>, en <a href=\"https:\/\/landioustravel.com\/es\/ciudad-hurghada\/\">Hurghada<\/a>! \u00a1Recomendamos el viaje porque permite a los turistas pasar un buen rato en el mar! El viaje te da la oportunidad de ver hermosos corales y una variedad de peces. Adem\u00e1s, disfrutar\u00e1 de un picnic en barco por el Mar Rojo y se ubicar\u00e1 en <a href=\"https:\/\/landioustravel.com\/es\/egipto\/islas-mar-egipcio\/islas-giftun\/\">la isla Giftun<\/a> con m\u00e1s servicios en la misma playa. La isla est\u00e1 cerca de la costa de Hurghada!<\/p>\n<h2>Los principales puntos del programa de excursiones a la isla de Orange Bay<\/h2>\n<ul>\n<li>Nadar en mar abierto desde el yate.<\/li>\n<li>Snorkel con m\u00e1scaras y aletas en mar abierto.<\/li>\n<li>Almuerzo<\/li>\n<li>Aterrizaje en la isla de Giftun (Bah\u00eda de Orange)<\/li>\n<\/ul>\n<h3>El programa del viaje en barco a la playa de Orange Bay desde Hurghada<\/h3>\n<ul>\n<li>Te recogemos en el hotel aproximadamente a las 08:00<\/li>\n<li>Despu\u00e9s de recoger a todos los interesados, el autob\u00fas va al puerto. El trayecto hasta el puerto dura aproximadamente 20 minutos.<\/li>\n<li>Encontrar\u00e1s tu yate en el puerto. \u00a1Es grande y elegante! El yate consta de dos plantas. Tan pronto como para entrar en el yate, es necesario quitarse el calzado y levantarse en el segundo piso para broncearse en la terraza superior.<\/li>\n<li>El yate se mueve a trav\u00e9s del Mar Rojo, tan pronto como el grupo se re\u00fane. Adem\u00e1s, en los hermosos corales, haces una parada. All\u00ed podr\u00e1s nadar y bucear con m\u00e1scaras y aletas.<\/li>\n<li>Despu\u00e9s de una parada as\u00ed, montar\u00e1s juguetes acu\u00e1ticos de pl\u00e1tanos y sof\u00e1s.<\/li>\n<li>Su pr\u00f3xima parada ser\u00e1 en la Bah\u00eda de Orange de ensue\u00f1o en la Isla Giftun. Te llevamos tu en lancha a motor. Tu gu\u00eda te da una idea de las posibilidades en la playa: inodoros, carpas y tumbonas.<\/li>\n<li>En la isla pasar\u00e1s tres horas. Durante este tiempo, tendr\u00e1s tiempo suficiente para nadar y broncearte.<\/li>\n<li>Este programa de excursiones termina aproximadamente a las 17:00.<\/li>\n<\/ul>\n<h2>Lo que est\u00e1 incluido en el precio del tour<\/h2>\n<ul>\n<li>Equipo de snorkel (M\u00e1scaras y aletas).<\/li>\n<li>Comida y bebidas<\/li>\n<li>Traslado al puerto y regreso al hotel.<\/li>\n<\/ul>\n<h2>Lo que no est\u00e1 incluido en el precio del tour<\/h2>\n<ul>\n<li>Video DVD<\/li>\n<li>CD de fotos<\/li>\n<\/ul>\n<h2>QU\u00c9 TOMAR CON USTED PARA EL VIAJE<\/h2>\n<ul>\n<li>Toalla<\/li>\n<li>Protector solar<\/li>\n<\/ul>\n<h2>D\u00cdAS DE LA ORGANIZACI\u00d3N DE EXCURSIONES<\/h2>\n<ul>\n<li>Diariamente de 08:00 a 17:00.<\/li>\n<\/ul>\n","protected":false},"excerpt":{"rendered":"<p>\u00danase a nosotros para una emocionante excursi\u00f3n de un d\u00eda con deportes acu\u00e1ticos a las aguas cristalinas de Orange Bay en las islas Giftun desde Hurghada. Nuestro viaje en barco incluye el transporte de ida y vuelta y todo el equipo necesario para sumergirse por completo en las hermosas playas y el paisaje submarino.<\/p>\n<p>Nuestro barco te llevar\u00e1 a los mejores lugares para hacer snorkel, donde podr\u00e1s explorar la colorida vida marina. Durante el viaje por mar, disfrutaremos de un picnic en el Mar Rojo y nos detendremos en aguas abiertas para practicar snorkel y nadar con m\u00e1scaras y aletas. Tambi\u00e9n ofreceremos un almuerzo buffet libre para disfrutar de sus comidas favoritas mientras disfruta de las impresionantes vistas. Adem\u00e1s de la emoci\u00f3n, montar\u00e1s en los divertidos juguetes acu\u00e1ticos de pl\u00e1tano y sof\u00e1. Te entretendremos con actividades adicionales como montar la banana y los juguetes acu\u00e1ticos del sof\u00e1. Una vez que lleguemos a la isla Giftun, podr\u00e1 relajarse en las arenas doradas y disfrutar del calor del sol.<\/p>\n","protected":false},"featured_media":57471,"comment_status":"open","ping_status":"closed","template":"","meta":{"_coblocks_attr":"","_coblocks_dimensions":"","_coblocks_responsive_height":"","_coblocks_accordion_ie_support":"","_uag_custom_page_level_css":"","jetpack_publicize_message":"","jetpack_publicize_feature_enabled":true,"jetpack_social_post_already_shared":true,"jetpack_social_options":{"image_generator_settings":{"template":"highway","default_image_id":0,"font":"","enabled":false},"version":2},"_wpas_customize_per_network":false},"product_brand":[],"product_cat":[1463,1466],"product_tag":[1525,22565,1515,1483,1508,1496,1497],"class_list":{"0":"post-4801","1":"product","2":"type-product","3":"status-publish","4":"has-post-thumbnail","6":"product_cat-excursions-in-hurghada","7":"product_cat-sea-trips-hurghada","8":"product_tag-snorkeling","9":"product_tag-excursion","10":"product_tag-boat-trips-in-hurghada","11":"product_tag-hurghada","12":"product_tag-island","13":"product_tag-sea","14":"product_tag-boat-trips","15":"pa_age-adult","16":"pa_age-child","17":"pa_age-child-1-4-years","18":"pa_age-child-5-11-years","20":"first","21":"instock","22":"sale","23":"featured","24":"taxable","25":"shipping-taxable","26":"purchasable","27":"product-type-variable"},"yoast_head":"<!-- This site is optimized with the Yoast SEO Premium plugin v27.5 (Yoast SEO v27.5) - https:\/\/yoast.com\/product\/yoast-seo-premium-wordpress\/ -->\n<title>Excursi\u00f3n a Orange Bay en Hurghada<\/title>\n<meta name=\"description\" content=\"Excursi\u00f3n a Orange Bay en Hurghada \u00a1Un maravilloso viaje en barco a Orange Bay en la isla Grand Giftun, en Hurghada! \u00a1Recomendamos el viaje porque permite\" \/>\n<meta name=\"robots\" content=\"index, follow, max-snippet:-1, max-image-preview:large, max-video-preview:-1\" \/>\n<link rel=\"canonical\" href=\"https:\/\/landioustravel.com\/es\/shop\/excursion-orange-bay-en-hurghada\/\" \/>\n<meta property=\"og:locale\" content=\"es_ES\" \/>\n<meta property=\"og:type\" content=\"article\" \/>\n<meta property=\"og:title\" content=\"Excursi\u00f3n a Orange Bay en Hurghada\" \/>\n<meta property=\"og:description\" content=\"Landious Travel\" \/>\n<meta property=\"og:url\" content=\"https:\/\/landioustravel.com\/es\/shop\/excursion-orange-bay-en-hurghada\/\" \/>\n<meta property=\"og:site_name\" content=\"Landious Travel\" \/>\n<meta property=\"article:publisher\" content=\"https:\/\/web.facebook.com\/landiousEgypt\" \/>\n<meta property=\"article:modified_time\" content=\"2026-04-14T17:13:50+00:00\" \/>\n<meta property=\"og:image\" content=\"https:\/\/i0.wp.com\/landioustravel.com\/wp-content\/uploads\/2019\/05\/Orange-Bay-Trip-Hurghada-1.jpg?fit=1200%2C660&ssl=1\" \/>\n\t<meta property=\"og:image:width\" content=\"1200\" \/>\n\t<meta property=\"og:image:height\" content=\"660\" \/>\n\t<meta property=\"og:image:type\" content=\"image\/jpeg\" \/>\n<meta name=\"twitter:card\" content=\"summary_large_image\" \/>\n<meta name=\"twitter:site\" content=\"@LandiousTours\" \/>\n<meta name=\"twitter:label1\" content=\"Tiempo de lectura\" \/>\n\t<meta name=\"twitter:data1\" content=\"2 minutos\" \/>\n<script type=\"application\/ld+json\" class=\"yoast-schema-graph\">{\"@context\":\"https:\\\/\\\/schema.org\",\"@graph\":[{\"@type\":\"WebPage\",\"@id\":\"https:\\\/\\\/landioustravel.com\\\/es\\\/shop\\\/excursion-orange-bay-en-hurghada\\\/\",\"url\":\"https:\\\/\\\/landioustravel.com\\\/es\\\/shop\\\/excursion-orange-bay-en-hurghada\\\/\",\"name\":\"Excursi\u00f3n a Orange Bay en Hurghada\",\"isPartOf\":{\"@id\":\"https:\\\/\\\/landioustravel.com\\\/es\\\/#website\"},\"primaryImageOfPage\":{\"@id\":\"https:\\\/\\\/landioustravel.com\\\/es\\\/shop\\\/excursion-orange-bay-en-hurghada\\\/#primaryimage\"},\"image\":{\"@id\":\"https:\\\/\\\/landioustravel.com\\\/es\\\/shop\\\/excursion-orange-bay-en-hurghada\\\/#primaryimage\"},\"thumbnailUrl\":\"https:\\\/\\\/i0.wp.com\\\/landioustravel.com\\\/wp-content\\\/uploads\\\/2019\\\/05\\\/Orange-Bay-Trip-Hurghada-1.jpg?fit=1200%2C660&ssl=1\",\"datePublished\":\"2019-05-21T22:29:46+00:00\",\"dateModified\":\"2026-04-14T17:13:50+00:00\",\"description\":\"Excursi\u00f3n a Orange Bay en Hurghada \u00a1Un maravilloso viaje en barco a Orange Bay en la isla Grand Giftun, en Hurghada! \u00a1Recomendamos el viaje porque permite\",\"breadcrumb\":{\"@id\":\"https:\\\/\\\/landioustravel.com\\\/es\\\/shop\\\/excursion-orange-bay-en-hurghada\\\/#breadcrumb\"},\"inLanguage\":\"es\",\"potentialAction\":[{\"@type\":\"ReadAction\",\"target\":[\"https:\\\/\\\/landioustravel.com\\\/es\\\/shop\\\/excursion-orange-bay-en-hurghada\\\/\"]}]},{\"@type\":\"ImageObject\",\"inLanguage\":\"es\",\"@id\":\"https:\\\/\\\/landioustravel.com\\\/es\\\/shop\\\/excursion-orange-bay-en-hurghada\\\/#primaryimage\",\"url\":\"https:\\\/\\\/i0.wp.com\\\/landioustravel.com\\\/wp-content\\\/uploads\\\/2019\\\/05\\\/Orange-Bay-Trip-Hurghada-1.jpg?fit=1200%2C660&ssl=1\",\"contentUrl\":\"https:\\\/\\\/i0.wp.com\\\/landioustravel.com\\\/wp-content\\\/uploads\\\/2019\\\/05\\\/Orange-Bay-Trip-Hurghada-1.jpg?fit=1200%2C660&ssl=1\",\"width\":1200,\"height\":660,\"caption\":\"Orange Bay Trip Hurghada\"},{\"@type\":\"BreadcrumbList\",\"@id\":\"https:\\\/\\\/landioustravel.com\\\/es\\\/shop\\\/excursion-orange-bay-en-hurghada\\\/#breadcrumb\",\"itemListElement\":[{\"@type\":\"ListItem\",\"position\":1,\"name\":\"Home\",\"item\":\"https:\\\/\\\/landioustravel.com\\\/es\\\/\"},{\"@type\":\"ListItem\",\"position\":2,\"name\":\"Servicios y Tours\",\"item\":\"https:\\\/\\\/landioustravel.com\\\/es\\\/\"},{\"@type\":\"ListItem\",\"position\":3,\"name\":\"Excursi\u00f3n a Orange Bay en Hurghada\"}]},{\"@type\":\"WebSite\",\"@id\":\"https:\\\/\\\/landioustravel.com\\\/es\\\/#website\",\"url\":\"https:\\\/\\\/landioustravel.com\\\/es\\\/\",\"name\":\"Landious Travel\",\"description\":\"Tours and Excursions in Egypt\",\"publisher\":{\"@id\":\"https:\\\/\\\/landioustravel.com\\\/es\\\/#organization\"},\"potentialAction\":[{\"@type\":\"SearchAction\",\"target\":{\"@type\":\"EntryPoint\",\"urlTemplate\":\"https:\\\/\\\/landioustravel.com\\\/es\\\/?s={search_term_string}\"},\"query-input\":{\"@type\":\"PropertyValueSpecification\",\"valueRequired\":true,\"valueName\":\"search_term_string\"}}],\"inLanguage\":\"es\"},{\"@type\":[\"Organization\",\"Place\"],\"@id\":\"https:\\\/\\\/landioustravel.com\\\/es\\\/#organization\",\"name\":\"Landious Travel\",\"alternateName\":\"Landious Travel\",\"url\":\"https:\\\/\\\/landioustravel.com\\\/es\\\/\",\"logo\":{\"@id\":\"https:\\\/\\\/landioustravel.com\\\/es\\\/shop\\\/excursion-orange-bay-en-hurghada\\\/#local-main-organization-logo\"},\"image\":{\"@id\":\"https:\\\/\\\/landioustravel.com\\\/es\\\/shop\\\/excursion-orange-bay-en-hurghada\\\/#local-main-organization-logo\"},\"sameAs\":[\"https:\\\/\\\/web.facebook.com\\\/landiousEgypt\",\"https:\\\/\\\/x.com\\\/LandiousTours\",\"https:\\\/\\\/mastodon.social\\\/@landious\"],\"legalName\":\"Landious Travel\",\"telephone\":[],\"openingHoursSpecification\":[{\"@type\":\"OpeningHoursSpecification\",\"dayOfWeek\":[\"Monday\",\"Tuesday\",\"Wednesday\",\"Thursday\",\"Friday\",\"Saturday\",\"Sunday\"],\"opens\":\"09:00\",\"closes\":\"17:00\"}]},{\"@type\":\"ImageObject\",\"inLanguage\":\"es\",\"@id\":\"https:\\\/\\\/landioustravel.com\\\/es\\\/shop\\\/excursion-orange-bay-en-hurghada\\\/#local-main-organization-logo\",\"url\":\"https:\\\/\\\/i0.wp.com\\\/landioustravel.com\\\/wp-content\\\/uploads\\\/2021\\\/06\\\/Landious-T.png?fit=500%2C500&ssl=1\",\"contentUrl\":\"https:\\\/\\\/i0.wp.com\\\/landioustravel.com\\\/wp-content\\\/uploads\\\/2021\\\/06\\\/Landious-T.png?fit=500%2C500&ssl=1\",\"width\":500,\"height\":500,\"caption\":\"Landious Travel\"}]}<\/script>\n<!-- \/ Yoast SEO Premium plugin. -->","yoast_head_json":{"title":"Excursi\u00f3n a Orange Bay en Hurghada","description":"Excursi\u00f3n a Orange Bay en Hurghada \u00a1Un maravilloso viaje en barco a Orange Bay en la isla Grand Giftun, en Hurghada! \u00a1Recomendamos el viaje porque permite","robots":{"index":"index","follow":"follow","max-snippet":"max-snippet:-1","max-image-preview":"max-image-preview:large","max-video-preview":"max-video-preview:-1"},"canonical":"https:\/\/landioustravel.com\/es\/shop\/excursion-orange-bay-en-hurghada\/","og_locale":"es_ES","og_type":"article","og_title":"Excursi\u00f3n a Orange Bay en Hurghada","og_description":"Landious Travel","og_url":"https:\/\/landioustravel.com\/es\/shop\/excursion-orange-bay-en-hurghada\/","og_site_name":"Landious Travel","article_publisher":"https:\/\/web.facebook.com\/landiousEgypt","article_modified_time":"2026-04-14T17:13:50+00:00","og_image":[{"width":1200,"height":660,"url":"https:\/\/i0.wp.com\/landioustravel.com\/wp-content\/uploads\/2019\/05\/Orange-Bay-Trip-Hurghada-1.jpg?fit=1200%2C660&ssl=1","type":"image\/jpeg"}],"twitter_card":"summary_large_image","twitter_site":"@LandiousTours","twitter_misc":{"Tiempo de lectura":"2 minutos"},"schema":{"@context":"https:\/\/schema.org","@graph":[{"@type":"WebPage","@id":"https:\/\/landioustravel.com\/es\/shop\/excursion-orange-bay-en-hurghada\/","url":"https:\/\/landioustravel.com\/es\/shop\/excursion-orange-bay-en-hurghada\/","name":"Excursi\u00f3n a Orange Bay en Hurghada","isPartOf":{"@id":"https:\/\/landioustravel.com\/es\/#website"},"primaryImageOfPage":{"@id":"https:\/\/landioustravel.com\/es\/shop\/excursion-orange-bay-en-hurghada\/#primaryimage"},"image":{"@id":"https:\/\/landioustravel.com\/es\/shop\/excursion-orange-bay-en-hurghada\/#primaryimage"},"thumbnailUrl":"https:\/\/i0.wp.com\/landioustravel.com\/wp-content\/uploads\/2019\/05\/Orange-Bay-Trip-Hurghada-1.jpg?fit=1200%2C660&ssl=1","datePublished":"2019-05-21T22:29:46+00:00","dateModified":"2026-04-14T17:13:50+00:00","description":"Excursi\u00f3n a Orange Bay en Hurghada \u00a1Un maravilloso viaje en barco a Orange Bay en la isla Grand Giftun, en Hurghada! \u00a1Recomendamos el viaje porque permite","breadcrumb":{"@id":"https:\/\/landioustravel.com\/es\/shop\/excursion-orange-bay-en-hurghada\/#breadcrumb"},"inLanguage":"es","potentialAction":[{"@type":"ReadAction","target":["https:\/\/landioustravel.com\/es\/shop\/excursion-orange-bay-en-hurghada\/"]}]},{"@type":"ImageObject","inLanguage":"es","@id":"https:\/\/landioustravel.com\/es\/shop\/excursion-orange-bay-en-hurghada\/#primaryimage","url":"https:\/\/i0.wp.com\/landioustravel.com\/wp-content\/uploads\/2019\/05\/Orange-Bay-Trip-Hurghada-1.jpg?fit=1200%2C660&ssl=1","contentUrl":"https:\/\/i0.wp.com\/landioustravel.com\/wp-content\/uploads\/2019\/05\/Orange-Bay-Trip-Hurghada-1.jpg?fit=1200%2C660&ssl=1","width":1200,"height":660,"caption":"Orange Bay Trip Hurghada"},{"@type":"BreadcrumbList","@id":"https:\/\/landioustravel.com\/es\/shop\/excursion-orange-bay-en-hurghada\/#breadcrumb","itemListElement":[{"@type":"ListItem","position":1,"name":"Home","item":"https:\/\/landioustravel.com\/es\/"},{"@type":"ListItem","position":2,"name":"Servicios y Tours","item":"https:\/\/landioustravel.com\/es\/"},{"@type":"ListItem","position":3,"name":"Excursi\u00f3n a Orange Bay en Hurghada"}]},{"@type":"WebSite","@id":"https:\/\/landioustravel.com\/es\/#website","url":"https:\/\/landioustravel.com\/es\/","name":"Landious Travel","description":"Tours and Excursions in Egypt","publisher":{"@id":"https:\/\/landioustravel.com\/es\/#organization"},"potentialAction":[{"@type":"SearchAction","target":{"@type":"EntryPoint","urlTemplate":"https:\/\/landioustravel.com\/es\/?s={search_term_string}"},"query-input":{"@type":"PropertyValueSpecification","valueRequired":true,"valueName":"search_term_string"}}],"inLanguage":"es"},{"@type":["Organization","Place"],"@id":"https:\/\/landioustravel.com\/es\/#organization","name":"Landious Travel","alternateName":"Landious Travel","url":"https:\/\/landioustravel.com\/es\/","logo":{"@id":"https:\/\/landioustravel.com\/es\/shop\/excursion-orange-bay-en-hurghada\/#local-main-organization-logo"},"image":{"@id":"https:\/\/landioustravel.com\/es\/shop\/excursion-orange-bay-en-hurghada\/#local-main-organization-logo"},"sameAs":["https:\/\/web.facebook.com\/landiousEgypt","https:\/\/x.com\/LandiousTours","https:\/\/mastodon.social\/@landious"],"legalName":"Landious Travel","telephone":[],"openingHoursSpecification":[{"@type":"OpeningHoursSpecification","dayOfWeek":["Monday","Tuesday","Wednesday","Thursday","Friday","Saturday","Sunday"],"opens":"09:00","closes":"17:00"}]},{"@type":"ImageObject","inLanguage":"es","@id":"https:\/\/landioustravel.com\/es\/shop\/excursion-orange-bay-en-hurghada\/#local-main-organization-logo","url":"https:\/\/i0.wp.com\/landioustravel.com\/wp-content\/uploads\/2021\/06\/Landious-T.png?fit=500%2C500&ssl=1","contentUrl":"https:\/\/i0.wp.com\/landioustravel.com\/wp-content\/uploads\/2021\/06\/Landious-T.png?fit=500%2C500&ssl=1","width":500,"height":500,"caption":"Landious Travel"}]}},"jetpack_publicize_connections":[],"uagb_featured_image_src":{"full":["https:\/\/i0.wp.com\/landioustravel.com\/wp-content\/uploads\/2019\/05\/Orange-Bay-Trip-Hurghada-1.jpg?fit=1200%2C660&ssl=1",1200,660,false],"thumbnail":["https:\/\/i0.wp.com\/landioustravel.com\/wp-content\/uploads\/2019\/05\/Orange-Bay-Trip-Hurghada-1.jpg?resize=150%2C150&ssl=1",150,150,true],"medium":["https:\/\/i0.wp.com\/landioustravel.com\/wp-content\/uploads\/2019\/05\/Orange-Bay-Trip-Hurghada-1.jpg?fit=300%2C165&ssl=1",300,165,true],"medium_large":["https:\/\/i0.wp.com\/landioustravel.com\/wp-content\/uploads\/2019\/05\/Orange-Bay-Trip-Hurghada-1.jpg?fit=768%2C422&ssl=1",768,422,true],"large":["https:\/\/i0.wp.com\/landioustravel.com\/wp-content\/uploads\/2019\/05\/Orange-Bay-Trip-Hurghada-1.jpg?fit=980%2C539&ssl=1",980,539,true],"1536x1536":["https:\/\/i0.wp.com\/landioustravel.com\/wp-content\/uploads\/2019\/05\/Orange-Bay-Trip-Hurghada-1.jpg?fit=1200%2C660&ssl=1",1200,660,true],"2048x2048":["https:\/\/i0.wp.com\/landioustravel.com\/wp-content\/uploads\/2019\/05\/Orange-Bay-Trip-Hurghada-1.jpg?fit=1200%2C660&ssl=1",1200,660,true],"newspack-article-block-landscape-large":["https:\/\/i0.wp.com\/landioustravel.com\/wp-content\/uploads\/2019\/05\/Orange-Bay-Trip-Hurghada-1.jpg?resize=1200%2C660&ssl=1",1200,660,true],"newspack-article-block-portrait-large":["https:\/\/i0.wp.com\/landioustravel.com\/wp-content\/uploads\/2019\/05\/Orange-Bay-Trip-Hurghada-1.jpg?resize=900%2C660&ssl=1",900,660,true],"newspack-article-block-square-large":["https:\/\/i0.wp.com\/landioustravel.com\/wp-content\/uploads\/2019\/05\/Orange-Bay-Trip-Hurghada-1.jpg?resize=1200%2C660&ssl=1",1200,660,true],"newspack-article-block-landscape-medium":["https:\/\/i0.wp.com\/landioustravel.com\/wp-content\/uploads\/2019\/05\/Orange-Bay-Trip-Hurghada-1.jpg?resize=800%2C600&ssl=1",800,600,true],"newspack-article-block-portrait-medium":["https:\/\/i0.wp.com\/landioustravel.com\/wp-content\/uploads\/2019\/05\/Orange-Bay-Trip-Hurghada-1.jpg?resize=600%2C660&ssl=1",600,660,true],"newspack-article-block-square-medium":["https:\/\/i0.wp.com\/landioustravel.com\/wp-content\/uploads\/2019\/05\/Orange-Bay-Trip-Hurghada-1.jpg?resize=800%2C660&ssl=1",800,660,true],"newspack-article-block-landscape-intermediate":["https:\/\/i0.wp.com\/landioustravel.com\/wp-content\/uploads\/2019\/05\/Orange-Bay-Trip-Hurghada-1.jpg?resize=600%2C450&ssl=1",600,450,true],"newspack-article-block-portrait-intermediate":["https:\/\/i0.wp.com\/landioustravel.com\/wp-content\/uploads\/2019\/05\/Orange-Bay-Trip-Hurghada-1.jpg?resize=450%2C600&ssl=1",450,600,true],"newspack-article-block-square-intermediate":["https:\/\/i0.wp.com\/landioustravel.com\/wp-content\/uploads\/2019\/05\/Orange-Bay-Trip-Hurghada-1.jpg?resize=600%2C600&ssl=1",600,600,true],"newspack-article-block-landscape-small":["https:\/\/i0.wp.com\/landioustravel.com\/wp-content\/uploads\/2019\/05\/Orange-Bay-Trip-Hurghada-1.jpg?resize=400%2C300&ssl=1",400,300,true],"newspack-article-block-portrait-small":["https:\/\/i0.wp.com\/landioustravel.com\/wp-content\/uploads\/2019\/05\/Orange-Bay-Trip-Hurghada-1.jpg?resize=300%2C400&ssl=1",300,400,true],"newspack-article-block-square-small":["https:\/\/i0.wp.com\/landioustravel.com\/wp-content\/uploads\/2019\/05\/Orange-Bay-Trip-Hurghada-1.jpg?resize=400%2C400&ssl=1",400,400,true],"newspack-article-block-landscape-tiny":["https:\/\/i0.wp.com\/landioustravel.com\/wp-content\/uploads\/2019\/05\/Orange-Bay-Trip-Hurghada-1.jpg?resize=200%2C150&ssl=1",200,150,true],"newspack-article-block-portrait-tiny":["https:\/\/i0.wp.com\/landioustravel.com\/wp-content\/uploads\/2019\/05\/Orange-Bay-Trip-Hurghada-1.jpg?resize=150%2C200&ssl=1",150,200,true],"newspack-article-block-square-tiny":["https:\/\/i0.wp.com\/landioustravel.com\/wp-content\/uploads\/2019\/05\/Orange-Bay-Trip-Hurghada-1.jpg?resize=200%2C200&ssl=1",200,200,true],"newspack-article-block-uncropped":["https:\/\/i0.wp.com\/landioustravel.com\/wp-content\/uploads\/2019\/05\/Orange-Bay-Trip-Hurghada-1.jpg?fit=1200%2C660&ssl=1",1200,660,true],"woocommerce_thumbnail":["https:\/\/i0.wp.com\/landioustravel.com\/wp-content\/uploads\/2019\/05\/Orange-Bay-Trip-Hurghada-1.jpg?resize=324%2C324&ssl=1",324,324,true],"woocommerce_single":["https:\/\/i0.wp.com\/landioustravel.com\/wp-content\/uploads\/2019\/05\/Orange-Bay-Trip-Hurghada-1.jpg?fit=416%2C229&ssl=1",416,229,true],"woocommerce_gallery_thumbnail":["https:\/\/i0.wp.com\/landioustravel.com\/wp-content\/uploads\/2019\/05\/Orange-Bay-Trip-Hurghada-1.jpg?resize=100%2C100&ssl=1",100,100,true]},"uagb_author_info":{"display_name":"Mofreh Landious","author_link":"https:\/\/landioustravel.com\/es\/author\/"},"uagb_comment_info":8,"uagb_excerpt":"\u00danase a nosotros para una emocionante excursi\u00f3n de un d\u00eda con deportes acu\u00e1ticos a las aguas cristalinas de Orange Bay en las islas Giftun desde Hurghada. Nuestro viaje en barco incluye el transporte de ida y vuelta y todo el equipo necesario para sumergirse por completo en las hermosas playas y el paisaje submarino. Nuestro&hellip;","jetpack_sharing_enabled":true,"jetpack_likes_enabled":true,"amp_enabled":true,"_links":{"self":[{"href":"https:\/\/landioustravel.com\/es\/wp-json\/wp\/v2\/product\/4801","targetHints":{"allow":["GET"]}}],"collection":[{"href":"https:\/\/landioustravel.com\/es\/wp-json\/wp\/v2\/product"}],"about":[{"href":"https:\/\/landioustravel.com\/es\/wp-json\/wp\/v2\/types\/product"}],"replies":[{"embeddable":true,"href":"https:\/\/landioustravel.com\/es\/wp-json\/wp\/v2\/comments?post=4801"}],"wp:featuredmedia":[{"embeddable":true,"href":"https:\/\/landioustravel.com\/es\/wp-json\/wp\/v2\/media\/57471"}],"wp:attachment":[{"href":"https:\/\/landioustravel.com\/es\/wp-json\/wp\/v2\/media?parent=4801"}],"wp:term":[{"taxonomy":"product_brand","embeddable":true,"href":"https:\/\/landioustravel.com\/es\/wp-json\/wp\/v2\/product_brand?post=4801"},{"taxonomy":"product_cat","embeddable":true,"href":"https:\/\/landioustravel.com\/es\/wp-json\/wp\/v2\/product_cat?post=4801"},{"taxonomy":"product_tag","embeddable":true,"href":"https:\/\/landioustravel.com\/es\/wp-json\/wp\/v2\/product_tag?post=4801"}],"curies":[{"name":"wp","href":"https:\/\/api.w.org\/{rel}","templated":true}]}}