{"id":4830,"date":"2019-05-12T04:59:40","date_gmt":"2019-05-24T00:20:36","guid":{"rendered":"https:\/\/landioustravel.com\/?post_type=product&#038;p=4830"},"modified":"2024-04-13T19:14:26","modified_gmt":"2024-04-13T17:14:26","slug":"vuelo-privado-cairo-hurghada","status":"publish","type":"product","link":"https:\/\/landioustravel.com\/es\/shop\/vuelo-privado-cairo-hurghada\/","title":{"rendered":"Vuelo privado a El Cairo desde Hurghada"},"content":{"rendered":"<p>\u00a1Es un viaje a\u00e9reo tan esperado a <a href=\"https:\/\/landioustravel.com\/es\/egipto\/pueblos-egipcios\/gobernacion-cairo\/\">El Cairo<\/a> desde el centro tur\u00edstico de Hurghada! Recomendamos el viaje porque permite a los turistas ver las vistas m\u00e1s impresionantes y aprender m\u00e1s sobre la historia del pa\u00eds. El viaje se dirige a las grandes pir\u00e1mides y la Esfinge de Giza. Y, va al museo egipcio en el Cairo, tambi\u00e9n. Los pasajeros del viaje har\u00e1n este viaje tan esperado en avi\u00f3n sin perder mucho tiempo.<\/p>\n<h2>Principales puntos del programa de excursiones a El Cairo en avi\u00f3n<\/h2>\n<ul>\n<li>Visita al Museo Egipcio de El Cairo.<\/li>\n<li>Almuerzo<\/li>\n<li>Visita las tres pir\u00e1mides en Giza<\/li>\n<li>Y, la Gran Esfinge en el complejo piramidal.<\/li>\n<\/ul>\n<h3>El programa de excursiones a El Cairo &#8211; Giza desde Hurghada<\/h3>\n<ul>\n<li>Lo recogemos de su hotel en un veh\u00edculo privado aproximadamente a las 05:00 am<\/li>\n<li>Despu\u00e9s de recoger a todos los interesados, el autob\u00fas va al aeropuerto internacional de Hurghada. Se tarda unos 30 minutos en llegar al aeropuerto.<\/li>\n<\/ul>\n<h4>Programa en el Cairo<\/h4>\n<ul>\n<li>Tan pronto como llegue a El Cairo, le mostraremos el Museo Egipcio. Cuenta con aproximadamente 100 salas de exposiciones en este museo, donde hay una colecci\u00f3n \u00fanica que consta de unos 150 mil art\u00edculos. Su gu\u00eda tendr\u00e1 la tarea de mostrar todas las exhibiciones principales en este vasto museo y dar tiempo libre para tomar fotograf\u00edas.<\/li>\n<li>Despu\u00e9s de visitar el Museo Egipcio en El Cairo, inicie el picnic en el r\u00edo Nilo como una opci\u00f3n pagada. Este es un programa adicional y se debe solicitar con anticipaci\u00f3n a trav\u00e9s de nosotros. Tan pronto como termine el picnic en el Nilo, se dirigir\u00e1 a otra ciudad _ Giza<\/li>\n<\/ul>\n<h4>Programa de giza<\/h4>\n<ul>\n<li>El viaje contin\u00faa en Giza. La primera parada, all\u00ed, ser\u00e1 en el restaurante. Ofrece un buffet abierto.<br \/>\nLuego, el grupo va al complejo piramidal, donde hay pir\u00e1mides tan grandes y la Esfinge. Su gu\u00eda los muestra, y le da tiempo libre para tomar una foto.<\/li>\n<li>Despu\u00e9s de un programa as\u00ed en las maravillosas ciudades de El Cairo y Giza, regresa al aeropuerto de El Cairo.<\/li>\n<\/ul>\n<h4>Lo que est\u00e1 incluido en el precio del tour<\/h4>\n<ul>\n<li>Entradas para visitar los templos.<\/li>\n<li>Almuerzo<\/li>\n<li>Gu\u00eda privado<\/li>\n<li>Traslado individual al aeropuerto de Hurghada.<\/li>\n<li>Veh\u00edculo privado en el Cairo<\/li>\n<li>Traslado individual desde el aeropuerto de Hurghada de regreso a su hotel.<\/li>\n<\/ul>\n<h5>Lo que no est\u00e1 incluido en el precio del viaje<\/h5>\n<ul>\n<li>Programas adicionales de excursiones si no est\u00e1n incluidos en el programa anterior.<\/li>\n<li>Las bebidas<\/li>\n<\/ul>\n<h6>QU\u00c9 TOMAR CON USTED PARA EL VIAJE<\/h6>\n<ul>\n<li>Caja de desayuno<\/li>\n<li>Pasaporte<\/li>\n<\/ul>\n<h6>Jornadas de organizaci\u00f3n de excursiones<\/h6>\n<ul>\n<li>Jueves 05:00 &#8211; 24:00<\/li>\n<li>Viernes de 5:00 a 24:00.<\/li>\n<\/ul>\n","protected":false},"excerpt":{"rendered":"<p>\u00bfEst\u00e1s planeando un viaje a El Cairo desde Hurghada? Perm\u00edtanos hacerlo f\u00e1cil y memorable para usted. Nuestro paquete incluye boletos de avi\u00f3n, boletos de entrada y traslados, dej\u00e1ndolo sin nada de qu\u00e9 preocuparse. Pasaremos a recogeros por vuestro hotel en Hurghada a las 04:30 horas y os llevaremos al aeropuerto. Despu\u00e9s de un breve vuelo a El Cairo, nuestro representante se reunir\u00e1 con usted y lo asistir\u00e1 durante todo el d\u00eda. Disfrutar\u00e1 de un recorrido privado con nuestro gu\u00eda egipt\u00f3logo, quien le brindar\u00e1 una visi\u00f3n detallada de las exquisitas Pir\u00e1mides de Giza, la Gran Esfinge y el Templo del Valle de la Pir\u00e1mide de Chephren. Despu\u00e9s de eso, lo llevaremos a un restaurante local para almorzar.<\/p>\n<p>La siguiente parada es el Museo Egipcio, que presenta artefactos del per\u00edodo fara\u00f3nico. El museo cuenta con una rara colecci\u00f3n de 5000 a\u00f1os de arte, incluida una exhibici\u00f3n dedicada a la colecci\u00f3n de tesoros, oro y joyas de Tutankam\u00f3n. Tendr\u00e1 tiempo suficiente para explorar Khan El Khalili, el antiguo bazar de El Cairo, antes de ser conducido al aeropuerto de El Cairo para su vuelo de regreso a Hurghada. Nos aseguraremos de que llegue sano y salvo a su hotel y de que haya disfrutado de un viaje placentero y sin problemas. Perm\u00edtanos encargarnos de todo para que pueda concentrarse en crear recuerdos inolvidables en la capital de Egipto.<\/p>\n","protected":false},"featured_media":99188,"comment_status":"open","ping_status":"closed","template":"","meta":{"_coblocks_attr":"","_coblocks_dimensions":"","_coblocks_responsive_height":"","_coblocks_accordion_ie_support":"","_uag_custom_page_level_css":"","jetpack_post_was_ever_published":false,"jetpack_publicize_message":"","jetpack_publicize_feature_enabled":true,"jetpack_social_post_already_shared":true,"jetpack_social_options":{"image_generator_settings":{"template":"highway","default_image_id":0,"font":"","enabled":false},"version":2},"_wpas_customize_per_network":false},"product_brand":[],"product_cat":[1789,8568],"product_tag":[1804,1806,1797,2147,1808,1805,9907],"class_list":{"0":"post-4830","1":"product","2":"type-product","3":"status-publish","4":"has-post-thumbnail","6":"product_cat-excursiones-historicas-hurghada","7":"product_cat-excursiones-individuales-hurghada","8":"product_tag-el-cairo","9":"product_tag-esfinge","10":"product_tag-excursion-es","11":"product_tag-excursiones-desde-hurghada","12":"product_tag-hurghada-es","13":"product_tag-piramides","14":"product_tag-turismo","16":"first","17":"instock","18":"sale","19":"taxable","20":"shipping-taxable","21":"purchasable","22":"product-type-variable"},"yoast_head":"<!-- This site is optimized with the Yoast SEO Premium plugin v26.9 (Yoast SEO v27.3) - https:\/\/yoast.com\/product\/yoast-seo-premium-wordpress\/ -->\n<title>Vuelo privado a El Cairo desde Hurghada<\/title>\n<meta name=\"description\" content=\"Vuelo privado a El Cairo desde Hurghada Recomendamos el viaje porque permite a los turistas ver las vistas m\u00e1s impresionantes y aprender m\u00e1s sobre la\" \/>\n<meta name=\"robots\" content=\"index, follow, max-snippet:-1, max-image-preview:large, max-video-preview:-1\" \/>\n<link rel=\"canonical\" href=\"https:\/\/landioustravel.com\/es\/shop\/vuelo-privado-cairo-hurghada\/\" \/>\n<meta property=\"og:locale\" content=\"es_ES\" \/>\n<meta property=\"og:type\" content=\"article\" \/>\n<meta property=\"og:title\" content=\"Vuelo privado a El Cairo desde Hurghada\" \/>\n<meta property=\"og:description\" content=\"Landious Travel\" \/>\n<meta property=\"og:url\" content=\"https:\/\/landioustravel.com\/es\/shop\/vuelo-privado-cairo-hurghada\/\" \/>\n<meta property=\"og:site_name\" content=\"Landious Travel\" \/>\n<meta property=\"article:publisher\" content=\"https:\/\/web.facebook.com\/landiousEgypt\" \/>\n<meta property=\"article:modified_time\" content=\"2024-04-13T17:14:26+00:00\" \/>\n<meta property=\"og:image\" content=\"https:\/\/i0.wp.com\/landioustravel.com\/wp-content\/uploads\/2019\/05\/Cairo-Private-Trip-by-Plane-Hurghada-e1669160935397.jpg?fit=1200%2C675&ssl=1\" \/>\n\t<meta property=\"og:image:width\" content=\"1200\" \/>\n\t<meta property=\"og:image:height\" content=\"675\" \/>\n\t<meta property=\"og:image:type\" content=\"image\/jpeg\" \/>\n<meta name=\"twitter:card\" content=\"summary_large_image\" \/>\n<meta name=\"twitter:site\" content=\"@LandiousTours\" \/>\n<meta name=\"twitter:label1\" content=\"Tiempo de lectura\" \/>\n\t<meta name=\"twitter:data1\" content=\"2 minutos\" \/>\n<script type=\"application\/ld+json\" class=\"yoast-schema-graph\">{\"@context\":\"https:\\\/\\\/schema.org\",\"@graph\":[{\"@type\":\"WebPage\",\"@id\":\"https:\\\/\\\/landioustravel.com\\\/es\\\/shop\\\/vuelo-privado-cairo-hurghada\\\/\",\"url\":\"https:\\\/\\\/landioustravel.com\\\/es\\\/shop\\\/vuelo-privado-cairo-hurghada\\\/\",\"name\":\"Vuelo privado a El Cairo desde Hurghada\",\"isPartOf\":{\"@id\":\"https:\\\/\\\/landioustravel.com\\\/es\\\/#website\"},\"primaryImageOfPage\":{\"@id\":\"https:\\\/\\\/landioustravel.com\\\/es\\\/shop\\\/vuelo-privado-cairo-hurghada\\\/#primaryimage\"},\"image\":{\"@id\":\"https:\\\/\\\/landioustravel.com\\\/es\\\/shop\\\/vuelo-privado-cairo-hurghada\\\/#primaryimage\"},\"thumbnailUrl\":\"https:\\\/\\\/i0.wp.com\\\/landioustravel.com\\\/wp-content\\\/uploads\\\/2019\\\/05\\\/Cairo-Private-Trip-by-Plane-Hurghada-e1669160935397.jpg?fit=1200%2C675&ssl=1\",\"datePublished\":\"2019-05-24T00:20:36+00:00\",\"dateModified\":\"2024-04-13T17:14:26+00:00\",\"description\":\"Vuelo privado a El Cairo desde Hurghada Recomendamos el viaje porque permite a los turistas ver las vistas m\u00e1s impresionantes y aprender m\u00e1s sobre la\",\"breadcrumb\":{\"@id\":\"https:\\\/\\\/landioustravel.com\\\/es\\\/shop\\\/vuelo-privado-cairo-hurghada\\\/#breadcrumb\"},\"inLanguage\":\"es\",\"potentialAction\":[{\"@type\":\"ReadAction\",\"target\":[\"https:\\\/\\\/landioustravel.com\\\/es\\\/shop\\\/vuelo-privado-cairo-hurghada\\\/\"]}]},{\"@type\":\"ImageObject\",\"inLanguage\":\"es\",\"@id\":\"https:\\\/\\\/landioustravel.com\\\/es\\\/shop\\\/vuelo-privado-cairo-hurghada\\\/#primaryimage\",\"url\":\"https:\\\/\\\/i0.wp.com\\\/landioustravel.com\\\/wp-content\\\/uploads\\\/2019\\\/05\\\/Cairo-Private-Trip-by-Plane-Hurghada-e1669160935397.jpg?fit=1200%2C675&ssl=1\",\"contentUrl\":\"https:\\\/\\\/i0.wp.com\\\/landioustravel.com\\\/wp-content\\\/uploads\\\/2019\\\/05\\\/Cairo-Private-Trip-by-Plane-Hurghada-e1669160935397.jpg?fit=1200%2C675&ssl=1\",\"width\":1200,\"height\":675,\"caption\":\"Cairo Private Trip by Plane Hurghada\"},{\"@type\":\"BreadcrumbList\",\"@id\":\"https:\\\/\\\/landioustravel.com\\\/es\\\/shop\\\/vuelo-privado-cairo-hurghada\\\/#breadcrumb\",\"itemListElement\":[{\"@type\":\"ListItem\",\"position\":1,\"name\":\"Home\",\"item\":\"https:\\\/\\\/landioustravel.com\\\/es\\\/\"},{\"@type\":\"ListItem\",\"position\":2,\"name\":\"Servicios y Tours\",\"item\":\"https:\\\/\\\/landioustravel.com\\\/es\\\/\"},{\"@type\":\"ListItem\",\"position\":3,\"name\":\"Vuelo privado a El Cairo desde Hurghada\"}]},{\"@type\":\"WebSite\",\"@id\":\"https:\\\/\\\/landioustravel.com\\\/es\\\/#website\",\"url\":\"https:\\\/\\\/landioustravel.com\\\/es\\\/\",\"name\":\"Landious Travel\",\"description\":\"Tours and Excursions in Egypt\",\"publisher\":{\"@id\":\"https:\\\/\\\/landioustravel.com\\\/es\\\/#organization\"},\"potentialAction\":[{\"@type\":\"SearchAction\",\"target\":{\"@type\":\"EntryPoint\",\"urlTemplate\":\"https:\\\/\\\/landioustravel.com\\\/es\\\/?s={search_term_string}\"},\"query-input\":{\"@type\":\"PropertyValueSpecification\",\"valueRequired\":true,\"valueName\":\"search_term_string\"}}],\"inLanguage\":\"es\"},{\"@type\":[\"Organization\",\"Place\"],\"@id\":\"https:\\\/\\\/landioustravel.com\\\/es\\\/#organization\",\"name\":\"Landious Travel\",\"alternateName\":\"Landious Travel\",\"url\":\"https:\\\/\\\/landioustravel.com\\\/es\\\/\",\"logo\":{\"@id\":\"https:\\\/\\\/landioustravel.com\\\/es\\\/shop\\\/vuelo-privado-cairo-hurghada\\\/#local-main-organization-logo\"},\"image\":{\"@id\":\"https:\\\/\\\/landioustravel.com\\\/es\\\/shop\\\/vuelo-privado-cairo-hurghada\\\/#local-main-organization-logo\"},\"sameAs\":[\"https:\\\/\\\/web.facebook.com\\\/landiousEgypt\",\"https:\\\/\\\/x.com\\\/LandiousTours\",\"https:\\\/\\\/mastodon.social\\\/@landious\"],\"legalName\":\"Landious Travel\",\"telephone\":[],\"openingHoursSpecification\":[{\"@type\":\"OpeningHoursSpecification\",\"dayOfWeek\":[\"Monday\",\"Tuesday\",\"Wednesday\",\"Thursday\",\"Friday\",\"Saturday\",\"Sunday\"],\"opens\":\"09:00\",\"closes\":\"17:00\"}]},{\"@type\":\"ImageObject\",\"inLanguage\":\"es\",\"@id\":\"https:\\\/\\\/landioustravel.com\\\/es\\\/shop\\\/vuelo-privado-cairo-hurghada\\\/#local-main-organization-logo\",\"url\":\"https:\\\/\\\/i0.wp.com\\\/landioustravel.com\\\/wp-content\\\/uploads\\\/2021\\\/06\\\/Landious-T.png?fit=500%2C500&ssl=1\",\"contentUrl\":\"https:\\\/\\\/i0.wp.com\\\/landioustravel.com\\\/wp-content\\\/uploads\\\/2021\\\/06\\\/Landious-T.png?fit=500%2C500&ssl=1\",\"width\":500,\"height\":500,\"caption\":\"Landious Travel\"}]}<\/script>\n<!-- \/ Yoast SEO Premium plugin. -->","yoast_head_json":{"title":"Vuelo privado a El Cairo desde Hurghada","description":"Vuelo privado a El Cairo desde Hurghada Recomendamos el viaje porque permite a los turistas ver las vistas m\u00e1s impresionantes y aprender m\u00e1s sobre la","robots":{"index":"index","follow":"follow","max-snippet":"max-snippet:-1","max-image-preview":"max-image-preview:large","max-video-preview":"max-video-preview:-1"},"canonical":"https:\/\/landioustravel.com\/es\/shop\/vuelo-privado-cairo-hurghada\/","og_locale":"es_ES","og_type":"article","og_title":"Vuelo privado a El Cairo desde Hurghada","og_description":"Landious Travel","og_url":"https:\/\/landioustravel.com\/es\/shop\/vuelo-privado-cairo-hurghada\/","og_site_name":"Landious Travel","article_publisher":"https:\/\/web.facebook.com\/landiousEgypt","article_modified_time":"2024-04-13T17:14:26+00:00","og_image":[{"width":1200,"height":675,"url":"https:\/\/i0.wp.com\/landioustravel.com\/wp-content\/uploads\/2019\/05\/Cairo-Private-Trip-by-Plane-Hurghada-e1669160935397.jpg?fit=1200%2C675&ssl=1","type":"image\/jpeg"}],"twitter_card":"summary_large_image","twitter_site":"@LandiousTours","twitter_misc":{"Tiempo de lectura":"2 minutos"},"schema":{"@context":"https:\/\/schema.org","@graph":[{"@type":"WebPage","@id":"https:\/\/landioustravel.com\/es\/shop\/vuelo-privado-cairo-hurghada\/","url":"https:\/\/landioustravel.com\/es\/shop\/vuelo-privado-cairo-hurghada\/","name":"Vuelo privado a El Cairo desde Hurghada","isPartOf":{"@id":"https:\/\/landioustravel.com\/es\/#website"},"primaryImageOfPage":{"@id":"https:\/\/landioustravel.com\/es\/shop\/vuelo-privado-cairo-hurghada\/#primaryimage"},"image":{"@id":"https:\/\/landioustravel.com\/es\/shop\/vuelo-privado-cairo-hurghada\/#primaryimage"},"thumbnailUrl":"https:\/\/i0.wp.com\/landioustravel.com\/wp-content\/uploads\/2019\/05\/Cairo-Private-Trip-by-Plane-Hurghada-e1669160935397.jpg?fit=1200%2C675&ssl=1","datePublished":"2019-05-24T00:20:36+00:00","dateModified":"2024-04-13T17:14:26+00:00","description":"Vuelo privado a El Cairo desde Hurghada Recomendamos el viaje porque permite a los turistas ver las vistas m\u00e1s impresionantes y aprender m\u00e1s sobre la","breadcrumb":{"@id":"https:\/\/landioustravel.com\/es\/shop\/vuelo-privado-cairo-hurghada\/#breadcrumb"},"inLanguage":"es","potentialAction":[{"@type":"ReadAction","target":["https:\/\/landioustravel.com\/es\/shop\/vuelo-privado-cairo-hurghada\/"]}]},{"@type":"ImageObject","inLanguage":"es","@id":"https:\/\/landioustravel.com\/es\/shop\/vuelo-privado-cairo-hurghada\/#primaryimage","url":"https:\/\/i0.wp.com\/landioustravel.com\/wp-content\/uploads\/2019\/05\/Cairo-Private-Trip-by-Plane-Hurghada-e1669160935397.jpg?fit=1200%2C675&ssl=1","contentUrl":"https:\/\/i0.wp.com\/landioustravel.com\/wp-content\/uploads\/2019\/05\/Cairo-Private-Trip-by-Plane-Hurghada-e1669160935397.jpg?fit=1200%2C675&ssl=1","width":1200,"height":675,"caption":"Cairo Private Trip by Plane Hurghada"},{"@type":"BreadcrumbList","@id":"https:\/\/landioustravel.com\/es\/shop\/vuelo-privado-cairo-hurghada\/#breadcrumb","itemListElement":[{"@type":"ListItem","position":1,"name":"Home","item":"https:\/\/landioustravel.com\/es\/"},{"@type":"ListItem","position":2,"name":"Servicios y Tours","item":"https:\/\/landioustravel.com\/es\/"},{"@type":"ListItem","position":3,"name":"Vuelo privado a El Cairo desde Hurghada"}]},{"@type":"WebSite","@id":"https:\/\/landioustravel.com\/es\/#website","url":"https:\/\/landioustravel.com\/es\/","name":"Landious Travel","description":"Tours and Excursions in Egypt","publisher":{"@id":"https:\/\/landioustravel.com\/es\/#organization"},"potentialAction":[{"@type":"SearchAction","target":{"@type":"EntryPoint","urlTemplate":"https:\/\/landioustravel.com\/es\/?s={search_term_string}"},"query-input":{"@type":"PropertyValueSpecification","valueRequired":true,"valueName":"search_term_string"}}],"inLanguage":"es"},{"@type":["Organization","Place"],"@id":"https:\/\/landioustravel.com\/es\/#organization","name":"Landious Travel","alternateName":"Landious Travel","url":"https:\/\/landioustravel.com\/es\/","logo":{"@id":"https:\/\/landioustravel.com\/es\/shop\/vuelo-privado-cairo-hurghada\/#local-main-organization-logo"},"image":{"@id":"https:\/\/landioustravel.com\/es\/shop\/vuelo-privado-cairo-hurghada\/#local-main-organization-logo"},"sameAs":["https:\/\/web.facebook.com\/landiousEgypt","https:\/\/x.com\/LandiousTours","https:\/\/mastodon.social\/@landious"],"legalName":"Landious Travel","telephone":[],"openingHoursSpecification":[{"@type":"OpeningHoursSpecification","dayOfWeek":["Monday","Tuesday","Wednesday","Thursday","Friday","Saturday","Sunday"],"opens":"09:00","closes":"17:00"}]},{"@type":"ImageObject","inLanguage":"es","@id":"https:\/\/landioustravel.com\/es\/shop\/vuelo-privado-cairo-hurghada\/#local-main-organization-logo","url":"https:\/\/i0.wp.com\/landioustravel.com\/wp-content\/uploads\/2021\/06\/Landious-T.png?fit=500%2C500&ssl=1","contentUrl":"https:\/\/i0.wp.com\/landioustravel.com\/wp-content\/uploads\/2021\/06\/Landious-T.png?fit=500%2C500&ssl=1","width":500,"height":500,"caption":"Landious Travel"}]}},"jetpack_publicize_connections":[],"uagb_featured_image_src":{"full":["https:\/\/i0.wp.com\/landioustravel.com\/wp-content\/uploads\/2019\/05\/Cairo-Private-Trip-by-Plane-Hurghada-e1669160935397.jpg?fit=1200%2C675&ssl=1",1200,675,false],"thumbnail":["https:\/\/i0.wp.com\/landioustravel.com\/wp-content\/uploads\/2019\/05\/Cairo-Private-Trip-by-Plane-Hurghada-e1669160935397.jpg?resize=150%2C150&ssl=1",150,150,true],"medium":["https:\/\/i0.wp.com\/landioustravel.com\/wp-content\/uploads\/2019\/05\/Cairo-Private-Trip-by-Plane-Hurghada-e1669160935397.jpg?fit=300%2C169&ssl=1",300,169,true],"medium_large":["https:\/\/i0.wp.com\/landioustravel.com\/wp-content\/uploads\/2019\/05\/Cairo-Private-Trip-by-Plane-Hurghada-e1669160935397.jpg?fit=768%2C432&ssl=1",768,432,true],"large":["https:\/\/i0.wp.com\/landioustravel.com\/wp-content\/uploads\/2019\/05\/Cairo-Private-Trip-by-Plane-Hurghada-e1669160935397.jpg?fit=980%2C551&ssl=1",980,551,true],"1536x1536":["https:\/\/i0.wp.com\/landioustravel.com\/wp-content\/uploads\/2019\/05\/Cairo-Private-Trip-by-Plane-Hurghada-e1669160935397.jpg?fit=1536%2C864&ssl=1",1536,864,true],"2048x2048":["https:\/\/i0.wp.com\/landioustravel.com\/wp-content\/uploads\/2019\/05\/Cairo-Private-Trip-by-Plane-Hurghada-e1669160935397.jpg?fit=2048%2C1152&ssl=1",2048,1152,true],"newspack-article-block-landscape-large":["https:\/\/i0.wp.com\/landioustravel.com\/wp-content\/uploads\/2019\/05\/Cairo-Private-Trip-by-Plane-Hurghada-e1669160935397.jpg?resize=1200%2C675&ssl=1",1200,675,true],"newspack-article-block-portrait-large":["https:\/\/i0.wp.com\/landioustravel.com\/wp-content\/uploads\/2019\/05\/Cairo-Private-Trip-by-Plane-Hurghada-e1669160935397.jpg?resize=900%2C675&ssl=1",900,675,true],"newspack-article-block-square-large":["https:\/\/i0.wp.com\/landioustravel.com\/wp-content\/uploads\/2019\/05\/Cairo-Private-Trip-by-Plane-Hurghada-e1669160935397.jpg?resize=1200%2C675&ssl=1",1200,675,true],"newspack-article-block-landscape-medium":["https:\/\/i0.wp.com\/landioustravel.com\/wp-content\/uploads\/2019\/05\/Cairo-Private-Trip-by-Plane-Hurghada-e1669160935397.jpg?resize=800%2C600&ssl=1",800,600,true],"newspack-article-block-portrait-medium":["https:\/\/i0.wp.com\/landioustravel.com\/wp-content\/uploads\/2019\/05\/Cairo-Private-Trip-by-Plane-Hurghada-e1669160935397.jpg?resize=600%2C675&ssl=1",600,675,true],"newspack-article-block-square-medium":["https:\/\/i0.wp.com\/landioustravel.com\/wp-content\/uploads\/2019\/05\/Cairo-Private-Trip-by-Plane-Hurghada-e1669160935397.jpg?resize=800%2C675&ssl=1",800,675,true],"newspack-article-block-landscape-intermediate":["https:\/\/i0.wp.com\/landioustravel.com\/wp-content\/uploads\/2019\/05\/Cairo-Private-Trip-by-Plane-Hurghada-e1669160935397.jpg?resize=600%2C450&ssl=1",600,450,true],"newspack-article-block-portrait-intermediate":["https:\/\/i0.wp.com\/landioustravel.com\/wp-content\/uploads\/2019\/05\/Cairo-Private-Trip-by-Plane-Hurghada-e1669160935397.jpg?resize=450%2C600&ssl=1",450,600,true],"newspack-article-block-square-intermediate":["https:\/\/i0.wp.com\/landioustravel.com\/wp-content\/uploads\/2019\/05\/Cairo-Private-Trip-by-Plane-Hurghada-e1669160935397.jpg?resize=600%2C600&ssl=1",600,600,true],"newspack-article-block-landscape-small":["https:\/\/i0.wp.com\/landioustravel.com\/wp-content\/uploads\/2019\/05\/Cairo-Private-Trip-by-Plane-Hurghada-e1669160935397.jpg?resize=400%2C300&ssl=1",400,300,true],"newspack-article-block-portrait-small":["https:\/\/i0.wp.com\/landioustravel.com\/wp-content\/uploads\/2019\/05\/Cairo-Private-Trip-by-Plane-Hurghada-e1669160935397.jpg?resize=300%2C400&ssl=1",300,400,true],"newspack-article-block-square-small":["https:\/\/i0.wp.com\/landioustravel.com\/wp-content\/uploads\/2019\/05\/Cairo-Private-Trip-by-Plane-Hurghada-e1669160935397.jpg?resize=400%2C400&ssl=1",400,400,true],"newspack-article-block-landscape-tiny":["https:\/\/i0.wp.com\/landioustravel.com\/wp-content\/uploads\/2019\/05\/Cairo-Private-Trip-by-Plane-Hurghada-e1669160935397.jpg?resize=200%2C150&ssl=1",200,150,true],"newspack-article-block-portrait-tiny":["https:\/\/i0.wp.com\/landioustravel.com\/wp-content\/uploads\/2019\/05\/Cairo-Private-Trip-by-Plane-Hurghada-e1669160935397.jpg?resize=150%2C200&ssl=1",150,200,true],"newspack-article-block-square-tiny":["https:\/\/i0.wp.com\/landioustravel.com\/wp-content\/uploads\/2019\/05\/Cairo-Private-Trip-by-Plane-Hurghada-e1669160935397.jpg?resize=200%2C200&ssl=1",200,200,true],"newspack-article-block-uncropped":["https:\/\/i0.wp.com\/landioustravel.com\/wp-content\/uploads\/2019\/05\/Cairo-Private-Trip-by-Plane-Hurghada-e1669160935397.jpg?fit=1200%2C675&ssl=1",1200,675,true],"woocommerce_thumbnail":["https:\/\/i0.wp.com\/landioustravel.com\/wp-content\/uploads\/2019\/05\/Cairo-Private-Trip-by-Plane-Hurghada-e1669160935397.jpg?resize=324%2C324&ssl=1",324,324,true],"woocommerce_single":["https:\/\/i0.wp.com\/landioustravel.com\/wp-content\/uploads\/2019\/05\/Cairo-Private-Trip-by-Plane-Hurghada-e1669160935397.jpg?fit=416%2C234&ssl=1",416,234,true],"woocommerce_gallery_thumbnail":["https:\/\/i0.wp.com\/landioustravel.com\/wp-content\/uploads\/2019\/05\/Cairo-Private-Trip-by-Plane-Hurghada-e1669160935397.jpg?resize=100%2C100&ssl=1",100,100,true]},"uagb_author_info":{"display_name":"Mofreh Landious","author_link":"https:\/\/landioustravel.com\/es\/author\/"},"uagb_comment_info":3,"uagb_excerpt":"\u00bfEst\u00e1s planeando un viaje a El Cairo desde Hurghada? Perm\u00edtanos hacerlo f\u00e1cil y memorable para usted. Nuestro paquete incluye boletos de avi\u00f3n, boletos de entrada y traslados, dej\u00e1ndolo sin nada de qu\u00e9 preocuparse. Pasaremos a recogeros por vuestro hotel en Hurghada a las 04:30 horas y os llevaremos al aeropuerto. Despu\u00e9s de un breve vuelo&hellip;","jetpack_sharing_enabled":true,"jetpack_likes_enabled":true,"amp_enabled":true,"_links":{"self":[{"href":"https:\/\/landioustravel.com\/es\/wp-json\/wp\/v2\/product\/4830","targetHints":{"allow":["GET"]}}],"collection":[{"href":"https:\/\/landioustravel.com\/es\/wp-json\/wp\/v2\/product"}],"about":[{"href":"https:\/\/landioustravel.com\/es\/wp-json\/wp\/v2\/types\/product"}],"replies":[{"embeddable":true,"href":"https:\/\/landioustravel.com\/es\/wp-json\/wp\/v2\/comments?post=4830"}],"wp:featuredmedia":[{"embeddable":true,"href":"https:\/\/landioustravel.com\/es\/wp-json\/wp\/v2\/media\/99188"}],"wp:attachment":[{"href":"https:\/\/landioustravel.com\/es\/wp-json\/wp\/v2\/media?parent=4830"}],"wp:term":[{"taxonomy":"product_brand","embeddable":true,"href":"https:\/\/landioustravel.com\/es\/wp-json\/wp\/v2\/product_brand?post=4830"},{"taxonomy":"product_cat","embeddable":true,"href":"https:\/\/landioustravel.com\/es\/wp-json\/wp\/v2\/product_cat?post=4830"},{"taxonomy":"product_tag","embeddable":true,"href":"https:\/\/landioustravel.com\/es\/wp-json\/wp\/v2\/product_tag?post=4830"}],"curies":[{"name":"wp","href":"https:\/\/api.w.org\/{rel}","templated":true}]}}