{"id":4848,"date":"2019-04-13T04:48:18","date_gmt":"2019-05-25T00:30:47","guid":{"rendered":"https:\/\/landioustravel.com\/?post_type=product&#038;p=4848"},"modified":"2026-04-06T19:13:34","modified_gmt":"2026-04-06T17:13:34","slug":"viaje-individual-sohag-hurghada","status":"publish","type":"product","link":"https:\/\/landioustravel.com\/es\/shop\/viaje-individual-sohag-hurghada\/","title":{"rendered":"Viaje individual Abydos-Sohag desde Hurghada"},"content":{"rendered":"<p>Una interesante excursi\u00f3n individual a Abydos &#8211; Sohag desde el centro tur\u00edstico de Hurghada. Recomendamos el viaje porque permite a los turistas ver un gran n\u00famero de atracciones en dos ciudades: Abydos y Sohag. Estos monumentos fueron construidos durante dos \u00e9pocas diferentes de la historia egipcia: el antiguo Egipto y el Imperio Romano. Permite obtener una gran porci\u00f3n de alegr\u00eda y aprender m\u00e1s sobre la historia del pa\u00eds.<\/p>\n<h2>Puntos principales del programa de excursiones a Abydos-Sohag<\/h2>\n<ul>\n<li>Visitando los templos de abydos<\/li>\n<li>Almuerzo<\/li>\n<li>Finalmente, el Monasterio Rojo y el Monasterio Blanco en Sohag.<\/li>\n<\/ul>\n<h3>Programa de la excursi\u00f3n a Abydos &#8211; Sohag desde Hurghada<\/h3>\n<ul>\n<li>Recogemos desde el hotel alrededor de las 04:00 de la ma\u00f1ana.<\/li>\n<li>Despu\u00e9s de recogerlo, el autob\u00fas (limusina o minib\u00fas) se dirige hacia la ciudad de Qena pasando por la ciudad de Safaga. La ciudad tur\u00edstica de Safaga se encuentra a 45 millas al sur de Hurghada, en la costa del Mar Rojo; Mientras, la ciudad de Qena se encuentra a 220 km, en el valle del Nilo. El camino, desde el centro de Hurghada hasta Qena, dura aproximadamente 3 horas.<\/li>\n<li>Desde Qena, conduces m\u00e1s al norte hacia la gobernaci\u00f3n de Sohag para llegar al pueblo de Abydos. Se tarda aproximadamente una hora para obtener Abydos.<\/li>\n<\/ul>\n<h4>El programa en Abydos<\/h4>\n<ul>\n<li>Tan pronto como llegue a la gobernaci\u00f3n de Sohag, m\u00e1s exactamente, a Abydos, comenzar\u00e1 su programa de excursiones en el templo de Osiris. Este es un complejo de templos y edificios. En el templo, comienza la explicaci\u00f3n de su gu\u00eda, y luego muestra los lugares visitados con frecuencia de este gran complejo. El complejo en s\u00ed contiene diferentes templos y edificios. Su gu\u00eda tendr\u00e1 la tarea de mostrar todos estos templos y dar tiempo libre para tomar fotograf\u00edas.<\/li>\n<\/ul>\n<h4>El programa en Sohag<\/h4>\n<ul>\n<li>Luego, conduces hacia el norte a Sohag. La primera parada, all\u00ed, ser\u00e1 en el restaurante.<\/li>\n<li>Despu\u00e9s del almuerzo, conducir\u00e1 a los monasterios cristianos cercanos, el Monasterio Rojo y el Monasterio Blanco.<\/li>\n<li>Nuevamente, su gu\u00eda comienza su explicaci\u00f3n y muestra los lugares visitados con frecuencia de este gran complejo. El complejo en s\u00ed contiene diferentes templos y edificios. Su gu\u00eda tendr\u00e1 la tarea de mostrar todos estos templos y dar tiempo libre para tomar fotograf\u00edas.<\/li>\n<\/ul>\n<h4>Lo que est\u00e1 incluido en el precio del viaje<\/h4>\n<ul>\n<li>Entradas para visitar los templos.<\/li>\n<li>Almuerzo<\/li>\n<li>Las bebidas<\/li>\n<li>Gu\u00eda privado<\/li>\n<li>Veh\u00edculo privado a Sohag, y regreso al hotel.<\/li>\n<\/ul>\n<h5>Lo que no est\u00e1 incluido en el precio del tour<\/h5>\n<ul>\n<li>Programas adicionales de excursiones que no est\u00e1n incluidos en el programa anterior<\/li>\n<\/ul>\n<h6>QU\u00c9 TOMAR CON USTED PARA EL VIAJE<\/h6>\n<ul>\n<li>Caja de desayuno<\/li>\n<li>Ropa para la temporada.<\/li>\n<\/ul>\n<h6>D\u00cdAS DE LA ORGANIZACI\u00d3N DE EXCURSIONES<\/h6>\n<ul>\n<li>Diariamente de 04: 00-22: 00.<\/li>\n<\/ul>\n","protected":false},"excerpt":{"rendered":"<p>Experimente las maravillas de Abydos y Sohag en un viaje inolvidable con salida desde Hurghada. Durante esta aventura, visitar\u00e1s los fascinantes Templos de Abydos y disfrutar\u00e1s de un delicioso almuerzo. Luego, viajar\u00e1 a Sohag para explorar el Monasterio Rojo y el Monasterio Blanco. Todas estas vistas incre\u00edbles est\u00e1n incluidas en el precio, junto con los traslados, las entradas y el almuerzo. No se pierda la oportunidad de embarcarse en una extraordinaria excursi\u00f3n privada de un d\u00eda a Abydos desde Hurghada, completa con un veh\u00edculo privado con aire acondicionado y un experto gu\u00eda egipt\u00f3logo.<\/p>\n<p>T\u00f3mese un descanso de la playa y experimente el lujoso viaje al Templo de Dendera y al Templo de Abydos en una excursi\u00f3n privada de un d\u00eda. Con su gu\u00eda tur\u00edstico egipt\u00f3logo personal a su lado, comenzar\u00e1 su viaje a Qena, viajando 60 KM a lo largo de la costa del Mar Rojo hasta Safaga, la siguiente ciudad despu\u00e9s de Hurghada. Luego, conducir\u00e1 160 KM a trav\u00e9s del desierto oriental de Egipto hasta el valle del Nilo. Despu\u00e9s de una hora y media desde la hora de recogida, se detendr\u00e1 en una cafeter\u00eda para desayunar y tomar un caf\u00e9 y usar los ba\u00f1os.<\/p>\n<p>Descubre el significado del Templo de Abydos, uno de los centros religiosos m\u00e1s importantes de Egipto. Ubicada a unas 9 millas (15 km) al sur de la ciudad moderna de Balyana, esta necr\u00f3polis fue un lugar de culto para Osiris, el dios de la muerte y la vegetaci\u00f3n, que data del Reino Antiguo. El templo de Sety I, con su arquitectura \u00fanica y relieves de alta calidad, ocupa una posici\u00f3n destacada en los edificios religiosos del Nuevo Reino. Prep\u00e1rate para embarcarte en una aventura inolvidable y vivir la magia de Abydos y Sohag.<\/p>\n","protected":false},"featured_media":99410,"comment_status":"open","ping_status":"closed","template":"","meta":{"_coblocks_attr":"","_coblocks_dimensions":"","_coblocks_responsive_height":"","_coblocks_accordion_ie_support":"","_uag_custom_page_level_css":"","jetpack_post_was_ever_published":false,"jetpack_publicize_message":"","jetpack_publicize_feature_enabled":true,"jetpack_social_post_already_shared":true,"jetpack_social_options":{"image_generator_settings":{"template":"highway","default_image_id":0,"font":"","enabled":false},"version":2},"_wpas_customize_per_network":false},"product_brand":[],"product_cat":[1789,8568],"product_tag":[1797,2147,1808,9907],"class_list":{"0":"post-4848","1":"product","2":"type-product","3":"status-publish","4":"has-post-thumbnail","6":"product_cat-excursiones-historicas-hurghada","7":"product_cat-excursiones-individuales-hurghada","8":"product_tag-excursion-es","9":"product_tag-excursiones-desde-hurghada","10":"product_tag-hurghada-es","11":"product_tag-turismo","13":"first","14":"instock","15":"sale","16":"taxable","17":"shipping-taxable","18":"purchasable","19":"product-type-variable"},"yoast_head":"<!-- This site is optimized with the Yoast SEO Premium plugin v26.9 (Yoast SEO v27.3) - https:\/\/yoast.com\/product\/yoast-seo-premium-wordpress\/ -->\n<title>Viaje individual Abydos-Sohag desde Hurghada<\/title>\n<meta name=\"description\" content=\"Viaje individual Abydos-Sohag desde Hurghada Recomendamos el viaje porque permite a los turistas ver un gran n\u00famero de atracciones en dos ciudades: Abydos\" \/>\n<meta name=\"robots\" content=\"index, follow, max-snippet:-1, max-image-preview:large, max-video-preview:-1\" \/>\n<link rel=\"canonical\" href=\"https:\/\/landioustravel.com\/es\/shop\/viaje-individual-sohag-hurghada\/\" \/>\n<meta property=\"og:locale\" content=\"es_ES\" \/>\n<meta property=\"og:type\" content=\"article\" \/>\n<meta property=\"og:title\" content=\"Viaje individual Abydos-Sohag desde Hurghada\" \/>\n<meta property=\"og:description\" content=\"Landious Travel\" \/>\n<meta property=\"og:url\" content=\"https:\/\/landioustravel.com\/es\/shop\/viaje-individual-sohag-hurghada\/\" \/>\n<meta property=\"og:site_name\" content=\"Landious Travel\" \/>\n<meta property=\"article:publisher\" content=\"https:\/\/web.facebook.com\/landiousEgypt\" \/>\n<meta property=\"article:modified_time\" content=\"2026-04-06T17:13:34+00:00\" \/>\n<meta property=\"og:image\" content=\"https:\/\/i0.wp.com\/landioustravel.com\/wp-content\/uploads\/2022\/05\/Temple-of-Seti-I-Abydos-e1651811713381.jpg?fit=1200%2C675&ssl=1\" \/>\n\t<meta property=\"og:image:width\" content=\"1200\" \/>\n\t<meta property=\"og:image:height\" content=\"675\" \/>\n\t<meta property=\"og:image:type\" content=\"image\/jpeg\" \/>\n<meta name=\"twitter:card\" content=\"summary_large_image\" \/>\n<meta name=\"twitter:site\" content=\"@LandiousTours\" \/>\n<meta name=\"twitter:label1\" content=\"Tiempo de lectura\" \/>\n\t<meta name=\"twitter:data1\" content=\"2 minutos\" \/>\n<script type=\"application\/ld+json\" class=\"yoast-schema-graph\">{\"@context\":\"https:\\\/\\\/schema.org\",\"@graph\":[{\"@type\":\"WebPage\",\"@id\":\"https:\\\/\\\/landioustravel.com\\\/es\\\/shop\\\/viaje-individual-sohag-hurghada\\\/\",\"url\":\"https:\\\/\\\/landioustravel.com\\\/es\\\/shop\\\/viaje-individual-sohag-hurghada\\\/\",\"name\":\"Viaje individual Abydos-Sohag desde Hurghada\",\"isPartOf\":{\"@id\":\"https:\\\/\\\/landioustravel.com\\\/es\\\/#website\"},\"primaryImageOfPage\":{\"@id\":\"https:\\\/\\\/landioustravel.com\\\/es\\\/shop\\\/viaje-individual-sohag-hurghada\\\/#primaryimage\"},\"image\":{\"@id\":\"https:\\\/\\\/landioustravel.com\\\/es\\\/shop\\\/viaje-individual-sohag-hurghada\\\/#primaryimage\"},\"thumbnailUrl\":\"https:\\\/\\\/i0.wp.com\\\/landioustravel.com\\\/wp-content\\\/uploads\\\/2022\\\/05\\\/Temple-of-Seti-I-Abydos-e1651811713381.jpg?fit=1200%2C675&ssl=1\",\"datePublished\":\"2019-05-25T00:30:47+00:00\",\"dateModified\":\"2026-04-06T17:13:34+00:00\",\"description\":\"Viaje individual Abydos-Sohag desde Hurghada Recomendamos el viaje porque permite a los turistas ver un gran n\u00famero de atracciones en dos ciudades: Abydos\",\"breadcrumb\":{\"@id\":\"https:\\\/\\\/landioustravel.com\\\/es\\\/shop\\\/viaje-individual-sohag-hurghada\\\/#breadcrumb\"},\"inLanguage\":\"es\",\"potentialAction\":[{\"@type\":\"ReadAction\",\"target\":[\"https:\\\/\\\/landioustravel.com\\\/es\\\/shop\\\/viaje-individual-sohag-hurghada\\\/\"]}]},{\"@type\":\"ImageObject\",\"inLanguage\":\"es\",\"@id\":\"https:\\\/\\\/landioustravel.com\\\/es\\\/shop\\\/viaje-individual-sohag-hurghada\\\/#primaryimage\",\"url\":\"https:\\\/\\\/i0.wp.com\\\/landioustravel.com\\\/wp-content\\\/uploads\\\/2022\\\/05\\\/Temple-of-Seti-I-Abydos-e1651811713381.jpg?fit=1200%2C675&ssl=1\",\"contentUrl\":\"https:\\\/\\\/i0.wp.com\\\/landioustravel.com\\\/wp-content\\\/uploads\\\/2022\\\/05\\\/Temple-of-Seti-I-Abydos-e1651811713381.jpg?fit=1200%2C675&ssl=1\",\"width\":1200,\"height\":675,\"caption\":\"Temple of Seti I at Abydos\"},{\"@type\":\"BreadcrumbList\",\"@id\":\"https:\\\/\\\/landioustravel.com\\\/es\\\/shop\\\/viaje-individual-sohag-hurghada\\\/#breadcrumb\",\"itemListElement\":[{\"@type\":\"ListItem\",\"position\":1,\"name\":\"Home\",\"item\":\"https:\\\/\\\/landioustravel.com\\\/es\\\/\"},{\"@type\":\"ListItem\",\"position\":2,\"name\":\"Servicios y Tours\",\"item\":\"https:\\\/\\\/landioustravel.com\\\/es\\\/\"},{\"@type\":\"ListItem\",\"position\":3,\"name\":\"Viaje individual Abydos-Sohag desde Hurghada\"}]},{\"@type\":\"WebSite\",\"@id\":\"https:\\\/\\\/landioustravel.com\\\/es\\\/#website\",\"url\":\"https:\\\/\\\/landioustravel.com\\\/es\\\/\",\"name\":\"Landious Travel\",\"description\":\"Tours and Excursions in Egypt\",\"publisher\":{\"@id\":\"https:\\\/\\\/landioustravel.com\\\/es\\\/#organization\"},\"potentialAction\":[{\"@type\":\"SearchAction\",\"target\":{\"@type\":\"EntryPoint\",\"urlTemplate\":\"https:\\\/\\\/landioustravel.com\\\/es\\\/?s={search_term_string}\"},\"query-input\":{\"@type\":\"PropertyValueSpecification\",\"valueRequired\":true,\"valueName\":\"search_term_string\"}}],\"inLanguage\":\"es\"},{\"@type\":[\"Organization\",\"Place\"],\"@id\":\"https:\\\/\\\/landioustravel.com\\\/es\\\/#organization\",\"name\":\"Landious Travel\",\"alternateName\":\"Landious Travel\",\"url\":\"https:\\\/\\\/landioustravel.com\\\/es\\\/\",\"logo\":{\"@id\":\"https:\\\/\\\/landioustravel.com\\\/es\\\/shop\\\/viaje-individual-sohag-hurghada\\\/#local-main-organization-logo\"},\"image\":{\"@id\":\"https:\\\/\\\/landioustravel.com\\\/es\\\/shop\\\/viaje-individual-sohag-hurghada\\\/#local-main-organization-logo\"},\"sameAs\":[\"https:\\\/\\\/web.facebook.com\\\/landiousEgypt\",\"https:\\\/\\\/x.com\\\/LandiousTours\",\"https:\\\/\\\/mastodon.social\\\/@landious\"],\"legalName\":\"Landious Travel\",\"telephone\":[],\"openingHoursSpecification\":[{\"@type\":\"OpeningHoursSpecification\",\"dayOfWeek\":[\"Monday\",\"Tuesday\",\"Wednesday\",\"Thursday\",\"Friday\",\"Saturday\",\"Sunday\"],\"opens\":\"09:00\",\"closes\":\"17:00\"}]},{\"@type\":\"ImageObject\",\"inLanguage\":\"es\",\"@id\":\"https:\\\/\\\/landioustravel.com\\\/es\\\/shop\\\/viaje-individual-sohag-hurghada\\\/#local-main-organization-logo\",\"url\":\"https:\\\/\\\/i0.wp.com\\\/landioustravel.com\\\/wp-content\\\/uploads\\\/2021\\\/06\\\/Landious-T.png?fit=500%2C500&ssl=1\",\"contentUrl\":\"https:\\\/\\\/i0.wp.com\\\/landioustravel.com\\\/wp-content\\\/uploads\\\/2021\\\/06\\\/Landious-T.png?fit=500%2C500&ssl=1\",\"width\":500,\"height\":500,\"caption\":\"Landious Travel\"}]}<\/script>\n<!-- \/ Yoast SEO Premium plugin. -->","yoast_head_json":{"title":"Viaje individual Abydos-Sohag desde Hurghada","description":"Viaje individual Abydos-Sohag desde Hurghada Recomendamos el viaje porque permite a los turistas ver un gran n\u00famero de atracciones en dos ciudades: Abydos","robots":{"index":"index","follow":"follow","max-snippet":"max-snippet:-1","max-image-preview":"max-image-preview:large","max-video-preview":"max-video-preview:-1"},"canonical":"https:\/\/landioustravel.com\/es\/shop\/viaje-individual-sohag-hurghada\/","og_locale":"es_ES","og_type":"article","og_title":"Viaje individual Abydos-Sohag desde Hurghada","og_description":"Landious Travel","og_url":"https:\/\/landioustravel.com\/es\/shop\/viaje-individual-sohag-hurghada\/","og_site_name":"Landious Travel","article_publisher":"https:\/\/web.facebook.com\/landiousEgypt","article_modified_time":"2026-04-06T17:13:34+00:00","og_image":[{"width":1200,"height":675,"url":"https:\/\/i0.wp.com\/landioustravel.com\/wp-content\/uploads\/2022\/05\/Temple-of-Seti-I-Abydos-e1651811713381.jpg?fit=1200%2C675&ssl=1","type":"image\/jpeg"}],"twitter_card":"summary_large_image","twitter_site":"@LandiousTours","twitter_misc":{"Tiempo de lectura":"2 minutos"},"schema":{"@context":"https:\/\/schema.org","@graph":[{"@type":"WebPage","@id":"https:\/\/landioustravel.com\/es\/shop\/viaje-individual-sohag-hurghada\/","url":"https:\/\/landioustravel.com\/es\/shop\/viaje-individual-sohag-hurghada\/","name":"Viaje individual Abydos-Sohag desde Hurghada","isPartOf":{"@id":"https:\/\/landioustravel.com\/es\/#website"},"primaryImageOfPage":{"@id":"https:\/\/landioustravel.com\/es\/shop\/viaje-individual-sohag-hurghada\/#primaryimage"},"image":{"@id":"https:\/\/landioustravel.com\/es\/shop\/viaje-individual-sohag-hurghada\/#primaryimage"},"thumbnailUrl":"https:\/\/i0.wp.com\/landioustravel.com\/wp-content\/uploads\/2022\/05\/Temple-of-Seti-I-Abydos-e1651811713381.jpg?fit=1200%2C675&ssl=1","datePublished":"2019-05-25T00:30:47+00:00","dateModified":"2026-04-06T17:13:34+00:00","description":"Viaje individual Abydos-Sohag desde Hurghada Recomendamos el viaje porque permite a los turistas ver un gran n\u00famero de atracciones en dos ciudades: Abydos","breadcrumb":{"@id":"https:\/\/landioustravel.com\/es\/shop\/viaje-individual-sohag-hurghada\/#breadcrumb"},"inLanguage":"es","potentialAction":[{"@type":"ReadAction","target":["https:\/\/landioustravel.com\/es\/shop\/viaje-individual-sohag-hurghada\/"]}]},{"@type":"ImageObject","inLanguage":"es","@id":"https:\/\/landioustravel.com\/es\/shop\/viaje-individual-sohag-hurghada\/#primaryimage","url":"https:\/\/i0.wp.com\/landioustravel.com\/wp-content\/uploads\/2022\/05\/Temple-of-Seti-I-Abydos-e1651811713381.jpg?fit=1200%2C675&ssl=1","contentUrl":"https:\/\/i0.wp.com\/landioustravel.com\/wp-content\/uploads\/2022\/05\/Temple-of-Seti-I-Abydos-e1651811713381.jpg?fit=1200%2C675&ssl=1","width":1200,"height":675,"caption":"Temple of Seti I at Abydos"},{"@type":"BreadcrumbList","@id":"https:\/\/landioustravel.com\/es\/shop\/viaje-individual-sohag-hurghada\/#breadcrumb","itemListElement":[{"@type":"ListItem","position":1,"name":"Home","item":"https:\/\/landioustravel.com\/es\/"},{"@type":"ListItem","position":2,"name":"Servicios y Tours","item":"https:\/\/landioustravel.com\/es\/"},{"@type":"ListItem","position":3,"name":"Viaje individual Abydos-Sohag desde Hurghada"}]},{"@type":"WebSite","@id":"https:\/\/landioustravel.com\/es\/#website","url":"https:\/\/landioustravel.com\/es\/","name":"Landious Travel","description":"Tours and Excursions in Egypt","publisher":{"@id":"https:\/\/landioustravel.com\/es\/#organization"},"potentialAction":[{"@type":"SearchAction","target":{"@type":"EntryPoint","urlTemplate":"https:\/\/landioustravel.com\/es\/?s={search_term_string}"},"query-input":{"@type":"PropertyValueSpecification","valueRequired":true,"valueName":"search_term_string"}}],"inLanguage":"es"},{"@type":["Organization","Place"],"@id":"https:\/\/landioustravel.com\/es\/#organization","name":"Landious Travel","alternateName":"Landious Travel","url":"https:\/\/landioustravel.com\/es\/","logo":{"@id":"https:\/\/landioustravel.com\/es\/shop\/viaje-individual-sohag-hurghada\/#local-main-organization-logo"},"image":{"@id":"https:\/\/landioustravel.com\/es\/shop\/viaje-individual-sohag-hurghada\/#local-main-organization-logo"},"sameAs":["https:\/\/web.facebook.com\/landiousEgypt","https:\/\/x.com\/LandiousTours","https:\/\/mastodon.social\/@landious"],"legalName":"Landious Travel","telephone":[],"openingHoursSpecification":[{"@type":"OpeningHoursSpecification","dayOfWeek":["Monday","Tuesday","Wednesday","Thursday","Friday","Saturday","Sunday"],"opens":"09:00","closes":"17:00"}]},{"@type":"ImageObject","inLanguage":"es","@id":"https:\/\/landioustravel.com\/es\/shop\/viaje-individual-sohag-hurghada\/#local-main-organization-logo","url":"https:\/\/i0.wp.com\/landioustravel.com\/wp-content\/uploads\/2021\/06\/Landious-T.png?fit=500%2C500&ssl=1","contentUrl":"https:\/\/i0.wp.com\/landioustravel.com\/wp-content\/uploads\/2021\/06\/Landious-T.png?fit=500%2C500&ssl=1","width":500,"height":500,"caption":"Landious Travel"}]}},"jetpack_publicize_connections":[],"uagb_featured_image_src":{"full":["https:\/\/i0.wp.com\/landioustravel.com\/wp-content\/uploads\/2022\/05\/Temple-of-Seti-I-Abydos-e1651811713381.jpg?fit=1200%2C675&ssl=1",1200,675,false],"thumbnail":["https:\/\/i0.wp.com\/landioustravel.com\/wp-content\/uploads\/2022\/05\/Temple-of-Seti-I-Abydos-e1651811713381.jpg?resize=150%2C150&ssl=1",150,150,true],"medium":["https:\/\/i0.wp.com\/landioustravel.com\/wp-content\/uploads\/2022\/05\/Temple-of-Seti-I-Abydos-e1651811713381.jpg?fit=300%2C169&ssl=1",300,169,true],"medium_large":["https:\/\/i0.wp.com\/landioustravel.com\/wp-content\/uploads\/2022\/05\/Temple-of-Seti-I-Abydos-e1651811713381.jpg?fit=768%2C432&ssl=1",768,432,true],"large":["https:\/\/i0.wp.com\/landioustravel.com\/wp-content\/uploads\/2022\/05\/Temple-of-Seti-I-Abydos-e1651811713381.jpg?fit=980%2C551&ssl=1",980,551,true],"1536x1536":["https:\/\/i0.wp.com\/landioustravel.com\/wp-content\/uploads\/2022\/05\/Temple-of-Seti-I-Abydos-e1651811713381.jpg?fit=1200%2C675&ssl=1",1200,675,true],"2048x2048":["https:\/\/i0.wp.com\/landioustravel.com\/wp-content\/uploads\/2022\/05\/Temple-of-Seti-I-Abydos-e1651811713381.jpg?fit=1200%2C675&ssl=1",1200,675,true],"newspack-article-block-landscape-large":["https:\/\/i0.wp.com\/landioustravel.com\/wp-content\/uploads\/2022\/05\/Temple-of-Seti-I-Abydos-e1651811713381.jpg?resize=1200%2C675&ssl=1",1200,675,true],"newspack-article-block-portrait-large":["https:\/\/i0.wp.com\/landioustravel.com\/wp-content\/uploads\/2022\/05\/Temple-of-Seti-I-Abydos-e1651811713381.jpg?resize=900%2C675&ssl=1",900,675,true],"newspack-article-block-square-large":["https:\/\/i0.wp.com\/landioustravel.com\/wp-content\/uploads\/2022\/05\/Temple-of-Seti-I-Abydos-e1651811713381.jpg?resize=1200%2C675&ssl=1",1200,675,true],"newspack-article-block-landscape-medium":["https:\/\/i0.wp.com\/landioustravel.com\/wp-content\/uploads\/2022\/05\/Temple-of-Seti-I-Abydos-e1651811713381.jpg?resize=800%2C600&ssl=1",800,600,true],"newspack-article-block-portrait-medium":["https:\/\/i0.wp.com\/landioustravel.com\/wp-content\/uploads\/2022\/05\/Temple-of-Seti-I-Abydos-e1651811713381.jpg?resize=600%2C675&ssl=1",600,675,true],"newspack-article-block-square-medium":["https:\/\/i0.wp.com\/landioustravel.com\/wp-content\/uploads\/2022\/05\/Temple-of-Seti-I-Abydos-e1651811713381.jpg?resize=800%2C675&ssl=1",800,675,true],"newspack-article-block-landscape-intermediate":["https:\/\/i0.wp.com\/landioustravel.com\/wp-content\/uploads\/2022\/05\/Temple-of-Seti-I-Abydos-e1651811713381.jpg?resize=600%2C450&ssl=1",600,450,true],"newspack-article-block-portrait-intermediate":["https:\/\/i0.wp.com\/landioustravel.com\/wp-content\/uploads\/2022\/05\/Temple-of-Seti-I-Abydos-e1651811713381.jpg?resize=450%2C600&ssl=1",450,600,true],"newspack-article-block-square-intermediate":["https:\/\/i0.wp.com\/landioustravel.com\/wp-content\/uploads\/2022\/05\/Temple-of-Seti-I-Abydos-e1651811713381.jpg?resize=600%2C600&ssl=1",600,600,true],"newspack-article-block-landscape-small":["https:\/\/i0.wp.com\/landioustravel.com\/wp-content\/uploads\/2022\/05\/Temple-of-Seti-I-Abydos-e1651811713381.jpg?resize=400%2C300&ssl=1",400,300,true],"newspack-article-block-portrait-small":["https:\/\/i0.wp.com\/landioustravel.com\/wp-content\/uploads\/2022\/05\/Temple-of-Seti-I-Abydos-e1651811713381.jpg?resize=300%2C400&ssl=1",300,400,true],"newspack-article-block-square-small":["https:\/\/i0.wp.com\/landioustravel.com\/wp-content\/uploads\/2022\/05\/Temple-of-Seti-I-Abydos-e1651811713381.jpg?resize=400%2C400&ssl=1",400,400,true],"newspack-article-block-landscape-tiny":["https:\/\/i0.wp.com\/landioustravel.com\/wp-content\/uploads\/2022\/05\/Temple-of-Seti-I-Abydos-e1651811713381.jpg?resize=200%2C150&ssl=1",200,150,true],"newspack-article-block-portrait-tiny":["https:\/\/i0.wp.com\/landioustravel.com\/wp-content\/uploads\/2022\/05\/Temple-of-Seti-I-Abydos-e1651811713381.jpg?resize=150%2C200&ssl=1",150,200,true],"newspack-article-block-square-tiny":["https:\/\/i0.wp.com\/landioustravel.com\/wp-content\/uploads\/2022\/05\/Temple-of-Seti-I-Abydos-e1651811713381.jpg?resize=200%2C200&ssl=1",200,200,true],"newspack-article-block-uncropped":["https:\/\/i0.wp.com\/landioustravel.com\/wp-content\/uploads\/2022\/05\/Temple-of-Seti-I-Abydos-e1651811713381.jpg?fit=1200%2C675&ssl=1",1200,675,true],"woocommerce_thumbnail":["https:\/\/i0.wp.com\/landioustravel.com\/wp-content\/uploads\/2022\/05\/Temple-of-Seti-I-Abydos-e1651811713381.jpg?resize=324%2C324&ssl=1",324,324,true],"woocommerce_single":["https:\/\/i0.wp.com\/landioustravel.com\/wp-content\/uploads\/2022\/05\/Temple-of-Seti-I-Abydos-e1651811713381.jpg?fit=416%2C234&ssl=1",416,234,true],"woocommerce_gallery_thumbnail":["https:\/\/i0.wp.com\/landioustravel.com\/wp-content\/uploads\/2022\/05\/Temple-of-Seti-I-Abydos-e1651811713381.jpg?resize=100%2C100&ssl=1",100,100,true]},"uagb_author_info":{"display_name":"Mofreh Landious","author_link":"https:\/\/landioustravel.com\/es\/author\/"},"uagb_comment_info":4,"uagb_excerpt":"Experimente las maravillas de Abydos y Sohag en un viaje inolvidable con salida desde Hurghada. Durante esta aventura, visitar\u00e1s los fascinantes Templos de Abydos y disfrutar\u00e1s de un delicioso almuerzo. Luego, viajar\u00e1 a Sohag para explorar el Monasterio Rojo y el Monasterio Blanco. Todas estas vistas incre\u00edbles est\u00e1n incluidas en el precio, junto con los&hellip;","jetpack_sharing_enabled":true,"jetpack_likes_enabled":true,"amp_enabled":true,"_links":{"self":[{"href":"https:\/\/landioustravel.com\/es\/wp-json\/wp\/v2\/product\/4848","targetHints":{"allow":["GET"]}}],"collection":[{"href":"https:\/\/landioustravel.com\/es\/wp-json\/wp\/v2\/product"}],"about":[{"href":"https:\/\/landioustravel.com\/es\/wp-json\/wp\/v2\/types\/product"}],"replies":[{"embeddable":true,"href":"https:\/\/landioustravel.com\/es\/wp-json\/wp\/v2\/comments?post=4848"}],"wp:featuredmedia":[{"embeddable":true,"href":"https:\/\/landioustravel.com\/es\/wp-json\/wp\/v2\/media\/99410"}],"wp:attachment":[{"href":"https:\/\/landioustravel.com\/es\/wp-json\/wp\/v2\/media?parent=4848"}],"wp:term":[{"taxonomy":"product_brand","embeddable":true,"href":"https:\/\/landioustravel.com\/es\/wp-json\/wp\/v2\/product_brand?post=4848"},{"taxonomy":"product_cat","embeddable":true,"href":"https:\/\/landioustravel.com\/es\/wp-json\/wp\/v2\/product_cat?post=4848"},{"taxonomy":"product_tag","embeddable":true,"href":"https:\/\/landioustravel.com\/es\/wp-json\/wp\/v2\/product_tag?post=4848"}],"curies":[{"name":"wp","href":"https:\/\/api.w.org\/{rel}","templated":true}]}}