{"id":4856,"date":"2019-04-07T14:24:50","date_gmt":"2019-05-25T14:54:00","guid":{"rendered":"https:\/\/landioustravel.com\/?post_type=product&#038;p=4856"},"modified":"2025-10-21T20:14:05","modified_gmt":"2025-10-21T17:14:05","slug":"viaje-pesca-individual-hurghada","status":"publish","type":"product","link":"https:\/\/landioustravel.com\/es\/shop\/viaje-pesca-individual-hurghada\/","title":{"rendered":"Viaje de pesca individual en Hurghada"},"content":{"rendered":"<p>Un interesante viaje en barco de pesca en el Mar Rojo en Hurghada, donde podr\u00e1 disfrutar tanto del mar como de la pesca profesional. Recomendamos el viaje porque permite a los turistas pescar en el mar. Adem\u00e1s, da la posibilidad de ver los hermosos corales y peces del Mar Rojo. Adem\u00e1s, te permite disfrutar de un picnic privado en el mar a trav\u00e9s del Mar Rojo.<\/p>\n<h2>Los principales puntos del programa de excursiones para la pesca<\/h2>\n<ul>\n<li>Pesca en mar abierto<\/li>\n<li>Bucear<\/li>\n<li>Almuerzo<\/li>\n<\/ul>\n<h3>El programa de viaje de pesca en Hurghada<\/h3>\n<ul>\n<li>Te recogemos en el hotel aproximadamente a las 08:00<\/li>\n<li>Despu\u00e9s de recogerte, el autob\u00fas va al puerto. El trayecto hasta el puerto dura unos 20 minutos.<\/li>\n<li>Encontrar\u00e1s tu yate en el puerto. \u00a1Es grande y elegante! El yate consta de dos plantas. Tan pronto como entre en el yate, deber\u00e1 quitarse los zapatos y prepararse para la pesca de arrastre. La captura de un pez mediante pesca de arrastre tiene lugar mientras el yate navega en el mar. Por esta raz\u00f3n, proporcionamos dos ca\u00f1as de arrastre en la parte posterior del yate.<\/li>\n<li>El yate se mueve a trav\u00e9s del Mar Rojo, tan pronto como entras en \u00e9l. En alg\u00fan lugar, en mar abierto, se detiene para permitirle pescar directamente desde su tabla. Para entonces, todos pueden ir a pescar.<\/li>\n<li>A continuaci\u00f3n, haces una parada en otro lugar nadando con m\u00e1scaras y aletas.<\/li>\n<li>Despu\u00e9s de esta parada, baja al primer piso para almorzar. Durante el almuerzo, el buffet estar\u00e1 abierto.<\/li>\n<li>Despu\u00e9s del almuerzo, volver\u00e1 a intentar atrapar peces en otro lugar.<\/li>\n<li>Este programa de excursiones de pesca termina aproximadamente a las 16:30.<\/li>\n<\/ul>\n<h4>Lo que est\u00e1 incluido en el precio del viaje<\/h4>\n<ul>\n<li>Barco privado individual<\/li>\n<li>Equipo de pesca<\/li>\n<li>Equipo de snorkel<\/li>\n<li>Alimentos y bebidas<\/li>\n<li>Traslado individual al puerto y regreso al hotel.<\/li>\n<\/ul>\n<h5>Lo que no est\u00e1 incluido en el precio del viaje<\/h5>\n<ul>\n<li>Video DVD<\/li>\n<li>CD de fotos<\/li>\n<\/ul>\n<h6>Que llevar contigo para el viaje<\/h6>\n<ul>\n<li>Toalla<\/li>\n<li>Protector solar<\/li>\n<\/ul>\n<h6>D\u00cdAS DE LA ORGANIZACI\u00d3N DE EXCURSIONES<\/h6>\n<ul>\n<li>Todos los d\u00edas de 08:00 a 17:00.<\/li>\n<\/ul>\n","protected":false},"excerpt":{"rendered":"<p>Experimente la mejor aventura de pesca en Hurghada, saliendo temprano en la ma\u00f1ana desde su hotel. \u00a1Prep\u00e1rese para un d\u00eda de pesca en el abundantemente abastecido Mar Rojo! Su gu\u00eda y capit\u00e1n lo recibir\u00e1n en el puerto deportivo a las 8:30 am y lo llevar\u00e1n a dos lugares de pesca diferentes donde podr\u00e1 disfrutar del hermoso paisaje egipcio y probar suerte pescando uno de los peces grandes que viven en el mar. Si tiene ganas de nadar con los peces, sum\u00e9rjase en las refrescantes aguas para hacer un viaje de snorkel para observar a los peces de cerca y en persona. \u00a1Rel\u00e1jese en el barco y aproveche sus posibilidades de pescar su vida!<\/p>\n<p>Hay mucho lugar en el barco y en la orilla para disfrutar de un descanso soleado o sombreado. Si pesca pescado antes de nuestra parada en el segundo punto de anclaje, \u00a1puede cocinarlo para incluirlo en nuestro almuerzo buffet! Disfruta del delicioso pescado reci\u00e9n cocinado que pescaste para almorzar en el barco. Despu\u00e9s del almuerzo, tendr\u00e1 m\u00e1s tiempo libre para pescar en el barco. Antes de finalizar la excursi\u00f3n, se puede nadar en mar abierto con m\u00e1scaras y aletas.<\/p>\n<p>Ofrecemos veh\u00edculos de alta gama con aire acondicionado para traslados desde y hacia su hotel, asistencia de gu\u00edas, equipo de pesca y snorkel, almuerzo, agua mineral y refrescos. No se pierda esta incre\u00edble oportunidad de explorar el Mar Rojo y probar suerte en la pesca. Navega de regreso al puerto deportivo a las 4:00 p. m. y luego regresa a tu hotel en Hurghada. \u00a1Reserva ahora para una experiencia inolvidable!<\/p>\n","protected":false},"featured_media":28938,"comment_status":"open","ping_status":"closed","template":"","meta":{"_coblocks_attr":"","_coblocks_dimensions":"","_coblocks_responsive_height":"","_coblocks_accordion_ie_support":"","_uag_custom_page_level_css":"","jetpack_post_was_ever_published":false,"jetpack_publicize_message":"","jetpack_publicize_feature_enabled":true,"jetpack_social_post_already_shared":true,"jetpack_social_options":{"image_generator_settings":{"template":"highway","default_image_id":0,"font":"","enabled":false},"version":2},"_wpas_customize_per_network":false},"product_brand":[],"product_cat":[8568,1791],"product_tag":[1799,1797,1808,1798,1802,1809],"class_list":{"0":"post-4856","1":"product","2":"type-product","3":"status-publish","4":"has-post-thumbnail","6":"product_cat-excursiones-individuales-hurghada","7":"product_cat-excursiones-marinas-hurghada","8":"product_tag-snorkel","9":"product_tag-excursion-es","10":"product_tag-hurghada-es","11":"product_tag-mar","12":"product_tag-paseos-en-barco","13":"product_tag-pesca-es","15":"first","16":"instock","17":"sale","18":"taxable","19":"shipping-taxable","20":"purchasable","21":"product-type-variable"},"yoast_head":"<!-- This site is optimized with the Yoast SEO Premium plugin v26.9 (Yoast SEO v27.3) - https:\/\/yoast.com\/product\/yoast-seo-premium-wordpress\/ -->\n<title>Viaje de pesca individual en Hurghada<\/title>\n<meta name=\"description\" content=\"Viaje de pesca individual en Hurghada donde podr\u00e1 disfrutar tanto del mar como de la pesca profesional. Recomendamos el viaje porque permite a los turistas\" \/>\n<meta name=\"robots\" content=\"index, follow, max-snippet:-1, max-image-preview:large, max-video-preview:-1\" \/>\n<link rel=\"canonical\" href=\"https:\/\/landioustravel.com\/es\/shop\/viaje-pesca-individual-hurghada\/\" \/>\n<meta property=\"og:locale\" content=\"es_ES\" \/>\n<meta property=\"og:type\" content=\"article\" \/>\n<meta property=\"og:title\" content=\"Viaje de pesca individual en Hurghada\" \/>\n<meta property=\"og:description\" content=\"Landious Travel\" \/>\n<meta property=\"og:url\" content=\"https:\/\/landioustravel.com\/es\/shop\/viaje-pesca-individual-hurghada\/\" \/>\n<meta property=\"og:site_name\" content=\"Landious Travel\" \/>\n<meta property=\"article:publisher\" content=\"https:\/\/web.facebook.com\/landiousEgypt\" \/>\n<meta property=\"article:modified_time\" content=\"2025-10-21T17:14:05+00:00\" \/>\n<meta property=\"og:image\" content=\"https:\/\/i0.wp.com\/landioustravel.com\/wp-content\/uploads\/2021\/03\/fishing_trips-e1615142026328.jpg?fit=1080%2C607&ssl=1\" \/>\n\t<meta property=\"og:image:width\" content=\"1080\" \/>\n\t<meta property=\"og:image:height\" content=\"607\" \/>\n\t<meta property=\"og:image:type\" content=\"image\/jpeg\" \/>\n<meta name=\"twitter:card\" content=\"summary_large_image\" \/>\n<meta name=\"twitter:site\" content=\"@LandiousTours\" \/>\n<meta name=\"twitter:label1\" content=\"Tiempo de lectura\" \/>\n\t<meta name=\"twitter:data1\" content=\"2 minutos\" \/>\n<script type=\"application\/ld+json\" class=\"yoast-schema-graph\">{\"@context\":\"https:\\\/\\\/schema.org\",\"@graph\":[{\"@type\":\"WebPage\",\"@id\":\"https:\\\/\\\/landioustravel.com\\\/es\\\/shop\\\/viaje-pesca-individual-hurghada\\\/\",\"url\":\"https:\\\/\\\/landioustravel.com\\\/es\\\/shop\\\/viaje-pesca-individual-hurghada\\\/\",\"name\":\"Viaje de pesca individual en Hurghada\",\"isPartOf\":{\"@id\":\"https:\\\/\\\/landioustravel.com\\\/es\\\/#website\"},\"primaryImageOfPage\":{\"@id\":\"https:\\\/\\\/landioustravel.com\\\/es\\\/shop\\\/viaje-pesca-individual-hurghada\\\/#primaryimage\"},\"image\":{\"@id\":\"https:\\\/\\\/landioustravel.com\\\/es\\\/shop\\\/viaje-pesca-individual-hurghada\\\/#primaryimage\"},\"thumbnailUrl\":\"https:\\\/\\\/i0.wp.com\\\/landioustravel.com\\\/wp-content\\\/uploads\\\/2021\\\/03\\\/fishing_trips-e1615142026328.jpg?fit=1080%2C607&ssl=1\",\"datePublished\":\"2019-05-25T14:54:00+00:00\",\"dateModified\":\"2025-10-21T17:14:05+00:00\",\"description\":\"Viaje de pesca individual en Hurghada donde podr\u00e1 disfrutar tanto del mar como de la pesca profesional. Recomendamos el viaje porque permite a los turistas\",\"breadcrumb\":{\"@id\":\"https:\\\/\\\/landioustravel.com\\\/es\\\/shop\\\/viaje-pesca-individual-hurghada\\\/#breadcrumb\"},\"inLanguage\":\"es\",\"potentialAction\":[{\"@type\":\"ReadAction\",\"target\":[\"https:\\\/\\\/landioustravel.com\\\/es\\\/shop\\\/viaje-pesca-individual-hurghada\\\/\"]}]},{\"@type\":\"ImageObject\",\"inLanguage\":\"es\",\"@id\":\"https:\\\/\\\/landioustravel.com\\\/es\\\/shop\\\/viaje-pesca-individual-hurghada\\\/#primaryimage\",\"url\":\"https:\\\/\\\/i0.wp.com\\\/landioustravel.com\\\/wp-content\\\/uploads\\\/2021\\\/03\\\/fishing_trips-e1615142026328.jpg?fit=1080%2C607&ssl=1\",\"contentUrl\":\"https:\\\/\\\/i0.wp.com\\\/landioustravel.com\\\/wp-content\\\/uploads\\\/2021\\\/03\\\/fishing_trips-e1615142026328.jpg?fit=1080%2C607&ssl=1\",\"width\":1080,\"height\":607,\"caption\":\"Individual Fishing Trip Hurghada\"},{\"@type\":\"BreadcrumbList\",\"@id\":\"https:\\\/\\\/landioustravel.com\\\/es\\\/shop\\\/viaje-pesca-individual-hurghada\\\/#breadcrumb\",\"itemListElement\":[{\"@type\":\"ListItem\",\"position\":1,\"name\":\"Home\",\"item\":\"https:\\\/\\\/landioustravel.com\\\/es\\\/\"},{\"@type\":\"ListItem\",\"position\":2,\"name\":\"Servicios y Tours\",\"item\":\"https:\\\/\\\/landioustravel.com\\\/es\\\/\"},{\"@type\":\"ListItem\",\"position\":3,\"name\":\"Viaje de pesca individual en Hurghada\"}]},{\"@type\":\"WebSite\",\"@id\":\"https:\\\/\\\/landioustravel.com\\\/es\\\/#website\",\"url\":\"https:\\\/\\\/landioustravel.com\\\/es\\\/\",\"name\":\"Landious Travel\",\"description\":\"Tours and Excursions in Egypt\",\"publisher\":{\"@id\":\"https:\\\/\\\/landioustravel.com\\\/es\\\/#organization\"},\"potentialAction\":[{\"@type\":\"SearchAction\",\"target\":{\"@type\":\"EntryPoint\",\"urlTemplate\":\"https:\\\/\\\/landioustravel.com\\\/es\\\/?s={search_term_string}\"},\"query-input\":{\"@type\":\"PropertyValueSpecification\",\"valueRequired\":true,\"valueName\":\"search_term_string\"}}],\"inLanguage\":\"es\"},{\"@type\":[\"Organization\",\"Place\"],\"@id\":\"https:\\\/\\\/landioustravel.com\\\/es\\\/#organization\",\"name\":\"Landious Travel\",\"alternateName\":\"Landious Travel\",\"url\":\"https:\\\/\\\/landioustravel.com\\\/es\\\/\",\"logo\":{\"@id\":\"https:\\\/\\\/landioustravel.com\\\/es\\\/shop\\\/viaje-pesca-individual-hurghada\\\/#local-main-organization-logo\"},\"image\":{\"@id\":\"https:\\\/\\\/landioustravel.com\\\/es\\\/shop\\\/viaje-pesca-individual-hurghada\\\/#local-main-organization-logo\"},\"sameAs\":[\"https:\\\/\\\/web.facebook.com\\\/landiousEgypt\",\"https:\\\/\\\/x.com\\\/LandiousTours\",\"https:\\\/\\\/mastodon.social\\\/@landious\"],\"legalName\":\"Landious Travel\",\"telephone\":[],\"openingHoursSpecification\":[{\"@type\":\"OpeningHoursSpecification\",\"dayOfWeek\":[\"Monday\",\"Tuesday\",\"Wednesday\",\"Thursday\",\"Friday\",\"Saturday\",\"Sunday\"],\"opens\":\"09:00\",\"closes\":\"17:00\"}]},{\"@type\":\"ImageObject\",\"inLanguage\":\"es\",\"@id\":\"https:\\\/\\\/landioustravel.com\\\/es\\\/shop\\\/viaje-pesca-individual-hurghada\\\/#local-main-organization-logo\",\"url\":\"https:\\\/\\\/i0.wp.com\\\/landioustravel.com\\\/wp-content\\\/uploads\\\/2021\\\/06\\\/Landious-T.png?fit=500%2C500&ssl=1\",\"contentUrl\":\"https:\\\/\\\/i0.wp.com\\\/landioustravel.com\\\/wp-content\\\/uploads\\\/2021\\\/06\\\/Landious-T.png?fit=500%2C500&ssl=1\",\"width\":500,\"height\":500,\"caption\":\"Landious Travel\"}]}<\/script>\n<!-- \/ Yoast SEO Premium plugin. -->","yoast_head_json":{"title":"Viaje de pesca individual en Hurghada","description":"Viaje de pesca individual en Hurghada donde podr\u00e1 disfrutar tanto del mar como de la pesca profesional. Recomendamos el viaje porque permite a los turistas","robots":{"index":"index","follow":"follow","max-snippet":"max-snippet:-1","max-image-preview":"max-image-preview:large","max-video-preview":"max-video-preview:-1"},"canonical":"https:\/\/landioustravel.com\/es\/shop\/viaje-pesca-individual-hurghada\/","og_locale":"es_ES","og_type":"article","og_title":"Viaje de pesca individual en Hurghada","og_description":"Landious Travel","og_url":"https:\/\/landioustravel.com\/es\/shop\/viaje-pesca-individual-hurghada\/","og_site_name":"Landious Travel","article_publisher":"https:\/\/web.facebook.com\/landiousEgypt","article_modified_time":"2025-10-21T17:14:05+00:00","og_image":[{"width":1080,"height":607,"url":"https:\/\/i0.wp.com\/landioustravel.com\/wp-content\/uploads\/2021\/03\/fishing_trips-e1615142026328.jpg?fit=1080%2C607&ssl=1","type":"image\/jpeg"}],"twitter_card":"summary_large_image","twitter_site":"@LandiousTours","twitter_misc":{"Tiempo de lectura":"2 minutos"},"schema":{"@context":"https:\/\/schema.org","@graph":[{"@type":"WebPage","@id":"https:\/\/landioustravel.com\/es\/shop\/viaje-pesca-individual-hurghada\/","url":"https:\/\/landioustravel.com\/es\/shop\/viaje-pesca-individual-hurghada\/","name":"Viaje de pesca individual en Hurghada","isPartOf":{"@id":"https:\/\/landioustravel.com\/es\/#website"},"primaryImageOfPage":{"@id":"https:\/\/landioustravel.com\/es\/shop\/viaje-pesca-individual-hurghada\/#primaryimage"},"image":{"@id":"https:\/\/landioustravel.com\/es\/shop\/viaje-pesca-individual-hurghada\/#primaryimage"},"thumbnailUrl":"https:\/\/i0.wp.com\/landioustravel.com\/wp-content\/uploads\/2021\/03\/fishing_trips-e1615142026328.jpg?fit=1080%2C607&ssl=1","datePublished":"2019-05-25T14:54:00+00:00","dateModified":"2025-10-21T17:14:05+00:00","description":"Viaje de pesca individual en Hurghada donde podr\u00e1 disfrutar tanto del mar como de la pesca profesional. Recomendamos el viaje porque permite a los turistas","breadcrumb":{"@id":"https:\/\/landioustravel.com\/es\/shop\/viaje-pesca-individual-hurghada\/#breadcrumb"},"inLanguage":"es","potentialAction":[{"@type":"ReadAction","target":["https:\/\/landioustravel.com\/es\/shop\/viaje-pesca-individual-hurghada\/"]}]},{"@type":"ImageObject","inLanguage":"es","@id":"https:\/\/landioustravel.com\/es\/shop\/viaje-pesca-individual-hurghada\/#primaryimage","url":"https:\/\/i0.wp.com\/landioustravel.com\/wp-content\/uploads\/2021\/03\/fishing_trips-e1615142026328.jpg?fit=1080%2C607&ssl=1","contentUrl":"https:\/\/i0.wp.com\/landioustravel.com\/wp-content\/uploads\/2021\/03\/fishing_trips-e1615142026328.jpg?fit=1080%2C607&ssl=1","width":1080,"height":607,"caption":"Individual Fishing Trip Hurghada"},{"@type":"BreadcrumbList","@id":"https:\/\/landioustravel.com\/es\/shop\/viaje-pesca-individual-hurghada\/#breadcrumb","itemListElement":[{"@type":"ListItem","position":1,"name":"Home","item":"https:\/\/landioustravel.com\/es\/"},{"@type":"ListItem","position":2,"name":"Servicios y Tours","item":"https:\/\/landioustravel.com\/es\/"},{"@type":"ListItem","position":3,"name":"Viaje de pesca individual en Hurghada"}]},{"@type":"WebSite","@id":"https:\/\/landioustravel.com\/es\/#website","url":"https:\/\/landioustravel.com\/es\/","name":"Landious Travel","description":"Tours and Excursions in Egypt","publisher":{"@id":"https:\/\/landioustravel.com\/es\/#organization"},"potentialAction":[{"@type":"SearchAction","target":{"@type":"EntryPoint","urlTemplate":"https:\/\/landioustravel.com\/es\/?s={search_term_string}"},"query-input":{"@type":"PropertyValueSpecification","valueRequired":true,"valueName":"search_term_string"}}],"inLanguage":"es"},{"@type":["Organization","Place"],"@id":"https:\/\/landioustravel.com\/es\/#organization","name":"Landious Travel","alternateName":"Landious Travel","url":"https:\/\/landioustravel.com\/es\/","logo":{"@id":"https:\/\/landioustravel.com\/es\/shop\/viaje-pesca-individual-hurghada\/#local-main-organization-logo"},"image":{"@id":"https:\/\/landioustravel.com\/es\/shop\/viaje-pesca-individual-hurghada\/#local-main-organization-logo"},"sameAs":["https:\/\/web.facebook.com\/landiousEgypt","https:\/\/x.com\/LandiousTours","https:\/\/mastodon.social\/@landious"],"legalName":"Landious Travel","telephone":[],"openingHoursSpecification":[{"@type":"OpeningHoursSpecification","dayOfWeek":["Monday","Tuesday","Wednesday","Thursday","Friday","Saturday","Sunday"],"opens":"09:00","closes":"17:00"}]},{"@type":"ImageObject","inLanguage":"es","@id":"https:\/\/landioustravel.com\/es\/shop\/viaje-pesca-individual-hurghada\/#local-main-organization-logo","url":"https:\/\/i0.wp.com\/landioustravel.com\/wp-content\/uploads\/2021\/06\/Landious-T.png?fit=500%2C500&ssl=1","contentUrl":"https:\/\/i0.wp.com\/landioustravel.com\/wp-content\/uploads\/2021\/06\/Landious-T.png?fit=500%2C500&ssl=1","width":500,"height":500,"caption":"Landious Travel"}]}},"jetpack_publicize_connections":[],"uagb_featured_image_src":{"full":["https:\/\/i0.wp.com\/landioustravel.com\/wp-content\/uploads\/2021\/03\/fishing_trips-e1615142026328.jpg?fit=1080%2C607&ssl=1",1080,607,false],"thumbnail":["https:\/\/i0.wp.com\/landioustravel.com\/wp-content\/uploads\/2021\/03\/fishing_trips-e1615142026328.jpg?resize=150%2C150&ssl=1",150,150,true],"medium":["https:\/\/i0.wp.com\/landioustravel.com\/wp-content\/uploads\/2021\/03\/fishing_trips-e1615142026328.jpg?fit=300%2C169&ssl=1",300,169,true],"medium_large":["https:\/\/i0.wp.com\/landioustravel.com\/wp-content\/uploads\/2021\/03\/fishing_trips-e1615142026328.jpg?fit=768%2C432&ssl=1",768,432,true],"large":["https:\/\/i0.wp.com\/landioustravel.com\/wp-content\/uploads\/2021\/03\/fishing_trips-e1615142026328.jpg?fit=980%2C551&ssl=1",980,551,true],"1536x1536":["https:\/\/i0.wp.com\/landioustravel.com\/wp-content\/uploads\/2021\/03\/fishing_trips-e1615142026328.jpg?fit=1080%2C607&ssl=1",1080,607,true],"2048x2048":["https:\/\/i0.wp.com\/landioustravel.com\/wp-content\/uploads\/2021\/03\/fishing_trips-e1615142026328.jpg?fit=1080%2C607&ssl=1",1080,607,true],"newspack-article-block-landscape-large":["https:\/\/i0.wp.com\/landioustravel.com\/wp-content\/uploads\/2021\/03\/fishing_trips-e1615142026328.jpg?resize=1080%2C607&ssl=1",1080,900,true],"newspack-article-block-portrait-large":["https:\/\/i0.wp.com\/landioustravel.com\/wp-content\/uploads\/2021\/03\/fishing_trips-e1615142026328.jpg?resize=900%2C607&ssl=1",900,607,true],"newspack-article-block-square-large":["https:\/\/i0.wp.com\/landioustravel.com\/wp-content\/uploads\/2021\/03\/fishing_trips-e1615142026328.jpg?resize=1080%2C607&ssl=1",1080,607,true],"newspack-article-block-landscape-medium":["https:\/\/i0.wp.com\/landioustravel.com\/wp-content\/uploads\/2021\/03\/fishing_trips-e1615142026328.jpg?resize=800%2C600&ssl=1",800,600,true],"newspack-article-block-portrait-medium":["https:\/\/i0.wp.com\/landioustravel.com\/wp-content\/uploads\/2021\/03\/fishing_trips-e1615142026328.jpg?resize=600%2C607&ssl=1",600,607,true],"newspack-article-block-square-medium":["https:\/\/i0.wp.com\/landioustravel.com\/wp-content\/uploads\/2021\/03\/fishing_trips-e1615142026328.jpg?resize=800%2C607&ssl=1",800,607,true],"newspack-article-block-landscape-intermediate":["https:\/\/i0.wp.com\/landioustravel.com\/wp-content\/uploads\/2021\/03\/fishing_trips-e1615142026328.jpg?resize=600%2C450&ssl=1",600,450,true],"newspack-article-block-portrait-intermediate":["https:\/\/i0.wp.com\/landioustravel.com\/wp-content\/uploads\/2021\/03\/fishing_trips-e1615142026328.jpg?resize=450%2C600&ssl=1",450,600,true],"newspack-article-block-square-intermediate":["https:\/\/i0.wp.com\/landioustravel.com\/wp-content\/uploads\/2021\/03\/fishing_trips-e1615142026328.jpg?resize=600%2C600&ssl=1",600,600,true],"newspack-article-block-landscape-small":["https:\/\/i0.wp.com\/landioustravel.com\/wp-content\/uploads\/2021\/03\/fishing_trips-e1615142026328.jpg?resize=400%2C300&ssl=1",400,300,true],"newspack-article-block-portrait-small":["https:\/\/i0.wp.com\/landioustravel.com\/wp-content\/uploads\/2021\/03\/fishing_trips-e1615142026328.jpg?resize=300%2C400&ssl=1",300,400,true],"newspack-article-block-square-small":["https:\/\/i0.wp.com\/landioustravel.com\/wp-content\/uploads\/2021\/03\/fishing_trips-e1615142026328.jpg?resize=400%2C400&ssl=1",400,400,true],"newspack-article-block-landscape-tiny":["https:\/\/i0.wp.com\/landioustravel.com\/wp-content\/uploads\/2021\/03\/fishing_trips-e1615142026328.jpg?resize=200%2C150&ssl=1",200,150,true],"newspack-article-block-portrait-tiny":["https:\/\/i0.wp.com\/landioustravel.com\/wp-content\/uploads\/2021\/03\/fishing_trips-e1615142026328.jpg?resize=150%2C200&ssl=1",150,200,true],"newspack-article-block-square-tiny":["https:\/\/i0.wp.com\/landioustravel.com\/wp-content\/uploads\/2021\/03\/fishing_trips-e1615142026328.jpg?resize=200%2C200&ssl=1",200,200,true],"newspack-article-block-uncropped":["https:\/\/i0.wp.com\/landioustravel.com\/wp-content\/uploads\/2021\/03\/fishing_trips-e1615142026328.jpg?fit=1080%2C607&ssl=1",1080,607,true],"woocommerce_thumbnail":["https:\/\/i0.wp.com\/landioustravel.com\/wp-content\/uploads\/2021\/03\/fishing_trips-e1615142026328.jpg?resize=324%2C324&ssl=1",324,324,true],"woocommerce_single":["https:\/\/i0.wp.com\/landioustravel.com\/wp-content\/uploads\/2021\/03\/fishing_trips-e1615142026328.jpg?fit=416%2C234&ssl=1",416,234,true],"woocommerce_gallery_thumbnail":["https:\/\/i0.wp.com\/landioustravel.com\/wp-content\/uploads\/2021\/03\/fishing_trips-e1615142026328.jpg?resize=100%2C100&ssl=1",100,100,true]},"uagb_author_info":{"display_name":"Mofreh Landious","author_link":"https:\/\/landioustravel.com\/es\/author\/"},"uagb_comment_info":2,"uagb_excerpt":"Experimente la mejor aventura de pesca en Hurghada, saliendo temprano en la ma\u00f1ana desde su hotel. \u00a1Prep\u00e1rese para un d\u00eda de pesca en el abundantemente abastecido Mar Rojo! Su gu\u00eda y capit\u00e1n lo recibir\u00e1n en el puerto deportivo a las 8:30 am y lo llevar\u00e1n a dos lugares de pesca diferentes donde podr\u00e1 disfrutar del&hellip;","jetpack_sharing_enabled":true,"jetpack_likes_enabled":true,"amp_enabled":true,"_links":{"self":[{"href":"https:\/\/landioustravel.com\/es\/wp-json\/wp\/v2\/product\/4856","targetHints":{"allow":["GET"]}}],"collection":[{"href":"https:\/\/landioustravel.com\/es\/wp-json\/wp\/v2\/product"}],"about":[{"href":"https:\/\/landioustravel.com\/es\/wp-json\/wp\/v2\/types\/product"}],"replies":[{"embeddable":true,"href":"https:\/\/landioustravel.com\/es\/wp-json\/wp\/v2\/comments?post=4856"}],"wp:featuredmedia":[{"embeddable":true,"href":"https:\/\/landioustravel.com\/es\/wp-json\/wp\/v2\/media\/28938"}],"wp:attachment":[{"href":"https:\/\/landioustravel.com\/es\/wp-json\/wp\/v2\/media?parent=4856"}],"wp:term":[{"taxonomy":"product_brand","embeddable":true,"href":"https:\/\/landioustravel.com\/es\/wp-json\/wp\/v2\/product_brand?post=4856"},{"taxonomy":"product_cat","embeddable":true,"href":"https:\/\/landioustravel.com\/es\/wp-json\/wp\/v2\/product_cat?post=4856"},{"taxonomy":"product_tag","embeddable":true,"href":"https:\/\/landioustravel.com\/es\/wp-json\/wp\/v2\/product_tag?post=4856"}],"curies":[{"name":"wp","href":"https:\/\/api.w.org\/{rel}","templated":true}]}}