{"id":6335,"date":"2019-06-02T04:26:15","date_gmt":"2019-06-03T15:19:39","guid":{"rendered":"https:\/\/landioustravel.com\/?post_type=product&#038;p=6335"},"modified":"2026-04-29T20:15:04","modified_gmt":"2026-04-29T17:15:04","slug":"lancha-privada-bahia-delfines-hurghada","status":"publish","type":"product","link":"https:\/\/landioustravel.com\/es\/shop\/lancha-privada-bahia-delfines-hurghada\/","title":{"rendered":"Lancha privada a la Bah\u00eda de los Delfines desde Hurghada"},"content":{"rendered":"<p>\u00a1Una incre\u00edble excursi\u00f3n mar\u00edtima a la Bah\u00eda de los Delfines en <a href=\"https:\/\/landioustravel.com\/es\/ciudad-hurghada\/\">Hurghada<\/a> en una lancha privada! Recomendamos el viaje porque permite a los turistas pasar un buen rato en el mar nadando con delfines. Adem\u00e1s, permite ver los hermosos corales y una variedad de peces, y disfrutar de un picnic en el mar a trav\u00e9s del Mar Rojo. \u00a1Te recomendamos que hagas tus viajes de manera individual para obtener todo lo personalizado para ti!<\/p>\n<h2>Los principales puntos del programa de excursiones a la bah\u00eda de los delfines en lancha r\u00e1pida<\/h2>\n<ul>\n<li>Nadando con los delfines en mar abierto.<\/li>\n<li>Adem\u00e1s,\u00a0Snorkel en mar abierto<\/li>\n<\/ul>\n<h3>El programa de lancha motora privada a la Bah\u00eda de los Delfines de Hurghada<\/h3>\n<ul>\n<li>Te recogemos en el hotel aproximadamente a las 08:00<\/li>\n<li>Despu\u00e9s de tomar todos los interesados, el autob\u00fas va al puerto. El trayecto hasta el puerto dura aproximadamente 10 minutos.<\/li>\n<li>Encontrar\u00e1s tu lancha r\u00e1pida en el puerto. \u00a1Es chic! Esta lancha r\u00e1pida est\u00e1 equipada con c\u00f3modos asientos y nevera. Tan pronto como subas a la lancha r\u00e1pida, puedes prepararte para un fabuloso picnic en el Mar Rojo.<\/li>\n<li>La lancha motora avanza por el Mar Rojo hacia un hermoso lugar de corales, donde puede hacer una parada. All\u00ed podr\u00e1s nadar y bucear con m\u00e1scaras y aletas.<\/li>\n<li>A continuaci\u00f3n, se detendr\u00e1 en otro lugar para ir con las hermosas criaturas marinas _ delfines. Esta parada es especial ya que est\u00e1 en Dolphin Bay, donde los delfines viven en grandes cantidades.<\/li>\n<li>Este programa de excursiones a Dolphin Bay termina aproximadamente a las 13:30.<\/li>\n<\/ul>\n<h4>Lo que est\u00e1 incluido en el precio del viaje<\/h4>\n<ul>\n<li>Lancha privada<\/li>\n<li>Equipo de snorkel (M\u00e1scaras y aletas).<\/li>\n<li>Bebidas y frutas frescas en la lancha r\u00e1pida.<\/li>\n<li>Adem\u00e1s,\u00a0Traslado al puerto y regreso al hotel.<\/li>\n<\/ul>\n<h5>Lo que no est\u00e1 incluido en el precio del tour<\/h5>\n<ul>\n<li>Video DVD<\/li>\n<li>Adem\u00e1s,\u00a0CD de fotos<\/li>\n<\/ul>\n<h6>Que llevar con tu para el viaje.<\/h6>\n<ul>\n<li>Toalla<\/li>\n<li>Adem\u00e1s,\u00a0Protector solar<\/li>\n<\/ul>\n<h6>D\u00cdAS DE LA ORGANIZACI\u00d3N DE EXCURSIONES<\/h6>\n<ul>\n<li>Diariamente de 08: 00-13: 30.<\/li>\n<\/ul>\n","protected":false},"excerpt":{"rendered":"<p>Experimente un inolvidable viaje privado por mar a Dolphin Bay desde Hurghada en lancha r\u00e1pida. Disfrutar\u00e1s de un picnic marino a trav\u00e9s del Mar Rojo, seguido de una parada en mar abierto para nadar y hacer snorkel con m\u00e1scaras y aletas. Luego, visitar\u00e1 Dolphin Bay, donde podr\u00e1 ver delfines en su h\u00e1bitat natural. Esta parada es \u00fanica ya que los delfines viven en cantidades significativas aqu\u00ed. Explore el Mar Rojo en una lancha r\u00e1pida para una excursi\u00f3n privada de snorkel de medio d\u00eda en busca de delfines. Dir\u00edgete a un arrecife de coral conocido como la \u00abCasa de los delfines\u00bb, donde puedes ponerte tu equipo de esn\u00f3rquel para un safari de esn\u00f3rquel y encontrar estas majestuosas criaturas. Adem\u00e1s de los delfines, puedes ver coloridos corales, peces, mantarrayas, morenas y m\u00e1s en los arrecifes Dolphin House y El Fanadir. Finalmente, visite la isla de Abu Minqar y haga una \u00faltima parada de snorkel en un naufragio. Realice un recorrido privado en lancha r\u00e1pida desde Hurghada y nade y practique snorkel en el agua con delfines residentes. Observe la vida marina local, como mantarrayas y corales, mientras disfruta de una experiencia personalizada con un bote privado y un gu\u00eda. Nuestra empresa ofrece una gran reputaci\u00f3n por sus precios competitivos, honestidad, integridad, asesoramiento y servicio personal amable. Priorizamos la seguridad, los est\u00e1ndares y la experiencia, asegur\u00e1ndonos de que pase el mejor momento posible sin comprometer su seguridad. Lo recogeremos desde cualquier lugar en El Gouna y Hurghada Marina, lo que le facilitar\u00e1 experimentar la belleza de los arrecifes del Mar Rojo. Este ecosistema submarino alberga m\u00e1s de 300 especies de coral y 1000 especies de peces, el 10 % de las cuales no se encuentran en ning\u00fan otro lugar del mundo. No se pierda esta incre\u00edble oportunidad de explorar las impresionantes Islas Giftun y Omo Gamaar.<\/p>\n<p>Esperamos conocerlos como clientes y partir como buenos amigos.<\/p>\n","protected":false},"featured_media":128982,"comment_status":"open","ping_status":"closed","template":"","meta":{"_coblocks_attr":"","_coblocks_dimensions":"","_coblocks_responsive_height":"","_coblocks_accordion_ie_support":"","_uag_custom_page_level_css":"","jetpack_publicize_message":"","jetpack_publicize_feature_enabled":true,"jetpack_social_post_already_shared":true,"jetpack_social_options":{"image_generator_settings":{"template":"highway","default_image_id":0,"font":"","enabled":false},"version":2},"_wpas_customize_per_network":false},"product_brand":[],"product_cat":[2345,1466],"product_tag":[1830,1799,1797,2147,1808,1798,1802],"class_list":{"0":"post-6335","1":"product","2":"type-product","3":"status-publish","4":"has-post-thumbnail","6":"product_cat-individual-excursions-hurghada","7":"product_cat-sea-trips-hurghada","8":"product_tag-casa-de-delfines","9":"product_tag-snorkel","10":"product_tag-excursion-es","11":"product_tag-excursiones-desde-hurghada","12":"product_tag-hurghada-es","13":"product_tag-mar","14":"product_tag-paseos-en-barco","16":"first","17":"instock","18":"sale","19":"taxable","20":"shipping-taxable","21":"purchasable","22":"product-type-variable"},"yoast_head":"<!-- This site is optimized with the Yoast SEO Premium plugin v26.9 (Yoast SEO v27.5) - https:\/\/yoast.com\/product\/yoast-seo-premium-wordpress\/ -->\n<title>Lancha privada a la Bah\u00eda de los Delfines desde Hurghada<\/title>\n<meta name=\"description\" content=\"Lancha privada a la Bah\u00eda de los Delfines desde Hurghada Recomendamos el viaje porque permite a los turistas pasar un buen rato en el mar nadando con\" \/>\n<meta name=\"robots\" content=\"index, follow, max-snippet:-1, max-image-preview:large, max-video-preview:-1\" \/>\n<link rel=\"canonical\" href=\"https:\/\/landioustravel.com\/es\/shop\/lancha-privada-bahia-delfines-hurghada\/\" \/>\n<meta property=\"og:locale\" content=\"es_ES\" \/>\n<meta property=\"og:type\" content=\"article\" \/>\n<meta property=\"og:title\" content=\"Lancha privada a la Bah\u00eda de los Delfines desde Hurghada\" \/>\n<meta property=\"og:description\" content=\"Landious Travel\" \/>\n<meta property=\"og:url\" content=\"https:\/\/landioustravel.com\/es\/shop\/lancha-privada-bahia-delfines-hurghada\/\" \/>\n<meta property=\"og:site_name\" content=\"Landious Travel\" \/>\n<meta property=\"article:publisher\" content=\"https:\/\/web.facebook.com\/landiousEgypt\" \/>\n<meta property=\"article:modified_time\" content=\"2026-04-29T17:15:04+00:00\" \/>\n<meta property=\"og:image\" content=\"https:\/\/i0.wp.com\/landioustravel.com\/wp-content\/uploads\/2019\/06\/Dolphin-Bay-Speedboat-from-Hurghada-e1669146483801.jpg?fit=1280%2C720&ssl=1\" \/>\n\t<meta property=\"og:image:width\" content=\"1280\" \/>\n\t<meta property=\"og:image:height\" content=\"720\" \/>\n\t<meta property=\"og:image:type\" content=\"image\/jpeg\" \/>\n<meta name=\"twitter:card\" content=\"summary_large_image\" \/>\n<meta name=\"twitter:site\" content=\"@LandiousTours\" \/>\n<meta name=\"twitter:label1\" content=\"Tiempo de lectura\" \/>\n\t<meta name=\"twitter:data1\" content=\"2 minutos\" \/>\n<script type=\"application\/ld+json\" class=\"yoast-schema-graph\">{\"@context\":\"https:\\\/\\\/schema.org\",\"@graph\":[{\"@type\":\"WebPage\",\"@id\":\"https:\\\/\\\/landioustravel.com\\\/es\\\/shop\\\/lancha-privada-bahia-delfines-hurghada\\\/\",\"url\":\"https:\\\/\\\/landioustravel.com\\\/es\\\/shop\\\/lancha-privada-bahia-delfines-hurghada\\\/\",\"name\":\"Lancha privada a la Bah\u00eda de los Delfines desde Hurghada\",\"isPartOf\":{\"@id\":\"https:\\\/\\\/landioustravel.com\\\/es\\\/#website\"},\"primaryImageOfPage\":{\"@id\":\"https:\\\/\\\/landioustravel.com\\\/es\\\/shop\\\/lancha-privada-bahia-delfines-hurghada\\\/#primaryimage\"},\"image\":{\"@id\":\"https:\\\/\\\/landioustravel.com\\\/es\\\/shop\\\/lancha-privada-bahia-delfines-hurghada\\\/#primaryimage\"},\"thumbnailUrl\":\"https:\\\/\\\/i0.wp.com\\\/landioustravel.com\\\/wp-content\\\/uploads\\\/2019\\\/06\\\/Dolphin-Bay-Speedboat-from-Hurghada-e1669146483801.jpg?fit=1280%2C720&ssl=1\",\"datePublished\":\"2019-06-03T15:19:39+00:00\",\"dateModified\":\"2026-04-29T17:15:04+00:00\",\"description\":\"Lancha privada a la Bah\u00eda de los Delfines desde Hurghada Recomendamos el viaje porque permite a los turistas pasar un buen rato en el mar nadando con\",\"breadcrumb\":{\"@id\":\"https:\\\/\\\/landioustravel.com\\\/es\\\/shop\\\/lancha-privada-bahia-delfines-hurghada\\\/#breadcrumb\"},\"inLanguage\":\"es\",\"potentialAction\":[{\"@type\":\"ReadAction\",\"target\":[\"https:\\\/\\\/landioustravel.com\\\/es\\\/shop\\\/lancha-privada-bahia-delfines-hurghada\\\/\"]}]},{\"@type\":\"ImageObject\",\"inLanguage\":\"es\",\"@id\":\"https:\\\/\\\/landioustravel.com\\\/es\\\/shop\\\/lancha-privada-bahia-delfines-hurghada\\\/#primaryimage\",\"url\":\"https:\\\/\\\/i0.wp.com\\\/landioustravel.com\\\/wp-content\\\/uploads\\\/2019\\\/06\\\/Dolphin-Bay-Speedboat-from-Hurghada-e1669146483801.jpg?fit=1280%2C720&ssl=1\",\"contentUrl\":\"https:\\\/\\\/i0.wp.com\\\/landioustravel.com\\\/wp-content\\\/uploads\\\/2019\\\/06\\\/Dolphin-Bay-Speedboat-from-Hurghada-e1669146483801.jpg?fit=1280%2C720&ssl=1\",\"width\":1280,\"height\":720,\"caption\":\"Dolphin Bay Speedboat from Hurghada\"},{\"@type\":\"BreadcrumbList\",\"@id\":\"https:\\\/\\\/landioustravel.com\\\/es\\\/shop\\\/lancha-privada-bahia-delfines-hurghada\\\/#breadcrumb\",\"itemListElement\":[{\"@type\":\"ListItem\",\"position\":1,\"name\":\"Home\",\"item\":\"https:\\\/\\\/landioustravel.com\\\/es\\\/\"},{\"@type\":\"ListItem\",\"position\":2,\"name\":\"Servicios y Tours\",\"item\":\"https:\\\/\\\/landioustravel.com\\\/es\\\/\"},{\"@type\":\"ListItem\",\"position\":3,\"name\":\"Lancha privada a la Bah\u00eda de los Delfines desde Hurghada\"}]},{\"@type\":\"WebSite\",\"@id\":\"https:\\\/\\\/landioustravel.com\\\/es\\\/#website\",\"url\":\"https:\\\/\\\/landioustravel.com\\\/es\\\/\",\"name\":\"Landious Travel\",\"description\":\"Tours and Excursions in Egypt\",\"publisher\":{\"@id\":\"https:\\\/\\\/landioustravel.com\\\/es\\\/#organization\"},\"potentialAction\":[{\"@type\":\"SearchAction\",\"target\":{\"@type\":\"EntryPoint\",\"urlTemplate\":\"https:\\\/\\\/landioustravel.com\\\/es\\\/?s={search_term_string}\"},\"query-input\":{\"@type\":\"PropertyValueSpecification\",\"valueRequired\":true,\"valueName\":\"search_term_string\"}}],\"inLanguage\":\"es\"},{\"@type\":[\"Organization\",\"Place\"],\"@id\":\"https:\\\/\\\/landioustravel.com\\\/es\\\/#organization\",\"name\":\"Landious Travel\",\"alternateName\":\"Landious Travel\",\"url\":\"https:\\\/\\\/landioustravel.com\\\/es\\\/\",\"logo\":{\"@id\":\"https:\\\/\\\/landioustravel.com\\\/es\\\/shop\\\/lancha-privada-bahia-delfines-hurghada\\\/#local-main-organization-logo\"},\"image\":{\"@id\":\"https:\\\/\\\/landioustravel.com\\\/es\\\/shop\\\/lancha-privada-bahia-delfines-hurghada\\\/#local-main-organization-logo\"},\"sameAs\":[\"https:\\\/\\\/web.facebook.com\\\/landiousEgypt\",\"https:\\\/\\\/x.com\\\/LandiousTours\",\"https:\\\/\\\/mastodon.social\\\/@landious\"],\"legalName\":\"Landious Travel\",\"telephone\":[],\"openingHoursSpecification\":[{\"@type\":\"OpeningHoursSpecification\",\"dayOfWeek\":[\"Monday\",\"Tuesday\",\"Wednesday\",\"Thursday\",\"Friday\",\"Saturday\",\"Sunday\"],\"opens\":\"09:00\",\"closes\":\"17:00\"}]},{\"@type\":\"ImageObject\",\"inLanguage\":\"es\",\"@id\":\"https:\\\/\\\/landioustravel.com\\\/es\\\/shop\\\/lancha-privada-bahia-delfines-hurghada\\\/#local-main-organization-logo\",\"url\":\"https:\\\/\\\/i0.wp.com\\\/landioustravel.com\\\/wp-content\\\/uploads\\\/2021\\\/06\\\/Landious-T.png?fit=500%2C500&ssl=1\",\"contentUrl\":\"https:\\\/\\\/i0.wp.com\\\/landioustravel.com\\\/wp-content\\\/uploads\\\/2021\\\/06\\\/Landious-T.png?fit=500%2C500&ssl=1\",\"width\":500,\"height\":500,\"caption\":\"Landious Travel\"}]}<\/script>\n<!-- \/ Yoast SEO Premium plugin. -->","yoast_head_json":{"title":"Lancha privada a la Bah\u00eda de los Delfines desde Hurghada","description":"Lancha privada a la Bah\u00eda de los Delfines desde Hurghada Recomendamos el viaje porque permite a los turistas pasar un buen rato en el mar nadando con","robots":{"index":"index","follow":"follow","max-snippet":"max-snippet:-1","max-image-preview":"max-image-preview:large","max-video-preview":"max-video-preview:-1"},"canonical":"https:\/\/landioustravel.com\/es\/shop\/lancha-privada-bahia-delfines-hurghada\/","og_locale":"es_ES","og_type":"article","og_title":"Lancha privada a la Bah\u00eda de los Delfines desde Hurghada","og_description":"Landious Travel","og_url":"https:\/\/landioustravel.com\/es\/shop\/lancha-privada-bahia-delfines-hurghada\/","og_site_name":"Landious Travel","article_publisher":"https:\/\/web.facebook.com\/landiousEgypt","article_modified_time":"2026-04-29T17:15:04+00:00","og_image":[{"width":1280,"height":720,"url":"https:\/\/i0.wp.com\/landioustravel.com\/wp-content\/uploads\/2019\/06\/Dolphin-Bay-Speedboat-from-Hurghada-e1669146483801.jpg?fit=1280%2C720&ssl=1","type":"image\/jpeg"}],"twitter_card":"summary_large_image","twitter_site":"@LandiousTours","twitter_misc":{"Tiempo de lectura":"2 minutos"},"schema":{"@context":"https:\/\/schema.org","@graph":[{"@type":"WebPage","@id":"https:\/\/landioustravel.com\/es\/shop\/lancha-privada-bahia-delfines-hurghada\/","url":"https:\/\/landioustravel.com\/es\/shop\/lancha-privada-bahia-delfines-hurghada\/","name":"Lancha privada a la Bah\u00eda de los Delfines desde Hurghada","isPartOf":{"@id":"https:\/\/landioustravel.com\/es\/#website"},"primaryImageOfPage":{"@id":"https:\/\/landioustravel.com\/es\/shop\/lancha-privada-bahia-delfines-hurghada\/#primaryimage"},"image":{"@id":"https:\/\/landioustravel.com\/es\/shop\/lancha-privada-bahia-delfines-hurghada\/#primaryimage"},"thumbnailUrl":"https:\/\/i0.wp.com\/landioustravel.com\/wp-content\/uploads\/2019\/06\/Dolphin-Bay-Speedboat-from-Hurghada-e1669146483801.jpg?fit=1280%2C720&ssl=1","datePublished":"2019-06-03T15:19:39+00:00","dateModified":"2026-04-29T17:15:04+00:00","description":"Lancha privada a la Bah\u00eda de los Delfines desde Hurghada Recomendamos el viaje porque permite a los turistas pasar un buen rato en el mar nadando con","breadcrumb":{"@id":"https:\/\/landioustravel.com\/es\/shop\/lancha-privada-bahia-delfines-hurghada\/#breadcrumb"},"inLanguage":"es","potentialAction":[{"@type":"ReadAction","target":["https:\/\/landioustravel.com\/es\/shop\/lancha-privada-bahia-delfines-hurghada\/"]}]},{"@type":"ImageObject","inLanguage":"es","@id":"https:\/\/landioustravel.com\/es\/shop\/lancha-privada-bahia-delfines-hurghada\/#primaryimage","url":"https:\/\/i0.wp.com\/landioustravel.com\/wp-content\/uploads\/2019\/06\/Dolphin-Bay-Speedboat-from-Hurghada-e1669146483801.jpg?fit=1280%2C720&ssl=1","contentUrl":"https:\/\/i0.wp.com\/landioustravel.com\/wp-content\/uploads\/2019\/06\/Dolphin-Bay-Speedboat-from-Hurghada-e1669146483801.jpg?fit=1280%2C720&ssl=1","width":1280,"height":720,"caption":"Dolphin Bay Speedboat from Hurghada"},{"@type":"BreadcrumbList","@id":"https:\/\/landioustravel.com\/es\/shop\/lancha-privada-bahia-delfines-hurghada\/#breadcrumb","itemListElement":[{"@type":"ListItem","position":1,"name":"Home","item":"https:\/\/landioustravel.com\/es\/"},{"@type":"ListItem","position":2,"name":"Servicios y Tours","item":"https:\/\/landioustravel.com\/es\/"},{"@type":"ListItem","position":3,"name":"Lancha privada a la Bah\u00eda de los Delfines desde Hurghada"}]},{"@type":"WebSite","@id":"https:\/\/landioustravel.com\/es\/#website","url":"https:\/\/landioustravel.com\/es\/","name":"Landious Travel","description":"Tours and Excursions in Egypt","publisher":{"@id":"https:\/\/landioustravel.com\/es\/#organization"},"potentialAction":[{"@type":"SearchAction","target":{"@type":"EntryPoint","urlTemplate":"https:\/\/landioustravel.com\/es\/?s={search_term_string}"},"query-input":{"@type":"PropertyValueSpecification","valueRequired":true,"valueName":"search_term_string"}}],"inLanguage":"es"},{"@type":["Organization","Place"],"@id":"https:\/\/landioustravel.com\/es\/#organization","name":"Landious Travel","alternateName":"Landious Travel","url":"https:\/\/landioustravel.com\/es\/","logo":{"@id":"https:\/\/landioustravel.com\/es\/shop\/lancha-privada-bahia-delfines-hurghada\/#local-main-organization-logo"},"image":{"@id":"https:\/\/landioustravel.com\/es\/shop\/lancha-privada-bahia-delfines-hurghada\/#local-main-organization-logo"},"sameAs":["https:\/\/web.facebook.com\/landiousEgypt","https:\/\/x.com\/LandiousTours","https:\/\/mastodon.social\/@landious"],"legalName":"Landious Travel","telephone":[],"openingHoursSpecification":[{"@type":"OpeningHoursSpecification","dayOfWeek":["Monday","Tuesday","Wednesday","Thursday","Friday","Saturday","Sunday"],"opens":"09:00","closes":"17:00"}]},{"@type":"ImageObject","inLanguage":"es","@id":"https:\/\/landioustravel.com\/es\/shop\/lancha-privada-bahia-delfines-hurghada\/#local-main-organization-logo","url":"https:\/\/i0.wp.com\/landioustravel.com\/wp-content\/uploads\/2021\/06\/Landious-T.png?fit=500%2C500&ssl=1","contentUrl":"https:\/\/i0.wp.com\/landioustravel.com\/wp-content\/uploads\/2021\/06\/Landious-T.png?fit=500%2C500&ssl=1","width":500,"height":500,"caption":"Landious Travel"}]}},"jetpack_publicize_connections":[],"uagb_featured_image_src":{"full":["https:\/\/i0.wp.com\/landioustravel.com\/wp-content\/uploads\/2019\/06\/Dolphin-Bay-Speedboat-from-Hurghada-e1669146483801.jpg?fit=1280%2C720&ssl=1",1280,720,false],"thumbnail":["https:\/\/i0.wp.com\/landioustravel.com\/wp-content\/uploads\/2019\/06\/Dolphin-Bay-Speedboat-from-Hurghada-e1669146483801.jpg?resize=150%2C150&ssl=1",150,150,true],"medium":["https:\/\/i0.wp.com\/landioustravel.com\/wp-content\/uploads\/2019\/06\/Dolphin-Bay-Speedboat-from-Hurghada-e1669146483801.jpg?fit=300%2C169&ssl=1",300,169,true],"medium_large":["https:\/\/i0.wp.com\/landioustravel.com\/wp-content\/uploads\/2019\/06\/Dolphin-Bay-Speedboat-from-Hurghada-e1669146483801.jpg?fit=768%2C432&ssl=1",768,432,true],"large":["https:\/\/i0.wp.com\/landioustravel.com\/wp-content\/uploads\/2019\/06\/Dolphin-Bay-Speedboat-from-Hurghada-e1669146483801.jpg?fit=980%2C551&ssl=1",980,551,true],"1536x1536":["https:\/\/i0.wp.com\/landioustravel.com\/wp-content\/uploads\/2019\/06\/Dolphin-Bay-Speedboat-from-Hurghada-e1669146483801.jpg?fit=1280%2C720&ssl=1",1280,720,true],"2048x2048":["https:\/\/i0.wp.com\/landioustravel.com\/wp-content\/uploads\/2019\/06\/Dolphin-Bay-Speedboat-from-Hurghada-e1669146483801.jpg?fit=1280%2C720&ssl=1",1280,720,true],"newspack-article-block-landscape-large":["https:\/\/i0.wp.com\/landioustravel.com\/wp-content\/uploads\/2019\/06\/Dolphin-Bay-Speedboat-from-Hurghada-e1669146483801.jpg?resize=1200%2C720&ssl=1",1200,720,true],"newspack-article-block-portrait-large":["https:\/\/i0.wp.com\/landioustravel.com\/wp-content\/uploads\/2019\/06\/Dolphin-Bay-Speedboat-from-Hurghada-e1669146483801.jpg?resize=900%2C720&ssl=1",900,720,true],"newspack-article-block-square-large":["https:\/\/i0.wp.com\/landioustravel.com\/wp-content\/uploads\/2019\/06\/Dolphin-Bay-Speedboat-from-Hurghada-e1669146483801.jpg?resize=1200%2C720&ssl=1",1200,720,true],"newspack-article-block-landscape-medium":["https:\/\/i0.wp.com\/landioustravel.com\/wp-content\/uploads\/2019\/06\/Dolphin-Bay-Speedboat-from-Hurghada-e1669146483801.jpg?resize=800%2C600&ssl=1",800,600,true],"newspack-article-block-portrait-medium":["https:\/\/i0.wp.com\/landioustravel.com\/wp-content\/uploads\/2019\/06\/Dolphin-Bay-Speedboat-from-Hurghada-e1669146483801.jpg?resize=600%2C720&ssl=1",600,720,true],"newspack-article-block-square-medium":["https:\/\/i0.wp.com\/landioustravel.com\/wp-content\/uploads\/2019\/06\/Dolphin-Bay-Speedboat-from-Hurghada-e1669146483801.jpg?resize=800%2C720&ssl=1",800,720,true],"newspack-article-block-landscape-intermediate":["https:\/\/i0.wp.com\/landioustravel.com\/wp-content\/uploads\/2019\/06\/Dolphin-Bay-Speedboat-from-Hurghada-e1669146483801.jpg?resize=600%2C450&ssl=1",600,450,true],"newspack-article-block-portrait-intermediate":["https:\/\/i0.wp.com\/landioustravel.com\/wp-content\/uploads\/2019\/06\/Dolphin-Bay-Speedboat-from-Hurghada-e1669146483801.jpg?resize=450%2C600&ssl=1",450,600,true],"newspack-article-block-square-intermediate":["https:\/\/i0.wp.com\/landioustravel.com\/wp-content\/uploads\/2019\/06\/Dolphin-Bay-Speedboat-from-Hurghada-e1669146483801.jpg?resize=600%2C600&ssl=1",600,600,true],"newspack-article-block-landscape-small":["https:\/\/i0.wp.com\/landioustravel.com\/wp-content\/uploads\/2019\/06\/Dolphin-Bay-Speedboat-from-Hurghada-e1669146483801.jpg?resize=400%2C300&ssl=1",400,300,true],"newspack-article-block-portrait-small":["https:\/\/i0.wp.com\/landioustravel.com\/wp-content\/uploads\/2019\/06\/Dolphin-Bay-Speedboat-from-Hurghada-e1669146483801.jpg?resize=300%2C400&ssl=1",300,400,true],"newspack-article-block-square-small":["https:\/\/i0.wp.com\/landioustravel.com\/wp-content\/uploads\/2019\/06\/Dolphin-Bay-Speedboat-from-Hurghada-e1669146483801.jpg?resize=400%2C400&ssl=1",400,400,true],"newspack-article-block-landscape-tiny":["https:\/\/i0.wp.com\/landioustravel.com\/wp-content\/uploads\/2019\/06\/Dolphin-Bay-Speedboat-from-Hurghada-e1669146483801.jpg?resize=200%2C150&ssl=1",200,150,true],"newspack-article-block-portrait-tiny":["https:\/\/i0.wp.com\/landioustravel.com\/wp-content\/uploads\/2019\/06\/Dolphin-Bay-Speedboat-from-Hurghada-e1669146483801.jpg?resize=150%2C200&ssl=1",150,200,true],"newspack-article-block-square-tiny":["https:\/\/i0.wp.com\/landioustravel.com\/wp-content\/uploads\/2019\/06\/Dolphin-Bay-Speedboat-from-Hurghada-e1669146483801.jpg?resize=200%2C200&ssl=1",200,200,true],"newspack-article-block-uncropped":["https:\/\/i0.wp.com\/landioustravel.com\/wp-content\/uploads\/2019\/06\/Dolphin-Bay-Speedboat-from-Hurghada-e1669146483801.jpg?fit=1200%2C675&ssl=1",1200,675,true],"woocommerce_thumbnail":["https:\/\/i0.wp.com\/landioustravel.com\/wp-content\/uploads\/2019\/06\/Dolphin-Bay-Speedboat-from-Hurghada-e1669146483801.jpg?resize=324%2C324&ssl=1",324,324,true],"woocommerce_single":["https:\/\/i0.wp.com\/landioustravel.com\/wp-content\/uploads\/2019\/06\/Dolphin-Bay-Speedboat-from-Hurghada-e1669146483801.jpg?fit=416%2C234&ssl=1",416,234,true],"woocommerce_gallery_thumbnail":["https:\/\/i0.wp.com\/landioustravel.com\/wp-content\/uploads\/2019\/06\/Dolphin-Bay-Speedboat-from-Hurghada-e1669146483801.jpg?resize=100%2C100&ssl=1",100,100,true]},"uagb_author_info":{"display_name":"Mofreh Landious","author_link":"https:\/\/landioustravel.com\/es\/author\/"},"uagb_comment_info":2,"uagb_excerpt":"Experimente un inolvidable viaje privado por mar a Dolphin Bay desde Hurghada en lancha r\u00e1pida. Disfrutar\u00e1s de un picnic marino a trav\u00e9s del Mar Rojo, seguido de una parada en mar abierto para nadar y hacer snorkel con m\u00e1scaras y aletas. Luego, visitar\u00e1 Dolphin Bay, donde podr\u00e1 ver delfines en su h\u00e1bitat natural. Esta parada&hellip;","jetpack_sharing_enabled":true,"jetpack_likes_enabled":true,"amp_enabled":true,"_links":{"self":[{"href":"https:\/\/landioustravel.com\/es\/wp-json\/wp\/v2\/product\/6335","targetHints":{"allow":["GET"]}}],"collection":[{"href":"https:\/\/landioustravel.com\/es\/wp-json\/wp\/v2\/product"}],"about":[{"href":"https:\/\/landioustravel.com\/es\/wp-json\/wp\/v2\/types\/product"}],"replies":[{"embeddable":true,"href":"https:\/\/landioustravel.com\/es\/wp-json\/wp\/v2\/comments?post=6335"}],"wp:featuredmedia":[{"embeddable":true,"href":"https:\/\/landioustravel.com\/es\/wp-json\/wp\/v2\/media\/128982"}],"wp:attachment":[{"href":"https:\/\/landioustravel.com\/es\/wp-json\/wp\/v2\/media?parent=6335"}],"wp:term":[{"taxonomy":"product_brand","embeddable":true,"href":"https:\/\/landioustravel.com\/es\/wp-json\/wp\/v2\/product_brand?post=6335"},{"taxonomy":"product_cat","embeddable":true,"href":"https:\/\/landioustravel.com\/es\/wp-json\/wp\/v2\/product_cat?post=6335"},{"taxonomy":"product_tag","embeddable":true,"href":"https:\/\/landioustravel.com\/es\/wp-json\/wp\/v2\/product_tag?post=6335"}],"curies":[{"name":"wp","href":"https:\/\/api.w.org\/{rel}","templated":true}]}}