{"id":7190,"date":"2019-06-04T10:16:44","date_gmt":"2019-06-04T15:33:02","guid":{"rendered":"https:\/\/landioustravel.com\/?post_type=product&#038;p=7190"},"modified":"2025-10-17T20:14:07","modified_gmt":"2025-10-17T17:14:07","slug":"recorrido-individual-ciudad-gouna-hurghada","status":"publish","type":"product","link":"https:\/\/landioustravel.com\/es\/shop\/recorrido-individual-ciudad-gouna-hurghada\/","title":{"rendered":"Recorrido individual por la ciudad en El-Gouna desde Hurghada"},"content":{"rendered":"<p>\u00a1Una excursi\u00f3n muy informativa para explorar la ciudad de El-Gouna desde <a href=\"https:\/\/landioustravel.com\/es\/ciudad-hurghada\/\">Hurghada<\/a>! Recomendamos el viaje porque permite a los turistas descubrir la ciudad de El-Gouna con todas sus diferentes \u00e1reas y atracciones. Adem\u00e1s, los turistas hacen un fant\u00e1stico recorrido en barco para descubrir el lugar desde el mar. \u00a1Puede hacer este encantador recorrido por la ciudad individualmente en un veh\u00edculo privado y con uno de nuestros gu\u00edas profesionales!<\/p>\n<h2>Los principales puntos del programa de visitas a la ciudad de El-Gouna.<\/h2>\n<ul>\n<li>Visitando El-Gouna por tierra<\/li>\n<li>Teniendo una vista panor\u00e1mica sobre el lugar.<\/li>\n<li>Haciendo un recorrido por el mar en una lancha r\u00e1pida por El-Gouna<\/li>\n<li>Y, un paseo por la marina.<\/li>\n<li>Finalmente, haces algunas compras.<\/li>\n<\/ul>\n<h3>El programa de la visita individual a la ciudad por la Venecia egipcia desde Hurghada<\/h3>\n<ul>\n<li>Te recogemos de tu hotel a las 09:00 aproximadamente.<\/li>\n<li>Despu\u00e9s de recoger a todos los interesados, el autob\u00fas va a la ciudad tur\u00edstica de El-Gouna. Se tarda aproximadamente 40 minutos para llegar a este lugar<\/li>\n<li>Al comienzo del recorrido, estar\u00e1 realizando una visi\u00f3n panor\u00e1mica de la ciudad. All\u00ed, su gu\u00eda brinda informaci\u00f3n sobre las \u00e1reas que tenemos en El-Gouna.<\/li>\n<li>Despu\u00e9s de esta vista panor\u00e1mica de El-Gouna, conduzca hasta el centro de la ciudad. All\u00ed, puedes caminar en el puerto deportivo de Abu-Tig. M\u00e1s tarde, puedes ir de compras en el lugar.<\/li>\n<li>La siguiente parada es encantadora: haces un peque\u00f1o recorrido en lancha r\u00e1pida para descubrir el lugar desde el mar.<\/li>\n<li>Finalmente, haces un paseo por este lugar encantador.<\/li>\n<li>El programa de visita a la ciudad por El-Gouna desde Hurghada termina aproximadamente a las 14:00<\/li>\n<\/ul>\n<h4>Lo que est\u00e1 incluido en el precio del viaje<\/h4>\n<ul>\n<li>Traslado individual a El-Gouna, y regreso al hotel.<\/li>\n<li>Gu\u00eda profesional<\/li>\n<\/ul>\n<h5>Lo que no est\u00e1 incluido en el precio del tour<\/h5>\n<ul>\n<li>Programas adicionales si no est\u00e1n incluidos en el programa principal del viaje.<\/li>\n<\/ul>\n<h6>QU\u00c9 HACER EN UN TOUR<\/h6>\n<ul>\n<li>Gafas de sol<\/li>\n<\/ul>\n<h6>D\u00cdAS DE LA ORGANIZACI\u00d3N DE EXCURSIONES<\/h6>\n<ul>\n<li>Todos los d\u00edas de 09:00 a 14:00.<\/li>\n<\/ul>\n","protected":false},"excerpt":{"rendered":"<p>Emb\u00e1rquese en un recorrido tur\u00edstico por El-Gouna y descubra la belleza de esta encantadora ciudad. Nuestro programa incluye varios puntos y paradas en los lugares m\u00e1s interesantes de El-Gouna. Aprender\u00e1s mucho sobre el desarrollo de esta ciudad y su evoluci\u00f3n de un desierto a un famoso pueblo tur\u00edstico. Nuestro amable gu\u00eda le mostrar\u00e1 los alrededores y le proporcionar\u00e1 informaci\u00f3n \u00fatil. \u00danase a nosotros y explore los puntos de referencia m\u00e1s importantes de El-Gouna, incluido el aeropuerto privado, la iglesia cristiana copta, el centro de la ciudad, el viaje en barco por la laguna, Abu Tig Marina, Mangrove Beach y la piscifactor\u00eda. Viaje con comodidad y seguridad en un autom\u00f3vil con aire acondicionado con chofer. Durante nuestro viaje, visitaremos el lugar m\u00e1s alto de El-Gouna, la Torre El Gouna, para disfrutar de una vista impresionante de la ciudad. Tambi\u00e9n tendremos tiempo para pasear por Abu Tig Marina, un lugar famoso y tranquilo en El-Gouna, y visitar la iglesia cristiana para los ortodoxos. Adem\u00e1s, tendremos la oportunidad de montar los botes Felucca y explorar El-Gouna desde el mar. Finalmente, regresaremos al centro de la ciudad de Hurghada, donde podr\u00e1 comprar recuerdos y explorar los mercados locales. Esperamos brindarle una experiencia inolvidable en El-Gouna.<\/p>\n","protected":false},"featured_media":99104,"comment_status":"open","ping_status":"closed","template":"","meta":{"_coblocks_attr":"","_coblocks_dimensions":"","_coblocks_responsive_height":"","_coblocks_accordion_ie_support":"","_uag_custom_page_level_css":"","jetpack_publicize_message":"","jetpack_publicize_feature_enabled":true,"jetpack_social_post_already_shared":true,"jetpack_social_options":{"image_generator_settings":{"template":"highway","default_image_id":0,"font":"","enabled":false},"version":2},"_wpas_customize_per_network":false},"product_brand":[],"product_cat":[8568,1786],"product_tag":[1829,1797,2147,1808,9907,2111],"class_list":{"0":"post-7190","1":"product","2":"type-product","3":"status-publish","4":"has-post-thumbnail","6":"product_cat-excursiones-individuales-hurghada","7":"product_cat-excursiones-ciudad-hurghada","8":"product_tag-el-gouna-es","9":"product_tag-excursion-es","10":"product_tag-excursiones-desde-hurghada","11":"product_tag-hurghada-es","12":"product_tag-turismo","13":"product_tag-visita-de-la-ciudad","15":"first","16":"instock","17":"sale","18":"featured","19":"taxable","20":"shipping-taxable","21":"purchasable","22":"product-type-variable"},"yoast_head":"<!-- This site is optimized with the Yoast SEO Premium plugin v26.9 (Yoast SEO v27.5) - https:\/\/yoast.com\/product\/yoast-seo-premium-wordpress\/ -->\n<title>Recorrido individual por la ciudad en El-Gouna desde Hurghada<\/title>\n<meta name=\"description\" content=\"Recorrido individual por la ciudad en El-Gouna desde Hurghada Recomendamos el viaje porque permite a los turistas descubrir la ciudad de El-Gouna con todas\" \/>\n<meta name=\"robots\" content=\"index, follow, max-snippet:-1, max-image-preview:large, max-video-preview:-1\" \/>\n<link rel=\"canonical\" href=\"https:\/\/landioustravel.com\/es\/shop\/recorrido-individual-ciudad-gouna-hurghada\/\" \/>\n<meta property=\"og:locale\" content=\"es_ES\" \/>\n<meta property=\"og:type\" content=\"article\" \/>\n<meta property=\"og:title\" content=\"Recorrido individual por la ciudad en El-Gouna desde Hurghada\" \/>\n<meta property=\"og:description\" content=\"Landious Travel\" \/>\n<meta property=\"og:url\" content=\"https:\/\/landioustravel.com\/es\/shop\/recorrido-individual-ciudad-gouna-hurghada\/\" \/>\n<meta property=\"og:site_name\" content=\"Landious Travel\" \/>\n<meta property=\"article:publisher\" content=\"https:\/\/web.facebook.com\/landiousEgypt\" \/>\n<meta property=\"article:modified_time\" content=\"2025-10-17T17:14:07+00:00\" \/>\n<meta property=\"og:image\" content=\"https:\/\/i0.wp.com\/landioustravel.com\/wp-content\/uploads\/2019\/06\/El-Gouna-Individual-City-Tour-e1669140662615.jpg?fit=1200%2C675&ssl=1\" \/>\n\t<meta property=\"og:image:width\" content=\"1200\" \/>\n\t<meta property=\"og:image:height\" content=\"675\" \/>\n\t<meta property=\"og:image:type\" content=\"image\/jpeg\" \/>\n<meta name=\"twitter:card\" content=\"summary_large_image\" \/>\n<meta name=\"twitter:site\" content=\"@LandiousTours\" \/>\n<meta name=\"twitter:label1\" content=\"Tiempo de lectura\" \/>\n\t<meta name=\"twitter:data1\" content=\"2 minutos\" \/>\n<script type=\"application\/ld+json\" class=\"yoast-schema-graph\">{\"@context\":\"https:\\\/\\\/schema.org\",\"@graph\":[{\"@type\":\"WebPage\",\"@id\":\"https:\\\/\\\/landioustravel.com\\\/es\\\/shop\\\/recorrido-individual-ciudad-gouna-hurghada\\\/\",\"url\":\"https:\\\/\\\/landioustravel.com\\\/es\\\/shop\\\/recorrido-individual-ciudad-gouna-hurghada\\\/\",\"name\":\"Recorrido individual por la ciudad en El-Gouna desde Hurghada\",\"isPartOf\":{\"@id\":\"https:\\\/\\\/landioustravel.com\\\/es\\\/#website\"},\"primaryImageOfPage\":{\"@id\":\"https:\\\/\\\/landioustravel.com\\\/es\\\/shop\\\/recorrido-individual-ciudad-gouna-hurghada\\\/#primaryimage\"},\"image\":{\"@id\":\"https:\\\/\\\/landioustravel.com\\\/es\\\/shop\\\/recorrido-individual-ciudad-gouna-hurghada\\\/#primaryimage\"},\"thumbnailUrl\":\"https:\\\/\\\/i0.wp.com\\\/landioustravel.com\\\/wp-content\\\/uploads\\\/2019\\\/06\\\/El-Gouna-Individual-City-Tour-e1669140662615.jpg?fit=1200%2C675&ssl=1\",\"datePublished\":\"2019-06-04T15:33:02+00:00\",\"dateModified\":\"2025-10-17T17:14:07+00:00\",\"description\":\"Recorrido individual por la ciudad en El-Gouna desde Hurghada Recomendamos el viaje porque permite a los turistas descubrir la ciudad de El-Gouna con todas\",\"breadcrumb\":{\"@id\":\"https:\\\/\\\/landioustravel.com\\\/es\\\/shop\\\/recorrido-individual-ciudad-gouna-hurghada\\\/#breadcrumb\"},\"inLanguage\":\"es\",\"potentialAction\":[{\"@type\":\"ReadAction\",\"target\":[\"https:\\\/\\\/landioustravel.com\\\/es\\\/shop\\\/recorrido-individual-ciudad-gouna-hurghada\\\/\"]}]},{\"@type\":\"ImageObject\",\"inLanguage\":\"es\",\"@id\":\"https:\\\/\\\/landioustravel.com\\\/es\\\/shop\\\/recorrido-individual-ciudad-gouna-hurghada\\\/#primaryimage\",\"url\":\"https:\\\/\\\/i0.wp.com\\\/landioustravel.com\\\/wp-content\\\/uploads\\\/2019\\\/06\\\/El-Gouna-Individual-City-Tour-e1669140662615.jpg?fit=1200%2C675&ssl=1\",\"contentUrl\":\"https:\\\/\\\/i0.wp.com\\\/landioustravel.com\\\/wp-content\\\/uploads\\\/2019\\\/06\\\/El-Gouna-Individual-City-Tour-e1669140662615.jpg?fit=1200%2C675&ssl=1\",\"width\":1200,\"height\":675,\"caption\":\"El Gouna Individual City Tour\"},{\"@type\":\"BreadcrumbList\",\"@id\":\"https:\\\/\\\/landioustravel.com\\\/es\\\/shop\\\/recorrido-individual-ciudad-gouna-hurghada\\\/#breadcrumb\",\"itemListElement\":[{\"@type\":\"ListItem\",\"position\":1,\"name\":\"Home\",\"item\":\"https:\\\/\\\/landioustravel.com\\\/es\\\/\"},{\"@type\":\"ListItem\",\"position\":2,\"name\":\"Servicios y Tours\",\"item\":\"https:\\\/\\\/landioustravel.com\\\/es\\\/\"},{\"@type\":\"ListItem\",\"position\":3,\"name\":\"Recorrido individual por la ciudad en El-Gouna desde Hurghada\"}]},{\"@type\":\"WebSite\",\"@id\":\"https:\\\/\\\/landioustravel.com\\\/es\\\/#website\",\"url\":\"https:\\\/\\\/landioustravel.com\\\/es\\\/\",\"name\":\"Landious Travel\",\"description\":\"Tours and Excursions in Egypt\",\"publisher\":{\"@id\":\"https:\\\/\\\/landioustravel.com\\\/es\\\/#organization\"},\"potentialAction\":[{\"@type\":\"SearchAction\",\"target\":{\"@type\":\"EntryPoint\",\"urlTemplate\":\"https:\\\/\\\/landioustravel.com\\\/es\\\/?s={search_term_string}\"},\"query-input\":{\"@type\":\"PropertyValueSpecification\",\"valueRequired\":true,\"valueName\":\"search_term_string\"}}],\"inLanguage\":\"es\"},{\"@type\":[\"Organization\",\"Place\"],\"@id\":\"https:\\\/\\\/landioustravel.com\\\/es\\\/#organization\",\"name\":\"Landious Travel\",\"alternateName\":\"Landious Travel\",\"url\":\"https:\\\/\\\/landioustravel.com\\\/es\\\/\",\"logo\":{\"@id\":\"https:\\\/\\\/landioustravel.com\\\/es\\\/shop\\\/recorrido-individual-ciudad-gouna-hurghada\\\/#local-main-organization-logo\"},\"image\":{\"@id\":\"https:\\\/\\\/landioustravel.com\\\/es\\\/shop\\\/recorrido-individual-ciudad-gouna-hurghada\\\/#local-main-organization-logo\"},\"sameAs\":[\"https:\\\/\\\/web.facebook.com\\\/landiousEgypt\",\"https:\\\/\\\/x.com\\\/LandiousTours\",\"https:\\\/\\\/mastodon.social\\\/@landious\"],\"legalName\":\"Landious Travel\",\"telephone\":[],\"openingHoursSpecification\":[{\"@type\":\"OpeningHoursSpecification\",\"dayOfWeek\":[\"Monday\",\"Tuesday\",\"Wednesday\",\"Thursday\",\"Friday\",\"Saturday\",\"Sunday\"],\"opens\":\"09:00\",\"closes\":\"17:00\"}]},{\"@type\":\"ImageObject\",\"inLanguage\":\"es\",\"@id\":\"https:\\\/\\\/landioustravel.com\\\/es\\\/shop\\\/recorrido-individual-ciudad-gouna-hurghada\\\/#local-main-organization-logo\",\"url\":\"https:\\\/\\\/i0.wp.com\\\/landioustravel.com\\\/wp-content\\\/uploads\\\/2021\\\/06\\\/Landious-T.png?fit=500%2C500&ssl=1\",\"contentUrl\":\"https:\\\/\\\/i0.wp.com\\\/landioustravel.com\\\/wp-content\\\/uploads\\\/2021\\\/06\\\/Landious-T.png?fit=500%2C500&ssl=1\",\"width\":500,\"height\":500,\"caption\":\"Landious Travel\"}]}<\/script>\n<!-- \/ Yoast SEO Premium plugin. -->","yoast_head_json":{"title":"Recorrido individual por la ciudad en El-Gouna desde Hurghada","description":"Recorrido individual por la ciudad en El-Gouna desde Hurghada Recomendamos el viaje porque permite a los turistas descubrir la ciudad de El-Gouna con todas","robots":{"index":"index","follow":"follow","max-snippet":"max-snippet:-1","max-image-preview":"max-image-preview:large","max-video-preview":"max-video-preview:-1"},"canonical":"https:\/\/landioustravel.com\/es\/shop\/recorrido-individual-ciudad-gouna-hurghada\/","og_locale":"es_ES","og_type":"article","og_title":"Recorrido individual por la ciudad en El-Gouna desde Hurghada","og_description":"Landious Travel","og_url":"https:\/\/landioustravel.com\/es\/shop\/recorrido-individual-ciudad-gouna-hurghada\/","og_site_name":"Landious Travel","article_publisher":"https:\/\/web.facebook.com\/landiousEgypt","article_modified_time":"2025-10-17T17:14:07+00:00","og_image":[{"width":1200,"height":675,"url":"https:\/\/i0.wp.com\/landioustravel.com\/wp-content\/uploads\/2019\/06\/El-Gouna-Individual-City-Tour-e1669140662615.jpg?fit=1200%2C675&ssl=1","type":"image\/jpeg"}],"twitter_card":"summary_large_image","twitter_site":"@LandiousTours","twitter_misc":{"Tiempo de lectura":"2 minutos"},"schema":{"@context":"https:\/\/schema.org","@graph":[{"@type":"WebPage","@id":"https:\/\/landioustravel.com\/es\/shop\/recorrido-individual-ciudad-gouna-hurghada\/","url":"https:\/\/landioustravel.com\/es\/shop\/recorrido-individual-ciudad-gouna-hurghada\/","name":"Recorrido individual por la ciudad en El-Gouna desde Hurghada","isPartOf":{"@id":"https:\/\/landioustravel.com\/es\/#website"},"primaryImageOfPage":{"@id":"https:\/\/landioustravel.com\/es\/shop\/recorrido-individual-ciudad-gouna-hurghada\/#primaryimage"},"image":{"@id":"https:\/\/landioustravel.com\/es\/shop\/recorrido-individual-ciudad-gouna-hurghada\/#primaryimage"},"thumbnailUrl":"https:\/\/i0.wp.com\/landioustravel.com\/wp-content\/uploads\/2019\/06\/El-Gouna-Individual-City-Tour-e1669140662615.jpg?fit=1200%2C675&ssl=1","datePublished":"2019-06-04T15:33:02+00:00","dateModified":"2025-10-17T17:14:07+00:00","description":"Recorrido individual por la ciudad en El-Gouna desde Hurghada Recomendamos el viaje porque permite a los turistas descubrir la ciudad de El-Gouna con todas","breadcrumb":{"@id":"https:\/\/landioustravel.com\/es\/shop\/recorrido-individual-ciudad-gouna-hurghada\/#breadcrumb"},"inLanguage":"es","potentialAction":[{"@type":"ReadAction","target":["https:\/\/landioustravel.com\/es\/shop\/recorrido-individual-ciudad-gouna-hurghada\/"]}]},{"@type":"ImageObject","inLanguage":"es","@id":"https:\/\/landioustravel.com\/es\/shop\/recorrido-individual-ciudad-gouna-hurghada\/#primaryimage","url":"https:\/\/i0.wp.com\/landioustravel.com\/wp-content\/uploads\/2019\/06\/El-Gouna-Individual-City-Tour-e1669140662615.jpg?fit=1200%2C675&ssl=1","contentUrl":"https:\/\/i0.wp.com\/landioustravel.com\/wp-content\/uploads\/2019\/06\/El-Gouna-Individual-City-Tour-e1669140662615.jpg?fit=1200%2C675&ssl=1","width":1200,"height":675,"caption":"El Gouna Individual City Tour"},{"@type":"BreadcrumbList","@id":"https:\/\/landioustravel.com\/es\/shop\/recorrido-individual-ciudad-gouna-hurghada\/#breadcrumb","itemListElement":[{"@type":"ListItem","position":1,"name":"Home","item":"https:\/\/landioustravel.com\/es\/"},{"@type":"ListItem","position":2,"name":"Servicios y Tours","item":"https:\/\/landioustravel.com\/es\/"},{"@type":"ListItem","position":3,"name":"Recorrido individual por la ciudad en El-Gouna desde Hurghada"}]},{"@type":"WebSite","@id":"https:\/\/landioustravel.com\/es\/#website","url":"https:\/\/landioustravel.com\/es\/","name":"Landious Travel","description":"Tours and Excursions in Egypt","publisher":{"@id":"https:\/\/landioustravel.com\/es\/#organization"},"potentialAction":[{"@type":"SearchAction","target":{"@type":"EntryPoint","urlTemplate":"https:\/\/landioustravel.com\/es\/?s={search_term_string}"},"query-input":{"@type":"PropertyValueSpecification","valueRequired":true,"valueName":"search_term_string"}}],"inLanguage":"es"},{"@type":["Organization","Place"],"@id":"https:\/\/landioustravel.com\/es\/#organization","name":"Landious Travel","alternateName":"Landious Travel","url":"https:\/\/landioustravel.com\/es\/","logo":{"@id":"https:\/\/landioustravel.com\/es\/shop\/recorrido-individual-ciudad-gouna-hurghada\/#local-main-organization-logo"},"image":{"@id":"https:\/\/landioustravel.com\/es\/shop\/recorrido-individual-ciudad-gouna-hurghada\/#local-main-organization-logo"},"sameAs":["https:\/\/web.facebook.com\/landiousEgypt","https:\/\/x.com\/LandiousTours","https:\/\/mastodon.social\/@landious"],"legalName":"Landious Travel","telephone":[],"openingHoursSpecification":[{"@type":"OpeningHoursSpecification","dayOfWeek":["Monday","Tuesday","Wednesday","Thursday","Friday","Saturday","Sunday"],"opens":"09:00","closes":"17:00"}]},{"@type":"ImageObject","inLanguage":"es","@id":"https:\/\/landioustravel.com\/es\/shop\/recorrido-individual-ciudad-gouna-hurghada\/#local-main-organization-logo","url":"https:\/\/i0.wp.com\/landioustravel.com\/wp-content\/uploads\/2021\/06\/Landious-T.png?fit=500%2C500&ssl=1","contentUrl":"https:\/\/i0.wp.com\/landioustravel.com\/wp-content\/uploads\/2021\/06\/Landious-T.png?fit=500%2C500&ssl=1","width":500,"height":500,"caption":"Landious Travel"}]}},"jetpack_publicize_connections":[],"uagb_featured_image_src":{"full":["https:\/\/i0.wp.com\/landioustravel.com\/wp-content\/uploads\/2019\/06\/El-Gouna-Individual-City-Tour-e1669140662615.jpg?fit=1200%2C675&ssl=1",1200,675,false],"thumbnail":["https:\/\/i0.wp.com\/landioustravel.com\/wp-content\/uploads\/2019\/06\/El-Gouna-Individual-City-Tour-e1669140662615.jpg?resize=150%2C150&ssl=1",150,150,true],"medium":["https:\/\/i0.wp.com\/landioustravel.com\/wp-content\/uploads\/2019\/06\/El-Gouna-Individual-City-Tour-e1669140662615.jpg?fit=300%2C169&ssl=1",300,169,true],"medium_large":["https:\/\/i0.wp.com\/landioustravel.com\/wp-content\/uploads\/2019\/06\/El-Gouna-Individual-City-Tour-e1669140662615.jpg?fit=768%2C432&ssl=1",768,432,true],"large":["https:\/\/i0.wp.com\/landioustravel.com\/wp-content\/uploads\/2019\/06\/El-Gouna-Individual-City-Tour-e1669140662615.jpg?fit=980%2C551&ssl=1",980,551,true],"1536x1536":["https:\/\/i0.wp.com\/landioustravel.com\/wp-content\/uploads\/2019\/06\/El-Gouna-Individual-City-Tour-e1669140662615.jpg?fit=1200%2C675&ssl=1",1200,675,true],"2048x2048":["https:\/\/i0.wp.com\/landioustravel.com\/wp-content\/uploads\/2019\/06\/El-Gouna-Individual-City-Tour-e1669140662615.jpg?fit=1200%2C675&ssl=1",1200,675,true],"newspack-article-block-landscape-large":["https:\/\/i0.wp.com\/landioustravel.com\/wp-content\/uploads\/2019\/06\/El-Gouna-Individual-City-Tour-e1669140662615.jpg?resize=1200%2C675&ssl=1",1200,675,true],"newspack-article-block-portrait-large":["https:\/\/i0.wp.com\/landioustravel.com\/wp-content\/uploads\/2019\/06\/El-Gouna-Individual-City-Tour-e1669140662615.jpg?resize=900%2C675&ssl=1",900,675,true],"newspack-article-block-square-large":["https:\/\/i0.wp.com\/landioustravel.com\/wp-content\/uploads\/2019\/06\/El-Gouna-Individual-City-Tour-e1669140662615.jpg?resize=1200%2C675&ssl=1",1200,675,true],"newspack-article-block-landscape-medium":["https:\/\/i0.wp.com\/landioustravel.com\/wp-content\/uploads\/2019\/06\/El-Gouna-Individual-City-Tour-e1669140662615.jpg?resize=800%2C600&ssl=1",800,600,true],"newspack-article-block-portrait-medium":["https:\/\/i0.wp.com\/landioustravel.com\/wp-content\/uploads\/2019\/06\/El-Gouna-Individual-City-Tour-e1669140662615.jpg?resize=600%2C675&ssl=1",600,675,true],"newspack-article-block-square-medium":["https:\/\/i0.wp.com\/landioustravel.com\/wp-content\/uploads\/2019\/06\/El-Gouna-Individual-City-Tour-e1669140662615.jpg?resize=800%2C675&ssl=1",800,675,true],"newspack-article-block-landscape-intermediate":["https:\/\/i0.wp.com\/landioustravel.com\/wp-content\/uploads\/2019\/06\/El-Gouna-Individual-City-Tour-e1669140662615.jpg?resize=600%2C450&ssl=1",600,450,true],"newspack-article-block-portrait-intermediate":["https:\/\/i0.wp.com\/landioustravel.com\/wp-content\/uploads\/2019\/06\/El-Gouna-Individual-City-Tour-e1669140662615.jpg?resize=450%2C600&ssl=1",450,600,true],"newspack-article-block-square-intermediate":["https:\/\/i0.wp.com\/landioustravel.com\/wp-content\/uploads\/2019\/06\/El-Gouna-Individual-City-Tour-e1669140662615.jpg?resize=600%2C600&ssl=1",600,600,true],"newspack-article-block-landscape-small":["https:\/\/i0.wp.com\/landioustravel.com\/wp-content\/uploads\/2019\/06\/El-Gouna-Individual-City-Tour-e1669140662615.jpg?resize=400%2C300&ssl=1",400,300,true],"newspack-article-block-portrait-small":["https:\/\/i0.wp.com\/landioustravel.com\/wp-content\/uploads\/2019\/06\/El-Gouna-Individual-City-Tour-e1669140662615.jpg?resize=300%2C400&ssl=1",300,400,true],"newspack-article-block-square-small":["https:\/\/i0.wp.com\/landioustravel.com\/wp-content\/uploads\/2019\/06\/El-Gouna-Individual-City-Tour-e1669140662615.jpg?resize=400%2C400&ssl=1",400,400,true],"newspack-article-block-landscape-tiny":["https:\/\/i0.wp.com\/landioustravel.com\/wp-content\/uploads\/2019\/06\/El-Gouna-Individual-City-Tour-e1669140662615.jpg?resize=200%2C150&ssl=1",200,150,true],"newspack-article-block-portrait-tiny":["https:\/\/i0.wp.com\/landioustravel.com\/wp-content\/uploads\/2019\/06\/El-Gouna-Individual-City-Tour-e1669140662615.jpg?resize=150%2C200&ssl=1",150,200,true],"newspack-article-block-square-tiny":["https:\/\/i0.wp.com\/landioustravel.com\/wp-content\/uploads\/2019\/06\/El-Gouna-Individual-City-Tour-e1669140662615.jpg?resize=200%2C200&ssl=1",200,200,true],"newspack-article-block-uncropped":["https:\/\/i0.wp.com\/landioustravel.com\/wp-content\/uploads\/2019\/06\/El-Gouna-Individual-City-Tour-e1669140662615.jpg?fit=1200%2C675&ssl=1",1200,675,true],"woocommerce_thumbnail":["https:\/\/i0.wp.com\/landioustravel.com\/wp-content\/uploads\/2019\/06\/El-Gouna-Individual-City-Tour-e1669140662615.jpg?resize=324%2C324&ssl=1",324,324,true],"woocommerce_single":["https:\/\/i0.wp.com\/landioustravel.com\/wp-content\/uploads\/2019\/06\/El-Gouna-Individual-City-Tour-e1669140662615.jpg?fit=416%2C234&ssl=1",416,234,true],"woocommerce_gallery_thumbnail":["https:\/\/i0.wp.com\/landioustravel.com\/wp-content\/uploads\/2019\/06\/El-Gouna-Individual-City-Tour-e1669140662615.jpg?resize=100%2C100&ssl=1",100,100,true]},"uagb_author_info":{"display_name":"Mofreh Landious","author_link":"https:\/\/landioustravel.com\/es\/author\/"},"uagb_comment_info":3,"uagb_excerpt":"Emb\u00e1rquese en un recorrido tur\u00edstico por El-Gouna y descubra la belleza de esta encantadora ciudad. Nuestro programa incluye varios puntos y paradas en los lugares m\u00e1s interesantes de El-Gouna. Aprender\u00e1s mucho sobre el desarrollo de esta ciudad y su evoluci\u00f3n de un desierto a un famoso pueblo tur\u00edstico. Nuestro amable gu\u00eda le mostrar\u00e1 los alrededores&hellip;","jetpack_sharing_enabled":true,"jetpack_likes_enabled":true,"amp_enabled":true,"_links":{"self":[{"href":"https:\/\/landioustravel.com\/es\/wp-json\/wp\/v2\/product\/7190","targetHints":{"allow":["GET"]}}],"collection":[{"href":"https:\/\/landioustravel.com\/es\/wp-json\/wp\/v2\/product"}],"about":[{"href":"https:\/\/landioustravel.com\/es\/wp-json\/wp\/v2\/types\/product"}],"replies":[{"embeddable":true,"href":"https:\/\/landioustravel.com\/es\/wp-json\/wp\/v2\/comments?post=7190"}],"wp:featuredmedia":[{"embeddable":true,"href":"https:\/\/landioustravel.com\/es\/wp-json\/wp\/v2\/media\/99104"}],"wp:attachment":[{"href":"https:\/\/landioustravel.com\/es\/wp-json\/wp\/v2\/media?parent=7190"}],"wp:term":[{"taxonomy":"product_brand","embeddable":true,"href":"https:\/\/landioustravel.com\/es\/wp-json\/wp\/v2\/product_brand?post=7190"},{"taxonomy":"product_cat","embeddable":true,"href":"https:\/\/landioustravel.com\/es\/wp-json\/wp\/v2\/product_cat?post=7190"},{"taxonomy":"product_tag","embeddable":true,"href":"https:\/\/landioustravel.com\/es\/wp-json\/wp\/v2\/product_tag?post=7190"}],"curies":[{"name":"wp","href":"https:\/\/api.w.org\/{rel}","templated":true}]}}