{"id":8745,"date":"2019-06-11T19:54:44","date_gmt":"2019-06-12T09:53:06","guid":{"rendered":"https:\/\/landioustravel.com\/?post_type=product&#038;p=8745"},"modified":"2024-04-15T19:15:02","modified_gmt":"2024-04-15T17:15:02","slug":"viaje-parasailing-hurghada","status":"publish","type":"product","link":"https:\/\/landioustravel.com\/es\/shop\/viaje-parasailing-hurghada\/","title":{"rendered":"Viaje de parasailing en Hurghada"},"content":{"rendered":"<p>Un emocionante viaje privado de parasailing en <a href=\"https:\/\/landioustravel.com\/es\/ciudad-hurghada\/\">Hurghada<\/a>! \u00a1Recomendamos el viaje porque permite a los turistas pasar un buen rato en el mar! Experimentar\u00e1s uno de los deportes acu\u00e1ticos m\u00e1s asombrosos _ parasailing. Durante esta experiencia, ver\u00e1s la ciudad de Hurghada en un paraca\u00eddas. Te gustar\u00e1 mucho la vista sobre el Mar Rojo con sus islas cercanas. Este parasailing ofrece vistas \u00fanicas de 360 \u200b\u200bgrados del Mar Rojo.<\/p>\n<h2>Los principales puntos del programa de excursiones en Parasailing<\/h2>\n<ul>\n<li>Briefing y formaci\u00f3n integral sobre parasailing.<\/li>\n<li>Parapente a una altura de 30-40 metros sobre el mar.<\/li>\n<li>Impresionantes vistas sobre la pintoresca costa del Mar Rojo.<\/li>\n<\/ul>\n<h3>El programa del viaje en parasailing privado en Hurghada<\/h3>\n<ul>\n<li>Te recogemos del hotel a las 11:00 aproximadamente.<\/li>\n<li>Despu\u00e9s de recoger a todos los interesados, el autob\u00fas va al puerto. El trayecto hasta el puerto dura aproximadamente 20 minutos.<\/li>\n<li>Encontrar\u00e1s tu lancha r\u00e1pida en el puerto. Esta lancha r\u00e1pida te llevar\u00e1 a la base de deportes acu\u00e1ticos.<\/li>\n<li>Despu\u00e9s de obtener la base, comienzas a prepararte para un vuelo en parapente.<\/li>\n<li>Este \u00abviaje de parasailing en Hurghada\u00bb termina aproximadamente a las 13:00.<\/li>\n<\/ul>\n<h4>Lo que est\u00e1 incluido en el precio del viaje<\/h4>\n<ul>\n<li>Traslado privado al puerto.<\/li>\n<li>Aventura parasailing individual.<\/li>\n<li>Informe completo de seguridad para parapente<\/li>\n<li>Casilleros gratis<\/li>\n<li>Traslado al puerto y regreso al hotel.<\/li>\n<\/ul>\n<h5>Lo que no est\u00e1 incluido en el precio del tour.<\/h5>\n<ul>\n<li>Video DVD<\/li>\n<li>CD de fotos<\/li>\n<\/ul>\n<h6>QU\u00c9 TOMAR CON USTED PARA EL VIAJE<\/h6>\n<ul>\n<li>Toalla<\/li>\n<li>Protector solar<\/li>\n<\/ul>\n<h6>D\u00cdAS DE LA ORGANIZACI\u00d3N DE EXCURSIONES<\/h6>\n<ul>\n<li>Diariamente de 11: 00-13: 00.<\/li>\n<\/ul>\n","protected":false},"excerpt":{"rendered":"<p>\u00bfEst\u00e1s listo para una experiencia emocionante en tu viaje a Hurghada? Imag\u00ednese volar por los aires en un paraca\u00eddas, disfrutando de las impresionantes vistas del mar y las islas circundantes. Esta aventura de parasailing es perfecta para aquellos que buscan un subid\u00f3n de adrenalina mientras garantizan que se cumplen los est\u00e1ndares de seguridad y protecci\u00f3n.<\/p>\n<p>Ya seas un profesional o un principiante, solo o con un ser querido, este viaje en parapente es adecuado para todos. Es una excelente actividad de entretenimiento para familias con ni\u00f1os de hasta tres a\u00f1os, as\u00ed como para personas mayores que buscan una forma de estimular la circulaci\u00f3n sangu\u00ednea y liberar la tensi\u00f3n del cuerpo.<\/p>\n<p>Durante este recorrido privado, proporcionaremos transporte hacia y desde su hotel o ubicaci\u00f3n en Hurghada. Una vez que lleguemos al puerto deportivo, tomaremos una lancha r\u00e1pida hasta el medio del mar, donde comenzaremos la aventura de parasailing. Volar\u00e1s a una altura de 50 metros durante ocho minutos, lo que te dar\u00e1 tiempo suficiente para admirar las impresionantes vistas de las islas Giftun y el puerto deportivo de Hurghada.<\/p>\n<p>Nuestro gu\u00eda te explicar\u00e1 c\u00f3mo volar con el paraca\u00eddas y te ayudar\u00e1 a ponerte tu equipo de seguridad, incluido un chaleco salvavidas. Puede tomar fotos con su tel\u00e9fono m\u00f3vil, o nuestro fot\u00f3grafo puede ayudarlo mientras est\u00e1 en el barco.<\/p>\n<p>Entendemos que todos tienen diferentes horarios, por eso ofrecemos disponibilidad flexible de tours. Puedes elegir el horario que m\u00e1s te convenga, ya sea por la ma\u00f1ana o por la tarde. Pasaremos a recogeros por vuestro hotel de Hurghada y os dejaremos cuando finalice el recorrido.<\/p>\n<p>Queremos que tenga la mejor experiencia posible durante su estad\u00eda en Hurghada. Es por eso que ofrecemos esta emocionante y rom\u00e1ntica aventura en parasailing como una de las mejores cosas para hacer en la zona. \u00a1Reserva tu tour ahora y prep\u00e1rate para una experiencia inolvidable!<\/p>\n","protected":false},"featured_media":98969,"comment_status":"open","ping_status":"closed","template":"","meta":{"_coblocks_attr":"","_coblocks_dimensions":"","_coblocks_responsive_height":"","_coblocks_accordion_ie_support":"","_uag_custom_page_level_css":"","jetpack_publicize_message":"","jetpack_publicize_feature_enabled":true,"jetpack_social_post_already_shared":true,"jetpack_social_options":{"image_generator_settings":{"template":"highway","default_image_id":0,"font":"","enabled":false},"version":2},"_wpas_customize_per_network":false},"product_brand":[],"product_cat":[1787],"product_tag":[1797,1808,1798,9902],"class_list":{"0":"post-8745","1":"product","2":"type-product","3":"status-publish","4":"has-post-thumbnail","6":"product_cat-excursiones-entretenidas-hurghada","7":"product_tag-excursion-es","8":"product_tag-hurghada-es","9":"product_tag-mar","10":"product_tag-el-parasailing","12":"first","13":"instock","14":"sale","15":"taxable","16":"shipping-taxable","17":"purchasable","18":"product-type-variable"},"yoast_head":"<!-- This site is optimized with the Yoast SEO Premium plugin v27.5 (Yoast SEO v27.5) - https:\/\/yoast.com\/product\/yoast-seo-premium-wordpress\/ -->\n<title>Viaje de parasailing en Hurghada - View over Hurghada<\/title>\n<meta name=\"description\" content=\"Viaje de parasailing en Hurghada \u00a1Recomendamos el viaje porque permite a los turistas pasar un buen rato en el mar! Experimentar\u00e1s uno de los deportes\" \/>\n<meta name=\"robots\" content=\"index, follow, max-snippet:-1, max-image-preview:large, max-video-preview:-1\" \/>\n<link rel=\"canonical\" href=\"https:\/\/landioustravel.com\/es\/shop\/viaje-parasailing-hurghada\/\" \/>\n<meta property=\"og:locale\" content=\"es_ES\" \/>\n<meta property=\"og:type\" content=\"article\" \/>\n<meta property=\"og:title\" content=\"Viaje de parasailing en Hurghada\" \/>\n<meta property=\"og:description\" content=\"Landious Travel\" \/>\n<meta property=\"og:url\" content=\"https:\/\/landioustravel.com\/es\/shop\/viaje-parasailing-hurghada\/\" \/>\n<meta property=\"og:site_name\" content=\"Landious Travel\" \/>\n<meta property=\"article:publisher\" content=\"https:\/\/web.facebook.com\/landiousEgypt\" \/>\n<meta property=\"article:modified_time\" content=\"2024-04-15T17:15:02+00:00\" \/>\n<meta property=\"og:image\" content=\"https:\/\/i0.wp.com\/landioustravel.com\/wp-content\/uploads\/2019\/06\/Parasailing-in-Hurghada-e1669070143748.jpg?fit=1201%2C675&ssl=1\" \/>\n\t<meta property=\"og:image:width\" content=\"1201\" \/>\n\t<meta property=\"og:image:height\" content=\"675\" \/>\n\t<meta property=\"og:image:type\" content=\"image\/jpeg\" \/>\n<meta name=\"twitter:card\" content=\"summary_large_image\" \/>\n<meta name=\"twitter:site\" content=\"@LandiousTours\" \/>\n<meta name=\"twitter:label1\" content=\"Tiempo de lectura\" \/>\n\t<meta name=\"twitter:data1\" content=\"2 minutos\" \/>\n<script type=\"application\/ld+json\" class=\"yoast-schema-graph\">{\"@context\":\"https:\\\/\\\/schema.org\",\"@graph\":[{\"@type\":\"WebPage\",\"@id\":\"https:\\\/\\\/landioustravel.com\\\/es\\\/shop\\\/viaje-parasailing-hurghada\\\/\",\"url\":\"https:\\\/\\\/landioustravel.com\\\/es\\\/shop\\\/viaje-parasailing-hurghada\\\/\",\"name\":\"Viaje de parasailing en Hurghada - View over Hurghada\",\"isPartOf\":{\"@id\":\"https:\\\/\\\/landioustravel.com\\\/es\\\/#website\"},\"primaryImageOfPage\":{\"@id\":\"https:\\\/\\\/landioustravel.com\\\/es\\\/shop\\\/viaje-parasailing-hurghada\\\/#primaryimage\"},\"image\":{\"@id\":\"https:\\\/\\\/landioustravel.com\\\/es\\\/shop\\\/viaje-parasailing-hurghada\\\/#primaryimage\"},\"thumbnailUrl\":\"https:\\\/\\\/i0.wp.com\\\/landioustravel.com\\\/wp-content\\\/uploads\\\/2019\\\/06\\\/Parasailing-in-Hurghada-e1669070143748.jpg?fit=1201%2C675&ssl=1\",\"datePublished\":\"2019-06-12T09:53:06+00:00\",\"dateModified\":\"2024-04-15T17:15:02+00:00\",\"description\":\"Viaje de parasailing en Hurghada \u00a1Recomendamos el viaje porque permite a los turistas pasar un buen rato en el mar! Experimentar\u00e1s uno de los deportes\",\"breadcrumb\":{\"@id\":\"https:\\\/\\\/landioustravel.com\\\/es\\\/shop\\\/viaje-parasailing-hurghada\\\/#breadcrumb\"},\"inLanguage\":\"es\",\"potentialAction\":[{\"@type\":\"ReadAction\",\"target\":[\"https:\\\/\\\/landioustravel.com\\\/es\\\/shop\\\/viaje-parasailing-hurghada\\\/\"]}]},{\"@type\":\"ImageObject\",\"inLanguage\":\"es\",\"@id\":\"https:\\\/\\\/landioustravel.com\\\/es\\\/shop\\\/viaje-parasailing-hurghada\\\/#primaryimage\",\"url\":\"https:\\\/\\\/i0.wp.com\\\/landioustravel.com\\\/wp-content\\\/uploads\\\/2019\\\/06\\\/Parasailing-in-Hurghada-e1669070143748.jpg?fit=1201%2C675&ssl=1\",\"contentUrl\":\"https:\\\/\\\/i0.wp.com\\\/landioustravel.com\\\/wp-content\\\/uploads\\\/2019\\\/06\\\/Parasailing-in-Hurghada-e1669070143748.jpg?fit=1201%2C675&ssl=1\",\"width\":1201,\"height\":675,\"caption\":\"Parasailing in Hurghada\"},{\"@type\":\"BreadcrumbList\",\"@id\":\"https:\\\/\\\/landioustravel.com\\\/es\\\/shop\\\/viaje-parasailing-hurghada\\\/#breadcrumb\",\"itemListElement\":[{\"@type\":\"ListItem\",\"position\":1,\"name\":\"Home\",\"item\":\"https:\\\/\\\/landioustravel.com\\\/es\\\/\"},{\"@type\":\"ListItem\",\"position\":2,\"name\":\"Servicios y Tours\",\"item\":\"https:\\\/\\\/landioustravel.com\\\/es\\\/\"},{\"@type\":\"ListItem\",\"position\":3,\"name\":\"Viaje de parasailing en Hurghada\"}]},{\"@type\":\"WebSite\",\"@id\":\"https:\\\/\\\/landioustravel.com\\\/es\\\/#website\",\"url\":\"https:\\\/\\\/landioustravel.com\\\/es\\\/\",\"name\":\"Landious Travel\",\"description\":\"Tours and Excursions in Egypt\",\"publisher\":{\"@id\":\"https:\\\/\\\/landioustravel.com\\\/es\\\/#organization\"},\"potentialAction\":[{\"@type\":\"SearchAction\",\"target\":{\"@type\":\"EntryPoint\",\"urlTemplate\":\"https:\\\/\\\/landioustravel.com\\\/es\\\/?s={search_term_string}\"},\"query-input\":{\"@type\":\"PropertyValueSpecification\",\"valueRequired\":true,\"valueName\":\"search_term_string\"}}],\"inLanguage\":\"es\"},{\"@type\":[\"Organization\",\"Place\"],\"@id\":\"https:\\\/\\\/landioustravel.com\\\/es\\\/#organization\",\"name\":\"Landious Travel\",\"alternateName\":\"Landious Travel\",\"url\":\"https:\\\/\\\/landioustravel.com\\\/es\\\/\",\"logo\":{\"@id\":\"https:\\\/\\\/landioustravel.com\\\/es\\\/shop\\\/viaje-parasailing-hurghada\\\/#local-main-organization-logo\"},\"image\":{\"@id\":\"https:\\\/\\\/landioustravel.com\\\/es\\\/shop\\\/viaje-parasailing-hurghada\\\/#local-main-organization-logo\"},\"sameAs\":[\"https:\\\/\\\/web.facebook.com\\\/landiousEgypt\",\"https:\\\/\\\/x.com\\\/LandiousTours\",\"https:\\\/\\\/mastodon.social\\\/@landious\"],\"legalName\":\"Landious Travel\",\"telephone\":[],\"openingHoursSpecification\":[{\"@type\":\"OpeningHoursSpecification\",\"dayOfWeek\":[\"Monday\",\"Tuesday\",\"Wednesday\",\"Thursday\",\"Friday\",\"Saturday\",\"Sunday\"],\"opens\":\"09:00\",\"closes\":\"17:00\"}]},{\"@type\":\"ImageObject\",\"inLanguage\":\"es\",\"@id\":\"https:\\\/\\\/landioustravel.com\\\/es\\\/shop\\\/viaje-parasailing-hurghada\\\/#local-main-organization-logo\",\"url\":\"https:\\\/\\\/i0.wp.com\\\/landioustravel.com\\\/wp-content\\\/uploads\\\/2021\\\/06\\\/Landious-T.png?fit=500%2C500&ssl=1\",\"contentUrl\":\"https:\\\/\\\/i0.wp.com\\\/landioustravel.com\\\/wp-content\\\/uploads\\\/2021\\\/06\\\/Landious-T.png?fit=500%2C500&ssl=1\",\"width\":500,\"height\":500,\"caption\":\"Landious Travel\"}]}<\/script>\n<!-- \/ Yoast SEO Premium plugin. -->","yoast_head_json":{"title":"Viaje de parasailing en Hurghada - View over Hurghada","description":"Viaje de parasailing en Hurghada \u00a1Recomendamos el viaje porque permite a los turistas pasar un buen rato en el mar! Experimentar\u00e1s uno de los deportes","robots":{"index":"index","follow":"follow","max-snippet":"max-snippet:-1","max-image-preview":"max-image-preview:large","max-video-preview":"max-video-preview:-1"},"canonical":"https:\/\/landioustravel.com\/es\/shop\/viaje-parasailing-hurghada\/","og_locale":"es_ES","og_type":"article","og_title":"Viaje de parasailing en Hurghada","og_description":"Landious Travel","og_url":"https:\/\/landioustravel.com\/es\/shop\/viaje-parasailing-hurghada\/","og_site_name":"Landious Travel","article_publisher":"https:\/\/web.facebook.com\/landiousEgypt","article_modified_time":"2024-04-15T17:15:02+00:00","og_image":[{"width":1201,"height":675,"url":"https:\/\/i0.wp.com\/landioustravel.com\/wp-content\/uploads\/2019\/06\/Parasailing-in-Hurghada-e1669070143748.jpg?fit=1201%2C675&ssl=1","type":"image\/jpeg"}],"twitter_card":"summary_large_image","twitter_site":"@LandiousTours","twitter_misc":{"Tiempo de lectura":"2 minutos"},"schema":{"@context":"https:\/\/schema.org","@graph":[{"@type":"WebPage","@id":"https:\/\/landioustravel.com\/es\/shop\/viaje-parasailing-hurghada\/","url":"https:\/\/landioustravel.com\/es\/shop\/viaje-parasailing-hurghada\/","name":"Viaje de parasailing en Hurghada - View over Hurghada","isPartOf":{"@id":"https:\/\/landioustravel.com\/es\/#website"},"primaryImageOfPage":{"@id":"https:\/\/landioustravel.com\/es\/shop\/viaje-parasailing-hurghada\/#primaryimage"},"image":{"@id":"https:\/\/landioustravel.com\/es\/shop\/viaje-parasailing-hurghada\/#primaryimage"},"thumbnailUrl":"https:\/\/i0.wp.com\/landioustravel.com\/wp-content\/uploads\/2019\/06\/Parasailing-in-Hurghada-e1669070143748.jpg?fit=1201%2C675&ssl=1","datePublished":"2019-06-12T09:53:06+00:00","dateModified":"2024-04-15T17:15:02+00:00","description":"Viaje de parasailing en Hurghada \u00a1Recomendamos el viaje porque permite a los turistas pasar un buen rato en el mar! Experimentar\u00e1s uno de los deportes","breadcrumb":{"@id":"https:\/\/landioustravel.com\/es\/shop\/viaje-parasailing-hurghada\/#breadcrumb"},"inLanguage":"es","potentialAction":[{"@type":"ReadAction","target":["https:\/\/landioustravel.com\/es\/shop\/viaje-parasailing-hurghada\/"]}]},{"@type":"ImageObject","inLanguage":"es","@id":"https:\/\/landioustravel.com\/es\/shop\/viaje-parasailing-hurghada\/#primaryimage","url":"https:\/\/i0.wp.com\/landioustravel.com\/wp-content\/uploads\/2019\/06\/Parasailing-in-Hurghada-e1669070143748.jpg?fit=1201%2C675&ssl=1","contentUrl":"https:\/\/i0.wp.com\/landioustravel.com\/wp-content\/uploads\/2019\/06\/Parasailing-in-Hurghada-e1669070143748.jpg?fit=1201%2C675&ssl=1","width":1201,"height":675,"caption":"Parasailing in Hurghada"},{"@type":"BreadcrumbList","@id":"https:\/\/landioustravel.com\/es\/shop\/viaje-parasailing-hurghada\/#breadcrumb","itemListElement":[{"@type":"ListItem","position":1,"name":"Home","item":"https:\/\/landioustravel.com\/es\/"},{"@type":"ListItem","position":2,"name":"Servicios y Tours","item":"https:\/\/landioustravel.com\/es\/"},{"@type":"ListItem","position":3,"name":"Viaje de parasailing en Hurghada"}]},{"@type":"WebSite","@id":"https:\/\/landioustravel.com\/es\/#website","url":"https:\/\/landioustravel.com\/es\/","name":"Landious Travel","description":"Tours and Excursions in Egypt","publisher":{"@id":"https:\/\/landioustravel.com\/es\/#organization"},"potentialAction":[{"@type":"SearchAction","target":{"@type":"EntryPoint","urlTemplate":"https:\/\/landioustravel.com\/es\/?s={search_term_string}"},"query-input":{"@type":"PropertyValueSpecification","valueRequired":true,"valueName":"search_term_string"}}],"inLanguage":"es"},{"@type":["Organization","Place"],"@id":"https:\/\/landioustravel.com\/es\/#organization","name":"Landious Travel","alternateName":"Landious Travel","url":"https:\/\/landioustravel.com\/es\/","logo":{"@id":"https:\/\/landioustravel.com\/es\/shop\/viaje-parasailing-hurghada\/#local-main-organization-logo"},"image":{"@id":"https:\/\/landioustravel.com\/es\/shop\/viaje-parasailing-hurghada\/#local-main-organization-logo"},"sameAs":["https:\/\/web.facebook.com\/landiousEgypt","https:\/\/x.com\/LandiousTours","https:\/\/mastodon.social\/@landious"],"legalName":"Landious Travel","telephone":[],"openingHoursSpecification":[{"@type":"OpeningHoursSpecification","dayOfWeek":["Monday","Tuesday","Wednesday","Thursday","Friday","Saturday","Sunday"],"opens":"09:00","closes":"17:00"}]},{"@type":"ImageObject","inLanguage":"es","@id":"https:\/\/landioustravel.com\/es\/shop\/viaje-parasailing-hurghada\/#local-main-organization-logo","url":"https:\/\/i0.wp.com\/landioustravel.com\/wp-content\/uploads\/2021\/06\/Landious-T.png?fit=500%2C500&ssl=1","contentUrl":"https:\/\/i0.wp.com\/landioustravel.com\/wp-content\/uploads\/2021\/06\/Landious-T.png?fit=500%2C500&ssl=1","width":500,"height":500,"caption":"Landious Travel"}]}},"jetpack_publicize_connections":[],"uagb_featured_image_src":{"full":["https:\/\/i0.wp.com\/landioustravel.com\/wp-content\/uploads\/2019\/06\/Parasailing-in-Hurghada-e1669070143748.jpg?fit=1201%2C675&ssl=1",1201,675,false],"thumbnail":["https:\/\/i0.wp.com\/landioustravel.com\/wp-content\/uploads\/2019\/06\/Parasailing-in-Hurghada-e1669070143748.jpg?resize=150%2C150&ssl=1",150,150,true],"medium":["https:\/\/i0.wp.com\/landioustravel.com\/wp-content\/uploads\/2019\/06\/Parasailing-in-Hurghada-e1669070143748.jpg?fit=300%2C169&ssl=1",300,169,true],"medium_large":["https:\/\/i0.wp.com\/landioustravel.com\/wp-content\/uploads\/2019\/06\/Parasailing-in-Hurghada-e1669070143748.jpg?fit=768%2C432&ssl=1",768,432,true],"large":["https:\/\/i0.wp.com\/landioustravel.com\/wp-content\/uploads\/2019\/06\/Parasailing-in-Hurghada-e1669070143748.jpg?fit=980%2C551&ssl=1",980,551,true],"1536x1536":["https:\/\/i0.wp.com\/landioustravel.com\/wp-content\/uploads\/2019\/06\/Parasailing-in-Hurghada-e1669070143748.jpg?fit=1201%2C675&ssl=1",1201,675,true],"2048x2048":["https:\/\/i0.wp.com\/landioustravel.com\/wp-content\/uploads\/2019\/06\/Parasailing-in-Hurghada-e1669070143748.jpg?fit=1201%2C675&ssl=1",1201,675,true],"newspack-article-block-landscape-large":["https:\/\/i0.wp.com\/landioustravel.com\/wp-content\/uploads\/2019\/06\/Parasailing-in-Hurghada-e1669070143748.jpg?resize=1200%2C674&ssl=1",1200,674,true],"newspack-article-block-portrait-large":["https:\/\/i0.wp.com\/landioustravel.com\/wp-content\/uploads\/2019\/06\/Parasailing-in-Hurghada-e1669070143748.jpg?resize=900%2C675&ssl=1",900,675,true],"newspack-article-block-square-large":["https:\/\/i0.wp.com\/landioustravel.com\/wp-content\/uploads\/2019\/06\/Parasailing-in-Hurghada-e1669070143748.jpg?resize=1200%2C674&ssl=1",1200,674,true],"newspack-article-block-landscape-medium":["https:\/\/i0.wp.com\/landioustravel.com\/wp-content\/uploads\/2019\/06\/Parasailing-in-Hurghada-e1669070143748.jpg?resize=800%2C600&ssl=1",800,600,true],"newspack-article-block-portrait-medium":["https:\/\/i0.wp.com\/landioustravel.com\/wp-content\/uploads\/2019\/06\/Parasailing-in-Hurghada-e1669070143748.jpg?resize=600%2C675&ssl=1",600,675,true],"newspack-article-block-square-medium":["https:\/\/i0.wp.com\/landioustravel.com\/wp-content\/uploads\/2019\/06\/Parasailing-in-Hurghada-e1669070143748.jpg?resize=800%2C675&ssl=1",800,675,true],"newspack-article-block-landscape-intermediate":["https:\/\/i0.wp.com\/landioustravel.com\/wp-content\/uploads\/2019\/06\/Parasailing-in-Hurghada-e1669070143748.jpg?resize=600%2C450&ssl=1",600,450,true],"newspack-article-block-portrait-intermediate":["https:\/\/i0.wp.com\/landioustravel.com\/wp-content\/uploads\/2019\/06\/Parasailing-in-Hurghada-e1669070143748.jpg?resize=450%2C600&ssl=1",450,600,true],"newspack-article-block-square-intermediate":["https:\/\/i0.wp.com\/landioustravel.com\/wp-content\/uploads\/2019\/06\/Parasailing-in-Hurghada-e1669070143748.jpg?resize=600%2C600&ssl=1",600,600,true],"newspack-article-block-landscape-small":["https:\/\/i0.wp.com\/landioustravel.com\/wp-content\/uploads\/2019\/06\/Parasailing-in-Hurghada-e1669070143748.jpg?resize=400%2C300&ssl=1",400,300,true],"newspack-article-block-portrait-small":["https:\/\/i0.wp.com\/landioustravel.com\/wp-content\/uploads\/2019\/06\/Parasailing-in-Hurghada-e1669070143748.jpg?resize=300%2C400&ssl=1",300,400,true],"newspack-article-block-square-small":["https:\/\/i0.wp.com\/landioustravel.com\/wp-content\/uploads\/2019\/06\/Parasailing-in-Hurghada-e1669070143748.jpg?resize=400%2C400&ssl=1",400,400,true],"newspack-article-block-landscape-tiny":["https:\/\/i0.wp.com\/landioustravel.com\/wp-content\/uploads\/2019\/06\/Parasailing-in-Hurghada-e1669070143748.jpg?resize=200%2C150&ssl=1",200,150,true],"newspack-article-block-portrait-tiny":["https:\/\/i0.wp.com\/landioustravel.com\/wp-content\/uploads\/2019\/06\/Parasailing-in-Hurghada-e1669070143748.jpg?resize=150%2C200&ssl=1",150,200,true],"newspack-article-block-square-tiny":["https:\/\/i0.wp.com\/landioustravel.com\/wp-content\/uploads\/2019\/06\/Parasailing-in-Hurghada-e1669070143748.jpg?resize=200%2C200&ssl=1",200,200,true],"newspack-article-block-uncropped":["https:\/\/i0.wp.com\/landioustravel.com\/wp-content\/uploads\/2019\/06\/Parasailing-in-Hurghada-e1669070143748.jpg?fit=1200%2C674&ssl=1",1200,674,true],"woocommerce_thumbnail":["https:\/\/i0.wp.com\/landioustravel.com\/wp-content\/uploads\/2019\/06\/Parasailing-in-Hurghada-e1669070143748.jpg?resize=324%2C324&ssl=1",324,324,true],"woocommerce_single":["https:\/\/i0.wp.com\/landioustravel.com\/wp-content\/uploads\/2019\/06\/Parasailing-in-Hurghada-e1669070143748.jpg?fit=416%2C234&ssl=1",416,234,true],"woocommerce_gallery_thumbnail":["https:\/\/i0.wp.com\/landioustravel.com\/wp-content\/uploads\/2019\/06\/Parasailing-in-Hurghada-e1669070143748.jpg?resize=100%2C100&ssl=1",100,100,true]},"uagb_author_info":{"display_name":"Mofreh Landious","author_link":"https:\/\/landioustravel.com\/es\/author\/"},"uagb_comment_info":4,"uagb_excerpt":"\u00bfEst\u00e1s listo para una experiencia emocionante en tu viaje a Hurghada? Imag\u00ednese volar por los aires en un paraca\u00eddas, disfrutando de las impresionantes vistas del mar y las islas circundantes. Esta aventura de parasailing es perfecta para aquellos que buscan un subid\u00f3n de adrenalina mientras garantizan que se cumplen los est\u00e1ndares de seguridad y protecci\u00f3n.&hellip;","jetpack_sharing_enabled":true,"jetpack_likes_enabled":true,"amp_enabled":true,"_links":{"self":[{"href":"https:\/\/landioustravel.com\/es\/wp-json\/wp\/v2\/product\/8745","targetHints":{"allow":["GET"]}}],"collection":[{"href":"https:\/\/landioustravel.com\/es\/wp-json\/wp\/v2\/product"}],"about":[{"href":"https:\/\/landioustravel.com\/es\/wp-json\/wp\/v2\/types\/product"}],"replies":[{"embeddable":true,"href":"https:\/\/landioustravel.com\/es\/wp-json\/wp\/v2\/comments?post=8745"}],"wp:featuredmedia":[{"embeddable":true,"href":"https:\/\/landioustravel.com\/es\/wp-json\/wp\/v2\/media\/98969"}],"wp:attachment":[{"href":"https:\/\/landioustravel.com\/es\/wp-json\/wp\/v2\/media?parent=8745"}],"wp:term":[{"taxonomy":"product_brand","embeddable":true,"href":"https:\/\/landioustravel.com\/es\/wp-json\/wp\/v2\/product_brand?post=8745"},{"taxonomy":"product_cat","embeddable":true,"href":"https:\/\/landioustravel.com\/es\/wp-json\/wp\/v2\/product_cat?post=8745"},{"taxonomy":"product_tag","embeddable":true,"href":"https:\/\/landioustravel.com\/es\/wp-json\/wp\/v2\/product_tag?post=8745"}],"curies":[{"name":"wp","href":"https:\/\/api.w.org\/{rel}","templated":true}]}}