{"id":8817,"date":"2019-06-11T03:10:44","date_gmt":"2019-06-12T13:41:44","guid":{"rendered":"https:\/\/landioustravel.com\/?post_type=product&#038;p=8817"},"modified":"2024-09-26T01:39:23","modified_gmt":"2024-09-25T22:39:23","slug":"viaje-monasterio-antonio-hurghada","status":"publish","type":"product","link":"https:\/\/landioustravel.com\/es\/shop\/viaje-monasterio-antonio-hurghada\/","title":{"rendered":"Viaje al monasterio de San Antonio desde Hurghada"},"content":{"rendered":"<p>\u00a1Un viaje espiritual individual al Monasterio de San Antonio desde <a href=\"https:\/\/landioustravel.com\/es\/ciudad-hurghada\/\">Hurghada<\/a>! Recomendamos el viaje por el hecho de que permite a los turistas ver los monumentos cristianos m\u00e1s antiguos construidos durante el Egipto cristiano y aprender m\u00e1s sobre la historia del pa\u00eds.<\/p>\n<h2>Puntos principales del programa individual al monasterio de San Antonio.<\/h2>\n<ul>\n<li>Visita al Monasterio de San Antonio.<br \/>\nAlmuerzo<br \/>\nVisita al Monasterio de San Pablo.<\/li>\n<\/ul>\n<h3>Programa del viaje a los monasterios de San Antonio y San Pablo desde Hurghada<\/h3>\n<ul>\n<li>Recogemos desde el hotel alrededor de las 03:00 de la ma\u00f1ana.<br \/>\nDespu\u00e9s de recogerlo, su veh\u00edculo privado (limusina o minib\u00fas) parte hacia el Monasterio de San Antonio. En tu camino, pasas por la ciudad de Ras Ghareb, Zafarana, Ain Sokhna y; Finalmente, llegas a Zafaarana. Todas estas ciudades est\u00e1n al norte de Hurghada, en la costa del Mar Rojo. El camino, desde el centro de Hurghada hasta el Monasterio de San Antonio, toma aproximadamente 4 horas.<\/li>\n<\/ul>\n<h4>Programa en el monasterio de San Antonio<\/h4>\n<ul>\n<li>Tan pronto como llegue al Monasterio de San Antonio, su gu\u00eda lo acompa\u00f1ar\u00e1 en un recorrido por este lugar sagrado. El enorme monasterio de San Antonio est\u00e1 rodeado por un enorme muro, en el que viven monjes y un abad. Hace m\u00e1s de 1,600 a\u00f1os, el ermita\u00f1o Anthony viv\u00eda aqu\u00ed en una cueva en una monta\u00f1a de 680 metros de altura. Una escalera con unos 1.000 escalones te lleva hasta la cueva. Especialmente digno de ver en el complejo: los callejones, capillas y jardines.<br \/>\nDespu\u00e9s de visitar el Monasterio de San Antonio en Zafaarana, podr\u00e1 disfrutar de su almuerzo.<br \/>\nA continuaci\u00f3n, conduces de regreso hacia el Monasterio de San Pablo. Le llevar\u00e1 aproximadamente 40 minutos para llegar all\u00ed.<\/li>\n<\/ul>\n<h4>Programa en el Monasterio de San Pablo<\/h4>\n<ul>\n<li>El viaje contin\u00faa en el Monasterio de San Pablo. Aunque este monasterio es m\u00e1s peque\u00f1o que el de San Antonio, aqu\u00ed se encuentran algunos tesoros: altares, \u00edconos, una vieja prensa de oliva, una vieja polea y un ata\u00fad, que se dice que son los restos de San Pablo en \u00e9l. .<br \/>\nFinalmente, regresa a Hurghada despu\u00e9s de un programa de este tipo en los monasterios sagrados coptos de San Antonio y San Pablo.<br \/>\nEste \u00abViaje al monasterio de San Antonio desde Hurghada\u00bb finaliza aproximadamente a las 17:00<\/li>\n<\/ul>\n<h4>Lo que est\u00e1 incluido en el precio del tour.<\/h4>\n<ul>\n<li>Veh\u00edculo privado con aire acondicionado.<\/li>\n<li>Almuerzo<\/li>\n<li>Las bebidas<\/li>\n<li>Gu\u00eda privado<\/li>\n<\/ul>\n<h5>Lo que no est\u00e1 incluido en el precio del tour.<\/h5>\n<ul>\n<li>Programas adicionales si no est\u00e1n incluidos en el programa anterior<\/li>\n<li>Bebidas en el restaurante<\/li>\n<\/ul>\n<h6>QU\u00c9 TOMAR CON USTED PARA EL VIAJE<\/h6>\n<ul>\n<li>Caja de desayuno<\/li>\n<li>Ropa para la temporada.<\/li>\n<\/ul>\n<h6>D\u00cdAS DE LA ORGANIZACI\u00d3N DE EXCURSIONES<\/h6>\n<ul>\n<li>Diariamente de 03: 00-17: 00.<\/li>\n<\/ul>\n","protected":false},"excerpt":{"rendered":"<p>Experimente la rica historia de Egipto con una visita al Monasterio de San Antonio, el monasterio copto m\u00e1s antiguo del pa\u00eds. Nuestro equipo se encargar\u00e1 de todo, incluidos los traslados y el almuerzo, para que puedas concentrarte en sumergirte en la cultura y espiritualidad de este lugar sagrado. Despu\u00e9s de explorar St. Anthony, nos dirigiremos al igualmente fascinante Monasterio de St. Paul, conocido como el \u00abMonasterio del Tigre\u00bb por su ubicaci\u00f3n remota en el desierto. Ambos monasterios datan del siglo IV d. C. y son considerados lugares sagrados dentro de la Iglesia copta. Nuestro gu\u00eda de habla inglesa lo acompa\u00f1ar\u00e1 durante todo el recorrido, brind\u00e1ndole informaci\u00f3n y respondiendo cualquier pregunta que pueda tener. Entendemos la importancia de las experiencias religiosas y culturales, y nos sentimos honrados de ayudarlo a que esta visita sea memorable. Perm\u00edtanos cuidarlo de principio a fin y nos aseguraremos de que regrese a su hotel con una nueva apreciaci\u00f3n de la historia y la belleza de Egipto.<\/p>\n","protected":false},"featured_media":45981,"comment_status":"open","ping_status":"closed","template":"","meta":{"_coblocks_attr":"","_coblocks_dimensions":"","_coblocks_responsive_height":"","_coblocks_accordion_ie_support":"","_uag_custom_page_level_css":"","jetpack_post_was_ever_published":false,"jetpack_publicize_message":"","jetpack_publicize_feature_enabled":true,"jetpack_social_post_already_shared":true,"jetpack_social_options":{"image_generator_settings":{"template":"highway","default_image_id":0,"font":"","enabled":false},"version":2},"_wpas_customize_per_network":false},"product_brand":[],"product_cat":[1789,8568],"product_tag":[1797,2147,1808,9907],"class_list":{"0":"post-8817","1":"product","2":"type-product","3":"status-publish","4":"has-post-thumbnail","6":"product_cat-excursiones-historicas-hurghada","7":"product_cat-excursiones-individuales-hurghada","8":"product_tag-excursion-es","9":"product_tag-excursiones-desde-hurghada","10":"product_tag-hurghada-es","11":"product_tag-turismo","13":"first","14":"instock","15":"sale","16":"taxable","17":"shipping-taxable","18":"purchasable","19":"product-type-variable"},"yoast_head":"<!-- This site is optimized with the Yoast SEO Premium plugin v26.9 (Yoast SEO v27.3) - https:\/\/yoast.com\/product\/yoast-seo-premium-wordpress\/ -->\n<title>Viaje al monasterio de San Antonio desde Hurghada<\/title>\n<meta name=\"description\" content=\"Viaje al monasterio de San Antonio desde Hurghada Recomendamos el viaje por el hecho de que permite a los turistas ver los monumentos cristianos m\u00e1s\" \/>\n<meta name=\"robots\" content=\"index, follow, max-snippet:-1, max-image-preview:large, max-video-preview:-1\" \/>\n<link rel=\"canonical\" href=\"https:\/\/landioustravel.com\/es\/shop\/viaje-monasterio-antonio-hurghada\/\" \/>\n<meta property=\"og:locale\" content=\"es_ES\" \/>\n<meta property=\"og:type\" content=\"article\" \/>\n<meta property=\"og:title\" content=\"Viaje al monasterio de San Antonio desde Hurghada\" \/>\n<meta property=\"og:description\" content=\"Landious Travel\" \/>\n<meta property=\"og:url\" content=\"https:\/\/landioustravel.com\/es\/shop\/viaje-monasterio-antonio-hurghada\/\" \/>\n<meta property=\"og:site_name\" content=\"Landious Travel\" \/>\n<meta property=\"article:publisher\" content=\"https:\/\/web.facebook.com\/landiousEgypt\" \/>\n<meta property=\"article:modified_time\" content=\"2024-09-25T22:39:23+00:00\" \/>\n<meta property=\"og:image\" content=\"https:\/\/i0.wp.com\/landioustravel.com\/wp-content\/uploads\/2019\/06\/monastery_st_antony-1-e1617630564956.jpg?fit=1200%2C675&ssl=1\" \/>\n\t<meta property=\"og:image:width\" content=\"1200\" \/>\n\t<meta property=\"og:image:height\" content=\"675\" \/>\n\t<meta property=\"og:image:type\" content=\"image\/jpeg\" \/>\n<meta name=\"twitter:card\" content=\"summary_large_image\" \/>\n<meta name=\"twitter:site\" content=\"@LandiousTours\" \/>\n<meta name=\"twitter:label1\" content=\"Tiempo de lectura\" \/>\n\t<meta name=\"twitter:data1\" content=\"2 minutos\" \/>\n<script type=\"application\/ld+json\" class=\"yoast-schema-graph\">{\"@context\":\"https:\\\/\\\/schema.org\",\"@graph\":[{\"@type\":\"WebPage\",\"@id\":\"https:\\\/\\\/landioustravel.com\\\/es\\\/shop\\\/viaje-monasterio-antonio-hurghada\\\/\",\"url\":\"https:\\\/\\\/landioustravel.com\\\/es\\\/shop\\\/viaje-monasterio-antonio-hurghada\\\/\",\"name\":\"Viaje al monasterio de San Antonio desde Hurghada\",\"isPartOf\":{\"@id\":\"https:\\\/\\\/landioustravel.com\\\/es\\\/#website\"},\"primaryImageOfPage\":{\"@id\":\"https:\\\/\\\/landioustravel.com\\\/es\\\/shop\\\/viaje-monasterio-antonio-hurghada\\\/#primaryimage\"},\"image\":{\"@id\":\"https:\\\/\\\/landioustravel.com\\\/es\\\/shop\\\/viaje-monasterio-antonio-hurghada\\\/#primaryimage\"},\"thumbnailUrl\":\"https:\\\/\\\/i0.wp.com\\\/landioustravel.com\\\/wp-content\\\/uploads\\\/2019\\\/06\\\/monastery_st_antony-1-e1617630564956.jpg?fit=1200%2C675&ssl=1\",\"datePublished\":\"2019-06-12T13:41:44+00:00\",\"dateModified\":\"2024-09-25T22:39:23+00:00\",\"description\":\"Viaje al monasterio de San Antonio desde Hurghada Recomendamos el viaje por el hecho de que permite a los turistas ver los monumentos cristianos m\u00e1s\",\"breadcrumb\":{\"@id\":\"https:\\\/\\\/landioustravel.com\\\/es\\\/shop\\\/viaje-monasterio-antonio-hurghada\\\/#breadcrumb\"},\"inLanguage\":\"es\",\"potentialAction\":[{\"@type\":\"ReadAction\",\"target\":[\"https:\\\/\\\/landioustravel.com\\\/es\\\/shop\\\/viaje-monasterio-antonio-hurghada\\\/\"]}]},{\"@type\":\"ImageObject\",\"inLanguage\":\"es\",\"@id\":\"https:\\\/\\\/landioustravel.com\\\/es\\\/shop\\\/viaje-monasterio-antonio-hurghada\\\/#primaryimage\",\"url\":\"https:\\\/\\\/i0.wp.com\\\/landioustravel.com\\\/wp-content\\\/uploads\\\/2019\\\/06\\\/monastery_st_antony-1-e1617630564956.jpg?fit=1200%2C675&ssl=1\",\"contentUrl\":\"https:\\\/\\\/i0.wp.com\\\/landioustravel.com\\\/wp-content\\\/uploads\\\/2019\\\/06\\\/monastery_st_antony-1-e1617630564956.jpg?fit=1200%2C675&ssl=1\",\"width\":1200,\"height\":675,\"caption\":\"Monastery of Saint Anthony Trip Hurghada\"},{\"@type\":\"BreadcrumbList\",\"@id\":\"https:\\\/\\\/landioustravel.com\\\/es\\\/shop\\\/viaje-monasterio-antonio-hurghada\\\/#breadcrumb\",\"itemListElement\":[{\"@type\":\"ListItem\",\"position\":1,\"name\":\"Home\",\"item\":\"https:\\\/\\\/landioustravel.com\\\/es\\\/\"},{\"@type\":\"ListItem\",\"position\":2,\"name\":\"Servicios y Tours\",\"item\":\"https:\\\/\\\/landioustravel.com\\\/es\\\/\"},{\"@type\":\"ListItem\",\"position\":3,\"name\":\"Viaje al monasterio de San Antonio desde Hurghada\"}]},{\"@type\":\"WebSite\",\"@id\":\"https:\\\/\\\/landioustravel.com\\\/es\\\/#website\",\"url\":\"https:\\\/\\\/landioustravel.com\\\/es\\\/\",\"name\":\"Landious Travel\",\"description\":\"Tours and Excursions in Egypt\",\"publisher\":{\"@id\":\"https:\\\/\\\/landioustravel.com\\\/es\\\/#organization\"},\"potentialAction\":[{\"@type\":\"SearchAction\",\"target\":{\"@type\":\"EntryPoint\",\"urlTemplate\":\"https:\\\/\\\/landioustravel.com\\\/es\\\/?s={search_term_string}\"},\"query-input\":{\"@type\":\"PropertyValueSpecification\",\"valueRequired\":true,\"valueName\":\"search_term_string\"}}],\"inLanguage\":\"es\"},{\"@type\":[\"Organization\",\"Place\"],\"@id\":\"https:\\\/\\\/landioustravel.com\\\/es\\\/#organization\",\"name\":\"Landious Travel\",\"alternateName\":\"Landious Travel\",\"url\":\"https:\\\/\\\/landioustravel.com\\\/es\\\/\",\"logo\":{\"@id\":\"https:\\\/\\\/landioustravel.com\\\/es\\\/shop\\\/viaje-monasterio-antonio-hurghada\\\/#local-main-organization-logo\"},\"image\":{\"@id\":\"https:\\\/\\\/landioustravel.com\\\/es\\\/shop\\\/viaje-monasterio-antonio-hurghada\\\/#local-main-organization-logo\"},\"sameAs\":[\"https:\\\/\\\/web.facebook.com\\\/landiousEgypt\",\"https:\\\/\\\/x.com\\\/LandiousTours\",\"https:\\\/\\\/mastodon.social\\\/@landious\"],\"legalName\":\"Landious Travel\",\"telephone\":[],\"openingHoursSpecification\":[{\"@type\":\"OpeningHoursSpecification\",\"dayOfWeek\":[\"Monday\",\"Tuesday\",\"Wednesday\",\"Thursday\",\"Friday\",\"Saturday\",\"Sunday\"],\"opens\":\"09:00\",\"closes\":\"17:00\"}]},{\"@type\":\"ImageObject\",\"inLanguage\":\"es\",\"@id\":\"https:\\\/\\\/landioustravel.com\\\/es\\\/shop\\\/viaje-monasterio-antonio-hurghada\\\/#local-main-organization-logo\",\"url\":\"https:\\\/\\\/i0.wp.com\\\/landioustravel.com\\\/wp-content\\\/uploads\\\/2021\\\/06\\\/Landious-T.png?fit=500%2C500&ssl=1\",\"contentUrl\":\"https:\\\/\\\/i0.wp.com\\\/landioustravel.com\\\/wp-content\\\/uploads\\\/2021\\\/06\\\/Landious-T.png?fit=500%2C500&ssl=1\",\"width\":500,\"height\":500,\"caption\":\"Landious Travel\"}]}<\/script>\n<!-- \/ Yoast SEO Premium plugin. -->","yoast_head_json":{"title":"Viaje al monasterio de San Antonio desde Hurghada","description":"Viaje al monasterio de San Antonio desde Hurghada Recomendamos el viaje por el hecho de que permite a los turistas ver los monumentos cristianos m\u00e1s","robots":{"index":"index","follow":"follow","max-snippet":"max-snippet:-1","max-image-preview":"max-image-preview:large","max-video-preview":"max-video-preview:-1"},"canonical":"https:\/\/landioustravel.com\/es\/shop\/viaje-monasterio-antonio-hurghada\/","og_locale":"es_ES","og_type":"article","og_title":"Viaje al monasterio de San Antonio desde Hurghada","og_description":"Landious Travel","og_url":"https:\/\/landioustravel.com\/es\/shop\/viaje-monasterio-antonio-hurghada\/","og_site_name":"Landious Travel","article_publisher":"https:\/\/web.facebook.com\/landiousEgypt","article_modified_time":"2024-09-25T22:39:23+00:00","og_image":[{"width":1200,"height":675,"url":"https:\/\/i0.wp.com\/landioustravel.com\/wp-content\/uploads\/2019\/06\/monastery_st_antony-1-e1617630564956.jpg?fit=1200%2C675&ssl=1","type":"image\/jpeg"}],"twitter_card":"summary_large_image","twitter_site":"@LandiousTours","twitter_misc":{"Tiempo de lectura":"2 minutos"},"schema":{"@context":"https:\/\/schema.org","@graph":[{"@type":"WebPage","@id":"https:\/\/landioustravel.com\/es\/shop\/viaje-monasterio-antonio-hurghada\/","url":"https:\/\/landioustravel.com\/es\/shop\/viaje-monasterio-antonio-hurghada\/","name":"Viaje al monasterio de San Antonio desde Hurghada","isPartOf":{"@id":"https:\/\/landioustravel.com\/es\/#website"},"primaryImageOfPage":{"@id":"https:\/\/landioustravel.com\/es\/shop\/viaje-monasterio-antonio-hurghada\/#primaryimage"},"image":{"@id":"https:\/\/landioustravel.com\/es\/shop\/viaje-monasterio-antonio-hurghada\/#primaryimage"},"thumbnailUrl":"https:\/\/i0.wp.com\/landioustravel.com\/wp-content\/uploads\/2019\/06\/monastery_st_antony-1-e1617630564956.jpg?fit=1200%2C675&ssl=1","datePublished":"2019-06-12T13:41:44+00:00","dateModified":"2024-09-25T22:39:23+00:00","description":"Viaje al monasterio de San Antonio desde Hurghada Recomendamos el viaje por el hecho de que permite a los turistas ver los monumentos cristianos m\u00e1s","breadcrumb":{"@id":"https:\/\/landioustravel.com\/es\/shop\/viaje-monasterio-antonio-hurghada\/#breadcrumb"},"inLanguage":"es","potentialAction":[{"@type":"ReadAction","target":["https:\/\/landioustravel.com\/es\/shop\/viaje-monasterio-antonio-hurghada\/"]}]},{"@type":"ImageObject","inLanguage":"es","@id":"https:\/\/landioustravel.com\/es\/shop\/viaje-monasterio-antonio-hurghada\/#primaryimage","url":"https:\/\/i0.wp.com\/landioustravel.com\/wp-content\/uploads\/2019\/06\/monastery_st_antony-1-e1617630564956.jpg?fit=1200%2C675&ssl=1","contentUrl":"https:\/\/i0.wp.com\/landioustravel.com\/wp-content\/uploads\/2019\/06\/monastery_st_antony-1-e1617630564956.jpg?fit=1200%2C675&ssl=1","width":1200,"height":675,"caption":"Monastery of Saint Anthony Trip Hurghada"},{"@type":"BreadcrumbList","@id":"https:\/\/landioustravel.com\/es\/shop\/viaje-monasterio-antonio-hurghada\/#breadcrumb","itemListElement":[{"@type":"ListItem","position":1,"name":"Home","item":"https:\/\/landioustravel.com\/es\/"},{"@type":"ListItem","position":2,"name":"Servicios y Tours","item":"https:\/\/landioustravel.com\/es\/"},{"@type":"ListItem","position":3,"name":"Viaje al monasterio de San Antonio desde Hurghada"}]},{"@type":"WebSite","@id":"https:\/\/landioustravel.com\/es\/#website","url":"https:\/\/landioustravel.com\/es\/","name":"Landious Travel","description":"Tours and Excursions in Egypt","publisher":{"@id":"https:\/\/landioustravel.com\/es\/#organization"},"potentialAction":[{"@type":"SearchAction","target":{"@type":"EntryPoint","urlTemplate":"https:\/\/landioustravel.com\/es\/?s={search_term_string}"},"query-input":{"@type":"PropertyValueSpecification","valueRequired":true,"valueName":"search_term_string"}}],"inLanguage":"es"},{"@type":["Organization","Place"],"@id":"https:\/\/landioustravel.com\/es\/#organization","name":"Landious Travel","alternateName":"Landious Travel","url":"https:\/\/landioustravel.com\/es\/","logo":{"@id":"https:\/\/landioustravel.com\/es\/shop\/viaje-monasterio-antonio-hurghada\/#local-main-organization-logo"},"image":{"@id":"https:\/\/landioustravel.com\/es\/shop\/viaje-monasterio-antonio-hurghada\/#local-main-organization-logo"},"sameAs":["https:\/\/web.facebook.com\/landiousEgypt","https:\/\/x.com\/LandiousTours","https:\/\/mastodon.social\/@landious"],"legalName":"Landious Travel","telephone":[],"openingHoursSpecification":[{"@type":"OpeningHoursSpecification","dayOfWeek":["Monday","Tuesday","Wednesday","Thursday","Friday","Saturday","Sunday"],"opens":"09:00","closes":"17:00"}]},{"@type":"ImageObject","inLanguage":"es","@id":"https:\/\/landioustravel.com\/es\/shop\/viaje-monasterio-antonio-hurghada\/#local-main-organization-logo","url":"https:\/\/i0.wp.com\/landioustravel.com\/wp-content\/uploads\/2021\/06\/Landious-T.png?fit=500%2C500&ssl=1","contentUrl":"https:\/\/i0.wp.com\/landioustravel.com\/wp-content\/uploads\/2021\/06\/Landious-T.png?fit=500%2C500&ssl=1","width":500,"height":500,"caption":"Landious Travel"}]}},"jetpack_publicize_connections":[],"uagb_featured_image_src":{"full":["https:\/\/i0.wp.com\/landioustravel.com\/wp-content\/uploads\/2019\/06\/monastery_st_antony-1-e1617630564956.jpg?fit=1200%2C675&ssl=1",1200,675,false],"thumbnail":["https:\/\/i0.wp.com\/landioustravel.com\/wp-content\/uploads\/2019\/06\/monastery_st_antony-1-e1617630564956.jpg?resize=150%2C150&ssl=1",150,150,true],"medium":["https:\/\/i0.wp.com\/landioustravel.com\/wp-content\/uploads\/2019\/06\/monastery_st_antony-1-e1617630564956.jpg?fit=300%2C169&ssl=1",300,169,true],"medium_large":["https:\/\/i0.wp.com\/landioustravel.com\/wp-content\/uploads\/2019\/06\/monastery_st_antony-1-e1617630564956.jpg?fit=768%2C432&ssl=1",768,432,true],"large":["https:\/\/i0.wp.com\/landioustravel.com\/wp-content\/uploads\/2019\/06\/monastery_st_antony-1-e1617630564956.jpg?fit=980%2C551&ssl=1",980,551,true],"1536x1536":["https:\/\/i0.wp.com\/landioustravel.com\/wp-content\/uploads\/2019\/06\/monastery_st_antony-1-e1617630564956.jpg?fit=1536%2C864&ssl=1",1536,864,true],"2048x2048":["https:\/\/i0.wp.com\/landioustravel.com\/wp-content\/uploads\/2019\/06\/monastery_st_antony-1-e1617630564956.jpg?fit=1200%2C675&ssl=1",1200,675,true],"newspack-article-block-landscape-large":["https:\/\/i0.wp.com\/landioustravel.com\/wp-content\/uploads\/2019\/06\/monastery_st_antony-1-e1617630564956.jpg?resize=1200%2C675&ssl=1",1200,900,true],"newspack-article-block-portrait-large":["https:\/\/i0.wp.com\/landioustravel.com\/wp-content\/uploads\/2019\/06\/monastery_st_antony-1-e1617630564956.jpg?resize=900%2C675&ssl=1",900,1152,true],"newspack-article-block-square-large":["https:\/\/i0.wp.com\/landioustravel.com\/wp-content\/uploads\/2019\/06\/monastery_st_antony-1-e1617630564956.jpg?resize=1200%2C675&ssl=1",1200,1152,true],"newspack-article-block-landscape-medium":["https:\/\/i0.wp.com\/landioustravel.com\/wp-content\/uploads\/2019\/06\/monastery_st_antony-1-e1617630564956.jpg?resize=800%2C600&ssl=1",800,600,true],"newspack-article-block-portrait-medium":["https:\/\/i0.wp.com\/landioustravel.com\/wp-content\/uploads\/2019\/06\/monastery_st_antony-1-e1617630564956.jpg?resize=600%2C675&ssl=1",600,800,true],"newspack-article-block-square-medium":["https:\/\/i0.wp.com\/landioustravel.com\/wp-content\/uploads\/2019\/06\/monastery_st_antony-1-e1617630564956.jpg?resize=800%2C675&ssl=1",800,800,true],"newspack-article-block-landscape-intermediate":["https:\/\/i0.wp.com\/landioustravel.com\/wp-content\/uploads\/2019\/06\/monastery_st_antony-1-e1617630564956.jpg?resize=600%2C450&ssl=1",600,450,true],"newspack-article-block-portrait-intermediate":["https:\/\/i0.wp.com\/landioustravel.com\/wp-content\/uploads\/2019\/06\/monastery_st_antony-1-e1617630564956.jpg?resize=450%2C600&ssl=1",450,600,true],"newspack-article-block-square-intermediate":["https:\/\/i0.wp.com\/landioustravel.com\/wp-content\/uploads\/2019\/06\/monastery_st_antony-1-e1617630564956.jpg?resize=600%2C600&ssl=1",600,600,true],"newspack-article-block-landscape-small":["https:\/\/i0.wp.com\/landioustravel.com\/wp-content\/uploads\/2019\/06\/monastery_st_antony-1-e1617630564956.jpg?resize=400%2C300&ssl=1",400,300,true],"newspack-article-block-portrait-small":["https:\/\/i0.wp.com\/landioustravel.com\/wp-content\/uploads\/2019\/06\/monastery_st_antony-1-e1617630564956.jpg?resize=300%2C400&ssl=1",300,400,true],"newspack-article-block-square-small":["https:\/\/i0.wp.com\/landioustravel.com\/wp-content\/uploads\/2019\/06\/monastery_st_antony-1-e1617630564956.jpg?resize=400%2C400&ssl=1",400,400,true],"newspack-article-block-landscape-tiny":["https:\/\/i0.wp.com\/landioustravel.com\/wp-content\/uploads\/2019\/06\/monastery_st_antony-1-e1617630564956.jpg?resize=200%2C150&ssl=1",200,150,true],"newspack-article-block-portrait-tiny":["https:\/\/i0.wp.com\/landioustravel.com\/wp-content\/uploads\/2019\/06\/monastery_st_antony-1-e1617630564956.jpg?resize=150%2C200&ssl=1",150,200,true],"newspack-article-block-square-tiny":["https:\/\/i0.wp.com\/landioustravel.com\/wp-content\/uploads\/2019\/06\/monastery_st_antony-1-e1617630564956.jpg?resize=200%2C200&ssl=1",200,200,true],"newspack-article-block-uncropped":["https:\/\/i0.wp.com\/landioustravel.com\/wp-content\/uploads\/2019\/06\/monastery_st_antony-1-e1617630564956.jpg?fit=1200%2C675&ssl=1",1200,675,true],"woocommerce_thumbnail":["https:\/\/i0.wp.com\/landioustravel.com\/wp-content\/uploads\/2019\/06\/monastery_st_antony-1-e1617630564956.jpg?resize=324%2C324&ssl=1",324,324,true],"woocommerce_single":["https:\/\/i0.wp.com\/landioustravel.com\/wp-content\/uploads\/2019\/06\/monastery_st_antony-1-e1617630564956.jpg?fit=416%2C234&ssl=1",416,234,true],"woocommerce_gallery_thumbnail":["https:\/\/i0.wp.com\/landioustravel.com\/wp-content\/uploads\/2019\/06\/monastery_st_antony-1-e1617630564956.jpg?resize=100%2C100&ssl=1",100,100,true]},"uagb_author_info":{"display_name":"Mofreh Landious","author_link":"https:\/\/landioustravel.com\/es\/author\/"},"uagb_comment_info":4,"uagb_excerpt":"Experimente la rica historia de Egipto con una visita al Monasterio de San Antonio, el monasterio copto m\u00e1s antiguo del pa\u00eds. Nuestro equipo se encargar\u00e1 de todo, incluidos los traslados y el almuerzo, para que puedas concentrarte en sumergirte en la cultura y espiritualidad de este lugar sagrado. Despu\u00e9s de explorar St. Anthony, nos dirigiremos&hellip;","jetpack_sharing_enabled":true,"jetpack_likes_enabled":true,"amp_enabled":true,"_links":{"self":[{"href":"https:\/\/landioustravel.com\/es\/wp-json\/wp\/v2\/product\/8817","targetHints":{"allow":["GET"]}}],"collection":[{"href":"https:\/\/landioustravel.com\/es\/wp-json\/wp\/v2\/product"}],"about":[{"href":"https:\/\/landioustravel.com\/es\/wp-json\/wp\/v2\/types\/product"}],"replies":[{"embeddable":true,"href":"https:\/\/landioustravel.com\/es\/wp-json\/wp\/v2\/comments?post=8817"}],"wp:featuredmedia":[{"embeddable":true,"href":"https:\/\/landioustravel.com\/es\/wp-json\/wp\/v2\/media\/45981"}],"wp:attachment":[{"href":"https:\/\/landioustravel.com\/es\/wp-json\/wp\/v2\/media?parent=8817"}],"wp:term":[{"taxonomy":"product_brand","embeddable":true,"href":"https:\/\/landioustravel.com\/es\/wp-json\/wp\/v2\/product_brand?post=8817"},{"taxonomy":"product_cat","embeddable":true,"href":"https:\/\/landioustravel.com\/es\/wp-json\/wp\/v2\/product_cat?post=8817"},{"taxonomy":"product_tag","embeddable":true,"href":"https:\/\/landioustravel.com\/es\/wp-json\/wp\/v2\/product_tag?post=8817"}],"curies":[{"name":"wp","href":"https:\/\/api.w.org\/{rel}","templated":true}]}}