{"id":8964,"date":"2019-06-13T03:50:22","date_gmt":"2019-06-13T16:23:49","guid":{"rendered":"https:\/\/landioustravel.com\/?post_type=product&#038;p=8964"},"modified":"2026-01-28T19:14:16","modified_gmt":"2026-01-28T17:14:16","slug":"viaje-individual-minya-hurghada","status":"publish","type":"product","link":"https:\/\/landioustravel.com\/es\/shop\/viaje-individual-minya-hurghada\/","title":{"rendered":"Viaje individual a El-Minya desde Hurghada"},"content":{"rendered":"<p>\u00a1Un viaje individual informativo a El-Minya desde <a href=\"https:\/\/landioustravel.com\/es\/ciudad-hurghada\/\">Hurghada<\/a>! Recomendamos el viaje porque permite a los turistas ver una gran cantidad de atracciones del <a href=\"https:\/\/landioustravel.com\/es\/egipto\/historia-egipto\/historia-egipcia-antigua\/\">antiguo Egipto<\/a>. Adem\u00e1s, \u00a1te permite conocer mucho sobre la historia del antiguo <a href=\"https:\/\/landioustravel.com\/es\/egipto\/\">Egipto<\/a>!<\/p>\n<h2>Los puntos principales del programa individual a El-Minya.<\/h2>\n<ul>\n<li>At\u00fan El-Gabel<\/li>\n<li>Dile a Al Amarna<\/li>\n<li>Almuerzo<\/li>\n<li>Y, las tumbas de Beni Hassan.<\/li>\n<\/ul>\n<h3>El programa de viaje en El-Minya desde Hurghada.<\/h3>\n<ul>\n<li>Te recogemos en el hotel alrededor de las 04:00 de la ma\u00f1ana.<\/li>\n<li>Despu\u00e9s de recogerlo, el autob\u00fas (limusina o minib\u00fas) sale hacia El-Minya pasando por las ciudades de Ras Shukeir y Ras Ghareb. Estas ciudades est\u00e1n al norte de Hurghada, en la costa del Mar Rojo. El camino, desde el centro de Hurghada hasta El-Minya, toma aproximadamente 5 horas.<\/li>\n<li>Tan pronto como llegas a El Minya, te mostramos a Beni Hassan, que es el sitio de casi 40 tumbas de la dinast\u00eda 11 y 12. Estas tumbas son: la tumba de Baqet, gobernador y soldado, la segunda para su hijo _ Khety, la tercera para Amenmhet y la cuarta para Khunumhotep, el sucesor del rey Amenemhat.<\/li>\n<li>La pr\u00f3xima parada ser\u00e1 en el restaurante. All\u00ed podr\u00e1s disfrutar de un delicioso almuerzo.<\/li>\n<li>Luego, contin\u00faa el viaje individual en el \u00e1rea de Tuna El Gabel, que era el centro cultural donde los peregrinos rend\u00edan homenaje a Dios Thot.<\/li>\n<li>Despu\u00e9s de eso, ser\u00e1s trasladado a Tell Al Amarna, donde el rey Ikhnaton y su esposa la reina Nefertiti fundaron esta ciudad como dedicaci\u00f3n al culto del nuevo dios At\u00f3n.<\/li>\n<li>Nuestro autob\u00fas sale de regreso a Hurghada, luego de un programa de este tipo en la maravillosa ciudad de El Minya.<\/li>\n<li>Este \u00abViaje individual a El-Minya desde Hurghada\u00bb termina aproximadamente a las 20:00<\/li>\n<\/ul>\n<h4>Lo que est\u00e1 incluido en el precio del viaje<\/h4>\n<ul>\n<li>Entradas para visitar templos en El-Minya.<\/li>\n<li>Almuerzo<\/li>\n<li>Las bebidas<\/li>\n<li>Gu\u00eda privado<\/li>\n<li>Y, veh\u00edculo privado a El-Minya, y regreso al hotel.<\/li>\n<\/ul>\n<h5>Lo que no est\u00e1 incluido en el precio del viaje.<\/h5>\n<ul>\n<li>Programas de excursiones adicionales si no est\u00e1n incluidos en el programa mencionado anteriormente.<\/li>\n<\/ul>\n<h6>Que llevar contigo para el tour.<\/h6>\n<ul>\n<li>Caja de desayuno<\/li>\n<li>Ropa para la temporada.<\/li>\n<\/ul>\n<h6>D\u00cdAS DE LA ORGANIZACI\u00d3N DE EXCURSIONES<\/h6>\n<ul>\n<li>Diariamente de 04: 00-20: 00.<\/li>\n<\/ul>\n","protected":false},"excerpt":{"rendered":"<p>Si est\u00e1 buscando una aventura \u00fanica fuera de lo com\u00fan, considere una excursi\u00f3n de un d\u00eda a El Minya desde El Cairo. Nuestro gu\u00eda profesional estar\u00e1 con usted en cada paso del camino para garantizar que tenga un viaje seguro y agradable. Durante su viaje, tendr\u00e1 la oportunidad de visitar varios sitios hist\u00f3ricos, incluidos Tuna El Gabal, El Ashmunein, Beni Hassan y Tell el-Amarna. Su gu\u00eda y conductor privados lo recoger\u00e1n de su hotel en El Cairo o Giza, y disfrutar\u00e1 de un viaje c\u00f3modo a sus destinos. Entendemos que viajar puede ser agotador, por lo que nos aseguraremos de que tenga la oportunidad de descansar y disfrutar de un sabroso almuerzo en un restaurante local. No pierdas la oportunidad de experimentar la rica historia y cultura de el Minya en este tour inolvidable.<\/p>\n","protected":false},"featured_media":8875,"comment_status":"open","ping_status":"closed","template":"","meta":{"_coblocks_attr":"","_coblocks_dimensions":"","_coblocks_responsive_height":"","_coblocks_accordion_ie_support":"","_uag_custom_page_level_css":"","jetpack_post_was_ever_published":false,"jetpack_publicize_message":"","jetpack_publicize_feature_enabled":true,"jetpack_social_post_already_shared":true,"jetpack_social_options":{"image_generator_settings":{"template":"highway","default_image_id":0,"font":"","enabled":false},"version":2},"_wpas_customize_per_network":false},"product_brand":[],"product_cat":[1789,8568],"product_tag":[1797,2147,9907],"class_list":{"0":"post-8964","1":"product","2":"type-product","3":"status-publish","4":"has-post-thumbnail","6":"product_cat-excursiones-historicas-hurghada","7":"product_cat-excursiones-individuales-hurghada","8":"product_tag-excursion-es","9":"product_tag-excursiones-desde-hurghada","10":"product_tag-turismo","12":"first","13":"instock","14":"sale","15":"taxable","16":"shipping-taxable","17":"purchasable","18":"product-type-variable"},"yoast_head":"<!-- This site is optimized with the Yoast SEO Premium plugin v26.9 (Yoast SEO v27.3) - https:\/\/yoast.com\/product\/yoast-seo-premium-wordpress\/ -->\n<title>Viaje individual a El-Minya desde Hurghada<\/title>\n<meta name=\"description\" content=\"Viaje individual a El-Minya desde Hurghada Recomendamos el viaje porque permite a los turistas ver una gran cantidad de atracciones del antiguo Egipto\" \/>\n<meta name=\"robots\" content=\"index, follow, max-snippet:-1, max-image-preview:large, max-video-preview:-1\" \/>\n<link rel=\"canonical\" href=\"https:\/\/landioustravel.com\/es\/shop\/viaje-individual-minya-hurghada\/\" \/>\n<meta property=\"og:locale\" content=\"es_ES\" \/>\n<meta property=\"og:type\" content=\"article\" \/>\n<meta property=\"og:title\" content=\"Viaje individual a El-Minya desde Hurghada\" \/>\n<meta property=\"og:description\" content=\"Landious Travel\" \/>\n<meta property=\"og:url\" content=\"https:\/\/landioustravel.com\/es\/shop\/viaje-individual-minya-hurghada\/\" \/>\n<meta property=\"og:site_name\" content=\"Landious Travel\" \/>\n<meta property=\"article:publisher\" content=\"https:\/\/web.facebook.com\/landiousEgypt\" \/>\n<meta property=\"article:modified_time\" content=\"2026-01-28T17:14:16+00:00\" \/>\n<meta property=\"og:image\" content=\"https:\/\/i0.wp.com\/landioustravel.com\/wp-content\/uploads\/2019\/06\/trip_el_minya_from_hurghada.jpg?fit=1155%2C650&ssl=1\" \/>\n\t<meta property=\"og:image:width\" content=\"1155\" \/>\n\t<meta property=\"og:image:height\" content=\"650\" \/>\n\t<meta property=\"og:image:type\" content=\"image\/jpeg\" \/>\n<meta name=\"twitter:card\" content=\"summary_large_image\" \/>\n<meta name=\"twitter:site\" content=\"@LandiousTours\" \/>\n<meta name=\"twitter:label1\" content=\"Tiempo de lectura\" \/>\n\t<meta name=\"twitter:data1\" content=\"2 minutos\" \/>\n<script type=\"application\/ld+json\" class=\"yoast-schema-graph\">{\"@context\":\"https:\\\/\\\/schema.org\",\"@graph\":[{\"@type\":\"WebPage\",\"@id\":\"https:\\\/\\\/landioustravel.com\\\/es\\\/shop\\\/viaje-individual-minya-hurghada\\\/\",\"url\":\"https:\\\/\\\/landioustravel.com\\\/es\\\/shop\\\/viaje-individual-minya-hurghada\\\/\",\"name\":\"Viaje individual a El-Minya desde Hurghada\",\"isPartOf\":{\"@id\":\"https:\\\/\\\/landioustravel.com\\\/es\\\/#website\"},\"primaryImageOfPage\":{\"@id\":\"https:\\\/\\\/landioustravel.com\\\/es\\\/shop\\\/viaje-individual-minya-hurghada\\\/#primaryimage\"},\"image\":{\"@id\":\"https:\\\/\\\/landioustravel.com\\\/es\\\/shop\\\/viaje-individual-minya-hurghada\\\/#primaryimage\"},\"thumbnailUrl\":\"https:\\\/\\\/i0.wp.com\\\/landioustravel.com\\\/wp-content\\\/uploads\\\/2019\\\/06\\\/trip_el_minya_from_hurghada.jpg?fit=1155%2C650&ssl=1\",\"datePublished\":\"2019-06-13T16:23:49+00:00\",\"dateModified\":\"2026-01-28T17:14:16+00:00\",\"description\":\"Viaje individual a El-Minya desde Hurghada Recomendamos el viaje porque permite a los turistas ver una gran cantidad de atracciones del antiguo Egipto\",\"breadcrumb\":{\"@id\":\"https:\\\/\\\/landioustravel.com\\\/es\\\/shop\\\/viaje-individual-minya-hurghada\\\/#breadcrumb\"},\"inLanguage\":\"es\",\"potentialAction\":[{\"@type\":\"ReadAction\",\"target\":[\"https:\\\/\\\/landioustravel.com\\\/es\\\/shop\\\/viaje-individual-minya-hurghada\\\/\"]}]},{\"@type\":\"ImageObject\",\"inLanguage\":\"es\",\"@id\":\"https:\\\/\\\/landioustravel.com\\\/es\\\/shop\\\/viaje-individual-minya-hurghada\\\/#primaryimage\",\"url\":\"https:\\\/\\\/i0.wp.com\\\/landioustravel.com\\\/wp-content\\\/uploads\\\/2019\\\/06\\\/trip_el_minya_from_hurghada.jpg?fit=1155%2C650&ssl=1\",\"contentUrl\":\"https:\\\/\\\/i0.wp.com\\\/landioustravel.com\\\/wp-content\\\/uploads\\\/2019\\\/06\\\/trip_el_minya_from_hurghada.jpg?fit=1155%2C650&ssl=1\",\"width\":1155,\"height\":650,\"caption\":\"Individual Trip to El Minya from Hurghada\"},{\"@type\":\"BreadcrumbList\",\"@id\":\"https:\\\/\\\/landioustravel.com\\\/es\\\/shop\\\/viaje-individual-minya-hurghada\\\/#breadcrumb\",\"itemListElement\":[{\"@type\":\"ListItem\",\"position\":1,\"name\":\"Home\",\"item\":\"https:\\\/\\\/landioustravel.com\\\/es\\\/\"},{\"@type\":\"ListItem\",\"position\":2,\"name\":\"Servicios y Tours\",\"item\":\"https:\\\/\\\/landioustravel.com\\\/es\\\/\"},{\"@type\":\"ListItem\",\"position\":3,\"name\":\"Viaje individual a El-Minya desde Hurghada\"}]},{\"@type\":\"WebSite\",\"@id\":\"https:\\\/\\\/landioustravel.com\\\/es\\\/#website\",\"url\":\"https:\\\/\\\/landioustravel.com\\\/es\\\/\",\"name\":\"Landious Travel\",\"description\":\"Tours and Excursions in Egypt\",\"publisher\":{\"@id\":\"https:\\\/\\\/landioustravel.com\\\/es\\\/#organization\"},\"potentialAction\":[{\"@type\":\"SearchAction\",\"target\":{\"@type\":\"EntryPoint\",\"urlTemplate\":\"https:\\\/\\\/landioustravel.com\\\/es\\\/?s={search_term_string}\"},\"query-input\":{\"@type\":\"PropertyValueSpecification\",\"valueRequired\":true,\"valueName\":\"search_term_string\"}}],\"inLanguage\":\"es\"},{\"@type\":[\"Organization\",\"Place\"],\"@id\":\"https:\\\/\\\/landioustravel.com\\\/es\\\/#organization\",\"name\":\"Landious Travel\",\"alternateName\":\"Landious Travel\",\"url\":\"https:\\\/\\\/landioustravel.com\\\/es\\\/\",\"logo\":{\"@id\":\"https:\\\/\\\/landioustravel.com\\\/es\\\/shop\\\/viaje-individual-minya-hurghada\\\/#local-main-organization-logo\"},\"image\":{\"@id\":\"https:\\\/\\\/landioustravel.com\\\/es\\\/shop\\\/viaje-individual-minya-hurghada\\\/#local-main-organization-logo\"},\"sameAs\":[\"https:\\\/\\\/web.facebook.com\\\/landiousEgypt\",\"https:\\\/\\\/x.com\\\/LandiousTours\",\"https:\\\/\\\/mastodon.social\\\/@landious\"],\"legalName\":\"Landious Travel\",\"telephone\":[],\"openingHoursSpecification\":[{\"@type\":\"OpeningHoursSpecification\",\"dayOfWeek\":[\"Monday\",\"Tuesday\",\"Wednesday\",\"Thursday\",\"Friday\",\"Saturday\",\"Sunday\"],\"opens\":\"09:00\",\"closes\":\"17:00\"}]},{\"@type\":\"ImageObject\",\"inLanguage\":\"es\",\"@id\":\"https:\\\/\\\/landioustravel.com\\\/es\\\/shop\\\/viaje-individual-minya-hurghada\\\/#local-main-organization-logo\",\"url\":\"https:\\\/\\\/i0.wp.com\\\/landioustravel.com\\\/wp-content\\\/uploads\\\/2021\\\/06\\\/Landious-T.png?fit=500%2C500&ssl=1\",\"contentUrl\":\"https:\\\/\\\/i0.wp.com\\\/landioustravel.com\\\/wp-content\\\/uploads\\\/2021\\\/06\\\/Landious-T.png?fit=500%2C500&ssl=1\",\"width\":500,\"height\":500,\"caption\":\"Landious Travel\"}]}<\/script>\n<!-- \/ Yoast SEO Premium plugin. -->","yoast_head_json":{"title":"Viaje individual a El-Minya desde Hurghada","description":"Viaje individual a El-Minya desde Hurghada Recomendamos el viaje porque permite a los turistas ver una gran cantidad de atracciones del antiguo Egipto","robots":{"index":"index","follow":"follow","max-snippet":"max-snippet:-1","max-image-preview":"max-image-preview:large","max-video-preview":"max-video-preview:-1"},"canonical":"https:\/\/landioustravel.com\/es\/shop\/viaje-individual-minya-hurghada\/","og_locale":"es_ES","og_type":"article","og_title":"Viaje individual a El-Minya desde Hurghada","og_description":"Landious Travel","og_url":"https:\/\/landioustravel.com\/es\/shop\/viaje-individual-minya-hurghada\/","og_site_name":"Landious Travel","article_publisher":"https:\/\/web.facebook.com\/landiousEgypt","article_modified_time":"2026-01-28T17:14:16+00:00","og_image":[{"width":1155,"height":650,"url":"https:\/\/i0.wp.com\/landioustravel.com\/wp-content\/uploads\/2019\/06\/trip_el_minya_from_hurghada.jpg?fit=1155%2C650&ssl=1","type":"image\/jpeg"}],"twitter_card":"summary_large_image","twitter_site":"@LandiousTours","twitter_misc":{"Tiempo de lectura":"2 minutos"},"schema":{"@context":"https:\/\/schema.org","@graph":[{"@type":"WebPage","@id":"https:\/\/landioustravel.com\/es\/shop\/viaje-individual-minya-hurghada\/","url":"https:\/\/landioustravel.com\/es\/shop\/viaje-individual-minya-hurghada\/","name":"Viaje individual a El-Minya desde Hurghada","isPartOf":{"@id":"https:\/\/landioustravel.com\/es\/#website"},"primaryImageOfPage":{"@id":"https:\/\/landioustravel.com\/es\/shop\/viaje-individual-minya-hurghada\/#primaryimage"},"image":{"@id":"https:\/\/landioustravel.com\/es\/shop\/viaje-individual-minya-hurghada\/#primaryimage"},"thumbnailUrl":"https:\/\/i0.wp.com\/landioustravel.com\/wp-content\/uploads\/2019\/06\/trip_el_minya_from_hurghada.jpg?fit=1155%2C650&ssl=1","datePublished":"2019-06-13T16:23:49+00:00","dateModified":"2026-01-28T17:14:16+00:00","description":"Viaje individual a El-Minya desde Hurghada Recomendamos el viaje porque permite a los turistas ver una gran cantidad de atracciones del antiguo Egipto","breadcrumb":{"@id":"https:\/\/landioustravel.com\/es\/shop\/viaje-individual-minya-hurghada\/#breadcrumb"},"inLanguage":"es","potentialAction":[{"@type":"ReadAction","target":["https:\/\/landioustravel.com\/es\/shop\/viaje-individual-minya-hurghada\/"]}]},{"@type":"ImageObject","inLanguage":"es","@id":"https:\/\/landioustravel.com\/es\/shop\/viaje-individual-minya-hurghada\/#primaryimage","url":"https:\/\/i0.wp.com\/landioustravel.com\/wp-content\/uploads\/2019\/06\/trip_el_minya_from_hurghada.jpg?fit=1155%2C650&ssl=1","contentUrl":"https:\/\/i0.wp.com\/landioustravel.com\/wp-content\/uploads\/2019\/06\/trip_el_minya_from_hurghada.jpg?fit=1155%2C650&ssl=1","width":1155,"height":650,"caption":"Individual Trip to El Minya from Hurghada"},{"@type":"BreadcrumbList","@id":"https:\/\/landioustravel.com\/es\/shop\/viaje-individual-minya-hurghada\/#breadcrumb","itemListElement":[{"@type":"ListItem","position":1,"name":"Home","item":"https:\/\/landioustravel.com\/es\/"},{"@type":"ListItem","position":2,"name":"Servicios y Tours","item":"https:\/\/landioustravel.com\/es\/"},{"@type":"ListItem","position":3,"name":"Viaje individual a El-Minya desde Hurghada"}]},{"@type":"WebSite","@id":"https:\/\/landioustravel.com\/es\/#website","url":"https:\/\/landioustravel.com\/es\/","name":"Landious Travel","description":"Tours and Excursions in Egypt","publisher":{"@id":"https:\/\/landioustravel.com\/es\/#organization"},"potentialAction":[{"@type":"SearchAction","target":{"@type":"EntryPoint","urlTemplate":"https:\/\/landioustravel.com\/es\/?s={search_term_string}"},"query-input":{"@type":"PropertyValueSpecification","valueRequired":true,"valueName":"search_term_string"}}],"inLanguage":"es"},{"@type":["Organization","Place"],"@id":"https:\/\/landioustravel.com\/es\/#organization","name":"Landious Travel","alternateName":"Landious Travel","url":"https:\/\/landioustravel.com\/es\/","logo":{"@id":"https:\/\/landioustravel.com\/es\/shop\/viaje-individual-minya-hurghada\/#local-main-organization-logo"},"image":{"@id":"https:\/\/landioustravel.com\/es\/shop\/viaje-individual-minya-hurghada\/#local-main-organization-logo"},"sameAs":["https:\/\/web.facebook.com\/landiousEgypt","https:\/\/x.com\/LandiousTours","https:\/\/mastodon.social\/@landious"],"legalName":"Landious Travel","telephone":[],"openingHoursSpecification":[{"@type":"OpeningHoursSpecification","dayOfWeek":["Monday","Tuesday","Wednesday","Thursday","Friday","Saturday","Sunday"],"opens":"09:00","closes":"17:00"}]},{"@type":"ImageObject","inLanguage":"es","@id":"https:\/\/landioustravel.com\/es\/shop\/viaje-individual-minya-hurghada\/#local-main-organization-logo","url":"https:\/\/i0.wp.com\/landioustravel.com\/wp-content\/uploads\/2021\/06\/Landious-T.png?fit=500%2C500&ssl=1","contentUrl":"https:\/\/i0.wp.com\/landioustravel.com\/wp-content\/uploads\/2021\/06\/Landious-T.png?fit=500%2C500&ssl=1","width":500,"height":500,"caption":"Landious Travel"}]}},"jetpack_publicize_connections":[],"uagb_featured_image_src":{"full":["https:\/\/i0.wp.com\/landioustravel.com\/wp-content\/uploads\/2019\/06\/trip_el_minya_from_hurghada.jpg?fit=1155%2C650&ssl=1",1155,650,false],"thumbnail":["https:\/\/i0.wp.com\/landioustravel.com\/wp-content\/uploads\/2019\/06\/trip_el_minya_from_hurghada.jpg?resize=150%2C150&ssl=1",150,150,true],"medium":["https:\/\/i0.wp.com\/landioustravel.com\/wp-content\/uploads\/2019\/06\/trip_el_minya_from_hurghada.jpg?fit=300%2C169&ssl=1",300,169,true],"medium_large":["https:\/\/i0.wp.com\/landioustravel.com\/wp-content\/uploads\/2019\/06\/trip_el_minya_from_hurghada.jpg?fit=768%2C432&ssl=1",768,432,true],"large":["https:\/\/i0.wp.com\/landioustravel.com\/wp-content\/uploads\/2019\/06\/trip_el_minya_from_hurghada.jpg?fit=980%2C551&ssl=1",980,551,true],"1536x1536":["https:\/\/i0.wp.com\/landioustravel.com\/wp-content\/uploads\/2019\/06\/trip_el_minya_from_hurghada.jpg?fit=1155%2C650&ssl=1",1155,650,true],"2048x2048":["https:\/\/i0.wp.com\/landioustravel.com\/wp-content\/uploads\/2019\/06\/trip_el_minya_from_hurghada.jpg?fit=1155%2C650&ssl=1",1155,650,true],"newspack-article-block-landscape-large":["https:\/\/i0.wp.com\/landioustravel.com\/wp-content\/uploads\/2019\/06\/trip_el_minya_from_hurghada.jpg?resize=1155%2C650&ssl=1",1155,650,true],"newspack-article-block-portrait-large":["https:\/\/i0.wp.com\/landioustravel.com\/wp-content\/uploads\/2019\/06\/trip_el_minya_from_hurghada.jpg?resize=900%2C650&ssl=1",900,650,true],"newspack-article-block-square-large":["https:\/\/i0.wp.com\/landioustravel.com\/wp-content\/uploads\/2019\/06\/trip_el_minya_from_hurghada.jpg?resize=1155%2C650&ssl=1",1155,650,true],"newspack-article-block-landscape-medium":["https:\/\/i0.wp.com\/landioustravel.com\/wp-content\/uploads\/2019\/06\/trip_el_minya_from_hurghada.jpg?resize=800%2C600&ssl=1",800,600,true],"newspack-article-block-portrait-medium":["https:\/\/i0.wp.com\/landioustravel.com\/wp-content\/uploads\/2019\/06\/trip_el_minya_from_hurghada.jpg?resize=600%2C650&ssl=1",600,650,true],"newspack-article-block-square-medium":["https:\/\/i0.wp.com\/landioustravel.com\/wp-content\/uploads\/2019\/06\/trip_el_minya_from_hurghada.jpg?resize=800%2C650&ssl=1",800,650,true],"newspack-article-block-landscape-intermediate":["https:\/\/i0.wp.com\/landioustravel.com\/wp-content\/uploads\/2019\/06\/trip_el_minya_from_hurghada.jpg?resize=600%2C450&ssl=1",600,450,true],"newspack-article-block-portrait-intermediate":["https:\/\/i0.wp.com\/landioustravel.com\/wp-content\/uploads\/2019\/06\/trip_el_minya_from_hurghada.jpg?resize=450%2C600&ssl=1",450,600,true],"newspack-article-block-square-intermediate":["https:\/\/i0.wp.com\/landioustravel.com\/wp-content\/uploads\/2019\/06\/trip_el_minya_from_hurghada.jpg?resize=600%2C600&ssl=1",600,600,true],"newspack-article-block-landscape-small":["https:\/\/i0.wp.com\/landioustravel.com\/wp-content\/uploads\/2019\/06\/trip_el_minya_from_hurghada.jpg?resize=400%2C300&ssl=1",400,300,true],"newspack-article-block-portrait-small":["https:\/\/i0.wp.com\/landioustravel.com\/wp-content\/uploads\/2019\/06\/trip_el_minya_from_hurghada.jpg?resize=300%2C400&ssl=1",300,400,true],"newspack-article-block-square-small":["https:\/\/i0.wp.com\/landioustravel.com\/wp-content\/uploads\/2019\/06\/trip_el_minya_from_hurghada.jpg?resize=400%2C400&ssl=1",400,400,true],"newspack-article-block-landscape-tiny":["https:\/\/i0.wp.com\/landioustravel.com\/wp-content\/uploads\/2019\/06\/trip_el_minya_from_hurghada.jpg?resize=200%2C150&ssl=1",200,150,true],"newspack-article-block-portrait-tiny":["https:\/\/i0.wp.com\/landioustravel.com\/wp-content\/uploads\/2019\/06\/trip_el_minya_from_hurghada.jpg?resize=150%2C200&ssl=1",150,200,true],"newspack-article-block-square-tiny":["https:\/\/i0.wp.com\/landioustravel.com\/wp-content\/uploads\/2019\/06\/trip_el_minya_from_hurghada.jpg?resize=200%2C200&ssl=1",200,200,true],"newspack-article-block-uncropped":["https:\/\/i0.wp.com\/landioustravel.com\/wp-content\/uploads\/2019\/06\/trip_el_minya_from_hurghada.jpg?fit=1155%2C650&ssl=1",1155,650,true],"woocommerce_thumbnail":["https:\/\/i0.wp.com\/landioustravel.com\/wp-content\/uploads\/2019\/06\/trip_el_minya_from_hurghada.jpg?resize=324%2C324&ssl=1",324,324,true],"woocommerce_single":["https:\/\/i0.wp.com\/landioustravel.com\/wp-content\/uploads\/2019\/06\/trip_el_minya_from_hurghada.jpg?fit=416%2C234&ssl=1",416,234,true],"woocommerce_gallery_thumbnail":["https:\/\/i0.wp.com\/landioustravel.com\/wp-content\/uploads\/2019\/06\/trip_el_minya_from_hurghada.jpg?resize=100%2C100&ssl=1",100,100,true]},"uagb_author_info":{"display_name":"Mofreh Landious","author_link":"https:\/\/landioustravel.com\/es\/author\/"},"uagb_comment_info":2,"uagb_excerpt":"Si est\u00e1 buscando una aventura \u00fanica fuera de lo com\u00fan, considere una excursi\u00f3n de un d\u00eda a El Minya desde El Cairo. Nuestro gu\u00eda profesional estar\u00e1 con usted en cada paso del camino para garantizar que tenga un viaje seguro y agradable. Durante su viaje, tendr\u00e1 la oportunidad de visitar varios sitios hist\u00f3ricos, incluidos Tuna&hellip;","jetpack_sharing_enabled":true,"jetpack_likes_enabled":true,"amp_enabled":true,"_links":{"self":[{"href":"https:\/\/landioustravel.com\/es\/wp-json\/wp\/v2\/product\/8964","targetHints":{"allow":["GET"]}}],"collection":[{"href":"https:\/\/landioustravel.com\/es\/wp-json\/wp\/v2\/product"}],"about":[{"href":"https:\/\/landioustravel.com\/es\/wp-json\/wp\/v2\/types\/product"}],"replies":[{"embeddable":true,"href":"https:\/\/landioustravel.com\/es\/wp-json\/wp\/v2\/comments?post=8964"}],"wp:featuredmedia":[{"embeddable":true,"href":"https:\/\/landioustravel.com\/es\/wp-json\/wp\/v2\/media\/8875"}],"wp:attachment":[{"href":"https:\/\/landioustravel.com\/es\/wp-json\/wp\/v2\/media?parent=8964"}],"wp:term":[{"taxonomy":"product_brand","embeddable":true,"href":"https:\/\/landioustravel.com\/es\/wp-json\/wp\/v2\/product_brand?post=8964"},{"taxonomy":"product_cat","embeddable":true,"href":"https:\/\/landioustravel.com\/es\/wp-json\/wp\/v2\/product_cat?post=8964"},{"taxonomy":"product_tag","embeddable":true,"href":"https:\/\/landioustravel.com\/es\/wp-json\/wp\/v2\/product_tag?post=8964"}],"curies":[{"name":"wp","href":"https:\/\/api.w.org\/{rel}","templated":true}]}}