{"id":135712,"date":"2023-02-10T04:47:59","date_gmt":"2023-02-10T02:47:59","guid":{"rendered":"https:\/\/landioustravel.com\/?page_id=135712"},"modified":"2023-02-10T04:48:01","modified_gmt":"2023-02-10T02:48:01","slug":"meie-kohta","status":"publish","type":"page","link":"https:\/\/landioustravel.com\/et\/meie-kohta\/","title":{"rendered":"Meie kohta"},"content":{"rendered":"\n<p>Landious Travel on Egiptuses tegutsev turismifirma . T\u00f5epoolest, see on teie reisin\u00f5ustaja Egiptuses. Lisaks sellele h\u00f5lbustab see teie t\u00f6\u00f6d selles riigis puhkamise ajal oma giidi hankimisel. Meie ettev\u00f5te pakub oma turismiteenuseid \u00fcle kogu riigi. Sellest tulenevalt saavad kliendid neid teenuseid saada ranniku\u00e4\u00e4rsetes kuurortides, nt Hurghada , Safaga , El-Quseir , Marsa Alam , Sharm El-Sheikh , Dahab ja Taba . Lisaks pakume oma teenuseid Niiluse oru linnades, nt Kairos , Aswanis ja Luxoris . Landious Travel on \u00fcks Egiptuse parimaid reisikorraldajaid. Turistid esitasid Lan kohta oma kommentaarid seda fakti kinnitada.<\/p>\n\n\n\n<p>Leht Teave meist r\u00e4\u00e4gib maailmale:<\/p>\n\n\n\n<ul class=\"wp-block-list\">\n<li>Kes on Landious Travel?<\/li>\n\n\n\n<li>Mis on meile oluline?<\/li>\n\n\n\n<li>Mida Landious Travel teeb?<\/li>\n\n\n\n<li>Kuidas Landious Travel seda teeb ?<\/li>\n\n\n\n<li>Miks turistid valivad Landious Traveli?<\/li>\n<\/ul>\n\n\n\n<p>T\u00f6\u00f6tame \u00f6\u00f6d ja p\u00e4evad, et oma kliente rahuldada ja oma teenuseid arendada. Samuti usume, et teeme suurep\u00e4rast t\u00f6\u00f6d! J\u00e4rgnevalt on toodud m\u00f5ned p\u00f5hjused, miks turistid eelistavad seda kasutada Landious Travel :<\/p>\n\n\n\n<ul class=\"wp-block-list\">\n<li>Kogemus : turistid valivad meie ettev\u00f5tte, kuna oleme juba 15 aastat professionaalselt t\u00f6\u00f6tanud.<\/li>\n\n\n\n<li>Usaldus : turistid kirjutasid meie kohta suurep\u00e4raseid arvustusi, sest korraldame k\u00f5ike k\u00f5rgel tasemel.<\/li>\n\n\n\n<li>Teenuste standard : meie ettev\u00f5te p\u00fc\u00fcab pidevalt j\u00f5uda klientide k\u00f5rgeima tasemeni. Seet\u00f5ttu saavad turistid k\u00f5ige eredamad muljed ja emotsioonid. T\u00f5epoolest, me m\u00f5tlesime k\u00f5ik v\u00e4ikseima detailini l\u00e4bi.<\/li>\n\n\n\n<li>Taskukohased hinnad: aitame turistidel saada teenuseid m\u00f5istlike ja parimate hindadega.<\/li>\n\n\n\n<li>T\u00e4psus: korraldame oma teenuseid v\u00e4ga selgelt, et mitte kulutada aega ootamisele.<\/li>\n\n\n\n<li>Tugiteenus: meie meeskond t\u00f6\u00f6tab iga p\u00e4ev, p\u00e4eval ja \u00f6\u00f6sel, nii et meie kliendid saavad meiega igal ajal \u00fchendust v\u00f5tta. Landious Traveli veebisait t\u00f6\u00f6tab 24 tundi seitse p\u00e4eva n\u00e4dalas. T\u00f5epoolest, pakume v\u00f5imalust broneerida ja broneerida oma reise igal kellaajal. Lisaks vastavad meie agendid teie k\u00fcsimustele nende reiside kohta veebivestluse ja helistamise kaudu.<\/li>\n\n\n\n<li>Samuti teenuste loetelu : turistid leiavad meie teenustest transfeerid erinevatesse linnadesse\/kuurortidesse. Samuti saavad nad suure valiku grupi-\/individuaalseid ekskursioone, ekskursioone ja Niiluse kruiise. Samamoodi pakub ettev\u00f5te jahtide ja paatide renti ning suveniiride ostmist.<\/li>\n<\/ul>\n\n\n\n<h2 class=\"wp-block-heading\" id=\"h-asutaja\">Asutaja<\/h2>\n\n\n\n<p>Kuulus turismijuht Mofreh Landious on Landious Traveli asutaja. Kuna ta t\u00f6\u00f6tas aastaid turistidega \u00fcle kogu Egiptuse, unistas hr Landious alati reisifirma asutamisest. Unistus sai teoks 2017. aastal, kui ta asutas Egiptusesse saabuvate turistide teenindamiseks ettev\u00f5tte Landious Travel.<\/p>\n\n\n\n<p>Algselt kujundas hr Landious v\u00e4ikese veebisaidi, et v\u00f5tta \u00fchendust klientidega, kes soovivad k\u00fclastada Hurghada kuurorti. Hiljem, 2017. aastal, l\u00f5i ettev\u00f5te klientide vajaduste rahuldamiseks veel \u00fche kaasaegse veebilehe. Lisaks kasvab kiiresti 15 maailma sihtkohast Egiptusesse saabuvate turistide teenindamine nende emakeeles. Lisaks on see paindlik ja SEO-s\u00f5bralik. Lisaks h\u00f5lmas ettev\u00f5te rohkem teenuseid ja ekskursioone seitsmes Egiptuse linnas .<\/p>\n\n\n\n<p>Mr Landious peab parimaid viise, kuidas pakkuda k\u00f5igile turistidele kvaliteetseid teenuseid. T\u00f5epoolest, ta aitab teil Egiptuses giidi hankida. Lisaks on ta aus reisin\u00f5ustaja ja v\u00f5ite tema peale loota.<\/p>\n","protected":false},"excerpt":{"rendered":"<p>Landious Travel on Egiptuses tegutsev turismifirma . T\u00f5epoolest, see on teie reisin\u00f5ustaja Egiptuses. Lisaks sellele h\u00f5lbustab see teie t\u00f6\u00f6d selles riigis puhkamise ajal oma giidi hankimisel. Meie ettev\u00f5te pakub oma turismiteenuseid \u00fcle kogu riigi. Sellest tulenevalt saavad kliendid neid teenuseid saada ranniku\u00e4\u00e4rsetes kuurortides, nt Hurghada , Safaga , El-Quseir , Marsa Alam , Sharm El-Sheikh [&hellip;]<\/p>\n","protected":false},"author":1,"featured_media":77599,"parent":0,"menu_order":0,"comment_status":"open","ping_status":"closed","template":"","meta":{"_coblocks_attr":"","_coblocks_dimensions":"","_coblocks_responsive_height":"","_coblocks_accordion_ie_support":"","_uag_custom_page_level_css":"","footnotes":""},"class_list":["post-135712","page","type-page","status-publish","has-post-thumbnail","hentry"],"yoast_head":"<!-- This site is optimized with the Yoast SEO Premium plugin v27.5 (Yoast SEO v27.5) - https:\/\/yoast.com\/product\/yoast-seo-premium-wordpress\/ -->\n<title>Meie kohta<\/title>\n<meta name=\"description\" content=\"Meie kohta on Egiptuses tegutsev turismifirma . T\u00f5epoolest, see on teie reisin\u00f5ustaja Egiptuses. Lisaks sellele h\u00f5lbustab see teie t\u00f6\u00f6d\" \/>\n<meta name=\"robots\" content=\"index, follow, max-snippet:-1, max-image-preview:large, max-video-preview:-1\" \/>\n<link rel=\"canonical\" href=\"https:\/\/landioustravel.com\/et\/meie-kohta\/\" \/>\n<meta property=\"og:locale\" content=\"et_EE\" \/>\n<meta property=\"og:type\" content=\"article\" \/>\n<meta property=\"og:title\" content=\"Meie kohta\" \/>\n<meta property=\"og:description\" content=\"Meie kohta on Egiptuses tegutsev turismifirma . T\u00f5epoolest, see on teie reisin\u00f5ustaja Egiptuses. Lisaks sellele h\u00f5lbustab see teie t\u00f6\u00f6d\" \/>\n<meta property=\"og:url\" content=\"https:\/\/landioustravel.com\/et\/meie-kohta\/\" \/>\n<meta property=\"og:site_name\" content=\"Landious Travel\" \/>\n<meta property=\"article:publisher\" content=\"https:\/\/web.facebook.com\/landiousEgypt\" \/>\n<meta property=\"article:modified_time\" content=\"2023-02-10T02:48:01+00:00\" \/>\n<meta property=\"og:image\" content=\"https:\/\/i0.wp.com\/landioustravel.com\/wp-content\/uploads\/2018\/11\/\u043b\u0430\u043d\u0434\u0438\u0443\u0441_\u0442\u0440\u0435\u0432\u0435\u043b_\u043e_\u043a\u043e\u043c\u043f\u0430\u043d\u0438\u0438-2406916362-1542205494438-e1611115025739.jpg?fit=1200%2C642&ssl=1\" \/>\n\t<meta property=\"og:image:width\" content=\"1200\" \/>\n\t<meta property=\"og:image:height\" content=\"642\" \/>\n\t<meta property=\"og:image:type\" content=\"image\/jpeg\" \/>\n<meta name=\"twitter:card\" content=\"summary_large_image\" \/>\n<meta name=\"twitter:site\" content=\"@LandiousTours\" \/>\n<meta name=\"twitter:label1\" content=\"Est. reading time\" \/>\n\t<meta name=\"twitter:data1\" content=\"3 minutit\" \/>\n<script type=\"application\/ld+json\" class=\"yoast-schema-graph\">{\"@context\":\"https:\\\/\\\/schema.org\",\"@graph\":[{\"@type\":\"WebPage\",\"@id\":\"https:\\\/\\\/landioustravel.com\\\/et\\\/meie-kohta\\\/\",\"url\":\"https:\\\/\\\/landioustravel.com\\\/et\\\/meie-kohta\\\/\",\"name\":\"Meie kohta\",\"isPartOf\":{\"@id\":\"https:\\\/\\\/landioustravel.com\\\/et\\\/#website\"},\"primaryImageOfPage\":{\"@id\":\"https:\\\/\\\/landioustravel.com\\\/et\\\/meie-kohta\\\/#primaryimage\"},\"image\":{\"@id\":\"https:\\\/\\\/landioustravel.com\\\/et\\\/meie-kohta\\\/#primaryimage\"},\"thumbnailUrl\":\"https:\\\/\\\/i0.wp.com\\\/landioustravel.com\\\/wp-content\\\/uploads\\\/2018\\\/11\\\/%D0%BB%D0%B0%D0%BD%D0%B4%D0%B8%D1%83%D1%81_%D1%82%D1%80%D0%B5%D0%B2%D0%B5%D0%BB_%D0%BE_%D0%BA%D0%BE%D0%BC%D0%BF%D0%B0%D0%BD%D0%B8%D0%B8-2406916362-1542205494438-e1611115025739.jpg?fit=1200%2C642&ssl=1\",\"datePublished\":\"2023-02-10T02:47:59+00:00\",\"dateModified\":\"2023-02-10T02:48:01+00:00\",\"description\":\"Meie kohta on Egiptuses tegutsev turismifirma . T\u00f5epoolest, see on teie reisin\u00f5ustaja Egiptuses. Lisaks sellele h\u00f5lbustab see teie t\u00f6\u00f6d\",\"breadcrumb\":{\"@id\":\"https:\\\/\\\/landioustravel.com\\\/et\\\/meie-kohta\\\/#breadcrumb\"},\"inLanguage\":\"et\",\"potentialAction\":[{\"@type\":\"ReadAction\",\"target\":[\"https:\\\/\\\/landioustravel.com\\\/et\\\/meie-kohta\\\/\"]}]},{\"@type\":\"ImageObject\",\"inLanguage\":\"et\",\"@id\":\"https:\\\/\\\/landioustravel.com\\\/et\\\/meie-kohta\\\/#primaryimage\",\"url\":\"https:\\\/\\\/i0.wp.com\\\/landioustravel.com\\\/wp-content\\\/uploads\\\/2018\\\/11\\\/%D0%BB%D0%B0%D0%BD%D0%B4%D0%B8%D1%83%D1%81_%D1%82%D1%80%D0%B5%D0%B2%D0%B5%D0%BB_%D0%BE_%D0%BA%D0%BE%D0%BC%D0%BF%D0%B0%D0%BD%D0%B8%D0%B8-2406916362-1542205494438-e1611115025739.jpg?fit=1200%2C642&ssl=1\",\"contentUrl\":\"https:\\\/\\\/i0.wp.com\\\/landioustravel.com\\\/wp-content\\\/uploads\\\/2018\\\/11\\\/%D0%BB%D0%B0%D0%BD%D0%B4%D0%B8%D1%83%D1%81_%D1%82%D1%80%D0%B5%D0%B2%D0%B5%D0%BB_%D0%BE_%D0%BA%D0%BE%D0%BC%D0%BF%D0%B0%D0%BD%D0%B8%D0%B8-2406916362-1542205494438-e1611115025739.jpg?fit=1200%2C642&ssl=1\",\"width\":1200,\"height\":642,\"caption\":\"\u041e Landious Travel\"},{\"@type\":\"BreadcrumbList\",\"@id\":\"https:\\\/\\\/landioustravel.com\\\/et\\\/meie-kohta\\\/#breadcrumb\",\"itemListElement\":[{\"@type\":\"ListItem\",\"position\":1,\"name\":\"Home\",\"item\":\"https:\\\/\\\/landioustravel.com\\\/et\\\/pood\\\/\"},{\"@type\":\"ListItem\",\"position\":2,\"name\":\"Meie kohta\"}]},{\"@type\":\"WebSite\",\"@id\":\"https:\\\/\\\/landioustravel.com\\\/et\\\/#website\",\"url\":\"https:\\\/\\\/landioustravel.com\\\/et\\\/\",\"name\":\"Landious Travel\",\"description\":\"Excursions, trips and cruises in Egypt\",\"publisher\":{\"@id\":\"https:\\\/\\\/landioustravel.com\\\/et\\\/#organization\"},\"potentialAction\":[{\"@type\":\"SearchAction\",\"target\":{\"@type\":\"EntryPoint\",\"urlTemplate\":\"https:\\\/\\\/landioustravel.com\\\/et\\\/?s={search_term_string}\"},\"query-input\":{\"@type\":\"PropertyValueSpecification\",\"valueRequired\":true,\"valueName\":\"search_term_string\"}}],\"inLanguage\":\"et\"},{\"@type\":[\"Organization\",\"Place\"],\"@id\":\"https:\\\/\\\/landioustravel.com\\\/et\\\/#organization\",\"name\":\"Landious Travel\",\"alternateName\":\"Landious Travel\",\"url\":\"https:\\\/\\\/landioustravel.com\\\/et\\\/\",\"logo\":{\"@id\":\"https:\\\/\\\/landioustravel.com\\\/et\\\/meie-kohta\\\/#local-main-organization-logo\"},\"image\":{\"@id\":\"https:\\\/\\\/landioustravel.com\\\/et\\\/meie-kohta\\\/#local-main-organization-logo\"},\"sameAs\":[\"https:\\\/\\\/web.facebook.com\\\/landiousEgypt\",\"https:\\\/\\\/x.com\\\/LandiousTours\",\"https:\\\/\\\/mastodon.social\\\/@landious\"],\"legalName\":\"Landious Travel\",\"telephone\":[],\"openingHoursSpecification\":[{\"@type\":\"OpeningHoursSpecification\",\"dayOfWeek\":[\"Monday\",\"Tuesday\",\"Wednesday\",\"Thursday\",\"Friday\",\"Saturday\",\"Sunday\"],\"opens\":\"09:00\",\"closes\":\"17:00\"}]},{\"@type\":\"ImageObject\",\"inLanguage\":\"et\",\"@id\":\"https:\\\/\\\/landioustravel.com\\\/et\\\/meie-kohta\\\/#local-main-organization-logo\",\"url\":\"https:\\\/\\\/i0.wp.com\\\/landioustravel.com\\\/wp-content\\\/uploads\\\/2021\\\/06\\\/Landious-T.png?fit=500%2C500&ssl=1\",\"contentUrl\":\"https:\\\/\\\/i0.wp.com\\\/landioustravel.com\\\/wp-content\\\/uploads\\\/2021\\\/06\\\/Landious-T.png?fit=500%2C500&ssl=1\",\"width\":500,\"height\":500,\"caption\":\"Landious Travel\"}]}<\/script>\n<!-- \/ Yoast SEO Premium plugin. -->","yoast_head_json":{"title":"Meie kohta","description":"Meie kohta on Egiptuses tegutsev turismifirma . T\u00f5epoolest, see on teie reisin\u00f5ustaja Egiptuses. Lisaks sellele h\u00f5lbustab see teie t\u00f6\u00f6d","robots":{"index":"index","follow":"follow","max-snippet":"max-snippet:-1","max-image-preview":"max-image-preview:large","max-video-preview":"max-video-preview:-1"},"canonical":"https:\/\/landioustravel.com\/et\/meie-kohta\/","og_locale":"et_EE","og_type":"article","og_title":"Meie kohta","og_description":"Meie kohta on Egiptuses tegutsev turismifirma . T\u00f5epoolest, see on teie reisin\u00f5ustaja Egiptuses. Lisaks sellele h\u00f5lbustab see teie t\u00f6\u00f6d","og_url":"https:\/\/landioustravel.com\/et\/meie-kohta\/","og_site_name":"Landious Travel","article_publisher":"https:\/\/web.facebook.com\/landiousEgypt","article_modified_time":"2023-02-10T02:48:01+00:00","og_image":[{"width":1200,"height":642,"url":"https:\/\/i0.wp.com\/landioustravel.com\/wp-content\/uploads\/2018\/11\/\u043b\u0430\u043d\u0434\u0438\u0443\u0441_\u0442\u0440\u0435\u0432\u0435\u043b_\u043e_\u043a\u043e\u043c\u043f\u0430\u043d\u0438\u0438-2406916362-1542205494438-e1611115025739.jpg?fit=1200%2C642&ssl=1","type":"image\/jpeg"}],"twitter_card":"summary_large_image","twitter_site":"@LandiousTours","twitter_misc":{"Est. reading time":"3 minutit"},"schema":{"@context":"https:\/\/schema.org","@graph":[{"@type":"WebPage","@id":"https:\/\/landioustravel.com\/et\/meie-kohta\/","url":"https:\/\/landioustravel.com\/et\/meie-kohta\/","name":"Meie kohta","isPartOf":{"@id":"https:\/\/landioustravel.com\/et\/#website"},"primaryImageOfPage":{"@id":"https:\/\/landioustravel.com\/et\/meie-kohta\/#primaryimage"},"image":{"@id":"https:\/\/landioustravel.com\/et\/meie-kohta\/#primaryimage"},"thumbnailUrl":"https:\/\/i0.wp.com\/landioustravel.com\/wp-content\/uploads\/2018\/11\/%D0%BB%D0%B0%D0%BD%D0%B4%D0%B8%D1%83%D1%81_%D1%82%D1%80%D0%B5%D0%B2%D0%B5%D0%BB_%D0%BE_%D0%BA%D0%BE%D0%BC%D0%BF%D0%B0%D0%BD%D0%B8%D0%B8-2406916362-1542205494438-e1611115025739.jpg?fit=1200%2C642&ssl=1","datePublished":"2023-02-10T02:47:59+00:00","dateModified":"2023-02-10T02:48:01+00:00","description":"Meie kohta on Egiptuses tegutsev turismifirma . T\u00f5epoolest, see on teie reisin\u00f5ustaja Egiptuses. Lisaks sellele h\u00f5lbustab see teie t\u00f6\u00f6d","breadcrumb":{"@id":"https:\/\/landioustravel.com\/et\/meie-kohta\/#breadcrumb"},"inLanguage":"et","potentialAction":[{"@type":"ReadAction","target":["https:\/\/landioustravel.com\/et\/meie-kohta\/"]}]},{"@type":"ImageObject","inLanguage":"et","@id":"https:\/\/landioustravel.com\/et\/meie-kohta\/#primaryimage","url":"https:\/\/i0.wp.com\/landioustravel.com\/wp-content\/uploads\/2018\/11\/%D0%BB%D0%B0%D0%BD%D0%B4%D0%B8%D1%83%D1%81_%D1%82%D1%80%D0%B5%D0%B2%D0%B5%D0%BB_%D0%BE_%D0%BA%D0%BE%D0%BC%D0%BF%D0%B0%D0%BD%D0%B8%D0%B8-2406916362-1542205494438-e1611115025739.jpg?fit=1200%2C642&ssl=1","contentUrl":"https:\/\/i0.wp.com\/landioustravel.com\/wp-content\/uploads\/2018\/11\/%D0%BB%D0%B0%D0%BD%D0%B4%D0%B8%D1%83%D1%81_%D1%82%D1%80%D0%B5%D0%B2%D0%B5%D0%BB_%D0%BE_%D0%BA%D0%BE%D0%BC%D0%BF%D0%B0%D0%BD%D0%B8%D0%B8-2406916362-1542205494438-e1611115025739.jpg?fit=1200%2C642&ssl=1","width":1200,"height":642,"caption":"\u041e Landious Travel"},{"@type":"BreadcrumbList","@id":"https:\/\/landioustravel.com\/et\/meie-kohta\/#breadcrumb","itemListElement":[{"@type":"ListItem","position":1,"name":"Home","item":"https:\/\/landioustravel.com\/et\/pood\/"},{"@type":"ListItem","position":2,"name":"Meie kohta"}]},{"@type":"WebSite","@id":"https:\/\/landioustravel.com\/et\/#website","url":"https:\/\/landioustravel.com\/et\/","name":"Landious Travel","description":"Excursions, trips and cruises in Egypt","publisher":{"@id":"https:\/\/landioustravel.com\/et\/#organization"},"potentialAction":[{"@type":"SearchAction","target":{"@type":"EntryPoint","urlTemplate":"https:\/\/landioustravel.com\/et\/?s={search_term_string}"},"query-input":{"@type":"PropertyValueSpecification","valueRequired":true,"valueName":"search_term_string"}}],"inLanguage":"et"},{"@type":["Organization","Place"],"@id":"https:\/\/landioustravel.com\/et\/#organization","name":"Landious Travel","alternateName":"Landious Travel","url":"https:\/\/landioustravel.com\/et\/","logo":{"@id":"https:\/\/landioustravel.com\/et\/meie-kohta\/#local-main-organization-logo"},"image":{"@id":"https:\/\/landioustravel.com\/et\/meie-kohta\/#local-main-organization-logo"},"sameAs":["https:\/\/web.facebook.com\/landiousEgypt","https:\/\/x.com\/LandiousTours","https:\/\/mastodon.social\/@landious"],"legalName":"Landious Travel","telephone":[],"openingHoursSpecification":[{"@type":"OpeningHoursSpecification","dayOfWeek":["Monday","Tuesday","Wednesday","Thursday","Friday","Saturday","Sunday"],"opens":"09:00","closes":"17:00"}]},{"@type":"ImageObject","inLanguage":"et","@id":"https:\/\/landioustravel.com\/et\/meie-kohta\/#local-main-organization-logo","url":"https:\/\/i0.wp.com\/landioustravel.com\/wp-content\/uploads\/2021\/06\/Landious-T.png?fit=500%2C500&ssl=1","contentUrl":"https:\/\/i0.wp.com\/landioustravel.com\/wp-content\/uploads\/2021\/06\/Landious-T.png?fit=500%2C500&ssl=1","width":500,"height":500,"caption":"Landious Travel"}]}},"uagb_featured_image_src":{"full":["https:\/\/i0.wp.com\/landioustravel.com\/wp-content\/uploads\/2018\/11\/%D0%BB%D0%B0%D0%BD%D0%B4%D0%B8%D1%83%D1%81_%D1%82%D1%80%D0%B5%D0%B2%D0%B5%D0%BB_%D0%BE_%D0%BA%D0%BE%D0%BC%D0%BF%D0%B0%D0%BD%D0%B8%D0%B8-2406916362-1542205494438-e1611115025739.jpg?fit=1200%2C642&ssl=1",1200,642,false],"thumbnail":["https:\/\/i0.wp.com\/landioustravel.com\/wp-content\/uploads\/2018\/11\/%D0%BB%D0%B0%D0%BD%D0%B4%D0%B8%D1%83%D1%81_%D1%82%D1%80%D0%B5%D0%B2%D0%B5%D0%BB_%D0%BE_%D0%BA%D0%BE%D0%BC%D0%BF%D0%B0%D0%BD%D0%B8%D0%B8-2406916362-1542205494438-e1611115025739.jpg?resize=150%2C150&ssl=1",150,150,true],"medium":["https:\/\/i0.wp.com\/landioustravel.com\/wp-content\/uploads\/2018\/11\/%D0%BB%D0%B0%D0%BD%D0%B4%D0%B8%D1%83%D1%81_%D1%82%D1%80%D0%B5%D0%B2%D0%B5%D0%BB_%D0%BE_%D0%BA%D0%BE%D0%BC%D0%BF%D0%B0%D0%BD%D0%B8%D0%B8-2406916362-1542205494438-e1611115025739.jpg?fit=300%2C161&ssl=1",300,161,true],"medium_large":["https:\/\/i0.wp.com\/landioustravel.com\/wp-content\/uploads\/2018\/11\/%D0%BB%D0%B0%D0%BD%D0%B4%D0%B8%D1%83%D1%81_%D1%82%D1%80%D0%B5%D0%B2%D0%B5%D0%BB_%D0%BE_%D0%BA%D0%BE%D0%BC%D0%BF%D0%B0%D0%BD%D0%B8%D0%B8-2406916362-1542205494438-e1611115025739.jpg?fit=768%2C411&ssl=1",768,411,true],"large":["https:\/\/i0.wp.com\/landioustravel.com\/wp-content\/uploads\/2018\/11\/%D0%BB%D0%B0%D0%BD%D0%B4%D0%B8%D1%83%D1%81_%D1%82%D1%80%D0%B5%D0%B2%D0%B5%D0%BB_%D0%BE_%D0%BA%D0%BE%D0%BC%D0%BF%D0%B0%D0%BD%D0%B8%D0%B8-2406916362-1542205494438-e1611115025739.jpg?fit=980%2C524&ssl=1",980,524,true],"1536x1536":["https:\/\/i0.wp.com\/landioustravel.com\/wp-content\/uploads\/2018\/11\/%D0%BB%D0%B0%D0%BD%D0%B4%D0%B8%D1%83%D1%81_%D1%82%D1%80%D0%B5%D0%B2%D0%B5%D0%BB_%D0%BE_%D0%BA%D0%BE%D0%BC%D0%BF%D0%B0%D0%BD%D0%B8%D0%B8-2406916362-1542205494438-e1611115025739.jpg?fit=1200%2C642&ssl=1",1200,642,true],"2048x2048":["https:\/\/i0.wp.com\/landioustravel.com\/wp-content\/uploads\/2018\/11\/%D0%BB%D0%B0%D0%BD%D0%B4%D0%B8%D1%83%D1%81_%D1%82%D1%80%D0%B5%D0%B2%D0%B5%D0%BB_%D0%BE_%D0%BA%D0%BE%D0%BC%D0%BF%D0%B0%D0%BD%D0%B8%D0%B8-2406916362-1542205494438-e1611115025739.jpg?fit=1200%2C642&ssl=1",1200,642,true],"newspack-article-block-landscape-large":["https:\/\/i0.wp.com\/landioustravel.com\/wp-content\/uploads\/2018\/11\/%D0%BB%D0%B0%D0%BD%D0%B4%D0%B8%D1%83%D1%81_%D1%82%D1%80%D0%B5%D0%B2%D0%B5%D0%BB_%D0%BE_%D0%BA%D0%BE%D0%BC%D0%BF%D0%B0%D0%BD%D0%B8%D0%B8-2406916362-1542205494438-e1611115025739.jpg?resize=1200%2C642&ssl=1",1200,802,true],"newspack-article-block-portrait-large":["https:\/\/i0.wp.com\/landioustravel.com\/wp-content\/uploads\/2018\/11\/%D0%BB%D0%B0%D0%BD%D0%B4%D0%B8%D1%83%D1%81_%D1%82%D1%80%D0%B5%D0%B2%D0%B5%D0%BB_%D0%BE_%D0%BA%D0%BE%D0%BC%D0%BF%D0%B0%D0%BD%D0%B8%D0%B8-2406916362-1542205494438-e1611115025739.jpg?resize=900%2C642&ssl=1",900,642,true],"newspack-article-block-square-large":["https:\/\/i0.wp.com\/landioustravel.com\/wp-content\/uploads\/2018\/11\/%D0%BB%D0%B0%D0%BD%D0%B4%D0%B8%D1%83%D1%81_%D1%82%D1%80%D0%B5%D0%B2%D0%B5%D0%BB_%D0%BE_%D0%BA%D0%BE%D0%BC%D0%BF%D0%B0%D0%BD%D0%B8%D0%B8-2406916362-1542205494438-e1611115025739.jpg?resize=1200%2C642&ssl=1",1200,802,true],"newspack-article-block-landscape-medium":["https:\/\/i0.wp.com\/landioustravel.com\/wp-content\/uploads\/2018\/11\/%D0%BB%D0%B0%D0%BD%D0%B4%D0%B8%D1%83%D1%81_%D1%82%D1%80%D0%B5%D0%B2%D0%B5%D0%BB_%D0%BE_%D0%BA%D0%BE%D0%BC%D0%BF%D0%B0%D0%BD%D0%B8%D0%B8-2406916362-1542205494438-e1611115025739.jpg?resize=800%2C600&ssl=1",800,600,true],"newspack-article-block-portrait-medium":["https:\/\/i0.wp.com\/landioustravel.com\/wp-content\/uploads\/2018\/11\/%D0%BB%D0%B0%D0%BD%D0%B4%D0%B8%D1%83%D1%81_%D1%82%D1%80%D0%B5%D0%B2%D0%B5%D0%BB_%D0%BE_%D0%BA%D0%BE%D0%BC%D0%BF%D0%B0%D0%BD%D0%B8%D0%B8-2406916362-1542205494438-e1611115025739.jpg?resize=600%2C642&ssl=1",600,642,true],"newspack-article-block-square-medium":["https:\/\/i0.wp.com\/landioustravel.com\/wp-content\/uploads\/2018\/11\/%D0%BB%D0%B0%D0%BD%D0%B4%D0%B8%D1%83%D1%81_%D1%82%D1%80%D0%B5%D0%B2%D0%B5%D0%BB_%D0%BE_%D0%BA%D0%BE%D0%BC%D0%BF%D0%B0%D0%BD%D0%B8%D0%B8-2406916362-1542205494438-e1611115025739.jpg?resize=800%2C642&ssl=1",800,642,true],"newspack-article-block-landscape-intermediate":["https:\/\/i0.wp.com\/landioustravel.com\/wp-content\/uploads\/2018\/11\/%D0%BB%D0%B0%D0%BD%D0%B4%D0%B8%D1%83%D1%81_%D1%82%D1%80%D0%B5%D0%B2%D0%B5%D0%BB_%D0%BE_%D0%BA%D0%BE%D0%BC%D0%BF%D0%B0%D0%BD%D0%B8%D0%B8-2406916362-1542205494438-e1611115025739.jpg?resize=600%2C450&ssl=1",600,450,true],"newspack-article-block-portrait-intermediate":["https:\/\/i0.wp.com\/landioustravel.com\/wp-content\/uploads\/2018\/11\/%D0%BB%D0%B0%D0%BD%D0%B4%D0%B8%D1%83%D1%81_%D1%82%D1%80%D0%B5%D0%B2%D0%B5%D0%BB_%D0%BE_%D0%BA%D0%BE%D0%BC%D0%BF%D0%B0%D0%BD%D0%B8%D0%B8-2406916362-1542205494438-e1611115025739.jpg?resize=450%2C600&ssl=1",450,600,true],"newspack-article-block-square-intermediate":["https:\/\/i0.wp.com\/landioustravel.com\/wp-content\/uploads\/2018\/11\/%D0%BB%D0%B0%D0%BD%D0%B4%D0%B8%D1%83%D1%81_%D1%82%D1%80%D0%B5%D0%B2%D0%B5%D0%BB_%D0%BE_%D0%BA%D0%BE%D0%BC%D0%BF%D0%B0%D0%BD%D0%B8%D0%B8-2406916362-1542205494438-e1611115025739.jpg?resize=600%2C600&ssl=1",600,600,true],"newspack-article-block-landscape-small":["https:\/\/i0.wp.com\/landioustravel.com\/wp-content\/uploads\/2018\/11\/%D0%BB%D0%B0%D0%BD%D0%B4%D0%B8%D1%83%D1%81_%D1%82%D1%80%D0%B5%D0%B2%D0%B5%D0%BB_%D0%BE_%D0%BA%D0%BE%D0%BC%D0%BF%D0%B0%D0%BD%D0%B8%D0%B8-2406916362-1542205494438-e1611115025739.jpg?resize=400%2C300&ssl=1",400,300,true],"newspack-article-block-portrait-small":["https:\/\/i0.wp.com\/landioustravel.com\/wp-content\/uploads\/2018\/11\/%D0%BB%D0%B0%D0%BD%D0%B4%D0%B8%D1%83%D1%81_%D1%82%D1%80%D0%B5%D0%B2%D0%B5%D0%BB_%D0%BE_%D0%BA%D0%BE%D0%BC%D0%BF%D0%B0%D0%BD%D0%B8%D0%B8-2406916362-1542205494438-e1611115025739.jpg?resize=300%2C400&ssl=1",300,400,true],"newspack-article-block-square-small":["https:\/\/i0.wp.com\/landioustravel.com\/wp-content\/uploads\/2018\/11\/%D0%BB%D0%B0%D0%BD%D0%B4%D0%B8%D1%83%D1%81_%D1%82%D1%80%D0%B5%D0%B2%D0%B5%D0%BB_%D0%BE_%D0%BA%D0%BE%D0%BC%D0%BF%D0%B0%D0%BD%D0%B8%D0%B8-2406916362-1542205494438-e1611115025739.jpg?resize=400%2C400&ssl=1",400,400,true],"newspack-article-block-landscape-tiny":["https:\/\/i0.wp.com\/landioustravel.com\/wp-content\/uploads\/2018\/11\/%D0%BB%D0%B0%D0%BD%D0%B4%D0%B8%D1%83%D1%81_%D1%82%D1%80%D0%B5%D0%B2%D0%B5%D0%BB_%D0%BE_%D0%BA%D0%BE%D0%BC%D0%BF%D0%B0%D0%BD%D0%B8%D0%B8-2406916362-1542205494438-e1611115025739.jpg?resize=200%2C150&ssl=1",200,150,true],"newspack-article-block-portrait-tiny":["https:\/\/i0.wp.com\/landioustravel.com\/wp-content\/uploads\/2018\/11\/%D0%BB%D0%B0%D0%BD%D0%B4%D0%B8%D1%83%D1%81_%D1%82%D1%80%D0%B5%D0%B2%D0%B5%D0%BB_%D0%BE_%D0%BA%D0%BE%D0%BC%D0%BF%D0%B0%D0%BD%D0%B8%D0%B8-2406916362-1542205494438-e1611115025739.jpg?resize=150%2C200&ssl=1",150,200,true],"newspack-article-block-square-tiny":["https:\/\/i0.wp.com\/landioustravel.com\/wp-content\/uploads\/2018\/11\/%D0%BB%D0%B0%D0%BD%D0%B4%D0%B8%D1%83%D1%81_%D1%82%D1%80%D0%B5%D0%B2%D0%B5%D0%BB_%D0%BE_%D0%BA%D0%BE%D0%BC%D0%BF%D0%B0%D0%BD%D0%B8%D0%B8-2406916362-1542205494438-e1611115025739.jpg?resize=200%2C200&ssl=1",200,200,true],"newspack-article-block-uncropped":["https:\/\/i0.wp.com\/landioustravel.com\/wp-content\/uploads\/2018\/11\/%D0%BB%D0%B0%D0%BD%D0%B4%D0%B8%D1%83%D1%81_%D1%82%D1%80%D0%B5%D0%B2%D0%B5%D0%BB_%D0%BE_%D0%BA%D0%BE%D0%BC%D0%BF%D0%B0%D0%BD%D0%B8%D0%B8-2406916362-1542205494438-e1611115025739.jpg?fit=1200%2C642&ssl=1",1200,642,true],"woocommerce_thumbnail":["https:\/\/i0.wp.com\/landioustravel.com\/wp-content\/uploads\/2018\/11\/%D0%BB%D0%B0%D0%BD%D0%B4%D0%B8%D1%83%D1%81_%D1%82%D1%80%D0%B5%D0%B2%D0%B5%D0%BB_%D0%BE_%D0%BA%D0%BE%D0%BC%D0%BF%D0%B0%D0%BD%D0%B8%D0%B8-2406916362-1542205494438-e1611115025739.jpg?resize=324%2C324&ssl=1",324,324,true],"woocommerce_single":["https:\/\/i0.wp.com\/landioustravel.com\/wp-content\/uploads\/2018\/11\/%D0%BB%D0%B0%D0%BD%D0%B4%D0%B8%D1%83%D1%81_%D1%82%D1%80%D0%B5%D0%B2%D0%B5%D0%BB_%D0%BE_%D0%BA%D0%BE%D0%BC%D0%BF%D0%B0%D0%BD%D0%B8%D0%B8-2406916362-1542205494438-e1611115025739.jpg?fit=416%2C223&ssl=1",416,223,true],"woocommerce_gallery_thumbnail":["https:\/\/i0.wp.com\/landioustravel.com\/wp-content\/uploads\/2018\/11\/%D0%BB%D0%B0%D0%BD%D0%B4%D0%B8%D1%83%D1%81_%D1%82%D1%80%D0%B5%D0%B2%D0%B5%D0%BB_%D0%BE_%D0%BA%D0%BE%D0%BC%D0%BF%D0%B0%D0%BD%D0%B8%D0%B8-2406916362-1542205494438-e1611115025739.jpg?resize=100%2C100&ssl=1",100,100,true]},"uagb_author_info":{"display_name":"Mofreh Landious","author_link":"https:\/\/landioustravel.com\/et\/author\/landious\/"},"uagb_comment_info":0,"uagb_excerpt":"Landious Travel on Egiptuses tegutsev turismifirma . T\u00f5epoolest, see on teie reisin\u00f5ustaja Egiptuses. Lisaks sellele h\u00f5lbustab see teie t\u00f6\u00f6d selles riigis puhkamise ajal oma giidi hankimisel. Meie ettev\u00f5te pakub oma turismiteenuseid \u00fcle kogu riigi. Sellest tulenevalt saavad kliendid neid teenuseid saada ranniku\u00e4\u00e4rsetes kuurortides, nt Hurghada , Safaga , El-Quseir , Marsa Alam , Sharm El-Sheikh&hellip;","jetpack_sharing_enabled":true,"jetpack_shortlink":"https:\/\/wp.me\/Par4r5-ziU","jetpack_likes_enabled":true,"amp_enabled":true,"_links":{"self":[{"href":"https:\/\/landioustravel.com\/et\/wp-json\/wp\/v2\/pages\/135712","targetHints":{"allow":["GET"]}}],"collection":[{"href":"https:\/\/landioustravel.com\/et\/wp-json\/wp\/v2\/pages"}],"about":[{"href":"https:\/\/landioustravel.com\/et\/wp-json\/wp\/v2\/types\/page"}],"author":[{"embeddable":true,"href":"https:\/\/landioustravel.com\/et\/wp-json\/wp\/v2\/users\/1"}],"replies":[{"embeddable":true,"href":"https:\/\/landioustravel.com\/et\/wp-json\/wp\/v2\/comments?post=135712"}],"version-history":[{"count":2,"href":"https:\/\/landioustravel.com\/et\/wp-json\/wp\/v2\/pages\/135712\/revisions"}],"predecessor-version":[{"id":135714,"href":"https:\/\/landioustravel.com\/et\/wp-json\/wp\/v2\/pages\/135712\/revisions\/135714"}],"wp:featuredmedia":[{"embeddable":true,"href":"https:\/\/landioustravel.com\/et\/wp-json\/wp\/v2\/media\/77599"}],"wp:attachment":[{"href":"https:\/\/landioustravel.com\/et\/wp-json\/wp\/v2\/media?parent=135712"}],"curies":[{"name":"wp","href":"https:\/\/api.w.org\/{rel}","templated":true}]}}