{"id":135860,"date":"2023-02-11T19:56:34","date_gmt":"2023-02-11T17:56:34","guid":{"rendered":"https:\/\/landioustravel.com\/?page_id=135860"},"modified":"2023-04-24T00:24:15","modified_gmt":"2023-04-23T22:24:15","slug":"kontaktid","status":"publish","type":"page","link":"https:\/\/landioustravel.com\/et\/kontaktid\/","title":{"rendered":"Kontaktid"},"content":{"rendered":"\n<p>See jaotis sisaldab meie kontakte ja n\u00e4itab teile parimat viisi meiega \u00fchenduse v\u00f5tmiseks. \u00dcldiselt on meiega \u00fchenduse v\u00f5tmiseks kaks kanalit. Landious Travelil on nii f\u00fc\u00fcsiline asukoht kui ka veebis kohalolek. Allpool anname teile teavet nende kahe kanali kohta.<\/p>\n\n\n\n<h2 class=\"wp-block-heading\">Landious reisikontaktid<\/h2>\n\n\n\n<ul class=\"wp-block-list\">\n<li>F\u00fc\u00fcsiline asukoht .<\/li>\n\n\n\n<li>Samuti veebip\u00f5hine kohalolek .<\/li>\n<\/ul>\n\n\n\n<h3 class=\"wp-block-heading\">F\u00fc\u00fcsiline asukoht ja aadress<\/h3>\n\n\n\n<p>Landious Traveli f\u00fc\u00fcsiline asukoht on Hurghadas ja mitmes Egiptuse linnas .Kuigi soovitame tungivalt v\u00f5tta meiega \u00fchendust meie veebisaidi v\u00f5i kaasasoleva mobiiltelefoni kaudu. Samuti v\u00f5ite meie poole p\u00f6\u00f6rduda meie sotsiaalmeedia lehtede kaudu. Pange t\u00e4hele, et kui selleks on suur vajadus, pakume teile oma hotelli esindajat.<\/p>\n\n\n\n<h3 class=\"wp-block-heading\">Aadress Hurghadas<\/h3>\n\n\n\n<p>Egiptus , Hurghada , El Sentral t\u00e4nav, Sheraton Roadi l\u00e4hedal .<\/p>\n\n\n\n<h2 class=\"wp-block-heading\">Internetis kohalolek<\/h2>\n\n\n\n<p>Landious Traveli meeskond v\u00f5tab selle veebisaidi kaudu teie broneeringuid hea meelega vastu. Soovitame teil broneerida oma teenus (reis, ekskursioon v\u00f5i ringreis) meie saidi kaudu, lisades toote ostukorvi ja kandes selle kassasse . Samuti v\u00f5ite meiega \u00fchendust v\u00f5tta meie mobiilinumbril \/ WhatsApp \/ Viber. Samuti oleme kohal sotsiaalmeedias: Facebookis, Google&#8217;i minu ettev\u00f5ttes ja Twitteris. Loomulikult kasutate meieni j\u00f5udmiseks \u00fchte neist sotsiaalmeedia kanalitest.<\/p>\n\n\n\n<h2 class=\"wp-block-heading\">Broneerimine ja teave<\/h2>\n\n\n\n<p>Mobiil: +2 01019611266<\/p>\n\n\n\n<p>info@landioustravel.com<\/p>\n\n\n\n<p>mofreh78eg@gmail.com<\/p>\n\n\n\n<h2 class=\"wp-block-heading\" id=\"h-kontaktisik\">Kontaktisik<\/h2>\n\n\n\n<p>Re\u017eiss\u00f6\u00f6r: Mofreh Landious<\/p>\n\n\n\n<p>M\u00fc\u00fcgijuht: Taysseer Zakhary<\/p>\n","protected":false},"excerpt":{"rendered":"<p>See jaotis sisaldab meie kontakte ja n\u00e4itab teile parimat viisi meiega \u00fchenduse v\u00f5tmiseks. \u00dcldiselt on meiega \u00fchenduse v\u00f5tmiseks kaks kanalit. Landious Travelil on nii f\u00fc\u00fcsiline asukoht kui ka veebis kohalolek. Allpool anname teile teavet nende kahe kanali kohta. Landious reisikontaktid F\u00fc\u00fcsiline asukoht ja aadress Landious Traveli f\u00fc\u00fcsiline asukoht on Hurghadas ja mitmes Egiptuse linnas .Kuigi [&hellip;]<\/p>\n","protected":false},"author":1,"featured_media":0,"parent":0,"menu_order":2,"comment_status":"open","ping_status":"closed","template":"","meta":{"_coblocks_attr":"","_coblocks_dimensions":"","_coblocks_responsive_height":"","_coblocks_accordion_ie_support":"","_uag_custom_page_level_css":"","footnotes":""},"class_list":["post-135860","page","type-page","status-publish","hentry"],"yoast_head":"<!-- This site is optimized with the Yoast SEO Premium plugin v27.5 (Yoast SEO v27.5) - https:\/\/yoast.com\/product\/yoast-seo-premium-wordpress\/ -->\n<title>Kontaktid<\/title>\n<meta name=\"description\" content=\"Kontaktid See jaotis sisaldab meie kontakte ja n\u00e4itab teile parimat viisi meiega \u00fchenduse v\u00f5tmiseks. \u00dcldiselt on meiega \u00fchenduse v\u00f5tmiseks\" \/>\n<meta name=\"robots\" content=\"index, follow, max-snippet:-1, max-image-preview:large, max-video-preview:-1\" \/>\n<link rel=\"canonical\" href=\"https:\/\/landioustravel.com\/et\/kontaktid\/\" \/>\n<meta property=\"og:locale\" content=\"et_EE\" \/>\n<meta property=\"og:type\" content=\"article\" \/>\n<meta property=\"og:title\" content=\"Kontaktid\" \/>\n<meta property=\"og:description\" content=\"Kontaktid See jaotis sisaldab meie kontakte ja n\u00e4itab teile parimat viisi meiega \u00fchenduse v\u00f5tmiseks. \u00dcldiselt on meiega \u00fchenduse v\u00f5tmiseks\" \/>\n<meta property=\"og:url\" content=\"https:\/\/landioustravel.com\/et\/kontaktid\/\" \/>\n<meta property=\"og:site_name\" content=\"Landious Travel\" \/>\n<meta property=\"article:publisher\" content=\"https:\/\/web.facebook.com\/landiousEgypt\" \/>\n<meta property=\"article:modified_time\" content=\"2023-04-23T22:24:15+00:00\" \/>\n<meta name=\"twitter:card\" content=\"summary_large_image\" \/>\n<meta name=\"twitter:site\" content=\"@LandiousTours\" \/>\n<meta name=\"twitter:label1\" content=\"Est. reading time\" \/>\n\t<meta name=\"twitter:data1\" content=\"1 minut\" \/>\n<script type=\"application\/ld+json\" class=\"yoast-schema-graph\">{\"@context\":\"https:\\\/\\\/schema.org\",\"@graph\":[{\"@type\":\"WebPage\",\"@id\":\"https:\\\/\\\/landioustravel.com\\\/et\\\/kontaktid\\\/\",\"url\":\"https:\\\/\\\/landioustravel.com\\\/et\\\/kontaktid\\\/\",\"name\":\"Kontaktid\",\"isPartOf\":{\"@id\":\"https:\\\/\\\/landioustravel.com\\\/et\\\/#website\"},\"datePublished\":\"2023-02-11T17:56:34+00:00\",\"dateModified\":\"2023-04-23T22:24:15+00:00\",\"description\":\"Kontaktid See jaotis sisaldab meie kontakte ja n\u00e4itab teile parimat viisi meiega \u00fchenduse v\u00f5tmiseks. \u00dcldiselt on meiega \u00fchenduse v\u00f5tmiseks\",\"breadcrumb\":{\"@id\":\"https:\\\/\\\/landioustravel.com\\\/et\\\/kontaktid\\\/#breadcrumb\"},\"inLanguage\":\"et\",\"potentialAction\":[{\"@type\":\"ReadAction\",\"target\":[\"https:\\\/\\\/landioustravel.com\\\/et\\\/kontaktid\\\/\"]}]},{\"@type\":\"BreadcrumbList\",\"@id\":\"https:\\\/\\\/landioustravel.com\\\/et\\\/kontaktid\\\/#breadcrumb\",\"itemListElement\":[{\"@type\":\"ListItem\",\"position\":1,\"name\":\"Home\",\"item\":\"https:\\\/\\\/landioustravel.com\\\/et\\\/pood\\\/\"},{\"@type\":\"ListItem\",\"position\":2,\"name\":\"Kontaktid\"}]},{\"@type\":\"WebSite\",\"@id\":\"https:\\\/\\\/landioustravel.com\\\/et\\\/#website\",\"url\":\"https:\\\/\\\/landioustravel.com\\\/et\\\/\",\"name\":\"Landious Travel\",\"description\":\"Excursions, trips and cruises in Egypt\",\"publisher\":{\"@id\":\"https:\\\/\\\/landioustravel.com\\\/et\\\/#organization\"},\"potentialAction\":[{\"@type\":\"SearchAction\",\"target\":{\"@type\":\"EntryPoint\",\"urlTemplate\":\"https:\\\/\\\/landioustravel.com\\\/et\\\/?s={search_term_string}\"},\"query-input\":{\"@type\":\"PropertyValueSpecification\",\"valueRequired\":true,\"valueName\":\"search_term_string\"}}],\"inLanguage\":\"et\"},{\"@type\":[\"Organization\",\"Place\"],\"@id\":\"https:\\\/\\\/landioustravel.com\\\/et\\\/#organization\",\"name\":\"Landious Travel\",\"alternateName\":\"Landious Travel\",\"url\":\"https:\\\/\\\/landioustravel.com\\\/et\\\/\",\"logo\":{\"@id\":\"https:\\\/\\\/landioustravel.com\\\/et\\\/kontaktid\\\/#local-main-organization-logo\"},\"image\":{\"@id\":\"https:\\\/\\\/landioustravel.com\\\/et\\\/kontaktid\\\/#local-main-organization-logo\"},\"sameAs\":[\"https:\\\/\\\/web.facebook.com\\\/landiousEgypt\",\"https:\\\/\\\/x.com\\\/LandiousTours\",\"https:\\\/\\\/mastodon.social\\\/@landious\"],\"legalName\":\"Landious Travel\",\"telephone\":[],\"openingHoursSpecification\":[{\"@type\":\"OpeningHoursSpecification\",\"dayOfWeek\":[\"Monday\",\"Tuesday\",\"Wednesday\",\"Thursday\",\"Friday\",\"Saturday\",\"Sunday\"],\"opens\":\"09:00\",\"closes\":\"17:00\"}]},{\"@type\":\"ImageObject\",\"inLanguage\":\"et\",\"@id\":\"https:\\\/\\\/landioustravel.com\\\/et\\\/kontaktid\\\/#local-main-organization-logo\",\"url\":\"https:\\\/\\\/i0.wp.com\\\/landioustravel.com\\\/wp-content\\\/uploads\\\/2021\\\/06\\\/Landious-T.png?fit=500%2C500&ssl=1\",\"contentUrl\":\"https:\\\/\\\/i0.wp.com\\\/landioustravel.com\\\/wp-content\\\/uploads\\\/2021\\\/06\\\/Landious-T.png?fit=500%2C500&ssl=1\",\"width\":500,\"height\":500,\"caption\":\"Landious Travel\"}]}<\/script>\n<!-- \/ Yoast SEO Premium plugin. -->","yoast_head_json":{"title":"Kontaktid","description":"Kontaktid See jaotis sisaldab meie kontakte ja n\u00e4itab teile parimat viisi meiega \u00fchenduse v\u00f5tmiseks. \u00dcldiselt on meiega \u00fchenduse v\u00f5tmiseks","robots":{"index":"index","follow":"follow","max-snippet":"max-snippet:-1","max-image-preview":"max-image-preview:large","max-video-preview":"max-video-preview:-1"},"canonical":"https:\/\/landioustravel.com\/et\/kontaktid\/","og_locale":"et_EE","og_type":"article","og_title":"Kontaktid","og_description":"Kontaktid See jaotis sisaldab meie kontakte ja n\u00e4itab teile parimat viisi meiega \u00fchenduse v\u00f5tmiseks. \u00dcldiselt on meiega \u00fchenduse v\u00f5tmiseks","og_url":"https:\/\/landioustravel.com\/et\/kontaktid\/","og_site_name":"Landious Travel","article_publisher":"https:\/\/web.facebook.com\/landiousEgypt","article_modified_time":"2023-04-23T22:24:15+00:00","twitter_card":"summary_large_image","twitter_site":"@LandiousTours","twitter_misc":{"Est. reading time":"1 minut"},"schema":{"@context":"https:\/\/schema.org","@graph":[{"@type":"WebPage","@id":"https:\/\/landioustravel.com\/et\/kontaktid\/","url":"https:\/\/landioustravel.com\/et\/kontaktid\/","name":"Kontaktid","isPartOf":{"@id":"https:\/\/landioustravel.com\/et\/#website"},"datePublished":"2023-02-11T17:56:34+00:00","dateModified":"2023-04-23T22:24:15+00:00","description":"Kontaktid See jaotis sisaldab meie kontakte ja n\u00e4itab teile parimat viisi meiega \u00fchenduse v\u00f5tmiseks. \u00dcldiselt on meiega \u00fchenduse v\u00f5tmiseks","breadcrumb":{"@id":"https:\/\/landioustravel.com\/et\/kontaktid\/#breadcrumb"},"inLanguage":"et","potentialAction":[{"@type":"ReadAction","target":["https:\/\/landioustravel.com\/et\/kontaktid\/"]}]},{"@type":"BreadcrumbList","@id":"https:\/\/landioustravel.com\/et\/kontaktid\/#breadcrumb","itemListElement":[{"@type":"ListItem","position":1,"name":"Home","item":"https:\/\/landioustravel.com\/et\/pood\/"},{"@type":"ListItem","position":2,"name":"Kontaktid"}]},{"@type":"WebSite","@id":"https:\/\/landioustravel.com\/et\/#website","url":"https:\/\/landioustravel.com\/et\/","name":"Landious Travel","description":"Excursions, trips and cruises in Egypt","publisher":{"@id":"https:\/\/landioustravel.com\/et\/#organization"},"potentialAction":[{"@type":"SearchAction","target":{"@type":"EntryPoint","urlTemplate":"https:\/\/landioustravel.com\/et\/?s={search_term_string}"},"query-input":{"@type":"PropertyValueSpecification","valueRequired":true,"valueName":"search_term_string"}}],"inLanguage":"et"},{"@type":["Organization","Place"],"@id":"https:\/\/landioustravel.com\/et\/#organization","name":"Landious Travel","alternateName":"Landious Travel","url":"https:\/\/landioustravel.com\/et\/","logo":{"@id":"https:\/\/landioustravel.com\/et\/kontaktid\/#local-main-organization-logo"},"image":{"@id":"https:\/\/landioustravel.com\/et\/kontaktid\/#local-main-organization-logo"},"sameAs":["https:\/\/web.facebook.com\/landiousEgypt","https:\/\/x.com\/LandiousTours","https:\/\/mastodon.social\/@landious"],"legalName":"Landious Travel","telephone":[],"openingHoursSpecification":[{"@type":"OpeningHoursSpecification","dayOfWeek":["Monday","Tuesday","Wednesday","Thursday","Friday","Saturday","Sunday"],"opens":"09:00","closes":"17:00"}]},{"@type":"ImageObject","inLanguage":"et","@id":"https:\/\/landioustravel.com\/et\/kontaktid\/#local-main-organization-logo","url":"https:\/\/i0.wp.com\/landioustravel.com\/wp-content\/uploads\/2021\/06\/Landious-T.png?fit=500%2C500&ssl=1","contentUrl":"https:\/\/i0.wp.com\/landioustravel.com\/wp-content\/uploads\/2021\/06\/Landious-T.png?fit=500%2C500&ssl=1","width":500,"height":500,"caption":"Landious Travel"}]}},"uagb_featured_image_src":{"full":false,"thumbnail":false,"medium":false,"medium_large":false,"large":false,"1536x1536":false,"2048x2048":false,"newspack-article-block-landscape-large":false,"newspack-article-block-portrait-large":false,"newspack-article-block-square-large":false,"newspack-article-block-landscape-medium":false,"newspack-article-block-portrait-medium":false,"newspack-article-block-square-medium":false,"newspack-article-block-landscape-intermediate":false,"newspack-article-block-portrait-intermediate":false,"newspack-article-block-square-intermediate":false,"newspack-article-block-landscape-small":false,"newspack-article-block-portrait-small":false,"newspack-article-block-square-small":false,"newspack-article-block-landscape-tiny":false,"newspack-article-block-portrait-tiny":false,"newspack-article-block-square-tiny":false,"newspack-article-block-uncropped":false,"woocommerce_thumbnail":false,"woocommerce_single":false,"woocommerce_gallery_thumbnail":false},"uagb_author_info":{"display_name":"Mofreh Landious","author_link":"https:\/\/landioustravel.com\/et\/author\/landious\/"},"uagb_comment_info":0,"uagb_excerpt":"See jaotis sisaldab meie kontakte ja n\u00e4itab teile parimat viisi meiega \u00fchenduse v\u00f5tmiseks. \u00dcldiselt on meiega \u00fchenduse v\u00f5tmiseks kaks kanalit. Landious Travelil on nii f\u00fc\u00fcsiline asukoht kui ka veebis kohalolek. Allpool anname teile teavet nende kahe kanali kohta. Landious reisikontaktid F\u00fc\u00fcsiline asukoht ja aadress Landious Traveli f\u00fc\u00fcsiline asukoht on Hurghadas ja mitmes Egiptuse linnas .Kuigi&hellip;","jetpack_sharing_enabled":true,"jetpack_shortlink":"https:\/\/wp.me\/Par4r5-zli","jetpack_likes_enabled":true,"amp_enabled":true,"_links":{"self":[{"href":"https:\/\/landioustravel.com\/et\/wp-json\/wp\/v2\/pages\/135860","targetHints":{"allow":["GET"]}}],"collection":[{"href":"https:\/\/landioustravel.com\/et\/wp-json\/wp\/v2\/pages"}],"about":[{"href":"https:\/\/landioustravel.com\/et\/wp-json\/wp\/v2\/types\/page"}],"author":[{"embeddable":true,"href":"https:\/\/landioustravel.com\/et\/wp-json\/wp\/v2\/users\/1"}],"replies":[{"embeddable":true,"href":"https:\/\/landioustravel.com\/et\/wp-json\/wp\/v2\/comments?post=135860"}],"version-history":[{"count":3,"href":"https:\/\/landioustravel.com\/et\/wp-json\/wp\/v2\/pages\/135860\/revisions"}],"predecessor-version":[{"id":141307,"href":"https:\/\/landioustravel.com\/et\/wp-json\/wp\/v2\/pages\/135860\/revisions\/141307"}],"wp:attachment":[{"href":"https:\/\/landioustravel.com\/et\/wp-json\/wp\/v2\/media?parent=135860"}],"curies":[{"name":"wp","href":"https:\/\/api.w.org\/{rel}","templated":true}]}}