{"id":10153,"date":"2019-07-05T14:35:06","date_gmt":"2019-07-05T12:35:06","guid":{"rendered":"https:\/\/landioustravel.com\/?page_id=10153"},"modified":"2019-07-05T14:35:13","modified_gmt":"2019-07-05T12:35:13","slug":"ville-marsa-alam","status":"publish","type":"page","link":"https:\/\/landioustravel.com\/fr\/egypte\/villes-egyptiennes\/gouvernorat-bahr-ahmar\/ville-marsa-alam\/","title":{"rendered":"Ville de Marsa Alam"},"content":{"rendered":"\n<p><amp-fit-text layout=\"fixed-height\" min-font-size=\"6\" max-font-size=\"72\" height=\"80\">La ville de Marsa Alam s\u2019\u00e9tend sur environ 540 kilom\u00e8tres le long du littoral de la mer Rouge, dans <a href=\"https:\/\/landioustravel.com\/fr\/egypte\/villes-egyptiennes\/gouvernorat-bahr-ahmar\/\">le gouvernorat d\u2019Al-Bahr Al-Ahmar<\/a>, en <a href=\"https:\/\/landioustravel.com\/fr\/egypte\/\">\u00c9gypte<\/a>. Il est situ\u00e9 \u00e0 325 km du gouvernorat le plus proche (<a href=\"https:\/\/landioustravel.com\/fr\/egypte\/villes-egyptiennes\/gouvernorat-assouan\/\">Assouan<\/a>) dans la vall\u00e9e du Nil et \u00e0 365 km de <a href=\"https:\/\/landioustravel.com\/fr\/egypte\/villes-egyptiennes\/gouvernorat-louxor\/\">Louxor<\/a>. Al-Quseir la borde au nord, les fronti\u00e8res soudanaises au sud, la c\u00f4te de la mer Rouge \u00e0 l&#8217;est et le gouvernorat d&#8217;Assouan \u00e0 l&#8217;ouest.<\/amp-fit-text><\/p>\n\n\n\n<amp-fit-text layout=\"fixed-height\" min-font-size=\"6\" max-font-size=\"72\" height=\"80\"><h2 class=\"wp-block-heading\">Marsa Alam Activit\u00e9s<\/h2><\/amp-fit-text>\n\n\n\n<p><amp-fit-text layout=\"fixed-height\" min-font-size=\"6\" max-font-size=\"72\" height=\"80\">Voici donc une liste compl\u00e8te des activit\u00e9s et des activit\u00e9s \u00e0 faire \u00e0 Marsa Alam, en \u00c9gypte. Pour votre commodit\u00e9, j&#8217;ai regroup\u00e9 ces entr\u00e9es dans les cat\u00e9gories de base suivantes:<\/amp-fit-text><\/p>\n\n\n\n<ul class=\"wp-block-list\"><li>Histoire li\u00e9e \/ Visiter Marsa Alam<\/li><li>Snorkeling \u00e0 Marsa Alam<\/li><li>Aussi, plong\u00e9e \u00e0 Marsa Alam<\/li><\/ul>\n\n\n\n<amp-fit-text layout=\"fixed-height\" min-font-size=\"6\" max-font-size=\"72\" height=\"80\"><h2 class=\"wp-block-heading\">Activit\u00e9s li\u00e9es \u00e0 l&#8217;histoire et aux visites touristiques<\/h2><\/amp-fit-text>\n\n\n\n<p><amp-fit-text layout=\"fixed-height\" min-font-size=\"6\" max-font-size=\"72\" height=\"80\">La ville de Marsa Alam est situ\u00e9e \u00e0 325 km du gouvernorat le plus proche (Assouan) dans la vall\u00e9e du Nil et \u00e0 365 km de Louxor. Sans aucun doute, cet emplacement unique augmente la possibilit\u00e9 de faire un certain nombre d&#8217;activit\u00e9s li\u00e9es \u00e0 l&#8217;histoire et de visites guid\u00e9es. Il permet principalement aux touristes de visiter les monuments et les attractions des villes du sud de Louxor, Sohag, Qena, Assouan, etc.<\/amp-fit-text><\/p>\n\n\n\n<p><amp-fit-text layout=\"fixed-height\" min-font-size=\"6\" max-font-size=\"72\" height=\"80\">Ce qui suit est une liste des activit\u00e9s que les touristes peuvent choisir. Cette liste fournit \u00e0 la fois la destination et le moyen de transport pour se rendre:<\/amp-fit-text><\/p>\n\n\n\n<ul class=\"wp-block-list\"><li><a href=\"https:\/\/landioustravel.com\/fr\/product\/vol-aller-retour-caire-marsa-alam\/\">Voyage au Caire de Marsa Alam en avion<\/a><\/li><li>Aussi, <a href=\"https:\/\/landioustravel.com\/fr\/product\/voyage-individuel-louxor-marsa-alam\/\">voyage individuel \u00e0 Louxor de Marsa Alam<\/a><\/li><\/ul>\n\n\n\n<amp-fit-text layout=\"fixed-height\" min-font-size=\"6\" max-font-size=\"72\" height=\"80\"><h3 class=\"wp-block-heading\">Activit\u00e9s de plong\u00e9e en apn\u00e9e \u00e0 Marsa Alam<\/h3><\/amp-fit-text>\n\n\n\n<p><amp-fit-text layout=\"fixed-height\" min-font-size=\"6\" max-font-size=\"72\" height=\"80\">La plong\u00e9e avec tuba est une activit\u00e9 r\u00e9cr\u00e9ative populaire en \u00c9gypte, en particulier dans la station baln\u00e9aire tropicale de Marsa Alam. Le principal attrait de cette activit\u00e9 est la possibilit\u00e9 d\u2019observer la vie sous-marine dans un environnement naturel sans l\u2019\u00e9quipement compliqu\u00e9 et la formation n\u00e9cessaires pour la plong\u00e9e sous-marine. Il fait appel \u00e0 tous les \u00e2ges en raison du peu d&#8217;effort n\u00e9cessaire.<\/amp-fit-text><\/p>\n\n\n\n<p><amp-fit-text layout=\"fixed-height\" min-font-size=\"6\" max-font-size=\"72\" height=\"80\">Voici une liste des activit\u00e9s en mer et des excursions \u00e0 Marsa Alam:<\/amp-fit-text><\/p>\n\n\n\n<ul class=\"wp-block-list\"><li><a href=\"https:\/\/landioustravel.com\/fr\/product\/excursion-bateau-moubarak-marsa-alam\/\">Plong\u00e9e en apn\u00e9e \u00e0 Marsa Mubarak depuis Marsa Alam<\/a><\/li><li>En outre, <a href=\"https:\/\/landioustravel.com\/fr\/product\/excursion-bateau-sataya-marsa-alam\/\">excursion en mer \u00e0 Dolphin Reef Sataya depuis Marsa Alam<\/a><\/li><\/ul>\n","protected":false},"excerpt":{"rendered":"<p>La ville de Marsa Alam s\u2019\u00e9tend sur environ 540 kilom\u00e8tres le long du littoral de la mer Rouge, dans le gouvernorat d\u2019Al-Bahr Al-Ahmar, en \u00c9gypte. Il est situ\u00e9 \u00e0 325 km du gouvernorat le plus proche (Assouan) dans la vall\u00e9e du Nil et \u00e0 365 km de Louxor. Al-Quseir la borde au nord, les fronti\u00e8res [&hellip;]<\/p>\n","protected":false},"author":1,"featured_media":4245,"parent":3549,"menu_order":0,"comment_status":"open","ping_status":"closed","template":"","meta":{"_coblocks_attr":"","_coblocks_dimensions":"","_coblocks_responsive_height":"","_coblocks_accordion_ie_support":"","_uag_custom_page_level_css":"","jetpack_post_was_ever_published":false,"footnotes":""},"class_list":["post-10153","page","type-page","status-publish","has-post-thumbnail","hentry"],"yoast_head":"<!-- This site is optimized with the Yoast SEO Premium plugin v26.9 (Yoast SEO v27.3) - https:\/\/yoast.com\/product\/yoast-seo-premium-wordpress\/ -->\n<title>Ville de Marsa Alam<\/title>\n<meta name=\"description\" content=\"La ville de Marsa Alam est situ\u00e9e \u00e0 325 km du gouvernorat le plus proche (Assouan) dans la vall\u00e9e du Nil et \u00e0 365 km de Louxor. Sans aucun doute, cet emplacement unique augmente la possibilit\u00e9 de faire un certain nombre d&#039;activit\u00e9s li\u00e9es \u00e0 l&#039;histoire et de visites guid\u00e9es. Il permet principalement aux touristes de visiter les monuments et les attractions des villes du sud de Louxor, Sohag, Qena, Assouan\" \/>\n<meta name=\"robots\" content=\"index, follow, max-snippet:-1, max-image-preview:large, max-video-preview:-1\" \/>\n<link rel=\"canonical\" href=\"https:\/\/landioustravel.com\/fr\/egypte\/villes-egyptiennes\/gouvernorat-bahr-ahmar\/ville-marsa-alam\/\" \/>\n<meta property=\"og:locale\" content=\"fr_FR\" \/>\n<meta property=\"og:type\" content=\"article\" \/>\n<meta property=\"og:title\" content=\"Ville de Marsa Alam\" \/>\n<meta property=\"og:description\" content=\"La ville de Marsa Alam est situ\u00e9e \u00e0 325 km du gouvernorat le plus proche (Assouan) dans la vall\u00e9e du Nil et \u00e0 365 km de Louxor. Sans aucun doute, cet emplacement unique augmente la possibilit\u00e9 de faire un certain nombre d&#039;activit\u00e9s li\u00e9es \u00e0 l&#039;histoire et de visites guid\u00e9es. Il permet principalement aux touristes de visiter les monuments et les attractions des villes du sud de Louxor, Sohag, Qena, Assouan\" \/>\n<meta property=\"og:url\" content=\"https:\/\/landioustravel.com\/fr\/egypte\/villes-egyptiennes\/gouvernorat-bahr-ahmar\/ville-marsa-alam\/\" \/>\n<meta property=\"og:site_name\" content=\"Landious Travel\" \/>\n<meta property=\"article:publisher\" content=\"https:\/\/web.facebook.com\/landiousEgypt\" \/>\n<meta property=\"article:modified_time\" content=\"2019-07-05T12:35:13+00:00\" \/>\n<meta property=\"og:image\" content=\"https:\/\/i0.wp.com\/landioustravel.com\/wp-content\/uploads\/2019\/04\/abu_dabab_beach.jpg?fit=945%2C533&ssl=1\" \/>\n\t<meta property=\"og:image:width\" content=\"945\" \/>\n\t<meta property=\"og:image:height\" content=\"533\" \/>\n\t<meta property=\"og:image:type\" content=\"image\/jpeg\" \/>\n<meta name=\"twitter:card\" content=\"summary_large_image\" \/>\n<meta name=\"twitter:site\" content=\"@LandiousTours\" \/>\n<meta name=\"twitter:label1\" content=\"Dur\u00e9e de lecture estim\u00e9e\" \/>\n\t<meta name=\"twitter:data1\" content=\"2 minutes\" \/>\n<script type=\"application\/ld+json\" class=\"yoast-schema-graph\">{\"@context\":\"https:\\\/\\\/schema.org\",\"@graph\":[{\"@type\":\"WebPage\",\"@id\":\"https:\\\/\\\/landioustravel.com\\\/fr\\\/egypte\\\/villes-egyptiennes\\\/gouvernorat-bahr-ahmar\\\/ville-marsa-alam\\\/\",\"url\":\"https:\\\/\\\/landioustravel.com\\\/fr\\\/egypte\\\/villes-egyptiennes\\\/gouvernorat-bahr-ahmar\\\/ville-marsa-alam\\\/\",\"name\":\"Ville de Marsa Alam\",\"isPartOf\":{\"@id\":\"https:\\\/\\\/landioustravel.com\\\/fr\\\/#website\"},\"primaryImageOfPage\":{\"@id\":\"https:\\\/\\\/landioustravel.com\\\/fr\\\/egypte\\\/villes-egyptiennes\\\/gouvernorat-bahr-ahmar\\\/ville-marsa-alam\\\/#primaryimage\"},\"image\":{\"@id\":\"https:\\\/\\\/landioustravel.com\\\/fr\\\/egypte\\\/villes-egyptiennes\\\/gouvernorat-bahr-ahmar\\\/ville-marsa-alam\\\/#primaryimage\"},\"thumbnailUrl\":\"https:\\\/\\\/i0.wp.com\\\/landioustravel.com\\\/wp-content\\\/uploads\\\/2019\\\/04\\\/abu_dabab_beach.jpg?fit=945%2C533&ssl=1\",\"datePublished\":\"2019-07-05T12:35:06+00:00\",\"dateModified\":\"2019-07-05T12:35:13+00:00\",\"description\":\"La ville de Marsa Alam est situ\u00e9e \u00e0 325 km du gouvernorat le plus proche (Assouan) dans la vall\u00e9e du Nil et \u00e0 365 km de Louxor. Sans aucun doute, cet emplacement unique augmente la possibilit\u00e9 de faire un certain nombre d'activit\u00e9s li\u00e9es \u00e0 l'histoire et de visites guid\u00e9es. Il permet principalement aux touristes de visiter les monuments et les attractions des villes du sud de Louxor, Sohag, Qena, Assouan\",\"breadcrumb\":{\"@id\":\"https:\\\/\\\/landioustravel.com\\\/fr\\\/egypte\\\/villes-egyptiennes\\\/gouvernorat-bahr-ahmar\\\/ville-marsa-alam\\\/#breadcrumb\"},\"inLanguage\":\"fr-FR\",\"potentialAction\":[{\"@type\":\"ReadAction\",\"target\":[\"https:\\\/\\\/landioustravel.com\\\/fr\\\/egypte\\\/villes-egyptiennes\\\/gouvernorat-bahr-ahmar\\\/ville-marsa-alam\\\/\"]}]},{\"@type\":\"ImageObject\",\"inLanguage\":\"fr-FR\",\"@id\":\"https:\\\/\\\/landioustravel.com\\\/fr\\\/egypte\\\/villes-egyptiennes\\\/gouvernorat-bahr-ahmar\\\/ville-marsa-alam\\\/#primaryimage\",\"url\":\"https:\\\/\\\/i0.wp.com\\\/landioustravel.com\\\/wp-content\\\/uploads\\\/2019\\\/04\\\/abu_dabab_beach.jpg?fit=945%2C533&ssl=1\",\"contentUrl\":\"https:\\\/\\\/i0.wp.com\\\/landioustravel.com\\\/wp-content\\\/uploads\\\/2019\\\/04\\\/abu_dabab_beach.jpg?fit=945%2C533&ssl=1\",\"width\":945,\"height\":533,\"caption\":\"Excursion to Abu Daba Beach from Hurghada\"},{\"@type\":\"BreadcrumbList\",\"@id\":\"https:\\\/\\\/landioustravel.com\\\/fr\\\/egypte\\\/villes-egyptiennes\\\/gouvernorat-bahr-ahmar\\\/ville-marsa-alam\\\/#breadcrumb\",\"itemListElement\":[{\"@type\":\"ListItem\",\"position\":1,\"name\":\"Home\",\"item\":\"https:\\\/\\\/landioustravel.com\\\/fr\\\/\"},{\"@type\":\"ListItem\",\"position\":2,\"name\":\"\u00c9gypte\",\"item\":\"https:\\\/\\\/landioustravel.com\\\/fr\\\/egypte\\\/\"},{\"@type\":\"ListItem\",\"position\":3,\"name\":\"Villes \u00e9gyptiennes\",\"item\":\"https:\\\/\\\/landioustravel.com\\\/fr\\\/egypte\\\/villes-egyptiennes\\\/\"},{\"@type\":\"ListItem\",\"position\":4,\"name\":\"Gouvernorat d&#8217;Al-Bahr Al-Ahmar\",\"item\":\"https:\\\/\\\/landioustravel.com\\\/fr\\\/egypte\\\/villes-egyptiennes\\\/gouvernorat-bahr-ahmar\\\/\"},{\"@type\":\"ListItem\",\"position\":5,\"name\":\"Ville de Marsa Alam\"}]},{\"@type\":\"WebSite\",\"@id\":\"https:\\\/\\\/landioustravel.com\\\/fr\\\/#website\",\"url\":\"https:\\\/\\\/landioustravel.com\\\/fr\\\/\",\"name\":\"Landious Travel\",\"description\":\"Excursions, trips and cruises in Egypt\",\"publisher\":{\"@id\":\"https:\\\/\\\/landioustravel.com\\\/fr\\\/#organization\"},\"potentialAction\":[{\"@type\":\"SearchAction\",\"target\":{\"@type\":\"EntryPoint\",\"urlTemplate\":\"https:\\\/\\\/landioustravel.com\\\/fr\\\/?s={search_term_string}\"},\"query-input\":{\"@type\":\"PropertyValueSpecification\",\"valueRequired\":true,\"valueName\":\"search_term_string\"}}],\"inLanguage\":\"fr-FR\"},{\"@type\":[\"Organization\",\"Place\"],\"@id\":\"https:\\\/\\\/landioustravel.com\\\/fr\\\/#organization\",\"name\":\"Landious Travel\",\"alternateName\":\"Landious Travel\",\"url\":\"https:\\\/\\\/landioustravel.com\\\/fr\\\/\",\"logo\":{\"@id\":\"https:\\\/\\\/landioustravel.com\\\/fr\\\/egypte\\\/villes-egyptiennes\\\/gouvernorat-bahr-ahmar\\\/ville-marsa-alam\\\/#local-main-organization-logo\"},\"image\":{\"@id\":\"https:\\\/\\\/landioustravel.com\\\/fr\\\/egypte\\\/villes-egyptiennes\\\/gouvernorat-bahr-ahmar\\\/ville-marsa-alam\\\/#local-main-organization-logo\"},\"sameAs\":[\"https:\\\/\\\/web.facebook.com\\\/landiousEgypt\",\"https:\\\/\\\/x.com\\\/LandiousTours\",\"https:\\\/\\\/mastodon.social\\\/@landious\"],\"legalName\":\"Landious Travel\",\"telephone\":[],\"openingHoursSpecification\":[{\"@type\":\"OpeningHoursSpecification\",\"dayOfWeek\":[\"Monday\",\"Tuesday\",\"Wednesday\",\"Thursday\",\"Friday\",\"Saturday\",\"Sunday\"],\"opens\":\"09:00\",\"closes\":\"17:00\"}]},{\"@type\":\"ImageObject\",\"inLanguage\":\"fr-FR\",\"@id\":\"https:\\\/\\\/landioustravel.com\\\/fr\\\/egypte\\\/villes-egyptiennes\\\/gouvernorat-bahr-ahmar\\\/ville-marsa-alam\\\/#local-main-organization-logo\",\"url\":\"https:\\\/\\\/i0.wp.com\\\/landioustravel.com\\\/wp-content\\\/uploads\\\/2021\\\/06\\\/Landious-T.png?fit=500%2C500&ssl=1\",\"contentUrl\":\"https:\\\/\\\/i0.wp.com\\\/landioustravel.com\\\/wp-content\\\/uploads\\\/2021\\\/06\\\/Landious-T.png?fit=500%2C500&ssl=1\",\"width\":500,\"height\":500,\"caption\":\"Landious Travel\"}]}<\/script>\n<!-- \/ Yoast SEO Premium plugin. -->","yoast_head_json":{"title":"Ville de Marsa Alam","description":"La ville de Marsa Alam est situ\u00e9e \u00e0 325 km du gouvernorat le plus proche (Assouan) dans la vall\u00e9e du Nil et \u00e0 365 km de Louxor. Sans aucun doute, cet emplacement unique augmente la possibilit\u00e9 de faire un certain nombre d'activit\u00e9s li\u00e9es \u00e0 l'histoire et de visites guid\u00e9es. Il permet principalement aux touristes de visiter les monuments et les attractions des villes du sud de Louxor, Sohag, Qena, Assouan","robots":{"index":"index","follow":"follow","max-snippet":"max-snippet:-1","max-image-preview":"max-image-preview:large","max-video-preview":"max-video-preview:-1"},"canonical":"https:\/\/landioustravel.com\/fr\/egypte\/villes-egyptiennes\/gouvernorat-bahr-ahmar\/ville-marsa-alam\/","og_locale":"fr_FR","og_type":"article","og_title":"Ville de Marsa Alam","og_description":"La ville de Marsa Alam est situ\u00e9e \u00e0 325 km du gouvernorat le plus proche (Assouan) dans la vall\u00e9e du Nil et \u00e0 365 km de Louxor. Sans aucun doute, cet emplacement unique augmente la possibilit\u00e9 de faire un certain nombre d'activit\u00e9s li\u00e9es \u00e0 l'histoire et de visites guid\u00e9es. Il permet principalement aux touristes de visiter les monuments et les attractions des villes du sud de Louxor, Sohag, Qena, Assouan","og_url":"https:\/\/landioustravel.com\/fr\/egypte\/villes-egyptiennes\/gouvernorat-bahr-ahmar\/ville-marsa-alam\/","og_site_name":"Landious Travel","article_publisher":"https:\/\/web.facebook.com\/landiousEgypt","article_modified_time":"2019-07-05T12:35:13+00:00","og_image":[{"width":945,"height":533,"url":"https:\/\/i0.wp.com\/landioustravel.com\/wp-content\/uploads\/2019\/04\/abu_dabab_beach.jpg?fit=945%2C533&ssl=1","type":"image\/jpeg"}],"twitter_card":"summary_large_image","twitter_site":"@LandiousTours","twitter_misc":{"Dur\u00e9e de lecture estim\u00e9e":"2 minutes"},"schema":{"@context":"https:\/\/schema.org","@graph":[{"@type":"WebPage","@id":"https:\/\/landioustravel.com\/fr\/egypte\/villes-egyptiennes\/gouvernorat-bahr-ahmar\/ville-marsa-alam\/","url":"https:\/\/landioustravel.com\/fr\/egypte\/villes-egyptiennes\/gouvernorat-bahr-ahmar\/ville-marsa-alam\/","name":"Ville de Marsa Alam","isPartOf":{"@id":"https:\/\/landioustravel.com\/fr\/#website"},"primaryImageOfPage":{"@id":"https:\/\/landioustravel.com\/fr\/egypte\/villes-egyptiennes\/gouvernorat-bahr-ahmar\/ville-marsa-alam\/#primaryimage"},"image":{"@id":"https:\/\/landioustravel.com\/fr\/egypte\/villes-egyptiennes\/gouvernorat-bahr-ahmar\/ville-marsa-alam\/#primaryimage"},"thumbnailUrl":"https:\/\/i0.wp.com\/landioustravel.com\/wp-content\/uploads\/2019\/04\/abu_dabab_beach.jpg?fit=945%2C533&ssl=1","datePublished":"2019-07-05T12:35:06+00:00","dateModified":"2019-07-05T12:35:13+00:00","description":"La ville de Marsa Alam est situ\u00e9e \u00e0 325 km du gouvernorat le plus proche (Assouan) dans la vall\u00e9e du Nil et \u00e0 365 km de Louxor. Sans aucun doute, cet emplacement unique augmente la possibilit\u00e9 de faire un certain nombre d'activit\u00e9s li\u00e9es \u00e0 l'histoire et de visites guid\u00e9es. Il permet principalement aux touristes de visiter les monuments et les attractions des villes du sud de Louxor, Sohag, Qena, Assouan","breadcrumb":{"@id":"https:\/\/landioustravel.com\/fr\/egypte\/villes-egyptiennes\/gouvernorat-bahr-ahmar\/ville-marsa-alam\/#breadcrumb"},"inLanguage":"fr-FR","potentialAction":[{"@type":"ReadAction","target":["https:\/\/landioustravel.com\/fr\/egypte\/villes-egyptiennes\/gouvernorat-bahr-ahmar\/ville-marsa-alam\/"]}]},{"@type":"ImageObject","inLanguage":"fr-FR","@id":"https:\/\/landioustravel.com\/fr\/egypte\/villes-egyptiennes\/gouvernorat-bahr-ahmar\/ville-marsa-alam\/#primaryimage","url":"https:\/\/i0.wp.com\/landioustravel.com\/wp-content\/uploads\/2019\/04\/abu_dabab_beach.jpg?fit=945%2C533&ssl=1","contentUrl":"https:\/\/i0.wp.com\/landioustravel.com\/wp-content\/uploads\/2019\/04\/abu_dabab_beach.jpg?fit=945%2C533&ssl=1","width":945,"height":533,"caption":"Excursion to Abu Daba Beach from Hurghada"},{"@type":"BreadcrumbList","@id":"https:\/\/landioustravel.com\/fr\/egypte\/villes-egyptiennes\/gouvernorat-bahr-ahmar\/ville-marsa-alam\/#breadcrumb","itemListElement":[{"@type":"ListItem","position":1,"name":"Home","item":"https:\/\/landioustravel.com\/fr\/"},{"@type":"ListItem","position":2,"name":"\u00c9gypte","item":"https:\/\/landioustravel.com\/fr\/egypte\/"},{"@type":"ListItem","position":3,"name":"Villes \u00e9gyptiennes","item":"https:\/\/landioustravel.com\/fr\/egypte\/villes-egyptiennes\/"},{"@type":"ListItem","position":4,"name":"Gouvernorat d&#8217;Al-Bahr Al-Ahmar","item":"https:\/\/landioustravel.com\/fr\/egypte\/villes-egyptiennes\/gouvernorat-bahr-ahmar\/"},{"@type":"ListItem","position":5,"name":"Ville de Marsa Alam"}]},{"@type":"WebSite","@id":"https:\/\/landioustravel.com\/fr\/#website","url":"https:\/\/landioustravel.com\/fr\/","name":"Landious Travel","description":"Excursions, trips and cruises in Egypt","publisher":{"@id":"https:\/\/landioustravel.com\/fr\/#organization"},"potentialAction":[{"@type":"SearchAction","target":{"@type":"EntryPoint","urlTemplate":"https:\/\/landioustravel.com\/fr\/?s={search_term_string}"},"query-input":{"@type":"PropertyValueSpecification","valueRequired":true,"valueName":"search_term_string"}}],"inLanguage":"fr-FR"},{"@type":["Organization","Place"],"@id":"https:\/\/landioustravel.com\/fr\/#organization","name":"Landious Travel","alternateName":"Landious Travel","url":"https:\/\/landioustravel.com\/fr\/","logo":{"@id":"https:\/\/landioustravel.com\/fr\/egypte\/villes-egyptiennes\/gouvernorat-bahr-ahmar\/ville-marsa-alam\/#local-main-organization-logo"},"image":{"@id":"https:\/\/landioustravel.com\/fr\/egypte\/villes-egyptiennes\/gouvernorat-bahr-ahmar\/ville-marsa-alam\/#local-main-organization-logo"},"sameAs":["https:\/\/web.facebook.com\/landiousEgypt","https:\/\/x.com\/LandiousTours","https:\/\/mastodon.social\/@landious"],"legalName":"Landious Travel","telephone":[],"openingHoursSpecification":[{"@type":"OpeningHoursSpecification","dayOfWeek":["Monday","Tuesday","Wednesday","Thursday","Friday","Saturday","Sunday"],"opens":"09:00","closes":"17:00"}]},{"@type":"ImageObject","inLanguage":"fr-FR","@id":"https:\/\/landioustravel.com\/fr\/egypte\/villes-egyptiennes\/gouvernorat-bahr-ahmar\/ville-marsa-alam\/#local-main-organization-logo","url":"https:\/\/i0.wp.com\/landioustravel.com\/wp-content\/uploads\/2021\/06\/Landious-T.png?fit=500%2C500&ssl=1","contentUrl":"https:\/\/i0.wp.com\/landioustravel.com\/wp-content\/uploads\/2021\/06\/Landious-T.png?fit=500%2C500&ssl=1","width":500,"height":500,"caption":"Landious Travel"}]}},"uagb_featured_image_src":{"full":["https:\/\/i0.wp.com\/landioustravel.com\/wp-content\/uploads\/2019\/04\/abu_dabab_beach.jpg?fit=945%2C533&ssl=1",945,533,false],"thumbnail":["https:\/\/i0.wp.com\/landioustravel.com\/wp-content\/uploads\/2019\/04\/abu_dabab_beach.jpg?resize=150%2C150&ssl=1",150,150,true],"medium":["https:\/\/i0.wp.com\/landioustravel.com\/wp-content\/uploads\/2019\/04\/abu_dabab_beach.jpg?fit=300%2C169&ssl=1",300,169,true],"medium_large":["https:\/\/i0.wp.com\/landioustravel.com\/wp-content\/uploads\/2019\/04\/abu_dabab_beach.jpg?fit=768%2C433&ssl=1",768,433,true],"large":["https:\/\/i0.wp.com\/landioustravel.com\/wp-content\/uploads\/2019\/04\/abu_dabab_beach.jpg?fit=945%2C533&ssl=1",945,533,true],"1536x1536":["https:\/\/i0.wp.com\/landioustravel.com\/wp-content\/uploads\/2019\/04\/abu_dabab_beach.jpg?fit=945%2C533&ssl=1",945,533,true],"2048x2048":["https:\/\/i0.wp.com\/landioustravel.com\/wp-content\/uploads\/2019\/04\/abu_dabab_beach.jpg?fit=945%2C533&ssl=1",945,533,true],"newspack-article-block-landscape-large":["https:\/\/i0.wp.com\/landioustravel.com\/wp-content\/uploads\/2019\/04\/abu_dabab_beach.jpg?resize=945%2C533&ssl=1",945,533,true],"newspack-article-block-portrait-large":["https:\/\/i0.wp.com\/landioustravel.com\/wp-content\/uploads\/2019\/04\/abu_dabab_beach.jpg?resize=900%2C533&ssl=1",900,533,true],"newspack-article-block-square-large":["https:\/\/i0.wp.com\/landioustravel.com\/wp-content\/uploads\/2019\/04\/abu_dabab_beach.jpg?resize=945%2C533&ssl=1",945,533,true],"newspack-article-block-landscape-medium":["https:\/\/i0.wp.com\/landioustravel.com\/wp-content\/uploads\/2019\/04\/abu_dabab_beach.jpg?resize=800%2C533&ssl=1",800,533,true],"newspack-article-block-portrait-medium":["https:\/\/i0.wp.com\/landioustravel.com\/wp-content\/uploads\/2019\/04\/abu_dabab_beach.jpg?resize=600%2C533&ssl=1",600,533,true],"newspack-article-block-square-medium":["https:\/\/i0.wp.com\/landioustravel.com\/wp-content\/uploads\/2019\/04\/abu_dabab_beach.jpg?resize=800%2C533&ssl=1",800,533,true],"newspack-article-block-landscape-intermediate":["https:\/\/i0.wp.com\/landioustravel.com\/wp-content\/uploads\/2019\/04\/abu_dabab_beach.jpg?resize=600%2C450&ssl=1",600,450,true],"newspack-article-block-portrait-intermediate":["https:\/\/i0.wp.com\/landioustravel.com\/wp-content\/uploads\/2019\/04\/abu_dabab_beach.jpg?resize=450%2C533&ssl=1",450,533,true],"newspack-article-block-square-intermediate":["https:\/\/i0.wp.com\/landioustravel.com\/wp-content\/uploads\/2019\/04\/abu_dabab_beach.jpg?resize=600%2C533&ssl=1",600,533,true],"newspack-article-block-landscape-small":["https:\/\/i0.wp.com\/landioustravel.com\/wp-content\/uploads\/2019\/04\/abu_dabab_beach.jpg?resize=400%2C300&ssl=1",400,300,true],"newspack-article-block-portrait-small":["https:\/\/i0.wp.com\/landioustravel.com\/wp-content\/uploads\/2019\/04\/abu_dabab_beach.jpg?resize=300%2C400&ssl=1",300,400,true],"newspack-article-block-square-small":["https:\/\/i0.wp.com\/landioustravel.com\/wp-content\/uploads\/2019\/04\/abu_dabab_beach.jpg?resize=400%2C400&ssl=1",400,400,true],"newspack-article-block-landscape-tiny":["https:\/\/i0.wp.com\/landioustravel.com\/wp-content\/uploads\/2019\/04\/abu_dabab_beach.jpg?resize=200%2C150&ssl=1",200,150,true],"newspack-article-block-portrait-tiny":["https:\/\/i0.wp.com\/landioustravel.com\/wp-content\/uploads\/2019\/04\/abu_dabab_beach.jpg?resize=150%2C200&ssl=1",150,200,true],"newspack-article-block-square-tiny":["https:\/\/i0.wp.com\/landioustravel.com\/wp-content\/uploads\/2019\/04\/abu_dabab_beach.jpg?resize=200%2C200&ssl=1",200,200,true],"newspack-article-block-uncropped":["https:\/\/i0.wp.com\/landioustravel.com\/wp-content\/uploads\/2019\/04\/abu_dabab_beach.jpg?fit=945%2C533&ssl=1",945,533,true],"woocommerce_thumbnail":["https:\/\/i0.wp.com\/landioustravel.com\/wp-content\/uploads\/2019\/04\/abu_dabab_beach.jpg?resize=324%2C324&ssl=1",324,324,true],"woocommerce_single":["https:\/\/i0.wp.com\/landioustravel.com\/wp-content\/uploads\/2019\/04\/abu_dabab_beach.jpg?fit=416%2C235&ssl=1",416,235,true],"woocommerce_gallery_thumbnail":["https:\/\/i0.wp.com\/landioustravel.com\/wp-content\/uploads\/2019\/04\/abu_dabab_beach.jpg?resize=100%2C100&ssl=1",100,100,true]},"uagb_author_info":{"display_name":"Mofreh Landious","author_link":"https:\/\/landioustravel.com\/fr\/author\/landious\/"},"uagb_comment_info":0,"uagb_excerpt":"La ville de Marsa Alam s\u2019\u00e9tend sur environ 540 kilom\u00e8tres le long du littoral de la mer Rouge, dans le gouvernorat d\u2019Al-Bahr Al-Ahmar, en \u00c9gypte. Il est situ\u00e9 \u00e0 325 km du gouvernorat le plus proche (Assouan) dans la vall\u00e9e du Nil et \u00e0 365 km de Louxor. Al-Quseir la borde au nord, les fronti\u00e8res&hellip;","jetpack_sharing_enabled":true,"jetpack_shortlink":"https:\/\/wp.me\/Par4r5-2DL","jetpack_likes_enabled":true,"amp_enabled":true,"_links":{"self":[{"href":"https:\/\/landioustravel.com\/fr\/wp-json\/wp\/v2\/pages\/10153","targetHints":{"allow":["GET"]}}],"collection":[{"href":"https:\/\/landioustravel.com\/fr\/wp-json\/wp\/v2\/pages"}],"about":[{"href":"https:\/\/landioustravel.com\/fr\/wp-json\/wp\/v2\/types\/page"}],"author":[{"embeddable":true,"href":"https:\/\/landioustravel.com\/fr\/wp-json\/wp\/v2\/users\/1"}],"replies":[{"embeddable":true,"href":"https:\/\/landioustravel.com\/fr\/wp-json\/wp\/v2\/comments?post=10153"}],"version-history":[{"count":0,"href":"https:\/\/landioustravel.com\/fr\/wp-json\/wp\/v2\/pages\/10153\/revisions"}],"up":[{"embeddable":true,"href":"https:\/\/landioustravel.com\/fr\/wp-json\/wp\/v2\/pages\/3549"}],"wp:featuredmedia":[{"embeddable":true,"href":"https:\/\/landioustravel.com\/fr\/wp-json\/wp\/v2\/media\/4245"}],"wp:attachment":[{"href":"https:\/\/landioustravel.com\/fr\/wp-json\/wp\/v2\/media?parent=10153"}],"curies":[{"name":"wp","href":"https:\/\/api.w.org\/{rel}","templated":true}]}}