{"id":1081,"date":"2019-01-11T16:36:49","date_gmt":"2019-01-11T14:36:49","guid":{"rendered":"https:\/\/landioustravel.com\/sur-nous\/"},"modified":"2021-08-15T00:59:31","modified_gmt":"2021-08-14T22:59:31","slug":"sur-nous","status":"publish","type":"page","link":"https:\/\/landioustravel.com\/fr\/sur-nous\/","title":{"rendered":"Sur Nous"},"content":{"rendered":"\n<p>Landious Travel est une entreprise touristique op\u00e9rant en Egypte. C&#8217;est votre conseiller de voyage en Egypte. En plus de cela, cela facilite votre travail pour obtenir votre guide pendant vos vacances dans ce pays. Notre soci\u00e9t\u00e9 propose ses <a href=\"https:\/\/landioustravel.com\/fr\/\">services touristiques<\/a> dans tout le pays. En cons\u00e9quence, les clients peuvent recevoir ces services dans les stations baln\u00e9aires, par ex. <a href=\"https:\/\/landioustravel.com\/fr\/ville-hurghada\/\">Hurghada<\/a>, <a href=\"https:\/\/landioustravel.com\/fr\/ville-safaga\/\">Safaga<\/a>, El-Quseir, <a href=\"https:\/\/landioustravel.com\/fr\/ville-marsa-alam\/\">Marsa Alam<\/a>, <a href=\"https:\/\/landioustravel.com\/fr\/ville-sharm-el-sheikh\/\">Charm el-Cheikh<\/a>, Dahab et Taba. De plus, nous proposons nos services dans les villes de la vall\u00e9e du <a href=\"https:\/\/landioustravel.com\/fr\/le-nil\/\">Nil<\/a>, par ex. <a href=\"https:\/\/landioustravel.com\/fr\/egypte\/villes-egyptiennes\/gouvernorat-caire\/\">Le Caire<\/a>, <a href=\"https:\/\/landioustravel.com\/fr\/egypte\/villes-egyptiennes\/gouvernorat-assouan\/\">Assouan<\/a> et <a href=\"https:\/\/landioustravel.com\/fr\/egypte\/villes-egyptiennes\/gouvernorat-louxor\/\">Louxor<\/a>. Landious Travel est l&#8217;un des meilleurs voyagistes en Egypte. Les touristes ont soumis leurs commentaires sur Landious pour confirmer ce fait.<\/p>\n\n\n\n<p>Cette page \u00c0 propos de nous dit au monde&nbsp;:<\/p>\n\n\n\n<ul class=\"is-style-checkbox wp-block-list\"><li>Qui est Landious Travel ?<\/li><li>Qu&#8217;est-ce qui nous importe ?<\/li><li>Que fait Landious Travel ?<\/li><li>Comment fait Landious Travel ?<\/li><\/ul>\n\n\n\n<h2 class=\"wp-block-heading\" id=\"h-pourquoi-les-touristes-choisissent-landious-travel\">Pourquoi les touristes choisissent Landious Travel<\/h2>\n\n\n\n<p>Nous travaillons jour et nuit pour satisfaire nos clients et d\u00e9velopper les services re\u00e7us \u00e0 travers nous. Aussi, nous croyons que nous faisons un excellent travail! Voici quelques raisons pour lesquelles les touristes pr\u00e9f\u00e8rent utiliser Landious Travel :<\/p>\n\n\n\n<ul class=\"is-style-checkbox wp-block-list\"><li>Exp\u00e9rience : les touristes choisissent notre entreprise car nous travaillons d\u00e9j\u00e0 professionnellement depuis 15 ans.<\/li><li>Confiance : les touristes ont \u00e9crit de tr\u00e8s bonnes critiques \u00e0 notre sujet car nous organisons tout \u00e0 un niveau \u00e9lev\u00e9.<\/li><li>Standard de services : notre entreprise cherche toujours des moyens d&#8217;atteindre le plus haut niveau de services \u00e0 offrir \u00e0 nos clients. Par cons\u00e9quent, les touristes obtiennent les impressions et les \u00e9motions les plus vives. En effet, tout est pens\u00e9 dans les moindres d\u00e9tails.<\/li><li>Des prix abordables : nous aidons les touristes \u00e0 obtenir des services \u00e0 des prix abordables et aux meilleurs prix.<\/li><li>Ponctualit\u00e9 : nous organisons tr\u00e8s clairement nos services pour que les touristes ne passent pas de temps \u00e0 attendre.<\/li><li><a href=\"https:\/\/landioustravel.com\/fr\/contacts\/\">Service support<\/a> : notre \u00e9quipe travaille quotidiennement, jour et nuit afin que nos clients puissent nous contacter \u00e0 tout moment. Le site Web de Landious Travel fonctionne 24 heures sur 24, 7 jours sur 7. Certes, nous offrons la disponibilit\u00e9 pour r\u00e9server et r\u00e9server vos voyages \u00e0 tout moment de la journ\u00e9e. Et, \u00e9galement, nos agents r\u00e9pondront \u00e0 toutes vos questions sur ces voyages \u00e0 la fois dans le chat en ligne et par appel.<\/li><li>Aussi, Liste des services : Dans la <a href=\"https:\/\/landioustravel.com\/fr\/magasin\/\">liste de nos services<\/a>, les touristes trouveront des transferts dans\/vers diverses villes et stations baln\u00e9aires. En outre, ils peuvent obtenir une vaste s\u00e9lection d&#8217;excursions de groupe\/individuelles, de visites et de croisi\u00e8res sur le Nil. En outre, la soci\u00e9t\u00e9 propose \u00e9galement la location de yachts et de bateaux ainsi que l&#8217;achat de souvenirs.<\/li><\/ul>\n\n\n\n<h2 class=\"wp-block-heading\">Fondateur<\/h2>\n\n\n\n<figure class=\"wp-block-image size-large\"><img data-recalc-dims=\"1\" loading=\"lazy\" decoding=\"async\" width=\"980\" height=\"551\" src=\"https:\/\/i0.wp.com\/landioustravel.com\/wp-content\/uploads\/2021\/08\/Kontakter2.jpg?resize=980%2C551&#038;ssl=1\" alt=\"\" class=\"wp-image-35473\" srcset=\"https:\/\/i0.wp.com\/landioustravel.com\/wp-content\/uploads\/2021\/08\/Kontakter2.jpg?resize=1024%2C576&amp;ssl=1 1024w, https:\/\/i0.wp.com\/landioustravel.com\/wp-content\/uploads\/2021\/08\/Kontakter2.jpg?resize=600%2C338&amp;ssl=1 600w, https:\/\/i0.wp.com\/landioustravel.com\/wp-content\/uploads\/2021\/08\/Kontakter2.jpg?resize=300%2C169&amp;ssl=1 300w, https:\/\/i0.wp.com\/landioustravel.com\/wp-content\/uploads\/2021\/08\/Kontakter2.jpg?resize=768%2C432&amp;ssl=1 768w, https:\/\/i0.wp.com\/landioustravel.com\/wp-content\/uploads\/2021\/08\/Kontakter2.jpg?resize=1536%2C864&amp;ssl=1 1536w, https:\/\/i0.wp.com\/landioustravel.com\/wp-content\/uploads\/2021\/08\/Kontakter2.jpg?resize=2048%2C1152&amp;ssl=1 2048w, https:\/\/i0.wp.com\/landioustravel.com\/wp-content\/uploads\/2021\/08\/Kontakter2.jpg?resize=1200%2C675&amp;ssl=1 1200w, https:\/\/i0.wp.com\/landioustravel.com\/wp-content\/uploads\/2021\/08\/Kontakter2.jpg?w=1960&amp;ssl=1 1960w, https:\/\/i0.wp.com\/landioustravel.com\/wp-content\/uploads\/2021\/08\/Kontakter2.jpg?w=2940&amp;ssl=1 2940w\" sizes=\"auto, (max-width: 980px) 100vw, 980px\" \/><figcaption>Mofreh Landious<\/figcaption><\/figure>\n\n\n\n<p>Le c\u00e9l\u00e8bre guide touristique <a href=\"https:\/\/www.facebook.com\/mof.landious\/\" target=\"_blank\" rel=\"noreferrer noopener\">Mofreh Landious<\/a> est le fondateur de Landious Travel. Parce qu&#8217;il a pass\u00e9 de nombreuses ann\u00e9es \u00e0 travailler avec des touristes dans toute l&#8217;Egypte, M. Landious a toujours r\u00eav\u00e9 de fonder une agence de voyage. Le r\u00eave est devenu r\u00e9alit\u00e9 en 2017 lorsqu&#8217;il a r\u00e9ussi \u00e0 cr\u00e9er Landious Travel pour servir les touristes venant en \u00c9gypte.<\/p>\n\n\n\n<p>Au d\u00e9but, M. Landious a con\u00e7u un petit site Web pour contacter les clients souhaitant visiter la station baln\u00e9aire d&#8217;Hurghada. Plus tard, en 2017, la soci\u00e9t\u00e9 a con\u00e7u un autre site Web moderne pour r\u00e9pondre aux besoins des clients. De plus, il se d\u00e9veloppe rapidement pour servir les touristes venant en \u00c9gypte de 15 destinations dans le monde dans leur langue maternelle. En outre, il est flexible et convivial pour le r\u00e9f\u00e9rencement. De plus, la soci\u00e9t\u00e9 a inclus plus de services et de visites dans sept <a href=\"https:\/\/landioustravel.com\/fr\/egypte\/villes-egyptiennes\/\">villes \u00e9gyptiennes<\/a>.<\/p>\n\n\n\n<p>Aujourd&#8217;hui, M. Landious prend sur ses \u00e9paules les meilleurs moyens de fournir des services de qualit\u00e9 \u00e0 tous les touristes. Certes, il vous aide \u00e0 obtenir votre guide en Egypte. C&#8217;est un vrai conseiller de voyage et vous pouvez compter sur lui.<\/p>\n","protected":false},"excerpt":{"rendered":"<p>Liste de services: dans la liste de nos services, les touristes trouveront des transferts vers diverses villes et stations baln\u00e9aires d&#8217;\u00c9gypte, un vaste choix d&#8217;excursions en groupe et individuelles, la location de yachts et l&#8217;achat de souvenirs.<\/p>\n","protected":false},"author":1,"featured_media":35475,"parent":0,"menu_order":0,"comment_status":"open","ping_status":"closed","template":"","meta":{"_coblocks_attr":"","_coblocks_dimensions":"","_coblocks_responsive_height":"","_coblocks_accordion_ie_support":"","_uag_custom_page_level_css":"","jetpack_post_was_ever_published":false,"footnotes":""},"class_list":["post-1081","page","type-page","status-publish","has-post-thumbnail","hentry"],"yoast_head":"<!-- This site is optimized with the Yoast SEO Premium plugin v26.9 (Yoast SEO v27.3) - https:\/\/yoast.com\/product\/yoast-seo-premium-wordpress\/ -->\n<title>Sur Nous - Informations sur l&#039;agence de Landious - Landious Travel<\/title>\n<meta name=\"description\" content=\"Sur Nous Les touristes choisissent la soci\u00e9t\u00e9 Landious Travel parce que nous travaillons de mani\u00e8re professionnelle dans le secteur du\" \/>\n<meta name=\"robots\" content=\"index, follow, max-snippet:-1, max-image-preview:large, max-video-preview:-1\" \/>\n<link rel=\"canonical\" href=\"https:\/\/landioustravel.com\/fr\/sur-nous\/\" \/>\n<meta property=\"og:locale\" content=\"fr_FR\" \/>\n<meta property=\"og:type\" content=\"article\" \/>\n<meta property=\"og:title\" content=\"Sur Nous\" \/>\n<meta property=\"og:description\" content=\"Sur Nous Les touristes choisissent la soci\u00e9t\u00e9 Landious Travel parce que nous travaillons de mani\u00e8re professionnelle dans le secteur du\" \/>\n<meta property=\"og:url\" content=\"https:\/\/landioustravel.com\/fr\/sur-nous\/\" \/>\n<meta property=\"og:site_name\" content=\"Landious Travel\" \/>\n<meta property=\"article:publisher\" content=\"https:\/\/web.facebook.com\/landiousEgypt\" \/>\n<meta property=\"article:modified_time\" content=\"2021-08-14T22:59:31+00:00\" \/>\n<meta property=\"og:image\" content=\"https:\/\/i0.wp.com\/landioustravel.com\/wp-content\/uploads\/2021\/08\/Sur-Nous-e1628981938101.jpg?fit=1200%2C675&ssl=1\" \/>\n\t<meta property=\"og:image:width\" content=\"1200\" \/>\n\t<meta property=\"og:image:height\" content=\"675\" \/>\n\t<meta property=\"og:image:type\" content=\"image\/jpeg\" \/>\n<meta name=\"twitter:card\" content=\"summary_large_image\" \/>\n<meta name=\"twitter:site\" content=\"@LandiousTours\" \/>\n<meta name=\"twitter:label1\" content=\"Dur\u00e9e de lecture estim\u00e9e\" \/>\n\t<meta name=\"twitter:data1\" content=\"3 minutes\" \/>\n<script type=\"application\/ld+json\" class=\"yoast-schema-graph\">{\"@context\":\"https:\\\/\\\/schema.org\",\"@graph\":[{\"@type\":\"WebPage\",\"@id\":\"https:\\\/\\\/landioustravel.com\\\/fr\\\/sur-nous\\\/\",\"url\":\"https:\\\/\\\/landioustravel.com\\\/fr\\\/sur-nous\\\/\",\"name\":\"Sur Nous - Informations sur l'agence de Landious - Landious Travel\",\"isPartOf\":{\"@id\":\"https:\\\/\\\/landioustravel.com\\\/fr\\\/#website\"},\"primaryImageOfPage\":{\"@id\":\"https:\\\/\\\/landioustravel.com\\\/fr\\\/sur-nous\\\/#primaryimage\"},\"image\":{\"@id\":\"https:\\\/\\\/landioustravel.com\\\/fr\\\/sur-nous\\\/#primaryimage\"},\"thumbnailUrl\":\"https:\\\/\\\/i0.wp.com\\\/landioustravel.com\\\/wp-content\\\/uploads\\\/2021\\\/08\\\/Sur-Nous-e1628981938101.jpg?fit=1200%2C675&ssl=1\",\"datePublished\":\"2019-01-11T14:36:49+00:00\",\"dateModified\":\"2021-08-14T22:59:31+00:00\",\"description\":\"Sur Nous Les touristes choisissent la soci\u00e9t\u00e9 Landious Travel parce que nous travaillons de mani\u00e8re professionnelle dans le secteur du\",\"breadcrumb\":{\"@id\":\"https:\\\/\\\/landioustravel.com\\\/fr\\\/sur-nous\\\/#breadcrumb\"},\"inLanguage\":\"fr-FR\",\"potentialAction\":[{\"@type\":\"ReadAction\",\"target\":[\"https:\\\/\\\/landioustravel.com\\\/fr\\\/sur-nous\\\/\"]}]},{\"@type\":\"ImageObject\",\"inLanguage\":\"fr-FR\",\"@id\":\"https:\\\/\\\/landioustravel.com\\\/fr\\\/sur-nous\\\/#primaryimage\",\"url\":\"https:\\\/\\\/i0.wp.com\\\/landioustravel.com\\\/wp-content\\\/uploads\\\/2021\\\/08\\\/Sur-Nous-e1628981938101.jpg?fit=1200%2C675&ssl=1\",\"contentUrl\":\"https:\\\/\\\/i0.wp.com\\\/landioustravel.com\\\/wp-content\\\/uploads\\\/2021\\\/08\\\/Sur-Nous-e1628981938101.jpg?fit=1200%2C675&ssl=1\",\"width\":1200,\"height\":675,\"caption\":\"Sur Nous\"},{\"@type\":\"BreadcrumbList\",\"@id\":\"https:\\\/\\\/landioustravel.com\\\/fr\\\/sur-nous\\\/#breadcrumb\",\"itemListElement\":[{\"@type\":\"ListItem\",\"position\":1,\"name\":\"Home\",\"item\":\"https:\\\/\\\/landioustravel.com\\\/fr\\\/\"},{\"@type\":\"ListItem\",\"position\":2,\"name\":\"Sur Nous\"}]},{\"@type\":\"WebSite\",\"@id\":\"https:\\\/\\\/landioustravel.com\\\/fr\\\/#website\",\"url\":\"https:\\\/\\\/landioustravel.com\\\/fr\\\/\",\"name\":\"Landious Travel\",\"description\":\"Excursions, trips and cruises in Egypt\",\"publisher\":{\"@id\":\"https:\\\/\\\/landioustravel.com\\\/fr\\\/#organization\"},\"potentialAction\":[{\"@type\":\"SearchAction\",\"target\":{\"@type\":\"EntryPoint\",\"urlTemplate\":\"https:\\\/\\\/landioustravel.com\\\/fr\\\/?s={search_term_string}\"},\"query-input\":{\"@type\":\"PropertyValueSpecification\",\"valueRequired\":true,\"valueName\":\"search_term_string\"}}],\"inLanguage\":\"fr-FR\"},{\"@type\":[\"Organization\",\"Place\"],\"@id\":\"https:\\\/\\\/landioustravel.com\\\/fr\\\/#organization\",\"name\":\"Landious Travel\",\"alternateName\":\"Landious Travel\",\"url\":\"https:\\\/\\\/landioustravel.com\\\/fr\\\/\",\"logo\":{\"@id\":\"https:\\\/\\\/landioustravel.com\\\/fr\\\/sur-nous\\\/#local-main-organization-logo\"},\"image\":{\"@id\":\"https:\\\/\\\/landioustravel.com\\\/fr\\\/sur-nous\\\/#local-main-organization-logo\"},\"sameAs\":[\"https:\\\/\\\/web.facebook.com\\\/landiousEgypt\",\"https:\\\/\\\/x.com\\\/LandiousTours\",\"https:\\\/\\\/mastodon.social\\\/@landious\"],\"legalName\":\"Landious Travel\",\"telephone\":[],\"openingHoursSpecification\":[{\"@type\":\"OpeningHoursSpecification\",\"dayOfWeek\":[\"Monday\",\"Tuesday\",\"Wednesday\",\"Thursday\",\"Friday\",\"Saturday\",\"Sunday\"],\"opens\":\"09:00\",\"closes\":\"17:00\"}]},{\"@type\":\"ImageObject\",\"inLanguage\":\"fr-FR\",\"@id\":\"https:\\\/\\\/landioustravel.com\\\/fr\\\/sur-nous\\\/#local-main-organization-logo\",\"url\":\"https:\\\/\\\/i0.wp.com\\\/landioustravel.com\\\/wp-content\\\/uploads\\\/2021\\\/06\\\/Landious-T.png?fit=500%2C500&ssl=1\",\"contentUrl\":\"https:\\\/\\\/i0.wp.com\\\/landioustravel.com\\\/wp-content\\\/uploads\\\/2021\\\/06\\\/Landious-T.png?fit=500%2C500&ssl=1\",\"width\":500,\"height\":500,\"caption\":\"Landious Travel\"}]}<\/script>\n<!-- \/ Yoast SEO Premium plugin. -->","yoast_head_json":{"title":"Sur Nous - Informations sur l'agence de Landious - Landious Travel","description":"Sur Nous Les touristes choisissent la soci\u00e9t\u00e9 Landious Travel parce que nous travaillons de mani\u00e8re professionnelle dans le secteur du","robots":{"index":"index","follow":"follow","max-snippet":"max-snippet:-1","max-image-preview":"max-image-preview:large","max-video-preview":"max-video-preview:-1"},"canonical":"https:\/\/landioustravel.com\/fr\/sur-nous\/","og_locale":"fr_FR","og_type":"article","og_title":"Sur Nous","og_description":"Sur Nous Les touristes choisissent la soci\u00e9t\u00e9 Landious Travel parce que nous travaillons de mani\u00e8re professionnelle dans le secteur du","og_url":"https:\/\/landioustravel.com\/fr\/sur-nous\/","og_site_name":"Landious Travel","article_publisher":"https:\/\/web.facebook.com\/landiousEgypt","article_modified_time":"2021-08-14T22:59:31+00:00","og_image":[{"width":1200,"height":675,"url":"https:\/\/i0.wp.com\/landioustravel.com\/wp-content\/uploads\/2021\/08\/Sur-Nous-e1628981938101.jpg?fit=1200%2C675&ssl=1","type":"image\/jpeg"}],"twitter_card":"summary_large_image","twitter_site":"@LandiousTours","twitter_misc":{"Dur\u00e9e de lecture estim\u00e9e":"3 minutes"},"schema":{"@context":"https:\/\/schema.org","@graph":[{"@type":"WebPage","@id":"https:\/\/landioustravel.com\/fr\/sur-nous\/","url":"https:\/\/landioustravel.com\/fr\/sur-nous\/","name":"Sur Nous - Informations sur l'agence de Landious - Landious Travel","isPartOf":{"@id":"https:\/\/landioustravel.com\/fr\/#website"},"primaryImageOfPage":{"@id":"https:\/\/landioustravel.com\/fr\/sur-nous\/#primaryimage"},"image":{"@id":"https:\/\/landioustravel.com\/fr\/sur-nous\/#primaryimage"},"thumbnailUrl":"https:\/\/i0.wp.com\/landioustravel.com\/wp-content\/uploads\/2021\/08\/Sur-Nous-e1628981938101.jpg?fit=1200%2C675&ssl=1","datePublished":"2019-01-11T14:36:49+00:00","dateModified":"2021-08-14T22:59:31+00:00","description":"Sur Nous Les touristes choisissent la soci\u00e9t\u00e9 Landious Travel parce que nous travaillons de mani\u00e8re professionnelle dans le secteur du","breadcrumb":{"@id":"https:\/\/landioustravel.com\/fr\/sur-nous\/#breadcrumb"},"inLanguage":"fr-FR","potentialAction":[{"@type":"ReadAction","target":["https:\/\/landioustravel.com\/fr\/sur-nous\/"]}]},{"@type":"ImageObject","inLanguage":"fr-FR","@id":"https:\/\/landioustravel.com\/fr\/sur-nous\/#primaryimage","url":"https:\/\/i0.wp.com\/landioustravel.com\/wp-content\/uploads\/2021\/08\/Sur-Nous-e1628981938101.jpg?fit=1200%2C675&ssl=1","contentUrl":"https:\/\/i0.wp.com\/landioustravel.com\/wp-content\/uploads\/2021\/08\/Sur-Nous-e1628981938101.jpg?fit=1200%2C675&ssl=1","width":1200,"height":675,"caption":"Sur Nous"},{"@type":"BreadcrumbList","@id":"https:\/\/landioustravel.com\/fr\/sur-nous\/#breadcrumb","itemListElement":[{"@type":"ListItem","position":1,"name":"Home","item":"https:\/\/landioustravel.com\/fr\/"},{"@type":"ListItem","position":2,"name":"Sur Nous"}]},{"@type":"WebSite","@id":"https:\/\/landioustravel.com\/fr\/#website","url":"https:\/\/landioustravel.com\/fr\/","name":"Landious Travel","description":"Excursions, trips and cruises in Egypt","publisher":{"@id":"https:\/\/landioustravel.com\/fr\/#organization"},"potentialAction":[{"@type":"SearchAction","target":{"@type":"EntryPoint","urlTemplate":"https:\/\/landioustravel.com\/fr\/?s={search_term_string}"},"query-input":{"@type":"PropertyValueSpecification","valueRequired":true,"valueName":"search_term_string"}}],"inLanguage":"fr-FR"},{"@type":["Organization","Place"],"@id":"https:\/\/landioustravel.com\/fr\/#organization","name":"Landious Travel","alternateName":"Landious Travel","url":"https:\/\/landioustravel.com\/fr\/","logo":{"@id":"https:\/\/landioustravel.com\/fr\/sur-nous\/#local-main-organization-logo"},"image":{"@id":"https:\/\/landioustravel.com\/fr\/sur-nous\/#local-main-organization-logo"},"sameAs":["https:\/\/web.facebook.com\/landiousEgypt","https:\/\/x.com\/LandiousTours","https:\/\/mastodon.social\/@landious"],"legalName":"Landious Travel","telephone":[],"openingHoursSpecification":[{"@type":"OpeningHoursSpecification","dayOfWeek":["Monday","Tuesday","Wednesday","Thursday","Friday","Saturday","Sunday"],"opens":"09:00","closes":"17:00"}]},{"@type":"ImageObject","inLanguage":"fr-FR","@id":"https:\/\/landioustravel.com\/fr\/sur-nous\/#local-main-organization-logo","url":"https:\/\/i0.wp.com\/landioustravel.com\/wp-content\/uploads\/2021\/06\/Landious-T.png?fit=500%2C500&ssl=1","contentUrl":"https:\/\/i0.wp.com\/landioustravel.com\/wp-content\/uploads\/2021\/06\/Landious-T.png?fit=500%2C500&ssl=1","width":500,"height":500,"caption":"Landious Travel"}]}},"uagb_featured_image_src":{"full":["https:\/\/i0.wp.com\/landioustravel.com\/wp-content\/uploads\/2021\/08\/Sur-Nous-e1628981938101.jpg?fit=1200%2C675&ssl=1",1200,675,false],"thumbnail":["https:\/\/i0.wp.com\/landioustravel.com\/wp-content\/uploads\/2021\/08\/Sur-Nous-e1628981938101.jpg?resize=150%2C150&ssl=1",150,150,true],"medium":["https:\/\/i0.wp.com\/landioustravel.com\/wp-content\/uploads\/2021\/08\/Sur-Nous-e1628981938101.jpg?fit=300%2C169&ssl=1",300,169,true],"medium_large":["https:\/\/i0.wp.com\/landioustravel.com\/wp-content\/uploads\/2021\/08\/Sur-Nous-e1628981938101.jpg?fit=768%2C432&ssl=1",768,432,true],"large":["https:\/\/i0.wp.com\/landioustravel.com\/wp-content\/uploads\/2021\/08\/Sur-Nous-e1628981938101.jpg?fit=980%2C551&ssl=1",980,551,true],"1536x1536":["https:\/\/i0.wp.com\/landioustravel.com\/wp-content\/uploads\/2021\/08\/Sur-Nous-e1628981938101.jpg?fit=1536%2C864&ssl=1",1536,864,true],"2048x2048":["https:\/\/i0.wp.com\/landioustravel.com\/wp-content\/uploads\/2021\/08\/Sur-Nous-e1628981938101.jpg?fit=2048%2C1152&ssl=1",2048,1152,true],"newspack-article-block-landscape-large":["https:\/\/i0.wp.com\/landioustravel.com\/wp-content\/uploads\/2021\/08\/Sur-Nous-e1628981938101.jpg?resize=1200%2C675&ssl=1",1200,900,true],"newspack-article-block-portrait-large":["https:\/\/i0.wp.com\/landioustravel.com\/wp-content\/uploads\/2021\/08\/Sur-Nous-e1628981938101.jpg?resize=900%2C675&ssl=1",900,1200,true],"newspack-article-block-square-large":["https:\/\/i0.wp.com\/landioustravel.com\/wp-content\/uploads\/2021\/08\/Sur-Nous-e1628981938101.jpg?resize=1200%2C675&ssl=1",1200,1200,true],"newspack-article-block-landscape-medium":["https:\/\/i0.wp.com\/landioustravel.com\/wp-content\/uploads\/2021\/08\/Sur-Nous-e1628981938101.jpg?resize=800%2C600&ssl=1",800,600,true],"newspack-article-block-portrait-medium":["https:\/\/i0.wp.com\/landioustravel.com\/wp-content\/uploads\/2021\/08\/Sur-Nous-e1628981938101.jpg?resize=600%2C675&ssl=1",600,800,true],"newspack-article-block-square-medium":["https:\/\/i0.wp.com\/landioustravel.com\/wp-content\/uploads\/2021\/08\/Sur-Nous-e1628981938101.jpg?resize=800%2C675&ssl=1",800,800,true],"newspack-article-block-landscape-intermediate":["https:\/\/i0.wp.com\/landioustravel.com\/wp-content\/uploads\/2021\/08\/Sur-Nous-e1628981938101.jpg?resize=600%2C450&ssl=1",600,450,true],"newspack-article-block-portrait-intermediate":["https:\/\/i0.wp.com\/landioustravel.com\/wp-content\/uploads\/2021\/08\/Sur-Nous-e1628981938101.jpg?resize=450%2C600&ssl=1",450,600,true],"newspack-article-block-square-intermediate":["https:\/\/i0.wp.com\/landioustravel.com\/wp-content\/uploads\/2021\/08\/Sur-Nous-e1628981938101.jpg?resize=600%2C600&ssl=1",600,600,true],"newspack-article-block-landscape-small":["https:\/\/i0.wp.com\/landioustravel.com\/wp-content\/uploads\/2021\/08\/Sur-Nous-e1628981938101.jpg?resize=400%2C300&ssl=1",400,300,true],"newspack-article-block-portrait-small":["https:\/\/i0.wp.com\/landioustravel.com\/wp-content\/uploads\/2021\/08\/Sur-Nous-e1628981938101.jpg?resize=300%2C400&ssl=1",300,400,true],"newspack-article-block-square-small":["https:\/\/i0.wp.com\/landioustravel.com\/wp-content\/uploads\/2021\/08\/Sur-Nous-e1628981938101.jpg?resize=400%2C400&ssl=1",400,400,true],"newspack-article-block-landscape-tiny":["https:\/\/i0.wp.com\/landioustravel.com\/wp-content\/uploads\/2021\/08\/Sur-Nous-e1628981938101.jpg?resize=200%2C150&ssl=1",200,150,true],"newspack-article-block-portrait-tiny":["https:\/\/i0.wp.com\/landioustravel.com\/wp-content\/uploads\/2021\/08\/Sur-Nous-e1628981938101.jpg?resize=150%2C200&ssl=1",150,200,true],"newspack-article-block-square-tiny":["https:\/\/i0.wp.com\/landioustravel.com\/wp-content\/uploads\/2021\/08\/Sur-Nous-e1628981938101.jpg?resize=200%2C200&ssl=1",200,200,true],"newspack-article-block-uncropped":["https:\/\/i0.wp.com\/landioustravel.com\/wp-content\/uploads\/2021\/08\/Sur-Nous-e1628981938101.jpg?fit=1200%2C675&ssl=1",1200,675,true],"woocommerce_thumbnail":["https:\/\/i0.wp.com\/landioustravel.com\/wp-content\/uploads\/2021\/08\/Sur-Nous-e1628981938101.jpg?resize=324%2C324&ssl=1",324,324,true],"woocommerce_single":["https:\/\/i0.wp.com\/landioustravel.com\/wp-content\/uploads\/2021\/08\/Sur-Nous-e1628981938101.jpg?fit=416%2C234&ssl=1",416,234,true],"woocommerce_gallery_thumbnail":["https:\/\/i0.wp.com\/landioustravel.com\/wp-content\/uploads\/2021\/08\/Sur-Nous-e1628981938101.jpg?resize=100%2C100&ssl=1",100,100,true]},"uagb_author_info":{"display_name":"Mofreh Landious","author_link":"https:\/\/landioustravel.com\/fr\/author\/landious\/"},"uagb_comment_info":0,"uagb_excerpt":"Liste de services: dans la liste de nos services, les touristes trouveront des transferts vers diverses villes et stations baln\u00e9aires d'\u00c9gypte, un vaste choix d'excursions en groupe et individuelles, la location de yachts et l'achat de souvenirs.","jetpack_sharing_enabled":true,"jetpack_shortlink":"https:\/\/wp.me\/Par4r5-hr","jetpack_likes_enabled":true,"amp_enabled":true,"_links":{"self":[{"href":"https:\/\/landioustravel.com\/fr\/wp-json\/wp\/v2\/pages\/1081","targetHints":{"allow":["GET"]}}],"collection":[{"href":"https:\/\/landioustravel.com\/fr\/wp-json\/wp\/v2\/pages"}],"about":[{"href":"https:\/\/landioustravel.com\/fr\/wp-json\/wp\/v2\/types\/page"}],"author":[{"embeddable":true,"href":"https:\/\/landioustravel.com\/fr\/wp-json\/wp\/v2\/users\/1"}],"replies":[{"embeddable":true,"href":"https:\/\/landioustravel.com\/fr\/wp-json\/wp\/v2\/comments?post=1081"}],"version-history":[{"count":0,"href":"https:\/\/landioustravel.com\/fr\/wp-json\/wp\/v2\/pages\/1081\/revisions"}],"wp:featuredmedia":[{"embeddable":true,"href":"https:\/\/landioustravel.com\/fr\/wp-json\/wp\/v2\/media\/35475"}],"wp:attachment":[{"href":"https:\/\/landioustravel.com\/fr\/wp-json\/wp\/v2\/media?parent=1081"}],"curies":[{"name":"wp","href":"https:\/\/api.w.org\/{rel}","templated":true}]}}