{"id":3524,"date":"2019-03-28T10:45:39","date_gmt":"2019-03-28T08:45:39","guid":{"rendered":"https:\/\/landioustravel.com\/?page_id=3524"},"modified":"2019-07-01T21:40:51","modified_gmt":"2019-07-01T19:40:51","slug":"villes-egyptiennes","status":"publish","type":"page","link":"https:\/\/landioustravel.com\/fr\/egypte\/villes-egyptiennes\/","title":{"rendered":"Villes \u00e9gyptiennes"},"content":{"rendered":"\n<p><amp-fit-text layout=\"fixed-height\" min-font-size=\"14\" max-font-size=\"48\" height=\"50\">Lorsque nous examinons la carte de <a href=\"https:\/\/landioustravel.com\/fr\/egypte\/\">l\u2019\u00c9gypte<\/a>, nous constatons que la majorit\u00e9 des gouvernorats, des villes et des villes sont situ\u00e9s le long du Nil. En \u00c9gypte, nous avons plus de 200 villes ayant une population de plus de 15 000 habitants.<\/amp-fit-text><\/p>\n\n\n\n<p><amp-fit-text layout=\"fixed-height\" min-font-size=\"14\" max-font-size=\"48\" height=\"50\">Sur le plan administratif, l\u2019\u00c9gypte est divis\u00e9e en 27 gouvernorats. Chaque province est administr\u00e9e par un gouverneur nomm\u00e9 par le pr\u00e9sident \u00e9gyptien.<\/amp-fit-text><\/p>\n\n\n\n<ul class=\"wp-block-list\"><li><a href=\"https:\/\/landioustravel.com\/fr\/egypte\/villes-egyptiennes\/gouvernorat-assouan\/\">Assouan<\/a><\/li><li> Asyut<\/li><li> <a href=\"https:\/\/landioustravel.com\/fr\/egypte\/villes-egyptiennes\/gouvernorat-bahr-ahmar\/\">mer Rouge<\/a><\/li><li> Beni Suef<\/li><li> Al-Buhayrah<\/li><li> Port-Sa\u00efd<\/li><li> <a href=\"https:\/\/landioustravel.com\/fr\/egypte\/villes-egyptiennes\/gouvernorat-caire\/\">Caire<\/a><\/li><li> Dakahlia<\/li><li> Damietta<\/li><li> Fayyum<\/li><li> Al-Gharbiyyah<\/li><li> Alexandrie<\/li><li> Isma\u00eflia<\/li><li> <a href=\"https:\/\/landioustravel.com\/fr\/egypte\/villes-egyptiennes\/gouvernorat-sinai-sud\/\">Sina\u00ef Sud<\/a><\/li><li> Sina\u00ef Nord<\/li><li> Giza<\/li><li> Kafr El-Shaykh<\/li><li> Matruh<\/li><li> Al-Minufiyyah<\/li><li> Al-Minya<\/li><li> Al-Qalyubiyyah<\/li><li> <a href=\"https:\/\/landioustravel.com\/fr\/egypte\/villes-egyptiennes\/gouvernorat-qena\/\">Qena<\/a><\/li><li> Al-Sharqiyyah<\/li><li> <a href=\"https:\/\/landioustravel.com\/fr\/egypte\/villes-egyptiennes\/gouvernorat-sohag\/\">Sohag<\/a><\/li><li> Suez<\/li><li> <a href=\"https:\/\/landioustravel.com\/fr\/egypte\/villes-egyptiennes\/gouvernorat-louxor\/\">Louxor<\/a><\/li><li> Al-Wadi Al-Jadid<\/li><\/ul>\n","protected":false},"excerpt":{"rendered":"<p>Lorsque nous examinons la carte de l\u2019\u00c9gypte, nous constatons que la majorit\u00e9 des gouvernorats, des villes et des villes sont situ\u00e9s le long du Nil. En \u00c9gypte, nous avons plus de 200 villes ayant une population de plus de 15 000 habitants. Sur le plan administratif, l\u2019\u00c9gypte est divis\u00e9e en 27 gouvernorats. Chaque province est [&hellip;]<\/p>\n","protected":false},"author":1,"featured_media":0,"parent":1710,"menu_order":2,"comment_status":"open","ping_status":"closed","template":"","meta":{"_coblocks_attr":"","_coblocks_dimensions":"","_coblocks_responsive_height":"","_coblocks_accordion_ie_support":"","_uag_custom_page_level_css":"","jetpack_post_was_ever_published":false,"footnotes":""},"class_list":["post-3524","page","type-page","status-publish","hentry"],"yoast_head":"<!-- This site is optimized with the Yoast SEO Premium plugin v26.9 (Yoast SEO v27.3) - https:\/\/yoast.com\/product\/yoast-seo-premium-wordpress\/ -->\n<title>Villes \u00e9gyptiennes - Egyptian governorates - Landious Travel<\/title>\n<meta name=\"description\" content=\"Lorsque nous examinons la carte de l\u2019\u00c9gypte, nous constatons que la majorit\u00e9 des gouvernorats, des villes et des villes sont situ\u00e9s le long du Nil. En \u00c9gypte, nous avons plus de 200 villes ayant une population de plus de 15 000 habitants\" \/>\n<meta name=\"robots\" content=\"index, follow, max-snippet:-1, max-image-preview:large, max-video-preview:-1\" \/>\n<link rel=\"canonical\" href=\"https:\/\/landioustravel.com\/fr\/egypte\/villes-egyptiennes\/\" \/>\n<meta property=\"og:locale\" content=\"fr_FR\" \/>\n<meta property=\"og:type\" content=\"article\" \/>\n<meta property=\"og:title\" content=\"Villes \u00e9gyptiennes\" \/>\n<meta property=\"og:description\" content=\"Lorsque nous examinons la carte de l\u2019\u00c9gypte, nous constatons que la majorit\u00e9 des gouvernorats, des villes et des villes sont situ\u00e9s le long du Nil. En \u00c9gypte, nous avons plus de 200 villes ayant une population de plus de 15 000 habitants\" \/>\n<meta property=\"og:url\" content=\"https:\/\/landioustravel.com\/fr\/egypte\/villes-egyptiennes\/\" \/>\n<meta property=\"og:site_name\" content=\"Landious Travel\" \/>\n<meta property=\"article:publisher\" content=\"https:\/\/web.facebook.com\/landiousEgypt\" \/>\n<meta property=\"article:modified_time\" content=\"2019-07-01T19:40:51+00:00\" \/>\n<meta name=\"twitter:card\" content=\"summary_large_image\" \/>\n<meta name=\"twitter:site\" content=\"@LandiousTours\" \/>\n<meta name=\"twitter:label1\" content=\"Dur\u00e9e de lecture estim\u00e9e\" \/>\n\t<meta name=\"twitter:data1\" content=\"1 minute\" \/>\n<script type=\"application\/ld+json\" class=\"yoast-schema-graph\">{\"@context\":\"https:\\\/\\\/schema.org\",\"@graph\":[{\"@type\":\"WebPage\",\"@id\":\"https:\\\/\\\/landioustravel.com\\\/fr\\\/egypte\\\/villes-egyptiennes\\\/\",\"url\":\"https:\\\/\\\/landioustravel.com\\\/fr\\\/egypte\\\/villes-egyptiennes\\\/\",\"name\":\"Villes \u00e9gyptiennes - Egyptian governorates - Landious Travel\",\"isPartOf\":{\"@id\":\"https:\\\/\\\/landioustravel.com\\\/fr\\\/#website\"},\"datePublished\":\"2019-03-28T08:45:39+00:00\",\"dateModified\":\"2019-07-01T19:40:51+00:00\",\"description\":\"Lorsque nous examinons la carte de l\u2019\u00c9gypte, nous constatons que la majorit\u00e9 des gouvernorats, des villes et des villes sont situ\u00e9s le long du Nil. En \u00c9gypte, nous avons plus de 200 villes ayant une population de plus de 15 000 habitants\",\"breadcrumb\":{\"@id\":\"https:\\\/\\\/landioustravel.com\\\/fr\\\/egypte\\\/villes-egyptiennes\\\/#breadcrumb\"},\"inLanguage\":\"fr-FR\",\"potentialAction\":[{\"@type\":\"ReadAction\",\"target\":[\"https:\\\/\\\/landioustravel.com\\\/fr\\\/egypte\\\/villes-egyptiennes\\\/\"]}]},{\"@type\":\"BreadcrumbList\",\"@id\":\"https:\\\/\\\/landioustravel.com\\\/fr\\\/egypte\\\/villes-egyptiennes\\\/#breadcrumb\",\"itemListElement\":[{\"@type\":\"ListItem\",\"position\":1,\"name\":\"Home\",\"item\":\"https:\\\/\\\/landioustravel.com\\\/fr\\\/\"},{\"@type\":\"ListItem\",\"position\":2,\"name\":\"\u00c9gypte\",\"item\":\"https:\\\/\\\/landioustravel.com\\\/fr\\\/egypte\\\/\"},{\"@type\":\"ListItem\",\"position\":3,\"name\":\"Villes \u00e9gyptiennes\"}]},{\"@type\":\"WebSite\",\"@id\":\"https:\\\/\\\/landioustravel.com\\\/fr\\\/#website\",\"url\":\"https:\\\/\\\/landioustravel.com\\\/fr\\\/\",\"name\":\"Landious Travel\",\"description\":\"Excursions, trips and cruises in Egypt\",\"publisher\":{\"@id\":\"https:\\\/\\\/landioustravel.com\\\/fr\\\/#organization\"},\"potentialAction\":[{\"@type\":\"SearchAction\",\"target\":{\"@type\":\"EntryPoint\",\"urlTemplate\":\"https:\\\/\\\/landioustravel.com\\\/fr\\\/?s={search_term_string}\"},\"query-input\":{\"@type\":\"PropertyValueSpecification\",\"valueRequired\":true,\"valueName\":\"search_term_string\"}}],\"inLanguage\":\"fr-FR\"},{\"@type\":[\"Organization\",\"Place\"],\"@id\":\"https:\\\/\\\/landioustravel.com\\\/fr\\\/#organization\",\"name\":\"Landious Travel\",\"alternateName\":\"Landious Travel\",\"url\":\"https:\\\/\\\/landioustravel.com\\\/fr\\\/\",\"logo\":{\"@id\":\"https:\\\/\\\/landioustravel.com\\\/fr\\\/egypte\\\/villes-egyptiennes\\\/#local-main-organization-logo\"},\"image\":{\"@id\":\"https:\\\/\\\/landioustravel.com\\\/fr\\\/egypte\\\/villes-egyptiennes\\\/#local-main-organization-logo\"},\"sameAs\":[\"https:\\\/\\\/web.facebook.com\\\/landiousEgypt\",\"https:\\\/\\\/x.com\\\/LandiousTours\",\"https:\\\/\\\/mastodon.social\\\/@landious\"],\"legalName\":\"Landious Travel\",\"telephone\":[],\"openingHoursSpecification\":[{\"@type\":\"OpeningHoursSpecification\",\"dayOfWeek\":[\"Monday\",\"Tuesday\",\"Wednesday\",\"Thursday\",\"Friday\",\"Saturday\",\"Sunday\"],\"opens\":\"09:00\",\"closes\":\"17:00\"}]},{\"@type\":\"ImageObject\",\"inLanguage\":\"fr-FR\",\"@id\":\"https:\\\/\\\/landioustravel.com\\\/fr\\\/egypte\\\/villes-egyptiennes\\\/#local-main-organization-logo\",\"url\":\"https:\\\/\\\/i0.wp.com\\\/landioustravel.com\\\/wp-content\\\/uploads\\\/2021\\\/06\\\/Landious-T.png?fit=500%2C500&ssl=1\",\"contentUrl\":\"https:\\\/\\\/i0.wp.com\\\/landioustravel.com\\\/wp-content\\\/uploads\\\/2021\\\/06\\\/Landious-T.png?fit=500%2C500&ssl=1\",\"width\":500,\"height\":500,\"caption\":\"Landious Travel\"}]}<\/script>\n<!-- \/ Yoast SEO Premium plugin. -->","yoast_head_json":{"title":"Villes \u00e9gyptiennes - Egyptian governorates - Landious Travel","description":"Lorsque nous examinons la carte de l\u2019\u00c9gypte, nous constatons que la majorit\u00e9 des gouvernorats, des villes et des villes sont situ\u00e9s le long du Nil. En \u00c9gypte, nous avons plus de 200 villes ayant une population de plus de 15 000 habitants","robots":{"index":"index","follow":"follow","max-snippet":"max-snippet:-1","max-image-preview":"max-image-preview:large","max-video-preview":"max-video-preview:-1"},"canonical":"https:\/\/landioustravel.com\/fr\/egypte\/villes-egyptiennes\/","og_locale":"fr_FR","og_type":"article","og_title":"Villes \u00e9gyptiennes","og_description":"Lorsque nous examinons la carte de l\u2019\u00c9gypte, nous constatons que la majorit\u00e9 des gouvernorats, des villes et des villes sont situ\u00e9s le long du Nil. En \u00c9gypte, nous avons plus de 200 villes ayant une population de plus de 15 000 habitants","og_url":"https:\/\/landioustravel.com\/fr\/egypte\/villes-egyptiennes\/","og_site_name":"Landious Travel","article_publisher":"https:\/\/web.facebook.com\/landiousEgypt","article_modified_time":"2019-07-01T19:40:51+00:00","twitter_card":"summary_large_image","twitter_site":"@LandiousTours","twitter_misc":{"Dur\u00e9e de lecture estim\u00e9e":"1 minute"},"schema":{"@context":"https:\/\/schema.org","@graph":[{"@type":"WebPage","@id":"https:\/\/landioustravel.com\/fr\/egypte\/villes-egyptiennes\/","url":"https:\/\/landioustravel.com\/fr\/egypte\/villes-egyptiennes\/","name":"Villes \u00e9gyptiennes - Egyptian governorates - Landious Travel","isPartOf":{"@id":"https:\/\/landioustravel.com\/fr\/#website"},"datePublished":"2019-03-28T08:45:39+00:00","dateModified":"2019-07-01T19:40:51+00:00","description":"Lorsque nous examinons la carte de l\u2019\u00c9gypte, nous constatons que la majorit\u00e9 des gouvernorats, des villes et des villes sont situ\u00e9s le long du Nil. En \u00c9gypte, nous avons plus de 200 villes ayant une population de plus de 15 000 habitants","breadcrumb":{"@id":"https:\/\/landioustravel.com\/fr\/egypte\/villes-egyptiennes\/#breadcrumb"},"inLanguage":"fr-FR","potentialAction":[{"@type":"ReadAction","target":["https:\/\/landioustravel.com\/fr\/egypte\/villes-egyptiennes\/"]}]},{"@type":"BreadcrumbList","@id":"https:\/\/landioustravel.com\/fr\/egypte\/villes-egyptiennes\/#breadcrumb","itemListElement":[{"@type":"ListItem","position":1,"name":"Home","item":"https:\/\/landioustravel.com\/fr\/"},{"@type":"ListItem","position":2,"name":"\u00c9gypte","item":"https:\/\/landioustravel.com\/fr\/egypte\/"},{"@type":"ListItem","position":3,"name":"Villes \u00e9gyptiennes"}]},{"@type":"WebSite","@id":"https:\/\/landioustravel.com\/fr\/#website","url":"https:\/\/landioustravel.com\/fr\/","name":"Landious Travel","description":"Excursions, trips and cruises in Egypt","publisher":{"@id":"https:\/\/landioustravel.com\/fr\/#organization"},"potentialAction":[{"@type":"SearchAction","target":{"@type":"EntryPoint","urlTemplate":"https:\/\/landioustravel.com\/fr\/?s={search_term_string}"},"query-input":{"@type":"PropertyValueSpecification","valueRequired":true,"valueName":"search_term_string"}}],"inLanguage":"fr-FR"},{"@type":["Organization","Place"],"@id":"https:\/\/landioustravel.com\/fr\/#organization","name":"Landious Travel","alternateName":"Landious Travel","url":"https:\/\/landioustravel.com\/fr\/","logo":{"@id":"https:\/\/landioustravel.com\/fr\/egypte\/villes-egyptiennes\/#local-main-organization-logo"},"image":{"@id":"https:\/\/landioustravel.com\/fr\/egypte\/villes-egyptiennes\/#local-main-organization-logo"},"sameAs":["https:\/\/web.facebook.com\/landiousEgypt","https:\/\/x.com\/LandiousTours","https:\/\/mastodon.social\/@landious"],"legalName":"Landious Travel","telephone":[],"openingHoursSpecification":[{"@type":"OpeningHoursSpecification","dayOfWeek":["Monday","Tuesday","Wednesday","Thursday","Friday","Saturday","Sunday"],"opens":"09:00","closes":"17:00"}]},{"@type":"ImageObject","inLanguage":"fr-FR","@id":"https:\/\/landioustravel.com\/fr\/egypte\/villes-egyptiennes\/#local-main-organization-logo","url":"https:\/\/i0.wp.com\/landioustravel.com\/wp-content\/uploads\/2021\/06\/Landious-T.png?fit=500%2C500&ssl=1","contentUrl":"https:\/\/i0.wp.com\/landioustravel.com\/wp-content\/uploads\/2021\/06\/Landious-T.png?fit=500%2C500&ssl=1","width":500,"height":500,"caption":"Landious Travel"}]}},"uagb_featured_image_src":{"full":false,"thumbnail":false,"medium":false,"medium_large":false,"large":false,"1536x1536":false,"2048x2048":false,"newspack-article-block-landscape-large":false,"newspack-article-block-portrait-large":false,"newspack-article-block-square-large":false,"newspack-article-block-landscape-medium":false,"newspack-article-block-portrait-medium":false,"newspack-article-block-square-medium":false,"newspack-article-block-landscape-intermediate":false,"newspack-article-block-portrait-intermediate":false,"newspack-article-block-square-intermediate":false,"newspack-article-block-landscape-small":false,"newspack-article-block-portrait-small":false,"newspack-article-block-square-small":false,"newspack-article-block-landscape-tiny":false,"newspack-article-block-portrait-tiny":false,"newspack-article-block-square-tiny":false,"newspack-article-block-uncropped":false,"woocommerce_thumbnail":false,"woocommerce_single":false,"woocommerce_gallery_thumbnail":false},"uagb_author_info":{"display_name":"Mofreh Landious","author_link":"https:\/\/landioustravel.com\/fr\/author\/landious\/"},"uagb_comment_info":0,"uagb_excerpt":"Lorsque nous examinons la carte de l\u2019\u00c9gypte, nous constatons que la majorit\u00e9 des gouvernorats, des villes et des villes sont situ\u00e9s le long du Nil. En \u00c9gypte, nous avons plus de 200 villes ayant une population de plus de 15 000 habitants. Sur le plan administratif, l\u2019\u00c9gypte est divis\u00e9e en 27 gouvernorats. Chaque province est&hellip;","jetpack_sharing_enabled":true,"jetpack_shortlink":"https:\/\/wp.me\/Par4r5-UQ","jetpack_likes_enabled":true,"amp_enabled":true,"_links":{"self":[{"href":"https:\/\/landioustravel.com\/fr\/wp-json\/wp\/v2\/pages\/3524","targetHints":{"allow":["GET"]}}],"collection":[{"href":"https:\/\/landioustravel.com\/fr\/wp-json\/wp\/v2\/pages"}],"about":[{"href":"https:\/\/landioustravel.com\/fr\/wp-json\/wp\/v2\/types\/page"}],"author":[{"embeddable":true,"href":"https:\/\/landioustravel.com\/fr\/wp-json\/wp\/v2\/users\/1"}],"replies":[{"embeddable":true,"href":"https:\/\/landioustravel.com\/fr\/wp-json\/wp\/v2\/comments?post=3524"}],"version-history":[{"count":0,"href":"https:\/\/landioustravel.com\/fr\/wp-json\/wp\/v2\/pages\/3524\/revisions"}],"up":[{"embeddable":true,"href":"https:\/\/landioustravel.com\/fr\/wp-json\/wp\/v2\/pages\/1710"}],"wp:attachment":[{"href":"https:\/\/landioustravel.com\/fr\/wp-json\/wp\/v2\/media?parent=3524"}],"curies":[{"name":"wp","href":"https:\/\/api.w.org\/{rel}","templated":true}]}}