{"id":35600,"date":"2021-08-16T06:20:59","date_gmt":"2021-08-16T04:20:59","guid":{"rendered":"https:\/\/landioustravel.com\/?page_id=35600"},"modified":"2021-08-16T06:21:02","modified_gmt":"2021-08-16T04:21:02","slug":"ramses-ii","status":"publish","type":"page","link":"https:\/\/landioustravel.com\/fr\/egypte\/pharaons-degypte\/ramses-ii\/","title":{"rendered":"Rams\u00e8s II"},"content":{"rendered":"\n<p>Rams\u00e8s II est le troisi\u00e8me roi de la dix-neuvi\u00e8me dynastie de l&#8217;<a href=\"https:\/\/landioustravel.com\/fr\/egypte\/histoire-egypte\/histoire-ancienne\/\">\u00c9gypte ancienne<\/a>. Son r\u00e8gne \u00e9tait le deuxi\u00e8me plus long de l&#8217;<a href=\"https:\/\/landioustravel.com\/fr\/egypte\/histoire-egypte\/\">histoire \u00e9gyptienne<\/a> de 1279 \u00e0 1213 av. Les historiens consid\u00e8rent ce pharaon comme le plus grand, le plus c\u00e9l\u00e8bre et le plus puissant du Nouvel Empire. Certes, le Nouvel Empire fut la p\u00e9riode la plus puissante de l&#8217;Egypte ancienne. Apr\u00e8s la mort de Rams\u00e8s II, ses successeurs et plus tard les \u00c9gyptiens l&#8217;appel\u00e8rent le \u00ab Grand Anc\u00eatre \u00bb. En plus de ses guerres avec les Hittites et les Libyens, Rams\u00e8s II \u00e9tait un grand r\u00e9formateur. Sans aucun doute, les \u0153uvres de ce pharaon font fortement r\u00e9f\u00e9rence \u00e0 sa grandeur. Il a mis en place de vastes strat\u00e9gies de construction et a \u00e9tabli de nombreux <a href=\"https:\/\/landioustravel.com\/fr\/egypte\/temples-egyptiens\/\">temples<\/a> et statues colossales dans toute l&#8217;<a href=\"https:\/\/landioustravel.com\/fr\/egypte\/\">\u00c9gypte<\/a>.<\/p>\n\n\n\n<h2 class=\"wp-block-heading\" id=\"h-batailles-men-es-par-rams-s-ii\">Batailles men\u00e9es par Rams\u00e8s II<\/h2>\n\n\n\n<p>Rams\u00e8s II est le c\u00e9l\u00e8bre pharaon \u00e9gyptien de la XIX dynastie et le fils du pharaon Seti I. Durant les cinq premi\u00e8res ann\u00e9es de son r\u00e8gne, il se consacre \u00e0 pr\u00e9parer l&#8217;Egypte \u00e0 une grande guerre en Asie. En particulier, il consacra ce temps \u00e0 la centralisation et \u00e0 la soumission des richesses du temple sous son contr\u00f4le. En 1286 avant JC, il a fait une campagne en Ph\u00e9nicie, et l&#8217;ann\u00e9e suivante est pass\u00e9 \u00e0 une campagne encore plus grande. Le po\u00e8me du scribe Pentaura d\u00e9crit cette campagne en d\u00e9tail.<\/p>\n\n\n\n<h3 class=\"wp-block-heading\">Batailles avec les Hittites<\/h3>\n\n\n\n<p>Rams\u00e8s II d\u00e9cide de s&#8217;emparer de la forteresse de Kadesh. \u00c0 ce moment-l\u00e0, ses conseillers et espions l&#8217;ont inform\u00e9 que les troupes de l&#8217;ennemi des \u00c9gyptiens, le roi hittite Muwatalli II, s&#8217;\u00e9taient install\u00e9es au nord de Kadesh. De plus, ils l&#8217;ont assur\u00e9 que le roi hittite craignait de lui faire face. Pharaon, croyant cela, passa sur la rive droite de l&#8217;Oronte, o\u00f9 se trouvait la forteresse, avec une seule des quatre colonnes de son arm\u00e9e.<\/p>\n\n\n\n<p>Cependant, les principales forces des Hittites \u00e9taient \u00e0 Kadesh. En cons\u00e9quence, lorsque la deuxi\u00e8me colonne \u00e9gyptienne a commenc\u00e9 \u00e0 traverser le fleuve, l&#8217;arm\u00e9e hittite l&#8217;a \u00e9tonnamment attir\u00e9e. Sans aucun doute, les arm\u00e9es de l&#8217;\u00c9gypte ancienne ne pouvaient pas s&#8217;y attendre. De plus, les forces ennemies ont encercl\u00e9 le pharaon Rams\u00e8s II, mais il n&#8217;a \u00e9chapp\u00e9 \u00e0 la captivit\u00e9 que gr\u00e2ce \u00e0 son courage et \u00e0 l&#8217;approche opportune des renforts. De l&#8217;autre c\u00f4t\u00e9, les Hittites ont subi d&#8217;\u00e9normes pertes et les \u00c9gyptiens ont \u00e9t\u00e9 victorieux. N\u00e9anmoins, les Hittites avaient de grandes forces \u00e0 Kadesh, que Rams\u00e8s n&#8217;a jamais pu prendre. La campagne de 1285 se termina par la retraite des Egyptiens, qui perdirent la Syrie du Sud.<\/p>\n\n\n\n<p>Jusqu&#8217;\u00e0 la fin du 1270 av. Rams\u00e8s II a combattu en Palestine, dans le sud de la Syrie et en Ph\u00e9nicie. La guerre prolong\u00e9e a commenc\u00e9 \u00e0 peser sur les Hittites, qui ont combattu sur d&#8217;autres fronts : pour le contr\u00f4le de la partie occidentale de l&#8217;Asie Mineure, ainsi qu&#8217;avec l&#8217;Assyrie pour l&#8217;influence dans le nord-ouest de la M\u00e9sopotamie.<\/p>\n\n\n\n<h2 class=\"wp-block-heading\">Activit\u00e9 de construction et Monuments de Rams\u00e8s II<\/h2>\n\n\n\n<p>Rams\u00e8s II a construit abondamment plusieurs monuments \u00e0 travers l&#8217;\u00c9gypte et la Nubie. M\u00eame, il a grav\u00e9 ses cartouches en \u00e9vidence dans des b\u00e2timents qu&#8217;il n&#8217;a pas construits. Il a affich\u00e9 son nom sur la pierre, les statues et les vestiges de palais et de temples. Plus particuli\u00e8rement, il a laiss\u00e9 ses restes dans le <a href=\"https:\/\/landioustravel.com\/fr\/egypte\/temples-egyptiens\/temple-ramesseum\/\">Ramesseum<\/a> dans l&#8217;ouest de Th\u00e8bes et les <a href=\"https:\/\/landioustravel.com\/fr\/egypte\/temples-egyptiens\/temples-abou-simbel\/\">temples rupestres d&#8217;Abou Simbel<\/a>. Nous n&#8217;exag\u00e9rons pas quand nous disons que ce pharaon a couvert le pays du delta \u00e0 la Nubie de b\u00e2timents d&#8217;une mani\u00e8re qu&#8217;aucun monarque avant lui n&#8217;avait eu. Il a \u00e9galement fond\u00e9 une nouvelle capitale dans le Delta pendant son r\u00e8gne, appel\u00e9e Pi-Ramesses. Cette ville servait auparavant de palais d&#8217;\u00e9t\u00e9 pendant le r\u00e8gne de Seti I.<\/p>\n\n\n\n<h3 class=\"wp-block-heading\">Temple Ramesseum<\/h3>\n\n\n\n<p>Le pharaon guerrier Rams\u00e8s II a construit le temple Ramesseum pendant son r\u00e8gne au 13\u00e8me si\u00e8cle avant JC. Il fait partie de la n\u00e9cropole th\u00e9baine de Haute-\u00c9gypte, pr\u00e8s de la ville moderne de <a href=\"https:\/\/landioustravel.com\/fr\/egypte\/villes-egyptiennes\/gouvernorat-louxor\/\">Louxor<\/a>. Le temple est un temple fun\u00e9raire.<\/p>\n\n\n\n<p>Le m\u00e9morial Ramesseum n&#8217;\u00e9tait que le d\u00e9but de l&#8217;obsession du pharaon pour le b\u00e2timent. Lorsqu&#8217;il a construit, il a construit \u00e0 une \u00e9chelle qui ne ressemble \u00e0 presque rien d&#8217;autre auparavant. Au cours de la troisi\u00e8me ann\u00e9e de son r\u00e8gne, Rams\u00e8s a lanc\u00e9 le projet de construction le plus ambitieux apr\u00e8s les pyramides de Gizeh. \u00c0 Th\u00e8bes, il visait \u00e0 transformer les temples antiques afin que chacun d&#8217;eux refl\u00e8te l&#8217;honneur de Rams\u00e8s en tant que symbole de sa nature et de son pouvoir divins putatifs. Rams\u00e8s a d\u00e9cid\u00e9 d&#8217;\u00e9terniser son nom dans la pierre, et il a donc ordonn\u00e9 des changements dans les m\u00e9thodes utilis\u00e9es par ses ma\u00e7ons. Il a facilement transform\u00e9 les reliefs \u00e9l\u00e9gants mais peu profonds des pharaons pr\u00e9c\u00e9dents.<\/p>\n\n\n\n<p>\u00c0 l&#8217;heure actuelle, seule une petite partie de cette structure historique survit. Cependant, les arch\u00e9ologues n&#8217;arr\u00eatent pas de fouiller et trouvent de plus en plus de faits qui relient ce temple \u00e0 l&#8217;histoire de l&#8217;\u00c9gypte ancienne. Le temple est en ruines, mais il r\u00e9v\u00e8le qu&#8217;il s&#8217;agissait d&#8217;une structure majestueuse m\u00eame \u00e0 partir de ces ruines. L&#8217;architecture est identique \u00e0 la construction de <a href=\"https:\/\/landioustravel.com\/fr\/egypte\/temples-egyptiens\/temple-medinet-habou\/\">M\u00e9dinet Habou<\/a>, mais les dimensions sont beaucoup plus grandes.<\/p>\n\n\n\n<h3 class=\"wp-block-heading\">Temples d&#8217;Abou Simbel<\/h3>\n\n\n\n<p>Les temples d&#8217;Abou Simbel sont le temple taill\u00e9 dans la roche le plus c\u00e9l\u00e8bre d&#8217;\u00c9gypte. Ces temples existent pr\u00e8s du village moderne d&#8217;Abou Simbel, \u00e0 la deuxi\u00e8me cataracte du Nil. Autrement dit, elle se situe \u00e0 la fronti\u00e8re entre la Basse et la Haute Nubie. Il y en a deux : le Grand Temple appartient \u00e0 Rams\u00e8s II, tandis qu&#8217;il a d\u00e9di\u00e9 le Petit Temple \u00e0 sa femme, la reine Amon-son-Khepeshef.<\/p>\n\n\n\n<p>Rams\u00e8s a construit de nombreux grands monuments, dont le complexe arch\u00e9ologique d&#8217;Abou Simbel et le temple fun\u00e9raire connu sous le nom de Ramesseum. Ce roi a construit \u00e0 une \u00e9chelle monumentale pour s&#8217;assurer que son h\u00e9ritage survivrait aux ravages du temps. Rams\u00e8s a utilis\u00e9 l&#8217;art comme moyen de propagande pour ses victoires sur les \u00e9trangers, qui sont repr\u00e9sent\u00e9es sur de nombreux reliefs du temple. Le pharaon Rams\u00e8s II a construit plus de statues colossales de lui-m\u00eame que tout autre pharaon. Et aussi, a usurp\u00e9 de nombreuses statues existantes en y inscrivant son cartouche.<\/p>\n\n\n\n<h3 class=\"wp-block-heading\">Pi-Rams\u00e8s<\/h3>\n\n\n\n<p>Rams\u00e8s II a d\u00e9plac\u00e9 la capitale de son royaume de Th\u00e8bes dans la vall\u00e9e du Nil vers un nouveau site dans le delta oriental. Bien qu&#8217;il ait peut-\u00eatre souhait\u00e9 se rapprocher de ses territoires de Canaan et de Syrie, ses motivations sont incertaines. La ville nouvelle de Pi-Ramess Aa-nakhtu, signifiant \u00ab Domaine de Rams\u00e8s, Grand dans la Victoire \u00bb et son vaste palais pr\u00e9sidentiel avec son zoo dominaient cette nouvelle ville.<\/p>\n\n\n\n<p>Pendant un certain temps, au d\u00e9but du XXe si\u00e8cle, le site a \u00e9t\u00e9 identifi\u00e9 \u00e0 tort comme celui de Tanis, en raison de la quantit\u00e9 de statues et d&#8217;autres mat\u00e9riaux de Pi-Ramesses qui s&#8217;y trouvaient. Maintenant, il est reconnu que les restes ramessides de Tanis y ont \u00e9t\u00e9 apport\u00e9s d&#8217;ailleurs, et le vrai Pi-Ramesses se trouve \u00e0 environ 30 km (18,6 mi) au sud, pr\u00e8s de Qantir moderne. Les fractions de pieds colossaux de la statue de Rams\u00e8s sont presque tout ce qui reste au-dessus du sol aujourd&#8217;hui. Le reste est enterr\u00e9 dans les champs.<\/p>\n\n\n\n<h2 class=\"wp-block-heading\">Comment Rams\u00e8s II est-il mort ?<\/h2>\n\n\n\n<p>Au moment de sa mort, Rams\u00e8s \u00e9tait un grand chef et un roi puissant qui a \u00e9t\u00e9 acclam\u00e9 dans le monde entier pour l&#8217;expansion et le maintien du territoire du royaume \u00e9gyptien. \u00c2g\u00e9 d&#8217;environ 90 ans, Rams\u00e8s souffrait de graves probl\u00e8mes dentaires et souffrait d&#8217;arthrite et de durcissement des art\u00e8res. Il avait rendu l&#8217;\u00c9gypte riche de toutes les fournitures et de toutes les richesses qu&#8217;il avait recueillies aupr\u00e8s d&#8217;autres empires. Il avait surv\u00e9cu \u00e0 beaucoup de ses femmes et de ses enfants et avait laiss\u00e9 de grands monuments comm\u00e9moratifs dans toute l&#8217;\u00c9gypte. Neuf autres pharaons portaient le nom de Rams\u00e8s en son honneur.<\/p>\n\n\n\n<p>Le roi Rams\u00e8s II a \u00e9t\u00e9 enterr\u00e9 pour la premi\u00e8re fois dans la Vall\u00e9e des Rois sur la rive ouest de Th\u00e8bes, dans la tombe no. KV7. Rams\u00e8s avait un immense tombeau avec une chambre fun\u00e9raire spectaculaire.<\/p>\n\n\n\n<p>\u00c0 un moment donn\u00e9, les anciens \u00c9gyptiens ont cach\u00e9 la momie de Rams\u00e8s II dans un endroit inconnu pour la prot\u00e9ger du vol. Cependant, des voleurs ont red\u00e9couvert la momie de Rams\u00e8s II en 1881. Elle se trouvait dans une cache royale secr\u00e8te \u00e0 <a href=\"https:\/\/landioustravel.com\/fr\/complexe-deir-bahari\/\">Deir el-Bahri<\/a>. Plus tard en 1885, la momie de ce grand pharaon a \u00e9t\u00e9 plac\u00e9e au Mus\u00e9e \u00e9gyptien du <a href=\"https:\/\/landioustravel.com\/fr\/egypte\/villes-egyptiennes\/gouvernorat-caire\/\">Caire<\/a>.<\/p>\n","protected":false},"excerpt":{"rendered":"<p>Rams\u00e8s II est le troisi\u00e8me roi de la dix-neuvi\u00e8me dynastie de l&#8217;\u00c9gypte ancienne. Son r\u00e8gne \u00e9tait le deuxi\u00e8me plus long de l&#8217;histoire \u00e9gyptienne de 1279 \u00e0 1213 av. Les historiens consid\u00e8rent ce pharaon comme le plus grand, le plus c\u00e9l\u00e8bre et le plus puissant du Nouvel Empire. Certes, le Nouvel Empire fut la p\u00e9riode la [&hellip;]<\/p>\n","protected":false},"author":1,"featured_media":0,"parent":33126,"menu_order":0,"comment_status":"open","ping_status":"closed","template":"","meta":{"_coblocks_attr":"","_coblocks_dimensions":"","_coblocks_responsive_height":"","_coblocks_accordion_ie_support":"","_uag_custom_page_level_css":"","jetpack_post_was_ever_published":false,"footnotes":""},"class_list":["post-35600","page","type-page","status-publish","hentry"],"yoast_head":"<!-- This site is optimized with the Yoast SEO Premium plugin v26.9 (Yoast SEO v27.3) - https:\/\/yoast.com\/product\/yoast-seo-premium-wordpress\/ -->\n<title>Rams\u00e8s II - Informations sur les r\u00e9alisations - Landious Travel<\/title>\n<meta name=\"description\" content=\"Rams\u00e8s II est le troisi\u00e8me roi de la dix-neuvi\u00e8me dynastie de l&#039;\u00c9gypte ancienne. Son r\u00e8gne \u00e9tait le deuxi\u00e8me plus long de l&#039;histoire\" \/>\n<meta name=\"robots\" content=\"index, follow, max-snippet:-1, max-image-preview:large, max-video-preview:-1\" \/>\n<link rel=\"canonical\" href=\"https:\/\/landioustravel.com\/fr\/egypte\/pharaons-degypte\/ramses-ii\/\" \/>\n<meta property=\"og:locale\" content=\"fr_FR\" \/>\n<meta property=\"og:type\" content=\"article\" \/>\n<meta property=\"og:title\" content=\"Rams\u00e8s II\" \/>\n<meta property=\"og:description\" content=\"Rams\u00e8s II est le troisi\u00e8me roi de la dix-neuvi\u00e8me dynastie de l&#039;\u00c9gypte ancienne. Son r\u00e8gne \u00e9tait le deuxi\u00e8me plus long de l&#039;histoire\" \/>\n<meta property=\"og:url\" content=\"https:\/\/landioustravel.com\/fr\/egypte\/pharaons-degypte\/ramses-ii\/\" \/>\n<meta property=\"og:site_name\" content=\"Landious Travel\" \/>\n<meta property=\"article:publisher\" content=\"https:\/\/web.facebook.com\/landiousEgypt\" \/>\n<meta property=\"article:modified_time\" content=\"2021-08-16T04:21:02+00:00\" \/>\n<meta name=\"twitter:card\" content=\"summary_large_image\" \/>\n<meta name=\"twitter:site\" content=\"@LandiousTours\" \/>\n<meta name=\"twitter:label1\" content=\"Dur\u00e9e de lecture estim\u00e9e\" \/>\n\t<meta name=\"twitter:data1\" content=\"7 minutes\" \/>\n<script type=\"application\/ld+json\" class=\"yoast-schema-graph\">{\"@context\":\"https:\\\/\\\/schema.org\",\"@graph\":[{\"@type\":\"WebPage\",\"@id\":\"https:\\\/\\\/landioustravel.com\\\/fr\\\/egypte\\\/pharaons-degypte\\\/ramses-ii\\\/\",\"url\":\"https:\\\/\\\/landioustravel.com\\\/fr\\\/egypte\\\/pharaons-degypte\\\/ramses-ii\\\/\",\"name\":\"Rams\u00e8s II - Informations sur les r\u00e9alisations - Landious Travel\",\"isPartOf\":{\"@id\":\"https:\\\/\\\/landioustravel.com\\\/fr\\\/#website\"},\"datePublished\":\"2021-08-16T04:20:59+00:00\",\"dateModified\":\"2021-08-16T04:21:02+00:00\",\"description\":\"Rams\u00e8s II est le troisi\u00e8me roi de la dix-neuvi\u00e8me dynastie de l'\u00c9gypte ancienne. Son r\u00e8gne \u00e9tait le deuxi\u00e8me plus long de l'histoire\",\"breadcrumb\":{\"@id\":\"https:\\\/\\\/landioustravel.com\\\/fr\\\/egypte\\\/pharaons-degypte\\\/ramses-ii\\\/#breadcrumb\"},\"inLanguage\":\"fr-FR\",\"potentialAction\":[{\"@type\":\"ReadAction\",\"target\":[\"https:\\\/\\\/landioustravel.com\\\/fr\\\/egypte\\\/pharaons-degypte\\\/ramses-ii\\\/\"]}]},{\"@type\":\"BreadcrumbList\",\"@id\":\"https:\\\/\\\/landioustravel.com\\\/fr\\\/egypte\\\/pharaons-degypte\\\/ramses-ii\\\/#breadcrumb\",\"itemListElement\":[{\"@type\":\"ListItem\",\"position\":1,\"name\":\"Home\",\"item\":\"https:\\\/\\\/landioustravel.com\\\/fr\\\/\"},{\"@type\":\"ListItem\",\"position\":2,\"name\":\"\u00c9gypte\",\"item\":\"https:\\\/\\\/landioustravel.com\\\/fr\\\/egypte\\\/\"},{\"@type\":\"ListItem\",\"position\":3,\"name\":\"Pharaons d&#8217;Egypte\",\"item\":\"https:\\\/\\\/landioustravel.com\\\/fr\\\/egypte\\\/pharaons-degypte\\\/\"},{\"@type\":\"ListItem\",\"position\":4,\"name\":\"Rams\u00e8s II\"}]},{\"@type\":\"WebSite\",\"@id\":\"https:\\\/\\\/landioustravel.com\\\/fr\\\/#website\",\"url\":\"https:\\\/\\\/landioustravel.com\\\/fr\\\/\",\"name\":\"Landious Travel\",\"description\":\"Excursions, trips and cruises in Egypt\",\"publisher\":{\"@id\":\"https:\\\/\\\/landioustravel.com\\\/fr\\\/#organization\"},\"potentialAction\":[{\"@type\":\"SearchAction\",\"target\":{\"@type\":\"EntryPoint\",\"urlTemplate\":\"https:\\\/\\\/landioustravel.com\\\/fr\\\/?s={search_term_string}\"},\"query-input\":{\"@type\":\"PropertyValueSpecification\",\"valueRequired\":true,\"valueName\":\"search_term_string\"}}],\"inLanguage\":\"fr-FR\"},{\"@type\":[\"Organization\",\"Place\"],\"@id\":\"https:\\\/\\\/landioustravel.com\\\/fr\\\/#organization\",\"name\":\"Landious Travel\",\"alternateName\":\"Landious Travel\",\"url\":\"https:\\\/\\\/landioustravel.com\\\/fr\\\/\",\"logo\":{\"@id\":\"https:\\\/\\\/landioustravel.com\\\/fr\\\/egypte\\\/pharaons-degypte\\\/ramses-ii\\\/#local-main-organization-logo\"},\"image\":{\"@id\":\"https:\\\/\\\/landioustravel.com\\\/fr\\\/egypte\\\/pharaons-degypte\\\/ramses-ii\\\/#local-main-organization-logo\"},\"sameAs\":[\"https:\\\/\\\/web.facebook.com\\\/landiousEgypt\",\"https:\\\/\\\/x.com\\\/LandiousTours\",\"https:\\\/\\\/mastodon.social\\\/@landious\"],\"legalName\":\"Landious Travel\",\"telephone\":[],\"openingHoursSpecification\":[{\"@type\":\"OpeningHoursSpecification\",\"dayOfWeek\":[\"Monday\",\"Tuesday\",\"Wednesday\",\"Thursday\",\"Friday\",\"Saturday\",\"Sunday\"],\"opens\":\"09:00\",\"closes\":\"17:00\"}]},{\"@type\":\"ImageObject\",\"inLanguage\":\"fr-FR\",\"@id\":\"https:\\\/\\\/landioustravel.com\\\/fr\\\/egypte\\\/pharaons-degypte\\\/ramses-ii\\\/#local-main-organization-logo\",\"url\":\"https:\\\/\\\/i0.wp.com\\\/landioustravel.com\\\/wp-content\\\/uploads\\\/2021\\\/06\\\/Landious-T.png?fit=500%2C500&ssl=1\",\"contentUrl\":\"https:\\\/\\\/i0.wp.com\\\/landioustravel.com\\\/wp-content\\\/uploads\\\/2021\\\/06\\\/Landious-T.png?fit=500%2C500&ssl=1\",\"width\":500,\"height\":500,\"caption\":\"Landious Travel\"}]}<\/script>\n<!-- \/ Yoast SEO Premium plugin. -->","yoast_head_json":{"title":"Rams\u00e8s II - Informations sur les r\u00e9alisations - Landious Travel","description":"Rams\u00e8s II est le troisi\u00e8me roi de la dix-neuvi\u00e8me dynastie de l'\u00c9gypte ancienne. Son r\u00e8gne \u00e9tait le deuxi\u00e8me plus long de l'histoire","robots":{"index":"index","follow":"follow","max-snippet":"max-snippet:-1","max-image-preview":"max-image-preview:large","max-video-preview":"max-video-preview:-1"},"canonical":"https:\/\/landioustravel.com\/fr\/egypte\/pharaons-degypte\/ramses-ii\/","og_locale":"fr_FR","og_type":"article","og_title":"Rams\u00e8s II","og_description":"Rams\u00e8s II est le troisi\u00e8me roi de la dix-neuvi\u00e8me dynastie de l'\u00c9gypte ancienne. Son r\u00e8gne \u00e9tait le deuxi\u00e8me plus long de l'histoire","og_url":"https:\/\/landioustravel.com\/fr\/egypte\/pharaons-degypte\/ramses-ii\/","og_site_name":"Landious Travel","article_publisher":"https:\/\/web.facebook.com\/landiousEgypt","article_modified_time":"2021-08-16T04:21:02+00:00","twitter_card":"summary_large_image","twitter_site":"@LandiousTours","twitter_misc":{"Dur\u00e9e de lecture estim\u00e9e":"7 minutes"},"schema":{"@context":"https:\/\/schema.org","@graph":[{"@type":"WebPage","@id":"https:\/\/landioustravel.com\/fr\/egypte\/pharaons-degypte\/ramses-ii\/","url":"https:\/\/landioustravel.com\/fr\/egypte\/pharaons-degypte\/ramses-ii\/","name":"Rams\u00e8s II - Informations sur les r\u00e9alisations - Landious Travel","isPartOf":{"@id":"https:\/\/landioustravel.com\/fr\/#website"},"datePublished":"2021-08-16T04:20:59+00:00","dateModified":"2021-08-16T04:21:02+00:00","description":"Rams\u00e8s II est le troisi\u00e8me roi de la dix-neuvi\u00e8me dynastie de l'\u00c9gypte ancienne. Son r\u00e8gne \u00e9tait le deuxi\u00e8me plus long de l'histoire","breadcrumb":{"@id":"https:\/\/landioustravel.com\/fr\/egypte\/pharaons-degypte\/ramses-ii\/#breadcrumb"},"inLanguage":"fr-FR","potentialAction":[{"@type":"ReadAction","target":["https:\/\/landioustravel.com\/fr\/egypte\/pharaons-degypte\/ramses-ii\/"]}]},{"@type":"BreadcrumbList","@id":"https:\/\/landioustravel.com\/fr\/egypte\/pharaons-degypte\/ramses-ii\/#breadcrumb","itemListElement":[{"@type":"ListItem","position":1,"name":"Home","item":"https:\/\/landioustravel.com\/fr\/"},{"@type":"ListItem","position":2,"name":"\u00c9gypte","item":"https:\/\/landioustravel.com\/fr\/egypte\/"},{"@type":"ListItem","position":3,"name":"Pharaons d&#8217;Egypte","item":"https:\/\/landioustravel.com\/fr\/egypte\/pharaons-degypte\/"},{"@type":"ListItem","position":4,"name":"Rams\u00e8s II"}]},{"@type":"WebSite","@id":"https:\/\/landioustravel.com\/fr\/#website","url":"https:\/\/landioustravel.com\/fr\/","name":"Landious Travel","description":"Excursions, trips and cruises in Egypt","publisher":{"@id":"https:\/\/landioustravel.com\/fr\/#organization"},"potentialAction":[{"@type":"SearchAction","target":{"@type":"EntryPoint","urlTemplate":"https:\/\/landioustravel.com\/fr\/?s={search_term_string}"},"query-input":{"@type":"PropertyValueSpecification","valueRequired":true,"valueName":"search_term_string"}}],"inLanguage":"fr-FR"},{"@type":["Organization","Place"],"@id":"https:\/\/landioustravel.com\/fr\/#organization","name":"Landious Travel","alternateName":"Landious Travel","url":"https:\/\/landioustravel.com\/fr\/","logo":{"@id":"https:\/\/landioustravel.com\/fr\/egypte\/pharaons-degypte\/ramses-ii\/#local-main-organization-logo"},"image":{"@id":"https:\/\/landioustravel.com\/fr\/egypte\/pharaons-degypte\/ramses-ii\/#local-main-organization-logo"},"sameAs":["https:\/\/web.facebook.com\/landiousEgypt","https:\/\/x.com\/LandiousTours","https:\/\/mastodon.social\/@landious"],"legalName":"Landious Travel","telephone":[],"openingHoursSpecification":[{"@type":"OpeningHoursSpecification","dayOfWeek":["Monday","Tuesday","Wednesday","Thursday","Friday","Saturday","Sunday"],"opens":"09:00","closes":"17:00"}]},{"@type":"ImageObject","inLanguage":"fr-FR","@id":"https:\/\/landioustravel.com\/fr\/egypte\/pharaons-degypte\/ramses-ii\/#local-main-organization-logo","url":"https:\/\/i0.wp.com\/landioustravel.com\/wp-content\/uploads\/2021\/06\/Landious-T.png?fit=500%2C500&ssl=1","contentUrl":"https:\/\/i0.wp.com\/landioustravel.com\/wp-content\/uploads\/2021\/06\/Landious-T.png?fit=500%2C500&ssl=1","width":500,"height":500,"caption":"Landious Travel"}]}},"uagb_featured_image_src":{"full":false,"thumbnail":false,"medium":false,"medium_large":false,"large":false,"1536x1536":false,"2048x2048":false,"newspack-article-block-landscape-large":false,"newspack-article-block-portrait-large":false,"newspack-article-block-square-large":false,"newspack-article-block-landscape-medium":false,"newspack-article-block-portrait-medium":false,"newspack-article-block-square-medium":false,"newspack-article-block-landscape-intermediate":false,"newspack-article-block-portrait-intermediate":false,"newspack-article-block-square-intermediate":false,"newspack-article-block-landscape-small":false,"newspack-article-block-portrait-small":false,"newspack-article-block-square-small":false,"newspack-article-block-landscape-tiny":false,"newspack-article-block-portrait-tiny":false,"newspack-article-block-square-tiny":false,"newspack-article-block-uncropped":false,"woocommerce_thumbnail":false,"woocommerce_single":false,"woocommerce_gallery_thumbnail":false},"uagb_author_info":{"display_name":"Mofreh Landious","author_link":"https:\/\/landioustravel.com\/fr\/author\/landious\/"},"uagb_comment_info":0,"uagb_excerpt":"Rams\u00e8s II est le troisi\u00e8me roi de la dix-neuvi\u00e8me dynastie de l&#8217;\u00c9gypte ancienne. Son r\u00e8gne \u00e9tait le deuxi\u00e8me plus long de l&#8217;histoire \u00e9gyptienne de 1279 \u00e0 1213 av. Les historiens consid\u00e8rent ce pharaon comme le plus grand, le plus c\u00e9l\u00e8bre et le plus puissant du Nouvel Empire. Certes, le Nouvel Empire fut la p\u00e9riode la&hellip;","jetpack_sharing_enabled":true,"jetpack_shortlink":"https:\/\/wp.me\/Par4r5-9gc","jetpack_likes_enabled":true,"amp_enabled":true,"_links":{"self":[{"href":"https:\/\/landioustravel.com\/fr\/wp-json\/wp\/v2\/pages\/35600","targetHints":{"allow":["GET"]}}],"collection":[{"href":"https:\/\/landioustravel.com\/fr\/wp-json\/wp\/v2\/pages"}],"about":[{"href":"https:\/\/landioustravel.com\/fr\/wp-json\/wp\/v2\/types\/page"}],"author":[{"embeddable":true,"href":"https:\/\/landioustravel.com\/fr\/wp-json\/wp\/v2\/users\/1"}],"replies":[{"embeddable":true,"href":"https:\/\/landioustravel.com\/fr\/wp-json\/wp\/v2\/comments?post=35600"}],"version-history":[{"count":0,"href":"https:\/\/landioustravel.com\/fr\/wp-json\/wp\/v2\/pages\/35600\/revisions"}],"up":[{"embeddable":true,"href":"https:\/\/landioustravel.com\/fr\/wp-json\/wp\/v2\/pages\/33126"}],"wp:attachment":[{"href":"https:\/\/landioustravel.com\/fr\/wp-json\/wp\/v2\/media?parent=35600"}],"curies":[{"name":"wp","href":"https:\/\/api.w.org\/{rel}","templated":true}]}}