{"id":4386,"date":"2019-05-06T00:39:00","date_gmt":"2019-05-05T22:39:00","guid":{"rendered":"https:\/\/landioustravel.com\/?page_id=4386"},"modified":"2019-07-11T01:20:55","modified_gmt":"2019-07-10T23:20:55","slug":"gouvernorat-qena","status":"publish","type":"page","link":"https:\/\/landioustravel.com\/fr\/egypte\/villes-egyptiennes\/gouvernorat-qena\/","title":{"rendered":"Gouvernorat de Qena"},"content":{"rendered":"\n<p><amp-fit-text layout=\"fixed-height\" min-font-size=\"14\" max-font-size=\"48\" height=\"50\">Qena s&#8217;\u00e9tend sur 168 km le long du Nil et \u00e0 577 km du <a href=\"https:\/\/landioustravel.com\/fr\/egypte\/villes-egyptiennes\/gouvernorat-caire\/\">Caire<\/a>. Il est bord\u00e9 par <a href=\"https:\/\/landioustravel.com\/fr\/egypte\/villes-egyptiennes\/gouvernorat-sohag\/\">le gouvernorat de Sohag<\/a> au nord, par <a href=\"https:\/\/landioustravel.com\/fr\/egypte\/villes-egyptiennes\/gouvernorat-louxor\/\">le gouvernorat de Louxor<\/a> au sud, par le <a href=\"https:\/\/landioustravel.com\/fr\/egypte\/villes-egyptiennes\/gouvernorat-bahr-ahmar\/\">gouvernorat d&#8217;Al-Bahr Al-Ahmar<\/a> (mer Rouge) \u00e0 l&#8217;est et par le gouvernorat de New Valley \u00e0 l&#8217;ouest.<\/amp-fit-text><\/p>\n\n\n\n<amp-fit-text layout=\"fixed-height\" min-font-size=\"14\" max-font-size=\"48\" height=\"50\"><h2 class=\"wp-block-heading\">Histoire du gouvernorat de Qena<\/h2><\/amp-fit-text>\n\n\n\n<p><amp-fit-text layout=\"fixed-height\" min-font-size=\"14\" max-font-size=\"48\" height=\"50\">Qena est l\u2019un des 27 <a href=\"https:\/\/landioustravel.com\/fr\/egypte\/villes-egyptiennes\/\">gouvernorats d\u2019\u00c9gypte<\/a>. Ce gouvernorat a une <a href=\"https:\/\/landioustravel.com\/fr\/egypte\/histoire-egypte\/\">histoire<\/a> et un patrimoine profond\u00e9ment enracin\u00e9s, comme tous les gouvernorats de la vall\u00e9e du Nil. L\u2019histoire de ce gouvernorat remonte aussi loin que l\u2019histoire de la civilisation en <a href=\"https:\/\/landioustravel.com\/fr\/egypte\/\">\u00c9gypte<\/a>. On peut obtenir beaucoup d&#8217;informations sur l&#8217;histoire de ce gouvernorat gr\u00e2ce aux derniers monuments \u00e9gyptiens de Naqada et \u00e0 Dendera.<\/amp-fit-text><\/p>\n\n\n\n<p><amp-fit-text layout=\"fixed-height\" min-font-size=\"14\" max-font-size=\"48\" height=\"50\">Plus tard, Muhammad Ali, qui a commenc\u00e9 \u00e0 diriger l\u2019\u00c9gypte en 1805, a divis\u00e9 le pays en directions. L&#8217;une de ces directions s&#8217;appelait Girga ou Haute-\u00c9gypte. En cons\u00e9quence, cette direction comptait un certain nombre de villes, dont Mishta au nord et Esna au sud. \u00c0 ce moment-l\u00e0, il y avait une ville appel\u00e9e Qena dans cette direction.<\/amp-fit-text><\/p>\n\n\n\n<p><amp-fit-text layout=\"fixed-height\" min-font-size=\"14\" max-font-size=\"48\" height=\"50\">Avec la nouvelle division d\u00e9monstrative en gouvernorats en 1960, Qena est devenue un gouvernorat qui s&#8217;\u00e9tend du sud du gouvernorat de Sohag \u00e0 la ville d\u2019Esna au sud. En 2009, Louxor s&#8217;en est s\u00e9par\u00e9 pour former un nouveau gouvernorat.<\/amp-fit-text><\/p>\n\n\n\n<amp-fit-text layout=\"fixed-height\" min-font-size=\"14\" max-font-size=\"48\" height=\"50\"><h2 class=\"wp-block-heading\">Division Administrative du gouvernorat de Qena<\/h2><\/amp-fit-text>\n\n\n\n<p><amp-fit-text layout=\"fixed-height\" min-font-size=\"14\" max-font-size=\"48\" height=\"50\">Le gouvernorat de Qena comprend 11 divisions administratives ou 11 villes centrales:<\/amp-fit-text><\/p>\n\n\n\n<ul class=\"wp-block-list\"><li>Abu Tesht<\/li><li> El Waqf<\/li><li> Dishna<\/li><li> Farshut<\/li><li> New Qena<\/li><li> Naga Hammadi<\/li><li> Naqada<\/li><li> Quft (Gebtu ou Coptos)<\/li><li> Qena<\/li><li> Qus<\/li><\/ul>\n\n\n\n<p><amp-fit-text layout=\"fixed-height\" min-font-size=\"14\" max-font-size=\"48\" height=\"50\">Les villes centrales ci-dessus (Markazes) ont des unit\u00e9s locales rurales, avec des villages subordonn\u00e9s.<\/amp-fit-text><\/p>\n","protected":false},"excerpt":{"rendered":"<p>Qena s&#8217;\u00e9tend sur 168 km le long du Nil et \u00e0 577 km du Caire. Il est bord\u00e9 par le gouvernorat de Sohag au nord, par le gouvernorat de Louxor au sud, par le gouvernorat d&#8217;Al-Bahr Al-Ahmar (mer Rouge) \u00e0 l&#8217;est et par le gouvernorat de New Valley \u00e0 l&#8217;ouest. Histoire du gouvernorat de Qena [&hellip;]<\/p>\n","protected":false},"author":1,"featured_media":3991,"parent":3524,"menu_order":0,"comment_status":"open","ping_status":"closed","template":"","meta":{"_coblocks_attr":"","_coblocks_dimensions":"","_coblocks_responsive_height":"","_coblocks_accordion_ie_support":"","_uag_custom_page_level_css":"","footnotes":""},"class_list":["post-4386","page","type-page","status-publish","has-post-thumbnail","hentry"],"yoast_head":"<!-- This site is optimized with the Yoast SEO Premium plugin v26.9 (Yoast SEO v27.5) - https:\/\/yoast.com\/product\/yoast-seo-premium-wordpress\/ -->\n<title>Gouvernorat de Qena - Location, History and Divisions - Landious Travel<\/title>\n<meta name=\"description\" content=\"Qena s&#039;\u00e9tend sur 168 km le long du Nil et \u00e0 577 km du Caire. Il est bord\u00e9 par le gouvernorat de Sohag au nord, par le gouvernorat de Louxor au sud, par le gouvernorat d&#039;Al-Bahr Al-Ahmar (mer Rouge) \u00e0 l&#039;est et par le gouvernorat de New Valley \u00e0 l&#039;ouest\" \/>\n<meta name=\"robots\" content=\"index, follow, max-snippet:-1, max-image-preview:large, max-video-preview:-1\" \/>\n<link rel=\"canonical\" href=\"https:\/\/landioustravel.com\/fr\/egypte\/villes-egyptiennes\/gouvernorat-qena\/\" \/>\n<meta property=\"og:locale\" content=\"fr_FR\" \/>\n<meta property=\"og:type\" content=\"article\" \/>\n<meta property=\"og:title\" content=\"Gouvernorat de Qena\" \/>\n<meta property=\"og:description\" content=\"Qena s&#039;\u00e9tend sur 168 km le long du Nil et \u00e0 577 km du Caire. Il est bord\u00e9 par le gouvernorat de Sohag au nord, par le gouvernorat de Louxor au sud, par le gouvernorat d&#039;Al-Bahr Al-Ahmar (mer Rouge) \u00e0 l&#039;est et par le gouvernorat de New Valley \u00e0 l&#039;ouest\" \/>\n<meta property=\"og:url\" content=\"https:\/\/landioustravel.com\/fr\/egypte\/villes-egyptiennes\/gouvernorat-qena\/\" \/>\n<meta property=\"og:site_name\" content=\"Landious Travel\" \/>\n<meta property=\"article:publisher\" content=\"https:\/\/web.facebook.com\/landiousEgypt\" \/>\n<meta property=\"article:modified_time\" content=\"2019-07-10T23:20:55+00:00\" \/>\n<meta property=\"og:image\" content=\"https:\/\/i0.wp.com\/landioustravel.com\/wp-content\/uploads\/2019\/04\/monastery_nagada-e1600892638751.jpg?fit=1200%2C674&ssl=1\" \/>\n\t<meta property=\"og:image:width\" content=\"1200\" \/>\n\t<meta property=\"og:image:height\" content=\"674\" \/>\n\t<meta property=\"og:image:type\" content=\"image\/jpeg\" \/>\n<meta name=\"twitter:card\" content=\"summary_large_image\" \/>\n<meta name=\"twitter:site\" content=\"@LandiousTours\" \/>\n<meta name=\"twitter:label1\" content=\"Dur\u00e9e de lecture estim\u00e9e\" \/>\n\t<meta name=\"twitter:data1\" content=\"1 minute\" \/>\n<script type=\"application\/ld+json\" class=\"yoast-schema-graph\">{\"@context\":\"https:\\\/\\\/schema.org\",\"@graph\":[{\"@type\":\"WebPage\",\"@id\":\"https:\\\/\\\/landioustravel.com\\\/fr\\\/egypte\\\/villes-egyptiennes\\\/gouvernorat-qena\\\/\",\"url\":\"https:\\\/\\\/landioustravel.com\\\/fr\\\/egypte\\\/villes-egyptiennes\\\/gouvernorat-qena\\\/\",\"name\":\"Gouvernorat de Qena - Location, History and Divisions - Landious Travel\",\"isPartOf\":{\"@id\":\"https:\\\/\\\/landioustravel.com\\\/fr\\\/#website\"},\"primaryImageOfPage\":{\"@id\":\"https:\\\/\\\/landioustravel.com\\\/fr\\\/egypte\\\/villes-egyptiennes\\\/gouvernorat-qena\\\/#primaryimage\"},\"image\":{\"@id\":\"https:\\\/\\\/landioustravel.com\\\/fr\\\/egypte\\\/villes-egyptiennes\\\/gouvernorat-qena\\\/#primaryimage\"},\"thumbnailUrl\":\"https:\\\/\\\/i0.wp.com\\\/landioustravel.com\\\/wp-content\\\/uploads\\\/2019\\\/04\\\/monastery_nagada-e1600892638751.jpg?fit=1200%2C674&ssl=1\",\"datePublished\":\"2019-05-05T22:39:00+00:00\",\"dateModified\":\"2019-07-10T23:20:55+00:00\",\"description\":\"Qena s'\u00e9tend sur 168 km le long du Nil et \u00e0 577 km du Caire. Il est bord\u00e9 par le gouvernorat de Sohag au nord, par le gouvernorat de Louxor au sud, par le gouvernorat d'Al-Bahr Al-Ahmar (mer Rouge) \u00e0 l'est et par le gouvernorat de New Valley \u00e0 l'ouest\",\"breadcrumb\":{\"@id\":\"https:\\\/\\\/landioustravel.com\\\/fr\\\/egypte\\\/villes-egyptiennes\\\/gouvernorat-qena\\\/#breadcrumb\"},\"inLanguage\":\"fr-FR\",\"potentialAction\":[{\"@type\":\"ReadAction\",\"target\":[\"https:\\\/\\\/landioustravel.com\\\/fr\\\/egypte\\\/villes-egyptiennes\\\/gouvernorat-qena\\\/\"]}]},{\"@type\":\"ImageObject\",\"inLanguage\":\"fr-FR\",\"@id\":\"https:\\\/\\\/landioustravel.com\\\/fr\\\/egypte\\\/villes-egyptiennes\\\/gouvernorat-qena\\\/#primaryimage\",\"url\":\"https:\\\/\\\/i0.wp.com\\\/landioustravel.com\\\/wp-content\\\/uploads\\\/2019\\\/04\\\/monastery_nagada-e1600892638751.jpg?fit=1200%2C674&ssl=1\",\"contentUrl\":\"https:\\\/\\\/i0.wp.com\\\/landioustravel.com\\\/wp-content\\\/uploads\\\/2019\\\/04\\\/monastery_nagada-e1600892638751.jpg?fit=1200%2C674&ssl=1\",\"width\":1200,\"height\":674,\"caption\":\"The monastery in Nagada city\"},{\"@type\":\"BreadcrumbList\",\"@id\":\"https:\\\/\\\/landioustravel.com\\\/fr\\\/egypte\\\/villes-egyptiennes\\\/gouvernorat-qena\\\/#breadcrumb\",\"itemListElement\":[{\"@type\":\"ListItem\",\"position\":1,\"name\":\"Home\",\"item\":\"https:\\\/\\\/landioustravel.com\\\/fr\\\/\"},{\"@type\":\"ListItem\",\"position\":2,\"name\":\"\u00c9gypte\",\"item\":\"https:\\\/\\\/landioustravel.com\\\/fr\\\/egypte\\\/\"},{\"@type\":\"ListItem\",\"position\":3,\"name\":\"Villes \u00e9gyptiennes\",\"item\":\"https:\\\/\\\/landioustravel.com\\\/fr\\\/egypte\\\/villes-egyptiennes\\\/\"},{\"@type\":\"ListItem\",\"position\":4,\"name\":\"Gouvernorat de Qena\"}]},{\"@type\":\"WebSite\",\"@id\":\"https:\\\/\\\/landioustravel.com\\\/fr\\\/#website\",\"url\":\"https:\\\/\\\/landioustravel.com\\\/fr\\\/\",\"name\":\"Landious Travel\",\"description\":\"Excursions, trips and cruises in Egypt\",\"publisher\":{\"@id\":\"https:\\\/\\\/landioustravel.com\\\/fr\\\/#organization\"},\"potentialAction\":[{\"@type\":\"SearchAction\",\"target\":{\"@type\":\"EntryPoint\",\"urlTemplate\":\"https:\\\/\\\/landioustravel.com\\\/fr\\\/?s={search_term_string}\"},\"query-input\":{\"@type\":\"PropertyValueSpecification\",\"valueRequired\":true,\"valueName\":\"search_term_string\"}}],\"inLanguage\":\"fr-FR\"},{\"@type\":[\"Organization\",\"Place\"],\"@id\":\"https:\\\/\\\/landioustravel.com\\\/fr\\\/#organization\",\"name\":\"Landious Travel\",\"alternateName\":\"Landious Travel\",\"url\":\"https:\\\/\\\/landioustravel.com\\\/fr\\\/\",\"logo\":{\"@id\":\"https:\\\/\\\/landioustravel.com\\\/fr\\\/egypte\\\/villes-egyptiennes\\\/gouvernorat-qena\\\/#local-main-organization-logo\"},\"image\":{\"@id\":\"https:\\\/\\\/landioustravel.com\\\/fr\\\/egypte\\\/villes-egyptiennes\\\/gouvernorat-qena\\\/#local-main-organization-logo\"},\"sameAs\":[\"https:\\\/\\\/web.facebook.com\\\/landiousEgypt\",\"https:\\\/\\\/x.com\\\/LandiousTours\",\"https:\\\/\\\/mastodon.social\\\/@landious\"],\"legalName\":\"Landious Travel\",\"telephone\":[],\"openingHoursSpecification\":[{\"@type\":\"OpeningHoursSpecification\",\"dayOfWeek\":[\"Monday\",\"Tuesday\",\"Wednesday\",\"Thursday\",\"Friday\",\"Saturday\",\"Sunday\"],\"opens\":\"09:00\",\"closes\":\"17:00\"}]},{\"@type\":\"ImageObject\",\"inLanguage\":\"fr-FR\",\"@id\":\"https:\\\/\\\/landioustravel.com\\\/fr\\\/egypte\\\/villes-egyptiennes\\\/gouvernorat-qena\\\/#local-main-organization-logo\",\"url\":\"https:\\\/\\\/i0.wp.com\\\/landioustravel.com\\\/wp-content\\\/uploads\\\/2021\\\/06\\\/Landious-T.png?fit=500%2C500&ssl=1\",\"contentUrl\":\"https:\\\/\\\/i0.wp.com\\\/landioustravel.com\\\/wp-content\\\/uploads\\\/2021\\\/06\\\/Landious-T.png?fit=500%2C500&ssl=1\",\"width\":500,\"height\":500,\"caption\":\"Landious Travel\"}]}<\/script>\n<!-- \/ Yoast SEO Premium plugin. -->","yoast_head_json":{"title":"Gouvernorat de Qena - Location, History and Divisions - Landious Travel","description":"Qena s'\u00e9tend sur 168 km le long du Nil et \u00e0 577 km du Caire. Il est bord\u00e9 par le gouvernorat de Sohag au nord, par le gouvernorat de Louxor au sud, par le gouvernorat d'Al-Bahr Al-Ahmar (mer Rouge) \u00e0 l'est et par le gouvernorat de New Valley \u00e0 l'ouest","robots":{"index":"index","follow":"follow","max-snippet":"max-snippet:-1","max-image-preview":"max-image-preview:large","max-video-preview":"max-video-preview:-1"},"canonical":"https:\/\/landioustravel.com\/fr\/egypte\/villes-egyptiennes\/gouvernorat-qena\/","og_locale":"fr_FR","og_type":"article","og_title":"Gouvernorat de Qena","og_description":"Qena s'\u00e9tend sur 168 km le long du Nil et \u00e0 577 km du Caire. Il est bord\u00e9 par le gouvernorat de Sohag au nord, par le gouvernorat de Louxor au sud, par le gouvernorat d'Al-Bahr Al-Ahmar (mer Rouge) \u00e0 l'est et par le gouvernorat de New Valley \u00e0 l'ouest","og_url":"https:\/\/landioustravel.com\/fr\/egypte\/villes-egyptiennes\/gouvernorat-qena\/","og_site_name":"Landious Travel","article_publisher":"https:\/\/web.facebook.com\/landiousEgypt","article_modified_time":"2019-07-10T23:20:55+00:00","og_image":[{"width":1200,"height":674,"url":"https:\/\/i0.wp.com\/landioustravel.com\/wp-content\/uploads\/2019\/04\/monastery_nagada-e1600892638751.jpg?fit=1200%2C674&ssl=1","type":"image\/jpeg"}],"twitter_card":"summary_large_image","twitter_site":"@LandiousTours","twitter_misc":{"Dur\u00e9e de lecture estim\u00e9e":"1 minute"},"schema":{"@context":"https:\/\/schema.org","@graph":[{"@type":"WebPage","@id":"https:\/\/landioustravel.com\/fr\/egypte\/villes-egyptiennes\/gouvernorat-qena\/","url":"https:\/\/landioustravel.com\/fr\/egypte\/villes-egyptiennes\/gouvernorat-qena\/","name":"Gouvernorat de Qena - Location, History and Divisions - Landious Travel","isPartOf":{"@id":"https:\/\/landioustravel.com\/fr\/#website"},"primaryImageOfPage":{"@id":"https:\/\/landioustravel.com\/fr\/egypte\/villes-egyptiennes\/gouvernorat-qena\/#primaryimage"},"image":{"@id":"https:\/\/landioustravel.com\/fr\/egypte\/villes-egyptiennes\/gouvernorat-qena\/#primaryimage"},"thumbnailUrl":"https:\/\/i0.wp.com\/landioustravel.com\/wp-content\/uploads\/2019\/04\/monastery_nagada-e1600892638751.jpg?fit=1200%2C674&ssl=1","datePublished":"2019-05-05T22:39:00+00:00","dateModified":"2019-07-10T23:20:55+00:00","description":"Qena s'\u00e9tend sur 168 km le long du Nil et \u00e0 577 km du Caire. Il est bord\u00e9 par le gouvernorat de Sohag au nord, par le gouvernorat de Louxor au sud, par le gouvernorat d'Al-Bahr Al-Ahmar (mer Rouge) \u00e0 l'est et par le gouvernorat de New Valley \u00e0 l'ouest","breadcrumb":{"@id":"https:\/\/landioustravel.com\/fr\/egypte\/villes-egyptiennes\/gouvernorat-qena\/#breadcrumb"},"inLanguage":"fr-FR","potentialAction":[{"@type":"ReadAction","target":["https:\/\/landioustravel.com\/fr\/egypte\/villes-egyptiennes\/gouvernorat-qena\/"]}]},{"@type":"ImageObject","inLanguage":"fr-FR","@id":"https:\/\/landioustravel.com\/fr\/egypte\/villes-egyptiennes\/gouvernorat-qena\/#primaryimage","url":"https:\/\/i0.wp.com\/landioustravel.com\/wp-content\/uploads\/2019\/04\/monastery_nagada-e1600892638751.jpg?fit=1200%2C674&ssl=1","contentUrl":"https:\/\/i0.wp.com\/landioustravel.com\/wp-content\/uploads\/2019\/04\/monastery_nagada-e1600892638751.jpg?fit=1200%2C674&ssl=1","width":1200,"height":674,"caption":"The monastery in Nagada city"},{"@type":"BreadcrumbList","@id":"https:\/\/landioustravel.com\/fr\/egypte\/villes-egyptiennes\/gouvernorat-qena\/#breadcrumb","itemListElement":[{"@type":"ListItem","position":1,"name":"Home","item":"https:\/\/landioustravel.com\/fr\/"},{"@type":"ListItem","position":2,"name":"\u00c9gypte","item":"https:\/\/landioustravel.com\/fr\/egypte\/"},{"@type":"ListItem","position":3,"name":"Villes \u00e9gyptiennes","item":"https:\/\/landioustravel.com\/fr\/egypte\/villes-egyptiennes\/"},{"@type":"ListItem","position":4,"name":"Gouvernorat de Qena"}]},{"@type":"WebSite","@id":"https:\/\/landioustravel.com\/fr\/#website","url":"https:\/\/landioustravel.com\/fr\/","name":"Landious Travel","description":"Excursions, trips and cruises in Egypt","publisher":{"@id":"https:\/\/landioustravel.com\/fr\/#organization"},"potentialAction":[{"@type":"SearchAction","target":{"@type":"EntryPoint","urlTemplate":"https:\/\/landioustravel.com\/fr\/?s={search_term_string}"},"query-input":{"@type":"PropertyValueSpecification","valueRequired":true,"valueName":"search_term_string"}}],"inLanguage":"fr-FR"},{"@type":["Organization","Place"],"@id":"https:\/\/landioustravel.com\/fr\/#organization","name":"Landious Travel","alternateName":"Landious Travel","url":"https:\/\/landioustravel.com\/fr\/","logo":{"@id":"https:\/\/landioustravel.com\/fr\/egypte\/villes-egyptiennes\/gouvernorat-qena\/#local-main-organization-logo"},"image":{"@id":"https:\/\/landioustravel.com\/fr\/egypte\/villes-egyptiennes\/gouvernorat-qena\/#local-main-organization-logo"},"sameAs":["https:\/\/web.facebook.com\/landiousEgypt","https:\/\/x.com\/LandiousTours","https:\/\/mastodon.social\/@landious"],"legalName":"Landious Travel","telephone":[],"openingHoursSpecification":[{"@type":"OpeningHoursSpecification","dayOfWeek":["Monday","Tuesday","Wednesday","Thursday","Friday","Saturday","Sunday"],"opens":"09:00","closes":"17:00"}]},{"@type":"ImageObject","inLanguage":"fr-FR","@id":"https:\/\/landioustravel.com\/fr\/egypte\/villes-egyptiennes\/gouvernorat-qena\/#local-main-organization-logo","url":"https:\/\/i0.wp.com\/landioustravel.com\/wp-content\/uploads\/2021\/06\/Landious-T.png?fit=500%2C500&ssl=1","contentUrl":"https:\/\/i0.wp.com\/landioustravel.com\/wp-content\/uploads\/2021\/06\/Landious-T.png?fit=500%2C500&ssl=1","width":500,"height":500,"caption":"Landious Travel"}]}},"uagb_featured_image_src":{"full":["https:\/\/i0.wp.com\/landioustravel.com\/wp-content\/uploads\/2019\/04\/monastery_nagada-e1600892638751.jpg?fit=1200%2C674&ssl=1",1200,674,false],"thumbnail":["https:\/\/i0.wp.com\/landioustravel.com\/wp-content\/uploads\/2019\/04\/monastery_nagada-e1600892638751.jpg?resize=150%2C150&ssl=1",150,150,true],"medium":["https:\/\/i0.wp.com\/landioustravel.com\/wp-content\/uploads\/2019\/04\/monastery_nagada-e1600892638751.jpg?fit=300%2C169&ssl=1",300,169,true],"medium_large":["https:\/\/i0.wp.com\/landioustravel.com\/wp-content\/uploads\/2019\/04\/monastery_nagada-e1600892638751.jpg?fit=768%2C431&ssl=1",768,431,true],"large":["https:\/\/i0.wp.com\/landioustravel.com\/wp-content\/uploads\/2019\/04\/monastery_nagada-e1600892638751.jpg?fit=980%2C550&ssl=1",980,550,true],"1536x1536":["https:\/\/i0.wp.com\/landioustravel.com\/wp-content\/uploads\/2019\/04\/monastery_nagada-e1600892638751.jpg?fit=1536%2C863&ssl=1",1536,863,true],"2048x2048":["https:\/\/i0.wp.com\/landioustravel.com\/wp-content\/uploads\/2019\/04\/monastery_nagada-e1600892638751.jpg?fit=1200%2C674&ssl=1",1200,674,true],"newspack-article-block-landscape-large":["https:\/\/i0.wp.com\/landioustravel.com\/wp-content\/uploads\/2019\/04\/monastery_nagada-e1600892638751.jpg?resize=1200%2C674&ssl=1",1200,900,true],"newspack-article-block-portrait-large":["https:\/\/i0.wp.com\/landioustravel.com\/wp-content\/uploads\/2019\/04\/monastery_nagada-e1600892638751.jpg?resize=900%2C674&ssl=1",900,674,true],"newspack-article-block-square-large":["https:\/\/i0.wp.com\/landioustravel.com\/wp-content\/uploads\/2019\/04\/monastery_nagada-e1600892638751.jpg?resize=1200%2C674&ssl=1",1200,1029,true],"newspack-article-block-landscape-medium":["https:\/\/i0.wp.com\/landioustravel.com\/wp-content\/uploads\/2019\/04\/monastery_nagada-e1600892638751.jpg?resize=800%2C600&ssl=1",800,600,true],"newspack-article-block-portrait-medium":["https:\/\/i0.wp.com\/landioustravel.com\/wp-content\/uploads\/2019\/04\/monastery_nagada-e1600892638751.jpg?resize=600%2C674&ssl=1",600,674,true],"newspack-article-block-square-medium":["https:\/\/i0.wp.com\/landioustravel.com\/wp-content\/uploads\/2019\/04\/monastery_nagada-e1600892638751.jpg?resize=800%2C674&ssl=1",800,674,true],"newspack-article-block-landscape-intermediate":["https:\/\/i0.wp.com\/landioustravel.com\/wp-content\/uploads\/2019\/04\/monastery_nagada-e1600892638751.jpg?resize=600%2C450&ssl=1",600,450,true],"newspack-article-block-portrait-intermediate":["https:\/\/i0.wp.com\/landioustravel.com\/wp-content\/uploads\/2019\/04\/monastery_nagada-e1600892638751.jpg?resize=450%2C600&ssl=1",450,600,true],"newspack-article-block-square-intermediate":["https:\/\/i0.wp.com\/landioustravel.com\/wp-content\/uploads\/2019\/04\/monastery_nagada-e1600892638751.jpg?resize=600%2C600&ssl=1",600,600,true],"newspack-article-block-landscape-small":["https:\/\/i0.wp.com\/landioustravel.com\/wp-content\/uploads\/2019\/04\/monastery_nagada-e1600892638751.jpg?resize=400%2C300&ssl=1",400,300,true],"newspack-article-block-portrait-small":["https:\/\/i0.wp.com\/landioustravel.com\/wp-content\/uploads\/2019\/04\/monastery_nagada-e1600892638751.jpg?resize=300%2C400&ssl=1",300,400,true],"newspack-article-block-square-small":["https:\/\/i0.wp.com\/landioustravel.com\/wp-content\/uploads\/2019\/04\/monastery_nagada-e1600892638751.jpg?resize=400%2C400&ssl=1",400,400,true],"newspack-article-block-landscape-tiny":["https:\/\/i0.wp.com\/landioustravel.com\/wp-content\/uploads\/2019\/04\/monastery_nagada-e1600892638751.jpg?resize=200%2C150&ssl=1",200,150,true],"newspack-article-block-portrait-tiny":["https:\/\/i0.wp.com\/landioustravel.com\/wp-content\/uploads\/2019\/04\/monastery_nagada-e1600892638751.jpg?resize=150%2C200&ssl=1",150,200,true],"newspack-article-block-square-tiny":["https:\/\/i0.wp.com\/landioustravel.com\/wp-content\/uploads\/2019\/04\/monastery_nagada-e1600892638751.jpg?resize=200%2C200&ssl=1",200,200,true],"newspack-article-block-uncropped":["https:\/\/i0.wp.com\/landioustravel.com\/wp-content\/uploads\/2019\/04\/monastery_nagada-e1600892638751.jpg?fit=1200%2C674&ssl=1",1200,674,true],"woocommerce_thumbnail":["https:\/\/i0.wp.com\/landioustravel.com\/wp-content\/uploads\/2019\/04\/monastery_nagada-e1600892638751.jpg?resize=324%2C324&ssl=1",324,324,true],"woocommerce_single":["https:\/\/i0.wp.com\/landioustravel.com\/wp-content\/uploads\/2019\/04\/monastery_nagada-e1600892638751.jpg?fit=416%2C234&ssl=1",416,234,true],"woocommerce_gallery_thumbnail":["https:\/\/i0.wp.com\/landioustravel.com\/wp-content\/uploads\/2019\/04\/monastery_nagada-e1600892638751.jpg?resize=100%2C100&ssl=1",100,100,true]},"uagb_author_info":{"display_name":"Mofreh Landious","author_link":"https:\/\/landioustravel.com\/fr\/author\/landious\/"},"uagb_comment_info":0,"uagb_excerpt":"Qena s&#8217;\u00e9tend sur 168 km le long du Nil et \u00e0 577 km du Caire. Il est bord\u00e9 par le gouvernorat de Sohag au nord, par le gouvernorat de Louxor au sud, par le gouvernorat d&#8217;Al-Bahr Al-Ahmar (mer Rouge) \u00e0 l&#8217;est et par le gouvernorat de New Valley \u00e0 l&#8217;ouest. Histoire du gouvernorat de Qena&hellip;","jetpack_sharing_enabled":true,"jetpack_shortlink":"https:\/\/wp.me\/Par4r5-18K","jetpack_likes_enabled":true,"amp_enabled":true,"_links":{"self":[{"href":"https:\/\/landioustravel.com\/fr\/wp-json\/wp\/v2\/pages\/4386","targetHints":{"allow":["GET"]}}],"collection":[{"href":"https:\/\/landioustravel.com\/fr\/wp-json\/wp\/v2\/pages"}],"about":[{"href":"https:\/\/landioustravel.com\/fr\/wp-json\/wp\/v2\/types\/page"}],"author":[{"embeddable":true,"href":"https:\/\/landioustravel.com\/fr\/wp-json\/wp\/v2\/users\/1"}],"replies":[{"embeddable":true,"href":"https:\/\/landioustravel.com\/fr\/wp-json\/wp\/v2\/comments?post=4386"}],"version-history":[{"count":0,"href":"https:\/\/landioustravel.com\/fr\/wp-json\/wp\/v2\/pages\/4386\/revisions"}],"up":[{"embeddable":true,"href":"https:\/\/landioustravel.com\/fr\/wp-json\/wp\/v2\/pages\/3524"}],"wp:featuredmedia":[{"embeddable":true,"href":"https:\/\/landioustravel.com\/fr\/wp-json\/wp\/v2\/media\/3991"}],"wp:attachment":[{"href":"https:\/\/landioustravel.com\/fr\/wp-json\/wp\/v2\/media?parent=4386"}],"curies":[{"name":"wp","href":"https:\/\/api.w.org\/{rel}","templated":true}]}}