{"id":4408,"date":"2019-05-07T01:33:13","date_gmt":"2019-05-06T23:33:13","guid":{"rendered":"https:\/\/landioustravel.com\/?page_id=4408"},"modified":"2019-07-15T00:03:00","modified_gmt":"2019-07-14T22:03:00","slug":"temple-de-kom-ombo","status":"publish","type":"page","link":"https:\/\/landioustravel.com\/fr\/egypte\/temples-egyptiens\/temple-de-kom-ombo\/","title":{"rendered":"Temple de Kom Ombo"},"content":{"rendered":"\n<p><amp-fit-text layout=\"fixed-height\" min-font-size=\"14\" max-font-size=\"48\" height=\"50\">Le temple de Kom Ombo est un double temple situ\u00e9 dans la ville de Kom Ombo, dans <a href=\"https:\/\/landioustravel.com\/fr\/egypte\/villes-egyptiennes\/gouvernorat-assouan\/\">le gouvernorat d&#8217;Assouan<\/a>, en Haute-<a href=\"https:\/\/landioustravel.com\/fr\/egypte\/\">\u00c9gypte<\/a>. Le b\u00e2timent est unique car sa conception a \u00e9t\u00e9 divis\u00e9e en deux parties adjacentes. En d&#8217;autres termes, il y avait des tribunaux, des halls, des sanctuaires et des salles dupliqu\u00e9es pour deux ensembles de <a href=\"https:\/\/landioustravel.com\/fr\/egypte\/divinites-egyptiennes\/\">dieux<\/a>.<\/amp-fit-text><\/p>\n\n\n\n<amp-fit-text layout=\"fixed-height\" min-font-size=\"14\" max-font-size=\"48\" height=\"50\"><h2 class=\"wp-block-heading\">L&#8217;histoire du temple de Kom Ombo<\/h2><\/amp-fit-text>\n\n\n\n<p><amp-fit-text layout=\"fixed-height\" min-font-size=\"14\" max-font-size=\"48\" height=\"50\">Un temple avait d\u00e9j\u00e0 \u00e9t\u00e9 construit dans le Nouvel Empire pour honorer les dieux <a href=\"https:\/\/landioustravel.com\/fr\/egypte\/divinites-egyptiennes\/dieu-horus\/\">Horus<\/a> et Sobek. Les blocs r\u00e9utilis\u00e9s sugg\u00e8rent un temple plus ancien de la p\u00e9riode du Moyen Empire. Cependant, il reste peu de choses du temple du Nouvel Empire.<\/amp-fit-text><\/p>\n\n\n\n<p><amp-fit-text layout=\"fixed-height\" min-font-size=\"14\" max-font-size=\"48\" height=\"50\">Le temple existant a \u00e9t\u00e9 construit pendant la dynastie des Ptol\u00e9m\u00e9es, entre 180 et 47 av. Ptol\u00e9m\u00e9e VI Philometor (180-145 av. JC) commen\u00e7a la construction de ce temple au d\u00e9but de son r\u00e8gne. D&#8217;autres Ptol\u00e9m\u00e9es ont contribu\u00e9 \u00e0 sa construction, notamment Ptol\u00e9m\u00e9e XIII Theos Philopator (51\u201347 av. J.-C.), qui a construit les hypostyles int\u00e9rieur et ext\u00e9rieur. Certains ajouts ont \u00e9t\u00e9 faits plus tard au cours de la p\u00e9riode romaine.<\/amp-fit-text><\/p>\n\n\n\n<p><amp-fit-text layout=\"fixed-height\" min-font-size=\"14\" max-font-size=\"48\" height=\"50\">Apr\u00e8s l&#8217;annonce du christianisme annonc\u00e9 comme religion officielle du pays \u00e0 l&#8217;\u00e9poque romaine, une partie des reliefs \u00e0 l&#8217;int\u00e9rieur est alt\u00e9r\u00e9e par les coptes. Le temple \u00e9tait alors utilis\u00e9 comme \u00e9glise.<\/amp-fit-text><\/p>\n\n\n\n<p><amp-fit-text layout=\"fixed-height\" min-font-size=\"14\" max-font-size=\"48\" height=\"50\">Avec la fin de la p\u00e9riode romaine, le temple a \u00e9t\u00e9 n\u00e9glig\u00e9. R\u00e9cemment, tous les b\u00e2timents de temples dans la partie sud du plateau ont \u00e9t\u00e9 nettoy\u00e9s et restaur\u00e9s par Jacques de Morgan en 1893.<\/amp-fit-text><\/p>\n\n\n\n<p><amp-fit-text layout=\"fixed-height\" min-font-size=\"14\" max-font-size=\"48\" height=\"50\">En septembre 2018, le minist\u00e8re des antiquit\u00e9s \u00e9gyptiens a annonc\u00e9 qu&#8217;une statue de sphinx en gr\u00e8s avait \u00e9t\u00e9 d\u00e9couverte au temple. La statue mesure environ 28 cm de large et 38 cm de hauteur et date probablement de la dynastie ptol\u00e9ma\u00efque.<\/amp-fit-text><\/p>\n","protected":false},"excerpt":{"rendered":"<p>Le temple de Kom Ombo est un double temple situ\u00e9 dans la ville de Kom Ombo, dans le gouvernorat d&#8217;Assouan, en Haute-\u00c9gypte. Le b\u00e2timent est unique car sa conception a \u00e9t\u00e9 divis\u00e9e en deux parties adjacentes. En d&#8217;autres termes, il y avait des tribunaux, des halls, des sanctuaires et des salles dupliqu\u00e9es pour deux ensembles [&hellip;]<\/p>\n","protected":false},"author":1,"featured_media":0,"parent":3123,"menu_order":0,"comment_status":"open","ping_status":"closed","template":"","meta":{"_coblocks_attr":"","_coblocks_dimensions":"","_coblocks_responsive_height":"","_coblocks_accordion_ie_support":"","_uag_custom_page_level_css":"","jetpack_post_was_ever_published":false,"footnotes":""},"class_list":["post-4408","page","type-page","status-publish","hentry"],"yoast_head":"<!-- This site is optimized with the Yoast SEO Premium plugin v26.9 (Yoast SEO v27.3) - https:\/\/yoast.com\/product\/yoast-seo-premium-wordpress\/ -->\n<title>Temple de Kom Ombo -Temple of Sobek and Horus - Landious Travel<\/title>\n<meta name=\"description\" content=\"Le temple de Kom Ombo est un double temple situ\u00e9 dans la ville de Kom Ombo, dans le gouvernorat d&#039;Assouan, en Haute-\u00c9gypte. Le b\u00e2timent est unique car sa conception a \u00e9t\u00e9 divis\u00e9e en deux parties adjacentes. En d&#039;autres termes, il y avait des tribunaux, des halls, des sanctuaires et des salles dupliqu\u00e9es pour deux ensembles de dieux\" \/>\n<meta name=\"robots\" content=\"index, follow, max-snippet:-1, max-image-preview:large, max-video-preview:-1\" \/>\n<link rel=\"canonical\" href=\"https:\/\/landioustravel.com\/fr\/egypte\/temples-egyptiens\/temple-de-kom-ombo\/\" \/>\n<meta property=\"og:locale\" content=\"fr_FR\" \/>\n<meta property=\"og:type\" content=\"article\" \/>\n<meta property=\"og:title\" content=\"Temple de Kom Ombo\" \/>\n<meta property=\"og:description\" content=\"Le temple de Kom Ombo est un double temple situ\u00e9 dans la ville de Kom Ombo, dans le gouvernorat d&#039;Assouan, en Haute-\u00c9gypte. Le b\u00e2timent est unique car sa conception a \u00e9t\u00e9 divis\u00e9e en deux parties adjacentes. En d&#039;autres termes, il y avait des tribunaux, des halls, des sanctuaires et des salles dupliqu\u00e9es pour deux ensembles de dieux\" \/>\n<meta property=\"og:url\" content=\"https:\/\/landioustravel.com\/fr\/egypte\/temples-egyptiens\/temple-de-kom-ombo\/\" \/>\n<meta property=\"og:site_name\" content=\"Landious Travel\" \/>\n<meta property=\"article:publisher\" content=\"https:\/\/web.facebook.com\/landiousEgypt\" \/>\n<meta property=\"article:modified_time\" content=\"2019-07-14T22:03:00+00:00\" \/>\n<meta name=\"twitter:card\" content=\"summary_large_image\" \/>\n<meta name=\"twitter:site\" content=\"@LandiousTours\" \/>\n<meta name=\"twitter:label1\" content=\"Dur\u00e9e de lecture estim\u00e9e\" \/>\n\t<meta name=\"twitter:data1\" content=\"2 minutes\" \/>\n<script type=\"application\/ld+json\" class=\"yoast-schema-graph\">{\"@context\":\"https:\\\/\\\/schema.org\",\"@graph\":[{\"@type\":\"WebPage\",\"@id\":\"https:\\\/\\\/landioustravel.com\\\/fr\\\/egypte\\\/temples-egyptiens\\\/temple-de-kom-ombo\\\/\",\"url\":\"https:\\\/\\\/landioustravel.com\\\/fr\\\/egypte\\\/temples-egyptiens\\\/temple-de-kom-ombo\\\/\",\"name\":\"Temple de Kom Ombo -Temple of Sobek and Horus - Landious Travel\",\"isPartOf\":{\"@id\":\"https:\\\/\\\/landioustravel.com\\\/fr\\\/#website\"},\"datePublished\":\"2019-05-06T23:33:13+00:00\",\"dateModified\":\"2019-07-14T22:03:00+00:00\",\"description\":\"Le temple de Kom Ombo est un double temple situ\u00e9 dans la ville de Kom Ombo, dans le gouvernorat d'Assouan, en Haute-\u00c9gypte. Le b\u00e2timent est unique car sa conception a \u00e9t\u00e9 divis\u00e9e en deux parties adjacentes. En d'autres termes, il y avait des tribunaux, des halls, des sanctuaires et des salles dupliqu\u00e9es pour deux ensembles de dieux\",\"breadcrumb\":{\"@id\":\"https:\\\/\\\/landioustravel.com\\\/fr\\\/egypte\\\/temples-egyptiens\\\/temple-de-kom-ombo\\\/#breadcrumb\"},\"inLanguage\":\"fr-FR\",\"potentialAction\":[{\"@type\":\"ReadAction\",\"target\":[\"https:\\\/\\\/landioustravel.com\\\/fr\\\/egypte\\\/temples-egyptiens\\\/temple-de-kom-ombo\\\/\"]}]},{\"@type\":\"BreadcrumbList\",\"@id\":\"https:\\\/\\\/landioustravel.com\\\/fr\\\/egypte\\\/temples-egyptiens\\\/temple-de-kom-ombo\\\/#breadcrumb\",\"itemListElement\":[{\"@type\":\"ListItem\",\"position\":1,\"name\":\"Home\",\"item\":\"https:\\\/\\\/landioustravel.com\\\/fr\\\/\"},{\"@type\":\"ListItem\",\"position\":2,\"name\":\"\u00c9gypte\",\"item\":\"https:\\\/\\\/landioustravel.com\\\/fr\\\/egypte\\\/\"},{\"@type\":\"ListItem\",\"position\":3,\"name\":\"Temples \u00e9gyptiens\",\"item\":\"https:\\\/\\\/landioustravel.com\\\/fr\\\/egypte\\\/temples-egyptiens\\\/\"},{\"@type\":\"ListItem\",\"position\":4,\"name\":\"Temple de Kom Ombo\"}]},{\"@type\":\"WebSite\",\"@id\":\"https:\\\/\\\/landioustravel.com\\\/fr\\\/#website\",\"url\":\"https:\\\/\\\/landioustravel.com\\\/fr\\\/\",\"name\":\"Landious Travel\",\"description\":\"Excursions, trips and cruises in Egypt\",\"publisher\":{\"@id\":\"https:\\\/\\\/landioustravel.com\\\/fr\\\/#organization\"},\"potentialAction\":[{\"@type\":\"SearchAction\",\"target\":{\"@type\":\"EntryPoint\",\"urlTemplate\":\"https:\\\/\\\/landioustravel.com\\\/fr\\\/?s={search_term_string}\"},\"query-input\":{\"@type\":\"PropertyValueSpecification\",\"valueRequired\":true,\"valueName\":\"search_term_string\"}}],\"inLanguage\":\"fr-FR\"},{\"@type\":[\"Organization\",\"Place\"],\"@id\":\"https:\\\/\\\/landioustravel.com\\\/fr\\\/#organization\",\"name\":\"Landious Travel\",\"alternateName\":\"Landious Travel\",\"url\":\"https:\\\/\\\/landioustravel.com\\\/fr\\\/\",\"logo\":{\"@id\":\"https:\\\/\\\/landioustravel.com\\\/fr\\\/egypte\\\/temples-egyptiens\\\/temple-de-kom-ombo\\\/#local-main-organization-logo\"},\"image\":{\"@id\":\"https:\\\/\\\/landioustravel.com\\\/fr\\\/egypte\\\/temples-egyptiens\\\/temple-de-kom-ombo\\\/#local-main-organization-logo\"},\"sameAs\":[\"https:\\\/\\\/web.facebook.com\\\/landiousEgypt\",\"https:\\\/\\\/x.com\\\/LandiousTours\",\"https:\\\/\\\/mastodon.social\\\/@landious\"],\"legalName\":\"Landious Travel\",\"telephone\":[],\"openingHoursSpecification\":[{\"@type\":\"OpeningHoursSpecification\",\"dayOfWeek\":[\"Monday\",\"Tuesday\",\"Wednesday\",\"Thursday\",\"Friday\",\"Saturday\",\"Sunday\"],\"opens\":\"09:00\",\"closes\":\"17:00\"}]},{\"@type\":\"ImageObject\",\"inLanguage\":\"fr-FR\",\"@id\":\"https:\\\/\\\/landioustravel.com\\\/fr\\\/egypte\\\/temples-egyptiens\\\/temple-de-kom-ombo\\\/#local-main-organization-logo\",\"url\":\"https:\\\/\\\/i0.wp.com\\\/landioustravel.com\\\/wp-content\\\/uploads\\\/2021\\\/06\\\/Landious-T.png?fit=500%2C500&ssl=1\",\"contentUrl\":\"https:\\\/\\\/i0.wp.com\\\/landioustravel.com\\\/wp-content\\\/uploads\\\/2021\\\/06\\\/Landious-T.png?fit=500%2C500&ssl=1\",\"width\":500,\"height\":500,\"caption\":\"Landious Travel\"}]}<\/script>\n<!-- \/ Yoast SEO Premium plugin. -->","yoast_head_json":{"title":"Temple de Kom Ombo -Temple of Sobek and Horus - Landious Travel","description":"Le temple de Kom Ombo est un double temple situ\u00e9 dans la ville de Kom Ombo, dans le gouvernorat d'Assouan, en Haute-\u00c9gypte. Le b\u00e2timent est unique car sa conception a \u00e9t\u00e9 divis\u00e9e en deux parties adjacentes. En d'autres termes, il y avait des tribunaux, des halls, des sanctuaires et des salles dupliqu\u00e9es pour deux ensembles de dieux","robots":{"index":"index","follow":"follow","max-snippet":"max-snippet:-1","max-image-preview":"max-image-preview:large","max-video-preview":"max-video-preview:-1"},"canonical":"https:\/\/landioustravel.com\/fr\/egypte\/temples-egyptiens\/temple-de-kom-ombo\/","og_locale":"fr_FR","og_type":"article","og_title":"Temple de Kom Ombo","og_description":"Le temple de Kom Ombo est un double temple situ\u00e9 dans la ville de Kom Ombo, dans le gouvernorat d'Assouan, en Haute-\u00c9gypte. Le b\u00e2timent est unique car sa conception a \u00e9t\u00e9 divis\u00e9e en deux parties adjacentes. En d'autres termes, il y avait des tribunaux, des halls, des sanctuaires et des salles dupliqu\u00e9es pour deux ensembles de dieux","og_url":"https:\/\/landioustravel.com\/fr\/egypte\/temples-egyptiens\/temple-de-kom-ombo\/","og_site_name":"Landious Travel","article_publisher":"https:\/\/web.facebook.com\/landiousEgypt","article_modified_time":"2019-07-14T22:03:00+00:00","twitter_card":"summary_large_image","twitter_site":"@LandiousTours","twitter_misc":{"Dur\u00e9e de lecture estim\u00e9e":"2 minutes"},"schema":{"@context":"https:\/\/schema.org","@graph":[{"@type":"WebPage","@id":"https:\/\/landioustravel.com\/fr\/egypte\/temples-egyptiens\/temple-de-kom-ombo\/","url":"https:\/\/landioustravel.com\/fr\/egypte\/temples-egyptiens\/temple-de-kom-ombo\/","name":"Temple de Kom Ombo -Temple of Sobek and Horus - Landious Travel","isPartOf":{"@id":"https:\/\/landioustravel.com\/fr\/#website"},"datePublished":"2019-05-06T23:33:13+00:00","dateModified":"2019-07-14T22:03:00+00:00","description":"Le temple de Kom Ombo est un double temple situ\u00e9 dans la ville de Kom Ombo, dans le gouvernorat d'Assouan, en Haute-\u00c9gypte. Le b\u00e2timent est unique car sa conception a \u00e9t\u00e9 divis\u00e9e en deux parties adjacentes. En d'autres termes, il y avait des tribunaux, des halls, des sanctuaires et des salles dupliqu\u00e9es pour deux ensembles de dieux","breadcrumb":{"@id":"https:\/\/landioustravel.com\/fr\/egypte\/temples-egyptiens\/temple-de-kom-ombo\/#breadcrumb"},"inLanguage":"fr-FR","potentialAction":[{"@type":"ReadAction","target":["https:\/\/landioustravel.com\/fr\/egypte\/temples-egyptiens\/temple-de-kom-ombo\/"]}]},{"@type":"BreadcrumbList","@id":"https:\/\/landioustravel.com\/fr\/egypte\/temples-egyptiens\/temple-de-kom-ombo\/#breadcrumb","itemListElement":[{"@type":"ListItem","position":1,"name":"Home","item":"https:\/\/landioustravel.com\/fr\/"},{"@type":"ListItem","position":2,"name":"\u00c9gypte","item":"https:\/\/landioustravel.com\/fr\/egypte\/"},{"@type":"ListItem","position":3,"name":"Temples \u00e9gyptiens","item":"https:\/\/landioustravel.com\/fr\/egypte\/temples-egyptiens\/"},{"@type":"ListItem","position":4,"name":"Temple de Kom Ombo"}]},{"@type":"WebSite","@id":"https:\/\/landioustravel.com\/fr\/#website","url":"https:\/\/landioustravel.com\/fr\/","name":"Landious Travel","description":"Excursions, trips and cruises in Egypt","publisher":{"@id":"https:\/\/landioustravel.com\/fr\/#organization"},"potentialAction":[{"@type":"SearchAction","target":{"@type":"EntryPoint","urlTemplate":"https:\/\/landioustravel.com\/fr\/?s={search_term_string}"},"query-input":{"@type":"PropertyValueSpecification","valueRequired":true,"valueName":"search_term_string"}}],"inLanguage":"fr-FR"},{"@type":["Organization","Place"],"@id":"https:\/\/landioustravel.com\/fr\/#organization","name":"Landious Travel","alternateName":"Landious Travel","url":"https:\/\/landioustravel.com\/fr\/","logo":{"@id":"https:\/\/landioustravel.com\/fr\/egypte\/temples-egyptiens\/temple-de-kom-ombo\/#local-main-organization-logo"},"image":{"@id":"https:\/\/landioustravel.com\/fr\/egypte\/temples-egyptiens\/temple-de-kom-ombo\/#local-main-organization-logo"},"sameAs":["https:\/\/web.facebook.com\/landiousEgypt","https:\/\/x.com\/LandiousTours","https:\/\/mastodon.social\/@landious"],"legalName":"Landious Travel","telephone":[],"openingHoursSpecification":[{"@type":"OpeningHoursSpecification","dayOfWeek":["Monday","Tuesday","Wednesday","Thursday","Friday","Saturday","Sunday"],"opens":"09:00","closes":"17:00"}]},{"@type":"ImageObject","inLanguage":"fr-FR","@id":"https:\/\/landioustravel.com\/fr\/egypte\/temples-egyptiens\/temple-de-kom-ombo\/#local-main-organization-logo","url":"https:\/\/i0.wp.com\/landioustravel.com\/wp-content\/uploads\/2021\/06\/Landious-T.png?fit=500%2C500&ssl=1","contentUrl":"https:\/\/i0.wp.com\/landioustravel.com\/wp-content\/uploads\/2021\/06\/Landious-T.png?fit=500%2C500&ssl=1","width":500,"height":500,"caption":"Landious Travel"}]}},"uagb_featured_image_src":{"full":false,"thumbnail":false,"medium":false,"medium_large":false,"large":false,"1536x1536":false,"2048x2048":false,"newspack-article-block-landscape-large":false,"newspack-article-block-portrait-large":false,"newspack-article-block-square-large":false,"newspack-article-block-landscape-medium":false,"newspack-article-block-portrait-medium":false,"newspack-article-block-square-medium":false,"newspack-article-block-landscape-intermediate":false,"newspack-article-block-portrait-intermediate":false,"newspack-article-block-square-intermediate":false,"newspack-article-block-landscape-small":false,"newspack-article-block-portrait-small":false,"newspack-article-block-square-small":false,"newspack-article-block-landscape-tiny":false,"newspack-article-block-portrait-tiny":false,"newspack-article-block-square-tiny":false,"newspack-article-block-uncropped":false,"woocommerce_thumbnail":false,"woocommerce_single":false,"woocommerce_gallery_thumbnail":false},"uagb_author_info":{"display_name":"Mofreh Landious","author_link":"https:\/\/landioustravel.com\/fr\/author\/landious\/"},"uagb_comment_info":0,"uagb_excerpt":"Le temple de Kom Ombo est un double temple situ\u00e9 dans la ville de Kom Ombo, dans le gouvernorat d&#8217;Assouan, en Haute-\u00c9gypte. Le b\u00e2timent est unique car sa conception a \u00e9t\u00e9 divis\u00e9e en deux parties adjacentes. En d&#8217;autres termes, il y avait des tribunaux, des halls, des sanctuaires et des salles dupliqu\u00e9es pour deux ensembles&hellip;","jetpack_sharing_enabled":true,"jetpack_shortlink":"https:\/\/wp.me\/Par4r5-196","jetpack_likes_enabled":true,"amp_enabled":true,"_links":{"self":[{"href":"https:\/\/landioustravel.com\/fr\/wp-json\/wp\/v2\/pages\/4408","targetHints":{"allow":["GET"]}}],"collection":[{"href":"https:\/\/landioustravel.com\/fr\/wp-json\/wp\/v2\/pages"}],"about":[{"href":"https:\/\/landioustravel.com\/fr\/wp-json\/wp\/v2\/types\/page"}],"author":[{"embeddable":true,"href":"https:\/\/landioustravel.com\/fr\/wp-json\/wp\/v2\/users\/1"}],"replies":[{"embeddable":true,"href":"https:\/\/landioustravel.com\/fr\/wp-json\/wp\/v2\/comments?post=4408"}],"version-history":[{"count":0,"href":"https:\/\/landioustravel.com\/fr\/wp-json\/wp\/v2\/pages\/4408\/revisions"}],"up":[{"embeddable":true,"href":"https:\/\/landioustravel.com\/fr\/wp-json\/wp\/v2\/pages\/3123"}],"wp:attachment":[{"href":"https:\/\/landioustravel.com\/fr\/wp-json\/wp\/v2\/media?parent=4408"}],"curies":[{"name":"wp","href":"https:\/\/api.w.org\/{rel}","templated":true}]}}