{"id":4410,"date":"2019-05-07T01:46:17","date_gmt":"2019-05-06T23:46:17","guid":{"rendered":"https:\/\/landioustravel.com\/?page_id=4410"},"modified":"2019-07-13T04:13:20","modified_gmt":"2019-07-13T02:13:20","slug":"temples-abou-simbel","status":"publish","type":"page","link":"https:\/\/landioustravel.com\/fr\/egypte\/temples-egyptiens\/temples-abou-simbel\/","title":{"rendered":"Les temples d&#8217;Abou Simbel"},"content":{"rendered":"\n<p><amp-fit-text layout=\"fixed-height\" min-font-size=\"14\" max-font-size=\"48\" height=\"50\">Les temples d&#8217;Abou Simbel &#8211; les temples les plus c\u00e9l\u00e8bres taill\u00e9s dans la roche &#8211; sont situ\u00e9s pr\u00e8s du village moderne d&#8217;Abou Simbel, \u00e0 la deuxi\u00e8me cataracte du Nil, \u00e0 la fronti\u00e8re entre la Basse Nubie et la Haute Nubie. Il existe deux temples, le Grand Temple, d\u00e9di\u00e9 \u00e0 Rams\u00e8s II lui-m\u00eame, et le Petit Temple, d\u00e9di\u00e9 \u00e0 sa femme, la reine Amon-elle-khepeshef.<\/amp-fit-text><\/p>\n\n\n\n<amp-fit-text layout=\"fixed-height\" min-font-size=\"14\" max-font-size=\"48\" height=\"50\"><h2 class=\"wp-block-heading\">L&#8217;emplacement des temples d&#8217;Abou Simbel<\/h2><\/amp-fit-text>\n\n\n\n<p><amp-fit-text layout=\"fixed-height\" min-font-size=\"14\" max-font-size=\"48\" height=\"50\">Les temples d&#8217;Abou Simbel sont deux \u00e9normes temples de roche situ\u00e9s dans le village nubien d&#8217;Abou Simbel, dans <a href=\"https:\/\/landioustravel.com\/fr\/egypte\/villes-egyptiennes\/gouvernorat-assouan\/\">le gouvernorat d&#8217;Assouan<\/a>, en <a href=\"https:\/\/landioustravel.com\/fr\/egypte\/\">\u00c9gypte<\/a>. Ils sont situ\u00e9s sur la rive ouest du lac Nasser, \u00e0 environ 230 km au sud-ouest d\u2019Assouan.<\/amp-fit-text><\/p>\n\n\n\n<amp-fit-text layout=\"fixed-height\" min-font-size=\"6\" max-font-size=\"72\" height=\"80\"><h2 class=\"wp-block-heading\">L&#8217;histoire des temples d&#8217;Abou Simbel<\/h2><\/amp-fit-text>\n\n\n\n<p><amp-fit-text layout=\"fixed-height\" min-font-size=\"14\" max-font-size=\"48\" height=\"50\">Les <a href=\"https:\/\/landioustravel.com\/fr\/egypte\/temples-egyptiens\/\">temples<\/a> jumeaux ont \u00e9t\u00e9 sculpt\u00e9s au flanc de la montagne au XIIIe si\u00e8cle av. J.-C., pendant le r\u00e8gne de la dix-neuvi\u00e8me dynastie du pharaon Rams\u00e8s II. Durant son r\u00e8gne, Rams\u00e8s II construisit plusieurs grands temples en Nubie afin de faire comprendre \u00e0 la puissance nubienne de l\u2019\u00c9gypte et de se procurer une source d\u2019or et de nombreux autres biens pr\u00e9cieux.<\/amp-fit-text><\/p>\n\n\n\n<p><amp-fit-text layout=\"fixed-height\" min-font-size=\"14\" max-font-size=\"48\" height=\"50\">La construction du complexe du temple d\u00e9buta vers 1264 av. J.-C. et dura environ 20 ans, jusqu&#8217;en 1244 av. Il \u00e9tait connu sous le nom de \u00abTemple de Rams\u00e8s, aim\u00e9 par <a href=\"https:\/\/landioustravel.com\/fr\/egypte\/divinites-egyptiennes\/amun-fr\/\">Amon<\/a>\u00bb.<\/amp-fit-text><\/p>\n\n\n\n<amp-fit-text layout=\"fixed-height\" min-font-size=\"14\" max-font-size=\"48\" height=\"50\"><h2 class=\"wp-block-heading\">Les temples d&#8217;Abou Simbel apr\u00e8s le 5\u00e8me si\u00e8cle apr\u00e8s JC<\/h2><\/amp-fit-text>\n\n\n\n<p><amp-fit-text layout=\"fixed-height\" min-font-size=\"14\" max-font-size=\"48\" height=\"50\">Avec l&#8217;interdiction d&#8217;adorer d&#8217;<a href=\"https:\/\/landioustravel.com\/fr\/egypte\/divinites-egyptiennes\/\">anciennes divinit\u00e9s <\/a>en \u00c9gypte, les temples sont tomb\u00e9s en d\u00e9su\u00e9tude et sont finalement devenus couverts de sable. Au 6\u00e8me si\u00e8cle apr\u00e8s JC, le sable recouvrait d\u00e9j\u00e0 les statues du temple principal jusqu&#8217;aux genoux. Le temple a \u00e9t\u00e9 oubli\u00e9 jusqu&#8217;en 1813, lorsque Jean-Louis Burckhardt a trouv\u00e9 la frise sup\u00e9rieure du temple principal. Burckhardt a parl\u00e9 de sa d\u00e9couverte avec l&#8217;explorateur italien Giovanni Belzoni, qui s&#8217;est rendu sur le site, mais n&#8217;a pas \u00e9t\u00e9 en mesure de trouver une entr\u00e9e au temple. Belzoni est revenu en 1817, cette fois dans sa tentative d&#8217;entrer dans le complexe.<\/amp-fit-text><\/p>\n\n\n\n<p><amp-fit-text layout=\"fixed-height\" min-font-size=\"14\" max-font-size=\"48\" height=\"50\">Apr\u00e8s la construction du grand barrage d\u2019Assouan sur le Nil, le d\u00e9placement des temples \u00e9tait n\u00e9cessaire sinon ils auraient \u00e9t\u00e9 submerg\u00e9s lors de la cr\u00e9ation du lac Nasser, l\u2019\u00e9norme r\u00e9servoir d\u2019eau artificielle form\u00e9 derri\u00e8re ce barrage.<\/amp-fit-text><\/p>\n\n\n\n<p><amp-fit-text layout=\"fixed-height\" min-font-size=\"14\" max-font-size=\"48\" height=\"50\">En 1959, une campagne internationale de dons pour sauver les monuments de la Nubie a commenc\u00e9: les vestiges les plus au sud de cette ancienne civilisation humaine \u00e9taient menac\u00e9s par la mont\u00e9e des eaux du Nil qui \u00e9tait sur le point de r\u00e9sulter de la construction du grand barrage d&#8217;Assouan.<\/amp-fit-text><\/p>\n\n\n\n<p><amp-fit-text layout=\"fixed-height\" min-font-size=\"14\" max-font-size=\"48\" height=\"50\">Le sauvetage des temples d&#8217;Abou Simbel a commenc\u00e9 en 1964 par une \u00e9quipe multinationale d&#8217;arch\u00e9ologues, d&#8217;ing\u00e9nieurs et d&#8217;op\u00e9rateurs de machinerie lourde qualifi\u00e9s travaillant ensemble sous la banni\u00e8re de l&#8217;UNESCO; cela co\u00fbtait environ 40 millions de dollars US \u00e0 l&#8217;\u00e9poque. Entre 1964 et 1968, l\u2019ensemble du site a \u00e9t\u00e9 soigneusement d\u00e9coup\u00e9 en gros blocs (jusqu\u2019\u00e0 30 tonnes, en moyenne 20 tonnes), d\u00e9mantel\u00e9, soulev\u00e9 et r\u00e9assembl\u00e9 dans un nouvel emplacement situ\u00e9 \u00e0 65 m\u00e8tres plus haut et \u00e0 200 m\u00e8tres de la rivi\u00e8re, dans l\u2019un des plus grands Les d\u00e9fis de l\u2019ing\u00e9nierie arch\u00e9ologique dans l\u2019histoire. Certaines structures ont m\u00eame \u00e9t\u00e9 sauv\u00e9es sous les eaux du lac Nasser.<\/amp-fit-text><\/p>\n\n\n\n<p><amp-fit-text layout=\"fixed-height\" min-font-size=\"14\" max-font-size=\"48\" height=\"50\">Le complexe a \u00e9t\u00e9 enti\u00e8rement relog\u00e9 en 1968 sous la supervision d&#8217;un arch\u00e9ologue polonais, Kazimierz Micha\u0142owski, sur une colline artificielle construite \u00e0 partir d&#8217;une structure en forme de d\u00f4me, au-dessus du r\u00e9servoir du haut barrage d&#8217;Assouan.<\/amp-fit-text><\/p>\n\n\n\n<p><amp-fit-text layout=\"fixed-height\" min-font-size=\"14\" max-font-size=\"48\" height=\"50\">Le colosse effondr\u00e9 du Grand Temple aurait \u00e9t\u00e9 victime d&#8217;un tremblement de terre peu de temps apr\u00e8s sa construction. En d\u00e9pla\u00e7ant le temple, il a \u00e9t\u00e9 d\u00e9cid\u00e9 de le quitter car le visage manque.<\/amp-fit-text><\/p>\n","protected":false},"excerpt":{"rendered":"<p>Les temples d&#8217;Abou Simbel &#8211; les temples les plus c\u00e9l\u00e8bres taill\u00e9s dans la roche &#8211; sont situ\u00e9s pr\u00e8s du village moderne d&#8217;Abou Simbel, \u00e0 la deuxi\u00e8me cataracte du Nil, \u00e0 la fronti\u00e8re entre la Basse Nubie et la Haute Nubie. Il existe deux temples, le Grand Temple, d\u00e9di\u00e9 \u00e0 Rams\u00e8s II lui-m\u00eame, et le Petit [&hellip;]<\/p>\n","protected":false},"author":1,"featured_media":0,"parent":3123,"menu_order":0,"comment_status":"open","ping_status":"closed","template":"","meta":{"_coblocks_attr":"","_coblocks_dimensions":"","_coblocks_responsive_height":"","_coblocks_accordion_ie_support":"","_uag_custom_page_level_css":"","jetpack_post_was_ever_published":false,"footnotes":""},"class_list":["post-4410","page","type-page","status-publish","hentry"],"yoast_head":"<!-- This site is optimized with the Yoast SEO Premium plugin v26.9 (Yoast SEO v27.3) - https:\/\/yoast.com\/product\/yoast-seo-premium-wordpress\/ -->\n<title>Les temples d&#039;Abou Simbel<\/title>\n<meta name=\"description\" content=\"Les temples d&#039;Abou Simbel - les temples les plus c\u00e9l\u00e8bres taill\u00e9s dans la roche - sont situ\u00e9s pr\u00e8s du village moderne d&#039;Abou Simbel, \u00e0 la deuxi\u00e8me cataracte du Nil, \u00e0 la fronti\u00e8re entre la Basse Nubie et la Haute Nubie. Il existe deux temples, le Grand Temple, d\u00e9di\u00e9 \u00e0 Rams\u00e8s II lui-m\u00eame, et le Petit Temple, d\u00e9di\u00e9 \u00e0 sa femme, la reine Amon-elle-khepeshef\" \/>\n<meta name=\"robots\" content=\"index, follow, max-snippet:-1, max-image-preview:large, max-video-preview:-1\" \/>\n<link rel=\"canonical\" href=\"https:\/\/landioustravel.com\/fr\/egypte\/temples-egyptiens\/temples-abou-simbel\/\" \/>\n<meta property=\"og:locale\" content=\"fr_FR\" \/>\n<meta property=\"og:type\" content=\"article\" \/>\n<meta property=\"og:title\" content=\"Les temples d&#039;Abou Simbel\" \/>\n<meta property=\"og:description\" content=\"Les temples d&#039;Abou Simbel - les temples les plus c\u00e9l\u00e8bres taill\u00e9s dans la roche - sont situ\u00e9s pr\u00e8s du village moderne d&#039;Abou Simbel, \u00e0 la deuxi\u00e8me cataracte du Nil, \u00e0 la fronti\u00e8re entre la Basse Nubie et la Haute Nubie. Il existe deux temples, le Grand Temple, d\u00e9di\u00e9 \u00e0 Rams\u00e8s II lui-m\u00eame, et le Petit Temple, d\u00e9di\u00e9 \u00e0 sa femme, la reine Amon-elle-khepeshef\" \/>\n<meta property=\"og:url\" content=\"https:\/\/landioustravel.com\/fr\/egypte\/temples-egyptiens\/temples-abou-simbel\/\" \/>\n<meta property=\"og:site_name\" content=\"Landious Travel\" \/>\n<meta property=\"article:publisher\" content=\"https:\/\/web.facebook.com\/landiousEgypt\" \/>\n<meta property=\"article:modified_time\" content=\"2019-07-13T02:13:20+00:00\" \/>\n<meta name=\"twitter:card\" content=\"summary_large_image\" \/>\n<meta name=\"twitter:site\" content=\"@LandiousTours\" \/>\n<meta name=\"twitter:label1\" content=\"Dur\u00e9e de lecture estim\u00e9e\" \/>\n\t<meta name=\"twitter:data1\" content=\"3 minutes\" \/>\n<script type=\"application\/ld+json\" class=\"yoast-schema-graph\">{\"@context\":\"https:\\\/\\\/schema.org\",\"@graph\":[{\"@type\":\"WebPage\",\"@id\":\"https:\\\/\\\/landioustravel.com\\\/fr\\\/egypte\\\/temples-egyptiens\\\/temples-abou-simbel\\\/\",\"url\":\"https:\\\/\\\/landioustravel.com\\\/fr\\\/egypte\\\/temples-egyptiens\\\/temples-abou-simbel\\\/\",\"name\":\"Les temples d'Abou Simbel\",\"isPartOf\":{\"@id\":\"https:\\\/\\\/landioustravel.com\\\/fr\\\/#website\"},\"datePublished\":\"2019-05-06T23:46:17+00:00\",\"dateModified\":\"2019-07-13T02:13:20+00:00\",\"description\":\"Les temples d'Abou Simbel - les temples les plus c\u00e9l\u00e8bres taill\u00e9s dans la roche - sont situ\u00e9s pr\u00e8s du village moderne d'Abou Simbel, \u00e0 la deuxi\u00e8me cataracte du Nil, \u00e0 la fronti\u00e8re entre la Basse Nubie et la Haute Nubie. Il existe deux temples, le Grand Temple, d\u00e9di\u00e9 \u00e0 Rams\u00e8s II lui-m\u00eame, et le Petit Temple, d\u00e9di\u00e9 \u00e0 sa femme, la reine Amon-elle-khepeshef\",\"breadcrumb\":{\"@id\":\"https:\\\/\\\/landioustravel.com\\\/fr\\\/egypte\\\/temples-egyptiens\\\/temples-abou-simbel\\\/#breadcrumb\"},\"inLanguage\":\"fr-FR\",\"potentialAction\":[{\"@type\":\"ReadAction\",\"target\":[\"https:\\\/\\\/landioustravel.com\\\/fr\\\/egypte\\\/temples-egyptiens\\\/temples-abou-simbel\\\/\"]}]},{\"@type\":\"BreadcrumbList\",\"@id\":\"https:\\\/\\\/landioustravel.com\\\/fr\\\/egypte\\\/temples-egyptiens\\\/temples-abou-simbel\\\/#breadcrumb\",\"itemListElement\":[{\"@type\":\"ListItem\",\"position\":1,\"name\":\"Home\",\"item\":\"https:\\\/\\\/landioustravel.com\\\/fr\\\/\"},{\"@type\":\"ListItem\",\"position\":2,\"name\":\"\u00c9gypte\",\"item\":\"https:\\\/\\\/landioustravel.com\\\/fr\\\/egypte\\\/\"},{\"@type\":\"ListItem\",\"position\":3,\"name\":\"Temples \u00e9gyptiens\",\"item\":\"https:\\\/\\\/landioustravel.com\\\/fr\\\/egypte\\\/temples-egyptiens\\\/\"},{\"@type\":\"ListItem\",\"position\":4,\"name\":\"Les temples d&#8217;Abou Simbel\"}]},{\"@type\":\"WebSite\",\"@id\":\"https:\\\/\\\/landioustravel.com\\\/fr\\\/#website\",\"url\":\"https:\\\/\\\/landioustravel.com\\\/fr\\\/\",\"name\":\"Landious Travel\",\"description\":\"Excursions, trips and cruises in Egypt\",\"publisher\":{\"@id\":\"https:\\\/\\\/landioustravel.com\\\/fr\\\/#organization\"},\"potentialAction\":[{\"@type\":\"SearchAction\",\"target\":{\"@type\":\"EntryPoint\",\"urlTemplate\":\"https:\\\/\\\/landioustravel.com\\\/fr\\\/?s={search_term_string}\"},\"query-input\":{\"@type\":\"PropertyValueSpecification\",\"valueRequired\":true,\"valueName\":\"search_term_string\"}}],\"inLanguage\":\"fr-FR\"},{\"@type\":[\"Organization\",\"Place\"],\"@id\":\"https:\\\/\\\/landioustravel.com\\\/fr\\\/#organization\",\"name\":\"Landious Travel\",\"alternateName\":\"Landious Travel\",\"url\":\"https:\\\/\\\/landioustravel.com\\\/fr\\\/\",\"logo\":{\"@id\":\"https:\\\/\\\/landioustravel.com\\\/fr\\\/egypte\\\/temples-egyptiens\\\/temples-abou-simbel\\\/#local-main-organization-logo\"},\"image\":{\"@id\":\"https:\\\/\\\/landioustravel.com\\\/fr\\\/egypte\\\/temples-egyptiens\\\/temples-abou-simbel\\\/#local-main-organization-logo\"},\"sameAs\":[\"https:\\\/\\\/web.facebook.com\\\/landiousEgypt\",\"https:\\\/\\\/x.com\\\/LandiousTours\",\"https:\\\/\\\/mastodon.social\\\/@landious\"],\"legalName\":\"Landious Travel\",\"telephone\":[],\"openingHoursSpecification\":[{\"@type\":\"OpeningHoursSpecification\",\"dayOfWeek\":[\"Monday\",\"Tuesday\",\"Wednesday\",\"Thursday\",\"Friday\",\"Saturday\",\"Sunday\"],\"opens\":\"09:00\",\"closes\":\"17:00\"}]},{\"@type\":\"ImageObject\",\"inLanguage\":\"fr-FR\",\"@id\":\"https:\\\/\\\/landioustravel.com\\\/fr\\\/egypte\\\/temples-egyptiens\\\/temples-abou-simbel\\\/#local-main-organization-logo\",\"url\":\"https:\\\/\\\/i0.wp.com\\\/landioustravel.com\\\/wp-content\\\/uploads\\\/2021\\\/06\\\/Landious-T.png?fit=500%2C500&ssl=1\",\"contentUrl\":\"https:\\\/\\\/i0.wp.com\\\/landioustravel.com\\\/wp-content\\\/uploads\\\/2021\\\/06\\\/Landious-T.png?fit=500%2C500&ssl=1\",\"width\":500,\"height\":500,\"caption\":\"Landious Travel\"}]}<\/script>\n<!-- \/ Yoast SEO Premium plugin. -->","yoast_head_json":{"title":"Les temples d'Abou Simbel","description":"Les temples d'Abou Simbel - les temples les plus c\u00e9l\u00e8bres taill\u00e9s dans la roche - sont situ\u00e9s pr\u00e8s du village moderne d'Abou Simbel, \u00e0 la deuxi\u00e8me cataracte du Nil, \u00e0 la fronti\u00e8re entre la Basse Nubie et la Haute Nubie. Il existe deux temples, le Grand Temple, d\u00e9di\u00e9 \u00e0 Rams\u00e8s II lui-m\u00eame, et le Petit Temple, d\u00e9di\u00e9 \u00e0 sa femme, la reine Amon-elle-khepeshef","robots":{"index":"index","follow":"follow","max-snippet":"max-snippet:-1","max-image-preview":"max-image-preview:large","max-video-preview":"max-video-preview:-1"},"canonical":"https:\/\/landioustravel.com\/fr\/egypte\/temples-egyptiens\/temples-abou-simbel\/","og_locale":"fr_FR","og_type":"article","og_title":"Les temples d'Abou Simbel","og_description":"Les temples d'Abou Simbel - les temples les plus c\u00e9l\u00e8bres taill\u00e9s dans la roche - sont situ\u00e9s pr\u00e8s du village moderne d'Abou Simbel, \u00e0 la deuxi\u00e8me cataracte du Nil, \u00e0 la fronti\u00e8re entre la Basse Nubie et la Haute Nubie. Il existe deux temples, le Grand Temple, d\u00e9di\u00e9 \u00e0 Rams\u00e8s II lui-m\u00eame, et le Petit Temple, d\u00e9di\u00e9 \u00e0 sa femme, la reine Amon-elle-khepeshef","og_url":"https:\/\/landioustravel.com\/fr\/egypte\/temples-egyptiens\/temples-abou-simbel\/","og_site_name":"Landious Travel","article_publisher":"https:\/\/web.facebook.com\/landiousEgypt","article_modified_time":"2019-07-13T02:13:20+00:00","twitter_card":"summary_large_image","twitter_site":"@LandiousTours","twitter_misc":{"Dur\u00e9e de lecture estim\u00e9e":"3 minutes"},"schema":{"@context":"https:\/\/schema.org","@graph":[{"@type":"WebPage","@id":"https:\/\/landioustravel.com\/fr\/egypte\/temples-egyptiens\/temples-abou-simbel\/","url":"https:\/\/landioustravel.com\/fr\/egypte\/temples-egyptiens\/temples-abou-simbel\/","name":"Les temples d'Abou Simbel","isPartOf":{"@id":"https:\/\/landioustravel.com\/fr\/#website"},"datePublished":"2019-05-06T23:46:17+00:00","dateModified":"2019-07-13T02:13:20+00:00","description":"Les temples d'Abou Simbel - les temples les plus c\u00e9l\u00e8bres taill\u00e9s dans la roche - sont situ\u00e9s pr\u00e8s du village moderne d'Abou Simbel, \u00e0 la deuxi\u00e8me cataracte du Nil, \u00e0 la fronti\u00e8re entre la Basse Nubie et la Haute Nubie. Il existe deux temples, le Grand Temple, d\u00e9di\u00e9 \u00e0 Rams\u00e8s II lui-m\u00eame, et le Petit Temple, d\u00e9di\u00e9 \u00e0 sa femme, la reine Amon-elle-khepeshef","breadcrumb":{"@id":"https:\/\/landioustravel.com\/fr\/egypte\/temples-egyptiens\/temples-abou-simbel\/#breadcrumb"},"inLanguage":"fr-FR","potentialAction":[{"@type":"ReadAction","target":["https:\/\/landioustravel.com\/fr\/egypte\/temples-egyptiens\/temples-abou-simbel\/"]}]},{"@type":"BreadcrumbList","@id":"https:\/\/landioustravel.com\/fr\/egypte\/temples-egyptiens\/temples-abou-simbel\/#breadcrumb","itemListElement":[{"@type":"ListItem","position":1,"name":"Home","item":"https:\/\/landioustravel.com\/fr\/"},{"@type":"ListItem","position":2,"name":"\u00c9gypte","item":"https:\/\/landioustravel.com\/fr\/egypte\/"},{"@type":"ListItem","position":3,"name":"Temples \u00e9gyptiens","item":"https:\/\/landioustravel.com\/fr\/egypte\/temples-egyptiens\/"},{"@type":"ListItem","position":4,"name":"Les temples d&#8217;Abou Simbel"}]},{"@type":"WebSite","@id":"https:\/\/landioustravel.com\/fr\/#website","url":"https:\/\/landioustravel.com\/fr\/","name":"Landious Travel","description":"Excursions, trips and cruises in Egypt","publisher":{"@id":"https:\/\/landioustravel.com\/fr\/#organization"},"potentialAction":[{"@type":"SearchAction","target":{"@type":"EntryPoint","urlTemplate":"https:\/\/landioustravel.com\/fr\/?s={search_term_string}"},"query-input":{"@type":"PropertyValueSpecification","valueRequired":true,"valueName":"search_term_string"}}],"inLanguage":"fr-FR"},{"@type":["Organization","Place"],"@id":"https:\/\/landioustravel.com\/fr\/#organization","name":"Landious Travel","alternateName":"Landious Travel","url":"https:\/\/landioustravel.com\/fr\/","logo":{"@id":"https:\/\/landioustravel.com\/fr\/egypte\/temples-egyptiens\/temples-abou-simbel\/#local-main-organization-logo"},"image":{"@id":"https:\/\/landioustravel.com\/fr\/egypte\/temples-egyptiens\/temples-abou-simbel\/#local-main-organization-logo"},"sameAs":["https:\/\/web.facebook.com\/landiousEgypt","https:\/\/x.com\/LandiousTours","https:\/\/mastodon.social\/@landious"],"legalName":"Landious Travel","telephone":[],"openingHoursSpecification":[{"@type":"OpeningHoursSpecification","dayOfWeek":["Monday","Tuesday","Wednesday","Thursday","Friday","Saturday","Sunday"],"opens":"09:00","closes":"17:00"}]},{"@type":"ImageObject","inLanguage":"fr-FR","@id":"https:\/\/landioustravel.com\/fr\/egypte\/temples-egyptiens\/temples-abou-simbel\/#local-main-organization-logo","url":"https:\/\/i0.wp.com\/landioustravel.com\/wp-content\/uploads\/2021\/06\/Landious-T.png?fit=500%2C500&ssl=1","contentUrl":"https:\/\/i0.wp.com\/landioustravel.com\/wp-content\/uploads\/2021\/06\/Landious-T.png?fit=500%2C500&ssl=1","width":500,"height":500,"caption":"Landious Travel"}]}},"uagb_featured_image_src":{"full":false,"thumbnail":false,"medium":false,"medium_large":false,"large":false,"1536x1536":false,"2048x2048":false,"newspack-article-block-landscape-large":false,"newspack-article-block-portrait-large":false,"newspack-article-block-square-large":false,"newspack-article-block-landscape-medium":false,"newspack-article-block-portrait-medium":false,"newspack-article-block-square-medium":false,"newspack-article-block-landscape-intermediate":false,"newspack-article-block-portrait-intermediate":false,"newspack-article-block-square-intermediate":false,"newspack-article-block-landscape-small":false,"newspack-article-block-portrait-small":false,"newspack-article-block-square-small":false,"newspack-article-block-landscape-tiny":false,"newspack-article-block-portrait-tiny":false,"newspack-article-block-square-tiny":false,"newspack-article-block-uncropped":false,"woocommerce_thumbnail":false,"woocommerce_single":false,"woocommerce_gallery_thumbnail":false},"uagb_author_info":{"display_name":"Mofreh Landious","author_link":"https:\/\/landioustravel.com\/fr\/author\/landious\/"},"uagb_comment_info":0,"uagb_excerpt":"Les temples d&#8217;Abou Simbel &#8211; les temples les plus c\u00e9l\u00e8bres taill\u00e9s dans la roche &#8211; sont situ\u00e9s pr\u00e8s du village moderne d&#8217;Abou Simbel, \u00e0 la deuxi\u00e8me cataracte du Nil, \u00e0 la fronti\u00e8re entre la Basse Nubie et la Haute Nubie. Il existe deux temples, le Grand Temple, d\u00e9di\u00e9 \u00e0 Rams\u00e8s II lui-m\u00eame, et le Petit&hellip;","jetpack_sharing_enabled":true,"jetpack_shortlink":"https:\/\/wp.me\/Par4r5-198","jetpack_likes_enabled":true,"amp_enabled":true,"_links":{"self":[{"href":"https:\/\/landioustravel.com\/fr\/wp-json\/wp\/v2\/pages\/4410","targetHints":{"allow":["GET"]}}],"collection":[{"href":"https:\/\/landioustravel.com\/fr\/wp-json\/wp\/v2\/pages"}],"about":[{"href":"https:\/\/landioustravel.com\/fr\/wp-json\/wp\/v2\/types\/page"}],"author":[{"embeddable":true,"href":"https:\/\/landioustravel.com\/fr\/wp-json\/wp\/v2\/users\/1"}],"replies":[{"embeddable":true,"href":"https:\/\/landioustravel.com\/fr\/wp-json\/wp\/v2\/comments?post=4410"}],"version-history":[{"count":0,"href":"https:\/\/landioustravel.com\/fr\/wp-json\/wp\/v2\/pages\/4410\/revisions"}],"up":[{"embeddable":true,"href":"https:\/\/landioustravel.com\/fr\/wp-json\/wp\/v2\/pages\/3123"}],"wp:attachment":[{"href":"https:\/\/landioustravel.com\/fr\/wp-json\/wp\/v2\/media?parent=4410"}],"curies":[{"name":"wp","href":"https:\/\/api.w.org\/{rel}","templated":true}]}}