{"id":4416,"date":"2019-05-07T04:44:55","date_gmt":"2019-05-07T02:44:55","guid":{"rendered":"https:\/\/landioustravel.com\/?page_id=4416"},"modified":"2019-05-07T04:44:57","modified_gmt":"2019-05-07T02:44:57","slug":"dieu-horus","status":"publish","type":"page","link":"https:\/\/landioustravel.com\/fr\/egypte\/divinites-egyptiennes\/dieu-horus\/","title":{"rendered":"Dieu Horus"},"content":{"rendered":"\n<amp-fit-text layout=\"fixed-height\" min-font-size=\"14\" max-font-size=\"48\" height=\"50\"><h2 class=\"wp-block-heading\">\u00c0 propos d&#8217;Horus<\/h2><\/amp-fit-text>\n\n\n\n<amp-fit-text layout=\"fixed-height\" min-font-size=\"14\" max-font-size=\"48\" height=\"50\"><p>Horus est l&#8217;une des plus importantes divinit\u00e9s \u00e9gyptiennes anciennes. Il \u00e9tait le Dieu du Royaume, du ciel et le Dieu de la vie. Horus est le fils d&#8217;Isis et d&#8217;Osiris.<\/p><\/amp-fit-text>\n\n\n\n<amp-fit-text layout=\"fixed-height\" min-font-size=\"14\" max-font-size=\"48\" height=\"50\"><h2 class=\"wp-block-heading\">La position divine d\u2019Horus dans la religion \u00e9gyptienne antique<\/h2><\/amp-fit-text>\n\n\n\n<amp-fit-text layout=\"fixed-height\" min-font-size=\"14\" max-font-size=\"48\" height=\"50\"><p>La premi\u00e8re forme enregistr\u00e9e d&#8217;Horus est la divinit\u00e9 tut\u00e9laire de Nekhen en Haute-\u00c9gypte. Apr\u00e8s l&#8217;unification de l&#8217;\u00c9gypte par les dirigeants de Nekhen, l&#8217;id\u00e9e que le roi r\u00e9gnant soit une manifestation d&#8217;Horus dans la vie et d&#8217;Osiris dans la mort est apparue.<\/p><\/amp-fit-text>\n\n\n\n<amp-fit-text layout=\"fixed-height\" min-font-size=\"14\" max-font-size=\"48\" height=\"50\"><p>Ainsi, Horus fut v\u00e9n\u00e9r\u00e9 de la fin de l\u2019\u00c9gypte pr\u00e9historique au royaume ptol\u00e9ma\u00efque et \u00e0 l\u2019\u00c9gypte romaine.<\/p><\/amp-fit-text>\n\n\n\n<amp-fit-text layout=\"fixed-height\" min-font-size=\"14\" max-font-size=\"48\" height=\"50\"><h2 class=\"wp-block-heading\">Les temples d\u00e9di\u00e9s d\u2019Horus<\/h2><\/amp-fit-text>\n\n\n\n<amp-fit-text layout=\"fixed-height\" min-font-size=\"14\" max-font-size=\"48\" height=\"50\"><p>Le dieu Horus \u00e9tait v\u00e9n\u00e9r\u00e9 parmi les diff\u00e9rents dieux des temples \u00e9gyptiens. Dans le m\u00eame temps, le temple du dieu Horus \u00e0 Edfou \u00e9tait d\u00e9di\u00e9 \u00e0 son culte.<\/p><\/amp-fit-text>\n","protected":false},"excerpt":{"rendered":"<p>\u00c0 propos d&#8217;Horus Horus est l&#8217;une des plus importantes divinit\u00e9s \u00e9gyptiennes anciennes. Il \u00e9tait le Dieu du Royaume, du ciel et le Dieu de la vie. Horus est le fils d&#8217;Isis et d&#8217;Osiris. La position divine d\u2019Horus dans la religion \u00e9gyptienne antique La premi\u00e8re forme enregistr\u00e9e d&#8217;Horus est la divinit\u00e9 tut\u00e9laire de Nekhen en Haute-\u00c9gypte. [&hellip;]<\/p>\n","protected":false},"author":1,"featured_media":4133,"parent":3616,"menu_order":0,"comment_status":"open","ping_status":"closed","template":"","meta":{"_coblocks_attr":"","_coblocks_dimensions":"","_coblocks_responsive_height":"","_coblocks_accordion_ie_support":"","_uag_custom_page_level_css":"","jetpack_post_was_ever_published":false,"footnotes":""},"class_list":["post-4416","page","type-page","status-publish","has-post-thumbnail","hentry"],"yoast_head":"<!-- This site is optimized with the Yoast SEO Premium plugin v26.9 (Yoast SEO v27.3) - https:\/\/yoast.com\/product\/yoast-seo-premium-wordpress\/ -->\n<title>Dieu Horus<\/title>\n<meta name=\"description\" content=\"Horus est l&#039;une des plus importantes divinit\u00e9s \u00e9gyptiennes anciennes. Il \u00e9tait le Dieu du Royaume, du ciel et le Dieu de la vie. Horus est le fils d&#039;Isis et d&#039;Osiris.\" \/>\n<meta name=\"robots\" content=\"index, follow, max-snippet:-1, max-image-preview:large, max-video-preview:-1\" \/>\n<link rel=\"canonical\" href=\"https:\/\/landioustravel.com\/fr\/egypte\/divinites-egyptiennes\/dieu-horus\/\" \/>\n<meta property=\"og:locale\" content=\"fr_FR\" \/>\n<meta property=\"og:type\" content=\"article\" \/>\n<meta property=\"og:title\" content=\"Dieu Horus\" \/>\n<meta property=\"og:description\" content=\"Horus est l&#039;une des plus importantes divinit\u00e9s \u00e9gyptiennes anciennes. Il \u00e9tait le Dieu du Royaume, du ciel et le Dieu de la vie. Horus est le fils d&#039;Isis et d&#039;Osiris.\" \/>\n<meta property=\"og:url\" content=\"https:\/\/landioustravel.com\/fr\/egypte\/divinites-egyptiennes\/dieu-horus\/\" \/>\n<meta property=\"og:site_name\" content=\"Landious Travel\" \/>\n<meta property=\"article:publisher\" content=\"https:\/\/web.facebook.com\/landiousEgypt\" \/>\n<meta property=\"article:modified_time\" content=\"2019-05-07T02:44:57+00:00\" \/>\n<meta property=\"og:image\" content=\"https:\/\/i0.wp.com\/landioustravel.com\/wp-content\/uploads\/2019\/04\/god_horus-e1600892417554.jpg?fit=1200%2C675&ssl=1\" \/>\n\t<meta property=\"og:image:width\" content=\"1200\" \/>\n\t<meta property=\"og:image:height\" content=\"675\" \/>\n\t<meta property=\"og:image:type\" content=\"image\/jpeg\" \/>\n<meta name=\"twitter:card\" content=\"summary_large_image\" \/>\n<meta name=\"twitter:site\" content=\"@LandiousTours\" \/>\n<meta name=\"twitter:label1\" content=\"Dur\u00e9e de lecture estim\u00e9e\" \/>\n\t<meta name=\"twitter:data1\" content=\"1 minute\" \/>\n<script type=\"application\/ld+json\" class=\"yoast-schema-graph\">{\"@context\":\"https:\\\/\\\/schema.org\",\"@graph\":[{\"@type\":\"WebPage\",\"@id\":\"https:\\\/\\\/landioustravel.com\\\/fr\\\/egypte\\\/divinites-egyptiennes\\\/dieu-horus\\\/\",\"url\":\"https:\\\/\\\/landioustravel.com\\\/fr\\\/egypte\\\/divinites-egyptiennes\\\/dieu-horus\\\/\",\"name\":\"Dieu Horus\",\"isPartOf\":{\"@id\":\"https:\\\/\\\/landioustravel.com\\\/fr\\\/#website\"},\"primaryImageOfPage\":{\"@id\":\"https:\\\/\\\/landioustravel.com\\\/fr\\\/egypte\\\/divinites-egyptiennes\\\/dieu-horus\\\/#primaryimage\"},\"image\":{\"@id\":\"https:\\\/\\\/landioustravel.com\\\/fr\\\/egypte\\\/divinites-egyptiennes\\\/dieu-horus\\\/#primaryimage\"},\"thumbnailUrl\":\"https:\\\/\\\/i0.wp.com\\\/landioustravel.com\\\/wp-content\\\/uploads\\\/2019\\\/04\\\/god_horus-e1600892417554.jpg?fit=1200%2C675&ssl=1\",\"datePublished\":\"2019-05-07T02:44:55+00:00\",\"dateModified\":\"2019-05-07T02:44:57+00:00\",\"description\":\"Horus est l'une des plus importantes divinit\u00e9s \u00e9gyptiennes anciennes. Il \u00e9tait le Dieu du Royaume, du ciel et le Dieu de la vie. Horus est le fils d'Isis et d'Osiris.\",\"breadcrumb\":{\"@id\":\"https:\\\/\\\/landioustravel.com\\\/fr\\\/egypte\\\/divinites-egyptiennes\\\/dieu-horus\\\/#breadcrumb\"},\"inLanguage\":\"fr-FR\",\"potentialAction\":[{\"@type\":\"ReadAction\",\"target\":[\"https:\\\/\\\/landioustravel.com\\\/fr\\\/egypte\\\/divinites-egyptiennes\\\/dieu-horus\\\/\"]}]},{\"@type\":\"ImageObject\",\"inLanguage\":\"fr-FR\",\"@id\":\"https:\\\/\\\/landioustravel.com\\\/fr\\\/egypte\\\/divinites-egyptiennes\\\/dieu-horus\\\/#primaryimage\",\"url\":\"https:\\\/\\\/i0.wp.com\\\/landioustravel.com\\\/wp-content\\\/uploads\\\/2019\\\/04\\\/god_horus-e1600892417554.jpg?fit=1200%2C675&ssl=1\",\"contentUrl\":\"https:\\\/\\\/i0.wp.com\\\/landioustravel.com\\\/wp-content\\\/uploads\\\/2019\\\/04\\\/god_horus-e1600892417554.jpg?fit=1200%2C675&ssl=1\",\"width\":1200,\"height\":675,\"caption\":\"God Horus in Egyptian museum\"},{\"@type\":\"BreadcrumbList\",\"@id\":\"https:\\\/\\\/landioustravel.com\\\/fr\\\/egypte\\\/divinites-egyptiennes\\\/dieu-horus\\\/#breadcrumb\",\"itemListElement\":[{\"@type\":\"ListItem\",\"position\":1,\"name\":\"Home\",\"item\":\"https:\\\/\\\/landioustravel.com\\\/fr\\\/\"},{\"@type\":\"ListItem\",\"position\":2,\"name\":\"\u00c9gypte\",\"item\":\"https:\\\/\\\/landioustravel.com\\\/fr\\\/egypte\\\/\"},{\"@type\":\"ListItem\",\"position\":3,\"name\":\"Divinit\u00e9s \u00e9gyptiennes\",\"item\":\"https:\\\/\\\/landioustravel.com\\\/fr\\\/egypte\\\/divinites-egyptiennes\\\/\"},{\"@type\":\"ListItem\",\"position\":4,\"name\":\"Dieu Horus\"}]},{\"@type\":\"WebSite\",\"@id\":\"https:\\\/\\\/landioustravel.com\\\/fr\\\/#website\",\"url\":\"https:\\\/\\\/landioustravel.com\\\/fr\\\/\",\"name\":\"Landious Travel\",\"description\":\"Excursions, trips and cruises in Egypt\",\"publisher\":{\"@id\":\"https:\\\/\\\/landioustravel.com\\\/fr\\\/#organization\"},\"potentialAction\":[{\"@type\":\"SearchAction\",\"target\":{\"@type\":\"EntryPoint\",\"urlTemplate\":\"https:\\\/\\\/landioustravel.com\\\/fr\\\/?s={search_term_string}\"},\"query-input\":{\"@type\":\"PropertyValueSpecification\",\"valueRequired\":true,\"valueName\":\"search_term_string\"}}],\"inLanguage\":\"fr-FR\"},{\"@type\":[\"Organization\",\"Place\"],\"@id\":\"https:\\\/\\\/landioustravel.com\\\/fr\\\/#organization\",\"name\":\"Landious Travel\",\"alternateName\":\"Landious Travel\",\"url\":\"https:\\\/\\\/landioustravel.com\\\/fr\\\/\",\"logo\":{\"@id\":\"https:\\\/\\\/landioustravel.com\\\/fr\\\/egypte\\\/divinites-egyptiennes\\\/dieu-horus\\\/#local-main-organization-logo\"},\"image\":{\"@id\":\"https:\\\/\\\/landioustravel.com\\\/fr\\\/egypte\\\/divinites-egyptiennes\\\/dieu-horus\\\/#local-main-organization-logo\"},\"sameAs\":[\"https:\\\/\\\/web.facebook.com\\\/landiousEgypt\",\"https:\\\/\\\/x.com\\\/LandiousTours\",\"https:\\\/\\\/mastodon.social\\\/@landious\"],\"legalName\":\"Landious Travel\",\"telephone\":[],\"openingHoursSpecification\":[{\"@type\":\"OpeningHoursSpecification\",\"dayOfWeek\":[\"Monday\",\"Tuesday\",\"Wednesday\",\"Thursday\",\"Friday\",\"Saturday\",\"Sunday\"],\"opens\":\"09:00\",\"closes\":\"17:00\"}]},{\"@type\":\"ImageObject\",\"inLanguage\":\"fr-FR\",\"@id\":\"https:\\\/\\\/landioustravel.com\\\/fr\\\/egypte\\\/divinites-egyptiennes\\\/dieu-horus\\\/#local-main-organization-logo\",\"url\":\"https:\\\/\\\/i0.wp.com\\\/landioustravel.com\\\/wp-content\\\/uploads\\\/2021\\\/06\\\/Landious-T.png?fit=500%2C500&ssl=1\",\"contentUrl\":\"https:\\\/\\\/i0.wp.com\\\/landioustravel.com\\\/wp-content\\\/uploads\\\/2021\\\/06\\\/Landious-T.png?fit=500%2C500&ssl=1\",\"width\":500,\"height\":500,\"caption\":\"Landious Travel\"}]}<\/script>\n<!-- \/ Yoast SEO Premium plugin. -->","yoast_head_json":{"title":"Dieu Horus","description":"Horus est l'une des plus importantes divinit\u00e9s \u00e9gyptiennes anciennes. Il \u00e9tait le Dieu du Royaume, du ciel et le Dieu de la vie. Horus est le fils d'Isis et d'Osiris.","robots":{"index":"index","follow":"follow","max-snippet":"max-snippet:-1","max-image-preview":"max-image-preview:large","max-video-preview":"max-video-preview:-1"},"canonical":"https:\/\/landioustravel.com\/fr\/egypte\/divinites-egyptiennes\/dieu-horus\/","og_locale":"fr_FR","og_type":"article","og_title":"Dieu Horus","og_description":"Horus est l'une des plus importantes divinit\u00e9s \u00e9gyptiennes anciennes. Il \u00e9tait le Dieu du Royaume, du ciel et le Dieu de la vie. Horus est le fils d'Isis et d'Osiris.","og_url":"https:\/\/landioustravel.com\/fr\/egypte\/divinites-egyptiennes\/dieu-horus\/","og_site_name":"Landious Travel","article_publisher":"https:\/\/web.facebook.com\/landiousEgypt","article_modified_time":"2019-05-07T02:44:57+00:00","og_image":[{"width":1200,"height":675,"url":"https:\/\/i0.wp.com\/landioustravel.com\/wp-content\/uploads\/2019\/04\/god_horus-e1600892417554.jpg?fit=1200%2C675&ssl=1","type":"image\/jpeg"}],"twitter_card":"summary_large_image","twitter_site":"@LandiousTours","twitter_misc":{"Dur\u00e9e de lecture estim\u00e9e":"1 minute"},"schema":{"@context":"https:\/\/schema.org","@graph":[{"@type":"WebPage","@id":"https:\/\/landioustravel.com\/fr\/egypte\/divinites-egyptiennes\/dieu-horus\/","url":"https:\/\/landioustravel.com\/fr\/egypte\/divinites-egyptiennes\/dieu-horus\/","name":"Dieu Horus","isPartOf":{"@id":"https:\/\/landioustravel.com\/fr\/#website"},"primaryImageOfPage":{"@id":"https:\/\/landioustravel.com\/fr\/egypte\/divinites-egyptiennes\/dieu-horus\/#primaryimage"},"image":{"@id":"https:\/\/landioustravel.com\/fr\/egypte\/divinites-egyptiennes\/dieu-horus\/#primaryimage"},"thumbnailUrl":"https:\/\/i0.wp.com\/landioustravel.com\/wp-content\/uploads\/2019\/04\/god_horus-e1600892417554.jpg?fit=1200%2C675&ssl=1","datePublished":"2019-05-07T02:44:55+00:00","dateModified":"2019-05-07T02:44:57+00:00","description":"Horus est l'une des plus importantes divinit\u00e9s \u00e9gyptiennes anciennes. Il \u00e9tait le Dieu du Royaume, du ciel et le Dieu de la vie. Horus est le fils d'Isis et d'Osiris.","breadcrumb":{"@id":"https:\/\/landioustravel.com\/fr\/egypte\/divinites-egyptiennes\/dieu-horus\/#breadcrumb"},"inLanguage":"fr-FR","potentialAction":[{"@type":"ReadAction","target":["https:\/\/landioustravel.com\/fr\/egypte\/divinites-egyptiennes\/dieu-horus\/"]}]},{"@type":"ImageObject","inLanguage":"fr-FR","@id":"https:\/\/landioustravel.com\/fr\/egypte\/divinites-egyptiennes\/dieu-horus\/#primaryimage","url":"https:\/\/i0.wp.com\/landioustravel.com\/wp-content\/uploads\/2019\/04\/god_horus-e1600892417554.jpg?fit=1200%2C675&ssl=1","contentUrl":"https:\/\/i0.wp.com\/landioustravel.com\/wp-content\/uploads\/2019\/04\/god_horus-e1600892417554.jpg?fit=1200%2C675&ssl=1","width":1200,"height":675,"caption":"God Horus in Egyptian museum"},{"@type":"BreadcrumbList","@id":"https:\/\/landioustravel.com\/fr\/egypte\/divinites-egyptiennes\/dieu-horus\/#breadcrumb","itemListElement":[{"@type":"ListItem","position":1,"name":"Home","item":"https:\/\/landioustravel.com\/fr\/"},{"@type":"ListItem","position":2,"name":"\u00c9gypte","item":"https:\/\/landioustravel.com\/fr\/egypte\/"},{"@type":"ListItem","position":3,"name":"Divinit\u00e9s \u00e9gyptiennes","item":"https:\/\/landioustravel.com\/fr\/egypte\/divinites-egyptiennes\/"},{"@type":"ListItem","position":4,"name":"Dieu Horus"}]},{"@type":"WebSite","@id":"https:\/\/landioustravel.com\/fr\/#website","url":"https:\/\/landioustravel.com\/fr\/","name":"Landious Travel","description":"Excursions, trips and cruises in Egypt","publisher":{"@id":"https:\/\/landioustravel.com\/fr\/#organization"},"potentialAction":[{"@type":"SearchAction","target":{"@type":"EntryPoint","urlTemplate":"https:\/\/landioustravel.com\/fr\/?s={search_term_string}"},"query-input":{"@type":"PropertyValueSpecification","valueRequired":true,"valueName":"search_term_string"}}],"inLanguage":"fr-FR"},{"@type":["Organization","Place"],"@id":"https:\/\/landioustravel.com\/fr\/#organization","name":"Landious Travel","alternateName":"Landious Travel","url":"https:\/\/landioustravel.com\/fr\/","logo":{"@id":"https:\/\/landioustravel.com\/fr\/egypte\/divinites-egyptiennes\/dieu-horus\/#local-main-organization-logo"},"image":{"@id":"https:\/\/landioustravel.com\/fr\/egypte\/divinites-egyptiennes\/dieu-horus\/#local-main-organization-logo"},"sameAs":["https:\/\/web.facebook.com\/landiousEgypt","https:\/\/x.com\/LandiousTours","https:\/\/mastodon.social\/@landious"],"legalName":"Landious Travel","telephone":[],"openingHoursSpecification":[{"@type":"OpeningHoursSpecification","dayOfWeek":["Monday","Tuesday","Wednesday","Thursday","Friday","Saturday","Sunday"],"opens":"09:00","closes":"17:00"}]},{"@type":"ImageObject","inLanguage":"fr-FR","@id":"https:\/\/landioustravel.com\/fr\/egypte\/divinites-egyptiennes\/dieu-horus\/#local-main-organization-logo","url":"https:\/\/i0.wp.com\/landioustravel.com\/wp-content\/uploads\/2021\/06\/Landious-T.png?fit=500%2C500&ssl=1","contentUrl":"https:\/\/i0.wp.com\/landioustravel.com\/wp-content\/uploads\/2021\/06\/Landious-T.png?fit=500%2C500&ssl=1","width":500,"height":500,"caption":"Landious Travel"}]}},"uagb_featured_image_src":{"full":["https:\/\/i0.wp.com\/landioustravel.com\/wp-content\/uploads\/2019\/04\/god_horus-e1600892417554.jpg?fit=1200%2C675&ssl=1",1200,675,false],"thumbnail":["https:\/\/i0.wp.com\/landioustravel.com\/wp-content\/uploads\/2019\/04\/god_horus-e1600892417554.jpg?resize=150%2C150&ssl=1",150,150,true],"medium":["https:\/\/i0.wp.com\/landioustravel.com\/wp-content\/uploads\/2019\/04\/god_horus-e1600892417554.jpg?fit=300%2C169&ssl=1",300,169,true],"medium_large":["https:\/\/i0.wp.com\/landioustravel.com\/wp-content\/uploads\/2019\/04\/god_horus-e1600892417554.jpg?fit=768%2C432&ssl=1",768,432,true],"large":["https:\/\/i0.wp.com\/landioustravel.com\/wp-content\/uploads\/2019\/04\/god_horus-e1600892417554.jpg?fit=980%2C551&ssl=1",980,551,true],"1536x1536":["https:\/\/i0.wp.com\/landioustravel.com\/wp-content\/uploads\/2019\/04\/god_horus-e1600892417554.jpg?fit=1200%2C675&ssl=1",1200,675,true],"2048x2048":["https:\/\/i0.wp.com\/landioustravel.com\/wp-content\/uploads\/2019\/04\/god_horus-e1600892417554.jpg?fit=1200%2C675&ssl=1",1200,675,true],"newspack-article-block-landscape-large":["https:\/\/i0.wp.com\/landioustravel.com\/wp-content\/uploads\/2019\/04\/god_horus-e1600892417554.jpg?resize=1200%2C675&ssl=1",1200,807,true],"newspack-article-block-portrait-large":["https:\/\/i0.wp.com\/landioustravel.com\/wp-content\/uploads\/2019\/04\/god_horus-e1600892417554.jpg?resize=900%2C675&ssl=1",900,675,true],"newspack-article-block-square-large":["https:\/\/i0.wp.com\/landioustravel.com\/wp-content\/uploads\/2019\/04\/god_horus-e1600892417554.jpg?resize=1200%2C675&ssl=1",1200,807,true],"newspack-article-block-landscape-medium":["https:\/\/i0.wp.com\/landioustravel.com\/wp-content\/uploads\/2019\/04\/god_horus-e1600892417554.jpg?resize=800%2C600&ssl=1",800,600,true],"newspack-article-block-portrait-medium":["https:\/\/i0.wp.com\/landioustravel.com\/wp-content\/uploads\/2019\/04\/god_horus-e1600892417554.jpg?resize=600%2C675&ssl=1",600,675,true],"newspack-article-block-square-medium":["https:\/\/i0.wp.com\/landioustravel.com\/wp-content\/uploads\/2019\/04\/god_horus-e1600892417554.jpg?resize=800%2C675&ssl=1",800,675,true],"newspack-article-block-landscape-intermediate":["https:\/\/i0.wp.com\/landioustravel.com\/wp-content\/uploads\/2019\/04\/god_horus-e1600892417554.jpg?resize=600%2C450&ssl=1",600,450,true],"newspack-article-block-portrait-intermediate":["https:\/\/i0.wp.com\/landioustravel.com\/wp-content\/uploads\/2019\/04\/god_horus-e1600892417554.jpg?resize=450%2C600&ssl=1",450,600,true],"newspack-article-block-square-intermediate":["https:\/\/i0.wp.com\/landioustravel.com\/wp-content\/uploads\/2019\/04\/god_horus-e1600892417554.jpg?resize=600%2C600&ssl=1",600,600,true],"newspack-article-block-landscape-small":["https:\/\/i0.wp.com\/landioustravel.com\/wp-content\/uploads\/2019\/04\/god_horus-e1600892417554.jpg?resize=400%2C300&ssl=1",400,300,true],"newspack-article-block-portrait-small":["https:\/\/i0.wp.com\/landioustravel.com\/wp-content\/uploads\/2019\/04\/god_horus-e1600892417554.jpg?resize=300%2C400&ssl=1",300,400,true],"newspack-article-block-square-small":["https:\/\/i0.wp.com\/landioustravel.com\/wp-content\/uploads\/2019\/04\/god_horus-e1600892417554.jpg?resize=400%2C400&ssl=1",400,400,true],"newspack-article-block-landscape-tiny":["https:\/\/i0.wp.com\/landioustravel.com\/wp-content\/uploads\/2019\/04\/god_horus-e1600892417554.jpg?resize=200%2C150&ssl=1",200,150,true],"newspack-article-block-portrait-tiny":["https:\/\/i0.wp.com\/landioustravel.com\/wp-content\/uploads\/2019\/04\/god_horus-e1600892417554.jpg?resize=150%2C200&ssl=1",150,200,true],"newspack-article-block-square-tiny":["https:\/\/i0.wp.com\/landioustravel.com\/wp-content\/uploads\/2019\/04\/god_horus-e1600892417554.jpg?resize=200%2C200&ssl=1",200,200,true],"newspack-article-block-uncropped":["https:\/\/i0.wp.com\/landioustravel.com\/wp-content\/uploads\/2019\/04\/god_horus-e1600892417554.jpg?fit=1200%2C675&ssl=1",1200,675,true],"woocommerce_thumbnail":["https:\/\/i0.wp.com\/landioustravel.com\/wp-content\/uploads\/2019\/04\/god_horus-e1600892417554.jpg?resize=324%2C324&ssl=1",324,324,true],"woocommerce_single":["https:\/\/i0.wp.com\/landioustravel.com\/wp-content\/uploads\/2019\/04\/god_horus-e1600892417554.jpg?fit=416%2C234&ssl=1",416,234,true],"woocommerce_gallery_thumbnail":["https:\/\/i0.wp.com\/landioustravel.com\/wp-content\/uploads\/2019\/04\/god_horus-e1600892417554.jpg?resize=100%2C100&ssl=1",100,100,true]},"uagb_author_info":{"display_name":"Mofreh Landious","author_link":"https:\/\/landioustravel.com\/fr\/author\/landious\/"},"uagb_comment_info":0,"uagb_excerpt":"\u00c0 propos d&#8217;Horus Horus est l&#8217;une des plus importantes divinit\u00e9s \u00e9gyptiennes anciennes. Il \u00e9tait le Dieu du Royaume, du ciel et le Dieu de la vie. Horus est le fils d&#8217;Isis et d&#8217;Osiris. La position divine d\u2019Horus dans la religion \u00e9gyptienne antique La premi\u00e8re forme enregistr\u00e9e d&#8217;Horus est la divinit\u00e9 tut\u00e9laire de Nekhen en Haute-\u00c9gypte.&hellip;","jetpack_sharing_enabled":true,"jetpack_shortlink":"https:\/\/wp.me\/Par4r5-19e","jetpack_likes_enabled":true,"amp_enabled":true,"_links":{"self":[{"href":"https:\/\/landioustravel.com\/fr\/wp-json\/wp\/v2\/pages\/4416","targetHints":{"allow":["GET"]}}],"collection":[{"href":"https:\/\/landioustravel.com\/fr\/wp-json\/wp\/v2\/pages"}],"about":[{"href":"https:\/\/landioustravel.com\/fr\/wp-json\/wp\/v2\/types\/page"}],"author":[{"embeddable":true,"href":"https:\/\/landioustravel.com\/fr\/wp-json\/wp\/v2\/users\/1"}],"replies":[{"embeddable":true,"href":"https:\/\/landioustravel.com\/fr\/wp-json\/wp\/v2\/comments?post=4416"}],"version-history":[{"count":0,"href":"https:\/\/landioustravel.com\/fr\/wp-json\/wp\/v2\/pages\/4416\/revisions"}],"up":[{"embeddable":true,"href":"https:\/\/landioustravel.com\/fr\/wp-json\/wp\/v2\/pages\/3616"}],"wp:featuredmedia":[{"embeddable":true,"href":"https:\/\/landioustravel.com\/fr\/wp-json\/wp\/v2\/media\/4133"}],"wp:attachment":[{"href":"https:\/\/landioustravel.com\/fr\/wp-json\/wp\/v2\/media?parent=4416"}],"curies":[{"name":"wp","href":"https:\/\/api.w.org\/{rel}","templated":true}]}}