{"id":1128,"date":"2018-12-12T16:16:09","date_gmt":"2019-01-12T14:34:41","guid":{"rendered":"https:\/\/landioustravel.com\/?post_type=product&#038;p=1128"},"modified":"2024-09-29T20:14:32","modified_gmt":"2024-09-29T17:14:32","slug":"excursion-montagne-moise-charm-cheikh","status":"publish","type":"product","link":"https:\/\/landioustravel.com\/fr\/shop\/excursion-montagne-moise-charm-cheikh\/","title":{"rendered":"Excursion dans la montagne de Mo\u00efse depuis Charm el-Cheikh"},"content":{"rendered":"<p>Une excursion tr\u00e8s spirituelle pour gravir la montagne du proph\u00e8te Mo\u00efse et visiter le monast\u00e8re Sainte-Catherine depuis la station de Sharm El-Sheikh! Nous recommandons le voyage car il vous permet de voir l&#8217;un des sites les plus impressionnants de la p\u00e9ninsule du Sina\u00ef! De toute \u00e9vidence, le voyage rappelle le chemin du proph\u00e8te Mo\u00efse du Delta du Nil \u00e0 la p\u00e9ninsule du Sina\u00ef! C&#8217;est sans doute que la visite du monast\u00e8re Sainte-Catherine vous donne plus de pouvoir spirituel et d&#8217;informations sur l&#8217;histoire du christianisme en \u00c9gypte.<\/p>\n<h2>Les points principaux du programme d&#8217;excursion \u00e0 la montagne de Mo\u00efse<\/h2>\n<ul>\n<li>Ascension de la montagne du proph\u00e8te Mo\u00efse<\/li>\n<li>Petit d\u00e9jeuner<\/li>\n<li>Visiter le monast\u00e8re Sainte-Catherine dans la p\u00e9ninsule du Sina\u00ef<\/li>\n<\/ul>\n<h3>Le programme de l&#8217;excursion \u00e0 la montagne de Mo\u00efse de Sharm El Sheikh<\/h3>\n<ul>\n<li>Vous \u00eates pris en charge \u00e0 l&#8217;h\u00f4tel vers 20h00<\/li>\n<li>Apr\u00e8s avoir r\u00e9cup\u00e9r\u00e9 tout le monde, le bus part en direction du monast\u00e8re Sainte-Catherine qui longe les villes c\u00f4ti\u00e8res de Dahab et de Nuweiba. Toutes ces villes se trouvent au nord de Sharm El Sheikh, sur la c\u00f4te est de la mer Rouge. Le trajet du centre de Sharm El Sheikh au monast\u00e8re prend environ 3 heures.<\/li>\n<\/ul>\n<h4>Le programme sur la montagne de Mo\u00efse<\/h4>\n<ul>\n<li>En arrivant au monast\u00e8re Sainte-Catherine, vous commencez \u00e0 gravir la montagne de Mo\u00efse avec votre guide.<\/li>\n<li>Sur le chemin du sommet de la montagne, vous faites une pause deux fois ou plus.<\/li>\n<li>Lorsque vous atteignez le sommet de la montagne de Mo\u00efse, vous devrez attendre l\u2019aube du soleil. \u00c0 l&#8217;aube, le soleil se l\u00e8ve \u00e0 merveille sous vos yeux. Apr\u00e8s une telle vue panoramique sur les montagnes du Sina\u00ef, vous commencez \u00e0 descendre au monast\u00e8re de Sainte-Catherine.<\/li>\n<li>Apr\u00e8s cela, vous prendrez votre petit d\u00e9jeuner<\/li>\n<\/ul>\n<h4>Le programme au monast\u00e8re Sainte-Catherine<\/h4>\n<ul>\n<li>Apr\u00e8s le petit-d\u00e9jeuner, le programme commence par une visite au monast\u00e8re Sainte-Catherine. Votre guide aura pour t\u00e2che de montrer tous les principaux sanctuaires du monast\u00e8re et vous donnera du temps libre pour prendre des photos.<\/li>\n<li>Dans le monast\u00e8re, vous verrez les reliques de Sainte Catherine, le buisson du Buisson ardent, le cimeti\u00e8re et la crypte sous la chapelle de Saint Trifonab, les plus anciennes mosa\u00efques, ic\u00f4nes et la c\u00e9l\u00e8bre biblioth\u00e8que du Sina\u00ef.<\/li>\n<li>Apr\u00e8s avoir visit\u00e9 le monast\u00e8re Sainte-Catherine au pied de la montagne du proph\u00e8te Mo\u00efse, vous retournerez \u00e0 Charm el-Cheikh.<\/li>\n<\/ul>\n<h4>Ce qui est inclus dans le prix du voyage<\/h4>\n<ul>\n<li>Petit d\u00e9jeuner<\/li>\n<li>Guider<\/li>\n<li>Transfert au monast\u00e8re et retour \u00e0 votre h\u00f4tel<\/li>\n<\/ul>\n<h5>Ce qui n&#8217;est pas inclus dans le prix du tour<\/h5>\n<ul>\n<li>Programmes d&#8217;excursions suppl\u00e9mentaires<\/li>\n<li>Que prendre avec vous pour le voyage<\/li>\n<li>Petit d\u00e9jeuner<\/li>\n<li>Passeport<\/li>\n<li>V\u00eatements pour la saison<\/li>\n<\/ul>\n<h6>ORGANISATION DE JOURS D&#8217;EXCURSION<\/h6>\n<ul>\n<li>Tous les jours de 20h00 \u00e0 15h00<\/li>\n<\/ul>\n","protected":false},"excerpt":{"rendered":"<p>Notre monde regorge de lieux et de sites uniques qui nous apportent beaucoup de joie et de rafra\u00eechissement. L&#8217;une de ces excursions qui offre une signification \u00e0 la fois spirituelle et historique est &#8220;l&#8217;Ascension \u00e0 la Montagne du Proph\u00e8te Mo\u00efse&#8221;.<\/p>\n<p>Au cours de ce voyage, vous gravirez la montagne et assisterez au spectaculaire lever de soleil \u00e0 son apog\u00e9e avant de savourer un copieux petit-d\u00e9jeuner. Ensuite, vous pourrez visiter le magnifique monast\u00e8re Sainte-Catherine.<\/p>\n<p>L&#8217;ascension de la montagne prend environ 2 \u00e0 3 heures, mais la vue imprenable sur le lever du soleil en vaut la peine. Une fois descendu de la montagne, vous pourrez explorer le monast\u00e8re Sainte-Catherine, l&#8217;un des plus c\u00e9l\u00e8bres au monde. Construit entre 527 et 565 apr\u00e8s JC, il porte le nom de Sainte Catherine, qui fut martyris\u00e9e pour ses croyances chr\u00e9tiennes.<\/p>\n<p>Lors de votre visite, vous verrez l&#8217;\u00e9glise orthodoxe grecque, les ic\u00f4nes du culte et la c\u00e9l\u00e8bre mosa\u00efque de la Transfiguration. Le monast\u00e8re abrite \u00e9galement la chapelle du buisson ardent, qui serait le site o\u00f9 Mo\u00efse a vu le buisson ardent. Les \u0153uvres d&#8217;art inestimables, les ic\u00f4nes du monast\u00e8re et les manuscrits enlumin\u00e9s en font une exp\u00e9rience vraiment inoubliable.<\/p>\n<p>Notre visite comprend un guide \u00e9gyptologue qualifi\u00e9, un guide local lors de votre ascension de la montagne et le transport aller-retour depuis votre h\u00f4tel ou votre port \u00e0 Charm el-Cheikh. Nous couvrons \u00e9galement les frais du parc national de Sainte-Catherine et le transport en v\u00e9hicule.<\/p>\n<p>Nous comprenons l&#8217;importance de d\u00e9couvrir ces sites historiques et spirituels importants, et nous nous effor\u00e7ons de rendre votre voyage aussi confortable et m\u00e9morable que possible. Rejoignez-nous pour cette exp\u00e9rience inoubliable et laissez-nous vous montrer les merveilles de &#8220;l&#8217;Ascension \u00e0 la Montagne du Proph\u00e8te Mo\u00efse&#8221;.<\/p>\n","protected":false},"featured_media":110003,"comment_status":"open","ping_status":"closed","template":"","meta":{"_coblocks_attr":"","_coblocks_dimensions":"","_coblocks_responsive_height":"","_coblocks_accordion_ie_support":"","_uag_custom_page_level_css":"","jetpack_post_was_ever_published":false,"jetpack_publicize_message":"","jetpack_publicize_feature_enabled":true,"jetpack_social_post_already_shared":true,"jetpack_social_options":{"image_generator_settings":{"template":"highway","default_image_id":0,"font":"","enabled":false},"version":2},"_wpas_customize_per_network":false},"product_brand":[],"product_cat":[1558,1559],"product_tag":[1651,1578,2183,9905],"class_list":{"0":"post-1128","1":"product","2":"type-product","3":"status-publish","4":"has-post-thumbnail","6":"product_cat-excursions-charm-el-cheikh","7":"product_cat-excursions-historiques-charm-cheikh","8":"product_tag-charm-el-cheikh","9":"product_tag-excursion-fr","10":"product_tag-monastere-sainte-catherine","11":"product_tag-tourisme","12":"pa_age-adulte","13":"pa_age-enfant-1-4-ans","14":"pa_age-enfant-5-11-ans","16":"first","17":"instock","18":"sale","19":"taxable","20":"shipping-taxable","21":"purchasable","22":"product-type-variable"},"yoast_head":"<!-- This site is optimized with the Yoast SEO Premium plugin v26.9 (Yoast SEO v27.3) - https:\/\/yoast.com\/product\/yoast-seo-premium-wordpress\/ -->\n<title>Excursion dans la montagne de Mo\u00efse depuis Charm el-Cheikh<\/title>\n<meta name=\"description\" content=\"Excursion dans la montagne de Mo\u00efse depuis Charm el-Cheikh se dirige vers le monast\u00e8re de Sainte-Catherine et permet l&#039;ascension de la montagne du proph\u00e8te\" \/>\n<meta name=\"robots\" content=\"index, follow, max-snippet:-1, max-image-preview:large, max-video-preview:-1\" \/>\n<link rel=\"canonical\" href=\"https:\/\/landioustravel.com\/fr\/shop\/excursion-montagne-moise-charm-cheikh\/\" \/>\n<meta property=\"og:locale\" content=\"fr_FR\" \/>\n<meta property=\"og:type\" content=\"article\" \/>\n<meta property=\"og:title\" content=\"Excursion dans la montagne de Mo\u00efse depuis Charm el-Cheikh\" \/>\n<meta property=\"og:description\" content=\"Landious Travel\" \/>\n<meta property=\"og:url\" content=\"https:\/\/landioustravel.com\/fr\/shop\/excursion-montagne-moise-charm-cheikh\/\" \/>\n<meta property=\"og:site_name\" content=\"Landious Travel\" \/>\n<meta property=\"article:publisher\" content=\"https:\/\/web.facebook.com\/landiousEgypt\" \/>\n<meta property=\"article:modified_time\" content=\"2024-09-29T17:14:32+00:00\" \/>\n<meta property=\"og:image\" content=\"https:\/\/i0.wp.com\/landioustravel.com\/wp-content\/uploads\/2022\/06\/Saint-Katherine-Protectorate.jpg?fit=600%2C450&ssl=1\" \/>\n\t<meta property=\"og:image:width\" content=\"600\" \/>\n\t<meta property=\"og:image:height\" content=\"450\" \/>\n\t<meta property=\"og:image:type\" content=\"image\/jpeg\" \/>\n<meta name=\"twitter:card\" content=\"summary_large_image\" \/>\n<meta name=\"twitter:site\" content=\"@LandiousTours\" \/>\n<meta name=\"twitter:label1\" content=\"Dur\u00e9e de lecture estim\u00e9e\" \/>\n\t<meta name=\"twitter:data1\" content=\"2 minutes\" \/>\n<script type=\"application\/ld+json\" class=\"yoast-schema-graph\">{\"@context\":\"https:\\\/\\\/schema.org\",\"@graph\":[{\"@type\":\"WebPage\",\"@id\":\"https:\\\/\\\/landioustravel.com\\\/fr\\\/shop\\\/excursion-montagne-moise-charm-cheikh\\\/\",\"url\":\"https:\\\/\\\/landioustravel.com\\\/fr\\\/shop\\\/excursion-montagne-moise-charm-cheikh\\\/\",\"name\":\"Excursion dans la montagne de Mo\u00efse depuis Charm el-Cheikh\",\"isPartOf\":{\"@id\":\"https:\\\/\\\/landioustravel.com\\\/fr\\\/#website\"},\"primaryImageOfPage\":{\"@id\":\"https:\\\/\\\/landioustravel.com\\\/fr\\\/shop\\\/excursion-montagne-moise-charm-cheikh\\\/#primaryimage\"},\"image\":{\"@id\":\"https:\\\/\\\/landioustravel.com\\\/fr\\\/shop\\\/excursion-montagne-moise-charm-cheikh\\\/#primaryimage\"},\"thumbnailUrl\":\"https:\\\/\\\/i0.wp.com\\\/landioustravel.com\\\/wp-content\\\/uploads\\\/2022\\\/06\\\/Saint-Katherine-Protectorate.jpg?fit=600%2C450&ssl=1\",\"datePublished\":\"2019-01-12T14:34:41+00:00\",\"dateModified\":\"2024-09-29T17:14:32+00:00\",\"description\":\"Excursion dans la montagne de Mo\u00efse depuis Charm el-Cheikh se dirige vers le monast\u00e8re de Sainte-Catherine et permet l'ascension de la montagne du proph\u00e8te\",\"breadcrumb\":{\"@id\":\"https:\\\/\\\/landioustravel.com\\\/fr\\\/shop\\\/excursion-montagne-moise-charm-cheikh\\\/#breadcrumb\"},\"inLanguage\":\"fr-FR\",\"potentialAction\":[{\"@type\":\"ReadAction\",\"target\":[\"https:\\\/\\\/landioustravel.com\\\/fr\\\/shop\\\/excursion-montagne-moise-charm-cheikh\\\/\"]}]},{\"@type\":\"ImageObject\",\"inLanguage\":\"fr-FR\",\"@id\":\"https:\\\/\\\/landioustravel.com\\\/fr\\\/shop\\\/excursion-montagne-moise-charm-cheikh\\\/#primaryimage\",\"url\":\"https:\\\/\\\/i0.wp.com\\\/landioustravel.com\\\/wp-content\\\/uploads\\\/2022\\\/06\\\/Saint-Katherine-Protectorate.jpg?fit=600%2C450&ssl=1\",\"contentUrl\":\"https:\\\/\\\/i0.wp.com\\\/landioustravel.com\\\/wp-content\\\/uploads\\\/2022\\\/06\\\/Saint-Katherine-Protectorate.jpg?fit=600%2C450&ssl=1\",\"width\":600,\"height\":450,\"caption\":\"Saint Katherine Protectorate\"},{\"@type\":\"BreadcrumbList\",\"@id\":\"https:\\\/\\\/landioustravel.com\\\/fr\\\/shop\\\/excursion-montagne-moise-charm-cheikh\\\/#breadcrumb\",\"itemListElement\":[{\"@type\":\"ListItem\",\"position\":1,\"name\":\"Home\",\"item\":\"https:\\\/\\\/landioustravel.com\\\/fr\\\/\"},{\"@type\":\"ListItem\",\"position\":2,\"name\":\"Prestations &amp; Visites\",\"item\":\"https:\\\/\\\/landioustravel.com\\\/fr\\\/\"},{\"@type\":\"ListItem\",\"position\":3,\"name\":\"Excursion dans la montagne de Mo\u00efse depuis Charm el-Cheikh\"}]},{\"@type\":\"WebSite\",\"@id\":\"https:\\\/\\\/landioustravel.com\\\/fr\\\/#website\",\"url\":\"https:\\\/\\\/landioustravel.com\\\/fr\\\/\",\"name\":\"Landious Travel\",\"description\":\"Excursions, trips and cruises in Egypt\",\"publisher\":{\"@id\":\"https:\\\/\\\/landioustravel.com\\\/fr\\\/#organization\"},\"potentialAction\":[{\"@type\":\"SearchAction\",\"target\":{\"@type\":\"EntryPoint\",\"urlTemplate\":\"https:\\\/\\\/landioustravel.com\\\/fr\\\/?s={search_term_string}\"},\"query-input\":{\"@type\":\"PropertyValueSpecification\",\"valueRequired\":true,\"valueName\":\"search_term_string\"}}],\"inLanguage\":\"fr-FR\"},{\"@type\":[\"Organization\",\"Place\"],\"@id\":\"https:\\\/\\\/landioustravel.com\\\/fr\\\/#organization\",\"name\":\"Landious Travel\",\"alternateName\":\"Landious Travel\",\"url\":\"https:\\\/\\\/landioustravel.com\\\/fr\\\/\",\"logo\":{\"@id\":\"https:\\\/\\\/landioustravel.com\\\/fr\\\/shop\\\/excursion-montagne-moise-charm-cheikh\\\/#local-main-organization-logo\"},\"image\":{\"@id\":\"https:\\\/\\\/landioustravel.com\\\/fr\\\/shop\\\/excursion-montagne-moise-charm-cheikh\\\/#local-main-organization-logo\"},\"sameAs\":[\"https:\\\/\\\/web.facebook.com\\\/landiousEgypt\",\"https:\\\/\\\/x.com\\\/LandiousTours\",\"https:\\\/\\\/mastodon.social\\\/@landious\"],\"legalName\":\"Landious Travel\",\"telephone\":[],\"openingHoursSpecification\":[{\"@type\":\"OpeningHoursSpecification\",\"dayOfWeek\":[\"Monday\",\"Tuesday\",\"Wednesday\",\"Thursday\",\"Friday\",\"Saturday\",\"Sunday\"],\"opens\":\"09:00\",\"closes\":\"17:00\"}]},{\"@type\":\"ImageObject\",\"inLanguage\":\"fr-FR\",\"@id\":\"https:\\\/\\\/landioustravel.com\\\/fr\\\/shop\\\/excursion-montagne-moise-charm-cheikh\\\/#local-main-organization-logo\",\"url\":\"https:\\\/\\\/i0.wp.com\\\/landioustravel.com\\\/wp-content\\\/uploads\\\/2021\\\/06\\\/Landious-T.png?fit=500%2C500&ssl=1\",\"contentUrl\":\"https:\\\/\\\/i0.wp.com\\\/landioustravel.com\\\/wp-content\\\/uploads\\\/2021\\\/06\\\/Landious-T.png?fit=500%2C500&ssl=1\",\"width\":500,\"height\":500,\"caption\":\"Landious Travel\"}]}<\/script>\n<!-- \/ Yoast SEO Premium plugin. -->","yoast_head_json":{"title":"Excursion dans la montagne de Mo\u00efse depuis Charm el-Cheikh","description":"Excursion dans la montagne de Mo\u00efse depuis Charm el-Cheikh se dirige vers le monast\u00e8re de Sainte-Catherine et permet l'ascension de la montagne du proph\u00e8te","robots":{"index":"index","follow":"follow","max-snippet":"max-snippet:-1","max-image-preview":"max-image-preview:large","max-video-preview":"max-video-preview:-1"},"canonical":"https:\/\/landioustravel.com\/fr\/shop\/excursion-montagne-moise-charm-cheikh\/","og_locale":"fr_FR","og_type":"article","og_title":"Excursion dans la montagne de Mo\u00efse depuis Charm el-Cheikh","og_description":"Landious Travel","og_url":"https:\/\/landioustravel.com\/fr\/shop\/excursion-montagne-moise-charm-cheikh\/","og_site_name":"Landious Travel","article_publisher":"https:\/\/web.facebook.com\/landiousEgypt","article_modified_time":"2024-09-29T17:14:32+00:00","og_image":[{"width":600,"height":450,"url":"https:\/\/i0.wp.com\/landioustravel.com\/wp-content\/uploads\/2022\/06\/Saint-Katherine-Protectorate.jpg?fit=600%2C450&ssl=1","type":"image\/jpeg"}],"twitter_card":"summary_large_image","twitter_site":"@LandiousTours","twitter_misc":{"Dur\u00e9e de lecture estim\u00e9e":"2 minutes"},"schema":{"@context":"https:\/\/schema.org","@graph":[{"@type":"WebPage","@id":"https:\/\/landioustravel.com\/fr\/shop\/excursion-montagne-moise-charm-cheikh\/","url":"https:\/\/landioustravel.com\/fr\/shop\/excursion-montagne-moise-charm-cheikh\/","name":"Excursion dans la montagne de Mo\u00efse depuis Charm el-Cheikh","isPartOf":{"@id":"https:\/\/landioustravel.com\/fr\/#website"},"primaryImageOfPage":{"@id":"https:\/\/landioustravel.com\/fr\/shop\/excursion-montagne-moise-charm-cheikh\/#primaryimage"},"image":{"@id":"https:\/\/landioustravel.com\/fr\/shop\/excursion-montagne-moise-charm-cheikh\/#primaryimage"},"thumbnailUrl":"https:\/\/i0.wp.com\/landioustravel.com\/wp-content\/uploads\/2022\/06\/Saint-Katherine-Protectorate.jpg?fit=600%2C450&ssl=1","datePublished":"2019-01-12T14:34:41+00:00","dateModified":"2024-09-29T17:14:32+00:00","description":"Excursion dans la montagne de Mo\u00efse depuis Charm el-Cheikh se dirige vers le monast\u00e8re de Sainte-Catherine et permet l'ascension de la montagne du proph\u00e8te","breadcrumb":{"@id":"https:\/\/landioustravel.com\/fr\/shop\/excursion-montagne-moise-charm-cheikh\/#breadcrumb"},"inLanguage":"fr-FR","potentialAction":[{"@type":"ReadAction","target":["https:\/\/landioustravel.com\/fr\/shop\/excursion-montagne-moise-charm-cheikh\/"]}]},{"@type":"ImageObject","inLanguage":"fr-FR","@id":"https:\/\/landioustravel.com\/fr\/shop\/excursion-montagne-moise-charm-cheikh\/#primaryimage","url":"https:\/\/i0.wp.com\/landioustravel.com\/wp-content\/uploads\/2022\/06\/Saint-Katherine-Protectorate.jpg?fit=600%2C450&ssl=1","contentUrl":"https:\/\/i0.wp.com\/landioustravel.com\/wp-content\/uploads\/2022\/06\/Saint-Katherine-Protectorate.jpg?fit=600%2C450&ssl=1","width":600,"height":450,"caption":"Saint Katherine Protectorate"},{"@type":"BreadcrumbList","@id":"https:\/\/landioustravel.com\/fr\/shop\/excursion-montagne-moise-charm-cheikh\/#breadcrumb","itemListElement":[{"@type":"ListItem","position":1,"name":"Home","item":"https:\/\/landioustravel.com\/fr\/"},{"@type":"ListItem","position":2,"name":"Prestations &amp; Visites","item":"https:\/\/landioustravel.com\/fr\/"},{"@type":"ListItem","position":3,"name":"Excursion dans la montagne de Mo\u00efse depuis Charm el-Cheikh"}]},{"@type":"WebSite","@id":"https:\/\/landioustravel.com\/fr\/#website","url":"https:\/\/landioustravel.com\/fr\/","name":"Landious Travel","description":"Excursions, trips and cruises in Egypt","publisher":{"@id":"https:\/\/landioustravel.com\/fr\/#organization"},"potentialAction":[{"@type":"SearchAction","target":{"@type":"EntryPoint","urlTemplate":"https:\/\/landioustravel.com\/fr\/?s={search_term_string}"},"query-input":{"@type":"PropertyValueSpecification","valueRequired":true,"valueName":"search_term_string"}}],"inLanguage":"fr-FR"},{"@type":["Organization","Place"],"@id":"https:\/\/landioustravel.com\/fr\/#organization","name":"Landious Travel","alternateName":"Landious Travel","url":"https:\/\/landioustravel.com\/fr\/","logo":{"@id":"https:\/\/landioustravel.com\/fr\/shop\/excursion-montagne-moise-charm-cheikh\/#local-main-organization-logo"},"image":{"@id":"https:\/\/landioustravel.com\/fr\/shop\/excursion-montagne-moise-charm-cheikh\/#local-main-organization-logo"},"sameAs":["https:\/\/web.facebook.com\/landiousEgypt","https:\/\/x.com\/LandiousTours","https:\/\/mastodon.social\/@landious"],"legalName":"Landious Travel","telephone":[],"openingHoursSpecification":[{"@type":"OpeningHoursSpecification","dayOfWeek":["Monday","Tuesday","Wednesday","Thursday","Friday","Saturday","Sunday"],"opens":"09:00","closes":"17:00"}]},{"@type":"ImageObject","inLanguage":"fr-FR","@id":"https:\/\/landioustravel.com\/fr\/shop\/excursion-montagne-moise-charm-cheikh\/#local-main-organization-logo","url":"https:\/\/i0.wp.com\/landioustravel.com\/wp-content\/uploads\/2021\/06\/Landious-T.png?fit=500%2C500&ssl=1","contentUrl":"https:\/\/i0.wp.com\/landioustravel.com\/wp-content\/uploads\/2021\/06\/Landious-T.png?fit=500%2C500&ssl=1","width":500,"height":500,"caption":"Landious Travel"}]}},"jetpack_publicize_connections":[],"uagb_featured_image_src":{"full":["https:\/\/i0.wp.com\/landioustravel.com\/wp-content\/uploads\/2022\/06\/Saint-Katherine-Protectorate.jpg?fit=600%2C450&ssl=1",600,450,false],"thumbnail":["https:\/\/i0.wp.com\/landioustravel.com\/wp-content\/uploads\/2022\/06\/Saint-Katherine-Protectorate.jpg?resize=150%2C150&ssl=1",150,150,true],"medium":["https:\/\/i0.wp.com\/landioustravel.com\/wp-content\/uploads\/2022\/06\/Saint-Katherine-Protectorate.jpg?fit=300%2C225&ssl=1",300,225,true],"medium_large":["https:\/\/i0.wp.com\/landioustravel.com\/wp-content\/uploads\/2022\/06\/Saint-Katherine-Protectorate.jpg?fit=600%2C450&ssl=1",600,450,true],"large":["https:\/\/i0.wp.com\/landioustravel.com\/wp-content\/uploads\/2022\/06\/Saint-Katherine-Protectorate.jpg?fit=600%2C450&ssl=1",600,450,true],"1536x1536":["https:\/\/i0.wp.com\/landioustravel.com\/wp-content\/uploads\/2022\/06\/Saint-Katherine-Protectorate.jpg?fit=600%2C450&ssl=1",600,450,true],"2048x2048":["https:\/\/i0.wp.com\/landioustravel.com\/wp-content\/uploads\/2022\/06\/Saint-Katherine-Protectorate.jpg?fit=600%2C450&ssl=1",600,450,true],"newspack-article-block-landscape-large":["https:\/\/i0.wp.com\/landioustravel.com\/wp-content\/uploads\/2022\/06\/Saint-Katherine-Protectorate.jpg?resize=600%2C450&ssl=1",600,450,true],"newspack-article-block-portrait-large":["https:\/\/i0.wp.com\/landioustravel.com\/wp-content\/uploads\/2022\/06\/Saint-Katherine-Protectorate.jpg?resize=600%2C450&ssl=1",600,450,true],"newspack-article-block-square-large":["https:\/\/i0.wp.com\/landioustravel.com\/wp-content\/uploads\/2022\/06\/Saint-Katherine-Protectorate.jpg?resize=600%2C450&ssl=1",600,450,true],"newspack-article-block-landscape-medium":["https:\/\/i0.wp.com\/landioustravel.com\/wp-content\/uploads\/2022\/06\/Saint-Katherine-Protectorate.jpg?resize=600%2C450&ssl=1",600,450,true],"newspack-article-block-portrait-medium":["https:\/\/i0.wp.com\/landioustravel.com\/wp-content\/uploads\/2022\/06\/Saint-Katherine-Protectorate.jpg?resize=600%2C450&ssl=1",600,450,true],"newspack-article-block-square-medium":["https:\/\/i0.wp.com\/landioustravel.com\/wp-content\/uploads\/2022\/06\/Saint-Katherine-Protectorate.jpg?resize=600%2C450&ssl=1",600,450,true],"newspack-article-block-landscape-intermediate":["https:\/\/i0.wp.com\/landioustravel.com\/wp-content\/uploads\/2022\/06\/Saint-Katherine-Protectorate.jpg?resize=600%2C450&ssl=1",600,450,true],"newspack-article-block-portrait-intermediate":["https:\/\/i0.wp.com\/landioustravel.com\/wp-content\/uploads\/2022\/06\/Saint-Katherine-Protectorate.jpg?resize=450%2C450&ssl=1",450,450,true],"newspack-article-block-square-intermediate":["https:\/\/i0.wp.com\/landioustravel.com\/wp-content\/uploads\/2022\/06\/Saint-Katherine-Protectorate.jpg?resize=600%2C450&ssl=1",600,450,true],"newspack-article-block-landscape-small":["https:\/\/i0.wp.com\/landioustravel.com\/wp-content\/uploads\/2022\/06\/Saint-Katherine-Protectorate.jpg?resize=400%2C300&ssl=1",400,300,true],"newspack-article-block-portrait-small":["https:\/\/i0.wp.com\/landioustravel.com\/wp-content\/uploads\/2022\/06\/Saint-Katherine-Protectorate.jpg?resize=300%2C400&ssl=1",300,400,true],"newspack-article-block-square-small":["https:\/\/i0.wp.com\/landioustravel.com\/wp-content\/uploads\/2022\/06\/Saint-Katherine-Protectorate.jpg?resize=400%2C400&ssl=1",400,400,true],"newspack-article-block-landscape-tiny":["https:\/\/i0.wp.com\/landioustravel.com\/wp-content\/uploads\/2022\/06\/Saint-Katherine-Protectorate.jpg?resize=200%2C150&ssl=1",200,150,true],"newspack-article-block-portrait-tiny":["https:\/\/i0.wp.com\/landioustravel.com\/wp-content\/uploads\/2022\/06\/Saint-Katherine-Protectorate.jpg?resize=150%2C200&ssl=1",150,200,true],"newspack-article-block-square-tiny":["https:\/\/i0.wp.com\/landioustravel.com\/wp-content\/uploads\/2022\/06\/Saint-Katherine-Protectorate.jpg?resize=200%2C200&ssl=1",200,200,true],"newspack-article-block-uncropped":["https:\/\/i0.wp.com\/landioustravel.com\/wp-content\/uploads\/2022\/06\/Saint-Katherine-Protectorate.jpg?fit=600%2C450&ssl=1",600,450,true],"woocommerce_thumbnail":["https:\/\/i0.wp.com\/landioustravel.com\/wp-content\/uploads\/2022\/06\/Saint-Katherine-Protectorate.jpg?resize=324%2C324&ssl=1",324,324,true],"woocommerce_single":["https:\/\/i0.wp.com\/landioustravel.com\/wp-content\/uploads\/2022\/06\/Saint-Katherine-Protectorate.jpg?fit=416%2C312&ssl=1",416,312,true],"woocommerce_gallery_thumbnail":["https:\/\/i0.wp.com\/landioustravel.com\/wp-content\/uploads\/2022\/06\/Saint-Katherine-Protectorate.jpg?resize=100%2C100&ssl=1",100,100,true]},"uagb_author_info":{"display_name":"Mofreh Landious","author_link":"https:\/\/landioustravel.com\/fr\/author\/"},"uagb_comment_info":7,"uagb_excerpt":"Notre monde regorge de lieux et de sites uniques qui nous apportent beaucoup de joie et de rafra\u00eechissement. L'une de ces excursions qui offre une signification \u00e0 la fois spirituelle et historique est \"l'Ascension \u00e0 la Montagne du Proph\u00e8te Mo\u00efse\". Au cours de ce voyage, vous gravirez la montagne et assisterez au spectaculaire lever de&hellip;","jetpack_sharing_enabled":true,"jetpack_likes_enabled":true,"amp_enabled":true,"_links":{"self":[{"href":"https:\/\/landioustravel.com\/fr\/wp-json\/wp\/v2\/product\/1128","targetHints":{"allow":["GET"]}}],"collection":[{"href":"https:\/\/landioustravel.com\/fr\/wp-json\/wp\/v2\/product"}],"about":[{"href":"https:\/\/landioustravel.com\/fr\/wp-json\/wp\/v2\/types\/product"}],"replies":[{"embeddable":true,"href":"https:\/\/landioustravel.com\/fr\/wp-json\/wp\/v2\/comments?post=1128"}],"wp:featuredmedia":[{"embeddable":true,"href":"https:\/\/landioustravel.com\/fr\/wp-json\/wp\/v2\/media\/110003"}],"wp:attachment":[{"href":"https:\/\/landioustravel.com\/fr\/wp-json\/wp\/v2\/media?parent=1128"}],"wp:term":[{"taxonomy":"product_brand","embeddable":true,"href":"https:\/\/landioustravel.com\/fr\/wp-json\/wp\/v2\/product_brand?post=1128"},{"taxonomy":"product_cat","embeddable":true,"href":"https:\/\/landioustravel.com\/fr\/wp-json\/wp\/v2\/product_cat?post=1128"},{"taxonomy":"product_tag","embeddable":true,"href":"https:\/\/landioustravel.com\/fr\/wp-json\/wp\/v2\/product_tag?post=1128"}],"curies":[{"name":"wp","href":"https:\/\/api.w.org\/{rel}","templated":true}]}}