{"id":1133,"date":"2018-12-07T20:25:21","date_gmt":"2019-01-12T18:40:29","guid":{"rendered":"https:\/\/landioustravel.com\/?post_type=product&#038;p=1133"},"modified":"2024-08-14T04:29:08","modified_gmt":"2024-08-14T01:29:08","slug":"excursion-plongee-apnee-ras-mohammed-charm","status":"publish","type":"product","link":"https:\/\/landioustravel.com\/fr\/shop\/excursion-plongee-apnee-ras-mohammed-charm\/","title":{"rendered":"Excursion plong\u00e9e en apn\u00e9e Ras Mohammed de Charm el-Cheikh"},"content":{"rendered":"<p>Une merveilleuse excursion en bateau vers la zone prot\u00e9g\u00e9e de Ras Mohammed \u00e0 Charm el-Cheikh! Nous recommandons le voyage car cela permet aux touristes de passer un bon moment \u00e0 la mer! Le voyage vous donne l&#8217;occasion de voir de beaux coraux et une vari\u00e9t\u00e9 de poissons \u00e0 l&#8217;aide de masques et de palmes. Vous pouvez toujours profiter d&#8217;un pique-nique en mer \u00e0 travers la mer Rouge dans l&#8217;un des endroits les plus c\u00e9l\u00e8bres du monde.<\/p>\n<h2>Les points forts du programme d&#8217;excursion \u00e0 Ras Mohammed<\/h2>\n<ul>\n<li>Nager en pleine mer depuis le yacht<\/li>\n<li>Plong\u00e9e en apn\u00e9e avec des masques et des palmes<\/li>\n<li>D\u00e9jeuner sur le bateau<\/li>\n<\/ul>\n<h3>Le programme d&#8217;excursions \u00e0 la r\u00e9serve Ras Mohammed \u00e0 Charm el-Cheikh<\/h3>\n<ul>\n<li>Vous \u00eates pris en charge \u00e0 l&#8217;h\u00f4tel vers 08h00<\/li>\n<li>Apr\u00e8s avoir pris tous les arrivants, le bus se rend au port. Le trajet jusqu&#8217;au port prend environ 20 minutes<\/li>\n<li>Vous trouverez votre yacht dans le port. C\u2019est grand et chic! Le yacht se compose de deux \u00e9tages. D\u00e8s qu&#8217;il faut entrer dans le yacht, il est n\u00e9cessaire d&#8217;enlever ses chaussures et de se lever au deuxi\u00e8me \u00e9tage pour bronzer sur la terrasse sup\u00e9rieure.<\/li>\n<li>Le yacht traverse la mer Rouge d\u00e8s que le groupe se r\u00e9unit. Et puis, sur le magnifique spot de mer de coraux, vous faites une halte. L\u00e0, vous pouvez nager et plonger avec des masques et des palmes<\/li>\n<li>Apr\u00e8s un tel arr\u00eat, votre d\u00e9jeuner commence. \u00c0 l&#8217;heure du d\u00e9jeuner, le groupe se r\u00e9unit au premier \u00e9tage pr\u00e8s du buffet.<\/li>\n<li>Plus loin, le yacht avance, et \u00e0 un autre endroit, il cesse de nager avec des masques et des nageoires.<\/li>\n<li>Ce programme d&#8217;excursion se termine vers 18h30<\/li>\n<\/ul>\n<h4>Ce qui est inclus dans le prix du voyage<\/h4>\n<ul>\n<li>Aliments<\/li>\n<li>Transfert au port et retour \u00e0 l&#8217;h\u00f4tel<\/li>\n<\/ul>\n<h5>Ce qui n&#8217;est pas inclus dans le prix du tour<\/h5>\n<ul>\n<li>\u00c9quipement de plong\u00e9e<\/li>\n<li>DVD vid\u00e9o<\/li>\n<li>CD photo<\/li>\n<\/ul>\n<h6>Que prendre avec vous pour le voyage<\/h6>\n<ul>\n<li>Serviette<\/li>\n<li>\u00c9quipement de plong\u00e9e<\/li>\n<li>Cr\u00e8me solaire<\/li>\n<\/ul>\n<h6>ORGANISATION DE JOURS D&#8217;EXCURSION<\/h6>\n<ul>\n<li>Tous les jours de 08h00 \u00e0 17h00<\/li>\n<\/ul>\n","protected":false},"excerpt":{"rendered":"<p>D\u00e9couvrez la beaut\u00e9 des majestueux r\u00e9cifs coralliens de la mer Rouge lors d&#8217;une excursion de plong\u00e9e confortable et s\u00fbre dans le parc national de Ras Mohammed. Que vous pr\u00e9f\u00e9riez faire de la plong\u00e9e avec tuba dans les eaux cristallines ou simplement vous pr\u00e9lasser sous la chaleur du soleil sur le pont, nous avons quelque chose pour tout le monde. Notre guide amical sera avec vous \u00e0 chaque \u00e9tape du chemin, s&#8217;assurant que vous passiez un moment amusant et m\u00e9morable. Pendant le voyage, nous ferons deux \u00e0 trois arr\u00eats en fonction de la m\u00e9t\u00e9o, dont l&#8217;un est le magnifique banc de sable de White Island. Veuillez noter que le co\u00fbt de l&#8217;\u00e9quipement de plong\u00e9e avec tuba et les frais d&#8217;entr\u00e9e au parc ne sont pas inclus dans le prix du voyage.<\/p>\n<p>Rejoignez-nous pour une merveilleuse excursion en bateau dans la zone prot\u00e9g\u00e9e de Ras Mohammed ! Ce parc national abrite certains des plus beaux r\u00e9cifs coralliens et poissons de Charm el-Cheikh, ce qui en fait une destination incontournable pour les amoureux de la nature. Notre bateau vous emm\u00e8nera sur les meilleurs sites de snorkeling de la r\u00e9gion, o\u00f9 vous pourrez d\u00e9couvrir les merveilles du monde sous-marin. Vous pouvez \u00e9galement choisir de nager ou de bronzer si vous pr\u00e9f\u00e9rez. Pendant le voyage, notre guide exp\u00e9riment\u00e9 vous pr\u00e9sentera les diff\u00e9rentes esp\u00e8ces de poissons de la r\u00e9gion, assurant votre s\u00e9curit\u00e9 \u00e0 tout moment.<\/p>\n<p>Nous comprenons que votre confort et votre plaisir sont importants, c&#8217;est pourquoi nous avons inclus un d\u00e9licieux d\u00e9jeuner \u00e0 bord du navire pour que vous puissiez en profiter. Ne vous inqui\u00e9tez de rien, car nous nous occuperons de tous vos transferts en A\/C Van, vous offrant une exp\u00e9rience sans stress.<\/p>\n<p>\u00c0 la fin de la journ\u00e9e, notre bateau vous raccompagnera au port de Sharm, et de l\u00e0, vous serez reconduit \u00e0 votre h\u00f4tel. Nous esp\u00e9rons que votre voyage avec nous sera inoubliable et rempli de souvenirs imp\u00e9rissables!<\/p>\n","protected":false},"featured_media":100363,"comment_status":"open","ping_status":"closed","template":"","meta":{"_coblocks_attr":"","_coblocks_dimensions":"","_coblocks_responsive_height":"","_coblocks_accordion_ie_support":"","_uag_custom_page_level_css":"","jetpack_publicize_message":"","jetpack_publicize_feature_enabled":true,"jetpack_social_post_already_shared":true,"jetpack_social_options":{"image_generator_settings":{"template":"highway","default_image_id":0,"font":"","enabled":false},"version":2},"_wpas_customize_per_network":false},"product_brand":[],"product_cat":[1558,1566],"product_tag":[1651,1578,1779,1780,1571],"class_list":{"0":"post-1133","1":"product","2":"type-product","3":"status-publish","4":"has-post-thumbnail","6":"product_cat-excursions-charm-el-cheikh","7":"product_cat-excursions-mer-charm-cheikh","8":"product_tag-charm-el-cheikh","9":"product_tag-excursion-fr","10":"product_tag-mer","11":"product_tag-plongee-en-apnee","12":"product_tag-voyages-en-mer","13":"pa_age-adulte","14":"pa_age-enfant-1-4-ans","15":"pa_age-enfant-5-11-ans","17":"first","18":"instock","19":"sale","20":"purchasable","21":"product-type-variable"},"yoast_head":"<!-- This site is optimized with the Yoast SEO Premium plugin v27.5 (Yoast SEO v27.5) - https:\/\/yoast.com\/product\/yoast-seo-premium-wordpress\/ -->\n<title>Excursion plong\u00e9e en apn\u00e9e Ras Mohammed de Charm el-Cheikh<\/title>\n<meta name=\"description\" content=\"Excursion plong\u00e9e en apn\u00e9e Ras Mohammed de Charm el-Cheikh vous donne l&#039;occasion de nager dans le parc national et de pique-niquer en mer \u00e0 travers la mer\" \/>\n<meta name=\"robots\" content=\"index, follow, max-snippet:-1, max-image-preview:large, max-video-preview:-1\" \/>\n<link rel=\"canonical\" href=\"https:\/\/landioustravel.com\/fr\/shop\/excursion-plongee-apnee-ras-mohammed-charm\/\" \/>\n<meta property=\"og:locale\" content=\"fr_FR\" \/>\n<meta property=\"og:type\" content=\"article\" \/>\n<meta property=\"og:title\" content=\"Excursion plong\u00e9e en apn\u00e9e Ras Mohammed de Charm el-Cheikh\" \/>\n<meta property=\"og:description\" content=\"Landious Travel\" \/>\n<meta property=\"og:url\" content=\"https:\/\/landioustravel.com\/fr\/shop\/excursion-plongee-apnee-ras-mohammed-charm\/\" \/>\n<meta property=\"og:site_name\" content=\"Landious Travel\" \/>\n<meta property=\"article:publisher\" content=\"https:\/\/web.facebook.com\/landiousEgypt\" \/>\n<meta property=\"article:modified_time\" content=\"2024-08-14T01:29:08+00:00\" \/>\n<meta property=\"og:image\" content=\"https:\/\/landioustravel.com\/wp-content\/uploads\/2018\/12\/Ras-Mohammed-Snorkelling-Trip-Sharm-El-Sheikh-e1669505579298.jpg\" \/>\n\t<meta property=\"og:image:width\" content=\"1200\" \/>\n\t<meta property=\"og:image:height\" content=\"675\" \/>\n\t<meta property=\"og:image:type\" content=\"image\/jpeg\" \/>\n<meta name=\"twitter:card\" content=\"summary_large_image\" \/>\n<meta name=\"twitter:site\" content=\"@LandiousTours\" \/>\n<meta name=\"twitter:label1\" content=\"Dur\u00e9e de lecture estim\u00e9e\" \/>\n\t<meta name=\"twitter:data1\" content=\"2 minutes\" \/>\n<script type=\"application\/ld+json\" class=\"yoast-schema-graph\">{\"@context\":\"https:\\\/\\\/schema.org\",\"@graph\":[{\"@type\":\"WebPage\",\"@id\":\"https:\\\/\\\/landioustravel.com\\\/fr\\\/shop\\\/excursion-plongee-apnee-ras-mohammed-charm\\\/\",\"url\":\"https:\\\/\\\/landioustravel.com\\\/fr\\\/shop\\\/excursion-plongee-apnee-ras-mohammed-charm\\\/\",\"name\":\"Excursion plong\u00e9e en apn\u00e9e Ras Mohammed de Charm el-Cheikh\",\"isPartOf\":{\"@id\":\"https:\\\/\\\/landioustravel.com\\\/fr\\\/#website\"},\"primaryImageOfPage\":{\"@id\":\"https:\\\/\\\/landioustravel.com\\\/fr\\\/shop\\\/excursion-plongee-apnee-ras-mohammed-charm\\\/#primaryimage\"},\"image\":{\"@id\":\"https:\\\/\\\/landioustravel.com\\\/fr\\\/shop\\\/excursion-plongee-apnee-ras-mohammed-charm\\\/#primaryimage\"},\"thumbnailUrl\":\"https:\\\/\\\/i0.wp.com\\\/landioustravel.com\\\/wp-content\\\/uploads\\\/2018\\\/12\\\/Ras-Mohammed-Snorkelling-Trip-Sharm-El-Sheikh-e1669505579298.jpg?fit=1200%2C675&ssl=1\",\"datePublished\":\"2019-01-12T18:40:29+00:00\",\"dateModified\":\"2024-08-14T01:29:08+00:00\",\"description\":\"Excursion plong\u00e9e en apn\u00e9e Ras Mohammed de Charm el-Cheikh vous donne l'occasion de nager dans le parc national et de pique-niquer en mer \u00e0 travers la mer\",\"breadcrumb\":{\"@id\":\"https:\\\/\\\/landioustravel.com\\\/fr\\\/shop\\\/excursion-plongee-apnee-ras-mohammed-charm\\\/#breadcrumb\"},\"inLanguage\":\"fr-FR\",\"potentialAction\":[{\"@type\":\"ReadAction\",\"target\":[\"https:\\\/\\\/landioustravel.com\\\/fr\\\/shop\\\/excursion-plongee-apnee-ras-mohammed-charm\\\/\"]}]},{\"@type\":\"ImageObject\",\"inLanguage\":\"fr-FR\",\"@id\":\"https:\\\/\\\/landioustravel.com\\\/fr\\\/shop\\\/excursion-plongee-apnee-ras-mohammed-charm\\\/#primaryimage\",\"url\":\"https:\\\/\\\/i0.wp.com\\\/landioustravel.com\\\/wp-content\\\/uploads\\\/2018\\\/12\\\/Ras-Mohammed-Snorkelling-Trip-Sharm-El-Sheikh-e1669505579298.jpg?fit=1200%2C675&ssl=1\",\"contentUrl\":\"https:\\\/\\\/i0.wp.com\\\/landioustravel.com\\\/wp-content\\\/uploads\\\/2018\\\/12\\\/Ras-Mohammed-Snorkelling-Trip-Sharm-El-Sheikh-e1669505579298.jpg?fit=1200%2C675&ssl=1\",\"width\":1200,\"height\":675,\"caption\":\"Ras Mohammed Snorkelling Trip Sharm El Sheikh\"},{\"@type\":\"BreadcrumbList\",\"@id\":\"https:\\\/\\\/landioustravel.com\\\/fr\\\/shop\\\/excursion-plongee-apnee-ras-mohammed-charm\\\/#breadcrumb\",\"itemListElement\":[{\"@type\":\"ListItem\",\"position\":1,\"name\":\"Home\",\"item\":\"https:\\\/\\\/landioustravel.com\\\/fr\\\/\"},{\"@type\":\"ListItem\",\"position\":2,\"name\":\"Prestations &amp; Visites\",\"item\":\"https:\\\/\\\/landioustravel.com\\\/fr\\\/\"},{\"@type\":\"ListItem\",\"position\":3,\"name\":\"Excursion plong\u00e9e en apn\u00e9e Ras Mohammed de Charm el-Cheikh\"}]},{\"@type\":\"WebSite\",\"@id\":\"https:\\\/\\\/landioustravel.com\\\/fr\\\/#website\",\"url\":\"https:\\\/\\\/landioustravel.com\\\/fr\\\/\",\"name\":\"Landious Travel\",\"description\":\"Excursions, trips and cruises in Egypt\",\"publisher\":{\"@id\":\"https:\\\/\\\/landioustravel.com\\\/fr\\\/#organization\"},\"potentialAction\":[{\"@type\":\"SearchAction\",\"target\":{\"@type\":\"EntryPoint\",\"urlTemplate\":\"https:\\\/\\\/landioustravel.com\\\/fr\\\/?s={search_term_string}\"},\"query-input\":{\"@type\":\"PropertyValueSpecification\",\"valueRequired\":true,\"valueName\":\"search_term_string\"}}],\"inLanguage\":\"fr-FR\"},{\"@type\":[\"Organization\",\"Place\"],\"@id\":\"https:\\\/\\\/landioustravel.com\\\/fr\\\/#organization\",\"name\":\"Landious Travel\",\"alternateName\":\"Landious Travel\",\"url\":\"https:\\\/\\\/landioustravel.com\\\/fr\\\/\",\"logo\":{\"@id\":\"https:\\\/\\\/landioustravel.com\\\/fr\\\/shop\\\/excursion-plongee-apnee-ras-mohammed-charm\\\/#local-main-organization-logo\"},\"image\":{\"@id\":\"https:\\\/\\\/landioustravel.com\\\/fr\\\/shop\\\/excursion-plongee-apnee-ras-mohammed-charm\\\/#local-main-organization-logo\"},\"sameAs\":[\"https:\\\/\\\/web.facebook.com\\\/landiousEgypt\",\"https:\\\/\\\/x.com\\\/LandiousTours\",\"https:\\\/\\\/mastodon.social\\\/@landious\"],\"legalName\":\"Landious Travel\",\"telephone\":[],\"openingHoursSpecification\":[{\"@type\":\"OpeningHoursSpecification\",\"dayOfWeek\":[\"Monday\",\"Tuesday\",\"Wednesday\",\"Thursday\",\"Friday\",\"Saturday\",\"Sunday\"],\"opens\":\"09:00\",\"closes\":\"17:00\"}]},{\"@type\":\"ImageObject\",\"inLanguage\":\"fr-FR\",\"@id\":\"https:\\\/\\\/landioustravel.com\\\/fr\\\/shop\\\/excursion-plongee-apnee-ras-mohammed-charm\\\/#local-main-organization-logo\",\"url\":\"https:\\\/\\\/i0.wp.com\\\/landioustravel.com\\\/wp-content\\\/uploads\\\/2021\\\/06\\\/Landious-T.png?fit=500%2C500&ssl=1\",\"contentUrl\":\"https:\\\/\\\/i0.wp.com\\\/landioustravel.com\\\/wp-content\\\/uploads\\\/2021\\\/06\\\/Landious-T.png?fit=500%2C500&ssl=1\",\"width\":500,\"height\":500,\"caption\":\"Landious Travel\"}]}<\/script>\n<!-- \/ Yoast SEO Premium plugin. -->","yoast_head_json":{"title":"Excursion plong\u00e9e en apn\u00e9e Ras Mohammed de Charm el-Cheikh","description":"Excursion plong\u00e9e en apn\u00e9e Ras Mohammed de Charm el-Cheikh vous donne l'occasion de nager dans le parc national et de pique-niquer en mer \u00e0 travers la mer","robots":{"index":"index","follow":"follow","max-snippet":"max-snippet:-1","max-image-preview":"max-image-preview:large","max-video-preview":"max-video-preview:-1"},"canonical":"https:\/\/landioustravel.com\/fr\/shop\/excursion-plongee-apnee-ras-mohammed-charm\/","og_locale":"fr_FR","og_type":"article","og_title":"Excursion plong\u00e9e en apn\u00e9e Ras Mohammed de Charm el-Cheikh","og_description":"Landious Travel","og_url":"https:\/\/landioustravel.com\/fr\/shop\/excursion-plongee-apnee-ras-mohammed-charm\/","og_site_name":"Landious Travel","article_publisher":"https:\/\/web.facebook.com\/landiousEgypt","article_modified_time":"2024-08-14T01:29:08+00:00","og_image":[{"width":1200,"height":675,"url":"https:\/\/landioustravel.com\/wp-content\/uploads\/2018\/12\/Ras-Mohammed-Snorkelling-Trip-Sharm-El-Sheikh-e1669505579298.jpg","type":"image\/jpeg"}],"twitter_card":"summary_large_image","twitter_site":"@LandiousTours","twitter_misc":{"Dur\u00e9e de lecture estim\u00e9e":"2 minutes"},"schema":{"@context":"https:\/\/schema.org","@graph":[{"@type":"WebPage","@id":"https:\/\/landioustravel.com\/fr\/shop\/excursion-plongee-apnee-ras-mohammed-charm\/","url":"https:\/\/landioustravel.com\/fr\/shop\/excursion-plongee-apnee-ras-mohammed-charm\/","name":"Excursion plong\u00e9e en apn\u00e9e Ras Mohammed de Charm el-Cheikh","isPartOf":{"@id":"https:\/\/landioustravel.com\/fr\/#website"},"primaryImageOfPage":{"@id":"https:\/\/landioustravel.com\/fr\/shop\/excursion-plongee-apnee-ras-mohammed-charm\/#primaryimage"},"image":{"@id":"https:\/\/landioustravel.com\/fr\/shop\/excursion-plongee-apnee-ras-mohammed-charm\/#primaryimage"},"thumbnailUrl":"https:\/\/i0.wp.com\/landioustravel.com\/wp-content\/uploads\/2018\/12\/Ras-Mohammed-Snorkelling-Trip-Sharm-El-Sheikh-e1669505579298.jpg?fit=1200%2C675&ssl=1","datePublished":"2019-01-12T18:40:29+00:00","dateModified":"2024-08-14T01:29:08+00:00","description":"Excursion plong\u00e9e en apn\u00e9e Ras Mohammed de Charm el-Cheikh vous donne l'occasion de nager dans le parc national et de pique-niquer en mer \u00e0 travers la mer","breadcrumb":{"@id":"https:\/\/landioustravel.com\/fr\/shop\/excursion-plongee-apnee-ras-mohammed-charm\/#breadcrumb"},"inLanguage":"fr-FR","potentialAction":[{"@type":"ReadAction","target":["https:\/\/landioustravel.com\/fr\/shop\/excursion-plongee-apnee-ras-mohammed-charm\/"]}]},{"@type":"ImageObject","inLanguage":"fr-FR","@id":"https:\/\/landioustravel.com\/fr\/shop\/excursion-plongee-apnee-ras-mohammed-charm\/#primaryimage","url":"https:\/\/i0.wp.com\/landioustravel.com\/wp-content\/uploads\/2018\/12\/Ras-Mohammed-Snorkelling-Trip-Sharm-El-Sheikh-e1669505579298.jpg?fit=1200%2C675&ssl=1","contentUrl":"https:\/\/i0.wp.com\/landioustravel.com\/wp-content\/uploads\/2018\/12\/Ras-Mohammed-Snorkelling-Trip-Sharm-El-Sheikh-e1669505579298.jpg?fit=1200%2C675&ssl=1","width":1200,"height":675,"caption":"Ras Mohammed Snorkelling Trip Sharm El Sheikh"},{"@type":"BreadcrumbList","@id":"https:\/\/landioustravel.com\/fr\/shop\/excursion-plongee-apnee-ras-mohammed-charm\/#breadcrumb","itemListElement":[{"@type":"ListItem","position":1,"name":"Home","item":"https:\/\/landioustravel.com\/fr\/"},{"@type":"ListItem","position":2,"name":"Prestations &amp; Visites","item":"https:\/\/landioustravel.com\/fr\/"},{"@type":"ListItem","position":3,"name":"Excursion plong\u00e9e en apn\u00e9e Ras Mohammed de Charm el-Cheikh"}]},{"@type":"WebSite","@id":"https:\/\/landioustravel.com\/fr\/#website","url":"https:\/\/landioustravel.com\/fr\/","name":"Landious Travel","description":"Excursions, trips and cruises in Egypt","publisher":{"@id":"https:\/\/landioustravel.com\/fr\/#organization"},"potentialAction":[{"@type":"SearchAction","target":{"@type":"EntryPoint","urlTemplate":"https:\/\/landioustravel.com\/fr\/?s={search_term_string}"},"query-input":{"@type":"PropertyValueSpecification","valueRequired":true,"valueName":"search_term_string"}}],"inLanguage":"fr-FR"},{"@type":["Organization","Place"],"@id":"https:\/\/landioustravel.com\/fr\/#organization","name":"Landious Travel","alternateName":"Landious Travel","url":"https:\/\/landioustravel.com\/fr\/","logo":{"@id":"https:\/\/landioustravel.com\/fr\/shop\/excursion-plongee-apnee-ras-mohammed-charm\/#local-main-organization-logo"},"image":{"@id":"https:\/\/landioustravel.com\/fr\/shop\/excursion-plongee-apnee-ras-mohammed-charm\/#local-main-organization-logo"},"sameAs":["https:\/\/web.facebook.com\/landiousEgypt","https:\/\/x.com\/LandiousTours","https:\/\/mastodon.social\/@landious"],"legalName":"Landious Travel","telephone":[],"openingHoursSpecification":[{"@type":"OpeningHoursSpecification","dayOfWeek":["Monday","Tuesday","Wednesday","Thursday","Friday","Saturday","Sunday"],"opens":"09:00","closes":"17:00"}]},{"@type":"ImageObject","inLanguage":"fr-FR","@id":"https:\/\/landioustravel.com\/fr\/shop\/excursion-plongee-apnee-ras-mohammed-charm\/#local-main-organization-logo","url":"https:\/\/i0.wp.com\/landioustravel.com\/wp-content\/uploads\/2021\/06\/Landious-T.png?fit=500%2C500&ssl=1","contentUrl":"https:\/\/i0.wp.com\/landioustravel.com\/wp-content\/uploads\/2021\/06\/Landious-T.png?fit=500%2C500&ssl=1","width":500,"height":500,"caption":"Landious Travel"}]}},"jetpack_publicize_connections":[],"uagb_featured_image_src":{"full":["https:\/\/i0.wp.com\/landioustravel.com\/wp-content\/uploads\/2018\/12\/Ras-Mohammed-Snorkelling-Trip-Sharm-El-Sheikh-e1669505579298.jpg?fit=1200%2C675&ssl=1",1200,675,false],"thumbnail":["https:\/\/i0.wp.com\/landioustravel.com\/wp-content\/uploads\/2018\/12\/Ras-Mohammed-Snorkelling-Trip-Sharm-El-Sheikh-e1669505579298.jpg?resize=150%2C150&ssl=1",150,150,true],"medium":["https:\/\/i0.wp.com\/landioustravel.com\/wp-content\/uploads\/2018\/12\/Ras-Mohammed-Snorkelling-Trip-Sharm-El-Sheikh-e1669505579298.jpg?fit=300%2C169&ssl=1",300,169,true],"medium_large":["https:\/\/i0.wp.com\/landioustravel.com\/wp-content\/uploads\/2018\/12\/Ras-Mohammed-Snorkelling-Trip-Sharm-El-Sheikh-e1669505579298.jpg?fit=768%2C432&ssl=1",768,432,true],"large":["https:\/\/i0.wp.com\/landioustravel.com\/wp-content\/uploads\/2018\/12\/Ras-Mohammed-Snorkelling-Trip-Sharm-El-Sheikh-e1669505579298.jpg?fit=980%2C551&ssl=1",980,551,true],"1536x1536":["https:\/\/i0.wp.com\/landioustravel.com\/wp-content\/uploads\/2018\/12\/Ras-Mohammed-Snorkelling-Trip-Sharm-El-Sheikh-e1669505579298.jpg?fit=1536%2C931&ssl=1",1536,931,true],"2048x2048":["https:\/\/i0.wp.com\/landioustravel.com\/wp-content\/uploads\/2018\/12\/Ras-Mohammed-Snorkelling-Trip-Sharm-El-Sheikh-e1669505579298.jpg?fit=1200%2C675&ssl=1",1200,675,true],"newspack-article-block-landscape-large":["https:\/\/i0.wp.com\/landioustravel.com\/wp-content\/uploads\/2018\/12\/Ras-Mohammed-Snorkelling-Trip-Sharm-El-Sheikh-e1669505579298.jpg?resize=1200%2C675&ssl=1",1200,675,true],"newspack-article-block-portrait-large":["https:\/\/i0.wp.com\/landioustravel.com\/wp-content\/uploads\/2018\/12\/Ras-Mohammed-Snorkelling-Trip-Sharm-El-Sheikh-e1669505579298.jpg?resize=900%2C675&ssl=1",900,675,true],"newspack-article-block-square-large":["https:\/\/i0.wp.com\/landioustravel.com\/wp-content\/uploads\/2018\/12\/Ras-Mohammed-Snorkelling-Trip-Sharm-El-Sheikh-e1669505579298.jpg?resize=1200%2C675&ssl=1",1200,675,true],"newspack-article-block-landscape-medium":["https:\/\/i0.wp.com\/landioustravel.com\/wp-content\/uploads\/2018\/12\/Ras-Mohammed-Snorkelling-Trip-Sharm-El-Sheikh-e1669505579298.jpg?resize=800%2C600&ssl=1",800,600,true],"newspack-article-block-portrait-medium":["https:\/\/i0.wp.com\/landioustravel.com\/wp-content\/uploads\/2018\/12\/Ras-Mohammed-Snorkelling-Trip-Sharm-El-Sheikh-e1669505579298.jpg?resize=600%2C675&ssl=1",600,675,true],"newspack-article-block-square-medium":["https:\/\/i0.wp.com\/landioustravel.com\/wp-content\/uploads\/2018\/12\/Ras-Mohammed-Snorkelling-Trip-Sharm-El-Sheikh-e1669505579298.jpg?resize=800%2C675&ssl=1",800,675,true],"newspack-article-block-landscape-intermediate":["https:\/\/i0.wp.com\/landioustravel.com\/wp-content\/uploads\/2018\/12\/Ras-Mohammed-Snorkelling-Trip-Sharm-El-Sheikh-e1669505579298.jpg?resize=600%2C450&ssl=1",600,450,true],"newspack-article-block-portrait-intermediate":["https:\/\/i0.wp.com\/landioustravel.com\/wp-content\/uploads\/2018\/12\/Ras-Mohammed-Snorkelling-Trip-Sharm-El-Sheikh-e1669505579298.jpg?resize=450%2C600&ssl=1",450,600,true],"newspack-article-block-square-intermediate":["https:\/\/i0.wp.com\/landioustravel.com\/wp-content\/uploads\/2018\/12\/Ras-Mohammed-Snorkelling-Trip-Sharm-El-Sheikh-e1669505579298.jpg?resize=600%2C600&ssl=1",600,600,true],"newspack-article-block-landscape-small":["https:\/\/i0.wp.com\/landioustravel.com\/wp-content\/uploads\/2018\/12\/Ras-Mohammed-Snorkelling-Trip-Sharm-El-Sheikh-e1669505579298.jpg?resize=400%2C300&ssl=1",400,300,true],"newspack-article-block-portrait-small":["https:\/\/i0.wp.com\/landioustravel.com\/wp-content\/uploads\/2018\/12\/Ras-Mohammed-Snorkelling-Trip-Sharm-El-Sheikh-e1669505579298.jpg?resize=300%2C400&ssl=1",300,400,true],"newspack-article-block-square-small":["https:\/\/i0.wp.com\/landioustravel.com\/wp-content\/uploads\/2018\/12\/Ras-Mohammed-Snorkelling-Trip-Sharm-El-Sheikh-e1669505579298.jpg?resize=400%2C400&ssl=1",400,400,true],"newspack-article-block-landscape-tiny":["https:\/\/i0.wp.com\/landioustravel.com\/wp-content\/uploads\/2018\/12\/Ras-Mohammed-Snorkelling-Trip-Sharm-El-Sheikh-e1669505579298.jpg?resize=200%2C150&ssl=1",200,150,true],"newspack-article-block-portrait-tiny":["https:\/\/i0.wp.com\/landioustravel.com\/wp-content\/uploads\/2018\/12\/Ras-Mohammed-Snorkelling-Trip-Sharm-El-Sheikh-e1669505579298.jpg?resize=150%2C200&ssl=1",150,200,true],"newspack-article-block-square-tiny":["https:\/\/i0.wp.com\/landioustravel.com\/wp-content\/uploads\/2018\/12\/Ras-Mohammed-Snorkelling-Trip-Sharm-El-Sheikh-e1669505579298.jpg?resize=200%2C200&ssl=1",200,200,true],"newspack-article-block-uncropped":["https:\/\/i0.wp.com\/landioustravel.com\/wp-content\/uploads\/2018\/12\/Ras-Mohammed-Snorkelling-Trip-Sharm-El-Sheikh-e1669505579298.jpg?fit=1200%2C675&ssl=1",1200,675,true],"woocommerce_thumbnail":["https:\/\/i0.wp.com\/landioustravel.com\/wp-content\/uploads\/2018\/12\/Ras-Mohammed-Snorkelling-Trip-Sharm-El-Sheikh-e1669505579298.jpg?resize=324%2C324&ssl=1",324,324,true],"woocommerce_single":["https:\/\/i0.wp.com\/landioustravel.com\/wp-content\/uploads\/2018\/12\/Ras-Mohammed-Snorkelling-Trip-Sharm-El-Sheikh-e1669505579298.jpg?fit=416%2C234&ssl=1",416,234,true],"woocommerce_gallery_thumbnail":["https:\/\/i0.wp.com\/landioustravel.com\/wp-content\/uploads\/2018\/12\/Ras-Mohammed-Snorkelling-Trip-Sharm-El-Sheikh-e1669505579298.jpg?resize=100%2C100&ssl=1",100,100,true]},"uagb_author_info":{"display_name":"Mofreh Landious","author_link":"https:\/\/landioustravel.com\/fr\/author\/"},"uagb_comment_info":4,"uagb_excerpt":"D\u00e9couvrez la beaut\u00e9 des majestueux r\u00e9cifs coralliens de la mer Rouge lors d'une excursion de plong\u00e9e confortable et s\u00fbre dans le parc national de Ras Mohammed. Que vous pr\u00e9f\u00e9riez faire de la plong\u00e9e avec tuba dans les eaux cristallines ou simplement vous pr\u00e9lasser sous la chaleur du soleil sur le pont, nous avons quelque chose&hellip;","jetpack_sharing_enabled":true,"jetpack_likes_enabled":true,"amp_enabled":true,"_links":{"self":[{"href":"https:\/\/landioustravel.com\/fr\/wp-json\/wp\/v2\/product\/1133","targetHints":{"allow":["GET"]}}],"collection":[{"href":"https:\/\/landioustravel.com\/fr\/wp-json\/wp\/v2\/product"}],"about":[{"href":"https:\/\/landioustravel.com\/fr\/wp-json\/wp\/v2\/types\/product"}],"replies":[{"embeddable":true,"href":"https:\/\/landioustravel.com\/fr\/wp-json\/wp\/v2\/comments?post=1133"}],"wp:featuredmedia":[{"embeddable":true,"href":"https:\/\/landioustravel.com\/fr\/wp-json\/wp\/v2\/media\/100363"}],"wp:attachment":[{"href":"https:\/\/landioustravel.com\/fr\/wp-json\/wp\/v2\/media?parent=1133"}],"wp:term":[{"taxonomy":"product_brand","embeddable":true,"href":"https:\/\/landioustravel.com\/fr\/wp-json\/wp\/v2\/product_brand?post=1133"},{"taxonomy":"product_cat","embeddable":true,"href":"https:\/\/landioustravel.com\/fr\/wp-json\/wp\/v2\/product_cat?post=1133"},{"taxonomy":"product_tag","embeddable":true,"href":"https:\/\/landioustravel.com\/fr\/wp-json\/wp\/v2\/product_tag?post=1133"}],"curies":[{"name":"wp","href":"https:\/\/api.w.org\/{rel}","templated":true}]}}