{"id":1136,"date":"2018-12-03T21:41:36","date_gmt":"2019-01-12T19:16:02","guid":{"rendered":"https:\/\/landioustravel.com\/?post_type=product&#038;p=1136"},"modified":"2025-10-01T20:22:12","modified_gmt":"2025-10-01T17:22:12","slug":"excursion-caire-gizeh-charm-cheikh","status":"publish","type":"product","link":"https:\/\/landioustravel.com\/fr\/shop\/excursion-caire-gizeh-charm-cheikh\/","title":{"rendered":"Excursion au Caire-Gizeh de Charm el-Cheikh"},"content":{"rendered":"<p>Une merveilleuse excursion au Caire et \u00e0 Gizeh au d\u00e9part de la station baln\u00e9aire de Charm el-Cheikh! Nous recommandons cette excursion, car elle permet aux touristes de voir les sites les plus impressionnants, construits pendant l\u2019\u00c9gypte ancienne, et d\u2019en apprendre davantage sur l\u2019histoire du pays.<\/p>\n<h2>Points principaux du programme d&#8217;excursion au Caire<\/h2>\n<ul>\n<li>Visite au mus\u00e9e \u00e9gyptien au Caire<\/li>\n<li>Le d\u00e9jeuner<\/li>\n<li>Visite aux trois pyramides de Gizeh<\/li>\n<li>Et le grand sphinx dans le complexe pyramidal<\/li>\n<\/ul>\n<h3>Le programme des excursions au Caire &#8211; Giza de Sharm El Sheikh<\/h3>\n<ul>\n<li>Nous venons vous chercher \u00e0 votre h\u00f4tel vers 00h00.<\/li>\n<li>Une fois tous les passagers arriv\u00e9s, le bus part pour le Caire en passant par les villes d\u2019El Tor, d\u2019Abou Zinema, de Ras Sidr et de Suez. Toutes ces villes se trouvent au nord de Charm el-Cheikh, sur la c\u00f4te de la mer Rouge. La route, du centre de Sharm El Sheikh au Caire, dure environ 6 heures.<\/li>\n<\/ul>\n<h4>Programme au Caire<\/h4>\n<ul>\n<li>D\u00e8s votre arriv\u00e9e au Caire, nous vous montrerons le mus\u00e9e \u00e9gyptien. Votre guide aura pour t\u00e2che de montrer tous ces temples et donnera du temps libre pour prendre des photos<\/li>\n<li>Apr\u00e8s avoir visit\u00e9 le mus\u00e9e \u00e9gyptien du Caire, vous commencerez le pique-nique en bateau sur le Nil. Ceci est un programme suppl\u00e9mentaire, et il doit \u00eatre command\u00e9 \u00e0 l&#8217;avance par notre interm\u00e9diaire! D\u00e8s que le pique-nique en bateau sur le Nil sera termin\u00e9, vous vous dirigerez vers une autre ville _ Giza<\/li>\n<\/ul>\n<h4>Programme \u00e0 Gizeh<\/h4>\n<ul>\n<li>Le voyage continue \u00e0 Gizeh. Le premier arr\u00eat, l\u00e0-bas, sera au restaurant. Il propose un buffet ouvert<\/li>\n<li>Apr\u00e8s le d\u00e9jeuner, vous faites un peu de shopping<\/li>\n<li>Ensuite, le groupe se rend au complexe pyramidal, o\u00f9 se trouvent de grandes pyramides et le Sphinx. Votre guide les montre et donne du temps libre pour les prendre en photo<\/li>\n<li>Avant la fin du programme \u00e0 Gizeh, les touristes ont le temps de faire leurs achats dans la salle des parfums<\/li>\n<li>Notre bus repart, apr\u00e8s un tel programme, dans les merveilleuses villes du Caire et de Gizeh.<\/li>\n<\/ul>\n<h4>Ce qui est inclus dans le prix du voyage<\/h4>\n<ul>\n<li>Billets pour visiter des sites touristiques<\/li>\n<li>Le d\u00e9jeuner<\/li>\n<li>Guider<\/li>\n<li>Transfert au Caire et retour \u00e0 l&#8217;h\u00f4tel<\/li>\n<\/ul>\n<h5>Ce qui n&#8217;est pas inclus dans le prix du voyage<\/h5>\n<ul>\n<li>Programmes d&#8217;excursions suppl\u00e9mentaires<\/li>\n<li>Boissons<\/li>\n<\/ul>\n<h6>Que prendre avec vous pour le voyage<\/h6>\n<ul>\n<li>Petit d\u00e9jeuner<\/li>\n<li>Passeport<\/li>\n<li>V\u00eatements pour la saison<\/li>\n<\/ul>\n<h6>ORGANISATION DE JOURS D&#8217;EXCURSION<\/h6>\n<ul>\n<li>Tous les jours de 00h00 \u00e0 23h30<\/li>\n<\/ul>\n","protected":false},"excerpt":{"rendered":"<p>Si vous cherchez \u00e0 explorer Le Caire et Gizeh en une seule journ\u00e9e depuis Charm el-Cheikh, nous avons ce qu&#8217;il vous faut. Vous aurez la chance de voir les trois incroyables pyramides de Gizeh et le Grand Sphinx, suivi d&#8217;un d\u00e9licieux d\u00e9jeuner. Apr\u00e8s le d\u00e9jeuner, vous visiterez le mus\u00e9e \u00e9gyptien, qui abrite une incroyable collection de plus de 150 000 pi\u00e8ces uniques r\u00e9parties dans 100 salles d&#8217;exposition. Pour couronner votre excursion, vous pouvez m\u00eame opter pour un pique-nique en bateau sur le Nil.<\/p>\n<p>Nous comprenons que les frais de voyage peuvent s&#8217;accumuler rapidement, c&#8217;est pourquoi nous proposons un moyen plus \u00e9conomique de visiter le Caire en une journ\u00e9e sans avoir besoin d&#8217;un vol ou d&#8217;un train co\u00fbteux depuis Charm el-Cheikh. Notre excursion d&#8217;une journ\u00e9e en autocar peut commencer t\u00f4t, mais elle garantit que vous ne manquerez pas les c\u00e9l\u00e8bres sites \u00e9gyptiens du Caire et des environs. Vous ferez partie d&#8217;un groupe et vous explorerez le mus\u00e9e \u00e9gyptien, le grand sphinx et les pyramides de Gizeh lors d&#8217;une visite \u00e0 pied, \u00e0 cheval ou \u00e0 dos de chameau. Notre autocar climatis\u00e9 vous emm\u00e8nera de Charm el-Cheikh au Caire, et nous avons m\u00eame r\u00e9serv\u00e9 \u00e0 l&#8217;avance des entr\u00e9es \u00e0 des sites comme le mus\u00e9e \u00e9gyptien pour vous faire gagner du temps. Vous aurez la chance de d\u00e9couvrir les pyramides de Gizeh de mani\u00e8re traditionnelle, \u00e0 dos de chameau, et vous pourrez m\u00eame faire une promenade en bateau sur le Nil (moyennant un suppl\u00e9ment).<\/p>\n<p>Lors de votre visite au mus\u00e9e \u00e9gyptien, vous aurez l&#8217;occasion de vous \u00e9merveiller devant d&#8217;innombrables expositions historiques pendant deux heures, avec un billet d&#8217;entr\u00e9e inclus. Si vous recherchez une exp\u00e9rience plus tranquille, vous pouvez choisir de faire une excursion en bateau sur le Nil moyennant un suppl\u00e9ment ou de vous promener gratuitement le long des rives du Nil pendant 30 minutes. Les pyramides de Gizeh sont un incontournable et une exp\u00e9rience fabuleuse. Vous y trouverez un total de trois pyramides : les pyramides Chephren, Kheops et Mykerinos. Vous pouvez explorer la r\u00e9gion \u00e0 pied, \u00e0 cheval ou \u00e0 dos de chameau, avec une dur\u00e9e de 2-3 heures et un billet d&#8217;entr\u00e9e inclus. Enfin, apr\u00e8s avoir visit\u00e9 les pyramides de Gizeh, vous vous dirigerez vers le Grand Sphinx, le Sphinx le plus grand et le mieux conserv\u00e9 de loin. Le Sphinx comportait une t\u00eate humaine sur un corps de lion et \u00e9tait sculpt\u00e9 dans le reste d&#8217;un monticule de calcaire qui servait de carri\u00e8re \u00e0 la Grande Pyramide de Kh\u00e9ops. La visite dure environ 20-30 minutes.<\/p>\n<p>Nous esp\u00e9rons que ces informations vous aideront \u00e0 planifier votre voyage au Caire et \u00e0 Gizeh, et nous sommes l\u00e0 pour vous aider avec toutes les questions ou pr\u00e9occupations que vous pourriez avoir.<\/p>\n","protected":false},"featured_media":99443,"comment_status":"open","ping_status":"closed","template":"","meta":{"_coblocks_attr":"","_coblocks_dimensions":"","_coblocks_responsive_height":"","_coblocks_accordion_ie_support":"","_uag_custom_page_level_css":"","jetpack_publicize_message":"","jetpack_publicize_feature_enabled":true,"jetpack_social_post_already_shared":true,"jetpack_social_options":{"image_generator_settings":{"template":"highway","default_image_id":0,"font":"","enabled":false},"version":2},"_wpas_customize_per_network":false},"product_brand":[],"product_cat":[1558,1559],"product_tag":[1651,1578,1572,1649,1650,9905],"class_list":{"0":"post-1136","1":"product","2":"type-product","3":"status-publish","4":"has-post-thumbnail","6":"product_cat-excursions-charm-el-cheikh","7":"product_cat-excursions-historiques-charm-cheikh","8":"product_tag-charm-el-cheikh","9":"product_tag-excursion-fr","10":"product_tag-caire","11":"product_tag-pyramides","12":"product_tag-sphinx-fr","13":"product_tag-tourisme","14":"pa_age-adulte","15":"pa_age-enfant-1-4-ans","16":"pa_age-enfant-5-11-ans","18":"first","19":"instock","20":"sale","21":"purchasable","22":"product-type-variable"},"yoast_head":"<!-- This site is optimized with the Yoast SEO Premium plugin v26.9 (Yoast SEO v27.5) - https:\/\/yoast.com\/product\/yoast-seo-premium-wordpress\/ -->\n<title>Excursion au Caire-Gizeh de Charm el-Cheikh<\/title>\n<meta name=\"description\" content=\"Excursion au Caire-Gizeh de Charm el-Cheikh au mus\u00e9e \u00e9gyptien du Caire, aux trois pyramides _ Khafre, Menkaure et Cheops, ainsi qu&#039;au grand sphinx\" \/>\n<meta name=\"robots\" content=\"index, follow, max-snippet:-1, max-image-preview:large, max-video-preview:-1\" \/>\n<link rel=\"canonical\" href=\"https:\/\/landioustravel.com\/fr\/shop\/excursion-caire-gizeh-charm-cheikh\/\" \/>\n<meta property=\"og:locale\" content=\"fr_FR\" \/>\n<meta property=\"og:type\" content=\"article\" \/>\n<meta property=\"og:title\" content=\"Excursion au Caire-Gizeh de Charm el-Cheikh\" \/>\n<meta property=\"og:description\" content=\"Landious Travel\" \/>\n<meta property=\"og:url\" content=\"https:\/\/landioustravel.com\/fr\/shop\/excursion-caire-gizeh-charm-cheikh\/\" \/>\n<meta property=\"og:site_name\" content=\"Landious Travel\" \/>\n<meta property=\"article:publisher\" content=\"https:\/\/web.facebook.com\/landiousEgypt\" \/>\n<meta property=\"article:modified_time\" content=\"2025-10-01T17:22:12+00:00\" \/>\n<meta property=\"og:image\" content=\"https:\/\/i0.wp.com\/landioustravel.com\/wp-content\/uploads\/2022\/05\/Egyptian-Pyramids-e1652448963518.jpg?fit=1200%2C675&ssl=1\" \/>\n\t<meta property=\"og:image:width\" content=\"1200\" \/>\n\t<meta property=\"og:image:height\" content=\"675\" \/>\n\t<meta property=\"og:image:type\" content=\"image\/jpeg\" \/>\n<meta name=\"twitter:card\" content=\"summary_large_image\" \/>\n<meta name=\"twitter:site\" content=\"@LandiousTours\" \/>\n<meta name=\"twitter:label1\" content=\"Dur\u00e9e de lecture estim\u00e9e\" \/>\n\t<meta name=\"twitter:data1\" content=\"2 minutes\" \/>\n<script type=\"application\/ld+json\" class=\"yoast-schema-graph\">{\"@context\":\"https:\\\/\\\/schema.org\",\"@graph\":[{\"@type\":\"WebPage\",\"@id\":\"https:\\\/\\\/landioustravel.com\\\/fr\\\/shop\\\/excursion-caire-gizeh-charm-cheikh\\\/\",\"url\":\"https:\\\/\\\/landioustravel.com\\\/fr\\\/shop\\\/excursion-caire-gizeh-charm-cheikh\\\/\",\"name\":\"Excursion au Caire-Gizeh de Charm el-Cheikh\",\"isPartOf\":{\"@id\":\"https:\\\/\\\/landioustravel.com\\\/fr\\\/#website\"},\"primaryImageOfPage\":{\"@id\":\"https:\\\/\\\/landioustravel.com\\\/fr\\\/shop\\\/excursion-caire-gizeh-charm-cheikh\\\/#primaryimage\"},\"image\":{\"@id\":\"https:\\\/\\\/landioustravel.com\\\/fr\\\/shop\\\/excursion-caire-gizeh-charm-cheikh\\\/#primaryimage\"},\"thumbnailUrl\":\"https:\\\/\\\/i0.wp.com\\\/landioustravel.com\\\/wp-content\\\/uploads\\\/2022\\\/05\\\/Egyptian-Pyramids-e1652448963518.jpg?fit=1200%2C675&ssl=1\",\"datePublished\":\"2019-01-12T19:16:02+00:00\",\"dateModified\":\"2025-10-01T17:22:12+00:00\",\"description\":\"Excursion au Caire-Gizeh de Charm el-Cheikh au mus\u00e9e \u00e9gyptien du Caire, aux trois pyramides _ Khafre, Menkaure et Cheops, ainsi qu'au grand sphinx\",\"breadcrumb\":{\"@id\":\"https:\\\/\\\/landioustravel.com\\\/fr\\\/shop\\\/excursion-caire-gizeh-charm-cheikh\\\/#breadcrumb\"},\"inLanguage\":\"fr-FR\",\"potentialAction\":[{\"@type\":\"ReadAction\",\"target\":[\"https:\\\/\\\/landioustravel.com\\\/fr\\\/shop\\\/excursion-caire-gizeh-charm-cheikh\\\/\"]}]},{\"@type\":\"ImageObject\",\"inLanguage\":\"fr-FR\",\"@id\":\"https:\\\/\\\/landioustravel.com\\\/fr\\\/shop\\\/excursion-caire-gizeh-charm-cheikh\\\/#primaryimage\",\"url\":\"https:\\\/\\\/i0.wp.com\\\/landioustravel.com\\\/wp-content\\\/uploads\\\/2022\\\/05\\\/Egyptian-Pyramids-e1652448963518.jpg?fit=1200%2C675&ssl=1\",\"contentUrl\":\"https:\\\/\\\/i0.wp.com\\\/landioustravel.com\\\/wp-content\\\/uploads\\\/2022\\\/05\\\/Egyptian-Pyramids-e1652448963518.jpg?fit=1200%2C675&ssl=1\",\"width\":1200,\"height\":675,\"caption\":\"Egyptian pyramids\"},{\"@type\":\"BreadcrumbList\",\"@id\":\"https:\\\/\\\/landioustravel.com\\\/fr\\\/shop\\\/excursion-caire-gizeh-charm-cheikh\\\/#breadcrumb\",\"itemListElement\":[{\"@type\":\"ListItem\",\"position\":1,\"name\":\"Home\",\"item\":\"https:\\\/\\\/landioustravel.com\\\/fr\\\/\"},{\"@type\":\"ListItem\",\"position\":2,\"name\":\"Prestations &amp; Visites\",\"item\":\"https:\\\/\\\/landioustravel.com\\\/fr\\\/\"},{\"@type\":\"ListItem\",\"position\":3,\"name\":\"Excursion au Caire-Gizeh de Charm el-Cheikh\"}]},{\"@type\":\"WebSite\",\"@id\":\"https:\\\/\\\/landioustravel.com\\\/fr\\\/#website\",\"url\":\"https:\\\/\\\/landioustravel.com\\\/fr\\\/\",\"name\":\"Landious Travel\",\"description\":\"Excursions, trips and cruises in Egypt\",\"publisher\":{\"@id\":\"https:\\\/\\\/landioustravel.com\\\/fr\\\/#organization\"},\"potentialAction\":[{\"@type\":\"SearchAction\",\"target\":{\"@type\":\"EntryPoint\",\"urlTemplate\":\"https:\\\/\\\/landioustravel.com\\\/fr\\\/?s={search_term_string}\"},\"query-input\":{\"@type\":\"PropertyValueSpecification\",\"valueRequired\":true,\"valueName\":\"search_term_string\"}}],\"inLanguage\":\"fr-FR\"},{\"@type\":[\"Organization\",\"Place\"],\"@id\":\"https:\\\/\\\/landioustravel.com\\\/fr\\\/#organization\",\"name\":\"Landious Travel\",\"alternateName\":\"Landious Travel\",\"url\":\"https:\\\/\\\/landioustravel.com\\\/fr\\\/\",\"logo\":{\"@id\":\"https:\\\/\\\/landioustravel.com\\\/fr\\\/shop\\\/excursion-caire-gizeh-charm-cheikh\\\/#local-main-organization-logo\"},\"image\":{\"@id\":\"https:\\\/\\\/landioustravel.com\\\/fr\\\/shop\\\/excursion-caire-gizeh-charm-cheikh\\\/#local-main-organization-logo\"},\"sameAs\":[\"https:\\\/\\\/web.facebook.com\\\/landiousEgypt\",\"https:\\\/\\\/x.com\\\/LandiousTours\",\"https:\\\/\\\/mastodon.social\\\/@landious\"],\"legalName\":\"Landious Travel\",\"telephone\":[],\"openingHoursSpecification\":[{\"@type\":\"OpeningHoursSpecification\",\"dayOfWeek\":[\"Monday\",\"Tuesday\",\"Wednesday\",\"Thursday\",\"Friday\",\"Saturday\",\"Sunday\"],\"opens\":\"09:00\",\"closes\":\"17:00\"}]},{\"@type\":\"ImageObject\",\"inLanguage\":\"fr-FR\",\"@id\":\"https:\\\/\\\/landioustravel.com\\\/fr\\\/shop\\\/excursion-caire-gizeh-charm-cheikh\\\/#local-main-organization-logo\",\"url\":\"https:\\\/\\\/i0.wp.com\\\/landioustravel.com\\\/wp-content\\\/uploads\\\/2021\\\/06\\\/Landious-T.png?fit=500%2C500&ssl=1\",\"contentUrl\":\"https:\\\/\\\/i0.wp.com\\\/landioustravel.com\\\/wp-content\\\/uploads\\\/2021\\\/06\\\/Landious-T.png?fit=500%2C500&ssl=1\",\"width\":500,\"height\":500,\"caption\":\"Landious Travel\"}]}<\/script>\n<!-- \/ Yoast SEO Premium plugin. -->","yoast_head_json":{"title":"Excursion au Caire-Gizeh de Charm el-Cheikh","description":"Excursion au Caire-Gizeh de Charm el-Cheikh au mus\u00e9e \u00e9gyptien du Caire, aux trois pyramides _ Khafre, Menkaure et Cheops, ainsi qu'au grand sphinx","robots":{"index":"index","follow":"follow","max-snippet":"max-snippet:-1","max-image-preview":"max-image-preview:large","max-video-preview":"max-video-preview:-1"},"canonical":"https:\/\/landioustravel.com\/fr\/shop\/excursion-caire-gizeh-charm-cheikh\/","og_locale":"fr_FR","og_type":"article","og_title":"Excursion au Caire-Gizeh de Charm el-Cheikh","og_description":"Landious Travel","og_url":"https:\/\/landioustravel.com\/fr\/shop\/excursion-caire-gizeh-charm-cheikh\/","og_site_name":"Landious Travel","article_publisher":"https:\/\/web.facebook.com\/landiousEgypt","article_modified_time":"2025-10-01T17:22:12+00:00","og_image":[{"width":1200,"height":675,"url":"https:\/\/i0.wp.com\/landioustravel.com\/wp-content\/uploads\/2022\/05\/Egyptian-Pyramids-e1652448963518.jpg?fit=1200%2C675&ssl=1","type":"image\/jpeg"}],"twitter_card":"summary_large_image","twitter_site":"@LandiousTours","twitter_misc":{"Dur\u00e9e de lecture estim\u00e9e":"2 minutes"},"schema":{"@context":"https:\/\/schema.org","@graph":[{"@type":"WebPage","@id":"https:\/\/landioustravel.com\/fr\/shop\/excursion-caire-gizeh-charm-cheikh\/","url":"https:\/\/landioustravel.com\/fr\/shop\/excursion-caire-gizeh-charm-cheikh\/","name":"Excursion au Caire-Gizeh de Charm el-Cheikh","isPartOf":{"@id":"https:\/\/landioustravel.com\/fr\/#website"},"primaryImageOfPage":{"@id":"https:\/\/landioustravel.com\/fr\/shop\/excursion-caire-gizeh-charm-cheikh\/#primaryimage"},"image":{"@id":"https:\/\/landioustravel.com\/fr\/shop\/excursion-caire-gizeh-charm-cheikh\/#primaryimage"},"thumbnailUrl":"https:\/\/i0.wp.com\/landioustravel.com\/wp-content\/uploads\/2022\/05\/Egyptian-Pyramids-e1652448963518.jpg?fit=1200%2C675&ssl=1","datePublished":"2019-01-12T19:16:02+00:00","dateModified":"2025-10-01T17:22:12+00:00","description":"Excursion au Caire-Gizeh de Charm el-Cheikh au mus\u00e9e \u00e9gyptien du Caire, aux trois pyramides _ Khafre, Menkaure et Cheops, ainsi qu'au grand sphinx","breadcrumb":{"@id":"https:\/\/landioustravel.com\/fr\/shop\/excursion-caire-gizeh-charm-cheikh\/#breadcrumb"},"inLanguage":"fr-FR","potentialAction":[{"@type":"ReadAction","target":["https:\/\/landioustravel.com\/fr\/shop\/excursion-caire-gizeh-charm-cheikh\/"]}]},{"@type":"ImageObject","inLanguage":"fr-FR","@id":"https:\/\/landioustravel.com\/fr\/shop\/excursion-caire-gizeh-charm-cheikh\/#primaryimage","url":"https:\/\/i0.wp.com\/landioustravel.com\/wp-content\/uploads\/2022\/05\/Egyptian-Pyramids-e1652448963518.jpg?fit=1200%2C675&ssl=1","contentUrl":"https:\/\/i0.wp.com\/landioustravel.com\/wp-content\/uploads\/2022\/05\/Egyptian-Pyramids-e1652448963518.jpg?fit=1200%2C675&ssl=1","width":1200,"height":675,"caption":"Egyptian pyramids"},{"@type":"BreadcrumbList","@id":"https:\/\/landioustravel.com\/fr\/shop\/excursion-caire-gizeh-charm-cheikh\/#breadcrumb","itemListElement":[{"@type":"ListItem","position":1,"name":"Home","item":"https:\/\/landioustravel.com\/fr\/"},{"@type":"ListItem","position":2,"name":"Prestations &amp; Visites","item":"https:\/\/landioustravel.com\/fr\/"},{"@type":"ListItem","position":3,"name":"Excursion au Caire-Gizeh de Charm el-Cheikh"}]},{"@type":"WebSite","@id":"https:\/\/landioustravel.com\/fr\/#website","url":"https:\/\/landioustravel.com\/fr\/","name":"Landious Travel","description":"Excursions, trips and cruises in Egypt","publisher":{"@id":"https:\/\/landioustravel.com\/fr\/#organization"},"potentialAction":[{"@type":"SearchAction","target":{"@type":"EntryPoint","urlTemplate":"https:\/\/landioustravel.com\/fr\/?s={search_term_string}"},"query-input":{"@type":"PropertyValueSpecification","valueRequired":true,"valueName":"search_term_string"}}],"inLanguage":"fr-FR"},{"@type":["Organization","Place"],"@id":"https:\/\/landioustravel.com\/fr\/#organization","name":"Landious Travel","alternateName":"Landious Travel","url":"https:\/\/landioustravel.com\/fr\/","logo":{"@id":"https:\/\/landioustravel.com\/fr\/shop\/excursion-caire-gizeh-charm-cheikh\/#local-main-organization-logo"},"image":{"@id":"https:\/\/landioustravel.com\/fr\/shop\/excursion-caire-gizeh-charm-cheikh\/#local-main-organization-logo"},"sameAs":["https:\/\/web.facebook.com\/landiousEgypt","https:\/\/x.com\/LandiousTours","https:\/\/mastodon.social\/@landious"],"legalName":"Landious Travel","telephone":[],"openingHoursSpecification":[{"@type":"OpeningHoursSpecification","dayOfWeek":["Monday","Tuesday","Wednesday","Thursday","Friday","Saturday","Sunday"],"opens":"09:00","closes":"17:00"}]},{"@type":"ImageObject","inLanguage":"fr-FR","@id":"https:\/\/landioustravel.com\/fr\/shop\/excursion-caire-gizeh-charm-cheikh\/#local-main-organization-logo","url":"https:\/\/i0.wp.com\/landioustravel.com\/wp-content\/uploads\/2021\/06\/Landious-T.png?fit=500%2C500&ssl=1","contentUrl":"https:\/\/i0.wp.com\/landioustravel.com\/wp-content\/uploads\/2021\/06\/Landious-T.png?fit=500%2C500&ssl=1","width":500,"height":500,"caption":"Landious Travel"}]}},"jetpack_publicize_connections":[],"uagb_featured_image_src":{"full":["https:\/\/i0.wp.com\/landioustravel.com\/wp-content\/uploads\/2022\/05\/Egyptian-Pyramids-e1652448963518.jpg?fit=1200%2C675&ssl=1",1200,675,false],"thumbnail":["https:\/\/i0.wp.com\/landioustravel.com\/wp-content\/uploads\/2022\/05\/Egyptian-Pyramids-e1652448963518.jpg?resize=150%2C150&ssl=1",150,150,true],"medium":["https:\/\/i0.wp.com\/landioustravel.com\/wp-content\/uploads\/2022\/05\/Egyptian-Pyramids-e1652448963518.jpg?fit=300%2C169&ssl=1",300,169,true],"medium_large":["https:\/\/i0.wp.com\/landioustravel.com\/wp-content\/uploads\/2022\/05\/Egyptian-Pyramids-e1652448963518.jpg?fit=768%2C432&ssl=1",768,432,true],"large":["https:\/\/i0.wp.com\/landioustravel.com\/wp-content\/uploads\/2022\/05\/Egyptian-Pyramids-e1652448963518.jpg?fit=980%2C551&ssl=1",980,551,true],"1536x1536":["https:\/\/i0.wp.com\/landioustravel.com\/wp-content\/uploads\/2022\/05\/Egyptian-Pyramids-e1652448963518.jpg?fit=1536%2C864&ssl=1",1536,864,true],"2048x2048":["https:\/\/i0.wp.com\/landioustravel.com\/wp-content\/uploads\/2022\/05\/Egyptian-Pyramids-e1652448963518.jpg?fit=1200%2C675&ssl=1",1200,675,true],"newspack-article-block-landscape-large":["https:\/\/i0.wp.com\/landioustravel.com\/wp-content\/uploads\/2022\/05\/Egyptian-Pyramids-e1652448963518.jpg?resize=1200%2C675&ssl=1",1200,675,true],"newspack-article-block-portrait-large":["https:\/\/i0.wp.com\/landioustravel.com\/wp-content\/uploads\/2022\/05\/Egyptian-Pyramids-e1652448963518.jpg?resize=900%2C675&ssl=1",900,675,true],"newspack-article-block-square-large":["https:\/\/i0.wp.com\/landioustravel.com\/wp-content\/uploads\/2022\/05\/Egyptian-Pyramids-e1652448963518.jpg?resize=1200%2C675&ssl=1",1200,675,true],"newspack-article-block-landscape-medium":["https:\/\/i0.wp.com\/landioustravel.com\/wp-content\/uploads\/2022\/05\/Egyptian-Pyramids-e1652448963518.jpg?resize=800%2C600&ssl=1",800,600,true],"newspack-article-block-portrait-medium":["https:\/\/i0.wp.com\/landioustravel.com\/wp-content\/uploads\/2022\/05\/Egyptian-Pyramids-e1652448963518.jpg?resize=600%2C675&ssl=1",600,675,true],"newspack-article-block-square-medium":["https:\/\/i0.wp.com\/landioustravel.com\/wp-content\/uploads\/2022\/05\/Egyptian-Pyramids-e1652448963518.jpg?resize=800%2C675&ssl=1",800,675,true],"newspack-article-block-landscape-intermediate":["https:\/\/i0.wp.com\/landioustravel.com\/wp-content\/uploads\/2022\/05\/Egyptian-Pyramids-e1652448963518.jpg?resize=600%2C450&ssl=1",600,450,true],"newspack-article-block-portrait-intermediate":["https:\/\/i0.wp.com\/landioustravel.com\/wp-content\/uploads\/2022\/05\/Egyptian-Pyramids-e1652448963518.jpg?resize=450%2C600&ssl=1",450,600,true],"newspack-article-block-square-intermediate":["https:\/\/i0.wp.com\/landioustravel.com\/wp-content\/uploads\/2022\/05\/Egyptian-Pyramids-e1652448963518.jpg?resize=600%2C600&ssl=1",600,600,true],"newspack-article-block-landscape-small":["https:\/\/i0.wp.com\/landioustravel.com\/wp-content\/uploads\/2022\/05\/Egyptian-Pyramids-e1652448963518.jpg?resize=400%2C300&ssl=1",400,300,true],"newspack-article-block-portrait-small":["https:\/\/i0.wp.com\/landioustravel.com\/wp-content\/uploads\/2022\/05\/Egyptian-Pyramids-e1652448963518.jpg?resize=300%2C400&ssl=1",300,400,true],"newspack-article-block-square-small":["https:\/\/i0.wp.com\/landioustravel.com\/wp-content\/uploads\/2022\/05\/Egyptian-Pyramids-e1652448963518.jpg?resize=400%2C400&ssl=1",400,400,true],"newspack-article-block-landscape-tiny":["https:\/\/i0.wp.com\/landioustravel.com\/wp-content\/uploads\/2022\/05\/Egyptian-Pyramids-e1652448963518.jpg?resize=200%2C150&ssl=1",200,150,true],"newspack-article-block-portrait-tiny":["https:\/\/i0.wp.com\/landioustravel.com\/wp-content\/uploads\/2022\/05\/Egyptian-Pyramids-e1652448963518.jpg?resize=150%2C200&ssl=1",150,200,true],"newspack-article-block-square-tiny":["https:\/\/i0.wp.com\/landioustravel.com\/wp-content\/uploads\/2022\/05\/Egyptian-Pyramids-e1652448963518.jpg?resize=200%2C200&ssl=1",200,200,true],"newspack-article-block-uncropped":["https:\/\/i0.wp.com\/landioustravel.com\/wp-content\/uploads\/2022\/05\/Egyptian-Pyramids-e1652448963518.jpg?fit=1200%2C675&ssl=1",1200,675,true],"woocommerce_thumbnail":["https:\/\/i0.wp.com\/landioustravel.com\/wp-content\/uploads\/2022\/05\/Egyptian-Pyramids-e1652448963518.jpg?resize=324%2C324&ssl=1",324,324,true],"woocommerce_single":["https:\/\/i0.wp.com\/landioustravel.com\/wp-content\/uploads\/2022\/05\/Egyptian-Pyramids-e1652448963518.jpg?fit=416%2C234&ssl=1",416,234,true],"woocommerce_gallery_thumbnail":["https:\/\/i0.wp.com\/landioustravel.com\/wp-content\/uploads\/2022\/05\/Egyptian-Pyramids-e1652448963518.jpg?resize=100%2C100&ssl=1",100,100,true]},"uagb_author_info":{"display_name":"Mofreh Landious","author_link":"https:\/\/landioustravel.com\/fr\/author\/"},"uagb_comment_info":6,"uagb_excerpt":"Si vous cherchez \u00e0 explorer Le Caire et Gizeh en une seule journ\u00e9e depuis Charm el-Cheikh, nous avons ce qu'il vous faut. Vous aurez la chance de voir les trois incroyables pyramides de Gizeh et le Grand Sphinx, suivi d'un d\u00e9licieux d\u00e9jeuner. Apr\u00e8s le d\u00e9jeuner, vous visiterez le mus\u00e9e \u00e9gyptien, qui abrite une incroyable collection&hellip;","jetpack_sharing_enabled":true,"jetpack_likes_enabled":true,"amp_enabled":true,"_links":{"self":[{"href":"https:\/\/landioustravel.com\/fr\/wp-json\/wp\/v2\/product\/1136","targetHints":{"allow":["GET"]}}],"collection":[{"href":"https:\/\/landioustravel.com\/fr\/wp-json\/wp\/v2\/product"}],"about":[{"href":"https:\/\/landioustravel.com\/fr\/wp-json\/wp\/v2\/types\/product"}],"replies":[{"embeddable":true,"href":"https:\/\/landioustravel.com\/fr\/wp-json\/wp\/v2\/comments?post=1136"}],"wp:featuredmedia":[{"embeddable":true,"href":"https:\/\/landioustravel.com\/fr\/wp-json\/wp\/v2\/media\/99443"}],"wp:attachment":[{"href":"https:\/\/landioustravel.com\/fr\/wp-json\/wp\/v2\/media?parent=1136"}],"wp:term":[{"taxonomy":"product_brand","embeddable":true,"href":"https:\/\/landioustravel.com\/fr\/wp-json\/wp\/v2\/product_brand?post=1136"},{"taxonomy":"product_cat","embeddable":true,"href":"https:\/\/landioustravel.com\/fr\/wp-json\/wp\/v2\/product_cat?post=1136"},{"taxonomy":"product_tag","embeddable":true,"href":"https:\/\/landioustravel.com\/fr\/wp-json\/wp\/v2\/product_tag?post=1136"}],"curies":[{"name":"wp","href":"https:\/\/api.w.org\/{rel}","templated":true}]}}