{"id":1139,"date":"2018-11-24T23:26:03","date_gmt":"2019-01-12T22:13:44","guid":{"rendered":"https:\/\/landioustravel.com\/?post_type=product&#038;p=1139"},"modified":"2026-04-21T18:41:15","modified_gmt":"2026-04-21T16:41:15","slug":"excursion-mega-safari-hurghada","status":"publish","type":"product","link":"https:\/\/landioustravel.com\/fr\/shop\/excursion-mega-safari-hurghada\/","title":{"rendered":"Excursion m\u00e9ga-safari \u00e0 Hurghada"},"content":{"rendered":"<p>L&#8217;excursion la plus active sur le d\u00e9sert Safari \u00e0 <a href=\"https:\/\/landioustravel.com\/fr\/ville-hurghada\/\">Hurghada<\/a>! Nous recommandons le voyage car il permet aux touristes de faire du quad sur une distance de 50 km. En outre, le voyage vous donne l&#8217;occasion de voir le d\u00e9sert et de vous familiariser avec la culture b\u00e9douine. Il comprend une visite au village b\u00e9douin, vous obtenez plus de divertissements.<\/p>\n<h2>Les points forts du programme d&#8217;excursions pour Mega-Safari<\/h2>\n<ul>\n<li>Rouler en quad sur 50 km \u00e0 travers le d\u00e9sert<\/li>\n<li>Ensuite, balade \u00e0 dos de chameau et de buggy<\/li>\n<li>Ensuite, regarder le terrarium<\/li>\n<li>Et visiter le village b\u00e9douin<\/li>\n<li>Pourtant, vous aurez le temps pour le d\u00eener et les danses orientales<\/li>\n<\/ul>\n<h3>Le programme d&#8217;excursions Mega-safari d&#8217;Hurghada<\/h3>\n<ul>\n<li>Nous venons vous chercher \u00e0 l&#8217;h\u00f4tel vers 13h00.<\/li>\n<li>Apr\u00e8s avoir pris tous les arrivants, notre minibus \/ Jeep se dirige vers le d\u00e9sert, o\u00f9 se trouve une base de quad. Le trajet vers la base prend environ 25 minutes<\/li>\n<li>Tout d\u2019abord, vous devrez vous pr\u00e9parer \u00e0 porter des lunettes de soleil, \u00e0 mettre une \u00e9charpe sur la t\u00eate et \u00e0 mettre un casque.<\/li>\n<li>Deuxi\u00e8mement, il y a un enseignement et une formation en quad pour un peu de temps<\/li>\n<li>Ensuite, vous conduisez 25 km \u00e0 travers le d\u00e9sert jusqu&#8217;au village b\u00e9douin<\/li>\n<li>D\u00e8s que vous arrivez dans le village b\u00e9douin, vous pouvez monter \u00e0 dos de chameau. En outre, vous pouvez prendre des photos avec les b\u00e9douins<\/li>\n<li>Ensuite, vous montez en buggy pendant environ 10 minutes<\/li>\n<li>Apr\u00e8s cela, vous visitez le terrarium<\/li>\n<li>De plus, le guide vous accompagne au village b\u00e9douin. Il montre comment les b\u00e9douins pr\u00e9parent le pain et s&#8217;habillent<\/li>\n<li>Dans la tente b\u00e9douine, vous devrez d\u00eener. Pourtant, vous regardez les danses orientales et les \u00e9toiles \u00e0 travers un t\u00e9lescope<\/li>\n<li>Enfin, vous \u00eates pr\u00eat \u00e0 faire 25 km pour revenir \u00e0 la base.<\/li>\n<\/ul>\n<h4>Ce qui est inclus dans le prix du voyage<\/h4>\n<ul>\n<li>Le d\u00e9jeuner<\/li>\n<li>Et, transfert dans le d\u00e9sert et retour \u00e0 l&#8217;h\u00f4tel<\/li>\n<\/ul>\n<h5>Ce qui n&#8217;est pas inclus dans le prix du voyage<\/h5>\n<ul>\n<li>DVD vid\u00e9o<\/li>\n<li>Et, photo CD<\/li>\n<\/ul>\n<h6>QUE FAIRE AVEC VOUS POUR LE VOYAGE<\/h6>\n<ul>\n<li>\u00c9charpe<\/li>\n<li>Et des lunettes de soleil<\/li>\n<\/ul>\n","protected":false},"excerpt":{"rendered":"<p>Si vous recherchez une aventure palpitante, le d\u00e9sert d&#8217;Hurghada est le terrain de jeu id\u00e9al pour les v\u00e9hicules tout-terrain. Vous aurez beaucoup d&#8217;espace pour acc\u00e9l\u00e9rer et soulever du sable. La meilleure partie? Vous n&#8217;aurez pas \u00e0 vous soucier d&#8217;organiser quoi que ce soit. Plongez dans la culture b\u00e9douine tout en profitant du terrain lors de cette escapade en VTT. Apr\u00e8s avoir re\u00e7u des instructions, foncez sur le sable jusqu&#8217;\u00e0 un village b\u00e9douin o\u00f9 vous pourrez discuter avec les sympathiques habitants, monter \u00e0 dos de chameau, regarder le coucher du soleil et d\u00eener. Avant de vous en rendre compte, vous reviendrez \u00e0 la base sur votre propre VTT. Cette excursion au d\u00e9part d&#8217;Hurghada est le moyen le plus simple d&#8217;essayer la conduite de VTT, car l&#8217;\u00e9quipement et les conseils sont inclus. Profitez de la commodit\u00e9 du transport aller-retour et de la prise en charge et du retour \u00e0 l&#8217;h\u00f4tel.<\/p>\n<p>Dans l&#8217;apr\u00e8s-midi, nous viendrons vous chercher \u00e0 votre h\u00f4tel \u00e0 Hurghada et vous emm\u00e8nerons dans un v\u00e9hicule climatis\u00e9 dans le d\u00e9sert sauvage \u00e0 proximit\u00e9 du complexe. \u00c0 l&#8217;approche de la station de quad, vous serez fascin\u00e9 par les montagnes et les plaines arides. Avant de commencer votre excitante balade, \u00e9coutez un briefing sur la s\u00e9curit\u00e9 et apprenez les r\u00e8gles de la conduite hors route avec un instructeur expert. Une fois que vous \u00eates pr\u00eat, montez sur votre robuste v\u00e9lo \u00e0 4 roues, mettez votre casque fourni et obtenez des instructions sur le fonctionnement des commandes. Au fur et \u00e0 mesure que vous suivez votre guide en convoi \u00e0 travers le sable, votre confiance augmentera et vous augmenterez votre vitesse en cours de route. Soulevez la poussi\u00e8re et profitez du paysage pendant que vous courez sur les sables du d\u00e9sert et les terrains escarp\u00e9s en direction d&#8217;un village b\u00e9douin. Apr\u00e8s avoir parcouru environ 28 miles (45,06 km), vous arriverez \u00e0 la colonie. L\u00e0-bas, vous pourrez partager un th\u00e9 rafra\u00eechissant, fumer une chicha, monter \u00e0 dos de chameau et d\u00eener avec les sympathiques habitants. Enfin, montez sur l&#8217;une des dunes vallonn\u00e9es pour prendre des photos du coucher de soleil sur le d\u00e9sert avant de retourner \u00e0 votre quad et de retourner \u00e0 la base. Nous vous d\u00e9poserons \u00e0 votre h\u00f4tel pour conclure votre exp\u00e9rience.<\/p>\n<p>Si vous recherchez un vaste safari dans le Sahara \u00e0 Hurghada, Hurghada Mega-Safari est votre meilleur pari. Vous conduirez principalement des quads et des buggies des dunes, mais il existe d&#8217;autres plans de divertissement, tels que la balade \u00e0 dos de chameau et l&#8217;observation du terrarium. Ce safari vous donne \u00e9galement l&#8217;occasion de rencontrer les B\u00e9douins et de d\u00e9couvrir leur culture. Vous profiterez d&#8217;un d\u00eener et de danses folkloriques dans une tente b\u00e9douine, ce qui en fera une exp\u00e9rience compl\u00e8te.<\/p>\n","protected":false},"featured_media":1192,"comment_status":"open","ping_status":"closed","template":"","meta":{"_coblocks_attr":"","_coblocks_dimensions":"","_coblocks_responsive_height":"","_coblocks_accordion_ie_support":"","_uag_custom_page_level_css":"","jetpack_publicize_message":"","jetpack_publicize_feature_enabled":true,"jetpack_social_post_already_shared":true,"jetpack_social_options":{"image_generator_settings":{"template":"highway","default_image_id":0,"font":"","enabled":false},"version":2},"_wpas_customize_per_network":false},"product_brand":[],"product_cat":[1557,24924,24924,1564],"product_tag":[1578,1580,2179,1583,1574],"class_list":{"0":"post-1139","1":"product","2":"type-product","3":"status-publish","4":"has-post-thumbnail","6":"product_cat-excursions-a-hurghada","7":"product_cat-excursions-economiques-hurghada","9":"product_cat-safari-hurghada","10":"product_tag-excursion-fr","11":"product_tag-hurghada-fr","12":"product_tag-quad-conduite","13":"product_tag-safari-fr","14":"product_tag-safari-dans-desert","16":"first","17":"instock","18":"sale","19":"purchasable","20":"product-type-variable"},"yoast_head":"<!-- This site is optimized with the Yoast SEO Premium plugin v26.9 (Yoast SEO v27.5) - https:\/\/yoast.com\/product\/yoast-seo-premium-wordpress\/ -->\n<title>Excursion m\u00e9ga-safari \u00e0 Hurghada<\/title>\n<meta name=\"description\" content=\"Excursion m\u00e9ga-safari \u00e0 Hurghada balade en quad, chameau et buggy, visite du terrarium et de l\u2019ancien b\u00e9douin. Le programme comprend le d\u00eener et la danse\" \/>\n<meta name=\"robots\" content=\"index, follow, max-snippet:-1, max-image-preview:large, max-video-preview:-1\" \/>\n<link rel=\"canonical\" href=\"https:\/\/landioustravel.com\/fr\/shop\/excursion-mega-safari-hurghada\/\" \/>\n<meta property=\"og:locale\" content=\"fr_FR\" \/>\n<meta property=\"og:type\" content=\"article\" \/>\n<meta property=\"og:title\" content=\"Excursion m\u00e9ga-safari \u00e0 Hurghada\" \/>\n<meta property=\"og:description\" content=\"Landious Travel\" \/>\n<meta property=\"og:url\" content=\"https:\/\/landioustravel.com\/fr\/shop\/excursion-mega-safari-hurghada\/\" \/>\n<meta property=\"og:site_name\" content=\"Landious Travel\" \/>\n<meta property=\"article:publisher\" content=\"https:\/\/web.facebook.com\/landiousEgypt\" \/>\n<meta property=\"article:modified_time\" content=\"2026-04-21T16:41:15+00:00\" \/>\n<meta property=\"og:image\" content=\"https:\/\/i0.wp.com\/landioustravel.com\/wp-content\/uploads\/2019\/01\/Excursion_m\u00e9ga-safari_\u00e0_Hurghada-e1552759117312.jpg?fit=1200%2C673&ssl=1\" \/>\n\t<meta property=\"og:image:width\" content=\"1200\" \/>\n\t<meta property=\"og:image:height\" content=\"673\" \/>\n\t<meta property=\"og:image:type\" content=\"image\/jpeg\" \/>\n<meta name=\"twitter:card\" content=\"summary_large_image\" \/>\n<meta name=\"twitter:site\" content=\"@LandiousTours\" \/>\n<meta name=\"twitter:label1\" content=\"Dur\u00e9e de lecture estim\u00e9e\" \/>\n\t<meta name=\"twitter:data1\" content=\"2 minutes\" \/>\n<script type=\"application\/ld+json\" class=\"yoast-schema-graph\">{\"@context\":\"https:\\\/\\\/schema.org\",\"@graph\":[{\"@type\":\"WebPage\",\"@id\":\"https:\\\/\\\/landioustravel.com\\\/fr\\\/shop\\\/excursion-mega-safari-hurghada\\\/\",\"url\":\"https:\\\/\\\/landioustravel.com\\\/fr\\\/shop\\\/excursion-mega-safari-hurghada\\\/\",\"name\":\"Excursion m\u00e9ga-safari \u00e0 Hurghada\",\"isPartOf\":{\"@id\":\"https:\\\/\\\/landioustravel.com\\\/fr\\\/#website\"},\"primaryImageOfPage\":{\"@id\":\"https:\\\/\\\/landioustravel.com\\\/fr\\\/shop\\\/excursion-mega-safari-hurghada\\\/#primaryimage\"},\"image\":{\"@id\":\"https:\\\/\\\/landioustravel.com\\\/fr\\\/shop\\\/excursion-mega-safari-hurghada\\\/#primaryimage\"},\"thumbnailUrl\":\"https:\\\/\\\/i0.wp.com\\\/landioustravel.com\\\/wp-content\\\/uploads\\\/2019\\\/01\\\/Excursion_m%C3%A9ga-safari_%C3%A0_Hurghada-e1552759117312.jpg?fit=1200%2C673&ssl=1\",\"datePublished\":\"2019-01-12T22:13:44+00:00\",\"dateModified\":\"2026-04-21T16:41:15+00:00\",\"description\":\"Excursion m\u00e9ga-safari \u00e0 Hurghada balade en quad, chameau et buggy, visite du terrarium et de l\u2019ancien b\u00e9douin. Le programme comprend le d\u00eener et la danse\",\"breadcrumb\":{\"@id\":\"https:\\\/\\\/landioustravel.com\\\/fr\\\/shop\\\/excursion-mega-safari-hurghada\\\/#breadcrumb\"},\"inLanguage\":\"fr-FR\",\"potentialAction\":[{\"@type\":\"ReadAction\",\"target\":[\"https:\\\/\\\/landioustravel.com\\\/fr\\\/shop\\\/excursion-mega-safari-hurghada\\\/\"]}]},{\"@type\":\"ImageObject\",\"inLanguage\":\"fr-FR\",\"@id\":\"https:\\\/\\\/landioustravel.com\\\/fr\\\/shop\\\/excursion-mega-safari-hurghada\\\/#primaryimage\",\"url\":\"https:\\\/\\\/i0.wp.com\\\/landioustravel.com\\\/wp-content\\\/uploads\\\/2019\\\/01\\\/Excursion_m%C3%A9ga-safari_%C3%A0_Hurghada-e1552759117312.jpg?fit=1200%2C673&ssl=1\",\"contentUrl\":\"https:\\\/\\\/i0.wp.com\\\/landioustravel.com\\\/wp-content\\\/uploads\\\/2019\\\/01\\\/Excursion_m%C3%A9ga-safari_%C3%A0_Hurghada-e1552759117312.jpg?fit=1200%2C673&ssl=1\",\"width\":1200,\"height\":673,\"caption\":\"Excursion m\u00e9ga-safari \u00e0 Hurghada\"},{\"@type\":\"BreadcrumbList\",\"@id\":\"https:\\\/\\\/landioustravel.com\\\/fr\\\/shop\\\/excursion-mega-safari-hurghada\\\/#breadcrumb\",\"itemListElement\":[{\"@type\":\"ListItem\",\"position\":1,\"name\":\"Home\",\"item\":\"https:\\\/\\\/landioustravel.com\\\/fr\\\/\"},{\"@type\":\"ListItem\",\"position\":2,\"name\":\"Prestations &amp; Visites\",\"item\":\"https:\\\/\\\/landioustravel.com\\\/fr\\\/\"},{\"@type\":\"ListItem\",\"position\":3,\"name\":\"Excursion m\u00e9ga-safari \u00e0 Hurghada\"}]},{\"@type\":\"WebSite\",\"@id\":\"https:\\\/\\\/landioustravel.com\\\/fr\\\/#website\",\"url\":\"https:\\\/\\\/landioustravel.com\\\/fr\\\/\",\"name\":\"Landious Travel\",\"description\":\"Excursions, trips and cruises in Egypt\",\"publisher\":{\"@id\":\"https:\\\/\\\/landioustravel.com\\\/fr\\\/#organization\"},\"potentialAction\":[{\"@type\":\"SearchAction\",\"target\":{\"@type\":\"EntryPoint\",\"urlTemplate\":\"https:\\\/\\\/landioustravel.com\\\/fr\\\/?s={search_term_string}\"},\"query-input\":{\"@type\":\"PropertyValueSpecification\",\"valueRequired\":true,\"valueName\":\"search_term_string\"}}],\"inLanguage\":\"fr-FR\"},{\"@type\":[\"Organization\",\"Place\"],\"@id\":\"https:\\\/\\\/landioustravel.com\\\/fr\\\/#organization\",\"name\":\"Landious Travel\",\"alternateName\":\"Landious Travel\",\"url\":\"https:\\\/\\\/landioustravel.com\\\/fr\\\/\",\"logo\":{\"@id\":\"https:\\\/\\\/landioustravel.com\\\/fr\\\/shop\\\/excursion-mega-safari-hurghada\\\/#local-main-organization-logo\"},\"image\":{\"@id\":\"https:\\\/\\\/landioustravel.com\\\/fr\\\/shop\\\/excursion-mega-safari-hurghada\\\/#local-main-organization-logo\"},\"sameAs\":[\"https:\\\/\\\/web.facebook.com\\\/landiousEgypt\",\"https:\\\/\\\/x.com\\\/LandiousTours\",\"https:\\\/\\\/mastodon.social\\\/@landious\"],\"legalName\":\"Landious Travel\",\"telephone\":[],\"openingHoursSpecification\":[{\"@type\":\"OpeningHoursSpecification\",\"dayOfWeek\":[\"Monday\",\"Tuesday\",\"Wednesday\",\"Thursday\",\"Friday\",\"Saturday\",\"Sunday\"],\"opens\":\"09:00\",\"closes\":\"17:00\"}]},{\"@type\":\"ImageObject\",\"inLanguage\":\"fr-FR\",\"@id\":\"https:\\\/\\\/landioustravel.com\\\/fr\\\/shop\\\/excursion-mega-safari-hurghada\\\/#local-main-organization-logo\",\"url\":\"https:\\\/\\\/i0.wp.com\\\/landioustravel.com\\\/wp-content\\\/uploads\\\/2021\\\/06\\\/Landious-T.png?fit=500%2C500&ssl=1\",\"contentUrl\":\"https:\\\/\\\/i0.wp.com\\\/landioustravel.com\\\/wp-content\\\/uploads\\\/2021\\\/06\\\/Landious-T.png?fit=500%2C500&ssl=1\",\"width\":500,\"height\":500,\"caption\":\"Landious Travel\"}]}<\/script>\n<!-- \/ Yoast SEO Premium plugin. -->","yoast_head_json":{"title":"Excursion m\u00e9ga-safari \u00e0 Hurghada","description":"Excursion m\u00e9ga-safari \u00e0 Hurghada balade en quad, chameau et buggy, visite du terrarium et de l\u2019ancien b\u00e9douin. Le programme comprend le d\u00eener et la danse","robots":{"index":"index","follow":"follow","max-snippet":"max-snippet:-1","max-image-preview":"max-image-preview:large","max-video-preview":"max-video-preview:-1"},"canonical":"https:\/\/landioustravel.com\/fr\/shop\/excursion-mega-safari-hurghada\/","og_locale":"fr_FR","og_type":"article","og_title":"Excursion m\u00e9ga-safari \u00e0 Hurghada","og_description":"Landious Travel","og_url":"https:\/\/landioustravel.com\/fr\/shop\/excursion-mega-safari-hurghada\/","og_site_name":"Landious Travel","article_publisher":"https:\/\/web.facebook.com\/landiousEgypt","article_modified_time":"2026-04-21T16:41:15+00:00","og_image":[{"width":1200,"height":673,"url":"https:\/\/i0.wp.com\/landioustravel.com\/wp-content\/uploads\/2019\/01\/Excursion_m\u00e9ga-safari_\u00e0_Hurghada-e1552759117312.jpg?fit=1200%2C673&ssl=1","type":"image\/jpeg"}],"twitter_card":"summary_large_image","twitter_site":"@LandiousTours","twitter_misc":{"Dur\u00e9e de lecture estim\u00e9e":"2 minutes"},"schema":{"@context":"https:\/\/schema.org","@graph":[{"@type":"WebPage","@id":"https:\/\/landioustravel.com\/fr\/shop\/excursion-mega-safari-hurghada\/","url":"https:\/\/landioustravel.com\/fr\/shop\/excursion-mega-safari-hurghada\/","name":"Excursion m\u00e9ga-safari \u00e0 Hurghada","isPartOf":{"@id":"https:\/\/landioustravel.com\/fr\/#website"},"primaryImageOfPage":{"@id":"https:\/\/landioustravel.com\/fr\/shop\/excursion-mega-safari-hurghada\/#primaryimage"},"image":{"@id":"https:\/\/landioustravel.com\/fr\/shop\/excursion-mega-safari-hurghada\/#primaryimage"},"thumbnailUrl":"https:\/\/i0.wp.com\/landioustravel.com\/wp-content\/uploads\/2019\/01\/Excursion_m%C3%A9ga-safari_%C3%A0_Hurghada-e1552759117312.jpg?fit=1200%2C673&ssl=1","datePublished":"2019-01-12T22:13:44+00:00","dateModified":"2026-04-21T16:41:15+00:00","description":"Excursion m\u00e9ga-safari \u00e0 Hurghada balade en quad, chameau et buggy, visite du terrarium et de l\u2019ancien b\u00e9douin. Le programme comprend le d\u00eener et la danse","breadcrumb":{"@id":"https:\/\/landioustravel.com\/fr\/shop\/excursion-mega-safari-hurghada\/#breadcrumb"},"inLanguage":"fr-FR","potentialAction":[{"@type":"ReadAction","target":["https:\/\/landioustravel.com\/fr\/shop\/excursion-mega-safari-hurghada\/"]}]},{"@type":"ImageObject","inLanguage":"fr-FR","@id":"https:\/\/landioustravel.com\/fr\/shop\/excursion-mega-safari-hurghada\/#primaryimage","url":"https:\/\/i0.wp.com\/landioustravel.com\/wp-content\/uploads\/2019\/01\/Excursion_m%C3%A9ga-safari_%C3%A0_Hurghada-e1552759117312.jpg?fit=1200%2C673&ssl=1","contentUrl":"https:\/\/i0.wp.com\/landioustravel.com\/wp-content\/uploads\/2019\/01\/Excursion_m%C3%A9ga-safari_%C3%A0_Hurghada-e1552759117312.jpg?fit=1200%2C673&ssl=1","width":1200,"height":673,"caption":"Excursion m\u00e9ga-safari \u00e0 Hurghada"},{"@type":"BreadcrumbList","@id":"https:\/\/landioustravel.com\/fr\/shop\/excursion-mega-safari-hurghada\/#breadcrumb","itemListElement":[{"@type":"ListItem","position":1,"name":"Home","item":"https:\/\/landioustravel.com\/fr\/"},{"@type":"ListItem","position":2,"name":"Prestations &amp; Visites","item":"https:\/\/landioustravel.com\/fr\/"},{"@type":"ListItem","position":3,"name":"Excursion m\u00e9ga-safari \u00e0 Hurghada"}]},{"@type":"WebSite","@id":"https:\/\/landioustravel.com\/fr\/#website","url":"https:\/\/landioustravel.com\/fr\/","name":"Landious Travel","description":"Excursions, trips and cruises in Egypt","publisher":{"@id":"https:\/\/landioustravel.com\/fr\/#organization"},"potentialAction":[{"@type":"SearchAction","target":{"@type":"EntryPoint","urlTemplate":"https:\/\/landioustravel.com\/fr\/?s={search_term_string}"},"query-input":{"@type":"PropertyValueSpecification","valueRequired":true,"valueName":"search_term_string"}}],"inLanguage":"fr-FR"},{"@type":["Organization","Place"],"@id":"https:\/\/landioustravel.com\/fr\/#organization","name":"Landious Travel","alternateName":"Landious Travel","url":"https:\/\/landioustravel.com\/fr\/","logo":{"@id":"https:\/\/landioustravel.com\/fr\/shop\/excursion-mega-safari-hurghada\/#local-main-organization-logo"},"image":{"@id":"https:\/\/landioustravel.com\/fr\/shop\/excursion-mega-safari-hurghada\/#local-main-organization-logo"},"sameAs":["https:\/\/web.facebook.com\/landiousEgypt","https:\/\/x.com\/LandiousTours","https:\/\/mastodon.social\/@landious"],"legalName":"Landious Travel","telephone":[],"openingHoursSpecification":[{"@type":"OpeningHoursSpecification","dayOfWeek":["Monday","Tuesday","Wednesday","Thursday","Friday","Saturday","Sunday"],"opens":"09:00","closes":"17:00"}]},{"@type":"ImageObject","inLanguage":"fr-FR","@id":"https:\/\/landioustravel.com\/fr\/shop\/excursion-mega-safari-hurghada\/#local-main-organization-logo","url":"https:\/\/i0.wp.com\/landioustravel.com\/wp-content\/uploads\/2021\/06\/Landious-T.png?fit=500%2C500&ssl=1","contentUrl":"https:\/\/i0.wp.com\/landioustravel.com\/wp-content\/uploads\/2021\/06\/Landious-T.png?fit=500%2C500&ssl=1","width":500,"height":500,"caption":"Landious Travel"}]}},"jetpack_publicize_connections":[],"uagb_featured_image_src":{"full":["https:\/\/i0.wp.com\/landioustravel.com\/wp-content\/uploads\/2019\/01\/Excursion_m%C3%A9ga-safari_%C3%A0_Hurghada-e1552759117312.jpg?fit=1200%2C673&ssl=1",1200,673,false],"thumbnail":["https:\/\/i0.wp.com\/landioustravel.com\/wp-content\/uploads\/2019\/01\/Excursion_m%C3%A9ga-safari_%C3%A0_Hurghada-e1552759117312.jpg?resize=150%2C150&ssl=1",150,150,true],"medium":["https:\/\/i0.wp.com\/landioustravel.com\/wp-content\/uploads\/2019\/01\/Excursion_m%C3%A9ga-safari_%C3%A0_Hurghada-e1552759117312.jpg?fit=300%2C168&ssl=1",300,168,true],"medium_large":["https:\/\/i0.wp.com\/landioustravel.com\/wp-content\/uploads\/2019\/01\/Excursion_m%C3%A9ga-safari_%C3%A0_Hurghada-e1552759117312.jpg?fit=768%2C431&ssl=1",768,431,true],"large":["https:\/\/i0.wp.com\/landioustravel.com\/wp-content\/uploads\/2019\/01\/Excursion_m%C3%A9ga-safari_%C3%A0_Hurghada-e1552759117312.jpg?fit=980%2C549&ssl=1",980,549,true],"1536x1536":["https:\/\/i0.wp.com\/landioustravel.com\/wp-content\/uploads\/2019\/01\/Excursion_m%C3%A9ga-safari_%C3%A0_Hurghada-e1552759117312.jpg?fit=1200%2C673&ssl=1",1200,673,true],"2048x2048":["https:\/\/i0.wp.com\/landioustravel.com\/wp-content\/uploads\/2019\/01\/Excursion_m%C3%A9ga-safari_%C3%A0_Hurghada-e1552759117312.jpg?fit=1200%2C673&ssl=1",1200,673,true],"newspack-article-block-landscape-large":["https:\/\/i0.wp.com\/landioustravel.com\/wp-content\/uploads\/2019\/01\/Excursion_m%C3%A9ga-safari_%C3%A0_Hurghada-e1552759117312.jpg?resize=1200%2C673&ssl=1",1200,673,true],"newspack-article-block-portrait-large":["https:\/\/i0.wp.com\/landioustravel.com\/wp-content\/uploads\/2019\/01\/Excursion_m%C3%A9ga-safari_%C3%A0_Hurghada-e1552759117312.jpg?resize=900%2C673&ssl=1",900,673,true],"newspack-article-block-square-large":["https:\/\/i0.wp.com\/landioustravel.com\/wp-content\/uploads\/2019\/01\/Excursion_m%C3%A9ga-safari_%C3%A0_Hurghada-e1552759117312.jpg?resize=1200%2C673&ssl=1",1200,673,true],"newspack-article-block-landscape-medium":["https:\/\/i0.wp.com\/landioustravel.com\/wp-content\/uploads\/2019\/01\/Excursion_m%C3%A9ga-safari_%C3%A0_Hurghada-e1552759117312.jpg?resize=800%2C600&ssl=1",800,600,true],"newspack-article-block-portrait-medium":["https:\/\/i0.wp.com\/landioustravel.com\/wp-content\/uploads\/2019\/01\/Excursion_m%C3%A9ga-safari_%C3%A0_Hurghada-e1552759117312.jpg?resize=600%2C673&ssl=1",600,673,true],"newspack-article-block-square-medium":["https:\/\/i0.wp.com\/landioustravel.com\/wp-content\/uploads\/2019\/01\/Excursion_m%C3%A9ga-safari_%C3%A0_Hurghada-e1552759117312.jpg?resize=800%2C673&ssl=1",800,673,true],"newspack-article-block-landscape-intermediate":["https:\/\/i0.wp.com\/landioustravel.com\/wp-content\/uploads\/2019\/01\/Excursion_m%C3%A9ga-safari_%C3%A0_Hurghada-e1552759117312.jpg?resize=600%2C450&ssl=1",600,450,true],"newspack-article-block-portrait-intermediate":["https:\/\/i0.wp.com\/landioustravel.com\/wp-content\/uploads\/2019\/01\/Excursion_m%C3%A9ga-safari_%C3%A0_Hurghada-e1552759117312.jpg?resize=450%2C600&ssl=1",450,600,true],"newspack-article-block-square-intermediate":["https:\/\/i0.wp.com\/landioustravel.com\/wp-content\/uploads\/2019\/01\/Excursion_m%C3%A9ga-safari_%C3%A0_Hurghada-e1552759117312.jpg?resize=600%2C600&ssl=1",600,600,true],"newspack-article-block-landscape-small":["https:\/\/i0.wp.com\/landioustravel.com\/wp-content\/uploads\/2019\/01\/Excursion_m%C3%A9ga-safari_%C3%A0_Hurghada-e1552759117312.jpg?resize=400%2C300&ssl=1",400,300,true],"newspack-article-block-portrait-small":["https:\/\/i0.wp.com\/landioustravel.com\/wp-content\/uploads\/2019\/01\/Excursion_m%C3%A9ga-safari_%C3%A0_Hurghada-e1552759117312.jpg?resize=300%2C400&ssl=1",300,400,true],"newspack-article-block-square-small":["https:\/\/i0.wp.com\/landioustravel.com\/wp-content\/uploads\/2019\/01\/Excursion_m%C3%A9ga-safari_%C3%A0_Hurghada-e1552759117312.jpg?resize=400%2C400&ssl=1",400,400,true],"newspack-article-block-landscape-tiny":["https:\/\/i0.wp.com\/landioustravel.com\/wp-content\/uploads\/2019\/01\/Excursion_m%C3%A9ga-safari_%C3%A0_Hurghada-e1552759117312.jpg?resize=200%2C150&ssl=1",200,150,true],"newspack-article-block-portrait-tiny":["https:\/\/i0.wp.com\/landioustravel.com\/wp-content\/uploads\/2019\/01\/Excursion_m%C3%A9ga-safari_%C3%A0_Hurghada-e1552759117312.jpg?resize=150%2C200&ssl=1",150,200,true],"newspack-article-block-square-tiny":["https:\/\/i0.wp.com\/landioustravel.com\/wp-content\/uploads\/2019\/01\/Excursion_m%C3%A9ga-safari_%C3%A0_Hurghada-e1552759117312.jpg?resize=200%2C200&ssl=1",200,200,true],"newspack-article-block-uncropped":["https:\/\/i0.wp.com\/landioustravel.com\/wp-content\/uploads\/2019\/01\/Excursion_m%C3%A9ga-safari_%C3%A0_Hurghada-e1552759117312.jpg?fit=1200%2C673&ssl=1",1200,673,true],"woocommerce_thumbnail":["https:\/\/i0.wp.com\/landioustravel.com\/wp-content\/uploads\/2019\/01\/Excursion_m%C3%A9ga-safari_%C3%A0_Hurghada-e1552759117312.jpg?resize=324%2C324&ssl=1",324,324,true],"woocommerce_single":["https:\/\/i0.wp.com\/landioustravel.com\/wp-content\/uploads\/2019\/01\/Excursion_m%C3%A9ga-safari_%C3%A0_Hurghada-e1552759117312.jpg?fit=416%2C233&ssl=1",416,233,true],"woocommerce_gallery_thumbnail":["https:\/\/i0.wp.com\/landioustravel.com\/wp-content\/uploads\/2019\/01\/Excursion_m%C3%A9ga-safari_%C3%A0_Hurghada-e1552759117312.jpg?resize=100%2C100&ssl=1",100,100,true]},"uagb_author_info":{"display_name":"Mofreh Landious","author_link":"https:\/\/landioustravel.com\/fr\/author\/"},"uagb_comment_info":4,"uagb_excerpt":"Si vous recherchez une aventure palpitante, le d\u00e9sert d'Hurghada est le terrain de jeu id\u00e9al pour les v\u00e9hicules tout-terrain. Vous aurez beaucoup d'espace pour acc\u00e9l\u00e9rer et soulever du sable. La meilleure partie? Vous n'aurez pas \u00e0 vous soucier d'organiser quoi que ce soit. Plongez dans la culture b\u00e9douine tout en profitant du terrain lors de&hellip;","jetpack_sharing_enabled":true,"jetpack_likes_enabled":true,"amp_enabled":true,"_links":{"self":[{"href":"https:\/\/landioustravel.com\/fr\/wp-json\/wp\/v2\/product\/1139","targetHints":{"allow":["GET"]}}],"collection":[{"href":"https:\/\/landioustravel.com\/fr\/wp-json\/wp\/v2\/product"}],"about":[{"href":"https:\/\/landioustravel.com\/fr\/wp-json\/wp\/v2\/types\/product"}],"replies":[{"embeddable":true,"href":"https:\/\/landioustravel.com\/fr\/wp-json\/wp\/v2\/comments?post=1139"}],"wp:featuredmedia":[{"embeddable":true,"href":"https:\/\/landioustravel.com\/fr\/wp-json\/wp\/v2\/media\/1192"}],"wp:attachment":[{"href":"https:\/\/landioustravel.com\/fr\/wp-json\/wp\/v2\/media?parent=1139"}],"wp:term":[{"taxonomy":"product_brand","embeddable":true,"href":"https:\/\/landioustravel.com\/fr\/wp-json\/wp\/v2\/product_brand?post=1139"},{"taxonomy":"product_cat","embeddable":true,"href":"https:\/\/landioustravel.com\/fr\/wp-json\/wp\/v2\/product_cat?post=1139"},{"taxonomy":"product_tag","embeddable":true,"href":"https:\/\/landioustravel.com\/fr\/wp-json\/wp\/v2\/product_tag?post=1139"}],"curies":[{"name":"wp","href":"https:\/\/api.w.org\/{rel}","templated":true}]}}