{"id":152550,"date":"2023-08-02T11:58:36","date_gmt":"2023-08-02T09:58:36","guid":{"rendered":"https:\/\/landioustravel.com\/?post_type=product&#038;p=152550"},"modified":"2025-10-30T07:50:38","modified_gmt":"2025-10-30T04:50:38","slug":"circuit-3-jours-au-caire-alexandrie","status":"publish","type":"product","link":"https:\/\/landioustravel.com\/fr\/shop\/circuit-3-jours-au-caire-alexandrie\/","title":{"rendered":"Circuit de 3 jours au Caire et \u00e0 Alexandrie"},"content":{"rendered":"<p><span dir=\"auto\">Notre forfait \u00ab\u00a03 jours, 2 nuits en \u00c9gypte\u00a0\u00bb est con\u00e7u pour vous offrir une exp\u00e9rience inoubliable des principaux sites touristiques\u00a0<\/span><span dir=\"auto\">du Caire<\/span><span dir=\"auto\">\u00a0et d&#8217;Alexandrie. Vous profiterez de deux nuits dans un h\u00f4tel confortable et de deux jours de visites guid\u00e9es au Caire et \u00e0 Alexandrie.<\/span><\/p>\n<p><span dir=\"auto\">Ce forfait est enti\u00e8rement personnalisable selon vos besoins et vos pr\u00e9f\u00e9rences. De plus, nous assurons tous vos transferts depuis et vers l&#8217;a\u00e9roport international du Caire, pour un voyage sans souci. C&#8217;est la meilleure offre pour un circuit au Caire et \u00e0 Alexandrie, vous permettant de d\u00e9couvrir les incontournables de ces deux villes. Nous esp\u00e9rons vous offrir une exp\u00e9rience de voyage inoubliable.<\/span><\/p>\n<h2><span dir=\"auto\">Jour 1 \u2013 Visite du Caire<\/span><\/h2>\n<p><span dir=\"auto\">\u00c0 votre arriv\u00e9e \u00e0 l&#8217;a\u00e9roport du Caire, votre guide vous attendra avec un panneau Landious Travel. Votre excursion d&#8217;une journ\u00e9e d\u00e9butera par la visite des Grandes Pyramides, notamment celles de Kh\u00e9ops, Kh\u00e9phren et Myk\u00e9rinos. Vous explorerez ensuite le Temple de la Vall\u00e9e, o\u00f9 les pr\u00eatres ont momifi\u00e9 le corps du roi Kh\u00e9phren.<\/span><\/p>\n<p><span dir=\"auto\">Vous aurez \u00e9galement l&#8217;occasion de voir le Sphinx, gardien l\u00e9gendaire qui se dresse pr\u00e8s du complexe fun\u00e9raire, avec son corps de lion et la t\u00eate du roi Kh\u00e9phren.<\/span><\/p>\n<p><span dir=\"auto\">Le d\u00e9jeuner sera servi dans un restaurant local pendant l&#8217;excursion.<\/span><\/p>\n<p><span dir=\"auto\">Apr\u00e8s la visite des pyramides, vous vous rendrez au Mus\u00e9e \u00e9gyptien des antiquit\u00e9s, qui abrite la plus grande et la plus pr\u00e9cieuse collection d&#8217;art \u00e9gyptien au monde. La collection exceptionnelle du mus\u00e9e comprend plus de 250\u00a0000 artefacts authentiques datant de 5\u00a0000 ans, dont une exposition sp\u00e9ciale consacr\u00e9e \u00e0 Toutankhamon. Cette exposition pr\u00e9sente des tr\u00e9sors, de l&#8217;or et des bijoux enfouis dans son tombeau pendant plus de 3\u00a0500 ans avant leur d\u00e9couverte dans les ann\u00e9es 1920.<\/span><\/p>\n<p><span dir=\"auto\">Votre excursion se terminera par une visite du bazar Khan El Khalili, o\u00f9 vous pourrez d\u00e9couvrir de nombreuses boutiques r\u00e9put\u00e9es pour leurs articles en laiton, cuivre, parfums, cuir, argent, or, antiquit\u00e9s et bien plus encore. Vous serez ensuite ramen\u00e9 \u00e0 votre h\u00f4tel.<\/span><\/p>\n<h2><span dir=\"auto\">Jour 2 \u2013 Visite d&#8217;Alexandrie<\/span><\/h2>\n<p><span dir=\"auto\">Savourez un d\u00e9licieux petit-d\u00e9jeuner \u00e0 votre h\u00f4tel du Caire avant de partir pour une visite passionnante d&#8217;Alexandrie en compagnie de notre guide \u00e9gyptologue exp\u00e9riment\u00e9. Votre premier arr\u00eat sera la Biblioth\u00e8que d&#8217;Alexandrie, un centre de savoir renomm\u00e9 de l&#8217;Antiquit\u00e9, situ\u00e9 sur le site originel de l&#8217;ancien pharaon.<\/span><\/p>\n<p><span dir=\"auto\">Faites une pause d\u00e9jeuner dans un restaurant local avant de poursuivre votre visite par l&#8217;amphith\u00e9\u00e2tre romain, un monument remarquable de l&#8217;\u00e9poque gr\u00e9co-romaine. Explorez ensuite la colonne de Pomp\u00e9e, une imposante structure \u00e9rig\u00e9e en 292 apr\u00e8s J.-C., avant de terminer votre visite par l&#8217;ext\u00e9rieur de la citadelle du sultan Qaitbay, l&#8217;un des sites les plus c\u00e9l\u00e8bres d&#8217;Alexandrie.<\/span><\/p>\n<p><span dir=\"auto\">\u00c0 la fin de votre excursion d&#8217;une journ\u00e9e, nous vous ram\u00e8nerons au Caire, et vous pourrez vous d\u00e9tendre dans le confort de votre h\u00f4tel pour la nuit.<\/span><\/p>\n<h2><span dir=\"auto\">Jour 3 \u2013 D\u00e9part<\/span><\/h2>\n<p><span dir=\"auto\">Apr\u00e8s votre petit-d\u00e9jeuner \u00e0 l&#8217;h\u00f4tel, un de nos repr\u00e9sentants vous accompagnera \u00e0 l&#8217;a\u00e9roport et vous assistera pour les derni\u00e8res formalit\u00e9s de d\u00e9part.<\/span><\/p>\n<ul>\n<li><span dir=\"auto\">H\u00f4tel 5 \u00e9toiles au Caire pour deux nuits<\/span><\/li>\n<li><span dir=\"auto\">v\u00e9hicule priv\u00e9 climatis\u00e9<\/span><\/li>\n<li><span dir=\"auto\">Deux petits d\u00e9jeuners, deux d\u00e9jeuners<\/span><\/li>\n<li><span dir=\"auto\">Service d&#8217;accueil assur\u00e9 par nos repr\u00e9sentants dans les a\u00e9roports<\/span><\/li>\n<li><span dir=\"auto\">L&#8217;assistance de notre service des relations clients pendant votre s\u00e9jour<\/span><\/li>\n<li><span dir=\"auto\">Toutes les visites touristiques sont strictement priv\u00e9es.<\/span><\/li>\n<li><span dir=\"auto\">Guide priv\u00e9 anglophone<\/span><\/li>\n<li><span dir=\"auto\">Droits d&#8217;entr\u00e9e pour tous les sites indiqu\u00e9s dans l&#8217;itin\u00e9raire<\/span><\/li>\n<li><span dir=\"auto\">Repas tels qu&#8217;indiqu\u00e9s dans l&#8217;itin\u00e9raire ci-dessus<\/span><\/li>\n<li><span dir=\"auto\">Eau en bouteille pendant les excursions<\/span><\/li>\n<li><span dir=\"auto\">Porter au besoin<\/span><\/li>\n<li><span dir=\"auto\">Tous les frais de service et taxes<\/span><\/li>\n<\/ul>\n<h2><span dir=\"auto\">D\u00e9couvrir<\/span><\/h2>\n<ul>\n<li><a href=\"https:\/\/landioustravel.com\/fr\/shop\/circuit-11-jours-caire-hurghada-avion\/\"><span dir=\"auto\">Circuit touristique de 11 jours au Caire et \u00e0 Hurghada en avion<\/span><\/a><\/li>\n<li><a href=\"https:\/\/landioustravel.com\/fr\/shop\/circuit-15-jours-entre-caire-alexandrie-avion\/\"><span dir=\"auto\">Circuit de 15 jours entre Le Caire et Alexandrie en avion<\/span><\/a><\/li>\n<li><span dir=\"auto\"><span class=\"VIpgJd-yAWNEb-VIpgJd-fmcmS-sn54Q\" dir=\"auto\">Circuit touristique de 13 jours au Caire et \u00e0 Hurghada<\/span><\/span><\/li>\n<li><span dir=\"auto\">Circuit de 12 jours entre Le Caire et Alexandrie en avion<\/span><\/li>\n<\/ul>\n","protected":false},"excerpt":{"rendered":"<p>Vivez une exp\u00e9rience \u00e9gyptienne inoubliable avec notre circuit de 3 jours au Caire et \u00e0 Alexandrie. Notre formule haut de gamme comprend deux nuits dans un h\u00f4tel 5 \u00e9toiles de luxe au Caire et des transferts priv\u00e9s climatis\u00e9s durant tout le s\u00e9jour.<\/p>\n<p>Notre guide expert anglophone vous accompagnera lors de toutes les visites touristiques, et les droits d&#8217;entr\u00e9e \u00e0 tous les sites sont inclus. Durant votre s\u00e9jour, vous profiterez \u00e9galement de d\u00e9licieux repas, comprenant deux petits-d\u00e9jeuners, deux d\u00e9jeuners et de l&#8217;eau en bouteille. Nos repr\u00e9sentants vous accueilleront \u00e0 l&#8217;a\u00e9roport et notre \u00e9quipe d&#8217;assistance client\u00e8le sera \u00e0 votre disposition tout au long de votre s\u00e9jour.<\/p>\n<p>Avec tous les frais de service et les taxes inclus, c&#8217;est la meilleure offre pour un circuit sans souci au Caire et \u00e0 Alexandrie. Faites-nous confiance pour vous offrir une exp\u00e9rience de voyage inoubliable.<\/p>\n","protected":false},"featured_media":152551,"comment_status":"open","ping_status":"closed","template":"","meta":{"_coblocks_attr":"","_coblocks_dimensions":"","_coblocks_responsive_height":"","_coblocks_accordion_ie_support":"","_uag_custom_page_level_css":"","jetpack_publicize_message":"","jetpack_publicize_feature_enabled":true,"jetpack_social_post_already_shared":true,"jetpack_social_options":{"image_generator_settings":{"template":"highway","default_image_id":0,"font":"","enabled":false},"version":2},"_wpas_customize_per_network":false},"product_brand":[],"product_cat":[24890,24889],"product_tag":[1569,1578,1572,1649,1650,9905],"class_list":{"0":"post-152550","1":"product","2":"type-product","3":"status-publish","4":"has-post-thumbnail","6":"product_cat-forfaits-de-3-jours-caire","7":"product_cat-vacances-en-egypte","8":"product_tag-alexandrie","9":"product_tag-excursion-fr","10":"product_tag-caire","11":"product_tag-pyramides","12":"product_tag-sphinx-fr","13":"product_tag-tourisme","15":"first","16":"instock","17":"sale","18":"virtual","19":"taxable","20":"purchasable","21":"product-type-simple"},"yoast_head":"<!-- This site is optimized with the Yoast SEO Premium plugin v27.5 (Yoast SEO v27.5) - https:\/\/yoast.com\/product\/yoast-seo-premium-wordpress\/ -->\n<title>Circuit de 3 jours au Caire et \u00e0 Alexandrie<\/title>\n<meta name=\"description\" content=\"Circuit de 3 jours au Caire et \u00e0 Alexandrie\" \/>\n<meta name=\"robots\" content=\"index, follow, max-snippet:-1, max-image-preview:large, max-video-preview:-1\" \/>\n<link rel=\"canonical\" href=\"https:\/\/landioustravel.com\/fr\/shop\/circuit-3-jours-au-caire-alexandrie\/\" \/>\n<meta property=\"og:locale\" content=\"fr_FR\" \/>\n<meta property=\"og:type\" content=\"article\" \/>\n<meta property=\"og:title\" content=\"Circuit de 3 jours au Caire et \u00e0 Alexandrie\" \/>\n<meta property=\"og:description\" content=\"Landious Travel\" \/>\n<meta property=\"og:url\" content=\"https:\/\/landioustravel.com\/fr\/shop\/circuit-3-jours-au-caire-alexandrie\/\" \/>\n<meta property=\"og:site_name\" content=\"Landious Travel\" \/>\n<meta property=\"article:publisher\" content=\"https:\/\/web.facebook.com\/landiousEgypt\" \/>\n<meta property=\"article:modified_time\" content=\"2025-10-30T04:50:38+00:00\" \/>\n<meta name=\"twitter:card\" content=\"summary_large_image\" \/>\n<meta name=\"twitter:site\" content=\"@LandiousTours\" \/>\n<meta name=\"twitter:label1\" content=\"Dur\u00e9e de lecture estim\u00e9e\" \/>\n\t<meta name=\"twitter:data1\" content=\"3 minutes\" \/>\n<script type=\"application\/ld+json\" class=\"yoast-schema-graph\">{\"@context\":\"https:\\\/\\\/schema.org\",\"@graph\":[{\"@type\":\"WebPage\",\"@id\":\"https:\\\/\\\/landioustravel.com\\\/fr\\\/shop\\\/circuit-3-jours-au-caire-alexandrie\\\/\",\"url\":\"https:\\\/\\\/landioustravel.com\\\/fr\\\/shop\\\/circuit-3-jours-au-caire-alexandrie\\\/\",\"name\":\"Circuit de 3 jours au Caire et \u00e0 Alexandrie\",\"isPartOf\":{\"@id\":\"https:\\\/\\\/landioustravel.com\\\/fr\\\/#website\"},\"primaryImageOfPage\":{\"@id\":\"https:\\\/\\\/landioustravel.com\\\/fr\\\/shop\\\/circuit-3-jours-au-caire-alexandrie\\\/#primaryimage\"},\"image\":{\"@id\":\"https:\\\/\\\/landioustravel.com\\\/fr\\\/shop\\\/circuit-3-jours-au-caire-alexandrie\\\/#primaryimage\"},\"thumbnailUrl\":\"https:\\\/\\\/i0.wp.com\\\/landioustravel.com\\\/wp-content\\\/uploads\\\/2023\\\/08\\\/3-Day-Cairo-Alexandria-Tour-Package-e1690970150498.webp?fit=1200%2C674&ssl=1\",\"datePublished\":\"2023-08-02T09:58:36+00:00\",\"dateModified\":\"2025-10-30T04:50:38+00:00\",\"description\":\"Circuit de 3 jours au Caire et \u00e0 Alexandrie\",\"breadcrumb\":{\"@id\":\"https:\\\/\\\/landioustravel.com\\\/fr\\\/shop\\\/circuit-3-jours-au-caire-alexandrie\\\/#breadcrumb\"},\"inLanguage\":\"fr-FR\",\"potentialAction\":[{\"@type\":\"ReadAction\",\"target\":[\"https:\\\/\\\/landioustravel.com\\\/fr\\\/shop\\\/circuit-3-jours-au-caire-alexandrie\\\/\"]}]},{\"@type\":\"ImageObject\",\"inLanguage\":\"fr-FR\",\"@id\":\"https:\\\/\\\/landioustravel.com\\\/fr\\\/shop\\\/circuit-3-jours-au-caire-alexandrie\\\/#primaryimage\",\"url\":\"https:\\\/\\\/i0.wp.com\\\/landioustravel.com\\\/wp-content\\\/uploads\\\/2023\\\/08\\\/3-Day-Cairo-Alexandria-Tour-Package-e1690970150498.webp?fit=1200%2C674&ssl=1\",\"contentUrl\":\"https:\\\/\\\/i0.wp.com\\\/landioustravel.com\\\/wp-content\\\/uploads\\\/2023\\\/08\\\/3-Day-Cairo-Alexandria-Tour-Package-e1690970150498.webp?fit=1200%2C674&ssl=1\",\"width\":1200,\"height\":674,\"caption\":\"3 Day Cairo Alexandria Tour Package\"},{\"@type\":\"BreadcrumbList\",\"@id\":\"https:\\\/\\\/landioustravel.com\\\/fr\\\/shop\\\/circuit-3-jours-au-caire-alexandrie\\\/#breadcrumb\",\"itemListElement\":[{\"@type\":\"ListItem\",\"position\":1,\"name\":\"Home\",\"item\":\"https:\\\/\\\/landioustravel.com\\\/fr\\\/\"},{\"@type\":\"ListItem\",\"position\":2,\"name\":\"Prestations &amp; Visites\",\"item\":\"https:\\\/\\\/landioustravel.com\\\/fr\\\/\"},{\"@type\":\"ListItem\",\"position\":3,\"name\":\"Circuit de 3 jours au Caire et \u00e0 Alexandrie\"}]},{\"@type\":\"WebSite\",\"@id\":\"https:\\\/\\\/landioustravel.com\\\/fr\\\/#website\",\"url\":\"https:\\\/\\\/landioustravel.com\\\/fr\\\/\",\"name\":\"Landious Travel\",\"description\":\"Excursions, trips and cruises in Egypt\",\"publisher\":{\"@id\":\"https:\\\/\\\/landioustravel.com\\\/fr\\\/#organization\"},\"potentialAction\":[{\"@type\":\"SearchAction\",\"target\":{\"@type\":\"EntryPoint\",\"urlTemplate\":\"https:\\\/\\\/landioustravel.com\\\/fr\\\/?s={search_term_string}\"},\"query-input\":{\"@type\":\"PropertyValueSpecification\",\"valueRequired\":true,\"valueName\":\"search_term_string\"}}],\"inLanguage\":\"fr-FR\"},{\"@type\":[\"Organization\",\"Place\"],\"@id\":\"https:\\\/\\\/landioustravel.com\\\/fr\\\/#organization\",\"name\":\"Landious Travel\",\"alternateName\":\"Landious Travel\",\"url\":\"https:\\\/\\\/landioustravel.com\\\/fr\\\/\",\"logo\":{\"@id\":\"https:\\\/\\\/landioustravel.com\\\/fr\\\/shop\\\/circuit-3-jours-au-caire-alexandrie\\\/#local-main-organization-logo\"},\"image\":{\"@id\":\"https:\\\/\\\/landioustravel.com\\\/fr\\\/shop\\\/circuit-3-jours-au-caire-alexandrie\\\/#local-main-organization-logo\"},\"sameAs\":[\"https:\\\/\\\/web.facebook.com\\\/landiousEgypt\",\"https:\\\/\\\/x.com\\\/LandiousTours\",\"https:\\\/\\\/mastodon.social\\\/@landious\"],\"legalName\":\"Landious Travel\",\"telephone\":[],\"openingHoursSpecification\":[{\"@type\":\"OpeningHoursSpecification\",\"dayOfWeek\":[\"Monday\",\"Tuesday\",\"Wednesday\",\"Thursday\",\"Friday\",\"Saturday\",\"Sunday\"],\"opens\":\"09:00\",\"closes\":\"17:00\"}]},{\"@type\":\"ImageObject\",\"inLanguage\":\"fr-FR\",\"@id\":\"https:\\\/\\\/landioustravel.com\\\/fr\\\/shop\\\/circuit-3-jours-au-caire-alexandrie\\\/#local-main-organization-logo\",\"url\":\"https:\\\/\\\/i0.wp.com\\\/landioustravel.com\\\/wp-content\\\/uploads\\\/2021\\\/06\\\/Landious-T.png?fit=500%2C500&ssl=1\",\"contentUrl\":\"https:\\\/\\\/i0.wp.com\\\/landioustravel.com\\\/wp-content\\\/uploads\\\/2021\\\/06\\\/Landious-T.png?fit=500%2C500&ssl=1\",\"width\":500,\"height\":500,\"caption\":\"Landious Travel\"}]}<\/script>\n<!-- \/ Yoast SEO Premium plugin. -->","yoast_head_json":{"title":"Circuit de 3 jours au Caire et \u00e0 Alexandrie","description":"Circuit de 3 jours au Caire et \u00e0 Alexandrie","robots":{"index":"index","follow":"follow","max-snippet":"max-snippet:-1","max-image-preview":"max-image-preview:large","max-video-preview":"max-video-preview:-1"},"canonical":"https:\/\/landioustravel.com\/fr\/shop\/circuit-3-jours-au-caire-alexandrie\/","og_locale":"fr_FR","og_type":"article","og_title":"Circuit de 3 jours au Caire et \u00e0 Alexandrie","og_description":"Landious Travel","og_url":"https:\/\/landioustravel.com\/fr\/shop\/circuit-3-jours-au-caire-alexandrie\/","og_site_name":"Landious Travel","article_publisher":"https:\/\/web.facebook.com\/landiousEgypt","article_modified_time":"2025-10-30T04:50:38+00:00","twitter_card":"summary_large_image","twitter_site":"@LandiousTours","twitter_misc":{"Dur\u00e9e de lecture estim\u00e9e":"3 minutes"},"schema":{"@context":"https:\/\/schema.org","@graph":[{"@type":"WebPage","@id":"https:\/\/landioustravel.com\/fr\/shop\/circuit-3-jours-au-caire-alexandrie\/","url":"https:\/\/landioustravel.com\/fr\/shop\/circuit-3-jours-au-caire-alexandrie\/","name":"Circuit de 3 jours au Caire et \u00e0 Alexandrie","isPartOf":{"@id":"https:\/\/landioustravel.com\/fr\/#website"},"primaryImageOfPage":{"@id":"https:\/\/landioustravel.com\/fr\/shop\/circuit-3-jours-au-caire-alexandrie\/#primaryimage"},"image":{"@id":"https:\/\/landioustravel.com\/fr\/shop\/circuit-3-jours-au-caire-alexandrie\/#primaryimage"},"thumbnailUrl":"https:\/\/i0.wp.com\/landioustravel.com\/wp-content\/uploads\/2023\/08\/3-Day-Cairo-Alexandria-Tour-Package-e1690970150498.webp?fit=1200%2C674&ssl=1","datePublished":"2023-08-02T09:58:36+00:00","dateModified":"2025-10-30T04:50:38+00:00","description":"Circuit de 3 jours au Caire et \u00e0 Alexandrie","breadcrumb":{"@id":"https:\/\/landioustravel.com\/fr\/shop\/circuit-3-jours-au-caire-alexandrie\/#breadcrumb"},"inLanguage":"fr-FR","potentialAction":[{"@type":"ReadAction","target":["https:\/\/landioustravel.com\/fr\/shop\/circuit-3-jours-au-caire-alexandrie\/"]}]},{"@type":"ImageObject","inLanguage":"fr-FR","@id":"https:\/\/landioustravel.com\/fr\/shop\/circuit-3-jours-au-caire-alexandrie\/#primaryimage","url":"https:\/\/i0.wp.com\/landioustravel.com\/wp-content\/uploads\/2023\/08\/3-Day-Cairo-Alexandria-Tour-Package-e1690970150498.webp?fit=1200%2C674&ssl=1","contentUrl":"https:\/\/i0.wp.com\/landioustravel.com\/wp-content\/uploads\/2023\/08\/3-Day-Cairo-Alexandria-Tour-Package-e1690970150498.webp?fit=1200%2C674&ssl=1","width":1200,"height":674,"caption":"3 Day Cairo Alexandria Tour Package"},{"@type":"BreadcrumbList","@id":"https:\/\/landioustravel.com\/fr\/shop\/circuit-3-jours-au-caire-alexandrie\/#breadcrumb","itemListElement":[{"@type":"ListItem","position":1,"name":"Home","item":"https:\/\/landioustravel.com\/fr\/"},{"@type":"ListItem","position":2,"name":"Prestations &amp; Visites","item":"https:\/\/landioustravel.com\/fr\/"},{"@type":"ListItem","position":3,"name":"Circuit de 3 jours au Caire et \u00e0 Alexandrie"}]},{"@type":"WebSite","@id":"https:\/\/landioustravel.com\/fr\/#website","url":"https:\/\/landioustravel.com\/fr\/","name":"Landious Travel","description":"Excursions, trips and cruises in Egypt","publisher":{"@id":"https:\/\/landioustravel.com\/fr\/#organization"},"potentialAction":[{"@type":"SearchAction","target":{"@type":"EntryPoint","urlTemplate":"https:\/\/landioustravel.com\/fr\/?s={search_term_string}"},"query-input":{"@type":"PropertyValueSpecification","valueRequired":true,"valueName":"search_term_string"}}],"inLanguage":"fr-FR"},{"@type":["Organization","Place"],"@id":"https:\/\/landioustravel.com\/fr\/#organization","name":"Landious Travel","alternateName":"Landious Travel","url":"https:\/\/landioustravel.com\/fr\/","logo":{"@id":"https:\/\/landioustravel.com\/fr\/shop\/circuit-3-jours-au-caire-alexandrie\/#local-main-organization-logo"},"image":{"@id":"https:\/\/landioustravel.com\/fr\/shop\/circuit-3-jours-au-caire-alexandrie\/#local-main-organization-logo"},"sameAs":["https:\/\/web.facebook.com\/landiousEgypt","https:\/\/x.com\/LandiousTours","https:\/\/mastodon.social\/@landious"],"legalName":"Landious Travel","telephone":[],"openingHoursSpecification":[{"@type":"OpeningHoursSpecification","dayOfWeek":["Monday","Tuesday","Wednesday","Thursday","Friday","Saturday","Sunday"],"opens":"09:00","closes":"17:00"}]},{"@type":"ImageObject","inLanguage":"fr-FR","@id":"https:\/\/landioustravel.com\/fr\/shop\/circuit-3-jours-au-caire-alexandrie\/#local-main-organization-logo","url":"https:\/\/i0.wp.com\/landioustravel.com\/wp-content\/uploads\/2021\/06\/Landious-T.png?fit=500%2C500&ssl=1","contentUrl":"https:\/\/i0.wp.com\/landioustravel.com\/wp-content\/uploads\/2021\/06\/Landious-T.png?fit=500%2C500&ssl=1","width":500,"height":500,"caption":"Landious Travel"}]}},"jetpack_publicize_connections":[],"uagb_featured_image_src":{"full":["https:\/\/i0.wp.com\/landioustravel.com\/wp-content\/uploads\/2023\/08\/3-Day-Cairo-Alexandria-Tour-Package-e1690970150498.webp?fit=1200%2C674&ssl=1",1200,674,false],"thumbnail":["https:\/\/i0.wp.com\/landioustravel.com\/wp-content\/uploads\/2023\/08\/3-Day-Cairo-Alexandria-Tour-Package-e1690970150498.webp?resize=150%2C150&ssl=1",150,150,true],"medium":["https:\/\/i0.wp.com\/landioustravel.com\/wp-content\/uploads\/2023\/08\/3-Day-Cairo-Alexandria-Tour-Package-e1690970150498.webp?fit=300%2C169&ssl=1",300,169,true],"medium_large":["https:\/\/i0.wp.com\/landioustravel.com\/wp-content\/uploads\/2023\/08\/3-Day-Cairo-Alexandria-Tour-Package-e1690970150498.webp?fit=768%2C431&ssl=1",768,431,true],"large":["https:\/\/i0.wp.com\/landioustravel.com\/wp-content\/uploads\/2023\/08\/3-Day-Cairo-Alexandria-Tour-Package-e1690970150498.webp?fit=980%2C550&ssl=1",980,550,true],"1536x1536":["https:\/\/i0.wp.com\/landioustravel.com\/wp-content\/uploads\/2023\/08\/3-Day-Cairo-Alexandria-Tour-Package-e1690970150498.webp?fit=1200%2C674&ssl=1",1200,674,true],"2048x2048":["https:\/\/i0.wp.com\/landioustravel.com\/wp-content\/uploads\/2023\/08\/3-Day-Cairo-Alexandria-Tour-Package-e1690970150498.webp?fit=1200%2C674&ssl=1",1200,674,true],"newspack-article-block-landscape-large":["https:\/\/i0.wp.com\/landioustravel.com\/wp-content\/uploads\/2023\/08\/3-Day-Cairo-Alexandria-Tour-Package-e1690970150498.webp?resize=1200%2C674&ssl=1",1200,674,true],"newspack-article-block-portrait-large":["https:\/\/i0.wp.com\/landioustravel.com\/wp-content\/uploads\/2023\/08\/3-Day-Cairo-Alexandria-Tour-Package-e1690970150498.webp?resize=900%2C674&ssl=1",900,674,true],"newspack-article-block-square-large":["https:\/\/i0.wp.com\/landioustravel.com\/wp-content\/uploads\/2023\/08\/3-Day-Cairo-Alexandria-Tour-Package-e1690970150498.webp?resize=1200%2C674&ssl=1",1200,674,true],"newspack-article-block-landscape-medium":["https:\/\/i0.wp.com\/landioustravel.com\/wp-content\/uploads\/2023\/08\/3-Day-Cairo-Alexandria-Tour-Package-e1690970150498.webp?resize=800%2C600&ssl=1",800,600,true],"newspack-article-block-portrait-medium":["https:\/\/i0.wp.com\/landioustravel.com\/wp-content\/uploads\/2023\/08\/3-Day-Cairo-Alexandria-Tour-Package-e1690970150498.webp?resize=600%2C674&ssl=1",600,674,true],"newspack-article-block-square-medium":["https:\/\/i0.wp.com\/landioustravel.com\/wp-content\/uploads\/2023\/08\/3-Day-Cairo-Alexandria-Tour-Package-e1690970150498.webp?resize=800%2C674&ssl=1",800,674,true],"newspack-article-block-landscape-intermediate":["https:\/\/i0.wp.com\/landioustravel.com\/wp-content\/uploads\/2023\/08\/3-Day-Cairo-Alexandria-Tour-Package-e1690970150498.webp?resize=600%2C450&ssl=1",600,450,true],"newspack-article-block-portrait-intermediate":["https:\/\/i0.wp.com\/landioustravel.com\/wp-content\/uploads\/2023\/08\/3-Day-Cairo-Alexandria-Tour-Package-e1690970150498.webp?resize=450%2C600&ssl=1",450,600,true],"newspack-article-block-square-intermediate":["https:\/\/i0.wp.com\/landioustravel.com\/wp-content\/uploads\/2023\/08\/3-Day-Cairo-Alexandria-Tour-Package-e1690970150498.webp?resize=600%2C600&ssl=1",600,600,true],"newspack-article-block-landscape-small":["https:\/\/i0.wp.com\/landioustravel.com\/wp-content\/uploads\/2023\/08\/3-Day-Cairo-Alexandria-Tour-Package-e1690970150498.webp?resize=400%2C300&ssl=1",400,300,true],"newspack-article-block-portrait-small":["https:\/\/i0.wp.com\/landioustravel.com\/wp-content\/uploads\/2023\/08\/3-Day-Cairo-Alexandria-Tour-Package-e1690970150498.webp?resize=300%2C400&ssl=1",300,400,true],"newspack-article-block-square-small":["https:\/\/i0.wp.com\/landioustravel.com\/wp-content\/uploads\/2023\/08\/3-Day-Cairo-Alexandria-Tour-Package-e1690970150498.webp?resize=400%2C400&ssl=1",400,400,true],"newspack-article-block-landscape-tiny":["https:\/\/i0.wp.com\/landioustravel.com\/wp-content\/uploads\/2023\/08\/3-Day-Cairo-Alexandria-Tour-Package-e1690970150498.webp?resize=200%2C150&ssl=1",200,150,true],"newspack-article-block-portrait-tiny":["https:\/\/i0.wp.com\/landioustravel.com\/wp-content\/uploads\/2023\/08\/3-Day-Cairo-Alexandria-Tour-Package-e1690970150498.webp?resize=150%2C200&ssl=1",150,200,true],"newspack-article-block-square-tiny":["https:\/\/i0.wp.com\/landioustravel.com\/wp-content\/uploads\/2023\/08\/3-Day-Cairo-Alexandria-Tour-Package-e1690970150498.webp?resize=200%2C200&ssl=1",200,200,true],"newspack-article-block-uncropped":["https:\/\/i0.wp.com\/landioustravel.com\/wp-content\/uploads\/2023\/08\/3-Day-Cairo-Alexandria-Tour-Package-e1690970150498.webp?fit=1200%2C674&ssl=1",1200,674,true],"woocommerce_thumbnail":["https:\/\/i0.wp.com\/landioustravel.com\/wp-content\/uploads\/2023\/08\/3-Day-Cairo-Alexandria-Tour-Package-e1690970150498.webp?resize=324%2C324&ssl=1",324,324,true],"woocommerce_single":["https:\/\/i0.wp.com\/landioustravel.com\/wp-content\/uploads\/2023\/08\/3-Day-Cairo-Alexandria-Tour-Package-e1690970150498.webp?fit=416%2C234&ssl=1",416,234,true],"woocommerce_gallery_thumbnail":["https:\/\/i0.wp.com\/landioustravel.com\/wp-content\/uploads\/2023\/08\/3-Day-Cairo-Alexandria-Tour-Package-e1690970150498.webp?resize=100%2C100&ssl=1",100,100,true]},"uagb_author_info":{"display_name":"Mofreh Landious","author_link":"https:\/\/landioustravel.com\/fr\/author\/"},"uagb_comment_info":0,"uagb_excerpt":"Vivez une exp\u00e9rience \u00e9gyptienne inoubliable avec notre circuit de 3 jours au Caire et \u00e0 Alexandrie. Notre formule haut de gamme comprend deux nuits dans un h\u00f4tel 5 \u00e9toiles de luxe au Caire et des transferts priv\u00e9s climatis\u00e9s durant tout le s\u00e9jour. Notre guide expert anglophone vous accompagnera lors de toutes les visites touristiques, et&hellip;","jetpack_sharing_enabled":true,"jetpack_likes_enabled":true,"amp_enabled":true,"_links":{"self":[{"href":"https:\/\/landioustravel.com\/fr\/wp-json\/wp\/v2\/product\/152550","targetHints":{"allow":["GET"]}}],"collection":[{"href":"https:\/\/landioustravel.com\/fr\/wp-json\/wp\/v2\/product"}],"about":[{"href":"https:\/\/landioustravel.com\/fr\/wp-json\/wp\/v2\/types\/product"}],"replies":[{"embeddable":true,"href":"https:\/\/landioustravel.com\/fr\/wp-json\/wp\/v2\/comments?post=152550"}],"wp:featuredmedia":[{"embeddable":true,"href":"https:\/\/landioustravel.com\/fr\/wp-json\/wp\/v2\/media\/152551"}],"wp:attachment":[{"href":"https:\/\/landioustravel.com\/fr\/wp-json\/wp\/v2\/media?parent=152550"}],"wp:term":[{"taxonomy":"product_brand","embeddable":true,"href":"https:\/\/landioustravel.com\/fr\/wp-json\/wp\/v2\/product_brand?post=152550"},{"taxonomy":"product_cat","embeddable":true,"href":"https:\/\/landioustravel.com\/fr\/wp-json\/wp\/v2\/product_cat?post=152550"},{"taxonomy":"product_tag","embeddable":true,"href":"https:\/\/landioustravel.com\/fr\/wp-json\/wp\/v2\/product_tag?post=152550"}],"curies":[{"name":"wp","href":"https:\/\/api.w.org\/{rel}","templated":true}]}}