{"id":1847,"date":"2019-02-05T22:01:03","date_gmt":"2019-02-04T16:16:45","guid":{"rendered":"https:\/\/landioustravel.com\/?post_type=product&#038;p=1847"},"modified":"2024-03-27T04:44:44","modified_gmt":"2024-03-27T02:44:44","slug":"randonnee-equestre-mer-hurghada","status":"publish","type":"product","link":"https:\/\/landioustravel.com\/fr\/shop\/randonnee-equestre-mer-hurghada\/","title":{"rendered":"Randonn\u00e9e \u00e9questre \u00e0 Hurghada"},"content":{"rendered":"<p>C&#8217;est une exp\u00e9rience incroyable pour l&#8217;\u00e9quitation en haute mer! Nous recommandons le voyage car il permet aux touristes de passer du bon temps en faisant une promenade \u00e0 cheval! Cette randonn\u00e9e \u00e0 cheval sera tellement professionnelle, car elle commence par une marche calme, puis; cela permet d&#8217;entrer dans la mer en se baignant avec ces adorables cr\u00e9atures et enfin; vous pouvez essayer de trotter pour \u00eatre plus excit\u00e9.<\/p>\n<h2>Les points forts du programme d&#8217;excursions \u00e0 cheval<\/h2>\n<ul>\n<li>Didacticiel<\/li>\n<li>Calme \u00e0 cheval lors d&#8217;une promenade<\/li>\n<li>Baignade \u00e0 cheval en pleine mer<\/li>\n<li>Trot<\/li>\n<\/ul>\n<h3>Le programme de balade \u00e0 cheval en mer \u00e0 Hurghada<\/h3>\n<ul>\n<li>Nous viendrons vous chercher \u00e0 l&#8217;h\u00f4tel vers 15h00.<\/li>\n<li>Apr\u00e8s avoir rassembl\u00e9 tous les participants, le bus se rend \u00e0 l&#8217;\u00e9curie. Le trajet jusqu\u2019\u00e0 l\u2019\u00e9curie prend environ 20 minutes.<\/li>\n<li>Vous trouverez vos chevaux dans l&#8217;\u00e9curie. Ils sont tr\u00e8s sympathiques! D\u00e8s que vous entrez dans l&#8217;\u00e9curie, vous aurez un tutoriel pour une courte p\u00e9riode.<\/li>\n<li>Apr\u00e8s ce tutoriel, vous devrez vous pr\u00e9parer pour une balade \u00e0 cheval. Ici, vous marcherez \u00e0 cheval pour vous familiariser avec l\u2019ensemble. Un guide sp\u00e9cial sera fourni pour vous accompagner.<\/li>\n<li>Ensuite, vous pouvez commencer votre v\u00e9ritable aventure en allant \u00e0 la mer en nageant \u00e0 dos de cheval.<\/li>\n<li>Enfin, vous pouvez profiter du trot<\/li>\n<li>Ce programme d&#8217;\u00e9quitation se termine vers 19h00<\/li>\n<\/ul>\n<h4>Ce qui est inclus dans le prix du voyage<\/h4>\n<ul>\n<li>Didacticiel<\/li>\n<li>Guidage<\/li>\n<li>Transfert au port et retour \u00e0 l&#8217;h\u00f4tel<\/li>\n<\/ul>\n<h5>Ce qui n&#8217;est pas inclus dans le prix du voyage<\/h5>\n<ul>\n<li>DVD vid\u00e9o<\/li>\n<li>CD photo<\/li>\n<\/ul>\n<h6>Que prendre avec vous pour le voyage<\/h6>\n<ul>\n<li>Serviette<\/li>\n<li>Cr\u00e8me solaire<\/li>\n<\/ul>\n<p>ORGANISATION DE JOURS D&#8217;EXCURSION<\/p>\n<ul>\n<li>Tous les jours de 15h00 \u00e0 19h00<\/li>\n<\/ul>\n","protected":false},"excerpt":{"rendered":"<p>Pour les amoureux des chevaux, c&#8217;est une aventure incroyable \u00e0 ne pas manquer ! \u00c0 Hurghada, vous pouvez embarquer pour une excursion \u00e0 cheval en mer qui dure deux heures. Vous aurez l&#8217;occasion de monter \u00e0 cheval en pleine mer, de vous promener tranquillement \u00e0 cheval et m\u00eame de vous essayer au trot. \u00catre dans l&#8217;eau avec ces douces cr\u00e9atures cr\u00e9era des moments inoubliables et vous laissera une foule de sensations chaleureuses. Le co\u00fbt de l&#8217;excursion comprend le transport et les tutoriels, vous serez donc bien pris en charge tout au long de l&#8217;exp\u00e9rience.<\/p>\n<p>Nager avec les chevaux est un excellent moyen de faire une pause dans l&#8217;agitation de la vie quotidienne et de profiter d&#8217;une balade passionnante. Nos chevaux calmes et beaux vous emm\u00e8neront \u00e0 travers le d\u00e9sert, la for\u00eat f\u00e9erique et jusqu&#8217;\u00e0 la mer, o\u00f9 vous vivrez des moments inoubliables. Pendant que vous roulez, vous sentirez la brise marine rafra\u00eechissante sur votre visage et admirerez le paysage \u00e0 couper le souffle autour d&#8217;Hurghada. Non seulement l&#8217;\u00e9quitation est une activit\u00e9 amusante et agr\u00e9able, mais elle peut \u00e9galement aider \u00e0 r\u00e9soudre divers probl\u00e8mes de sant\u00e9 et vous garder en forme.<\/p>\n<p>Nous viendrons vous chercher \u00e0 votre h\u00f4tel et vous conduirons \u00e0 l&#8217;\u00e9curie, o\u00f9 vous recevrez une br\u00e8ve introduction. Ensuite, vous pouvez commencer votre aventure et monter les chevaux dans la mer. Nos chevaux sont adapt\u00e9s \u00e0 tous les niveaux, du d\u00e9butant au cavalier professionnel, et nous avons aussi des chevaux pour enfants.<\/p>\n<p>Nous recommandons vivement cette exp\u00e9rience d&#8217;\u00e9quitation en mer \u00e0 Hurghada, en \u00c9gypte, car c&#8217;est un moyen id\u00e9al pour profiter de la balade, s&#8217;amuser et cr\u00e9er des souvenirs inoubliables. Vous commencerez par une promenade paisible, puis vous aurez la chance de nager avec ces sympathiques cr\u00e9atures. N&#8217;oubliez pas de prendre des photos incroyables pour vous souvenir de ce moment pour toujours. Vous pouvez \u00e9galement essayer le trot pour une exp\u00e9rience plus exaltante. Nous comprenons \u00e0 quel point les chevaux peuvent signifier pour les gens et nous ferons en sorte que vous viviez une exp\u00e9rience s\u00fbre et inoubliable.<\/p>\n","protected":false},"featured_media":1842,"comment_status":"open","ping_status":"closed","template":"","meta":{"_coblocks_attr":"","_coblocks_dimensions":"","_coblocks_responsive_height":"","_coblocks_accordion_ie_support":"","_uag_custom_page_level_css":"","jetpack_post_was_ever_published":false,"jetpack_publicize_message":"","jetpack_publicize_feature_enabled":true,"jetpack_social_post_already_shared":true,"jetpack_social_options":{"image_generator_settings":{"template":"highway","default_image_id":0,"font":"","enabled":false},"version":2},"_wpas_customize_per_network":false},"product_brand":[],"product_cat":[1557,1561],"product_tag":[1578,1580,1933,1779],"class_list":{"0":"post-1847","1":"product","2":"type-product","3":"status-publish","4":"has-post-thumbnail","6":"product_cat-excursions-a-hurghada","7":"product_cat-excursions-divertissement-hurghada","8":"product_tag-excursion-fr","9":"product_tag-hurghada-fr","10":"product_tag-lequitation","11":"product_tag-mer","12":"pa_age-adulte","13":"pa_age-enfant","15":"first","16":"instock","17":"sale","18":"taxable","19":"shipping-taxable","20":"purchasable","21":"product-type-variable"},"yoast_head":"<!-- This site is optimized with the Yoast SEO Premium plugin v26.9 (Yoast SEO v27.3) - https:\/\/yoast.com\/product\/yoast-seo-premium-wordpress\/ -->\n<title>Randonn\u00e9e \u00e9questre \u00e0 Hurghada<\/title>\n<meta name=\"description\" content=\"Randonn\u00e9e \u00e9questre \u00e0 Hurghada Nous recommandons le voyage car il permet aux touristes de passer du bon temps en faisant une promenade \u00e0 cheval\" \/>\n<meta name=\"robots\" content=\"index, follow, max-snippet:-1, max-image-preview:large, max-video-preview:-1\" \/>\n<link rel=\"canonical\" href=\"https:\/\/landioustravel.com\/fr\/shop\/randonnee-equestre-mer-hurghada\/\" \/>\n<meta property=\"og:locale\" content=\"fr_FR\" \/>\n<meta property=\"og:type\" content=\"article\" \/>\n<meta property=\"og:title\" content=\"Randonn\u00e9e \u00e9questre \u00e0 Hurghada\" \/>\n<meta property=\"og:description\" content=\"Landious Travel\" \/>\n<meta property=\"og:url\" content=\"https:\/\/landioustravel.com\/fr\/shop\/randonnee-equestre-mer-hurghada\/\" \/>\n<meta property=\"og:site_name\" content=\"Landious Travel\" \/>\n<meta property=\"article:publisher\" content=\"https:\/\/web.facebook.com\/landiousEgypt\" \/>\n<meta property=\"article:modified_time\" content=\"2024-03-27T02:44:44+00:00\" \/>\n<meta property=\"og:image\" content=\"https:\/\/i0.wp.com\/landioustravel.com\/wp-content\/uploads\/2019\/02\/horseback_riding_in_hurghada.jpg?fit=823%2C463&ssl=1\" \/>\n\t<meta property=\"og:image:width\" content=\"823\" \/>\n\t<meta property=\"og:image:height\" content=\"463\" \/>\n\t<meta property=\"og:image:type\" content=\"image\/jpeg\" \/>\n<meta name=\"twitter:card\" content=\"summary_large_image\" \/>\n<meta name=\"twitter:site\" content=\"@LandiousTours\" \/>\n<meta name=\"twitter:label1\" content=\"Dur\u00e9e de lecture estim\u00e9e\" \/>\n\t<meta name=\"twitter:data1\" content=\"2 minutes\" \/>\n<script type=\"application\/ld+json\" class=\"yoast-schema-graph\">{\"@context\":\"https:\\\/\\\/schema.org\",\"@graph\":[{\"@type\":\"WebPage\",\"@id\":\"https:\\\/\\\/landioustravel.com\\\/fr\\\/shop\\\/randonnee-equestre-mer-hurghada\\\/\",\"url\":\"https:\\\/\\\/landioustravel.com\\\/fr\\\/shop\\\/randonnee-equestre-mer-hurghada\\\/\",\"name\":\"Randonn\u00e9e \u00e9questre \u00e0 Hurghada\",\"isPartOf\":{\"@id\":\"https:\\\/\\\/landioustravel.com\\\/fr\\\/#website\"},\"primaryImageOfPage\":{\"@id\":\"https:\\\/\\\/landioustravel.com\\\/fr\\\/shop\\\/randonnee-equestre-mer-hurghada\\\/#primaryimage\"},\"image\":{\"@id\":\"https:\\\/\\\/landioustravel.com\\\/fr\\\/shop\\\/randonnee-equestre-mer-hurghada\\\/#primaryimage\"},\"thumbnailUrl\":\"https:\\\/\\\/i0.wp.com\\\/landioustravel.com\\\/wp-content\\\/uploads\\\/2019\\\/02\\\/horseback_riding_in_hurghada.jpg?fit=823%2C463&ssl=1\",\"datePublished\":\"2019-02-04T16:16:45+00:00\",\"dateModified\":\"2024-03-27T02:44:44+00:00\",\"description\":\"Randonn\u00e9e \u00e9questre \u00e0 Hurghada Nous recommandons le voyage car il permet aux touristes de passer du bon temps en faisant une promenade \u00e0 cheval\",\"breadcrumb\":{\"@id\":\"https:\\\/\\\/landioustravel.com\\\/fr\\\/shop\\\/randonnee-equestre-mer-hurghada\\\/#breadcrumb\"},\"inLanguage\":\"fr-FR\",\"potentialAction\":[{\"@type\":\"ReadAction\",\"target\":[\"https:\\\/\\\/landioustravel.com\\\/fr\\\/shop\\\/randonnee-equestre-mer-hurghada\\\/\"]}]},{\"@type\":\"ImageObject\",\"inLanguage\":\"fr-FR\",\"@id\":\"https:\\\/\\\/landioustravel.com\\\/fr\\\/shop\\\/randonnee-equestre-mer-hurghada\\\/#primaryimage\",\"url\":\"https:\\\/\\\/i0.wp.com\\\/landioustravel.com\\\/wp-content\\\/uploads\\\/2019\\\/02\\\/horseback_riding_in_hurghada.jpg?fit=823%2C463&ssl=1\",\"contentUrl\":\"https:\\\/\\\/i0.wp.com\\\/landioustravel.com\\\/wp-content\\\/uploads\\\/2019\\\/02\\\/horseback_riding_in_hurghada.jpg?fit=823%2C463&ssl=1\",\"width\":823,\"height\":463,\"caption\":\"Randonn\u00e9e \u00e9questre \u00e0 Hurghada\"},{\"@type\":\"BreadcrumbList\",\"@id\":\"https:\\\/\\\/landioustravel.com\\\/fr\\\/shop\\\/randonnee-equestre-mer-hurghada\\\/#breadcrumb\",\"itemListElement\":[{\"@type\":\"ListItem\",\"position\":1,\"name\":\"Home\",\"item\":\"https:\\\/\\\/landioustravel.com\\\/fr\\\/\"},{\"@type\":\"ListItem\",\"position\":2,\"name\":\"Prestations &amp; Visites\",\"item\":\"https:\\\/\\\/landioustravel.com\\\/fr\\\/\"},{\"@type\":\"ListItem\",\"position\":3,\"name\":\"Randonn\u00e9e \u00e9questre \u00e0 Hurghada\"}]},{\"@type\":\"WebSite\",\"@id\":\"https:\\\/\\\/landioustravel.com\\\/fr\\\/#website\",\"url\":\"https:\\\/\\\/landioustravel.com\\\/fr\\\/\",\"name\":\"Landious Travel\",\"description\":\"Excursions, trips and cruises in Egypt\",\"publisher\":{\"@id\":\"https:\\\/\\\/landioustravel.com\\\/fr\\\/#organization\"},\"potentialAction\":[{\"@type\":\"SearchAction\",\"target\":{\"@type\":\"EntryPoint\",\"urlTemplate\":\"https:\\\/\\\/landioustravel.com\\\/fr\\\/?s={search_term_string}\"},\"query-input\":{\"@type\":\"PropertyValueSpecification\",\"valueRequired\":true,\"valueName\":\"search_term_string\"}}],\"inLanguage\":\"fr-FR\"},{\"@type\":[\"Organization\",\"Place\"],\"@id\":\"https:\\\/\\\/landioustravel.com\\\/fr\\\/#organization\",\"name\":\"Landious Travel\",\"alternateName\":\"Landious Travel\",\"url\":\"https:\\\/\\\/landioustravel.com\\\/fr\\\/\",\"logo\":{\"@id\":\"https:\\\/\\\/landioustravel.com\\\/fr\\\/shop\\\/randonnee-equestre-mer-hurghada\\\/#local-main-organization-logo\"},\"image\":{\"@id\":\"https:\\\/\\\/landioustravel.com\\\/fr\\\/shop\\\/randonnee-equestre-mer-hurghada\\\/#local-main-organization-logo\"},\"sameAs\":[\"https:\\\/\\\/web.facebook.com\\\/landiousEgypt\",\"https:\\\/\\\/x.com\\\/LandiousTours\",\"https:\\\/\\\/mastodon.social\\\/@landious\"],\"legalName\":\"Landious Travel\",\"telephone\":[],\"openingHoursSpecification\":[{\"@type\":\"OpeningHoursSpecification\",\"dayOfWeek\":[\"Monday\",\"Tuesday\",\"Wednesday\",\"Thursday\",\"Friday\",\"Saturday\",\"Sunday\"],\"opens\":\"09:00\",\"closes\":\"17:00\"}]},{\"@type\":\"ImageObject\",\"inLanguage\":\"fr-FR\",\"@id\":\"https:\\\/\\\/landioustravel.com\\\/fr\\\/shop\\\/randonnee-equestre-mer-hurghada\\\/#local-main-organization-logo\",\"url\":\"https:\\\/\\\/i0.wp.com\\\/landioustravel.com\\\/wp-content\\\/uploads\\\/2021\\\/06\\\/Landious-T.png?fit=500%2C500&ssl=1\",\"contentUrl\":\"https:\\\/\\\/i0.wp.com\\\/landioustravel.com\\\/wp-content\\\/uploads\\\/2021\\\/06\\\/Landious-T.png?fit=500%2C500&ssl=1\",\"width\":500,\"height\":500,\"caption\":\"Landious Travel\"}]}<\/script>\n<!-- \/ Yoast SEO Premium plugin. -->","yoast_head_json":{"title":"Randonn\u00e9e \u00e9questre \u00e0 Hurghada","description":"Randonn\u00e9e \u00e9questre \u00e0 Hurghada Nous recommandons le voyage car il permet aux touristes de passer du bon temps en faisant une promenade \u00e0 cheval","robots":{"index":"index","follow":"follow","max-snippet":"max-snippet:-1","max-image-preview":"max-image-preview:large","max-video-preview":"max-video-preview:-1"},"canonical":"https:\/\/landioustravel.com\/fr\/shop\/randonnee-equestre-mer-hurghada\/","og_locale":"fr_FR","og_type":"article","og_title":"Randonn\u00e9e \u00e9questre \u00e0 Hurghada","og_description":"Landious Travel","og_url":"https:\/\/landioustravel.com\/fr\/shop\/randonnee-equestre-mer-hurghada\/","og_site_name":"Landious Travel","article_publisher":"https:\/\/web.facebook.com\/landiousEgypt","article_modified_time":"2024-03-27T02:44:44+00:00","og_image":[{"width":823,"height":463,"url":"https:\/\/i0.wp.com\/landioustravel.com\/wp-content\/uploads\/2019\/02\/horseback_riding_in_hurghada.jpg?fit=823%2C463&ssl=1","type":"image\/jpeg"}],"twitter_card":"summary_large_image","twitter_site":"@LandiousTours","twitter_misc":{"Dur\u00e9e de lecture estim\u00e9e":"2 minutes"},"schema":{"@context":"https:\/\/schema.org","@graph":[{"@type":"WebPage","@id":"https:\/\/landioustravel.com\/fr\/shop\/randonnee-equestre-mer-hurghada\/","url":"https:\/\/landioustravel.com\/fr\/shop\/randonnee-equestre-mer-hurghada\/","name":"Randonn\u00e9e \u00e9questre \u00e0 Hurghada","isPartOf":{"@id":"https:\/\/landioustravel.com\/fr\/#website"},"primaryImageOfPage":{"@id":"https:\/\/landioustravel.com\/fr\/shop\/randonnee-equestre-mer-hurghada\/#primaryimage"},"image":{"@id":"https:\/\/landioustravel.com\/fr\/shop\/randonnee-equestre-mer-hurghada\/#primaryimage"},"thumbnailUrl":"https:\/\/i0.wp.com\/landioustravel.com\/wp-content\/uploads\/2019\/02\/horseback_riding_in_hurghada.jpg?fit=823%2C463&ssl=1","datePublished":"2019-02-04T16:16:45+00:00","dateModified":"2024-03-27T02:44:44+00:00","description":"Randonn\u00e9e \u00e9questre \u00e0 Hurghada Nous recommandons le voyage car il permet aux touristes de passer du bon temps en faisant une promenade \u00e0 cheval","breadcrumb":{"@id":"https:\/\/landioustravel.com\/fr\/shop\/randonnee-equestre-mer-hurghada\/#breadcrumb"},"inLanguage":"fr-FR","potentialAction":[{"@type":"ReadAction","target":["https:\/\/landioustravel.com\/fr\/shop\/randonnee-equestre-mer-hurghada\/"]}]},{"@type":"ImageObject","inLanguage":"fr-FR","@id":"https:\/\/landioustravel.com\/fr\/shop\/randonnee-equestre-mer-hurghada\/#primaryimage","url":"https:\/\/i0.wp.com\/landioustravel.com\/wp-content\/uploads\/2019\/02\/horseback_riding_in_hurghada.jpg?fit=823%2C463&ssl=1","contentUrl":"https:\/\/i0.wp.com\/landioustravel.com\/wp-content\/uploads\/2019\/02\/horseback_riding_in_hurghada.jpg?fit=823%2C463&ssl=1","width":823,"height":463,"caption":"Randonn\u00e9e \u00e9questre \u00e0 Hurghada"},{"@type":"BreadcrumbList","@id":"https:\/\/landioustravel.com\/fr\/shop\/randonnee-equestre-mer-hurghada\/#breadcrumb","itemListElement":[{"@type":"ListItem","position":1,"name":"Home","item":"https:\/\/landioustravel.com\/fr\/"},{"@type":"ListItem","position":2,"name":"Prestations &amp; Visites","item":"https:\/\/landioustravel.com\/fr\/"},{"@type":"ListItem","position":3,"name":"Randonn\u00e9e \u00e9questre \u00e0 Hurghada"}]},{"@type":"WebSite","@id":"https:\/\/landioustravel.com\/fr\/#website","url":"https:\/\/landioustravel.com\/fr\/","name":"Landious Travel","description":"Excursions, trips and cruises in Egypt","publisher":{"@id":"https:\/\/landioustravel.com\/fr\/#organization"},"potentialAction":[{"@type":"SearchAction","target":{"@type":"EntryPoint","urlTemplate":"https:\/\/landioustravel.com\/fr\/?s={search_term_string}"},"query-input":{"@type":"PropertyValueSpecification","valueRequired":true,"valueName":"search_term_string"}}],"inLanguage":"fr-FR"},{"@type":["Organization","Place"],"@id":"https:\/\/landioustravel.com\/fr\/#organization","name":"Landious Travel","alternateName":"Landious Travel","url":"https:\/\/landioustravel.com\/fr\/","logo":{"@id":"https:\/\/landioustravel.com\/fr\/shop\/randonnee-equestre-mer-hurghada\/#local-main-organization-logo"},"image":{"@id":"https:\/\/landioustravel.com\/fr\/shop\/randonnee-equestre-mer-hurghada\/#local-main-organization-logo"},"sameAs":["https:\/\/web.facebook.com\/landiousEgypt","https:\/\/x.com\/LandiousTours","https:\/\/mastodon.social\/@landious"],"legalName":"Landious Travel","telephone":[],"openingHoursSpecification":[{"@type":"OpeningHoursSpecification","dayOfWeek":["Monday","Tuesday","Wednesday","Thursday","Friday","Saturday","Sunday"],"opens":"09:00","closes":"17:00"}]},{"@type":"ImageObject","inLanguage":"fr-FR","@id":"https:\/\/landioustravel.com\/fr\/shop\/randonnee-equestre-mer-hurghada\/#local-main-organization-logo","url":"https:\/\/i0.wp.com\/landioustravel.com\/wp-content\/uploads\/2021\/06\/Landious-T.png?fit=500%2C500&ssl=1","contentUrl":"https:\/\/i0.wp.com\/landioustravel.com\/wp-content\/uploads\/2021\/06\/Landious-T.png?fit=500%2C500&ssl=1","width":500,"height":500,"caption":"Landious Travel"}]}},"jetpack_publicize_connections":[],"uagb_featured_image_src":{"full":["https:\/\/i0.wp.com\/landioustravel.com\/wp-content\/uploads\/2019\/02\/horseback_riding_in_hurghada.jpg?fit=823%2C463&ssl=1",823,463,false],"thumbnail":["https:\/\/i0.wp.com\/landioustravel.com\/wp-content\/uploads\/2019\/02\/horseback_riding_in_hurghada.jpg?resize=150%2C150&ssl=1",150,150,true],"medium":["https:\/\/i0.wp.com\/landioustravel.com\/wp-content\/uploads\/2019\/02\/horseback_riding_in_hurghada.jpg?fit=300%2C169&ssl=1",300,169,true],"medium_large":["https:\/\/i0.wp.com\/landioustravel.com\/wp-content\/uploads\/2019\/02\/horseback_riding_in_hurghada.jpg?fit=768%2C432&ssl=1",768,432,true],"large":["https:\/\/i0.wp.com\/landioustravel.com\/wp-content\/uploads\/2019\/02\/horseback_riding_in_hurghada.jpg?fit=823%2C463&ssl=1",823,463,true],"1536x1536":["https:\/\/i0.wp.com\/landioustravel.com\/wp-content\/uploads\/2019\/02\/horseback_riding_in_hurghada.jpg?fit=823%2C463&ssl=1",823,463,true],"2048x2048":["https:\/\/i0.wp.com\/landioustravel.com\/wp-content\/uploads\/2019\/02\/horseback_riding_in_hurghada.jpg?fit=823%2C463&ssl=1",823,463,true],"newspack-article-block-landscape-large":["https:\/\/i0.wp.com\/landioustravel.com\/wp-content\/uploads\/2019\/02\/horseback_riding_in_hurghada.jpg?resize=823%2C463&ssl=1",823,463,true],"newspack-article-block-portrait-large":["https:\/\/i0.wp.com\/landioustravel.com\/wp-content\/uploads\/2019\/02\/horseback_riding_in_hurghada.jpg?resize=823%2C463&ssl=1",823,463,true],"newspack-article-block-square-large":["https:\/\/i0.wp.com\/landioustravel.com\/wp-content\/uploads\/2019\/02\/horseback_riding_in_hurghada.jpg?resize=823%2C463&ssl=1",823,463,true],"newspack-article-block-landscape-medium":["https:\/\/i0.wp.com\/landioustravel.com\/wp-content\/uploads\/2019\/02\/horseback_riding_in_hurghada.jpg?resize=800%2C463&ssl=1",800,463,true],"newspack-article-block-portrait-medium":["https:\/\/i0.wp.com\/landioustravel.com\/wp-content\/uploads\/2019\/02\/horseback_riding_in_hurghada.jpg?resize=600%2C463&ssl=1",600,463,true],"newspack-article-block-square-medium":["https:\/\/i0.wp.com\/landioustravel.com\/wp-content\/uploads\/2019\/02\/horseback_riding_in_hurghada.jpg?resize=800%2C463&ssl=1",800,463,true],"newspack-article-block-landscape-intermediate":["https:\/\/i0.wp.com\/landioustravel.com\/wp-content\/uploads\/2019\/02\/horseback_riding_in_hurghada.jpg?resize=600%2C450&ssl=1",600,450,true],"newspack-article-block-portrait-intermediate":["https:\/\/i0.wp.com\/landioustravel.com\/wp-content\/uploads\/2019\/02\/horseback_riding_in_hurghada.jpg?resize=450%2C463&ssl=1",450,463,true],"newspack-article-block-square-intermediate":["https:\/\/i0.wp.com\/landioustravel.com\/wp-content\/uploads\/2019\/02\/horseback_riding_in_hurghada.jpg?resize=600%2C463&ssl=1",600,463,true],"newspack-article-block-landscape-small":["https:\/\/i0.wp.com\/landioustravel.com\/wp-content\/uploads\/2019\/02\/horseback_riding_in_hurghada.jpg?resize=400%2C300&ssl=1",400,300,true],"newspack-article-block-portrait-small":["https:\/\/i0.wp.com\/landioustravel.com\/wp-content\/uploads\/2019\/02\/horseback_riding_in_hurghada.jpg?resize=300%2C400&ssl=1",300,400,true],"newspack-article-block-square-small":["https:\/\/i0.wp.com\/landioustravel.com\/wp-content\/uploads\/2019\/02\/horseback_riding_in_hurghada.jpg?resize=400%2C400&ssl=1",400,400,true],"newspack-article-block-landscape-tiny":["https:\/\/i0.wp.com\/landioustravel.com\/wp-content\/uploads\/2019\/02\/horseback_riding_in_hurghada.jpg?resize=200%2C150&ssl=1",200,150,true],"newspack-article-block-portrait-tiny":["https:\/\/i0.wp.com\/landioustravel.com\/wp-content\/uploads\/2019\/02\/horseback_riding_in_hurghada.jpg?resize=150%2C200&ssl=1",150,200,true],"newspack-article-block-square-tiny":["https:\/\/i0.wp.com\/landioustravel.com\/wp-content\/uploads\/2019\/02\/horseback_riding_in_hurghada.jpg?resize=200%2C200&ssl=1",200,200,true],"newspack-article-block-uncropped":["https:\/\/i0.wp.com\/landioustravel.com\/wp-content\/uploads\/2019\/02\/horseback_riding_in_hurghada.jpg?fit=823%2C463&ssl=1",823,463,true],"woocommerce_thumbnail":["https:\/\/i0.wp.com\/landioustravel.com\/wp-content\/uploads\/2019\/02\/horseback_riding_in_hurghada.jpg?resize=324%2C324&ssl=1",324,324,true],"woocommerce_single":["https:\/\/i0.wp.com\/landioustravel.com\/wp-content\/uploads\/2019\/02\/horseback_riding_in_hurghada.jpg?fit=416%2C234&ssl=1",416,234,true],"woocommerce_gallery_thumbnail":["https:\/\/i0.wp.com\/landioustravel.com\/wp-content\/uploads\/2019\/02\/horseback_riding_in_hurghada.jpg?resize=100%2C100&ssl=1",100,100,true]},"uagb_author_info":{"display_name":"Mofreh Landious","author_link":"https:\/\/landioustravel.com\/fr\/author\/"},"uagb_comment_info":4,"uagb_excerpt":"Pour les amoureux des chevaux, c'est une aventure incroyable \u00e0 ne pas manquer ! \u00c0 Hurghada, vous pouvez embarquer pour une excursion \u00e0 cheval en mer qui dure deux heures. Vous aurez l'occasion de monter \u00e0 cheval en pleine mer, de vous promener tranquillement \u00e0 cheval et m\u00eame de vous essayer au trot. \u00catre dans&hellip;","jetpack_sharing_enabled":true,"jetpack_likes_enabled":true,"amp_enabled":true,"_links":{"self":[{"href":"https:\/\/landioustravel.com\/fr\/wp-json\/wp\/v2\/product\/1847","targetHints":{"allow":["GET"]}}],"collection":[{"href":"https:\/\/landioustravel.com\/fr\/wp-json\/wp\/v2\/product"}],"about":[{"href":"https:\/\/landioustravel.com\/fr\/wp-json\/wp\/v2\/types\/product"}],"replies":[{"embeddable":true,"href":"https:\/\/landioustravel.com\/fr\/wp-json\/wp\/v2\/comments?post=1847"}],"wp:featuredmedia":[{"embeddable":true,"href":"https:\/\/landioustravel.com\/fr\/wp-json\/wp\/v2\/media\/1842"}],"wp:attachment":[{"href":"https:\/\/landioustravel.com\/fr\/wp-json\/wp\/v2\/media?parent=1847"}],"wp:term":[{"taxonomy":"product_brand","embeddable":true,"href":"https:\/\/landioustravel.com\/fr\/wp-json\/wp\/v2\/product_brand?post=1847"},{"taxonomy":"product_cat","embeddable":true,"href":"https:\/\/landioustravel.com\/fr\/wp-json\/wp\/v2\/product_cat?post=1847"},{"taxonomy":"product_tag","embeddable":true,"href":"https:\/\/landioustravel.com\/fr\/wp-json\/wp\/v2\/product_tag?post=1847"}],"curies":[{"name":"wp","href":"https:\/\/api.w.org\/{rel}","templated":true}]}}