{"id":2045,"date":"2019-02-16T17:40:16","date_gmt":"2019-02-16T15:40:16","guid":{"rendered":"https:\/\/landioustravel.com\/product\/voyage-bus-apnee-ras-mohammed-charm\/"},"modified":"2024-09-30T20:17:26","modified_gmt":"2024-09-30T17:17:26","slug":"voyage-bus-apnee-ras-mohammed-charm","status":"publish","type":"product","link":"https:\/\/landioustravel.com\/fr\/shop\/voyage-bus-apnee-ras-mohammed-charm\/","title":{"rendered":"Voyage en bus Plong\u00e9e en apn\u00e9e Ras Mohammed Charm"},"content":{"rendered":"<p>Un merveilleux voyage en bus dans la zone prot\u00e9g\u00e9e de Ras Mohammed \u00e0 Charm el-Cheikh! Nous recommandons le voyage car il permet aux touristes de passer un bon moment \u00e0 visiter le parc national de Ras Mohammed! Le voyage vous donne l&#8217;occasion de voir de beaux coraux et une vari\u00e9t\u00e9 de poissons \u00e0 l&#8217;aide de masques et de palmes. Vous pouvez toujours visiter l&#8217;un des lieux les plus c\u00e9l\u00e8bres du monde: le parc national de Ras Mohammed.<\/p>\n<h2>Les points forts du programme d&#8217;excursion \u00e0 Ras Mohammed<\/h2>\n<ul>\n<li>Baignade dans la mer depuis la plage<\/li>\n<li>Plong\u00e9e en apn\u00e9e avec des masques et des palmes<\/li>\n<li>Profiter de la nature terrestre du parc<\/li>\n<li>Et nager dans le lac magique<\/li>\n<\/ul>\n<h3>Le programme des excursions au Ras Mohammed National Paek \u00e0 Charm el-Cheikh<\/h3>\n<ul>\n<li>Nous viendrons vous chercher \u00e0 l&#8217;h\u00f4tel vers 08h00.<\/li>\n<li>Apr\u00e8s avoir pris tous les arrivants, le bus se rend au parc national de Ras Mohammed. Le trajet jusqu&#8217;au parc national prend environ 20 minutes<\/li>\n<li>D\u00e8s que vous arrivez au parc national, vous pouvez d\u00e9couvrir la nature de cet endroit \u00e9tonnant.<\/li>\n<li>Tout d\u2019abord, vous pouvez visiter l\u2019endroit o\u00f9 poussent les pal\u00e9tuviers<\/li>\n<li>Deuxi\u00e8mement, vous pouvez nager dans le lac magique<\/li>\n<li>Troisi\u00e8mement, vous aurez la chance de faire de la plong\u00e9e en mer et de regarder la vie marine<\/li>\n<li>Ce programme d&#8217;excursion se termine vers 13h30<\/li>\n<\/ul>\n<h4>Ce qui est inclus dans le prix du voyage<\/h4>\n<ul>\n<li>Billets d&#8217;entr\u00e9e au parc national Ras Mohammed<\/li>\n<li>Transfert au parc national et retour \u00e0 l&#8217;h\u00f4tel<\/li>\n<\/ul>\n<h5>Ce qui n&#8217;est pas inclus dans le prix du tour<\/h5>\n<ul>\n<li>\u00c9quipement de plong\u00e9e<\/li>\n<li>DVD vid\u00e9o<\/li>\n<li>CD photo<\/li>\n<\/ul>\n<h6>Que prendre avec vous pour le voyage<\/h6>\n<ul>\n<li>Serviette<\/li>\n<li>\u00c9quipement de plong\u00e9e<\/li>\n<li>Cr\u00e8me solaire<\/li>\n<\/ul>\n<h6>ORGANISATION DE JOURS D&#8217;EXCURSION<\/h6>\n<ul>\n<li>Tous les jours de 08h00 \u00e0 14h00<\/li>\n<\/ul>\n","protected":false},"excerpt":{"rendered":"<p>Pr\u00e9parez-vous pour une aventure incroyable avec Sharmers\u00a0! Montez \u00e0 bord d&#8217;un bus et dirigez-vous vers le magnifique parc national de Ras Mohamed pour une excursion de plong\u00e9e inoubliable. Vous serez \u00e9merveill\u00e9 par les paysages \u00e0 couper le souffle sur votre chemin, et une fois arriv\u00e9, pr\u00e9parez-vous \u00e0 plonger dans le r\u00e9cif corallien de renomm\u00e9e mondiale. Gr\u00e2ce au statut prot\u00e9g\u00e9 du parc, vous pourrez observer une incroyable vari\u00e9t\u00e9 de vie marine, notamment des centaines de coraux et d&#8217;esp\u00e8ces, plus d&#8217;un millier d&#8217;esp\u00e8ces de poissons, des dizaines d&#8217;\u00e9toiles de mer et d&#8217;oursins, et m\u00eame plusieurs types de tortues marines.<\/p>\n<p>Mais ce n&#8217;est pas tout! Ras Mohamed est c\u00e9l\u00e8bre pour son magnifique environnement naturel, \u00e0 la fois sous l&#8217;eau et sur terre. Pendant votre voyage, vous aurez l&#8217;occasion d&#8217;explorer les pal\u00e9tuviers qui poussent dans les eaux sal\u00e9es de la mer Rouge. Et n&#8217;oubliez pas de jeter un coup d&#8217;\u0153il \u00e0 la fissure de terre et au &#8220;Magic Lake&#8221; &#8211; c&#8217;est s\u00fbr de vous couper le souffle\u00a0!<\/p>\n<p>Notre \u00e9quipe vous accompagnera \u00e0 chaque \u00e9tape, assurant votre s\u00e9curit\u00e9 et votre confort tout au long du voyage. Alors qu&#8217;est-ce que tu attends? R\u00e9servez votre voyage maintenant et pr\u00e9parez-vous pour une aventure inoubliable !<\/p>\n","protected":false},"featured_media":100359,"comment_status":"open","ping_status":"closed","template":"","meta":{"_coblocks_attr":"","_coblocks_dimensions":"","_coblocks_responsive_height":"","_coblocks_accordion_ie_support":"","_uag_custom_page_level_css":"","jetpack_post_was_ever_published":false,"jetpack_publicize_message":"","jetpack_publicize_feature_enabled":true,"jetpack_social_post_already_shared":false,"jetpack_social_options":{"image_generator_settings":{"template":"highway","default_image_id":0,"font":"","enabled":false},"version":2},"_wpas_customize_per_network":false},"product_brand":[],"product_cat":[1558,1566],"product_tag":[1651,1578,1779,1780,1571],"class_list":{"0":"post-2045","1":"product","2":"type-product","3":"status-publish","4":"has-post-thumbnail","6":"product_cat-excursions-charm-el-cheikh","7":"product_cat-excursions-mer-charm-cheikh","8":"product_tag-charm-el-cheikh","9":"product_tag-excursion-fr","10":"product_tag-mer","11":"product_tag-plongee-en-apnee","12":"product_tag-voyages-en-mer","13":"pa_age-adulte","14":"pa_age-enfant-1-4-ans","15":"pa_age-enfant-5-11-ans","17":"first","18":"instock","19":"sale","20":"purchasable","21":"product-type-variable"},"yoast_head":"<!-- This site is optimized with the Yoast SEO Premium plugin v26.9 (Yoast SEO v27.3) - https:\/\/yoast.com\/product\/yoast-seo-premium-wordpress\/ -->\n<title>Voyage en bus Plong\u00e9e en apn\u00e9e Ras Mohammed Charm<\/title>\n<meta name=\"description\" content=\"Voyage en bus Plong\u00e9e en apn\u00e9e Ras Mohammed Charm Pr\u00e9parez-vous pour une aventure incroyable avec Sharmers\u00a0! Montez \u00e0 bord d&#039;un bus et\" \/>\n<meta name=\"robots\" content=\"index, follow, max-snippet:-1, max-image-preview:large, max-video-preview:-1\" \/>\n<link rel=\"canonical\" href=\"https:\/\/landioustravel.com\/fr\/shop\/voyage-bus-apnee-ras-mohammed-charm\/\" \/>\n<meta property=\"og:locale\" content=\"fr_FR\" \/>\n<meta property=\"og:type\" content=\"article\" \/>\n<meta property=\"og:title\" content=\"Voyage en bus Plong\u00e9e en apn\u00e9e Ras Mohammed Charm\" \/>\n<meta property=\"og:description\" content=\"Landious Travel\" \/>\n<meta property=\"og:url\" content=\"https:\/\/landioustravel.com\/fr\/shop\/voyage-bus-apnee-ras-mohammed-charm\/\" \/>\n<meta property=\"og:site_name\" content=\"Landious Travel\" \/>\n<meta property=\"article:publisher\" content=\"https:\/\/web.facebook.com\/landiousEgypt\" \/>\n<meta property=\"article:modified_time\" content=\"2024-09-30T17:17:26+00:00\" \/>\n<meta property=\"og:image\" content=\"https:\/\/landioustravel.com\/wp-content\/uploads\/2019\/02\/Ras-Mohammed-National-Park-entrance-gate.jpg\" \/>\n\t<meta property=\"og:image:width\" content=\"1024\" \/>\n\t<meta property=\"og:image:height\" content=\"644\" \/>\n\t<meta property=\"og:image:type\" content=\"image\/jpeg\" \/>\n<meta name=\"twitter:card\" content=\"summary_large_image\" \/>\n<meta name=\"twitter:site\" content=\"@LandiousTours\" \/>\n<meta name=\"twitter:label1\" content=\"Dur\u00e9e de lecture estim\u00e9e\" \/>\n\t<meta name=\"twitter:data1\" content=\"2 minutes\" \/>\n<script type=\"application\/ld+json\" class=\"yoast-schema-graph\">{\"@context\":\"https:\\\/\\\/schema.org\",\"@graph\":[{\"@type\":\"WebPage\",\"@id\":\"https:\\\/\\\/landioustravel.com\\\/fr\\\/shop\\\/voyage-bus-apnee-ras-mohammed-charm\\\/\",\"url\":\"https:\\\/\\\/landioustravel.com\\\/fr\\\/shop\\\/voyage-bus-apnee-ras-mohammed-charm\\\/\",\"name\":\"Voyage en bus Plong\u00e9e en apn\u00e9e Ras Mohammed Charm\",\"isPartOf\":{\"@id\":\"https:\\\/\\\/landioustravel.com\\\/fr\\\/#website\"},\"primaryImageOfPage\":{\"@id\":\"https:\\\/\\\/landioustravel.com\\\/fr\\\/shop\\\/voyage-bus-apnee-ras-mohammed-charm\\\/#primaryimage\"},\"image\":{\"@id\":\"https:\\\/\\\/landioustravel.com\\\/fr\\\/shop\\\/voyage-bus-apnee-ras-mohammed-charm\\\/#primaryimage\"},\"thumbnailUrl\":\"https:\\\/\\\/i0.wp.com\\\/landioustravel.com\\\/wp-content\\\/uploads\\\/2019\\\/02\\\/Ras-Mohammed-National-Park-entrance-gate.jpg?fit=1024%2C644&ssl=1\",\"datePublished\":\"2019-02-16T15:40:16+00:00\",\"dateModified\":\"2024-09-30T17:17:26+00:00\",\"description\":\"Voyage en bus Plong\u00e9e en apn\u00e9e Ras Mohammed Charm Pr\u00e9parez-vous pour une aventure incroyable avec Sharmers\u00a0! Montez \u00e0 bord d'un bus et\",\"breadcrumb\":{\"@id\":\"https:\\\/\\\/landioustravel.com\\\/fr\\\/shop\\\/voyage-bus-apnee-ras-mohammed-charm\\\/#breadcrumb\"},\"inLanguage\":\"fr-FR\",\"potentialAction\":[{\"@type\":\"ReadAction\",\"target\":[\"https:\\\/\\\/landioustravel.com\\\/fr\\\/shop\\\/voyage-bus-apnee-ras-mohammed-charm\\\/\"]}]},{\"@type\":\"ImageObject\",\"inLanguage\":\"fr-FR\",\"@id\":\"https:\\\/\\\/landioustravel.com\\\/fr\\\/shop\\\/voyage-bus-apnee-ras-mohammed-charm\\\/#primaryimage\",\"url\":\"https:\\\/\\\/i0.wp.com\\\/landioustravel.com\\\/wp-content\\\/uploads\\\/2019\\\/02\\\/Ras-Mohammed-National-Park-entrance-gate.jpg?fit=1024%2C644&ssl=1\",\"contentUrl\":\"https:\\\/\\\/i0.wp.com\\\/landioustravel.com\\\/wp-content\\\/uploads\\\/2019\\\/02\\\/Ras-Mohammed-National-Park-entrance-gate.jpg?fit=1024%2C644&ssl=1\",\"width\":1024,\"height\":644,\"caption\":\"Ras Mohammed National Park entrance gate\"},{\"@type\":\"BreadcrumbList\",\"@id\":\"https:\\\/\\\/landioustravel.com\\\/fr\\\/shop\\\/voyage-bus-apnee-ras-mohammed-charm\\\/#breadcrumb\",\"itemListElement\":[{\"@type\":\"ListItem\",\"position\":1,\"name\":\"Home\",\"item\":\"https:\\\/\\\/landioustravel.com\\\/fr\\\/\"},{\"@type\":\"ListItem\",\"position\":2,\"name\":\"Prestations &amp; Visites\",\"item\":\"https:\\\/\\\/landioustravel.com\\\/fr\\\/\"},{\"@type\":\"ListItem\",\"position\":3,\"name\":\"Voyage en bus Plong\u00e9e en apn\u00e9e Ras Mohammed Charm\"}]},{\"@type\":\"WebSite\",\"@id\":\"https:\\\/\\\/landioustravel.com\\\/fr\\\/#website\",\"url\":\"https:\\\/\\\/landioustravel.com\\\/fr\\\/\",\"name\":\"Landious Travel\",\"description\":\"Excursions, trips and cruises in Egypt\",\"publisher\":{\"@id\":\"https:\\\/\\\/landioustravel.com\\\/fr\\\/#organization\"},\"potentialAction\":[{\"@type\":\"SearchAction\",\"target\":{\"@type\":\"EntryPoint\",\"urlTemplate\":\"https:\\\/\\\/landioustravel.com\\\/fr\\\/?s={search_term_string}\"},\"query-input\":{\"@type\":\"PropertyValueSpecification\",\"valueRequired\":true,\"valueName\":\"search_term_string\"}}],\"inLanguage\":\"fr-FR\"},{\"@type\":[\"Organization\",\"Place\"],\"@id\":\"https:\\\/\\\/landioustravel.com\\\/fr\\\/#organization\",\"name\":\"Landious Travel\",\"alternateName\":\"Landious Travel\",\"url\":\"https:\\\/\\\/landioustravel.com\\\/fr\\\/\",\"logo\":{\"@id\":\"https:\\\/\\\/landioustravel.com\\\/fr\\\/shop\\\/voyage-bus-apnee-ras-mohammed-charm\\\/#local-main-organization-logo\"},\"image\":{\"@id\":\"https:\\\/\\\/landioustravel.com\\\/fr\\\/shop\\\/voyage-bus-apnee-ras-mohammed-charm\\\/#local-main-organization-logo\"},\"sameAs\":[\"https:\\\/\\\/web.facebook.com\\\/landiousEgypt\",\"https:\\\/\\\/x.com\\\/LandiousTours\",\"https:\\\/\\\/mastodon.social\\\/@landious\"],\"legalName\":\"Landious Travel\",\"telephone\":[],\"openingHoursSpecification\":[{\"@type\":\"OpeningHoursSpecification\",\"dayOfWeek\":[\"Monday\",\"Tuesday\",\"Wednesday\",\"Thursday\",\"Friday\",\"Saturday\",\"Sunday\"],\"opens\":\"09:00\",\"closes\":\"17:00\"}]},{\"@type\":\"ImageObject\",\"inLanguage\":\"fr-FR\",\"@id\":\"https:\\\/\\\/landioustravel.com\\\/fr\\\/shop\\\/voyage-bus-apnee-ras-mohammed-charm\\\/#local-main-organization-logo\",\"url\":\"https:\\\/\\\/i0.wp.com\\\/landioustravel.com\\\/wp-content\\\/uploads\\\/2021\\\/06\\\/Landious-T.png?fit=500%2C500&ssl=1\",\"contentUrl\":\"https:\\\/\\\/i0.wp.com\\\/landioustravel.com\\\/wp-content\\\/uploads\\\/2021\\\/06\\\/Landious-T.png?fit=500%2C500&ssl=1\",\"width\":500,\"height\":500,\"caption\":\"Landious Travel\"}]}<\/script>\n<!-- \/ Yoast SEO Premium plugin. -->","yoast_head_json":{"title":"Voyage en bus Plong\u00e9e en apn\u00e9e Ras Mohammed Charm","description":"Voyage en bus Plong\u00e9e en apn\u00e9e Ras Mohammed Charm Pr\u00e9parez-vous pour une aventure incroyable avec Sharmers\u00a0! Montez \u00e0 bord d'un bus et","robots":{"index":"index","follow":"follow","max-snippet":"max-snippet:-1","max-image-preview":"max-image-preview:large","max-video-preview":"max-video-preview:-1"},"canonical":"https:\/\/landioustravel.com\/fr\/shop\/voyage-bus-apnee-ras-mohammed-charm\/","og_locale":"fr_FR","og_type":"article","og_title":"Voyage en bus Plong\u00e9e en apn\u00e9e Ras Mohammed Charm","og_description":"Landious Travel","og_url":"https:\/\/landioustravel.com\/fr\/shop\/voyage-bus-apnee-ras-mohammed-charm\/","og_site_name":"Landious Travel","article_publisher":"https:\/\/web.facebook.com\/landiousEgypt","article_modified_time":"2024-09-30T17:17:26+00:00","og_image":[{"width":1024,"height":644,"url":"https:\/\/landioustravel.com\/wp-content\/uploads\/2019\/02\/Ras-Mohammed-National-Park-entrance-gate.jpg","type":"image\/jpeg"}],"twitter_card":"summary_large_image","twitter_site":"@LandiousTours","twitter_misc":{"Dur\u00e9e de lecture estim\u00e9e":"2 minutes"},"schema":{"@context":"https:\/\/schema.org","@graph":[{"@type":"WebPage","@id":"https:\/\/landioustravel.com\/fr\/shop\/voyage-bus-apnee-ras-mohammed-charm\/","url":"https:\/\/landioustravel.com\/fr\/shop\/voyage-bus-apnee-ras-mohammed-charm\/","name":"Voyage en bus Plong\u00e9e en apn\u00e9e Ras Mohammed Charm","isPartOf":{"@id":"https:\/\/landioustravel.com\/fr\/#website"},"primaryImageOfPage":{"@id":"https:\/\/landioustravel.com\/fr\/shop\/voyage-bus-apnee-ras-mohammed-charm\/#primaryimage"},"image":{"@id":"https:\/\/landioustravel.com\/fr\/shop\/voyage-bus-apnee-ras-mohammed-charm\/#primaryimage"},"thumbnailUrl":"https:\/\/i0.wp.com\/landioustravel.com\/wp-content\/uploads\/2019\/02\/Ras-Mohammed-National-Park-entrance-gate.jpg?fit=1024%2C644&ssl=1","datePublished":"2019-02-16T15:40:16+00:00","dateModified":"2024-09-30T17:17:26+00:00","description":"Voyage en bus Plong\u00e9e en apn\u00e9e Ras Mohammed Charm Pr\u00e9parez-vous pour une aventure incroyable avec Sharmers\u00a0! Montez \u00e0 bord d'un bus et","breadcrumb":{"@id":"https:\/\/landioustravel.com\/fr\/shop\/voyage-bus-apnee-ras-mohammed-charm\/#breadcrumb"},"inLanguage":"fr-FR","potentialAction":[{"@type":"ReadAction","target":["https:\/\/landioustravel.com\/fr\/shop\/voyage-bus-apnee-ras-mohammed-charm\/"]}]},{"@type":"ImageObject","inLanguage":"fr-FR","@id":"https:\/\/landioustravel.com\/fr\/shop\/voyage-bus-apnee-ras-mohammed-charm\/#primaryimage","url":"https:\/\/i0.wp.com\/landioustravel.com\/wp-content\/uploads\/2019\/02\/Ras-Mohammed-National-Park-entrance-gate.jpg?fit=1024%2C644&ssl=1","contentUrl":"https:\/\/i0.wp.com\/landioustravel.com\/wp-content\/uploads\/2019\/02\/Ras-Mohammed-National-Park-entrance-gate.jpg?fit=1024%2C644&ssl=1","width":1024,"height":644,"caption":"Ras Mohammed National Park entrance gate"},{"@type":"BreadcrumbList","@id":"https:\/\/landioustravel.com\/fr\/shop\/voyage-bus-apnee-ras-mohammed-charm\/#breadcrumb","itemListElement":[{"@type":"ListItem","position":1,"name":"Home","item":"https:\/\/landioustravel.com\/fr\/"},{"@type":"ListItem","position":2,"name":"Prestations &amp; Visites","item":"https:\/\/landioustravel.com\/fr\/"},{"@type":"ListItem","position":3,"name":"Voyage en bus Plong\u00e9e en apn\u00e9e Ras Mohammed Charm"}]},{"@type":"WebSite","@id":"https:\/\/landioustravel.com\/fr\/#website","url":"https:\/\/landioustravel.com\/fr\/","name":"Landious Travel","description":"Excursions, trips and cruises in Egypt","publisher":{"@id":"https:\/\/landioustravel.com\/fr\/#organization"},"potentialAction":[{"@type":"SearchAction","target":{"@type":"EntryPoint","urlTemplate":"https:\/\/landioustravel.com\/fr\/?s={search_term_string}"},"query-input":{"@type":"PropertyValueSpecification","valueRequired":true,"valueName":"search_term_string"}}],"inLanguage":"fr-FR"},{"@type":["Organization","Place"],"@id":"https:\/\/landioustravel.com\/fr\/#organization","name":"Landious Travel","alternateName":"Landious Travel","url":"https:\/\/landioustravel.com\/fr\/","logo":{"@id":"https:\/\/landioustravel.com\/fr\/shop\/voyage-bus-apnee-ras-mohammed-charm\/#local-main-organization-logo"},"image":{"@id":"https:\/\/landioustravel.com\/fr\/shop\/voyage-bus-apnee-ras-mohammed-charm\/#local-main-organization-logo"},"sameAs":["https:\/\/web.facebook.com\/landiousEgypt","https:\/\/x.com\/LandiousTours","https:\/\/mastodon.social\/@landious"],"legalName":"Landious Travel","telephone":[],"openingHoursSpecification":[{"@type":"OpeningHoursSpecification","dayOfWeek":["Monday","Tuesday","Wednesday","Thursday","Friday","Saturday","Sunday"],"opens":"09:00","closes":"17:00"}]},{"@type":"ImageObject","inLanguage":"fr-FR","@id":"https:\/\/landioustravel.com\/fr\/shop\/voyage-bus-apnee-ras-mohammed-charm\/#local-main-organization-logo","url":"https:\/\/i0.wp.com\/landioustravel.com\/wp-content\/uploads\/2021\/06\/Landious-T.png?fit=500%2C500&ssl=1","contentUrl":"https:\/\/i0.wp.com\/landioustravel.com\/wp-content\/uploads\/2021\/06\/Landious-T.png?fit=500%2C500&ssl=1","width":500,"height":500,"caption":"Landious Travel"}]}},"jetpack_publicize_connections":[],"uagb_featured_image_src":{"full":["https:\/\/i0.wp.com\/landioustravel.com\/wp-content\/uploads\/2019\/02\/Ras-Mohammed-National-Park-entrance-gate.jpg?fit=1024%2C644&ssl=1",1024,644,false],"thumbnail":["https:\/\/i0.wp.com\/landioustravel.com\/wp-content\/uploads\/2019\/02\/Ras-Mohammed-National-Park-entrance-gate.jpg?resize=150%2C150&ssl=1",150,150,true],"medium":["https:\/\/i0.wp.com\/landioustravel.com\/wp-content\/uploads\/2019\/02\/Ras-Mohammed-National-Park-entrance-gate.jpg?fit=300%2C189&ssl=1",300,189,true],"medium_large":["https:\/\/i0.wp.com\/landioustravel.com\/wp-content\/uploads\/2019\/02\/Ras-Mohammed-National-Park-entrance-gate.jpg?fit=768%2C483&ssl=1",768,483,true],"large":["https:\/\/i0.wp.com\/landioustravel.com\/wp-content\/uploads\/2019\/02\/Ras-Mohammed-National-Park-entrance-gate.jpg?fit=980%2C616&ssl=1",980,616,true],"1536x1536":["https:\/\/i0.wp.com\/landioustravel.com\/wp-content\/uploads\/2019\/02\/Ras-Mohammed-National-Park-entrance-gate.jpg?fit=1024%2C644&ssl=1",1024,644,true],"2048x2048":["https:\/\/i0.wp.com\/landioustravel.com\/wp-content\/uploads\/2019\/02\/Ras-Mohammed-National-Park-entrance-gate.jpg?fit=1024%2C644&ssl=1",1024,644,true],"newspack-article-block-landscape-large":["https:\/\/i0.wp.com\/landioustravel.com\/wp-content\/uploads\/2019\/02\/Ras-Mohammed-National-Park-entrance-gate.jpg?resize=1024%2C644&ssl=1",1024,644,true],"newspack-article-block-portrait-large":["https:\/\/i0.wp.com\/landioustravel.com\/wp-content\/uploads\/2019\/02\/Ras-Mohammed-National-Park-entrance-gate.jpg?resize=900%2C644&ssl=1",900,644,true],"newspack-article-block-square-large":["https:\/\/i0.wp.com\/landioustravel.com\/wp-content\/uploads\/2019\/02\/Ras-Mohammed-National-Park-entrance-gate.jpg?resize=1024%2C644&ssl=1",1024,644,true],"newspack-article-block-landscape-medium":["https:\/\/i0.wp.com\/landioustravel.com\/wp-content\/uploads\/2019\/02\/Ras-Mohammed-National-Park-entrance-gate.jpg?resize=800%2C600&ssl=1",800,600,true],"newspack-article-block-portrait-medium":["https:\/\/i0.wp.com\/landioustravel.com\/wp-content\/uploads\/2019\/02\/Ras-Mohammed-National-Park-entrance-gate.jpg?resize=600%2C644&ssl=1",600,644,true],"newspack-article-block-square-medium":["https:\/\/i0.wp.com\/landioustravel.com\/wp-content\/uploads\/2019\/02\/Ras-Mohammed-National-Park-entrance-gate.jpg?resize=800%2C644&ssl=1",800,644,true],"newspack-article-block-landscape-intermediate":["https:\/\/i0.wp.com\/landioustravel.com\/wp-content\/uploads\/2019\/02\/Ras-Mohammed-National-Park-entrance-gate.jpg?resize=600%2C450&ssl=1",600,450,true],"newspack-article-block-portrait-intermediate":["https:\/\/i0.wp.com\/landioustravel.com\/wp-content\/uploads\/2019\/02\/Ras-Mohammed-National-Park-entrance-gate.jpg?resize=450%2C600&ssl=1",450,600,true],"newspack-article-block-square-intermediate":["https:\/\/i0.wp.com\/landioustravel.com\/wp-content\/uploads\/2019\/02\/Ras-Mohammed-National-Park-entrance-gate.jpg?resize=600%2C600&ssl=1",600,600,true],"newspack-article-block-landscape-small":["https:\/\/i0.wp.com\/landioustravel.com\/wp-content\/uploads\/2019\/02\/Ras-Mohammed-National-Park-entrance-gate.jpg?resize=400%2C300&ssl=1",400,300,true],"newspack-article-block-portrait-small":["https:\/\/i0.wp.com\/landioustravel.com\/wp-content\/uploads\/2019\/02\/Ras-Mohammed-National-Park-entrance-gate.jpg?resize=300%2C400&ssl=1",300,400,true],"newspack-article-block-square-small":["https:\/\/i0.wp.com\/landioustravel.com\/wp-content\/uploads\/2019\/02\/Ras-Mohammed-National-Park-entrance-gate.jpg?resize=400%2C400&ssl=1",400,400,true],"newspack-article-block-landscape-tiny":["https:\/\/i0.wp.com\/landioustravel.com\/wp-content\/uploads\/2019\/02\/Ras-Mohammed-National-Park-entrance-gate.jpg?resize=200%2C150&ssl=1",200,150,true],"newspack-article-block-portrait-tiny":["https:\/\/i0.wp.com\/landioustravel.com\/wp-content\/uploads\/2019\/02\/Ras-Mohammed-National-Park-entrance-gate.jpg?resize=150%2C200&ssl=1",150,200,true],"newspack-article-block-square-tiny":["https:\/\/i0.wp.com\/landioustravel.com\/wp-content\/uploads\/2019\/02\/Ras-Mohammed-National-Park-entrance-gate.jpg?resize=200%2C200&ssl=1",200,200,true],"newspack-article-block-uncropped":["https:\/\/i0.wp.com\/landioustravel.com\/wp-content\/uploads\/2019\/02\/Ras-Mohammed-National-Park-entrance-gate.jpg?fit=1024%2C644&ssl=1",1024,644,true],"woocommerce_thumbnail":["https:\/\/i0.wp.com\/landioustravel.com\/wp-content\/uploads\/2019\/02\/Ras-Mohammed-National-Park-entrance-gate.jpg?resize=324%2C324&ssl=1",324,324,true],"woocommerce_single":["https:\/\/i0.wp.com\/landioustravel.com\/wp-content\/uploads\/2019\/02\/Ras-Mohammed-National-Park-entrance-gate.jpg?fit=416%2C262&ssl=1",416,262,true],"woocommerce_gallery_thumbnail":["https:\/\/i0.wp.com\/landioustravel.com\/wp-content\/uploads\/2019\/02\/Ras-Mohammed-National-Park-entrance-gate.jpg?resize=100%2C100&ssl=1",100,100,true]},"uagb_author_info":{"display_name":"Mofreh Landious","author_link":"https:\/\/landioustravel.com\/fr\/author\/"},"uagb_comment_info":3,"uagb_excerpt":"Pr\u00e9parez-vous pour une aventure incroyable avec Sharmers\u00a0! Montez \u00e0 bord d'un bus et dirigez-vous vers le magnifique parc national de Ras Mohamed pour une excursion de plong\u00e9e inoubliable. Vous serez \u00e9merveill\u00e9 par les paysages \u00e0 couper le souffle sur votre chemin, et une fois arriv\u00e9, pr\u00e9parez-vous \u00e0 plonger dans le r\u00e9cif corallien de renomm\u00e9e mondiale.&hellip;","jetpack_sharing_enabled":true,"jetpack_likes_enabled":true,"amp_enabled":true,"_links":{"self":[{"href":"https:\/\/landioustravel.com\/fr\/wp-json\/wp\/v2\/product\/2045","targetHints":{"allow":["GET"]}}],"collection":[{"href":"https:\/\/landioustravel.com\/fr\/wp-json\/wp\/v2\/product"}],"about":[{"href":"https:\/\/landioustravel.com\/fr\/wp-json\/wp\/v2\/types\/product"}],"replies":[{"embeddable":true,"href":"https:\/\/landioustravel.com\/fr\/wp-json\/wp\/v2\/comments?post=2045"}],"wp:featuredmedia":[{"embeddable":true,"href":"https:\/\/landioustravel.com\/fr\/wp-json\/wp\/v2\/media\/100359"}],"wp:attachment":[{"href":"https:\/\/landioustravel.com\/fr\/wp-json\/wp\/v2\/media?parent=2045"}],"wp:term":[{"taxonomy":"product_brand","embeddable":true,"href":"https:\/\/landioustravel.com\/fr\/wp-json\/wp\/v2\/product_brand?post=2045"},{"taxonomy":"product_cat","embeddable":true,"href":"https:\/\/landioustravel.com\/fr\/wp-json\/wp\/v2\/product_cat?post=2045"},{"taxonomy":"product_tag","embeddable":true,"href":"https:\/\/landioustravel.com\/fr\/wp-json\/wp\/v2\/product_tag?post=2045"}],"curies":[{"name":"wp","href":"https:\/\/api.w.org\/{rel}","templated":true}]}}