{"id":2293,"date":"2023-03-28T02:23:35","date_gmt":"2019-02-22T09:23:35","guid":{"rendered":"https:\/\/landioustravel.com\/product\/excursion-super-gouna-dhurghada\/"},"modified":"2023-12-05T19:15:47","modified_gmt":"2023-12-05T17:15:47","slug":"excursion-super-gouna-dhurghada","status":"publish","type":"product","link":"https:\/\/landioustravel.com\/fr\/shop\/excursion-super-gouna-dhurghada\/","title":{"rendered":"Excursion Super Gouna d&#8217;Hurghada"},"content":{"rendered":"<p>Un fantastique voyage en mer \u00e0 la Venise \u00e9gyptienne \u00e0 Hurghada! Nous recommandons le voyage car cela permet aux touristes de passer un bon moment \u00e0 nager dans la mer. En outre, il permet de voir les beaux coraux et une vari\u00e9t\u00e9 de poissons, et de profiter d&#8217;un pique-nique en bateau au bord de la mer Rouge. Le voyage vous donne l\u2019occasion de vous situer \u00e0 Venise \u00e9gyptienne _ El Gouna et de nager avec les dauphins!<\/p>\n<h2>Les points forts du programme d&#8217;excursion \u00e0 El Gouna<\/h2>\n<ul>\n<li>Nager avec les dauphins en pleine mer<\/li>\n<li>Plong\u00e9e en apn\u00e9e<\/li>\n<li>Le d\u00e9jeuner<\/li>\n<li>Regarder la vie marine en semi-sous-marin<\/li>\n<li>Excursion en bateau \u00e0 moteur autour d&#8217;El Gouna<\/li>\n<li>Promenade \u00e0 El-Gouna<\/li>\n<\/ul>\n<h3>Le programme d&#8217;excursion \u00e0 El Gouna depuis Hurghada<\/h3>\n<ul>\n<li>Nous venons vous chercher \u00e0 l&#8217;h\u00f4tel vers 08h00.<\/li>\n<li>Apr\u00e8s avoir pris tous les arrivants, le bus se rend au port. Le trajet jusqu&#8217;au port prend environ 35 minutes<\/li>\n<li>Vous trouverez votre yacht dans le port. C\u2019est grand et chic! Ce yacht est compos\u00e9 de deux \u00e9tages. D\u00e8s que vous entrez dans le yacht, il est n\u00e9cessaire d\u2019enlever vos chaussures et de vous lever au deuxi\u00e8me \u00e9tage pour bronzer sur la terrasse sup\u00e9rieure.<\/li>\n<li>Le yacht traverse la mer Rouge d\u00e8s que le groupe se r\u00e9unit. De plus, sur un magnifique spot de mer de coraux, vous ferez votre premier arr\u00eat en pleine mer. L\u00e0, vous pouvez nager avec les dauphins et plonger avec un masque et des palmes<\/li>\n<li>Apr\u00e8s cette merveilleuse escale, le yacht se dirige vers la belle ville d\u2019El-Gouna.<\/li>\n<li>Une fois que vous \u00eates si proche de la Venise \u00e9gyptienne, vous prenez un bateau \u00e0 moteur pour observer de plus pr\u00e8s El Gouna. Le bateau passe par les canaux de la Venise \u00e9gyptienne pour vous permettre de voir l\u2019endroit de l\u2019int\u00e9rieur. Le guide montrera et donnera des informations sur cet endroit.<\/li>\n<li>Apr\u00e8s une telle visite, vous atterrissez sur El-Gouna m\u00eame pour commencer une visite \u00e0 pied de l&#8217;endroit. Encore une fois, le guide vous accompagne et montre le spectacle \u00e0 El Gouna<\/li>\n<li>\u00c0 El-Gouna, vous pouvez voir le monde sous-marin sur un semi-sous-marin. Le semi-sous-marin est situ\u00e9 dans le port de la Venise \u00e9gyptienne<\/li>\n<li>Ensuite, nous vous ram\u00e8nerons au yacht. Au premier \u00e9tage de votre bateau, le groupe se r\u00e9unit pour le d\u00e9jeuner. A l&#8217;heure du d\u00e9jeuner, le buffet sera ouvert<\/li>\n<li>Ce programme d\u2019excursions \u00e0 El Gouna se termine vers 16h30.<\/li>\n<\/ul>\n<h4>Ce qui est inclus dans le prix du voyage<\/h4>\n<ul>\n<li>Masques et palmes<\/li>\n<li>Nourriture et boissons<\/li>\n<li>Transfert au port et retour \u00e0 l&#8217;h\u00f4tel<\/li>\n<\/ul>\n<h5>Ce qui n&#8217;est pas inclus dans le prix du tour<\/h5>\n<ul>\n<li>DVD vid\u00e9o<\/li>\n<li>CD photo<\/li>\n<\/ul>\n<h6>QUE FAIRE AVEC VOUS POUR LE TOUR?<\/h6>\n<ul>\n<li>Serviette<\/li>\n<li>Cr\u00e8me solaire<\/li>\n<\/ul>\n<h6>ORGANISATION DE JOURS D&#8217;EXCURSION<\/h6>\n<ul>\n<li>Tous les jours de 08h00 \u00e0 17h00<\/li>\n<\/ul>\n","protected":false},"excerpt":{"rendered":"<p>D\u00e9couvrez la magnifique et anim\u00e9e ville d&#8217;El Gouna lors d&#8217;une excursion en bateau passionnante \u00e0 vous couper le souffle. Notre circuit est con\u00e7u pour vous offrir une exp\u00e9rience inoubliable, riche en divertissements et en aventures.<\/p>\n<p>Nous vous emm\u00e8nerons sur un bateau confortable de la c\u00f4te d&#8217;Hurghada \u00e0 El Gouna, \u00e9galement connue sous le nom de Venise \u00e9gyptienne. En chemin, vous aurez l&#8217;occasion de voir les dauphins \u00e0 couper le souffle dans leur habitat naturel \u00e0 la Dolphin House. Vous pouvez \u00e9galement faire une pause pour p\u00eacher et faire de la plong\u00e9e avec tuba avant de nous diriger vers El Gouna.<\/p>\n<p>El Gouna est une petite ville situ\u00e9e \u00e0 environ 20 km au nord d&#8217;Hurghada sur la mer Rouge. Elle est connue pour ses vastes plages de sable et ses excellentes conditions de vent, ce qui en fait un endroit populaire pour les plongeurs et les surfeurs. Vous serez enchant\u00e9 par l&#8217;architecture traditionnelle des maisons qui bordent les ruelles, vous emmenant tout droit vers l&#8217;Orient.<\/p>\n<p>Pendant la visite en bateau, vous aurez la chance de nager et de plonger avec des masques et des palmes. D\u00e8s votre arriv\u00e9e \u00e0 El Gouna, vous commencerez une excursion en bateau \u00e0 moteur \u00e0 travers les canaux d&#8217;eau et les lagunes de cette station. Vous pouvez m\u00eame observer le monde sous-marin sur un semi-sous-marin. Le prix du voyage comprend le d\u00e9jeuner et une boisson.<\/p>\n<p>Notre \u00e9quipe de guides professionnels sera l\u00e0 pour vous assister tout au long du voyage, s&#8217;assurant que vous viviez une exp\u00e9rience inoubliable. Nous comprenons l&#8217;importance de rendre votre voyage confortable et agr\u00e9able, c&#8217;est pourquoi nous proposons des transferts haut de gamme depuis votre h\u00f4tel dans des v\u00e9hicules climatis\u00e9s.<\/p>\n<p>Nous voulons que vous viviez une exp\u00e9rience que vous ch\u00e9rirez toute votre vie. C&#8217;est pourquoi nous proposons tout le mat\u00e9riel n\u00e9cessaire pour la p\u00eache et le snorkeling, et m\u00eame les sports nautiques. Vous pouvez prendre des photos tout au long du voyage pour capturer ces pr\u00e9cieux moments.<\/p>\n<p>Ne manquez pas cette occasion d&#8217;explorer El Gouna et sa riche histoire. Apr\u00e8s le tour en bateau, nous vous ram\u00e8nerons \u00e0 votre h\u00f4tel \u00e0 Hurghada. L&#8217;heure de retour est 16h30. R\u00e9servez votre voyage maintenant et laissez-nous vous emmener dans un voyage que vous n&#8217;oublierez jamais !<\/p>\n","protected":false},"featured_media":46484,"comment_status":"open","ping_status":"closed","template":"","meta":{"_coblocks_attr":"","_coblocks_dimensions":"","_coblocks_responsive_height":"","_coblocks_accordion_ie_support":"","_uag_custom_page_level_css":"","jetpack_publicize_message":"","jetpack_publicize_feature_enabled":true,"jetpack_social_post_already_shared":false,"jetpack_social_options":{"image_generator_settings":{"template":"highway","default_image_id":0,"font":"","enabled":false},"version":2},"_wpas_customize_per_network":false},"product_brand":[],"product_cat":[1557,1565],"product_tag":[1577,1578,2142,1580,1576,1779,1780,1842,1571],"class_list":{"0":"post-2293","1":"product","2":"type-product","3":"status-publish","4":"has-post-thumbnail","6":"product_cat-excursions-a-hurghada","7":"product_cat-excursions-mer-hurghada","8":"product_tag-el-gouna-fr","9":"product_tag-excursion-fr","10":"product_tag-excursions-depuis-hurghada","11":"product_tag-hurghada-fr","12":"product_tag-maison-de-dauphin","13":"product_tag-mer","14":"product_tag-plongee-en-apnee","15":"product_tag-semi-sous-marin","16":"product_tag-voyages-en-mer","17":"pa_age-adulte","18":"pa_age-enfant-1-4-ans","19":"pa_age-enfant-5-11-ans","21":"first","22":"instock","23":"sale","24":"purchasable","25":"product-type-variable"},"yoast_head":"<!-- This site is optimized with the Yoast SEO Premium plugin v26.9 (Yoast SEO v27.5) - https:\/\/yoast.com\/product\/yoast-seo-premium-wordpress\/ -->\n<title>Excursion Super Gouna d&#039;Hurghada<\/title>\n<meta name=\"description\" content=\"Excursion Super Gouna d&#039;Hurghada D\u00e9couvrez la magnifique et anim\u00e9e ville d&#039;El Gouna lors d&#039;une excursion en bateau passionnante \u00e0 vous couper le souffle.\" \/>\n<meta name=\"robots\" content=\"index, follow, max-snippet:-1, max-image-preview:large, max-video-preview:-1\" \/>\n<link rel=\"canonical\" href=\"https:\/\/landioustravel.com\/fr\/shop\/excursion-super-gouna-dhurghada\/\" \/>\n<meta property=\"og:locale\" content=\"fr_FR\" \/>\n<meta property=\"og:type\" content=\"article\" \/>\n<meta property=\"og:title\" content=\"Excursion Super Gouna d&#039;Hurghada\" \/>\n<meta property=\"og:description\" content=\"Landious Travel\" \/>\n<meta property=\"og:url\" content=\"https:\/\/landioustravel.com\/fr\/shop\/excursion-super-gouna-dhurghada\/\" \/>\n<meta property=\"og:site_name\" content=\"Landious Travel\" \/>\n<meta property=\"article:publisher\" content=\"https:\/\/web.facebook.com\/landiousEgypt\" \/>\n<meta property=\"article:modified_time\" content=\"2023-12-05T17:15:47+00:00\" \/>\n<meta property=\"og:image\" content=\"https:\/\/i0.wp.com\/landioustravel.com\/wp-content\/uploads\/2019\/02\/Super-Gouna-Trip-Hurghada-e1617742910305.jpg?fit=1200%2C675&ssl=1\" \/>\n\t<meta property=\"og:image:width\" content=\"1200\" \/>\n\t<meta property=\"og:image:height\" content=\"675\" \/>\n\t<meta property=\"og:image:type\" content=\"image\/jpeg\" \/>\n<meta name=\"twitter:card\" content=\"summary_large_image\" \/>\n<meta name=\"twitter:site\" content=\"@LandiousTours\" \/>\n<meta name=\"twitter:label1\" content=\"Dur\u00e9e de lecture estim\u00e9e\" \/>\n\t<meta name=\"twitter:data1\" content=\"2 minutes\" \/>\n<script type=\"application\/ld+json\" class=\"yoast-schema-graph\">{\"@context\":\"https:\\\/\\\/schema.org\",\"@graph\":[{\"@type\":\"WebPage\",\"@id\":\"https:\\\/\\\/landioustravel.com\\\/fr\\\/shop\\\/excursion-super-gouna-dhurghada\\\/\",\"url\":\"https:\\\/\\\/landioustravel.com\\\/fr\\\/shop\\\/excursion-super-gouna-dhurghada\\\/\",\"name\":\"Excursion Super Gouna d'Hurghada\",\"isPartOf\":{\"@id\":\"https:\\\/\\\/landioustravel.com\\\/fr\\\/#website\"},\"primaryImageOfPage\":{\"@id\":\"https:\\\/\\\/landioustravel.com\\\/fr\\\/shop\\\/excursion-super-gouna-dhurghada\\\/#primaryimage\"},\"image\":{\"@id\":\"https:\\\/\\\/landioustravel.com\\\/fr\\\/shop\\\/excursion-super-gouna-dhurghada\\\/#primaryimage\"},\"thumbnailUrl\":\"https:\\\/\\\/i0.wp.com\\\/landioustravel.com\\\/wp-content\\\/uploads\\\/2019\\\/02\\\/Super-Gouna-Trip-Hurghada-e1617742910305.jpg?fit=1200%2C675&ssl=1\",\"datePublished\":\"2019-02-22T09:23:35+00:00\",\"dateModified\":\"2023-12-05T17:15:47+00:00\",\"description\":\"Excursion Super Gouna d'Hurghada D\u00e9couvrez la magnifique et anim\u00e9e ville d'El Gouna lors d'une excursion en bateau passionnante \u00e0 vous couper le souffle.\",\"breadcrumb\":{\"@id\":\"https:\\\/\\\/landioustravel.com\\\/fr\\\/shop\\\/excursion-super-gouna-dhurghada\\\/#breadcrumb\"},\"inLanguage\":\"fr-FR\",\"potentialAction\":[{\"@type\":\"ReadAction\",\"target\":[\"https:\\\/\\\/landioustravel.com\\\/fr\\\/shop\\\/excursion-super-gouna-dhurghada\\\/\"]}]},{\"@type\":\"ImageObject\",\"inLanguage\":\"fr-FR\",\"@id\":\"https:\\\/\\\/landioustravel.com\\\/fr\\\/shop\\\/excursion-super-gouna-dhurghada\\\/#primaryimage\",\"url\":\"https:\\\/\\\/i0.wp.com\\\/landioustravel.com\\\/wp-content\\\/uploads\\\/2019\\\/02\\\/Super-Gouna-Trip-Hurghada-e1617742910305.jpg?fit=1200%2C675&ssl=1\",\"contentUrl\":\"https:\\\/\\\/i0.wp.com\\\/landioustravel.com\\\/wp-content\\\/uploads\\\/2019\\\/02\\\/Super-Gouna-Trip-Hurghada-e1617742910305.jpg?fit=1200%2C675&ssl=1\",\"width\":1200,\"height\":675,\"caption\":\"Super Gouna Trip Hurghada\"},{\"@type\":\"BreadcrumbList\",\"@id\":\"https:\\\/\\\/landioustravel.com\\\/fr\\\/shop\\\/excursion-super-gouna-dhurghada\\\/#breadcrumb\",\"itemListElement\":[{\"@type\":\"ListItem\",\"position\":1,\"name\":\"Home\",\"item\":\"https:\\\/\\\/landioustravel.com\\\/fr\\\/\"},{\"@type\":\"ListItem\",\"position\":2,\"name\":\"Prestations &amp; Visites\",\"item\":\"https:\\\/\\\/landioustravel.com\\\/fr\\\/\"},{\"@type\":\"ListItem\",\"position\":3,\"name\":\"Excursion Super Gouna d&#8217;Hurghada\"}]},{\"@type\":\"WebSite\",\"@id\":\"https:\\\/\\\/landioustravel.com\\\/fr\\\/#website\",\"url\":\"https:\\\/\\\/landioustravel.com\\\/fr\\\/\",\"name\":\"Landious Travel\",\"description\":\"Excursions, trips and cruises in Egypt\",\"publisher\":{\"@id\":\"https:\\\/\\\/landioustravel.com\\\/fr\\\/#organization\"},\"potentialAction\":[{\"@type\":\"SearchAction\",\"target\":{\"@type\":\"EntryPoint\",\"urlTemplate\":\"https:\\\/\\\/landioustravel.com\\\/fr\\\/?s={search_term_string}\"},\"query-input\":{\"@type\":\"PropertyValueSpecification\",\"valueRequired\":true,\"valueName\":\"search_term_string\"}}],\"inLanguage\":\"fr-FR\"},{\"@type\":[\"Organization\",\"Place\"],\"@id\":\"https:\\\/\\\/landioustravel.com\\\/fr\\\/#organization\",\"name\":\"Landious Travel\",\"alternateName\":\"Landious Travel\",\"url\":\"https:\\\/\\\/landioustravel.com\\\/fr\\\/\",\"logo\":{\"@id\":\"https:\\\/\\\/landioustravel.com\\\/fr\\\/shop\\\/excursion-super-gouna-dhurghada\\\/#local-main-organization-logo\"},\"image\":{\"@id\":\"https:\\\/\\\/landioustravel.com\\\/fr\\\/shop\\\/excursion-super-gouna-dhurghada\\\/#local-main-organization-logo\"},\"sameAs\":[\"https:\\\/\\\/web.facebook.com\\\/landiousEgypt\",\"https:\\\/\\\/x.com\\\/LandiousTours\",\"https:\\\/\\\/mastodon.social\\\/@landious\"],\"legalName\":\"Landious Travel\",\"telephone\":[],\"openingHoursSpecification\":[{\"@type\":\"OpeningHoursSpecification\",\"dayOfWeek\":[\"Monday\",\"Tuesday\",\"Wednesday\",\"Thursday\",\"Friday\",\"Saturday\",\"Sunday\"],\"opens\":\"09:00\",\"closes\":\"17:00\"}]},{\"@type\":\"ImageObject\",\"inLanguage\":\"fr-FR\",\"@id\":\"https:\\\/\\\/landioustravel.com\\\/fr\\\/shop\\\/excursion-super-gouna-dhurghada\\\/#local-main-organization-logo\",\"url\":\"https:\\\/\\\/i0.wp.com\\\/landioustravel.com\\\/wp-content\\\/uploads\\\/2021\\\/06\\\/Landious-T.png?fit=500%2C500&ssl=1\",\"contentUrl\":\"https:\\\/\\\/i0.wp.com\\\/landioustravel.com\\\/wp-content\\\/uploads\\\/2021\\\/06\\\/Landious-T.png?fit=500%2C500&ssl=1\",\"width\":500,\"height\":500,\"caption\":\"Landious Travel\"}]}<\/script>\n<!-- \/ Yoast SEO Premium plugin. -->","yoast_head_json":{"title":"Excursion Super Gouna d'Hurghada","description":"Excursion Super Gouna d'Hurghada D\u00e9couvrez la magnifique et anim\u00e9e ville d'El Gouna lors d'une excursion en bateau passionnante \u00e0 vous couper le souffle.","robots":{"index":"index","follow":"follow","max-snippet":"max-snippet:-1","max-image-preview":"max-image-preview:large","max-video-preview":"max-video-preview:-1"},"canonical":"https:\/\/landioustravel.com\/fr\/shop\/excursion-super-gouna-dhurghada\/","og_locale":"fr_FR","og_type":"article","og_title":"Excursion Super Gouna d'Hurghada","og_description":"Landious Travel","og_url":"https:\/\/landioustravel.com\/fr\/shop\/excursion-super-gouna-dhurghada\/","og_site_name":"Landious Travel","article_publisher":"https:\/\/web.facebook.com\/landiousEgypt","article_modified_time":"2023-12-05T17:15:47+00:00","og_image":[{"width":1200,"height":675,"url":"https:\/\/i0.wp.com\/landioustravel.com\/wp-content\/uploads\/2019\/02\/Super-Gouna-Trip-Hurghada-e1617742910305.jpg?fit=1200%2C675&ssl=1","type":"image\/jpeg"}],"twitter_card":"summary_large_image","twitter_site":"@LandiousTours","twitter_misc":{"Dur\u00e9e de lecture estim\u00e9e":"2 minutes"},"schema":{"@context":"https:\/\/schema.org","@graph":[{"@type":"WebPage","@id":"https:\/\/landioustravel.com\/fr\/shop\/excursion-super-gouna-dhurghada\/","url":"https:\/\/landioustravel.com\/fr\/shop\/excursion-super-gouna-dhurghada\/","name":"Excursion Super Gouna d'Hurghada","isPartOf":{"@id":"https:\/\/landioustravel.com\/fr\/#website"},"primaryImageOfPage":{"@id":"https:\/\/landioustravel.com\/fr\/shop\/excursion-super-gouna-dhurghada\/#primaryimage"},"image":{"@id":"https:\/\/landioustravel.com\/fr\/shop\/excursion-super-gouna-dhurghada\/#primaryimage"},"thumbnailUrl":"https:\/\/i0.wp.com\/landioustravel.com\/wp-content\/uploads\/2019\/02\/Super-Gouna-Trip-Hurghada-e1617742910305.jpg?fit=1200%2C675&ssl=1","datePublished":"2019-02-22T09:23:35+00:00","dateModified":"2023-12-05T17:15:47+00:00","description":"Excursion Super Gouna d'Hurghada D\u00e9couvrez la magnifique et anim\u00e9e ville d'El Gouna lors d'une excursion en bateau passionnante \u00e0 vous couper le souffle.","breadcrumb":{"@id":"https:\/\/landioustravel.com\/fr\/shop\/excursion-super-gouna-dhurghada\/#breadcrumb"},"inLanguage":"fr-FR","potentialAction":[{"@type":"ReadAction","target":["https:\/\/landioustravel.com\/fr\/shop\/excursion-super-gouna-dhurghada\/"]}]},{"@type":"ImageObject","inLanguage":"fr-FR","@id":"https:\/\/landioustravel.com\/fr\/shop\/excursion-super-gouna-dhurghada\/#primaryimage","url":"https:\/\/i0.wp.com\/landioustravel.com\/wp-content\/uploads\/2019\/02\/Super-Gouna-Trip-Hurghada-e1617742910305.jpg?fit=1200%2C675&ssl=1","contentUrl":"https:\/\/i0.wp.com\/landioustravel.com\/wp-content\/uploads\/2019\/02\/Super-Gouna-Trip-Hurghada-e1617742910305.jpg?fit=1200%2C675&ssl=1","width":1200,"height":675,"caption":"Super Gouna Trip Hurghada"},{"@type":"BreadcrumbList","@id":"https:\/\/landioustravel.com\/fr\/shop\/excursion-super-gouna-dhurghada\/#breadcrumb","itemListElement":[{"@type":"ListItem","position":1,"name":"Home","item":"https:\/\/landioustravel.com\/fr\/"},{"@type":"ListItem","position":2,"name":"Prestations &amp; Visites","item":"https:\/\/landioustravel.com\/fr\/"},{"@type":"ListItem","position":3,"name":"Excursion Super Gouna d&#8217;Hurghada"}]},{"@type":"WebSite","@id":"https:\/\/landioustravel.com\/fr\/#website","url":"https:\/\/landioustravel.com\/fr\/","name":"Landious Travel","description":"Excursions, trips and cruises in Egypt","publisher":{"@id":"https:\/\/landioustravel.com\/fr\/#organization"},"potentialAction":[{"@type":"SearchAction","target":{"@type":"EntryPoint","urlTemplate":"https:\/\/landioustravel.com\/fr\/?s={search_term_string}"},"query-input":{"@type":"PropertyValueSpecification","valueRequired":true,"valueName":"search_term_string"}}],"inLanguage":"fr-FR"},{"@type":["Organization","Place"],"@id":"https:\/\/landioustravel.com\/fr\/#organization","name":"Landious Travel","alternateName":"Landious Travel","url":"https:\/\/landioustravel.com\/fr\/","logo":{"@id":"https:\/\/landioustravel.com\/fr\/shop\/excursion-super-gouna-dhurghada\/#local-main-organization-logo"},"image":{"@id":"https:\/\/landioustravel.com\/fr\/shop\/excursion-super-gouna-dhurghada\/#local-main-organization-logo"},"sameAs":["https:\/\/web.facebook.com\/landiousEgypt","https:\/\/x.com\/LandiousTours","https:\/\/mastodon.social\/@landious"],"legalName":"Landious Travel","telephone":[],"openingHoursSpecification":[{"@type":"OpeningHoursSpecification","dayOfWeek":["Monday","Tuesday","Wednesday","Thursday","Friday","Saturday","Sunday"],"opens":"09:00","closes":"17:00"}]},{"@type":"ImageObject","inLanguage":"fr-FR","@id":"https:\/\/landioustravel.com\/fr\/shop\/excursion-super-gouna-dhurghada\/#local-main-organization-logo","url":"https:\/\/i0.wp.com\/landioustravel.com\/wp-content\/uploads\/2021\/06\/Landious-T.png?fit=500%2C500&ssl=1","contentUrl":"https:\/\/i0.wp.com\/landioustravel.com\/wp-content\/uploads\/2021\/06\/Landious-T.png?fit=500%2C500&ssl=1","width":500,"height":500,"caption":"Landious Travel"}]}},"jetpack_publicize_connections":[],"uagb_featured_image_src":{"full":["https:\/\/i0.wp.com\/landioustravel.com\/wp-content\/uploads\/2019\/02\/Super-Gouna-Trip-Hurghada-e1617742910305.jpg?fit=1200%2C675&ssl=1",1200,675,false],"thumbnail":["https:\/\/i0.wp.com\/landioustravel.com\/wp-content\/uploads\/2019\/02\/Super-Gouna-Trip-Hurghada-e1617742910305.jpg?resize=150%2C150&ssl=1",150,150,true],"medium":["https:\/\/i0.wp.com\/landioustravel.com\/wp-content\/uploads\/2019\/02\/Super-Gouna-Trip-Hurghada-e1617742910305.jpg?fit=300%2C169&ssl=1",300,169,true],"medium_large":["https:\/\/i0.wp.com\/landioustravel.com\/wp-content\/uploads\/2019\/02\/Super-Gouna-Trip-Hurghada-e1617742910305.jpg?fit=768%2C432&ssl=1",768,432,true],"large":["https:\/\/i0.wp.com\/landioustravel.com\/wp-content\/uploads\/2019\/02\/Super-Gouna-Trip-Hurghada-e1617742910305.jpg?fit=980%2C551&ssl=1",980,551,true],"1536x1536":["https:\/\/i0.wp.com\/landioustravel.com\/wp-content\/uploads\/2019\/02\/Super-Gouna-Trip-Hurghada-e1617742910305.jpg?fit=1536%2C864&ssl=1",1536,864,true],"2048x2048":["https:\/\/i0.wp.com\/landioustravel.com\/wp-content\/uploads\/2019\/02\/Super-Gouna-Trip-Hurghada-e1617742910305.jpg?fit=2048%2C1152&ssl=1",2048,1152,true],"newspack-article-block-landscape-large":["https:\/\/i0.wp.com\/landioustravel.com\/wp-content\/uploads\/2019\/02\/Super-Gouna-Trip-Hurghada-e1617742910305.jpg?resize=1200%2C675&ssl=1",1200,900,true],"newspack-article-block-portrait-large":["https:\/\/i0.wp.com\/landioustravel.com\/wp-content\/uploads\/2019\/02\/Super-Gouna-Trip-Hurghada-e1617742910305.jpg?resize=900%2C675&ssl=1",900,1200,true],"newspack-article-block-square-large":["https:\/\/i0.wp.com\/landioustravel.com\/wp-content\/uploads\/2019\/02\/Super-Gouna-Trip-Hurghada-e1617742910305.jpg?resize=1200%2C675&ssl=1",1200,1200,true],"newspack-article-block-landscape-medium":["https:\/\/i0.wp.com\/landioustravel.com\/wp-content\/uploads\/2019\/02\/Super-Gouna-Trip-Hurghada-e1617742910305.jpg?resize=800%2C600&ssl=1",800,600,true],"newspack-article-block-portrait-medium":["https:\/\/i0.wp.com\/landioustravel.com\/wp-content\/uploads\/2019\/02\/Super-Gouna-Trip-Hurghada-e1617742910305.jpg?resize=600%2C675&ssl=1",600,800,true],"newspack-article-block-square-medium":["https:\/\/i0.wp.com\/landioustravel.com\/wp-content\/uploads\/2019\/02\/Super-Gouna-Trip-Hurghada-e1617742910305.jpg?resize=800%2C675&ssl=1",800,800,true],"newspack-article-block-landscape-intermediate":["https:\/\/i0.wp.com\/landioustravel.com\/wp-content\/uploads\/2019\/02\/Super-Gouna-Trip-Hurghada-e1617742910305.jpg?resize=600%2C450&ssl=1",600,450,true],"newspack-article-block-portrait-intermediate":["https:\/\/i0.wp.com\/landioustravel.com\/wp-content\/uploads\/2019\/02\/Super-Gouna-Trip-Hurghada-e1617742910305.jpg?resize=450%2C600&ssl=1",450,600,true],"newspack-article-block-square-intermediate":["https:\/\/i0.wp.com\/landioustravel.com\/wp-content\/uploads\/2019\/02\/Super-Gouna-Trip-Hurghada-e1617742910305.jpg?resize=600%2C600&ssl=1",600,600,true],"newspack-article-block-landscape-small":["https:\/\/i0.wp.com\/landioustravel.com\/wp-content\/uploads\/2019\/02\/Super-Gouna-Trip-Hurghada-e1617742910305.jpg?resize=400%2C300&ssl=1",400,300,true],"newspack-article-block-portrait-small":["https:\/\/i0.wp.com\/landioustravel.com\/wp-content\/uploads\/2019\/02\/Super-Gouna-Trip-Hurghada-e1617742910305.jpg?resize=300%2C400&ssl=1",300,400,true],"newspack-article-block-square-small":["https:\/\/i0.wp.com\/landioustravel.com\/wp-content\/uploads\/2019\/02\/Super-Gouna-Trip-Hurghada-e1617742910305.jpg?resize=400%2C400&ssl=1",400,400,true],"newspack-article-block-landscape-tiny":["https:\/\/i0.wp.com\/landioustravel.com\/wp-content\/uploads\/2019\/02\/Super-Gouna-Trip-Hurghada-e1617742910305.jpg?resize=200%2C150&ssl=1",200,150,true],"newspack-article-block-portrait-tiny":["https:\/\/i0.wp.com\/landioustravel.com\/wp-content\/uploads\/2019\/02\/Super-Gouna-Trip-Hurghada-e1617742910305.jpg?resize=150%2C200&ssl=1",150,200,true],"newspack-article-block-square-tiny":["https:\/\/i0.wp.com\/landioustravel.com\/wp-content\/uploads\/2019\/02\/Super-Gouna-Trip-Hurghada-e1617742910305.jpg?resize=200%2C200&ssl=1",200,200,true],"newspack-article-block-uncropped":["https:\/\/i0.wp.com\/landioustravel.com\/wp-content\/uploads\/2019\/02\/Super-Gouna-Trip-Hurghada-e1617742910305.jpg?fit=1200%2C675&ssl=1",1200,675,true],"woocommerce_thumbnail":["https:\/\/i0.wp.com\/landioustravel.com\/wp-content\/uploads\/2019\/02\/Super-Gouna-Trip-Hurghada-e1617742910305.jpg?resize=324%2C324&ssl=1",324,324,true],"woocommerce_single":["https:\/\/i0.wp.com\/landioustravel.com\/wp-content\/uploads\/2019\/02\/Super-Gouna-Trip-Hurghada-e1617742910305.jpg?fit=416%2C234&ssl=1",416,234,true],"woocommerce_gallery_thumbnail":["https:\/\/i0.wp.com\/landioustravel.com\/wp-content\/uploads\/2019\/02\/Super-Gouna-Trip-Hurghada-e1617742910305.jpg?resize=100%2C100&ssl=1",100,100,true]},"uagb_author_info":{"display_name":"Mofreh Landious","author_link":"https:\/\/landioustravel.com\/fr\/author\/"},"uagb_comment_info":2,"uagb_excerpt":"D\u00e9couvrez la magnifique et anim\u00e9e ville d'El Gouna lors d'une excursion en bateau passionnante \u00e0 vous couper le souffle. Notre circuit est con\u00e7u pour vous offrir une exp\u00e9rience inoubliable, riche en divertissements et en aventures. Nous vous emm\u00e8nerons sur un bateau confortable de la c\u00f4te d'Hurghada \u00e0 El Gouna, \u00e9galement connue sous le nom de&hellip;","jetpack_sharing_enabled":true,"jetpack_likes_enabled":true,"amp_enabled":true,"_links":{"self":[{"href":"https:\/\/landioustravel.com\/fr\/wp-json\/wp\/v2\/product\/2293","targetHints":{"allow":["GET"]}}],"collection":[{"href":"https:\/\/landioustravel.com\/fr\/wp-json\/wp\/v2\/product"}],"about":[{"href":"https:\/\/landioustravel.com\/fr\/wp-json\/wp\/v2\/types\/product"}],"replies":[{"embeddable":true,"href":"https:\/\/landioustravel.com\/fr\/wp-json\/wp\/v2\/comments?post=2293"}],"wp:featuredmedia":[{"embeddable":true,"href":"https:\/\/landioustravel.com\/fr\/wp-json\/wp\/v2\/media\/46484"}],"wp:attachment":[{"href":"https:\/\/landioustravel.com\/fr\/wp-json\/wp\/v2\/media?parent=2293"}],"wp:term":[{"taxonomy":"product_brand","embeddable":true,"href":"https:\/\/landioustravel.com\/fr\/wp-json\/wp\/v2\/product_brand?post=2293"},{"taxonomy":"product_cat","embeddable":true,"href":"https:\/\/landioustravel.com\/fr\/wp-json\/wp\/v2\/product_cat?post=2293"},{"taxonomy":"product_tag","embeddable":true,"href":"https:\/\/landioustravel.com\/fr\/wp-json\/wp\/v2\/product_tag?post=2293"}],"curies":[{"name":"wp","href":"https:\/\/api.w.org\/{rel}","templated":true}]}}