{"id":25457,"date":"2020-10-18T10:11:09","date_gmt":"2020-10-25T21:51:53","guid":{"rendered":"https:\/\/landioustravel.com\/?post_type=product&#038;p=25457"},"modified":"2025-10-01T20:16:16","modified_gmt":"2025-10-01T17:16:16","slug":"baignade-dauphins-hurghada","status":"publish","type":"product","link":"https:\/\/landioustravel.com\/fr\/shop\/baignade-dauphins-hurghada\/","title":{"rendered":"Baignade avec les dauphins \u00e0 Hurghada"},"content":{"rendered":"<p>Une excursion de divertissement pr\u00e9f\u00e9r\u00e9e pour nager avec les sympathiques dauphins \u00e0 <a href=\"https:\/\/landioustravel.com\/fr\/ville-hurghada\/\">Hurghada<\/a>, en \u00c9gypte! Nous recommandons le voyage car il permet aux touristes de passer un bon moment \u00e0 nager avec les dauphins. Cette exp\u00e9rience de nage avec les dauphins est un excellent moyen de rencontrer de pr\u00e8s ces belles et adorables cr\u00e9atures. Vous pouvez toucher, embrasser, \u00e9treindre, nager, chanter et jouer avec les dauphins. Quelle exp\u00e9rience fabuleuse de pouvoir faire ces joyeuses activit\u00e9s! C&#8217;est une fa\u00e7on de partager avec la famille de joyeux souvenirs en interaction avec ces mammif\u00e8res marins intelligents. Bien s\u00fbr, vous pouvez accompagner toute la famille pour faire cette activit\u00e9 et r\u00e9aliser les r\u00eaves. C&#8217;est vraiment l&#8217;un des meilleurs voyages de divertissement que vous puissiez faire \u00e0 Hurghada!<\/p>\n<h2>Principaux points du programme de voyage pour nager avec les dauphins<\/h2>\n<ul>\n<li>Nager avec les dauphins dans la piscine<\/li>\n<li>Briefing photos et DVD<\/li>\n<\/ul>\n<h3>Programme de baignade avec les dauphins \u00e0 Hurghada<\/h3>\n<ul>\n<li>Un repr\u00e9sentant de Landious Travel vient vous chercher \u00e0 votre h\u00f4tel \u00e0 Hurghada vers 9h00<\/li>\n<li>Apr\u00e8s avoir r\u00e9cup\u00e9r\u00e9 tous les arrivants, le bus se rend au delphinarium situ\u00e9 \u00e0 Hurghada. Le trajet jusqu&#8217;au delphinarium prend environ 30 minutes<\/li>\n<li>Dans le delphinarium, vous aurez la possibilit\u00e9 de changer de v\u00eatements et de mettre le maillot de bain et les gilets de sauvetage, si besoin<\/li>\n<li>L&#8217;un des plus fascinants sera lorsque vous interagirez avec l&#8217;une des esp\u00e8ces les plus amicales et intelligentes au monde, les dauphins! Le prochain arr\u00eat principal sera la baignade avec les sympathiques dauphins. Il convient \u00e0 tous les \u00e2ges de s&#8217;amuser avec ces jolies cr\u00e9atures dans une grande piscine. Vous aurez un dauphin pour deux personnes et un entra\u00eeneur professionnel pour vous aider \u00e0 profiter de cette exp\u00e9rience passionnante. Profitez de votre exp\u00e9rience de nage avec les dauphins en touchant, caressant, \u00e9treignant et embrassant ces adorables cr\u00e9atures dans la piscine. N&#8217;oubliez pas de sourire pour la cam\u00e9ra! Ch\u00e9rissez ces souvenirs inoubliables avec des photos num\u00e9riques de votre exp\u00e9rience de nage avec les dauphins<\/li>\n<li>Une fois que vous avez termin\u00e9 votre interaction, un briefing photo et DVD commence. \u00c0 la fin de la baignade avec les dauphins, votre entra\u00eeneur vous proposera de prendre quelques photos pour m\u00e9moriser ces beaux moments. Par la suite, ces photos vous seront offertes moyennant des frais suppl\u00e9mentaires. Le prix de celui-ci varie en fonction de sa taille. Ce sera quelque chose de facultatif de l&#8217;avoir. Le briefing DVD durera 30 minutes<\/li>\n<li>Apr\u00e8s un si beau voyage avec les dauphins, votre bus repart pour vos h\u00f4tels. Encore une fois, nous vous accompagnons jusqu&#8217;\u00e0 vos h\u00f4tels<\/li>\n<li>Ce \u00abvoyage de natation avec les dauphins \u00e0 Hurghada\u00bb se termine vers 16h30<\/li>\n<\/ul>\n<h4>Ce qui est inclus dans le prix du voyage<\/h4>\n<ul>\n<li>Formateur professionnel<\/li>\n<li>Gilet de sauvetage<\/li>\n<li>Transfert au delphinarium et retour \u00e0 l&#8217;h\u00f4tel<\/li>\n<\/ul>\n<h5>Ce qui n&#8217;est pas inclus dans le prix de la visite<\/h5>\n<ul>\n<li>DVD vid\u00e9o<\/li>\n<li>Aussi, CD photo<\/li>\n<\/ul>\n<h6>Quoi emporter avec vous pour le voyage<\/h6>\n<ul>\n<li>Serviette<\/li>\n<li>Aussi, cr\u00e8me solaire<\/li>\n<li>L&#8217;argent suppl\u00e9mentaire<\/li>\n<\/ul>\n<h6>Organisation de jours d&#8217;excursion<\/h6>\n<ul>\n<li>Tous les jours de 9h00 \u00e0 midi<\/li>\n<\/ul>\n","protected":false},"excerpt":{"rendered":"<p>D\u00e9couvrez la joie de nager avec les dauphins de pr\u00e8s \u00e0 Hurghada avec notre incroyable voyage. Nos entra\u00eeneurs experts superviseront votre nage de 5 minutes, vous donnant la chance de jouer, de toucher et m\u00eame de recevoir un baiser d&#8217;un dauphin. Vous aurez l&#8217;occasion d&#8217;interagir avec ces adorables cr\u00e9atures dans un environnement convivial et s\u00e9curitaire.<\/p>\n<p>Cette aventure convient aux personnes de tous \u00e2ges, y compris les enfants et les non-nageurs. Vous serez inform\u00e9 avant l&#8217;exp\u00e9rience et guid\u00e9 tout au long de la session, vous assurant de passer un moment inoubliable avec nos sympathiques dauphins.<\/p>\n<p>Capturez les souvenirs avec des photographies professionnelles, disponibles \u00e0 l&#8217;achat apr\u00e8s le voyage. Moyennant des frais suppl\u00e9mentaires, vous pouvez prolonger votre baignade de 5 \u00e0 10 minutes ou recevoir un DVD de l&#8217;exp\u00e9rience.<\/p>\n<p>Notre voyage comprend la prise en charge et le retour \u00e0 votre h\u00f4tel d&#8217;Hurghada, ainsi que tous les transferts avec un v\u00e9hicule climatis\u00e9 et les frais d&#8217;entr\u00e9e. Ne manquez pas cette chance unique de nager avec les dauphins et de cr\u00e9er des souvenirs inoubliables.<\/p>\n","protected":false},"featured_media":25791,"comment_status":"open","ping_status":"closed","template":"","meta":{"_coblocks_attr":"","_coblocks_dimensions":"","_coblocks_responsive_height":"","_coblocks_accordion_ie_support":"","_uag_custom_page_level_css":"","jetpack_post_was_ever_published":false,"jetpack_publicize_message":"","jetpack_publicize_feature_enabled":true,"jetpack_social_post_already_shared":true,"jetpack_social_options":{"image_generator_settings":{"template":"highway","default_image_id":0,"font":"","enabled":false},"version":2},"_wpas_customize_per_network":false},"product_brand":[],"product_cat":[1557,1561],"product_tag":[2221,1578,2142,1580],"class_list":{"0":"post-25457","1":"product","2":"type-product","3":"status-publish","4":"has-post-thumbnail","6":"product_cat-excursions-a-hurghada","7":"product_cat-excursions-divertissement-hurghada","8":"product_tag-delphinarium","9":"product_tag-excursion-fr","10":"product_tag-excursions-depuis-hurghada","11":"product_tag-hurghada-fr","12":"pa_age-adulte","13":"pa_age-enfant","15":"first","16":"instock","17":"sale","18":"taxable","19":"shipping-taxable","20":"purchasable","21":"product-type-variable"},"yoast_head":"<!-- This site is optimized with the Yoast SEO Premium plugin v26.9 (Yoast SEO v27.3) - https:\/\/yoast.com\/product\/yoast-seo-premium-wordpress\/ -->\n<title>Baignade avec les dauphins \u00e0 Hurghada<\/title>\n<meta name=\"description\" content=\"Baignade avec les dauphins \u00e0 Hurghada vous pouvez nager de tr\u00e8s pr\u00e8s avec les dauphins dans une piscine. Le voyage donne l&#039;occasion de toucher, d&#039;embrasser\" \/>\n<meta name=\"robots\" content=\"index, follow, max-snippet:-1, max-image-preview:large, max-video-preview:-1\" \/>\n<link rel=\"canonical\" href=\"https:\/\/landioustravel.com\/fr\/shop\/baignade-dauphins-hurghada\/\" \/>\n<meta property=\"og:locale\" content=\"fr_FR\" \/>\n<meta property=\"og:type\" content=\"article\" \/>\n<meta property=\"og:title\" content=\"Baignade avec les dauphins \u00e0 Hurghada\" \/>\n<meta property=\"og:description\" content=\"Landious Travel\" \/>\n<meta property=\"og:url\" content=\"https:\/\/landioustravel.com\/fr\/shop\/baignade-dauphins-hurghada\/\" \/>\n<meta property=\"og:site_name\" content=\"Landious Travel\" \/>\n<meta property=\"article:publisher\" content=\"https:\/\/web.facebook.com\/landiousEgypt\" \/>\n<meta property=\"article:modified_time\" content=\"2025-10-01T17:16:16+00:00\" \/>\n<meta property=\"og:image\" content=\"https:\/\/landioustravel.com\/wp-content\/uploads\/2020\/11\/swimming_with_the_dolphins_hurghada-e1617556125615.jpg\" \/>\n\t<meta property=\"og:image:width\" content=\"1200\" \/>\n\t<meta property=\"og:image:height\" content=\"675\" \/>\n\t<meta property=\"og:image:type\" content=\"image\/jpeg\" \/>\n<meta name=\"twitter:card\" content=\"summary_large_image\" \/>\n<meta name=\"twitter:site\" content=\"@LandiousTours\" \/>\n<meta name=\"twitter:label1\" content=\"Dur\u00e9e de lecture estim\u00e9e\" \/>\n\t<meta name=\"twitter:data1\" content=\"3 minutes\" \/>\n<script type=\"application\/ld+json\" class=\"yoast-schema-graph\">{\"@context\":\"https:\\\/\\\/schema.org\",\"@graph\":[{\"@type\":\"WebPage\",\"@id\":\"https:\\\/\\\/landioustravel.com\\\/fr\\\/shop\\\/baignade-dauphins-hurghada\\\/\",\"url\":\"https:\\\/\\\/landioustravel.com\\\/fr\\\/shop\\\/baignade-dauphins-hurghada\\\/\",\"name\":\"Baignade avec les dauphins \u00e0 Hurghada\",\"isPartOf\":{\"@id\":\"https:\\\/\\\/landioustravel.com\\\/fr\\\/#website\"},\"primaryImageOfPage\":{\"@id\":\"https:\\\/\\\/landioustravel.com\\\/fr\\\/shop\\\/baignade-dauphins-hurghada\\\/#primaryimage\"},\"image\":{\"@id\":\"https:\\\/\\\/landioustravel.com\\\/fr\\\/shop\\\/baignade-dauphins-hurghada\\\/#primaryimage\"},\"thumbnailUrl\":\"https:\\\/\\\/i0.wp.com\\\/landioustravel.com\\\/wp-content\\\/uploads\\\/2020\\\/11\\\/swimming_with_the_dolphins_hurghada-e1617556125615.jpg?fit=1200%2C675&ssl=1\",\"datePublished\":\"2020-10-25T21:51:53+00:00\",\"dateModified\":\"2025-10-01T17:16:16+00:00\",\"description\":\"Baignade avec les dauphins \u00e0 Hurghada vous pouvez nager de tr\u00e8s pr\u00e8s avec les dauphins dans une piscine. Le voyage donne l'occasion de toucher, d'embrasser\",\"breadcrumb\":{\"@id\":\"https:\\\/\\\/landioustravel.com\\\/fr\\\/shop\\\/baignade-dauphins-hurghada\\\/#breadcrumb\"},\"inLanguage\":\"fr-FR\",\"potentialAction\":[{\"@type\":\"ReadAction\",\"target\":[\"https:\\\/\\\/landioustravel.com\\\/fr\\\/shop\\\/baignade-dauphins-hurghada\\\/\"]}]},{\"@type\":\"ImageObject\",\"inLanguage\":\"fr-FR\",\"@id\":\"https:\\\/\\\/landioustravel.com\\\/fr\\\/shop\\\/baignade-dauphins-hurghada\\\/#primaryimage\",\"url\":\"https:\\\/\\\/i0.wp.com\\\/landioustravel.com\\\/wp-content\\\/uploads\\\/2020\\\/11\\\/swimming_with_the_dolphins_hurghada-e1617556125615.jpg?fit=1200%2C675&ssl=1\",\"contentUrl\":\"https:\\\/\\\/i0.wp.com\\\/landioustravel.com\\\/wp-content\\\/uploads\\\/2020\\\/11\\\/swimming_with_the_dolphins_hurghada-e1617556125615.jpg?fit=1200%2C675&ssl=1\",\"width\":1200,\"height\":675,\"caption\":\"Schwimmen mit Delfinen Reise Hurghada\"},{\"@type\":\"BreadcrumbList\",\"@id\":\"https:\\\/\\\/landioustravel.com\\\/fr\\\/shop\\\/baignade-dauphins-hurghada\\\/#breadcrumb\",\"itemListElement\":[{\"@type\":\"ListItem\",\"position\":1,\"name\":\"Home\",\"item\":\"https:\\\/\\\/landioustravel.com\\\/fr\\\/\"},{\"@type\":\"ListItem\",\"position\":2,\"name\":\"Prestations &amp; Visites\",\"item\":\"https:\\\/\\\/landioustravel.com\\\/fr\\\/\"},{\"@type\":\"ListItem\",\"position\":3,\"name\":\"Baignade avec les dauphins \u00e0 Hurghada\"}]},{\"@type\":\"WebSite\",\"@id\":\"https:\\\/\\\/landioustravel.com\\\/fr\\\/#website\",\"url\":\"https:\\\/\\\/landioustravel.com\\\/fr\\\/\",\"name\":\"Landious Travel\",\"description\":\"Excursions, trips and cruises in Egypt\",\"publisher\":{\"@id\":\"https:\\\/\\\/landioustravel.com\\\/fr\\\/#organization\"},\"potentialAction\":[{\"@type\":\"SearchAction\",\"target\":{\"@type\":\"EntryPoint\",\"urlTemplate\":\"https:\\\/\\\/landioustravel.com\\\/fr\\\/?s={search_term_string}\"},\"query-input\":{\"@type\":\"PropertyValueSpecification\",\"valueRequired\":true,\"valueName\":\"search_term_string\"}}],\"inLanguage\":\"fr-FR\"},{\"@type\":[\"Organization\",\"Place\"],\"@id\":\"https:\\\/\\\/landioustravel.com\\\/fr\\\/#organization\",\"name\":\"Landious Travel\",\"alternateName\":\"Landious Travel\",\"url\":\"https:\\\/\\\/landioustravel.com\\\/fr\\\/\",\"logo\":{\"@id\":\"https:\\\/\\\/landioustravel.com\\\/fr\\\/shop\\\/baignade-dauphins-hurghada\\\/#local-main-organization-logo\"},\"image\":{\"@id\":\"https:\\\/\\\/landioustravel.com\\\/fr\\\/shop\\\/baignade-dauphins-hurghada\\\/#local-main-organization-logo\"},\"sameAs\":[\"https:\\\/\\\/web.facebook.com\\\/landiousEgypt\",\"https:\\\/\\\/x.com\\\/LandiousTours\",\"https:\\\/\\\/mastodon.social\\\/@landious\"],\"legalName\":\"Landious Travel\",\"telephone\":[],\"openingHoursSpecification\":[{\"@type\":\"OpeningHoursSpecification\",\"dayOfWeek\":[\"Monday\",\"Tuesday\",\"Wednesday\",\"Thursday\",\"Friday\",\"Saturday\",\"Sunday\"],\"opens\":\"09:00\",\"closes\":\"17:00\"}]},{\"@type\":\"ImageObject\",\"inLanguage\":\"fr-FR\",\"@id\":\"https:\\\/\\\/landioustravel.com\\\/fr\\\/shop\\\/baignade-dauphins-hurghada\\\/#local-main-organization-logo\",\"url\":\"https:\\\/\\\/i0.wp.com\\\/landioustravel.com\\\/wp-content\\\/uploads\\\/2021\\\/06\\\/Landious-T.png?fit=500%2C500&ssl=1\",\"contentUrl\":\"https:\\\/\\\/i0.wp.com\\\/landioustravel.com\\\/wp-content\\\/uploads\\\/2021\\\/06\\\/Landious-T.png?fit=500%2C500&ssl=1\",\"width\":500,\"height\":500,\"caption\":\"Landious Travel\"}]}<\/script>\n<!-- \/ Yoast SEO Premium plugin. -->","yoast_head_json":{"title":"Baignade avec les dauphins \u00e0 Hurghada","description":"Baignade avec les dauphins \u00e0 Hurghada vous pouvez nager de tr\u00e8s pr\u00e8s avec les dauphins dans une piscine. Le voyage donne l'occasion de toucher, d'embrasser","robots":{"index":"index","follow":"follow","max-snippet":"max-snippet:-1","max-image-preview":"max-image-preview:large","max-video-preview":"max-video-preview:-1"},"canonical":"https:\/\/landioustravel.com\/fr\/shop\/baignade-dauphins-hurghada\/","og_locale":"fr_FR","og_type":"article","og_title":"Baignade avec les dauphins \u00e0 Hurghada","og_description":"Landious Travel","og_url":"https:\/\/landioustravel.com\/fr\/shop\/baignade-dauphins-hurghada\/","og_site_name":"Landious Travel","article_publisher":"https:\/\/web.facebook.com\/landiousEgypt","article_modified_time":"2025-10-01T17:16:16+00:00","og_image":[{"width":1200,"height":675,"url":"https:\/\/landioustravel.com\/wp-content\/uploads\/2020\/11\/swimming_with_the_dolphins_hurghada-e1617556125615.jpg","type":"image\/jpeg"}],"twitter_card":"summary_large_image","twitter_site":"@LandiousTours","twitter_misc":{"Dur\u00e9e de lecture estim\u00e9e":"3 minutes"},"schema":{"@context":"https:\/\/schema.org","@graph":[{"@type":"WebPage","@id":"https:\/\/landioustravel.com\/fr\/shop\/baignade-dauphins-hurghada\/","url":"https:\/\/landioustravel.com\/fr\/shop\/baignade-dauphins-hurghada\/","name":"Baignade avec les dauphins \u00e0 Hurghada","isPartOf":{"@id":"https:\/\/landioustravel.com\/fr\/#website"},"primaryImageOfPage":{"@id":"https:\/\/landioustravel.com\/fr\/shop\/baignade-dauphins-hurghada\/#primaryimage"},"image":{"@id":"https:\/\/landioustravel.com\/fr\/shop\/baignade-dauphins-hurghada\/#primaryimage"},"thumbnailUrl":"https:\/\/i0.wp.com\/landioustravel.com\/wp-content\/uploads\/2020\/11\/swimming_with_the_dolphins_hurghada-e1617556125615.jpg?fit=1200%2C675&ssl=1","datePublished":"2020-10-25T21:51:53+00:00","dateModified":"2025-10-01T17:16:16+00:00","description":"Baignade avec les dauphins \u00e0 Hurghada vous pouvez nager de tr\u00e8s pr\u00e8s avec les dauphins dans une piscine. Le voyage donne l'occasion de toucher, d'embrasser","breadcrumb":{"@id":"https:\/\/landioustravel.com\/fr\/shop\/baignade-dauphins-hurghada\/#breadcrumb"},"inLanguage":"fr-FR","potentialAction":[{"@type":"ReadAction","target":["https:\/\/landioustravel.com\/fr\/shop\/baignade-dauphins-hurghada\/"]}]},{"@type":"ImageObject","inLanguage":"fr-FR","@id":"https:\/\/landioustravel.com\/fr\/shop\/baignade-dauphins-hurghada\/#primaryimage","url":"https:\/\/i0.wp.com\/landioustravel.com\/wp-content\/uploads\/2020\/11\/swimming_with_the_dolphins_hurghada-e1617556125615.jpg?fit=1200%2C675&ssl=1","contentUrl":"https:\/\/i0.wp.com\/landioustravel.com\/wp-content\/uploads\/2020\/11\/swimming_with_the_dolphins_hurghada-e1617556125615.jpg?fit=1200%2C675&ssl=1","width":1200,"height":675,"caption":"Schwimmen mit Delfinen Reise Hurghada"},{"@type":"BreadcrumbList","@id":"https:\/\/landioustravel.com\/fr\/shop\/baignade-dauphins-hurghada\/#breadcrumb","itemListElement":[{"@type":"ListItem","position":1,"name":"Home","item":"https:\/\/landioustravel.com\/fr\/"},{"@type":"ListItem","position":2,"name":"Prestations &amp; Visites","item":"https:\/\/landioustravel.com\/fr\/"},{"@type":"ListItem","position":3,"name":"Baignade avec les dauphins \u00e0 Hurghada"}]},{"@type":"WebSite","@id":"https:\/\/landioustravel.com\/fr\/#website","url":"https:\/\/landioustravel.com\/fr\/","name":"Landious Travel","description":"Excursions, trips and cruises in Egypt","publisher":{"@id":"https:\/\/landioustravel.com\/fr\/#organization"},"potentialAction":[{"@type":"SearchAction","target":{"@type":"EntryPoint","urlTemplate":"https:\/\/landioustravel.com\/fr\/?s={search_term_string}"},"query-input":{"@type":"PropertyValueSpecification","valueRequired":true,"valueName":"search_term_string"}}],"inLanguage":"fr-FR"},{"@type":["Organization","Place"],"@id":"https:\/\/landioustravel.com\/fr\/#organization","name":"Landious Travel","alternateName":"Landious Travel","url":"https:\/\/landioustravel.com\/fr\/","logo":{"@id":"https:\/\/landioustravel.com\/fr\/shop\/baignade-dauphins-hurghada\/#local-main-organization-logo"},"image":{"@id":"https:\/\/landioustravel.com\/fr\/shop\/baignade-dauphins-hurghada\/#local-main-organization-logo"},"sameAs":["https:\/\/web.facebook.com\/landiousEgypt","https:\/\/x.com\/LandiousTours","https:\/\/mastodon.social\/@landious"],"legalName":"Landious Travel","telephone":[],"openingHoursSpecification":[{"@type":"OpeningHoursSpecification","dayOfWeek":["Monday","Tuesday","Wednesday","Thursday","Friday","Saturday","Sunday"],"opens":"09:00","closes":"17:00"}]},{"@type":"ImageObject","inLanguage":"fr-FR","@id":"https:\/\/landioustravel.com\/fr\/shop\/baignade-dauphins-hurghada\/#local-main-organization-logo","url":"https:\/\/i0.wp.com\/landioustravel.com\/wp-content\/uploads\/2021\/06\/Landious-T.png?fit=500%2C500&ssl=1","contentUrl":"https:\/\/i0.wp.com\/landioustravel.com\/wp-content\/uploads\/2021\/06\/Landious-T.png?fit=500%2C500&ssl=1","width":500,"height":500,"caption":"Landious Travel"}]}},"jetpack_publicize_connections":[],"uagb_featured_image_src":{"full":["https:\/\/i0.wp.com\/landioustravel.com\/wp-content\/uploads\/2020\/11\/swimming_with_the_dolphins_hurghada-e1617556125615.jpg?fit=1200%2C675&ssl=1",1200,675,false],"thumbnail":["https:\/\/i0.wp.com\/landioustravel.com\/wp-content\/uploads\/2020\/11\/swimming_with_the_dolphins_hurghada-e1617556125615.jpg?resize=150%2C150&ssl=1",150,150,true],"medium":["https:\/\/i0.wp.com\/landioustravel.com\/wp-content\/uploads\/2020\/11\/swimming_with_the_dolphins_hurghada-e1617556125615.jpg?fit=300%2C199&ssl=1",300,199,true],"medium_large":["https:\/\/i0.wp.com\/landioustravel.com\/wp-content\/uploads\/2020\/11\/swimming_with_the_dolphins_hurghada-e1617556125615.jpg?fit=768%2C510&ssl=1",768,510,true],"large":["https:\/\/i0.wp.com\/landioustravel.com\/wp-content\/uploads\/2020\/11\/swimming_with_the_dolphins_hurghada-e1617556125615.jpg?fit=980%2C651&ssl=1",980,651,true],"1536x1536":["https:\/\/i0.wp.com\/landioustravel.com\/wp-content\/uploads\/2020\/11\/swimming_with_the_dolphins_hurghada-e1617556125615.jpg?fit=1536%2C1020&ssl=1",1536,1020,true],"2048x2048":["https:\/\/i0.wp.com\/landioustravel.com\/wp-content\/uploads\/2020\/11\/swimming_with_the_dolphins_hurghada-e1617556125615.jpg?fit=2048%2C1360&ssl=1",2048,1360,true],"newspack-article-block-landscape-large":["https:\/\/i0.wp.com\/landioustravel.com\/wp-content\/uploads\/2020\/11\/swimming_with_the_dolphins_hurghada-e1617556125615.jpg?resize=1200%2C675&ssl=1",1200,900,true],"newspack-article-block-portrait-large":["https:\/\/i0.wp.com\/landioustravel.com\/wp-content\/uploads\/2020\/11\/swimming_with_the_dolphins_hurghada-e1617556125615.jpg?resize=900%2C675&ssl=1",900,797,true],"newspack-article-block-square-large":["https:\/\/i0.wp.com\/landioustravel.com\/wp-content\/uploads\/2020\/11\/swimming_with_the_dolphins_hurghada-e1617556125615.jpg?resize=1200%2C675&ssl=1",1200,1200,true],"newspack-article-block-landscape-medium":["https:\/\/i0.wp.com\/landioustravel.com\/wp-content\/uploads\/2020\/11\/swimming_with_the_dolphins_hurghada-e1617556125615.jpg?resize=800%2C600&ssl=1",800,600,true],"newspack-article-block-portrait-medium":["https:\/\/i0.wp.com\/landioustravel.com\/wp-content\/uploads\/2020\/11\/swimming_with_the_dolphins_hurghada-e1617556125615.jpg?resize=600%2C675&ssl=1",600,797,true],"newspack-article-block-square-medium":["https:\/\/i0.wp.com\/landioustravel.com\/wp-content\/uploads\/2020\/11\/swimming_with_the_dolphins_hurghada-e1617556125615.jpg?resize=800%2C675&ssl=1",800,797,true],"newspack-article-block-landscape-intermediate":["https:\/\/i0.wp.com\/landioustravel.com\/wp-content\/uploads\/2020\/11\/swimming_with_the_dolphins_hurghada-e1617556125615.jpg?resize=600%2C450&ssl=1",600,450,true],"newspack-article-block-portrait-intermediate":["https:\/\/i0.wp.com\/landioustravel.com\/wp-content\/uploads\/2020\/11\/swimming_with_the_dolphins_hurghada-e1617556125615.jpg?resize=450%2C600&ssl=1",450,600,true],"newspack-article-block-square-intermediate":["https:\/\/i0.wp.com\/landioustravel.com\/wp-content\/uploads\/2020\/11\/swimming_with_the_dolphins_hurghada-e1617556125615.jpg?resize=600%2C600&ssl=1",600,600,true],"newspack-article-block-landscape-small":["https:\/\/i0.wp.com\/landioustravel.com\/wp-content\/uploads\/2020\/11\/swimming_with_the_dolphins_hurghada-e1617556125615.jpg?resize=400%2C300&ssl=1",400,300,true],"newspack-article-block-portrait-small":["https:\/\/i0.wp.com\/landioustravel.com\/wp-content\/uploads\/2020\/11\/swimming_with_the_dolphins_hurghada-e1617556125615.jpg?resize=300%2C400&ssl=1",300,400,true],"newspack-article-block-square-small":["https:\/\/i0.wp.com\/landioustravel.com\/wp-content\/uploads\/2020\/11\/swimming_with_the_dolphins_hurghada-e1617556125615.jpg?resize=400%2C400&ssl=1",400,400,true],"newspack-article-block-landscape-tiny":["https:\/\/i0.wp.com\/landioustravel.com\/wp-content\/uploads\/2020\/11\/swimming_with_the_dolphins_hurghada-e1617556125615.jpg?resize=200%2C150&ssl=1",200,150,true],"newspack-article-block-portrait-tiny":["https:\/\/i0.wp.com\/landioustravel.com\/wp-content\/uploads\/2020\/11\/swimming_with_the_dolphins_hurghada-e1617556125615.jpg?resize=150%2C200&ssl=1",150,200,true],"newspack-article-block-square-tiny":["https:\/\/i0.wp.com\/landioustravel.com\/wp-content\/uploads\/2020\/11\/swimming_with_the_dolphins_hurghada-e1617556125615.jpg?resize=200%2C200&ssl=1",200,200,true],"newspack-article-block-uncropped":["https:\/\/i0.wp.com\/landioustravel.com\/wp-content\/uploads\/2020\/11\/swimming_with_the_dolphins_hurghada-e1617556125615.jpg?fit=1200%2C797&ssl=1",1200,797,true],"woocommerce_thumbnail":["https:\/\/i0.wp.com\/landioustravel.com\/wp-content\/uploads\/2020\/11\/swimming_with_the_dolphins_hurghada-e1617556125615.jpg?resize=324%2C324&ssl=1",324,324,true],"woocommerce_single":["https:\/\/i0.wp.com\/landioustravel.com\/wp-content\/uploads\/2020\/11\/swimming_with_the_dolphins_hurghada-e1617556125615.jpg?fit=416%2C234&ssl=1",416,234,true],"woocommerce_gallery_thumbnail":["https:\/\/i0.wp.com\/landioustravel.com\/wp-content\/uploads\/2020\/11\/swimming_with_the_dolphins_hurghada-e1617556125615.jpg?resize=100%2C100&ssl=1",100,100,true]},"uagb_author_info":{"display_name":"Mofreh Landious","author_link":"https:\/\/landioustravel.com\/fr\/author\/"},"uagb_comment_info":3,"uagb_excerpt":"D\u00e9couvrez la joie de nager avec les dauphins de pr\u00e8s \u00e0 Hurghada avec notre incroyable voyage. Nos entra\u00eeneurs experts superviseront votre nage de 5 minutes, vous donnant la chance de jouer, de toucher et m\u00eame de recevoir un baiser d'un dauphin. Vous aurez l'occasion d'interagir avec ces adorables cr\u00e9atures dans un environnement convivial et s\u00e9curitaire.&hellip;","jetpack_sharing_enabled":true,"jetpack_likes_enabled":true,"amp_enabled":true,"_links":{"self":[{"href":"https:\/\/landioustravel.com\/fr\/wp-json\/wp\/v2\/product\/25457","targetHints":{"allow":["GET"]}}],"collection":[{"href":"https:\/\/landioustravel.com\/fr\/wp-json\/wp\/v2\/product"}],"about":[{"href":"https:\/\/landioustravel.com\/fr\/wp-json\/wp\/v2\/types\/product"}],"replies":[{"embeddable":true,"href":"https:\/\/landioustravel.com\/fr\/wp-json\/wp\/v2\/comments?post=25457"}],"wp:featuredmedia":[{"embeddable":true,"href":"https:\/\/landioustravel.com\/fr\/wp-json\/wp\/v2\/media\/25791"}],"wp:attachment":[{"href":"https:\/\/landioustravel.com\/fr\/wp-json\/wp\/v2\/media?parent=25457"}],"wp:term":[{"taxonomy":"product_brand","embeddable":true,"href":"https:\/\/landioustravel.com\/fr\/wp-json\/wp\/v2\/product_brand?post=25457"},{"taxonomy":"product_cat","embeddable":true,"href":"https:\/\/landioustravel.com\/fr\/wp-json\/wp\/v2\/product_cat?post=25457"},{"taxonomy":"product_tag","embeddable":true,"href":"https:\/\/landioustravel.com\/fr\/wp-json\/wp\/v2\/product_tag?post=25457"}],"curies":[{"name":"wp","href":"https:\/\/api.w.org\/{rel}","templated":true}]}}